{"id":14394,"date":"2019-12-07T16:39:18","date_gmt":"2019-12-07T15:46:45","guid":{"rendered":"https:\/\/sysmatec.ch\/?post_type=product&#038;p=14394"},"modified":"2021-12-07T17:18:22","modified_gmt":"2021-12-07T16:18:22","slug":"peroxidwert-in-fetten-und-oelen","status":"publish","type":"product","link":"https:\/\/sysmatec.ch\/de\/Produkt\/peroxidwert-in-fetten-und-oelen\/","title":{"rendered":"Peroxidwert in Fetten und \u00d6len"},"content":{"rendered":"<h2>Peroxid Test Beschreibung<\/h2>\n<p>Unsere Kit-Methode erfasst die Bestimmung von Peroxidwerten f\u00fcr tierische \u00d6le und Fette, pflanzliche \u00d6le und Fette sowie f\u00fcr Aroma- und Duftstoffe. Der Peroxidwert ist ein Parameter, der den Gehalt an Sauerstoff als Peroxid, insbesondere an Hydroperoxiden, in einem Stoff angibt. Der Peroxidwert ist ein Ma\u00df f\u00fcr die vorhandene Oxidation.<\/p>\n<p>Die MenidiMedica-Methode zeigt eine sehr gute \u00dcbereinstimmung mit der offiziellen AOCS-Methode Cd 8-53. Dar\u00fcber hinaus wurde der Peroxidwert unter Verwendung des Electra m2 Unified Analyzers und der von Campden BRI (Campden BRI) verwendeten, nach UKAS akkreditierten Titrationsmethode bestimmtMethode TES-AC-360). Es wurde festgestellt, dass die Daten f\u00fcr PV mit Electra m2 Unified Analyzer sehr gut reproduzierbar sind und die Korrelation zwischen den beiden Methoden gut ist.<\/p>\n<h2>Peroxid Test Pr\u00e4sentation<\/h2>\n<p>Ref. Nr .: 89010 &#8211; 50 Tests<\/p>\n<p>R1 &#8211; 2.5 ml.<\/p>\n<p>R2a &#8211; 1.25 ml.<\/p>\n<p>R2b &#8211; 1.25 ml.<\/p>\n<p>R3 &#8211; 0.05 ml.R4 &#8211; 490 ml.<\/p>\n<p>Vorbereitung der Reagenzien<\/p>\n<p>R1 &#8211; gebrauchsfertig<\/p>\n<p>WR2 &#8211; Mische gleiche Mengen von R2a und R2b und f\u00fcge 50: 1 R3 hinzu und mische vorsichtig. Die L\u00f6sung 3 Minuten bei 3000 U \/ min zentrifugieren und den \u00dcberstand sammeln. Beschriften als WR2 und es ist 10 Tage bei RT stabil.<\/p>\n<p>R3 &#8211; gebrauchsfertig<\/p>\n<p>R4 &#8211; gebrauchsfertig<\/p>\n<h2>Peroxid Test TProzedur<\/h2>\n<p>9.8 ml mischen. von Reagenz R4 mit 0,1 ml. Probe 3 Sekunden lang vorsichtig mischen. 50 ul zugeben. von R1 und vorsichtig f\u00fcr 3 Sekunden mischen. Dann f\u00fcgen Sie 50 ul hinzu. von WR2 und vorsichtig f\u00fcr 3 Sekunden mischen. Inkubieren Sie 5 Minuten bei Raumtemperatur (15 \u00b0 C bis 25 \u00b0 C) und lesen Sie die Ergebnisse im Electra m2 Unified Analyzer ab. W\u00e4hlen Sie den Parameter P.V. in Lebensmitteln.<\/p>\n<p>Der Kit ist ab Herstellungsdatum 2 Jahre haltbar. Behalten Sie es bei RT.<\/p>\n","protected":false},"excerpt":{"rendered":"<p>Peroxidwert in Fetten und \u00d6len<\/p>\n","protected":false},"featured_media":4860,"template":"","meta":{"_crdt_document":""},"product_brand":[],"product_cat":[188,368,197,375],"product_tag":[],"class_list":{"0":"post-14394","1":"product","2":"type-product","3":"status-publish","4":"has-post-thumbnail","6":"product_cat-analyse-de","7":"product_cat-chemische-verbindung","8":"product_cat-diagnose","9":"product_cat-toxin-de","11":"first","12":"instock","13":"taxable","14":"shipping-taxable","15":"product-type-simple"},"yoast_head":"<!-- This site is optimized with the Yoast SEO plugin v27.3 - https:\/\/yoast.com\/product\/yoast-seo-wordpress\/ -->\n<title>Peroxidwert in Fetten und \u00d6len - Sysmatec<\/title>\n<meta name=\"description\" content=\"Kit zur Bestimmung von Peroxiden in Fetten und \u00d6len mit gebrauchsfertigen Reagenzien ist ein Spektrophotometer.\" \/>\n<meta name=\"robots\" content=\"index, follow, max-snippet:-1, max-image-preview:large, max-video-preview:-1\" \/>\n<link rel=\"canonical\" href=\"https:\/\/sysmatec.ch\/de\/produit\/peroxidwert-in-fetten-und-oelen\/\" \/>\n<meta property=\"og:locale\" content=\"de_DE\" \/>\n<meta property=\"og:type\" content=\"article\" \/>\n<meta property=\"og:title\" content=\"Peroxidwert in Fetten und \u00d6len - Sysmatec\" \/>\n<meta property=\"og:description\" content=\"Kit zur Bestimmung von Peroxiden in Fetten und \u00d6len mit gebrauchsfertigen Reagenzien ist ein Spektrophotometer.\" \/>\n<meta property=\"og:url\" content=\"https:\/\/sysmatec.ch\/de\/produit\/peroxidwert-in-fetten-und-oelen\/\" \/>\n<meta property=\"og:site_name\" content=\"Sysmatec\" \/>\n<meta property=\"article:modified_time\" content=\"2021-12-07T16:18:22+00:00\" \/>\n<meta property=\"og:image\" content=\"https:\/\/sysmatec.ch\/wp-content\/uploads\/2019\/04\/Analyse_ZeuProteonEgg.jpg\" \/>\n\t<meta property=\"og:image:width\" content=\"188\" \/>\n\t<meta property=\"og:image:height\" content=\"116\" \/>\n\t<meta property=\"og:image:type\" content=\"image\/jpeg\" \/>\n<meta name=\"twitter:card\" content=\"summary_large_image\" \/>\n<meta name=\"twitter:label1\" content=\"Gesch\u00e4tzte Lesezeit\" \/>\n\t<meta name=\"twitter:data1\" content=\"2\u00a0Minuten\" \/>\n<script type=\"application\/ld+json\" class=\"yoast-schema-graph\">{\"@context\":\"https:\\\/\\\/schema.org\",\"@graph\":[{\"@type\":\"WebPage\",\"@id\":\"https:\\\/\\\/sysmatec.ch\\\/de\\\/produit\\\/peroxidwert-in-fetten-und-oelen\\\/\",\"url\":\"https:\\\/\\\/sysmatec.ch\\\/de\\\/produit\\\/peroxidwert-in-fetten-und-oelen\\\/\",\"name\":\"Peroxidwert in Fetten und \u00d6len - Sysmatec\",\"isPartOf\":{\"@id\":\"https:\\\/\\\/sysmatec.ch\\\/de\\\/#website\"},\"primaryImageOfPage\":{\"@id\":\"https:\\\/\\\/sysmatec.ch\\\/de\\\/produit\\\/peroxidwert-in-fetten-und-oelen\\\/#primaryimage\"},\"image\":{\"@id\":\"https:\\\/\\\/sysmatec.ch\\\/de\\\/produit\\\/peroxidwert-in-fetten-und-oelen\\\/#primaryimage\"},\"thumbnailUrl\":\"https:\\\/\\\/sysmatec.ch\\\/wp-content\\\/uploads\\\/2019\\\/04\\\/Analyse_ZeuProteonEgg.jpg\",\"datePublished\":\"2019-12-07T15:46:45+00:00\",\"dateModified\":\"2021-12-07T16:18:22+00:00\",\"description\":\"Kit zur Bestimmung von Peroxiden in Fetten und \u00d6len mit gebrauchsfertigen Reagenzien ist ein Spektrophotometer.\",\"breadcrumb\":{\"@id\":\"https:\\\/\\\/sysmatec.ch\\\/de\\\/produit\\\/peroxidwert-in-fetten-und-oelen\\\/#breadcrumb\"},\"inLanguage\":\"de\",\"potentialAction\":[{\"@type\":\"ReadAction\",\"target\":[\"https:\\\/\\\/sysmatec.ch\\\/de\\\/produit\\\/peroxidwert-in-fetten-und-oelen\\\/\"]}]},{\"@type\":\"ImageObject\",\"inLanguage\":\"de\",\"@id\":\"https:\\\/\\\/sysmatec.ch\\\/de\\\/produit\\\/peroxidwert-in-fetten-und-oelen\\\/#primaryimage\",\"url\":\"https:\\\/\\\/sysmatec.ch\\\/wp-content\\\/uploads\\\/2019\\\/04\\\/Analyse_ZeuProteonEgg.jpg\",\"contentUrl\":\"https:\\\/\\\/sysmatec.ch\\\/wp-content\\\/uploads\\\/2019\\\/04\\\/Analyse_ZeuProteonEgg.jpg\",\"width\":188,\"height\":116},{\"@type\":\"BreadcrumbList\",\"@id\":\"https:\\\/\\\/sysmatec.ch\\\/de\\\/produit\\\/peroxidwert-in-fetten-und-oelen\\\/#breadcrumb\",\"itemListElement\":[{\"@type\":\"ListItem\",\"position\":1,\"name\":\"Accueil\",\"item\":\"https:\\\/\\\/sysmatec.ch\\\/de\\\/\"},{\"@type\":\"ListItem\",\"position\":2,\"name\":\"Die Aktivit\u00e4t von Sysmatec\",\"item\":\"https:\\\/\\\/sysmatec.ch\\\/de\\\/\"},{\"@type\":\"ListItem\",\"position\":3,\"name\":\"Peroxidwert in Fetten und \u00d6len\"}]},{\"@type\":\"WebSite\",\"@id\":\"https:\\\/\\\/sysmatec.ch\\\/de\\\/#website\",\"url\":\"https:\\\/\\\/sysmatec.ch\\\/de\\\/\",\"name\":\"Sysmatec\",\"description\":\"Equipement de laboratoire et logiciels\",\"publisher\":{\"@id\":\"https:\\\/\\\/sysmatec.ch\\\/de\\\/#organization\"},\"potentialAction\":[{\"@type\":\"SearchAction\",\"target\":{\"@type\":\"EntryPoint\",\"urlTemplate\":\"https:\\\/\\\/sysmatec.ch\\\/de\\\/?s={search_term_string}\"},\"query-input\":{\"@type\":\"PropertyValueSpecification\",\"valueRequired\":true,\"valueName\":\"search_term_string\"}}],\"inLanguage\":\"de\"},{\"@type\":\"Organization\",\"@id\":\"https:\\\/\\\/sysmatec.ch\\\/de\\\/#organization\",\"name\":\"Sysmatec\",\"url\":\"https:\\\/\\\/sysmatec.ch\\\/de\\\/\",\"logo\":{\"@type\":\"ImageObject\",\"inLanguage\":\"de\",\"@id\":\"https:\\\/\\\/sysmatec.ch\\\/de\\\/#\\\/schema\\\/logo\\\/image\\\/\",\"url\":\"https:\\\/\\\/sysmatec.ch\\\/wp-content\\\/uploads\\\/2018\\\/11\\\/LogoSysmatec.jpg\",\"contentUrl\":\"https:\\\/\\\/sysmatec.ch\\\/wp-content\\\/uploads\\\/2018\\\/11\\\/LogoSysmatec.jpg\",\"width\":301,\"height\":297,\"caption\":\"Sysmatec\"},\"image\":{\"@id\":\"https:\\\/\\\/sysmatec.ch\\\/de\\\/#\\\/schema\\\/logo\\\/image\\\/\"}}]}<\/script>\n<!-- \/ Yoast SEO plugin. -->","yoast_head_json":{"title":"Peroxidwert in Fetten und \u00d6len - Sysmatec","description":"Kit zur Bestimmung von Peroxiden in Fetten und \u00d6len mit gebrauchsfertigen Reagenzien ist ein Spektrophotometer.","robots":{"index":"index","follow":"follow","max-snippet":"max-snippet:-1","max-image-preview":"max-image-preview:large","max-video-preview":"max-video-preview:-1"},"canonical":"https:\/\/sysmatec.ch\/de\/produit\/peroxidwert-in-fetten-und-oelen\/","og_locale":"de_DE","og_type":"article","og_title":"Peroxidwert in Fetten und \u00d6len - Sysmatec","og_description":"Kit zur Bestimmung von Peroxiden in Fetten und \u00d6len mit gebrauchsfertigen Reagenzien ist ein Spektrophotometer.","og_url":"https:\/\/sysmatec.ch\/de\/produit\/peroxidwert-in-fetten-und-oelen\/","og_site_name":"Sysmatec","article_modified_time":"2021-12-07T16:18:22+00:00","og_image":[{"width":188,"height":116,"url":"https:\/\/sysmatec.ch\/wp-content\/uploads\/2019\/04\/Analyse_ZeuProteonEgg.jpg","type":"image\/jpeg"}],"twitter_card":"summary_large_image","twitter_misc":{"Gesch\u00e4tzte Lesezeit":"2\u00a0Minuten"},"schema":{"@context":"https:\/\/schema.org","@graph":[{"@type":"WebPage","@id":"https:\/\/sysmatec.ch\/de\/produit\/peroxidwert-in-fetten-und-oelen\/","url":"https:\/\/sysmatec.ch\/de\/produit\/peroxidwert-in-fetten-und-oelen\/","name":"Peroxidwert in Fetten und \u00d6len - Sysmatec","isPartOf":{"@id":"https:\/\/sysmatec.ch\/de\/#website"},"primaryImageOfPage":{"@id":"https:\/\/sysmatec.ch\/de\/produit\/peroxidwert-in-fetten-und-oelen\/#primaryimage"},"image":{"@id":"https:\/\/sysmatec.ch\/de\/produit\/peroxidwert-in-fetten-und-oelen\/#primaryimage"},"thumbnailUrl":"https:\/\/sysmatec.ch\/wp-content\/uploads\/2019\/04\/Analyse_ZeuProteonEgg.jpg","datePublished":"2019-12-07T15:46:45+00:00","dateModified":"2021-12-07T16:18:22+00:00","description":"Kit zur Bestimmung von Peroxiden in Fetten und \u00d6len mit gebrauchsfertigen Reagenzien ist ein Spektrophotometer.","breadcrumb":{"@id":"https:\/\/sysmatec.ch\/de\/produit\/peroxidwert-in-fetten-und-oelen\/#breadcrumb"},"inLanguage":"de","potentialAction":[{"@type":"ReadAction","target":["https:\/\/sysmatec.ch\/de\/produit\/peroxidwert-in-fetten-und-oelen\/"]}]},{"@type":"ImageObject","inLanguage":"de","@id":"https:\/\/sysmatec.ch\/de\/produit\/peroxidwert-in-fetten-und-oelen\/#primaryimage","url":"https:\/\/sysmatec.ch\/wp-content\/uploads\/2019\/04\/Analyse_ZeuProteonEgg.jpg","contentUrl":"https:\/\/sysmatec.ch\/wp-content\/uploads\/2019\/04\/Analyse_ZeuProteonEgg.jpg","width":188,"height":116},{"@type":"BreadcrumbList","@id":"https:\/\/sysmatec.ch\/de\/produit\/peroxidwert-in-fetten-und-oelen\/#breadcrumb","itemListElement":[{"@type":"ListItem","position":1,"name":"Accueil","item":"https:\/\/sysmatec.ch\/de\/"},{"@type":"ListItem","position":2,"name":"Die Aktivit\u00e4t von Sysmatec","item":"https:\/\/sysmatec.ch\/de\/"},{"@type":"ListItem","position":3,"name":"Peroxidwert in Fetten und \u00d6len"}]},{"@type":"WebSite","@id":"https:\/\/sysmatec.ch\/de\/#website","url":"https:\/\/sysmatec.ch\/de\/","name":"Sysmatec","description":"Equipement de laboratoire et logiciels","publisher":{"@id":"https:\/\/sysmatec.ch\/de\/#organization"},"potentialAction":[{"@type":"SearchAction","target":{"@type":"EntryPoint","urlTemplate":"https:\/\/sysmatec.ch\/de\/?s={search_term_string}"},"query-input":{"@type":"PropertyValueSpecification","valueRequired":true,"valueName":"search_term_string"}}],"inLanguage":"de"},{"@type":"Organization","@id":"https:\/\/sysmatec.ch\/de\/#organization","name":"Sysmatec","url":"https:\/\/sysmatec.ch\/de\/","logo":{"@type":"ImageObject","inLanguage":"de","@id":"https:\/\/sysmatec.ch\/de\/#\/schema\/logo\/image\/","url":"https:\/\/sysmatec.ch\/wp-content\/uploads\/2018\/11\/LogoSysmatec.jpg","contentUrl":"https:\/\/sysmatec.ch\/wp-content\/uploads\/2018\/11\/LogoSysmatec.jpg","width":301,"height":297,"caption":"Sysmatec"},"image":{"@id":"https:\/\/sysmatec.ch\/de\/#\/schema\/logo\/image\/"}}]}},"_links":{"self":[{"href":"https:\/\/sysmatec.ch\/de\/wp-json\/wp\/v2\/product\/14394","targetHints":{"allow":["GET"]}}],"collection":[{"href":"https:\/\/sysmatec.ch\/de\/wp-json\/wp\/v2\/product"}],"about":[{"href":"https:\/\/sysmatec.ch\/de\/wp-json\/wp\/v2\/types\/product"}],"wp:featuredmedia":[{"embeddable":true,"href":"https:\/\/sysmatec.ch\/de\/wp-json\/wp\/v2\/media\/4860"}],"wp:attachment":[{"href":"https:\/\/sysmatec.ch\/de\/wp-json\/wp\/v2\/media?parent=14394"}],"wp:term":[{"taxonomy":"product_brand","embeddable":true,"href":"https:\/\/sysmatec.ch\/de\/wp-json\/wp\/v2\/product_brand?post=14394"},{"taxonomy":"product_cat","embeddable":true,"href":"https:\/\/sysmatec.ch\/de\/wp-json\/wp\/v2\/product_cat?post=14394"},{"taxonomy":"product_tag","embeddable":true,"href":"https:\/\/sysmatec.ch\/de\/wp-json\/wp\/v2\/product_tag?post=14394"}],"curies":[{"name":"wp","href":"https:\/\/api.w.org\/{rel}","templated":true}]}}