{"id":14384,"date":"2019-12-07T11:18:08","date_gmt":"2019-12-07T10:24:24","guid":{"rendered":"https:\/\/sysmatec.ch\/?post_type=product&#038;p=14384"},"modified":"2024-02-29T11:53:43","modified_gmt":"2024-02-29T10:53:43","slug":"formaldehyde-detektion-mit-formaldehyde-direct","status":"publish","type":"product","link":"https:\/\/sysmatec.ch\/de\/Produkt\/formaldehyde-detektion-mit-formaldehyde-direct\/","title":{"rendered":"Formaldehyde Detektion mit Formaldehyde Direct"},"content":{"rendered":"<p>Formaldehyd ist der einfachste Aldehyd. Es wird in der Industrie (Fleisch, Obst, Fisch, Wasser) f\u00fcr eine breite Palette von Anwendungen als Desinfektionsmittel eingesetzt und ist ein h\u00e4ufig verwendetes Gewebefixierungs- und Einbalsamierungsmittel. Formaldehyd ist nat\u00fcrlich in allen Geweben und K\u00f6rperfl\u00fcssigkeiten vorhanden. K\u00fcrzlich wurde gezeigt, dass einige Krebsarten erh\u00f6hte Formaldehydwerte aufweisen.<\/p>\n<h2>Formaldehyde\u00a0 Kit Hauptmerkmale<\/h2>\n<ul>\n<li>Sicher \u2013 nicht radioaktive Dosierung<\/li>\n<li>Sensibel und pr\u00e4zise<\/li>\n<li>Quantitative Dosierung<\/li>\n<li>Erfordert die Verwendung eines Spektralfotometers. Wellenl\u00e4nge 578 nm<\/li>\n<li>Der Linearit\u00e4tsbereich reicht von 0,5 bis 5000 ppm (mg\/kg). Bei h\u00f6heren Konzentrationen ist eine 100-fache Verd\u00fcnnung der Probe erforderlich.<\/li>\n<li>Validiert: Hochpr\u00e4zise Korrelation mit der offiziellen AOCS 897.01-Methode<\/li>\n<\/ul>\n<h2>Formaldehyde\u00a0 Kit Anwendungen<\/h2>\n<p>Formaldehydbestimmung in biologischen Proben, Lebensmitteln, Wasser, Fisch, Fleisch, Fr\u00fcchten<\/p>\n<h2>Kit-Inhalt<\/h2>\n<ul>\n<li>R1 &#8211; 1&#215;10 ml.<\/li>\n<li>R2 &#8211; 1&#215;10 ml.<\/li>\n<\/ul>\n<h2>Formaldehyde\u00a0 Kit Probenvorbereitung<\/h2>\n<p>VerfahrenW\u00e4hlen Sie im Testfeld des Electram2 Unified Analyzer HCHO FOODS und befolgen Sie die schriftlichen Anweisungen. Blank ist gegen destilliertes Wasser. Probenvorbereitung und Ergebnisse in 12 Minuten.F\u00fcr alle handels\u00fcblichen Spektralphotometer sind Anwendungsbl\u00e4tter erh\u00e4ltlich. Fragen Sie einfach nach dem entsprechenden Anwendungsblatt. Sicherheitsdatenbl\u00e4tter sind auf Anfrage erh\u00e4ltlich.<\/p>\n","protected":false},"excerpt":{"rendered":"<p>Quantitative Methode zum Nachweis von Formaldehyd in biologischen Proben<\/p>\n","protected":false},"featured_media":14375,"template":"","meta":{"_crdt_document":""},"product_brand":[],"product_cat":[188,197,375],"product_tag":[],"class_list":{"0":"post-14384","1":"product","2":"type-product","3":"status-publish","4":"has-post-thumbnail","6":"product_cat-analyse-de","7":"product_cat-diagnose","8":"product_cat-toxin-de","10":"first","11":"instock","12":"taxable","13":"shipping-taxable","14":"product-type-simple"},"yoast_head":"<!-- This site is optimized with the Yoast SEO plugin v27.4 - https:\/\/yoast.com\/product\/yoast-seo-wordpress\/ -->\n<title>Formaldehyde Detektion mit Formaldehyde Direct - Sysmatec<\/title>\n<meta name=\"description\" content=\"Quantitativer Nachweistest f\u00fcr Formaldehyd in Lebensmitteln wie Wasser, Fisch, Fleisch, Fr\u00fcchten oder biologischen Fl\u00fcssigkeiten.\" \/>\n<meta name=\"robots\" content=\"index, follow, max-snippet:-1, max-image-preview:large, max-video-preview:-1\" \/>\n<link rel=\"canonical\" href=\"https:\/\/sysmatec.ch\/de\/Produkt\/formaldehyde-detektion-mit-formaldehyde-direct\/\" \/>\n<meta property=\"og:locale\" content=\"de_DE\" \/>\n<meta property=\"og:type\" content=\"article\" \/>\n<meta property=\"og:title\" content=\"Formaldehyde Detektion mit Formaldehyde Direct - Sysmatec\" \/>\n<meta property=\"og:description\" content=\"Quantitativer Nachweistest f\u00fcr Formaldehyd in Lebensmitteln wie Wasser, Fisch, Fleisch, Fr\u00fcchten oder biologischen Fl\u00fcssigkeiten.\" \/>\n<meta property=\"og:url\" content=\"https:\/\/sysmatec.ch\/de\/Produkt\/formaldehyde-detektion-mit-formaldehyde-direct\/\" \/>\n<meta property=\"og:site_name\" content=\"Sysmatec\" \/>\n<meta property=\"article:modified_time\" content=\"2024-02-29T10:53:43+00:00\" \/>\n<meta property=\"og:image\" content=\"https:\/\/sysmatec.ch\/wp-content\/uploads\/2019\/12\/Formaldehyde_MenidiMedica.jpg\" \/>\n\t<meta property=\"og:image:width\" content=\"349\" \/>\n\t<meta property=\"og:image:height\" content=\"177\" \/>\n\t<meta property=\"og:image:type\" content=\"image\/jpeg\" \/>\n<meta name=\"twitter:card\" content=\"summary_large_image\" \/>\n<meta name=\"twitter:label1\" content=\"Gesch\u00e4tzte Lesezeit\" \/>\n\t<meta name=\"twitter:data1\" content=\"2\u00a0Minuten\" \/>\n<script type=\"application\/ld+json\" class=\"yoast-schema-graph\">{\"@context\":\"https:\\\/\\\/schema.org\",\"@graph\":[{\"@type\":\"WebPage\",\"@id\":\"https:\\\/\\\/sysmatec.ch\\\/de\\\/Produkt\\\/formaldehyde-detektion-mit-formaldehyde-direct\\\/\",\"url\":\"https:\\\/\\\/sysmatec.ch\\\/de\\\/Produkt\\\/formaldehyde-detektion-mit-formaldehyde-direct\\\/\",\"name\":\"Formaldehyde Detektion mit Formaldehyde Direct - Sysmatec\",\"isPartOf\":{\"@id\":\"https:\\\/\\\/sysmatec.ch\\\/de\\\/#website\"},\"primaryImageOfPage\":{\"@id\":\"https:\\\/\\\/sysmatec.ch\\\/de\\\/Produkt\\\/formaldehyde-detektion-mit-formaldehyde-direct\\\/#primaryimage\"},\"image\":{\"@id\":\"https:\\\/\\\/sysmatec.ch\\\/de\\\/Produkt\\\/formaldehyde-detektion-mit-formaldehyde-direct\\\/#primaryimage\"},\"thumbnailUrl\":\"https:\\\/\\\/sysmatec.ch\\\/wp-content\\\/uploads\\\/2019\\\/12\\\/Formaldehyde_MenidiMedica.jpg\",\"datePublished\":\"2019-12-07T10:24:24+00:00\",\"dateModified\":\"2024-02-29T10:53:43+00:00\",\"description\":\"Quantitativer Nachweistest f\u00fcr Formaldehyd in Lebensmitteln wie Wasser, Fisch, Fleisch, Fr\u00fcchten oder biologischen Fl\u00fcssigkeiten.\",\"breadcrumb\":{\"@id\":\"https:\\\/\\\/sysmatec.ch\\\/de\\\/Produkt\\\/formaldehyde-detektion-mit-formaldehyde-direct\\\/#breadcrumb\"},\"inLanguage\":\"de\",\"potentialAction\":[{\"@type\":\"ReadAction\",\"target\":[\"https:\\\/\\\/sysmatec.ch\\\/de\\\/Produkt\\\/formaldehyde-detektion-mit-formaldehyde-direct\\\/\"]}]},{\"@type\":\"ImageObject\",\"inLanguage\":\"de\",\"@id\":\"https:\\\/\\\/sysmatec.ch\\\/de\\\/Produkt\\\/formaldehyde-detektion-mit-formaldehyde-direct\\\/#primaryimage\",\"url\":\"https:\\\/\\\/sysmatec.ch\\\/wp-content\\\/uploads\\\/2019\\\/12\\\/Formaldehyde_MenidiMedica.jpg\",\"contentUrl\":\"https:\\\/\\\/sysmatec.ch\\\/wp-content\\\/uploads\\\/2019\\\/12\\\/Formaldehyde_MenidiMedica.jpg\",\"width\":349,\"height\":177},{\"@type\":\"BreadcrumbList\",\"@id\":\"https:\\\/\\\/sysmatec.ch\\\/de\\\/Produkt\\\/formaldehyde-detektion-mit-formaldehyde-direct\\\/#breadcrumb\",\"itemListElement\":[{\"@type\":\"ListItem\",\"position\":1,\"name\":\"Accueil\",\"item\":\"https:\\\/\\\/sysmatec.ch\\\/de\\\/\"},{\"@type\":\"ListItem\",\"position\":2,\"name\":\"Die Aktivit\u00e4t von Sysmatec\",\"item\":\"https:\\\/\\\/sysmatec.ch\\\/de\\\/\"},{\"@type\":\"ListItem\",\"position\":3,\"name\":\"Formaldehyde Detektion mit Formaldehyde Direct\"}]},{\"@type\":\"WebSite\",\"@id\":\"https:\\\/\\\/sysmatec.ch\\\/de\\\/#website\",\"url\":\"https:\\\/\\\/sysmatec.ch\\\/de\\\/\",\"name\":\"Sysmatec\",\"description\":\"Equipement de laboratoire et logiciels\",\"publisher\":{\"@id\":\"https:\\\/\\\/sysmatec.ch\\\/de\\\/#organization\"},\"potentialAction\":[{\"@type\":\"SearchAction\",\"target\":{\"@type\":\"EntryPoint\",\"urlTemplate\":\"https:\\\/\\\/sysmatec.ch\\\/de\\\/?s={search_term_string}\"},\"query-input\":{\"@type\":\"PropertyValueSpecification\",\"valueRequired\":true,\"valueName\":\"search_term_string\"}}],\"inLanguage\":\"de\"},{\"@type\":\"Organization\",\"@id\":\"https:\\\/\\\/sysmatec.ch\\\/de\\\/#organization\",\"name\":\"Sysmatec\",\"url\":\"https:\\\/\\\/sysmatec.ch\\\/de\\\/\",\"logo\":{\"@type\":\"ImageObject\",\"inLanguage\":\"de\",\"@id\":\"https:\\\/\\\/sysmatec.ch\\\/de\\\/#\\\/schema\\\/logo\\\/image\\\/\",\"url\":\"https:\\\/\\\/sysmatec.ch\\\/wp-content\\\/uploads\\\/2018\\\/11\\\/LogoSysmatec.jpg\",\"contentUrl\":\"https:\\\/\\\/sysmatec.ch\\\/wp-content\\\/uploads\\\/2018\\\/11\\\/LogoSysmatec.jpg\",\"width\":301,\"height\":297,\"caption\":\"Sysmatec\"},\"image\":{\"@id\":\"https:\\\/\\\/sysmatec.ch\\\/de\\\/#\\\/schema\\\/logo\\\/image\\\/\"}}]}<\/script>\n<!-- \/ Yoast SEO plugin. -->","yoast_head_json":{"title":"Formaldehyde Detektion mit Formaldehyde Direct - Sysmatec","description":"Quantitativer Nachweistest f\u00fcr Formaldehyd in Lebensmitteln wie Wasser, Fisch, Fleisch, Fr\u00fcchten oder biologischen Fl\u00fcssigkeiten.","robots":{"index":"index","follow":"follow","max-snippet":"max-snippet:-1","max-image-preview":"max-image-preview:large","max-video-preview":"max-video-preview:-1"},"canonical":"https:\/\/sysmatec.ch\/de\/Produkt\/formaldehyde-detektion-mit-formaldehyde-direct\/","og_locale":"de_DE","og_type":"article","og_title":"Formaldehyde Detektion mit Formaldehyde Direct - Sysmatec","og_description":"Quantitativer Nachweistest f\u00fcr Formaldehyd in Lebensmitteln wie Wasser, Fisch, Fleisch, Fr\u00fcchten oder biologischen Fl\u00fcssigkeiten.","og_url":"https:\/\/sysmatec.ch\/de\/Produkt\/formaldehyde-detektion-mit-formaldehyde-direct\/","og_site_name":"Sysmatec","article_modified_time":"2024-02-29T10:53:43+00:00","og_image":[{"width":349,"height":177,"url":"https:\/\/sysmatec.ch\/wp-content\/uploads\/2019\/12\/Formaldehyde_MenidiMedica.jpg","type":"image\/jpeg"}],"twitter_card":"summary_large_image","twitter_misc":{"Gesch\u00e4tzte Lesezeit":"2\u00a0Minuten"},"schema":{"@context":"https:\/\/schema.org","@graph":[{"@type":"WebPage","@id":"https:\/\/sysmatec.ch\/de\/Produkt\/formaldehyde-detektion-mit-formaldehyde-direct\/","url":"https:\/\/sysmatec.ch\/de\/Produkt\/formaldehyde-detektion-mit-formaldehyde-direct\/","name":"Formaldehyde Detektion mit Formaldehyde Direct - Sysmatec","isPartOf":{"@id":"https:\/\/sysmatec.ch\/de\/#website"},"primaryImageOfPage":{"@id":"https:\/\/sysmatec.ch\/de\/Produkt\/formaldehyde-detektion-mit-formaldehyde-direct\/#primaryimage"},"image":{"@id":"https:\/\/sysmatec.ch\/de\/Produkt\/formaldehyde-detektion-mit-formaldehyde-direct\/#primaryimage"},"thumbnailUrl":"https:\/\/sysmatec.ch\/wp-content\/uploads\/2019\/12\/Formaldehyde_MenidiMedica.jpg","datePublished":"2019-12-07T10:24:24+00:00","dateModified":"2024-02-29T10:53:43+00:00","description":"Quantitativer Nachweistest f\u00fcr Formaldehyd in Lebensmitteln wie Wasser, Fisch, Fleisch, Fr\u00fcchten oder biologischen Fl\u00fcssigkeiten.","breadcrumb":{"@id":"https:\/\/sysmatec.ch\/de\/Produkt\/formaldehyde-detektion-mit-formaldehyde-direct\/#breadcrumb"},"inLanguage":"de","potentialAction":[{"@type":"ReadAction","target":["https:\/\/sysmatec.ch\/de\/Produkt\/formaldehyde-detektion-mit-formaldehyde-direct\/"]}]},{"@type":"ImageObject","inLanguage":"de","@id":"https:\/\/sysmatec.ch\/de\/Produkt\/formaldehyde-detektion-mit-formaldehyde-direct\/#primaryimage","url":"https:\/\/sysmatec.ch\/wp-content\/uploads\/2019\/12\/Formaldehyde_MenidiMedica.jpg","contentUrl":"https:\/\/sysmatec.ch\/wp-content\/uploads\/2019\/12\/Formaldehyde_MenidiMedica.jpg","width":349,"height":177},{"@type":"BreadcrumbList","@id":"https:\/\/sysmatec.ch\/de\/Produkt\/formaldehyde-detektion-mit-formaldehyde-direct\/#breadcrumb","itemListElement":[{"@type":"ListItem","position":1,"name":"Accueil","item":"https:\/\/sysmatec.ch\/de\/"},{"@type":"ListItem","position":2,"name":"Die Aktivit\u00e4t von Sysmatec","item":"https:\/\/sysmatec.ch\/de\/"},{"@type":"ListItem","position":3,"name":"Formaldehyde Detektion mit Formaldehyde Direct"}]},{"@type":"WebSite","@id":"https:\/\/sysmatec.ch\/de\/#website","url":"https:\/\/sysmatec.ch\/de\/","name":"Sysmatec","description":"Equipement de laboratoire et logiciels","publisher":{"@id":"https:\/\/sysmatec.ch\/de\/#organization"},"potentialAction":[{"@type":"SearchAction","target":{"@type":"EntryPoint","urlTemplate":"https:\/\/sysmatec.ch\/de\/?s={search_term_string}"},"query-input":{"@type":"PropertyValueSpecification","valueRequired":true,"valueName":"search_term_string"}}],"inLanguage":"de"},{"@type":"Organization","@id":"https:\/\/sysmatec.ch\/de\/#organization","name":"Sysmatec","url":"https:\/\/sysmatec.ch\/de\/","logo":{"@type":"ImageObject","inLanguage":"de","@id":"https:\/\/sysmatec.ch\/de\/#\/schema\/logo\/image\/","url":"https:\/\/sysmatec.ch\/wp-content\/uploads\/2018\/11\/LogoSysmatec.jpg","contentUrl":"https:\/\/sysmatec.ch\/wp-content\/uploads\/2018\/11\/LogoSysmatec.jpg","width":301,"height":297,"caption":"Sysmatec"},"image":{"@id":"https:\/\/sysmatec.ch\/de\/#\/schema\/logo\/image\/"}}]}},"_links":{"self":[{"href":"https:\/\/sysmatec.ch\/de\/wp-json\/wp\/v2\/product\/14384","targetHints":{"allow":["GET"]}}],"collection":[{"href":"https:\/\/sysmatec.ch\/de\/wp-json\/wp\/v2\/product"}],"about":[{"href":"https:\/\/sysmatec.ch\/de\/wp-json\/wp\/v2\/types\/product"}],"wp:featuredmedia":[{"embeddable":true,"href":"https:\/\/sysmatec.ch\/de\/wp-json\/wp\/v2\/media\/14375"}],"wp:attachment":[{"href":"https:\/\/sysmatec.ch\/de\/wp-json\/wp\/v2\/media?parent=14384"}],"wp:term":[{"taxonomy":"product_brand","embeddable":true,"href":"https:\/\/sysmatec.ch\/de\/wp-json\/wp\/v2\/product_brand?post=14384"},{"taxonomy":"product_cat","embeddable":true,"href":"https:\/\/sysmatec.ch\/de\/wp-json\/wp\/v2\/product_cat?post=14384"},{"taxonomy":"product_tag","embeddable":true,"href":"https:\/\/sysmatec.ch\/de\/wp-json\/wp\/v2\/product_tag?post=14384"}],"curies":[{"name":"wp","href":"https:\/\/api.w.org\/{rel}","templated":true}]}}