{"id":14353,"date":"2019-12-06T16:52:26","date_gmt":"2019-12-06T15:57:18","guid":{"rendered":"https:\/\/sysmatec.ch\/?post_type=product&#038;p=14353"},"modified":"2021-12-07T18:58:16","modified_gmt":"2021-12-07T17:58:16","slug":"10-platz-und-16-platz-magnetruehrer-msm","status":"publish","type":"product","link":"https:\/\/sysmatec.ch\/de\/Produkt\/10-platz-und-16-platz-magnetruehrer-msm\/","title":{"rendered":"10 Platz und 16 Platz Magnetr\u00fchrer MSM"},"content":{"rendered":"<h2><span title=\"\">Magnetr\u00fchrer Eigenschaften<\/span><\/h2>\n<p><span title=\"\">Wartungsfreier b\u00fcrstenloser Gleichstrommotor<\/span><br \/>\n<span title=\"\">Drehzahlbereich von 0-1100 U \/ min<\/span><br \/>\n<span title=\"\">Arbeitsplattenabdeckung aus Edelstahl mit Silikonkissen f\u00fcr hervorragende Rutschfestigkeit<\/span><\/p>\n<p><span title=\"\">Eine platzsparende Einheit mit 16 R\u00fchrpositionen und 4 unabh\u00e4ngigen Geschwindigkeitskan\u00e4len<\/span><br \/>\n<span title=\"\">Ein gro\u00dfer Drehzahlbereich von 0 bis 1100 U \/ min<\/span><br \/>\n<span title=\"\">Eine hohe Magnethaftung verhindert, dass der R\u00fchrstab au\u00dfer Kontrolle ger\u00e4t<\/span><br \/>\n<span title=\"\">Arbeitsplatte aus rostfreiem Stahl, Bezug mit Silikonkissen, bietet hervorragende Rutschfestigkeit<\/span><\/p>\n<h2><span title=\"\">Magnetr\u00fchrer Technische Spezifikationen<\/span><\/h2>\n<table width=\"648\">\n<tbody>\n<tr>\n<td width=\"262\">Modell<\/td>\n<td width=\"196\">MSM-S10<\/td>\n<td width=\"190\">MSM-S16<\/td>\n<\/tr>\n<tr>\n<td>Platte Dimension<\/td>\n<td>180\u00d7450mm<\/td>\n<td>365\u00d7345mm<\/td>\n<\/tr>\n<tr>\n<td>Platte Material<\/td>\n<td colspan=\"2\">rostfreien Stahl mit Silicone \u00fcberdekt<\/td>\n<\/tr>\n<tr>\n<td>Motor Type<\/td>\n<td colspan=\"2\">Brushless DC motor<\/td>\n<\/tr>\n<tr>\n<td>Motor Input Leistung<\/td>\n<td colspan=\"2\">12 W<\/td>\n<\/tr>\n<tr>\n<td width=\"262\">Motor Output Leistung<\/td>\n<td colspan=\"2\">4 W<\/td>\n<\/tr>\n<tr>\n<td>Verbrauch<\/td>\n<td colspan=\"2\">20 W<\/td>\n<\/tr>\n<tr>\n<td>Spannung<\/td>\n<td colspan=\"2\">100-120\/200-240V,50\/60Hz<\/td>\n<\/tr>\n<tr>\n<td>Anzahl Pl\u00e4tze<\/td>\n<td>10<\/td>\n<td>16<\/td>\n<\/tr>\n<tr>\n<td>Max. R\u00fchrungsvolum [H2O]<\/td>\n<td>0.4LX10<\/td>\n<td>0.4LX16<\/td>\n<\/tr>\n<tr>\n<td>Max. magnetische R\u00fchrergr\u00f6sse [L\u00e4nge]<\/td>\n<td colspan=\"2\">40mm<\/td>\n<\/tr>\n<tr>\n<td>Geschwindigkeit Bereich<\/td>\n<td colspan=\"2\">0-1100rpm<\/td>\n<\/tr>\n<tr>\n<td>Geschwindigkeitsanzeige<\/td>\n<td colspan=\"2\">keine (Knopfskala)<\/td>\n<\/tr>\n<tr>\n<td>Schutzklasse<\/td>\n<td colspan=\"2\">IP21<\/td>\n<\/tr>\n<tr>\n<td>Dimension[WxTxH]<\/td>\n<td colspan=\"2\">662\u00d7205\u00d765mm<\/td>\n<\/tr>\n<tr>\n<td>Gewicht<\/td>\n<td colspan=\"2\">3.2 kg<\/td>\n<\/tr>\n<tr>\n<td>Umgebung Temperatur und Feuchte<\/td>\n<td colspan=\"2\">5-40\u00b0C, 80%RH<\/td>\n<\/tr>\n<\/tbody>\n<\/table>\n","protected":false},"excerpt":{"rendered":"<p>10 Platz und 16 Platz Magnetr\u00fchrer<\/p>\n","protected":false},"featured_media":14357,"template":"","meta":{"_crdt_document":""},"product_brand":[],"product_cat":[161,87],"product_tag":[],"class_list":{"0":"post-14353","1":"product","2":"type-product","3":"status-publish","4":"has-post-thumbnail","6":"product_cat-magnet","7":"product_cat-ruehren","9":"first","10":"instock","11":"taxable","12":"shipping-taxable","13":"product-type-simple"},"yoast_head":"<!-- This site is optimized with the Yoast SEO plugin v27.4 - https:\/\/yoast.com\/product\/yoast-seo-wordpress\/ -->\n<title>10 Platz und 16 Platz Magnetr\u00fchrer MSM - Sysmatec<\/title>\n<meta name=\"description\" content=\"Magnetr\u00fchrer mit 10 und 16 Pl\u00e4tzen. Erm\u00f6glicht das R\u00fchren der Fl\u00fcssigkeit in Fl\u00e4schchen mit einem Magnetstab.\" \/>\n<meta name=\"robots\" content=\"index, follow, max-snippet:-1, max-image-preview:large, max-video-preview:-1\" \/>\n<link rel=\"canonical\" href=\"https:\/\/sysmatec.ch\/de\/produit\/10-platz-und-16-platz-magnetruehrer-msm\/\" \/>\n<meta property=\"og:locale\" content=\"de_DE\" \/>\n<meta property=\"og:type\" content=\"article\" \/>\n<meta property=\"og:title\" content=\"10 Platz und 16 Platz Magnetr\u00fchrer MSM - Sysmatec\" \/>\n<meta property=\"og:description\" content=\"Magnetr\u00fchrer mit 10 und 16 Pl\u00e4tzen. Erm\u00f6glicht das R\u00fchren der Fl\u00fcssigkeit in Fl\u00e4schchen mit einem Magnetstab.\" \/>\n<meta property=\"og:url\" content=\"https:\/\/sysmatec.ch\/de\/produit\/10-platz-und-16-platz-magnetruehrer-msm\/\" \/>\n<meta property=\"og:site_name\" content=\"Sysmatec\" \/>\n<meta property=\"article:modified_time\" content=\"2021-12-07T17:58:16+00:00\" \/>\n<meta property=\"og:image\" content=\"https:\/\/sysmatec.ch\/wp-content\/uploads\/2019\/12\/Agitateur_MSM16AELab.jpg\" \/>\n\t<meta property=\"og:image:width\" content=\"310\" \/>\n\t<meta property=\"og:image:height\" content=\"202\" \/>\n\t<meta property=\"og:image:type\" content=\"image\/jpeg\" \/>\n<meta name=\"twitter:card\" content=\"summary_large_image\" \/>\n<meta name=\"twitter:label1\" content=\"Gesch\u00e4tzte Lesezeit\" \/>\n\t<meta name=\"twitter:data1\" content=\"1\u00a0Minute\" \/>\n<script type=\"application\/ld+json\" class=\"yoast-schema-graph\">{\"@context\":\"https:\\\/\\\/schema.org\",\"@graph\":[{\"@type\":\"WebPage\",\"@id\":\"https:\\\/\\\/sysmatec.ch\\\/de\\\/produit\\\/10-platz-und-16-platz-magnetruehrer-msm\\\/\",\"url\":\"https:\\\/\\\/sysmatec.ch\\\/de\\\/produit\\\/10-platz-und-16-platz-magnetruehrer-msm\\\/\",\"name\":\"10 Platz und 16 Platz Magnetr\u00fchrer MSM - Sysmatec\",\"isPartOf\":{\"@id\":\"https:\\\/\\\/sysmatec.ch\\\/de\\\/#website\"},\"primaryImageOfPage\":{\"@id\":\"https:\\\/\\\/sysmatec.ch\\\/de\\\/produit\\\/10-platz-und-16-platz-magnetruehrer-msm\\\/#primaryimage\"},\"image\":{\"@id\":\"https:\\\/\\\/sysmatec.ch\\\/de\\\/produit\\\/10-platz-und-16-platz-magnetruehrer-msm\\\/#primaryimage\"},\"thumbnailUrl\":\"https:\\\/\\\/sysmatec.ch\\\/wp-content\\\/uploads\\\/2019\\\/12\\\/Agitateur_MSM16AELab.jpg\",\"datePublished\":\"2019-12-06T15:57:18+00:00\",\"dateModified\":\"2021-12-07T17:58:16+00:00\",\"description\":\"Magnetr\u00fchrer mit 10 und 16 Pl\u00e4tzen. Erm\u00f6glicht das R\u00fchren der Fl\u00fcssigkeit in Fl\u00e4schchen mit einem Magnetstab.\",\"breadcrumb\":{\"@id\":\"https:\\\/\\\/sysmatec.ch\\\/de\\\/produit\\\/10-platz-und-16-platz-magnetruehrer-msm\\\/#breadcrumb\"},\"inLanguage\":\"de\",\"potentialAction\":[{\"@type\":\"ReadAction\",\"target\":[\"https:\\\/\\\/sysmatec.ch\\\/de\\\/produit\\\/10-platz-und-16-platz-magnetruehrer-msm\\\/\"]}]},{\"@type\":\"ImageObject\",\"inLanguage\":\"de\",\"@id\":\"https:\\\/\\\/sysmatec.ch\\\/de\\\/produit\\\/10-platz-und-16-platz-magnetruehrer-msm\\\/#primaryimage\",\"url\":\"https:\\\/\\\/sysmatec.ch\\\/wp-content\\\/uploads\\\/2019\\\/12\\\/Agitateur_MSM16AELab.jpg\",\"contentUrl\":\"https:\\\/\\\/sysmatec.ch\\\/wp-content\\\/uploads\\\/2019\\\/12\\\/Agitateur_MSM16AELab.jpg\",\"width\":310,\"height\":202},{\"@type\":\"BreadcrumbList\",\"@id\":\"https:\\\/\\\/sysmatec.ch\\\/de\\\/produit\\\/10-platz-und-16-platz-magnetruehrer-msm\\\/#breadcrumb\",\"itemListElement\":[{\"@type\":\"ListItem\",\"position\":1,\"name\":\"Accueil\",\"item\":\"https:\\\/\\\/sysmatec.ch\\\/de\\\/\"},{\"@type\":\"ListItem\",\"position\":2,\"name\":\"Die Aktivit\u00e4t von Sysmatec\",\"item\":\"https:\\\/\\\/sysmatec.ch\\\/de\\\/\"},{\"@type\":\"ListItem\",\"position\":3,\"name\":\"10 Platz und 16 Platz Magnetr\u00fchrer MSM\"}]},{\"@type\":\"WebSite\",\"@id\":\"https:\\\/\\\/sysmatec.ch\\\/de\\\/#website\",\"url\":\"https:\\\/\\\/sysmatec.ch\\\/de\\\/\",\"name\":\"Sysmatec\",\"description\":\"Equipement de laboratoire et logiciels\",\"publisher\":{\"@id\":\"https:\\\/\\\/sysmatec.ch\\\/de\\\/#organization\"},\"potentialAction\":[{\"@type\":\"SearchAction\",\"target\":{\"@type\":\"EntryPoint\",\"urlTemplate\":\"https:\\\/\\\/sysmatec.ch\\\/de\\\/?s={search_term_string}\"},\"query-input\":{\"@type\":\"PropertyValueSpecification\",\"valueRequired\":true,\"valueName\":\"search_term_string\"}}],\"inLanguage\":\"de\"},{\"@type\":\"Organization\",\"@id\":\"https:\\\/\\\/sysmatec.ch\\\/de\\\/#organization\",\"name\":\"Sysmatec\",\"url\":\"https:\\\/\\\/sysmatec.ch\\\/de\\\/\",\"logo\":{\"@type\":\"ImageObject\",\"inLanguage\":\"de\",\"@id\":\"https:\\\/\\\/sysmatec.ch\\\/de\\\/#\\\/schema\\\/logo\\\/image\\\/\",\"url\":\"https:\\\/\\\/sysmatec.ch\\\/wp-content\\\/uploads\\\/2018\\\/11\\\/LogoSysmatec.jpg\",\"contentUrl\":\"https:\\\/\\\/sysmatec.ch\\\/wp-content\\\/uploads\\\/2018\\\/11\\\/LogoSysmatec.jpg\",\"width\":301,\"height\":297,\"caption\":\"Sysmatec\"},\"image\":{\"@id\":\"https:\\\/\\\/sysmatec.ch\\\/de\\\/#\\\/schema\\\/logo\\\/image\\\/\"}}]}<\/script>\n<!-- \/ Yoast SEO plugin. -->","yoast_head_json":{"title":"10 Platz und 16 Platz Magnetr\u00fchrer MSM - Sysmatec","description":"Magnetr\u00fchrer mit 10 und 16 Pl\u00e4tzen. Erm\u00f6glicht das R\u00fchren der Fl\u00fcssigkeit in Fl\u00e4schchen mit einem Magnetstab.","robots":{"index":"index","follow":"follow","max-snippet":"max-snippet:-1","max-image-preview":"max-image-preview:large","max-video-preview":"max-video-preview:-1"},"canonical":"https:\/\/sysmatec.ch\/de\/produit\/10-platz-und-16-platz-magnetruehrer-msm\/","og_locale":"de_DE","og_type":"article","og_title":"10 Platz und 16 Platz Magnetr\u00fchrer MSM - Sysmatec","og_description":"Magnetr\u00fchrer mit 10 und 16 Pl\u00e4tzen. Erm\u00f6glicht das R\u00fchren der Fl\u00fcssigkeit in Fl\u00e4schchen mit einem Magnetstab.","og_url":"https:\/\/sysmatec.ch\/de\/produit\/10-platz-und-16-platz-magnetruehrer-msm\/","og_site_name":"Sysmatec","article_modified_time":"2021-12-07T17:58:16+00:00","og_image":[{"width":310,"height":202,"url":"https:\/\/sysmatec.ch\/wp-content\/uploads\/2019\/12\/Agitateur_MSM16AELab.jpg","type":"image\/jpeg"}],"twitter_card":"summary_large_image","twitter_misc":{"Gesch\u00e4tzte Lesezeit":"1\u00a0Minute"},"schema":{"@context":"https:\/\/schema.org","@graph":[{"@type":"WebPage","@id":"https:\/\/sysmatec.ch\/de\/produit\/10-platz-und-16-platz-magnetruehrer-msm\/","url":"https:\/\/sysmatec.ch\/de\/produit\/10-platz-und-16-platz-magnetruehrer-msm\/","name":"10 Platz und 16 Platz Magnetr\u00fchrer MSM - Sysmatec","isPartOf":{"@id":"https:\/\/sysmatec.ch\/de\/#website"},"primaryImageOfPage":{"@id":"https:\/\/sysmatec.ch\/de\/produit\/10-platz-und-16-platz-magnetruehrer-msm\/#primaryimage"},"image":{"@id":"https:\/\/sysmatec.ch\/de\/produit\/10-platz-und-16-platz-magnetruehrer-msm\/#primaryimage"},"thumbnailUrl":"https:\/\/sysmatec.ch\/wp-content\/uploads\/2019\/12\/Agitateur_MSM16AELab.jpg","datePublished":"2019-12-06T15:57:18+00:00","dateModified":"2021-12-07T17:58:16+00:00","description":"Magnetr\u00fchrer mit 10 und 16 Pl\u00e4tzen. Erm\u00f6glicht das R\u00fchren der Fl\u00fcssigkeit in Fl\u00e4schchen mit einem Magnetstab.","breadcrumb":{"@id":"https:\/\/sysmatec.ch\/de\/produit\/10-platz-und-16-platz-magnetruehrer-msm\/#breadcrumb"},"inLanguage":"de","potentialAction":[{"@type":"ReadAction","target":["https:\/\/sysmatec.ch\/de\/produit\/10-platz-und-16-platz-magnetruehrer-msm\/"]}]},{"@type":"ImageObject","inLanguage":"de","@id":"https:\/\/sysmatec.ch\/de\/produit\/10-platz-und-16-platz-magnetruehrer-msm\/#primaryimage","url":"https:\/\/sysmatec.ch\/wp-content\/uploads\/2019\/12\/Agitateur_MSM16AELab.jpg","contentUrl":"https:\/\/sysmatec.ch\/wp-content\/uploads\/2019\/12\/Agitateur_MSM16AELab.jpg","width":310,"height":202},{"@type":"BreadcrumbList","@id":"https:\/\/sysmatec.ch\/de\/produit\/10-platz-und-16-platz-magnetruehrer-msm\/#breadcrumb","itemListElement":[{"@type":"ListItem","position":1,"name":"Accueil","item":"https:\/\/sysmatec.ch\/de\/"},{"@type":"ListItem","position":2,"name":"Die Aktivit\u00e4t von Sysmatec","item":"https:\/\/sysmatec.ch\/de\/"},{"@type":"ListItem","position":3,"name":"10 Platz und 16 Platz Magnetr\u00fchrer MSM"}]},{"@type":"WebSite","@id":"https:\/\/sysmatec.ch\/de\/#website","url":"https:\/\/sysmatec.ch\/de\/","name":"Sysmatec","description":"Equipement de laboratoire et logiciels","publisher":{"@id":"https:\/\/sysmatec.ch\/de\/#organization"},"potentialAction":[{"@type":"SearchAction","target":{"@type":"EntryPoint","urlTemplate":"https:\/\/sysmatec.ch\/de\/?s={search_term_string}"},"query-input":{"@type":"PropertyValueSpecification","valueRequired":true,"valueName":"search_term_string"}}],"inLanguage":"de"},{"@type":"Organization","@id":"https:\/\/sysmatec.ch\/de\/#organization","name":"Sysmatec","url":"https:\/\/sysmatec.ch\/de\/","logo":{"@type":"ImageObject","inLanguage":"de","@id":"https:\/\/sysmatec.ch\/de\/#\/schema\/logo\/image\/","url":"https:\/\/sysmatec.ch\/wp-content\/uploads\/2018\/11\/LogoSysmatec.jpg","contentUrl":"https:\/\/sysmatec.ch\/wp-content\/uploads\/2018\/11\/LogoSysmatec.jpg","width":301,"height":297,"caption":"Sysmatec"},"image":{"@id":"https:\/\/sysmatec.ch\/de\/#\/schema\/logo\/image\/"}}]}},"_links":{"self":[{"href":"https:\/\/sysmatec.ch\/de\/wp-json\/wp\/v2\/product\/14353","targetHints":{"allow":["GET"]}}],"collection":[{"href":"https:\/\/sysmatec.ch\/de\/wp-json\/wp\/v2\/product"}],"about":[{"href":"https:\/\/sysmatec.ch\/de\/wp-json\/wp\/v2\/types\/product"}],"wp:featuredmedia":[{"embeddable":true,"href":"https:\/\/sysmatec.ch\/de\/wp-json\/wp\/v2\/media\/14357"}],"wp:attachment":[{"href":"https:\/\/sysmatec.ch\/de\/wp-json\/wp\/v2\/media?parent=14353"}],"wp:term":[{"taxonomy":"product_brand","embeddable":true,"href":"https:\/\/sysmatec.ch\/de\/wp-json\/wp\/v2\/product_brand?post=14353"},{"taxonomy":"product_cat","embeddable":true,"href":"https:\/\/sysmatec.ch\/de\/wp-json\/wp\/v2\/product_cat?post=14353"},{"taxonomy":"product_tag","embeddable":true,"href":"https:\/\/sysmatec.ch\/de\/wp-json\/wp\/v2\/product_tag?post=14353"}],"curies":[{"name":"wp","href":"https:\/\/api.w.org\/{rel}","templated":true}]}}