{"id":14346,"date":"2019-12-06T15:35:16","date_gmt":"2019-12-06T14:35:16","guid":{"rendered":"https:\/\/sysmatec.ch\/?post_type=product&#038;p=14346"},"modified":"2024-01-10T21:29:40","modified_gmt":"2024-01-10T20:29:40","slug":"dampfsterilisator-astorclave-23","status":"publish","type":"product","link":"https:\/\/sysmatec.ch\/de\/Produkt\/dampfsterilisator-astorclave-23\/","title":{"rendered":"Dampfsterilisator AstorClave 23"},"content":{"rendered":"<p>Dieser Autoklav ist eine hervorragende L\u00f6sung f\u00fcr jedes Labor, da er alle Sterilisationsprozesse f\u00fcr kleine Gegenst\u00e4nde und Materialien wie Kulturmedien, Glaswaren, kontaminierte Proben usw. vereinfacht. Die Innenkammer besteht aus Edelstahl f\u00fcr einfachste Reinigung. Er hat ein Fassungsverm\u00f6gen von 23 Litern und kann optional mit einem Edelstahlkorb mit Griff f\u00fcr schnelles vertikales Beladen und einem optionalen Drucker ausgestattet werden. Das Vorhandensein eines Wassermangelsensors und eines automatischen Ventils gew\u00e4hrleistet maximale Sicherheit der Anlage auch bei einem Ausfall des Steuerungssystems. Die automatische Dampfabgabe am Ende des Zyklus verk\u00fcrzt die Zeitspanne zwischen einem Zyklus und dem n\u00e4chsten.<\/p>\n<p>Der Autoklav ist gem\u00e4\u00df der europ\u00e4ischen Richtlinie 97\/23\/EG f\u00fcr Sterilisationszyklen bei 121 \u00b0C und 1 atm geeignet.<\/p>\n<h2>Technische Parameter des Autoklaven<\/h2>\n<ul>\n<li>Au\u00dfenstruktur aus Stahl mit s\u00e4urebest\u00e4ndiger Lackierung<\/li>\n<li>Hintergrundbeleuchteter LCD-Bildschirm zur Steuerung und Verwaltung des Sterilisationsprogramms<\/li>\n<li>Vertikale Sterilisationskammer aus Edelstahl, Fassungsverm\u00f6gen 23 Liter<\/li>\n<li>Edelstahldeckel mit mechanischem Sicherheitsverschluss und einfacher Handhabung<\/li>\n<li>Manometer zur Kontrolle des Arbeitsdrucks in der Kammer<\/li>\n<li>Automatisches Sicherheitsventil<\/li>\n<li>Automatische Dampfabgabe am Ende des Zyklus<\/li>\n<li>Au\u00dfenhahn zum Entleeren des Restwassers aus der Kammer<\/li>\n<li>Sicherheitsaufkleber auf dem Deckel, der vor hohen Temperaturen w\u00e4hrend des Waschgangs warnt<\/li>\n<li>Sicherheitssensor f\u00fcr Wassermangel in der Kammer, mit manueller R\u00fcckstellung<\/li>\n<li>Die Sterilisationszeit kann eingestellt und individuell angepasst werden<\/li>\n<li>Hintergrundbeleuchteter Ein-\/Ausschalter und Warn-LED f\u00fcr Heizelement und Wassermangel<\/li>\n<li>Perforierter Edelstahlkorb (optional) mit Griff, 30&#215;24 cm (TxH)<\/li>\n<li>Datenausgabe f\u00fcr optionalen Thermodrucker<\/li>\n<li>Abmessungen: ext. 365x630x470 (h) mm, Innenma\u00dfe 320&#215;320 mm (TxH)<\/li>\n<li>Gewicht: 24 kg.<\/li>\n<li>Stromversorgung: 220 V, 50\/60 Hz, 2100 W<\/li>\n<li>Hergestellt in voller \u00dcbereinstimmung mit der europ\u00e4ischen Richtlinie 97\/23\/EG<\/li>\n<\/ul>\n","protected":false},"excerpt":{"rendered":"<p>Dampfsterilisator<\/p>\n","protected":false},"featured_media":28898,"template":"","meta":{"_crdt_document":""},"product_brand":[],"product_cat":[157],"product_tag":[],"class_list":{"0":"post-14346","1":"product","2":"type-product","3":"status-publish","4":"has-post-thumbnail","6":"product_cat-autoklav","8":"first","9":"instock","10":"taxable","11":"shipping-taxable","12":"product-type-simple"},"yoast_head":"<!-- This site is optimized with the Yoast SEO plugin v27.4 - https:\/\/yoast.com\/product\/yoast-seo-wordpress\/ -->\n<title>Dampfsterilisator AstorClave 23 - Sysmatec<\/title>\n<meta name=\"description\" content=\"Laborautoklav, mit dem Sie jegliche Ger\u00e4te oder Kulturmedien sterilisieren k\u00f6nnen. Temperatur bis 121\u00b0C.\" \/>\n<meta name=\"robots\" content=\"index, follow, max-snippet:-1, max-image-preview:large, max-video-preview:-1\" \/>\n<link rel=\"canonical\" href=\"https:\/\/sysmatec.ch\/de\/Produkt\/dampfsterilisator-astorclave-23\/\" \/>\n<meta property=\"og:locale\" content=\"de_DE\" \/>\n<meta property=\"og:type\" content=\"article\" \/>\n<meta property=\"og:title\" content=\"Dampfsterilisator AstorClave 23 - Sysmatec\" \/>\n<meta property=\"og:description\" content=\"Laborautoklav, mit dem Sie jegliche Ger\u00e4te oder Kulturmedien sterilisieren k\u00f6nnen. Temperatur bis 121\u00b0C.\" \/>\n<meta property=\"og:url\" content=\"https:\/\/sysmatec.ch\/de\/Produkt\/dampfsterilisator-astorclave-23\/\" \/>\n<meta property=\"og:site_name\" content=\"Sysmatec\" \/>\n<meta property=\"article:modified_time\" content=\"2024-01-10T20:29:40+00:00\" \/>\n<meta property=\"og:image\" content=\"https:\/\/sysmatec.ch\/wp-content\/uploads\/2019\/12\/Autoclave_AstorClave23_1.jpg\" \/>\n\t<meta property=\"og:image:width\" content=\"650\" \/>\n\t<meta property=\"og:image:height\" content=\"763\" \/>\n\t<meta property=\"og:image:type\" content=\"image\/jpeg\" \/>\n<meta name=\"twitter:card\" content=\"summary_large_image\" \/>\n<meta name=\"twitter:label1\" content=\"Gesch\u00e4tzte Lesezeit\" \/>\n\t<meta name=\"twitter:data1\" content=\"2\u00a0Minuten\" \/>\n<script type=\"application\/ld+json\" class=\"yoast-schema-graph\">{\"@context\":\"https:\\\/\\\/schema.org\",\"@graph\":[{\"@type\":\"WebPage\",\"@id\":\"https:\\\/\\\/sysmatec.ch\\\/de\\\/Produkt\\\/dampfsterilisator-astorclave-23\\\/\",\"url\":\"https:\\\/\\\/sysmatec.ch\\\/de\\\/Produkt\\\/dampfsterilisator-astorclave-23\\\/\",\"name\":\"Dampfsterilisator AstorClave 23 - Sysmatec\",\"isPartOf\":{\"@id\":\"https:\\\/\\\/sysmatec.ch\\\/de\\\/#website\"},\"primaryImageOfPage\":{\"@id\":\"https:\\\/\\\/sysmatec.ch\\\/de\\\/Produkt\\\/dampfsterilisator-astorclave-23\\\/#primaryimage\"},\"image\":{\"@id\":\"https:\\\/\\\/sysmatec.ch\\\/de\\\/Produkt\\\/dampfsterilisator-astorclave-23\\\/#primaryimage\"},\"thumbnailUrl\":\"https:\\\/\\\/sysmatec.ch\\\/wp-content\\\/uploads\\\/2019\\\/12\\\/Autoclave_AstorClave23_1.jpg\",\"datePublished\":\"2019-12-06T14:35:16+00:00\",\"dateModified\":\"2024-01-10T20:29:40+00:00\",\"description\":\"Laborautoklav, mit dem Sie jegliche Ger\u00e4te oder Kulturmedien sterilisieren k\u00f6nnen. Temperatur bis 121\u00b0C.\",\"breadcrumb\":{\"@id\":\"https:\\\/\\\/sysmatec.ch\\\/de\\\/Produkt\\\/dampfsterilisator-astorclave-23\\\/#breadcrumb\"},\"inLanguage\":\"de\",\"potentialAction\":[{\"@type\":\"ReadAction\",\"target\":[\"https:\\\/\\\/sysmatec.ch\\\/de\\\/Produkt\\\/dampfsterilisator-astorclave-23\\\/\"]}]},{\"@type\":\"ImageObject\",\"inLanguage\":\"de\",\"@id\":\"https:\\\/\\\/sysmatec.ch\\\/de\\\/Produkt\\\/dampfsterilisator-astorclave-23\\\/#primaryimage\",\"url\":\"https:\\\/\\\/sysmatec.ch\\\/wp-content\\\/uploads\\\/2019\\\/12\\\/Autoclave_AstorClave23_1.jpg\",\"contentUrl\":\"https:\\\/\\\/sysmatec.ch\\\/wp-content\\\/uploads\\\/2019\\\/12\\\/Autoclave_AstorClave23_1.jpg\",\"width\":650,\"height\":763},{\"@type\":\"BreadcrumbList\",\"@id\":\"https:\\\/\\\/sysmatec.ch\\\/de\\\/Produkt\\\/dampfsterilisator-astorclave-23\\\/#breadcrumb\",\"itemListElement\":[{\"@type\":\"ListItem\",\"position\":1,\"name\":\"Accueil\",\"item\":\"https:\\\/\\\/sysmatec.ch\\\/de\\\/\"},{\"@type\":\"ListItem\",\"position\":2,\"name\":\"Die Aktivit\u00e4t von Sysmatec\",\"item\":\"https:\\\/\\\/sysmatec.ch\\\/de\\\/\"},{\"@type\":\"ListItem\",\"position\":3,\"name\":\"Dampfsterilisator AstorClave 23\"}]},{\"@type\":\"WebSite\",\"@id\":\"https:\\\/\\\/sysmatec.ch\\\/de\\\/#website\",\"url\":\"https:\\\/\\\/sysmatec.ch\\\/de\\\/\",\"name\":\"Sysmatec\",\"description\":\"Equipement de laboratoire et logiciels\",\"publisher\":{\"@id\":\"https:\\\/\\\/sysmatec.ch\\\/de\\\/#organization\"},\"potentialAction\":[{\"@type\":\"SearchAction\",\"target\":{\"@type\":\"EntryPoint\",\"urlTemplate\":\"https:\\\/\\\/sysmatec.ch\\\/de\\\/?s={search_term_string}\"},\"query-input\":{\"@type\":\"PropertyValueSpecification\",\"valueRequired\":true,\"valueName\":\"search_term_string\"}}],\"inLanguage\":\"de\"},{\"@type\":\"Organization\",\"@id\":\"https:\\\/\\\/sysmatec.ch\\\/de\\\/#organization\",\"name\":\"Sysmatec\",\"url\":\"https:\\\/\\\/sysmatec.ch\\\/de\\\/\",\"logo\":{\"@type\":\"ImageObject\",\"inLanguage\":\"de\",\"@id\":\"https:\\\/\\\/sysmatec.ch\\\/de\\\/#\\\/schema\\\/logo\\\/image\\\/\",\"url\":\"https:\\\/\\\/sysmatec.ch\\\/wp-content\\\/uploads\\\/2018\\\/11\\\/LogoSysmatec.jpg\",\"contentUrl\":\"https:\\\/\\\/sysmatec.ch\\\/wp-content\\\/uploads\\\/2018\\\/11\\\/LogoSysmatec.jpg\",\"width\":301,\"height\":297,\"caption\":\"Sysmatec\"},\"image\":{\"@id\":\"https:\\\/\\\/sysmatec.ch\\\/de\\\/#\\\/schema\\\/logo\\\/image\\\/\"}}]}<\/script>\n<!-- \/ Yoast SEO plugin. -->","yoast_head_json":{"title":"Dampfsterilisator AstorClave 23 - Sysmatec","description":"Laborautoklav, mit dem Sie jegliche Ger\u00e4te oder Kulturmedien sterilisieren k\u00f6nnen. Temperatur bis 121\u00b0C.","robots":{"index":"index","follow":"follow","max-snippet":"max-snippet:-1","max-image-preview":"max-image-preview:large","max-video-preview":"max-video-preview:-1"},"canonical":"https:\/\/sysmatec.ch\/de\/Produkt\/dampfsterilisator-astorclave-23\/","og_locale":"de_DE","og_type":"article","og_title":"Dampfsterilisator AstorClave 23 - Sysmatec","og_description":"Laborautoklav, mit dem Sie jegliche Ger\u00e4te oder Kulturmedien sterilisieren k\u00f6nnen. Temperatur bis 121\u00b0C.","og_url":"https:\/\/sysmatec.ch\/de\/Produkt\/dampfsterilisator-astorclave-23\/","og_site_name":"Sysmatec","article_modified_time":"2024-01-10T20:29:40+00:00","og_image":[{"width":650,"height":763,"url":"https:\/\/sysmatec.ch\/wp-content\/uploads\/2019\/12\/Autoclave_AstorClave23_1.jpg","type":"image\/jpeg"}],"twitter_card":"summary_large_image","twitter_misc":{"Gesch\u00e4tzte Lesezeit":"2\u00a0Minuten"},"schema":{"@context":"https:\/\/schema.org","@graph":[{"@type":"WebPage","@id":"https:\/\/sysmatec.ch\/de\/Produkt\/dampfsterilisator-astorclave-23\/","url":"https:\/\/sysmatec.ch\/de\/Produkt\/dampfsterilisator-astorclave-23\/","name":"Dampfsterilisator AstorClave 23 - Sysmatec","isPartOf":{"@id":"https:\/\/sysmatec.ch\/de\/#website"},"primaryImageOfPage":{"@id":"https:\/\/sysmatec.ch\/de\/Produkt\/dampfsterilisator-astorclave-23\/#primaryimage"},"image":{"@id":"https:\/\/sysmatec.ch\/de\/Produkt\/dampfsterilisator-astorclave-23\/#primaryimage"},"thumbnailUrl":"https:\/\/sysmatec.ch\/wp-content\/uploads\/2019\/12\/Autoclave_AstorClave23_1.jpg","datePublished":"2019-12-06T14:35:16+00:00","dateModified":"2024-01-10T20:29:40+00:00","description":"Laborautoklav, mit dem Sie jegliche Ger\u00e4te oder Kulturmedien sterilisieren k\u00f6nnen. Temperatur bis 121\u00b0C.","breadcrumb":{"@id":"https:\/\/sysmatec.ch\/de\/Produkt\/dampfsterilisator-astorclave-23\/#breadcrumb"},"inLanguage":"de","potentialAction":[{"@type":"ReadAction","target":["https:\/\/sysmatec.ch\/de\/Produkt\/dampfsterilisator-astorclave-23\/"]}]},{"@type":"ImageObject","inLanguage":"de","@id":"https:\/\/sysmatec.ch\/de\/Produkt\/dampfsterilisator-astorclave-23\/#primaryimage","url":"https:\/\/sysmatec.ch\/wp-content\/uploads\/2019\/12\/Autoclave_AstorClave23_1.jpg","contentUrl":"https:\/\/sysmatec.ch\/wp-content\/uploads\/2019\/12\/Autoclave_AstorClave23_1.jpg","width":650,"height":763},{"@type":"BreadcrumbList","@id":"https:\/\/sysmatec.ch\/de\/Produkt\/dampfsterilisator-astorclave-23\/#breadcrumb","itemListElement":[{"@type":"ListItem","position":1,"name":"Accueil","item":"https:\/\/sysmatec.ch\/de\/"},{"@type":"ListItem","position":2,"name":"Die Aktivit\u00e4t von Sysmatec","item":"https:\/\/sysmatec.ch\/de\/"},{"@type":"ListItem","position":3,"name":"Dampfsterilisator AstorClave 23"}]},{"@type":"WebSite","@id":"https:\/\/sysmatec.ch\/de\/#website","url":"https:\/\/sysmatec.ch\/de\/","name":"Sysmatec","description":"Equipement de laboratoire et logiciels","publisher":{"@id":"https:\/\/sysmatec.ch\/de\/#organization"},"potentialAction":[{"@type":"SearchAction","target":{"@type":"EntryPoint","urlTemplate":"https:\/\/sysmatec.ch\/de\/?s={search_term_string}"},"query-input":{"@type":"PropertyValueSpecification","valueRequired":true,"valueName":"search_term_string"}}],"inLanguage":"de"},{"@type":"Organization","@id":"https:\/\/sysmatec.ch\/de\/#organization","name":"Sysmatec","url":"https:\/\/sysmatec.ch\/de\/","logo":{"@type":"ImageObject","inLanguage":"de","@id":"https:\/\/sysmatec.ch\/de\/#\/schema\/logo\/image\/","url":"https:\/\/sysmatec.ch\/wp-content\/uploads\/2018\/11\/LogoSysmatec.jpg","contentUrl":"https:\/\/sysmatec.ch\/wp-content\/uploads\/2018\/11\/LogoSysmatec.jpg","width":301,"height":297,"caption":"Sysmatec"},"image":{"@id":"https:\/\/sysmatec.ch\/de\/#\/schema\/logo\/image\/"}}]}},"_links":{"self":[{"href":"https:\/\/sysmatec.ch\/de\/wp-json\/wp\/v2\/product\/14346","targetHints":{"allow":["GET"]}}],"collection":[{"href":"https:\/\/sysmatec.ch\/de\/wp-json\/wp\/v2\/product"}],"about":[{"href":"https:\/\/sysmatec.ch\/de\/wp-json\/wp\/v2\/types\/product"}],"wp:featuredmedia":[{"embeddable":true,"href":"https:\/\/sysmatec.ch\/de\/wp-json\/wp\/v2\/media\/28898"}],"wp:attachment":[{"href":"https:\/\/sysmatec.ch\/de\/wp-json\/wp\/v2\/media?parent=14346"}],"wp:term":[{"taxonomy":"product_brand","embeddable":true,"href":"https:\/\/sysmatec.ch\/de\/wp-json\/wp\/v2\/product_brand?post=14346"},{"taxonomy":"product_cat","embeddable":true,"href":"https:\/\/sysmatec.ch\/de\/wp-json\/wp\/v2\/product_cat?post=14346"},{"taxonomy":"product_tag","embeddable":true,"href":"https:\/\/sysmatec.ch\/de\/wp-json\/wp\/v2\/product_tag?post=14346"}],"curies":[{"name":"wp","href":"https:\/\/api.w.org\/{rel}","templated":true}]}}