{"id":14335,"date":"2019-12-06T11:16:47","date_gmt":"2019-12-06T12:40:16","guid":{"rendered":"https:\/\/sysmatec.ch\/?post_type=product&#038;p=14335"},"modified":"2021-12-07T21:27:27","modified_gmt":"2021-12-07T20:27:27","slug":"bacti-cinerator-sterilisator-bcs-2","status":"publish","type":"product","link":"https:\/\/sysmatec.ch\/de\/Produkt\/bacti-cinerator-sterilisator-bcs-2\/","title":{"rendered":"Bacti-Cinerator Sterilisator BCS"},"content":{"rendered":"<p>Der Bacti-Cinerator Sterilizer <span class=\"VIiyi\" lang=\"de\"><span class=\"JLqJ4b ChMk0b\" data-language-for-alternatives=\"de\" data-language-to-translate-into=\"fr\" data-phrase-index=\"2\" data-number-of-phrases=\"3\">zerst\u00f6rt <\/span><\/span>Mikroorganismen unter Verwendung der von einem Keramikkernelement erzeugten Infrarotw\u00e4rme. Das Keramikelement enth\u00e4lt kein Asbest und sorgt f\u00fcr maximale Sterilit\u00e4t, ohne \u00fcber die Arbeitsfl\u00e4che zu spritzen. Die vollst\u00e4ndige Sterilisation erfolgt innerhalb von 5 bis7 Sekunden bei einer optimalen Sterilisationstemperatur von815 \u00b0C. Der geringe Platzbedarf macht den Bacti-Cinerator Sterilizer zum idealen Instrument f\u00fcr anaerobe und aerobe Kammern.<\/p>\n<p>F\u00fcr den Sterilisator Bacti-Cinerator sind auch verschiedene benutzerfreundliche Zubeh\u00f6rteile erh\u00e4ltlich.<\/p>\n<h2>Eigenschaften des\u00a0 Sterilisator<\/h2>\n<ul>\n<li>Sterilisiert Nadeln, Schlingen und R\u00f6hrchen\u00f6ffnungen in f\u00fcnf bis sieben Sekunden bei einer optimalen Sterilisationstemperatur von 815,6 \u00b0 C (1500 \u00b0 F).<\/li>\n<li>Keramisches Trichterrohr, das in einem perforierten Edelstahlschutz und einem Edelstahlst\u00fctzfu\u00df eingeschlossen ist<\/li>\n<li>F\u00fcr AC220V 50 \/ 60Hz<\/li>\n<\/ul>\n<h2>Spezifikation des\u00a0 Sterilisator<\/h2>\n<table width=\"598\">\n<tbody>\n<tr>\n<td width=\"212\">Modell<\/td>\n<td width=\"196\">BCS-14<\/td>\n<td width=\"190\">BCS-35<\/td>\n<\/tr>\n<tr>\n<td>Temperatur in der Mitte<\/td>\n<td colspan=\"2\">825\u00b0C +\/-50\u00b0C<\/td>\n<\/tr>\n<tr>\n<td>Max. Materialdurchmesser<\/td>\n<td>\u03a614<\/td>\n<td>\u03a635<\/td>\n<\/tr>\n<tr>\n<td>Tiefe<\/td>\n<td>150mm<\/td>\n<td>100mm<\/td>\n<\/tr>\n<tr>\n<td>Dimension (DXWXH)<\/td>\n<td>185X100X190mm<\/td>\n<td width=\"190\">162X98X192mm<\/td>\n<\/tr>\n<tr>\n<td width=\"212\">Verbrauch<\/td>\n<td>170W<\/td>\n<td>320W<\/td>\n<\/tr>\n<tr>\n<td>Gewicht<\/td>\n<td>1.1kg<\/td>\n<td>1.5kg<\/td>\n<\/tr>\n<\/tbody>\n<\/table>\n","protected":false},"excerpt":{"rendered":"<p>Bacti-Cinerator Sterilisator<\/p>\n","protected":false},"featured_media":14328,"template":"","meta":{"_crdt_document":""},"product_brand":[],"product_cat":[151],"product_tag":[],"class_list":{"0":"post-14335","1":"product","2":"type-product","3":"status-publish","4":"has-post-thumbnail","6":"product_cat-bunsenbrenner","8":"first","9":"instock","10":"taxable","11":"shipping-taxable","12":"product-type-simple"},"yoast_head":"<!-- This site is optimized with the Yoast SEO plugin v27.3 - https:\/\/yoast.com\/product\/yoast-seo-wordpress\/ -->\n<title>Bacti-Cinerator Sterilisator BCS - Sysmatec<\/title>\n<meta name=\"description\" content=\"Sterilisator zur Dekontamination von Nadeln, Ose-Loop f\u00fcr Kulturen von Mikroorganismen bei sehr hohen Temperaturen.\" \/>\n<meta name=\"robots\" content=\"index, follow, max-snippet:-1, max-image-preview:large, max-video-preview:-1\" \/>\n<link rel=\"canonical\" href=\"https:\/\/sysmatec.ch\/de\/produit\/bacti-cinerator-sterilisator-bcs-2\/\" \/>\n<meta property=\"og:locale\" content=\"de_DE\" \/>\n<meta property=\"og:type\" content=\"article\" \/>\n<meta property=\"og:title\" content=\"Bacti-Cinerator Sterilisator BCS - Sysmatec\" \/>\n<meta property=\"og:description\" content=\"Sterilisator zur Dekontamination von Nadeln, Ose-Loop f\u00fcr Kulturen von Mikroorganismen bei sehr hohen Temperaturen.\" \/>\n<meta property=\"og:url\" content=\"https:\/\/sysmatec.ch\/de\/produit\/bacti-cinerator-sterilisator-bcs-2\/\" \/>\n<meta property=\"og:site_name\" content=\"Sysmatec\" \/>\n<meta property=\"article:modified_time\" content=\"2021-12-07T20:27:27+00:00\" \/>\n<meta property=\"og:image\" content=\"https:\/\/sysmatec.ch\/wp-content\/uploads\/2019\/12\/Bacticinerator_BCSAELab.jpg\" \/>\n\t<meta property=\"og:image:width\" content=\"215\" \/>\n\t<meta property=\"og:image:height\" content=\"274\" \/>\n\t<meta property=\"og:image:type\" content=\"image\/jpeg\" \/>\n<meta name=\"twitter:card\" content=\"summary_large_image\" \/>\n<meta name=\"twitter:label1\" content=\"Gesch\u00e4tzte Lesezeit\" \/>\n\t<meta name=\"twitter:data1\" content=\"1\u00a0Minute\" \/>\n<script type=\"application\/ld+json\" class=\"yoast-schema-graph\">{\"@context\":\"https:\\\/\\\/schema.org\",\"@graph\":[{\"@type\":\"WebPage\",\"@id\":\"https:\\\/\\\/sysmatec.ch\\\/de\\\/produit\\\/bacti-cinerator-sterilisator-bcs-2\\\/\",\"url\":\"https:\\\/\\\/sysmatec.ch\\\/de\\\/produit\\\/bacti-cinerator-sterilisator-bcs-2\\\/\",\"name\":\"Bacti-Cinerator Sterilisator BCS - Sysmatec\",\"isPartOf\":{\"@id\":\"https:\\\/\\\/sysmatec.ch\\\/de\\\/#website\"},\"primaryImageOfPage\":{\"@id\":\"https:\\\/\\\/sysmatec.ch\\\/de\\\/produit\\\/bacti-cinerator-sterilisator-bcs-2\\\/#primaryimage\"},\"image\":{\"@id\":\"https:\\\/\\\/sysmatec.ch\\\/de\\\/produit\\\/bacti-cinerator-sterilisator-bcs-2\\\/#primaryimage\"},\"thumbnailUrl\":\"https:\\\/\\\/sysmatec.ch\\\/wp-content\\\/uploads\\\/2019\\\/12\\\/Bacticinerator_BCSAELab.jpg\",\"datePublished\":\"2019-12-06T12:40:16+00:00\",\"dateModified\":\"2021-12-07T20:27:27+00:00\",\"description\":\"Sterilisator zur Dekontamination von Nadeln, Ose-Loop f\u00fcr Kulturen von Mikroorganismen bei sehr hohen Temperaturen.\",\"breadcrumb\":{\"@id\":\"https:\\\/\\\/sysmatec.ch\\\/de\\\/produit\\\/bacti-cinerator-sterilisator-bcs-2\\\/#breadcrumb\"},\"inLanguage\":\"de\",\"potentialAction\":[{\"@type\":\"ReadAction\",\"target\":[\"https:\\\/\\\/sysmatec.ch\\\/de\\\/produit\\\/bacti-cinerator-sterilisator-bcs-2\\\/\"]}]},{\"@type\":\"ImageObject\",\"inLanguage\":\"de\",\"@id\":\"https:\\\/\\\/sysmatec.ch\\\/de\\\/produit\\\/bacti-cinerator-sterilisator-bcs-2\\\/#primaryimage\",\"url\":\"https:\\\/\\\/sysmatec.ch\\\/wp-content\\\/uploads\\\/2019\\\/12\\\/Bacticinerator_BCSAELab.jpg\",\"contentUrl\":\"https:\\\/\\\/sysmatec.ch\\\/wp-content\\\/uploads\\\/2019\\\/12\\\/Bacticinerator_BCSAELab.jpg\",\"width\":215,\"height\":274},{\"@type\":\"BreadcrumbList\",\"@id\":\"https:\\\/\\\/sysmatec.ch\\\/de\\\/produit\\\/bacti-cinerator-sterilisator-bcs-2\\\/#breadcrumb\",\"itemListElement\":[{\"@type\":\"ListItem\",\"position\":1,\"name\":\"Accueil\",\"item\":\"https:\\\/\\\/sysmatec.ch\\\/de\\\/\"},{\"@type\":\"ListItem\",\"position\":2,\"name\":\"Die Aktivit\u00e4t von Sysmatec\",\"item\":\"https:\\\/\\\/sysmatec.ch\\\/de\\\/\"},{\"@type\":\"ListItem\",\"position\":3,\"name\":\"Bacti-Cinerator Sterilisator BCS\"}]},{\"@type\":\"WebSite\",\"@id\":\"https:\\\/\\\/sysmatec.ch\\\/de\\\/#website\",\"url\":\"https:\\\/\\\/sysmatec.ch\\\/de\\\/\",\"name\":\"Sysmatec\",\"description\":\"Equipement de laboratoire et logiciels\",\"publisher\":{\"@id\":\"https:\\\/\\\/sysmatec.ch\\\/de\\\/#organization\"},\"potentialAction\":[{\"@type\":\"SearchAction\",\"target\":{\"@type\":\"EntryPoint\",\"urlTemplate\":\"https:\\\/\\\/sysmatec.ch\\\/de\\\/?s={search_term_string}\"},\"query-input\":{\"@type\":\"PropertyValueSpecification\",\"valueRequired\":true,\"valueName\":\"search_term_string\"}}],\"inLanguage\":\"de\"},{\"@type\":\"Organization\",\"@id\":\"https:\\\/\\\/sysmatec.ch\\\/de\\\/#organization\",\"name\":\"Sysmatec\",\"url\":\"https:\\\/\\\/sysmatec.ch\\\/de\\\/\",\"logo\":{\"@type\":\"ImageObject\",\"inLanguage\":\"de\",\"@id\":\"https:\\\/\\\/sysmatec.ch\\\/de\\\/#\\\/schema\\\/logo\\\/image\\\/\",\"url\":\"https:\\\/\\\/sysmatec.ch\\\/wp-content\\\/uploads\\\/2018\\\/11\\\/LogoSysmatec.jpg\",\"contentUrl\":\"https:\\\/\\\/sysmatec.ch\\\/wp-content\\\/uploads\\\/2018\\\/11\\\/LogoSysmatec.jpg\",\"width\":301,\"height\":297,\"caption\":\"Sysmatec\"},\"image\":{\"@id\":\"https:\\\/\\\/sysmatec.ch\\\/de\\\/#\\\/schema\\\/logo\\\/image\\\/\"}}]}<\/script>\n<!-- \/ Yoast SEO plugin. -->","yoast_head_json":{"title":"Bacti-Cinerator Sterilisator BCS - Sysmatec","description":"Sterilisator zur Dekontamination von Nadeln, Ose-Loop f\u00fcr Kulturen von Mikroorganismen bei sehr hohen Temperaturen.","robots":{"index":"index","follow":"follow","max-snippet":"max-snippet:-1","max-image-preview":"max-image-preview:large","max-video-preview":"max-video-preview:-1"},"canonical":"https:\/\/sysmatec.ch\/de\/produit\/bacti-cinerator-sterilisator-bcs-2\/","og_locale":"de_DE","og_type":"article","og_title":"Bacti-Cinerator Sterilisator BCS - Sysmatec","og_description":"Sterilisator zur Dekontamination von Nadeln, Ose-Loop f\u00fcr Kulturen von Mikroorganismen bei sehr hohen Temperaturen.","og_url":"https:\/\/sysmatec.ch\/de\/produit\/bacti-cinerator-sterilisator-bcs-2\/","og_site_name":"Sysmatec","article_modified_time":"2021-12-07T20:27:27+00:00","og_image":[{"width":215,"height":274,"url":"https:\/\/sysmatec.ch\/wp-content\/uploads\/2019\/12\/Bacticinerator_BCSAELab.jpg","type":"image\/jpeg"}],"twitter_card":"summary_large_image","twitter_misc":{"Gesch\u00e4tzte Lesezeit":"1\u00a0Minute"},"schema":{"@context":"https:\/\/schema.org","@graph":[{"@type":"WebPage","@id":"https:\/\/sysmatec.ch\/de\/produit\/bacti-cinerator-sterilisator-bcs-2\/","url":"https:\/\/sysmatec.ch\/de\/produit\/bacti-cinerator-sterilisator-bcs-2\/","name":"Bacti-Cinerator Sterilisator BCS - Sysmatec","isPartOf":{"@id":"https:\/\/sysmatec.ch\/de\/#website"},"primaryImageOfPage":{"@id":"https:\/\/sysmatec.ch\/de\/produit\/bacti-cinerator-sterilisator-bcs-2\/#primaryimage"},"image":{"@id":"https:\/\/sysmatec.ch\/de\/produit\/bacti-cinerator-sterilisator-bcs-2\/#primaryimage"},"thumbnailUrl":"https:\/\/sysmatec.ch\/wp-content\/uploads\/2019\/12\/Bacticinerator_BCSAELab.jpg","datePublished":"2019-12-06T12:40:16+00:00","dateModified":"2021-12-07T20:27:27+00:00","description":"Sterilisator zur Dekontamination von Nadeln, Ose-Loop f\u00fcr Kulturen von Mikroorganismen bei sehr hohen Temperaturen.","breadcrumb":{"@id":"https:\/\/sysmatec.ch\/de\/produit\/bacti-cinerator-sterilisator-bcs-2\/#breadcrumb"},"inLanguage":"de","potentialAction":[{"@type":"ReadAction","target":["https:\/\/sysmatec.ch\/de\/produit\/bacti-cinerator-sterilisator-bcs-2\/"]}]},{"@type":"ImageObject","inLanguage":"de","@id":"https:\/\/sysmatec.ch\/de\/produit\/bacti-cinerator-sterilisator-bcs-2\/#primaryimage","url":"https:\/\/sysmatec.ch\/wp-content\/uploads\/2019\/12\/Bacticinerator_BCSAELab.jpg","contentUrl":"https:\/\/sysmatec.ch\/wp-content\/uploads\/2019\/12\/Bacticinerator_BCSAELab.jpg","width":215,"height":274},{"@type":"BreadcrumbList","@id":"https:\/\/sysmatec.ch\/de\/produit\/bacti-cinerator-sterilisator-bcs-2\/#breadcrumb","itemListElement":[{"@type":"ListItem","position":1,"name":"Accueil","item":"https:\/\/sysmatec.ch\/de\/"},{"@type":"ListItem","position":2,"name":"Die Aktivit\u00e4t von Sysmatec","item":"https:\/\/sysmatec.ch\/de\/"},{"@type":"ListItem","position":3,"name":"Bacti-Cinerator Sterilisator BCS"}]},{"@type":"WebSite","@id":"https:\/\/sysmatec.ch\/de\/#website","url":"https:\/\/sysmatec.ch\/de\/","name":"Sysmatec","description":"Equipement de laboratoire et logiciels","publisher":{"@id":"https:\/\/sysmatec.ch\/de\/#organization"},"potentialAction":[{"@type":"SearchAction","target":{"@type":"EntryPoint","urlTemplate":"https:\/\/sysmatec.ch\/de\/?s={search_term_string}"},"query-input":{"@type":"PropertyValueSpecification","valueRequired":true,"valueName":"search_term_string"}}],"inLanguage":"de"},{"@type":"Organization","@id":"https:\/\/sysmatec.ch\/de\/#organization","name":"Sysmatec","url":"https:\/\/sysmatec.ch\/de\/","logo":{"@type":"ImageObject","inLanguage":"de","@id":"https:\/\/sysmatec.ch\/de\/#\/schema\/logo\/image\/","url":"https:\/\/sysmatec.ch\/wp-content\/uploads\/2018\/11\/LogoSysmatec.jpg","contentUrl":"https:\/\/sysmatec.ch\/wp-content\/uploads\/2018\/11\/LogoSysmatec.jpg","width":301,"height":297,"caption":"Sysmatec"},"image":{"@id":"https:\/\/sysmatec.ch\/de\/#\/schema\/logo\/image\/"}}]}},"_links":{"self":[{"href":"https:\/\/sysmatec.ch\/de\/wp-json\/wp\/v2\/product\/14335","targetHints":{"allow":["GET"]}}],"collection":[{"href":"https:\/\/sysmatec.ch\/de\/wp-json\/wp\/v2\/product"}],"about":[{"href":"https:\/\/sysmatec.ch\/de\/wp-json\/wp\/v2\/types\/product"}],"wp:featuredmedia":[{"embeddable":true,"href":"https:\/\/sysmatec.ch\/de\/wp-json\/wp\/v2\/media\/14328"}],"wp:attachment":[{"href":"https:\/\/sysmatec.ch\/de\/wp-json\/wp\/v2\/media?parent=14335"}],"wp:term":[{"taxonomy":"product_brand","embeddable":true,"href":"https:\/\/sysmatec.ch\/de\/wp-json\/wp\/v2\/product_brand?post=14335"},{"taxonomy":"product_cat","embeddable":true,"href":"https:\/\/sysmatec.ch\/de\/wp-json\/wp\/v2\/product_cat?post=14335"},{"taxonomy":"product_tag","embeddable":true,"href":"https:\/\/sysmatec.ch\/de\/wp-json\/wp\/v2\/product_tag?post=14335"}],"curies":[{"name":"wp","href":"https:\/\/api.w.org\/{rel}","templated":true}]}}