{"id":14315,"date":"2019-12-06T08:34:20","date_gmt":"2019-12-06T08:06:52","guid":{"rendered":"https:\/\/sysmatec.ch\/?post_type=product&#038;p=14315"},"modified":"2021-12-07T21:55:35","modified_gmt":"2021-12-07T20:55:35","slug":"touch-screen-schmelzpunkt-geraet-dmp","status":"publish","type":"product","link":"https:\/\/sysmatec.ch\/de\/Produkt\/touch-screen-schmelzpunkt-geraet-dmp\/","title":{"rendered":"Touch Screen Schmelzpunkt-Ger\u00e4t DMP"},"content":{"rendered":"<p>Buntes Touchscreen-Display.Temperaturerh\u00f6hung kann einfach von 0.1 bis 10 \u2103 \/ min eingestellt werden.<\/p>\n<p>Bis zu 3 Proben k\u00f6nnen gleichzeitig getestet werden.<\/p>\n<p>Die Temperatur kann bis zu 400 \u2103 erreichen.<\/p>\n<p>Hochaufl\u00f6sende Mikroskoplinsen k\u00f6nnen die Probe klar beobachten. Der eingebaute L\u00fcfter kann die Temperatur leicht senken und die n\u00e4chsten Proben testen.<\/p>\n<p>PID-Regeltemperatur, vollst\u00e4ndig geschlossenes Design des Ofenk\u00f6rpers, um Empyrose f\u00fcr den Benutzer zu vermeiden.<\/p>\n<p>Anwendungen:Schmelzpunktvorrichtung ist in der chemischen Industrie und in der Medizin weit verbreitet.<\/p>\n<p>Es ist ein sehr n\u00fctzliches Instrument f\u00fcr die Herstellung von Lebensmitteln, Arzneimitteln, Gew\u00fcrzen, Farbstoffen und anderen organischen Kristallen.<\/p>\n<h2>Schmelzpunkt-Ger\u00e4t Eigenschaften<\/h2>\n<table width=\"598\">\n<tbody>\n<tr>\n<td width=\"212\">Modell<\/td>\n<td width=\"196\">DMP-800<\/td>\n<td width=\"190\">DMP-600<\/td>\n<\/tr>\n<tr>\n<td>Temperatur Bereich<\/td>\n<td>Raumtemperatur bis zu 400\u2103<\/td>\n<td>Raumtemperatur\u00a0 bis zu 320\u2103<\/td>\n<\/tr>\n<tr>\n<td>K\u00fchlung<\/td>\n<td>Eingebaute Luftk\u00fchlung<\/td>\n<td>keine<\/td>\n<\/tr>\n<tr>\n<td>Aufl\u00f6sung<\/td>\n<td colspan=\"2\">0.1\u2103<\/td>\n<\/tr>\n<tr>\n<td>Temperatur Erh\u00f6hung Geschwindigkeit<\/td>\n<td colspan=\"2\">0.1\u2103-10\u2103 (100 Temperatur Werte)<\/td>\n<\/tr>\n<tr>\n<td width=\"212\">Temperaturkontrol Methode<\/td>\n<td colspan=\"2\">PID-Regeltemperatur, vollst\u00e4ndig geschlossene Ausf\u00fchrung des Ofenk\u00f6rpers<\/td>\n<\/tr>\n<tr>\n<td>Genauigkeit<\/td>\n<td colspan=\"2\">\u00b10.4\u2103\uff08&lt;250\u2103\uff09,\u00b10.7\u2103\uff08&gt;250\u2103\uff09<\/td>\n<\/tr>\n<tr>\n<td>Wiederholbarkeit<\/td>\n<td colspan=\"2\">Bei 0.1\u2103\/Min, <span style=\"display: inline !important; float: none; background-color: #ffffff; color: #333333; cursor: text; font-family: Georgia,'Times New Roman','Bitstream Charter',Times,serif; font-size: 16px; font-style: normal; font-variant: normal; font-weight: 400; letter-spacing: normal; orphans: 2; text-align: left; text-decoration: none; text-indent: 0px; text-transform: none; -webkit-text-stroke-width: 0px; white-space: normal; word-spacing: 0px;\">Wiederholbarkeit<\/span> \u00b10.3\u2103<\/td>\n<\/tr>\n<tr>\n<td>Display<\/td>\n<td colspan=\"2\">FTF Farb-Touchscreen mit hoher Aufl\u00f6sung<\/td>\n<\/tr>\n<tr>\n<td>Ausgang<\/td>\n<td colspan=\"2\">RS232 interface<\/td>\n<\/tr>\n<tr>\n<td>Probenr\u00f6hrchen<\/td>\n<td colspan=\"2\">Au\u00dfendurchmesser 1,6 mm, Innendurchmesser 1,2 mm<\/td>\n<\/tr>\n<tr>\n<td>Spannung<\/td>\n<td colspan=\"2\">100V-240V 50HZ-60HZ<\/td>\n<\/tr>\n<tr>\n<td>Verbrauch<\/td>\n<td colspan=\"2\">100W<\/td>\n<\/tr>\n<tr>\n<td>Gr\u00f6sse<\/td>\n<td colspan=\"2\">250mm*250mm*150mm<\/td>\n<\/tr>\n<tr>\n<td>Gewicht<\/td>\n<td colspan=\"2\">1.2kg<\/td>\n<\/tr>\n<\/tbody>\n<\/table>\n","protected":false},"excerpt":{"rendered":"<p>Touch Screen Schmelzpunkt-Ger\u00e4t<\/p>\n","protected":false},"featured_media":14305,"template":"","meta":{"_crdt_document":""},"product_brand":[],"product_cat":[409],"product_tag":[],"class_list":{"0":"post-14315","1":"product","2":"type-product","3":"status-publish","4":"has-post-thumbnail","6":"product_cat-schmelzpunkt","8":"first","9":"instock","10":"taxable","11":"shipping-taxable","12":"product-type-simple"},"yoast_head":"<!-- This site is optimized with the Yoast SEO plugin v27.4 - https:\/\/yoast.com\/product\/yoast-seo-wordpress\/ -->\n<title>Touch Screen Schmelzpunkt-Ger\u00e4t DMP - Sysmatec<\/title>\n<meta name=\"description\" content=\"Schmelzpunktmessger\u00e4t. Die Proben werden in einen Ofen mit einer Temperatur von bis zu 400 \u00b0 C gelegt.\" \/>\n<meta name=\"robots\" content=\"index, follow, max-snippet:-1, max-image-preview:large, max-video-preview:-1\" \/>\n<link rel=\"canonical\" href=\"https:\/\/sysmatec.ch\/de\/produit\/touch-screen-schmelzpunkt-geraet-dmp\/\" \/>\n<meta property=\"og:locale\" content=\"de_DE\" \/>\n<meta property=\"og:type\" content=\"article\" \/>\n<meta property=\"og:title\" content=\"Touch Screen Schmelzpunkt-Ger\u00e4t DMP - Sysmatec\" \/>\n<meta property=\"og:description\" content=\"Schmelzpunktmessger\u00e4t. Die Proben werden in einen Ofen mit einer Temperatur von bis zu 400 \u00b0 C gelegt.\" \/>\n<meta property=\"og:url\" content=\"https:\/\/sysmatec.ch\/de\/produit\/touch-screen-schmelzpunkt-geraet-dmp\/\" \/>\n<meta property=\"og:site_name\" content=\"Sysmatec\" \/>\n<meta property=\"article:modified_time\" content=\"2021-12-07T20:55:35+00:00\" \/>\n<meta property=\"og:image\" content=\"https:\/\/sysmatec.ch\/wp-content\/uploads\/2019\/12\/MeltingPoint_DMP800AELab.jpg\" \/>\n\t<meta property=\"og:image:width\" content=\"250\" \/>\n\t<meta property=\"og:image:height\" content=\"219\" \/>\n\t<meta property=\"og:image:type\" content=\"image\/jpeg\" \/>\n<meta name=\"twitter:card\" content=\"summary_large_image\" \/>\n<meta name=\"twitter:label1\" content=\"Gesch\u00e4tzte Lesezeit\" \/>\n\t<meta name=\"twitter:data1\" content=\"1\u00a0Minute\" \/>\n<script type=\"application\/ld+json\" class=\"yoast-schema-graph\">{\"@context\":\"https:\\\/\\\/schema.org\",\"@graph\":[{\"@type\":\"WebPage\",\"@id\":\"https:\\\/\\\/sysmatec.ch\\\/de\\\/produit\\\/touch-screen-schmelzpunkt-geraet-dmp\\\/\",\"url\":\"https:\\\/\\\/sysmatec.ch\\\/de\\\/produit\\\/touch-screen-schmelzpunkt-geraet-dmp\\\/\",\"name\":\"Touch Screen Schmelzpunkt-Ger\u00e4t DMP - Sysmatec\",\"isPartOf\":{\"@id\":\"https:\\\/\\\/sysmatec.ch\\\/de\\\/#website\"},\"primaryImageOfPage\":{\"@id\":\"https:\\\/\\\/sysmatec.ch\\\/de\\\/produit\\\/touch-screen-schmelzpunkt-geraet-dmp\\\/#primaryimage\"},\"image\":{\"@id\":\"https:\\\/\\\/sysmatec.ch\\\/de\\\/produit\\\/touch-screen-schmelzpunkt-geraet-dmp\\\/#primaryimage\"},\"thumbnailUrl\":\"https:\\\/\\\/sysmatec.ch\\\/wp-content\\\/uploads\\\/2019\\\/12\\\/MeltingPoint_DMP800AELab.jpg\",\"datePublished\":\"2019-12-06T08:06:52+00:00\",\"dateModified\":\"2021-12-07T20:55:35+00:00\",\"description\":\"Schmelzpunktmessger\u00e4t. Die Proben werden in einen Ofen mit einer Temperatur von bis zu 400 \u00b0 C gelegt.\",\"breadcrumb\":{\"@id\":\"https:\\\/\\\/sysmatec.ch\\\/de\\\/produit\\\/touch-screen-schmelzpunkt-geraet-dmp\\\/#breadcrumb\"},\"inLanguage\":\"de\",\"potentialAction\":[{\"@type\":\"ReadAction\",\"target\":[\"https:\\\/\\\/sysmatec.ch\\\/de\\\/produit\\\/touch-screen-schmelzpunkt-geraet-dmp\\\/\"]}]},{\"@type\":\"ImageObject\",\"inLanguage\":\"de\",\"@id\":\"https:\\\/\\\/sysmatec.ch\\\/de\\\/produit\\\/touch-screen-schmelzpunkt-geraet-dmp\\\/#primaryimage\",\"url\":\"https:\\\/\\\/sysmatec.ch\\\/wp-content\\\/uploads\\\/2019\\\/12\\\/MeltingPoint_DMP800AELab.jpg\",\"contentUrl\":\"https:\\\/\\\/sysmatec.ch\\\/wp-content\\\/uploads\\\/2019\\\/12\\\/MeltingPoint_DMP800AELab.jpg\",\"width\":250,\"height\":219},{\"@type\":\"BreadcrumbList\",\"@id\":\"https:\\\/\\\/sysmatec.ch\\\/de\\\/produit\\\/touch-screen-schmelzpunkt-geraet-dmp\\\/#breadcrumb\",\"itemListElement\":[{\"@type\":\"ListItem\",\"position\":1,\"name\":\"Accueil\",\"item\":\"https:\\\/\\\/sysmatec.ch\\\/de\\\/\"},{\"@type\":\"ListItem\",\"position\":2,\"name\":\"Die Aktivit\u00e4t von Sysmatec\",\"item\":\"https:\\\/\\\/sysmatec.ch\\\/de\\\/\"},{\"@type\":\"ListItem\",\"position\":3,\"name\":\"Touch Screen Schmelzpunkt-Ger\u00e4t DMP\"}]},{\"@type\":\"WebSite\",\"@id\":\"https:\\\/\\\/sysmatec.ch\\\/de\\\/#website\",\"url\":\"https:\\\/\\\/sysmatec.ch\\\/de\\\/\",\"name\":\"Sysmatec\",\"description\":\"Equipement de laboratoire et logiciels\",\"publisher\":{\"@id\":\"https:\\\/\\\/sysmatec.ch\\\/de\\\/#organization\"},\"potentialAction\":[{\"@type\":\"SearchAction\",\"target\":{\"@type\":\"EntryPoint\",\"urlTemplate\":\"https:\\\/\\\/sysmatec.ch\\\/de\\\/?s={search_term_string}\"},\"query-input\":{\"@type\":\"PropertyValueSpecification\",\"valueRequired\":true,\"valueName\":\"search_term_string\"}}],\"inLanguage\":\"de\"},{\"@type\":\"Organization\",\"@id\":\"https:\\\/\\\/sysmatec.ch\\\/de\\\/#organization\",\"name\":\"Sysmatec\",\"url\":\"https:\\\/\\\/sysmatec.ch\\\/de\\\/\",\"logo\":{\"@type\":\"ImageObject\",\"inLanguage\":\"de\",\"@id\":\"https:\\\/\\\/sysmatec.ch\\\/de\\\/#\\\/schema\\\/logo\\\/image\\\/\",\"url\":\"https:\\\/\\\/sysmatec.ch\\\/wp-content\\\/uploads\\\/2018\\\/11\\\/LogoSysmatec.jpg\",\"contentUrl\":\"https:\\\/\\\/sysmatec.ch\\\/wp-content\\\/uploads\\\/2018\\\/11\\\/LogoSysmatec.jpg\",\"width\":301,\"height\":297,\"caption\":\"Sysmatec\"},\"image\":{\"@id\":\"https:\\\/\\\/sysmatec.ch\\\/de\\\/#\\\/schema\\\/logo\\\/image\\\/\"}}]}<\/script>\n<!-- \/ Yoast SEO plugin. -->","yoast_head_json":{"title":"Touch Screen Schmelzpunkt-Ger\u00e4t DMP - Sysmatec","description":"Schmelzpunktmessger\u00e4t. Die Proben werden in einen Ofen mit einer Temperatur von bis zu 400 \u00b0 C gelegt.","robots":{"index":"index","follow":"follow","max-snippet":"max-snippet:-1","max-image-preview":"max-image-preview:large","max-video-preview":"max-video-preview:-1"},"canonical":"https:\/\/sysmatec.ch\/de\/produit\/touch-screen-schmelzpunkt-geraet-dmp\/","og_locale":"de_DE","og_type":"article","og_title":"Touch Screen Schmelzpunkt-Ger\u00e4t DMP - Sysmatec","og_description":"Schmelzpunktmessger\u00e4t. Die Proben werden in einen Ofen mit einer Temperatur von bis zu 400 \u00b0 C gelegt.","og_url":"https:\/\/sysmatec.ch\/de\/produit\/touch-screen-schmelzpunkt-geraet-dmp\/","og_site_name":"Sysmatec","article_modified_time":"2021-12-07T20:55:35+00:00","og_image":[{"width":250,"height":219,"url":"https:\/\/sysmatec.ch\/wp-content\/uploads\/2019\/12\/MeltingPoint_DMP800AELab.jpg","type":"image\/jpeg"}],"twitter_card":"summary_large_image","twitter_misc":{"Gesch\u00e4tzte Lesezeit":"1\u00a0Minute"},"schema":{"@context":"https:\/\/schema.org","@graph":[{"@type":"WebPage","@id":"https:\/\/sysmatec.ch\/de\/produit\/touch-screen-schmelzpunkt-geraet-dmp\/","url":"https:\/\/sysmatec.ch\/de\/produit\/touch-screen-schmelzpunkt-geraet-dmp\/","name":"Touch Screen Schmelzpunkt-Ger\u00e4t DMP - Sysmatec","isPartOf":{"@id":"https:\/\/sysmatec.ch\/de\/#website"},"primaryImageOfPage":{"@id":"https:\/\/sysmatec.ch\/de\/produit\/touch-screen-schmelzpunkt-geraet-dmp\/#primaryimage"},"image":{"@id":"https:\/\/sysmatec.ch\/de\/produit\/touch-screen-schmelzpunkt-geraet-dmp\/#primaryimage"},"thumbnailUrl":"https:\/\/sysmatec.ch\/wp-content\/uploads\/2019\/12\/MeltingPoint_DMP800AELab.jpg","datePublished":"2019-12-06T08:06:52+00:00","dateModified":"2021-12-07T20:55:35+00:00","description":"Schmelzpunktmessger\u00e4t. Die Proben werden in einen Ofen mit einer Temperatur von bis zu 400 \u00b0 C gelegt.","breadcrumb":{"@id":"https:\/\/sysmatec.ch\/de\/produit\/touch-screen-schmelzpunkt-geraet-dmp\/#breadcrumb"},"inLanguage":"de","potentialAction":[{"@type":"ReadAction","target":["https:\/\/sysmatec.ch\/de\/produit\/touch-screen-schmelzpunkt-geraet-dmp\/"]}]},{"@type":"ImageObject","inLanguage":"de","@id":"https:\/\/sysmatec.ch\/de\/produit\/touch-screen-schmelzpunkt-geraet-dmp\/#primaryimage","url":"https:\/\/sysmatec.ch\/wp-content\/uploads\/2019\/12\/MeltingPoint_DMP800AELab.jpg","contentUrl":"https:\/\/sysmatec.ch\/wp-content\/uploads\/2019\/12\/MeltingPoint_DMP800AELab.jpg","width":250,"height":219},{"@type":"BreadcrumbList","@id":"https:\/\/sysmatec.ch\/de\/produit\/touch-screen-schmelzpunkt-geraet-dmp\/#breadcrumb","itemListElement":[{"@type":"ListItem","position":1,"name":"Accueil","item":"https:\/\/sysmatec.ch\/de\/"},{"@type":"ListItem","position":2,"name":"Die Aktivit\u00e4t von Sysmatec","item":"https:\/\/sysmatec.ch\/de\/"},{"@type":"ListItem","position":3,"name":"Touch Screen Schmelzpunkt-Ger\u00e4t DMP"}]},{"@type":"WebSite","@id":"https:\/\/sysmatec.ch\/de\/#website","url":"https:\/\/sysmatec.ch\/de\/","name":"Sysmatec","description":"Equipement de laboratoire et logiciels","publisher":{"@id":"https:\/\/sysmatec.ch\/de\/#organization"},"potentialAction":[{"@type":"SearchAction","target":{"@type":"EntryPoint","urlTemplate":"https:\/\/sysmatec.ch\/de\/?s={search_term_string}"},"query-input":{"@type":"PropertyValueSpecification","valueRequired":true,"valueName":"search_term_string"}}],"inLanguage":"de"},{"@type":"Organization","@id":"https:\/\/sysmatec.ch\/de\/#organization","name":"Sysmatec","url":"https:\/\/sysmatec.ch\/de\/","logo":{"@type":"ImageObject","inLanguage":"de","@id":"https:\/\/sysmatec.ch\/de\/#\/schema\/logo\/image\/","url":"https:\/\/sysmatec.ch\/wp-content\/uploads\/2018\/11\/LogoSysmatec.jpg","contentUrl":"https:\/\/sysmatec.ch\/wp-content\/uploads\/2018\/11\/LogoSysmatec.jpg","width":301,"height":297,"caption":"Sysmatec"},"image":{"@id":"https:\/\/sysmatec.ch\/de\/#\/schema\/logo\/image\/"}}]}},"_links":{"self":[{"href":"https:\/\/sysmatec.ch\/de\/wp-json\/wp\/v2\/product\/14315","targetHints":{"allow":["GET"]}}],"collection":[{"href":"https:\/\/sysmatec.ch\/de\/wp-json\/wp\/v2\/product"}],"about":[{"href":"https:\/\/sysmatec.ch\/de\/wp-json\/wp\/v2\/types\/product"}],"wp:featuredmedia":[{"embeddable":true,"href":"https:\/\/sysmatec.ch\/de\/wp-json\/wp\/v2\/media\/14305"}],"wp:attachment":[{"href":"https:\/\/sysmatec.ch\/de\/wp-json\/wp\/v2\/media?parent=14315"}],"wp:term":[{"taxonomy":"product_brand","embeddable":true,"href":"https:\/\/sysmatec.ch\/de\/wp-json\/wp\/v2\/product_brand?post=14315"},{"taxonomy":"product_cat","embeddable":true,"href":"https:\/\/sysmatec.ch\/de\/wp-json\/wp\/v2\/product_cat?post=14315"},{"taxonomy":"product_tag","embeddable":true,"href":"https:\/\/sysmatec.ch\/de\/wp-json\/wp\/v2\/product_tag?post=14315"}],"curies":[{"name":"wp","href":"https:\/\/api.w.org\/{rel}","templated":true}]}}