{"id":14299,"date":"2019-12-05T21:53:16","date_gmt":"2019-12-05T21:41:46","guid":{"rendered":"https:\/\/sysmatec.ch\/?post_type=product&#038;p=14299"},"modified":"2024-11-25T08:41:02","modified_gmt":"2024-11-25T07:41:02","slug":"probenkonzentrator-md200-1-md200-2-md200-1a","status":"publish","type":"product","link":"https:\/\/sysmatec.ch\/de\/Produkt\/probenkonzentrator-md200-1-md200-2-md200-1a\/","title":{"rendered":"Probenkonzentrator MD200-1 \/ MD200-2 \/ MD200-1A"},"content":{"rendered":"<p>Die Probenkonzentration besteht aus einer Basis- und Standbaugruppe, einem Probenhalter und einem Gasverteilungssystem.<\/p>\n<h2>Probenkonzentrator Eigenschaften<\/h2>\n<ul>\n<li>Eine gro\u00dfe Anzahl von Proben gleichzeitig blasen<\/li>\n<li>Einfache Bedienung, sicher und zuverl\u00e4ssig zu bedienen, Menge des Luftstroms kann eingestellt werden<\/li>\n<li>Hohe Pr\u00e4zision und gro\u00dfer Temperaturbereich<\/li>\n<\/ul>\n<h2>Probenkonzentrator Eigenschaften<\/h2>\n<table width=\"676\">\n<tbody>\n<tr>\n<td width=\"262\">Modell<\/td>\n<td width=\"171\">MD200-1A<\/td>\n<td width=\"163\">MD200-1<\/td>\n<td width=\"80\">MD200-2<\/td>\n<\/tr>\n<tr>\n<td>Temperaturbereich<\/td>\n<td>RT.+5\u00b0C~150\u00b0C<\/td>\n<td width=\"163\">RT.+5\u00b0C~150\u00b0C<\/td>\n<td>RT.+5\u00b0C~150\u00b0C<\/td>\n<\/tr>\n<tr>\n<td>Timer<\/td>\n<td>1min~99h59min<\/td>\n<td>1min~99h59min<\/td>\n<td>1min~99h59min<\/td>\n<\/tr>\n<tr>\n<td>Display<\/td>\n<td>Led<\/td>\n<td>Led<\/td>\n<td>Led<\/td>\n<\/tr>\n<tr>\n<td>Temp. Kontroll Genauigkeit @40~100\u00b0C<\/td>\n<td>\u00b10.5 \u00b0C<\/td>\n<td>\u00b10.5 \u00b0C<\/td>\n<td>\u00b10.5 \u00b0C<\/td>\n<\/tr>\n<tr>\n<td>Temp. Kontroll Genauigkeit @100~150\u00b0C<\/td>\n<td>\u00b11 \u00b0C<\/td>\n<td>\u00b11 \u00b0C<\/td>\n<td>\u00b11 \u00b0C<\/td>\n<\/tr>\n<tr>\n<td>Temp. Genauigkeit for blocks @40\u00b0C<\/td>\n<td>\u00b10.3 \u00b0C<\/td>\n<td>\u00b10.3 \u00b0C<\/td>\n<td>\u00b10.3 \u00b0C<\/td>\n<\/tr>\n<tr>\n<td>Display Aufl\u00f6sung<\/td>\n<td>\u00b10.1\u2103<\/td>\n<td>\u00b10.1\u2103<\/td>\n<td>\u00b10.1\u2103<\/td>\n<\/tr>\n<tr>\n<td>Aufw\u00e4rmedauer (40 bis 150\u2103)<\/td>\n<td>\u226430min<\/td>\n<td>\u226430min<\/td>\n<td>\u226430min<\/td>\n<\/tr>\n<tr>\n<td>Standard Blocks<\/td>\n<td>1<\/td>\n<td width=\"163\">1<\/td>\n<td>2<\/td>\n<\/tr>\n<tr>\n<td>Stickstoff Verbaruch<\/td>\n<td>0-15L\/min<\/td>\n<td>0-15L\/min<\/td>\n<td>0-15L\/min<\/td>\n<\/tr>\n<tr>\n<td>Dimension(mm)<\/td>\n<td>280x240x500<\/td>\n<td>280x240x500<\/td>\n<td>280x240x500<\/td>\n<\/tr>\n<tr>\n<td>Rohrl\u00e4nge<\/td>\n<td>80mm<\/td>\n<td>150mm<\/td>\n<td>150mm<\/td>\n<\/tr>\n<\/tbody>\n<\/table>\n<h2>Block f\u00fcr die Aufkonzentrierung<\/h2>\n<table width=\"523\">\n<tbody>\n<tr>\n<td width=\"189\">Modell<\/td>\n<td width=\"171\">Beschreibung<\/td>\n<td width=\"163\">Dimension (mm)<\/td>\n<\/tr>\n<tr>\n<td>BK01<\/td>\n<td>49x\u03a66mm<\/td>\n<td>96x96x49<\/td>\n<\/tr>\n<tr>\n<td>BK02<\/td>\n<td>49x\u03a67mm<\/td>\n<td>96x96x49<\/td>\n<\/tr>\n<tr>\n<td>BK03<\/td>\n<td>25x\u03a610mm<\/td>\n<td>96x96x49<\/td>\n<\/tr>\n<tr>\n<td>BK04<\/td>\n<td>25x\u03a612mm<\/td>\n<td>96x96x49<\/td>\n<\/tr>\n<tr>\n<td>BK05<\/td>\n<td>25x\u03a613mm<\/td>\n<td>96x96x49<\/td>\n<\/tr>\n<tr>\n<td>BK06<\/td>\n<td width=\"171\">12x\u03a615mm<\/td>\n<td>96x96x49<\/td>\n<\/tr>\n<tr>\n<td>BK07<\/td>\n<td>16x\u03a615mm<\/td>\n<td>96x96x49<\/td>\n<\/tr>\n<tr>\n<td>BK08<\/td>\n<td>12x\u03a616mm<\/td>\n<td>96x96x49<\/td>\n<\/tr>\n<tr>\n<td>BK09<\/td>\n<td>16x\u03a616mm<\/td>\n<td>96x96x49<\/td>\n<\/tr>\n<tr>\n<td>BK10<\/td>\n<td>12x\u03a619mm<\/td>\n<td>96x96x49<\/td>\n<\/tr>\n<tr>\n<td>BK11<\/td>\n<td>16x\u03a619mm<\/td>\n<td>96x96x49<\/td>\n<\/tr>\n<tr>\n<td>BK12<\/td>\n<td>9x\u03a620mm<\/td>\n<td>96x96x49<\/td>\n<\/tr>\n<tr>\n<td>BK13<\/td>\n<td>9x\u03a626mm<\/td>\n<td>96x96x49<\/td>\n<\/tr>\n<tr>\n<td>BK14<\/td>\n<td>4x\u03a628mm<\/td>\n<td>96x96x49<\/td>\n<\/tr>\n<tr>\n<td>BK15<\/td>\n<td>4x\u03a640mm<\/td>\n<td>96x96x49<\/td>\n<\/tr>\n<tr>\n<td>BK16<\/td>\n<td>49&#215;0.5ml tubes<\/td>\n<td>96x96x49<\/td>\n<\/tr>\n<tr>\n<td>BK17<\/td>\n<td>25&#215;1.5ml tubes<\/td>\n<td>96x96x49<\/td>\n<\/tr>\n<tr>\n<td>BK18<\/td>\n<td>25&#215;2.0ml tubes<\/td>\n<td>96x96x49<\/td>\n<\/tr>\n<tr>\n<td>BK19<\/td>\n<td>96&#215;0.2ml tubes<\/td>\n<td>78x114x26<\/td>\n<\/tr>\n<tr>\n<td>BK20<\/td>\n<td>96&#215;0.2ml Microplatte<\/td>\n<td>81x123x19<\/td>\n<\/tr>\n<\/tbody>\n<\/table>\n<p>BK19 und BK20 sind nur f\u00fcr MD200-1A geeignet<\/p>\n<p>150 mm Nadel f\u00fcr MD200-1 and MD200-2<\/p>\n<p>80 mm Nadel f\u00fcr MD200-1A<\/p>\n<p>Option: Ventile f\u00fcr Gas Durchfluss Kontrol<\/p>\n<h2>Lieferung<\/h2>\n<ul>\n<li>Im Lieferumfang des Ger\u00e4ts sind 50 Nadeln enthalten<\/li>\n<\/ul>\n","protected":false},"excerpt":{"rendered":"<p>Thermo Block Probenkonzentrator<\/p>\n","protected":false},"featured_media":14297,"template":"","meta":{"_crdt_document":""},"product_brand":[],"product_cat":[274],"product_tag":[],"class_list":{"0":"post-14299","1":"product","2":"type-product","3":"status-publish","4":"has-post-thumbnail","6":"product_cat-thermostatblock","8":"first","9":"instock","10":"taxable","11":"shipping-taxable","12":"product-type-simple"},"yoast_head":"<!-- This site is optimized with the Yoast SEO plugin v27.4 - https:\/\/yoast.com\/product\/yoast-seo-wordpress\/ -->\n<title>Probenkonzentrator MD200-1 \/ MD200-2 \/ MD200-1A - Sysmatec<\/title>\n<meta name=\"description\" content=\"L\u00f6sungsmittelverdampfungs-Probenkonzentrator. Die Verdampfung erfolgt durch Umw\u00e4lzen eines Gases und Erhitzen des Beh\u00e4lters.\" \/>\n<meta name=\"robots\" content=\"index, follow, max-snippet:-1, max-image-preview:large, max-video-preview:-1\" \/>\n<link rel=\"canonical\" href=\"https:\/\/sysmatec.ch\/de\/Produkt\/probenkonzentrator-md200-1-md200-2-md200-1a\/\" \/>\n<meta property=\"og:locale\" content=\"de_DE\" \/>\n<meta property=\"og:type\" content=\"article\" \/>\n<meta property=\"og:title\" content=\"Probenkonzentrator MD200-1 \/ MD200-2 \/ MD200-1A - Sysmatec\" \/>\n<meta property=\"og:description\" content=\"L\u00f6sungsmittelverdampfungs-Probenkonzentrator. Die Verdampfung erfolgt durch Umw\u00e4lzen eines Gases und Erhitzen des Beh\u00e4lters.\" \/>\n<meta property=\"og:url\" content=\"https:\/\/sysmatec.ch\/de\/Produkt\/probenkonzentrator-md200-1-md200-2-md200-1a\/\" \/>\n<meta property=\"og:site_name\" content=\"Sysmatec\" \/>\n<meta property=\"article:modified_time\" content=\"2024-11-25T07:41:02+00:00\" \/>\n<meta property=\"og:image\" content=\"https:\/\/sysmatec.ch\/wp-content\/uploads\/2019\/12\/Bloc_AELabMD200.jpg\" \/>\n\t<meta property=\"og:image:width\" content=\"241\" \/>\n\t<meta property=\"og:image:height\" content=\"363\" \/>\n\t<meta property=\"og:image:type\" content=\"image\/jpeg\" \/>\n<meta name=\"twitter:card\" content=\"summary_large_image\" \/>\n<meta name=\"twitter:label1\" content=\"Gesch\u00e4tzte Lesezeit\" \/>\n\t<meta name=\"twitter:data1\" content=\"2\u00a0Minuten\" \/>\n<script type=\"application\/ld+json\" class=\"yoast-schema-graph\">{\"@context\":\"https:\\\/\\\/schema.org\",\"@graph\":[{\"@type\":\"WebPage\",\"@id\":\"https:\\\/\\\/sysmatec.ch\\\/de\\\/Produkt\\\/probenkonzentrator-md200-1-md200-2-md200-1a\\\/\",\"url\":\"https:\\\/\\\/sysmatec.ch\\\/de\\\/Produkt\\\/probenkonzentrator-md200-1-md200-2-md200-1a\\\/\",\"name\":\"Probenkonzentrator MD200-1 \\\/ MD200-2 \\\/ MD200-1A - Sysmatec\",\"isPartOf\":{\"@id\":\"https:\\\/\\\/sysmatec.ch\\\/de\\\/#website\"},\"primaryImageOfPage\":{\"@id\":\"https:\\\/\\\/sysmatec.ch\\\/de\\\/Produkt\\\/probenkonzentrator-md200-1-md200-2-md200-1a\\\/#primaryimage\"},\"image\":{\"@id\":\"https:\\\/\\\/sysmatec.ch\\\/de\\\/Produkt\\\/probenkonzentrator-md200-1-md200-2-md200-1a\\\/#primaryimage\"},\"thumbnailUrl\":\"https:\\\/\\\/sysmatec.ch\\\/wp-content\\\/uploads\\\/2019\\\/12\\\/Bloc_AELabMD200.jpg\",\"datePublished\":\"2019-12-05T21:41:46+00:00\",\"dateModified\":\"2024-11-25T07:41:02+00:00\",\"description\":\"L\u00f6sungsmittelverdampfungs-Probenkonzentrator. Die Verdampfung erfolgt durch Umw\u00e4lzen eines Gases und Erhitzen des Beh\u00e4lters.\",\"breadcrumb\":{\"@id\":\"https:\\\/\\\/sysmatec.ch\\\/de\\\/Produkt\\\/probenkonzentrator-md200-1-md200-2-md200-1a\\\/#breadcrumb\"},\"inLanguage\":\"de\",\"potentialAction\":[{\"@type\":\"ReadAction\",\"target\":[\"https:\\\/\\\/sysmatec.ch\\\/de\\\/Produkt\\\/probenkonzentrator-md200-1-md200-2-md200-1a\\\/\"]}]},{\"@type\":\"ImageObject\",\"inLanguage\":\"de\",\"@id\":\"https:\\\/\\\/sysmatec.ch\\\/de\\\/Produkt\\\/probenkonzentrator-md200-1-md200-2-md200-1a\\\/#primaryimage\",\"url\":\"https:\\\/\\\/sysmatec.ch\\\/wp-content\\\/uploads\\\/2019\\\/12\\\/Bloc_AELabMD200.jpg\",\"contentUrl\":\"https:\\\/\\\/sysmatec.ch\\\/wp-content\\\/uploads\\\/2019\\\/12\\\/Bloc_AELabMD200.jpg\",\"width\":241,\"height\":363},{\"@type\":\"BreadcrumbList\",\"@id\":\"https:\\\/\\\/sysmatec.ch\\\/de\\\/Produkt\\\/probenkonzentrator-md200-1-md200-2-md200-1a\\\/#breadcrumb\",\"itemListElement\":[{\"@type\":\"ListItem\",\"position\":1,\"name\":\"Accueil\",\"item\":\"https:\\\/\\\/sysmatec.ch\\\/de\\\/\"},{\"@type\":\"ListItem\",\"position\":2,\"name\":\"Die Aktivit\u00e4t von Sysmatec\",\"item\":\"https:\\\/\\\/sysmatec.ch\\\/de\\\/\"},{\"@type\":\"ListItem\",\"position\":3,\"name\":\"Probenkonzentrator MD200-1 \\\/ MD200-2 \\\/ MD200-1A\"}]},{\"@type\":\"WebSite\",\"@id\":\"https:\\\/\\\/sysmatec.ch\\\/de\\\/#website\",\"url\":\"https:\\\/\\\/sysmatec.ch\\\/de\\\/\",\"name\":\"Sysmatec\",\"description\":\"Equipement de laboratoire et logiciels\",\"publisher\":{\"@id\":\"https:\\\/\\\/sysmatec.ch\\\/de\\\/#organization\"},\"potentialAction\":[{\"@type\":\"SearchAction\",\"target\":{\"@type\":\"EntryPoint\",\"urlTemplate\":\"https:\\\/\\\/sysmatec.ch\\\/de\\\/?s={search_term_string}\"},\"query-input\":{\"@type\":\"PropertyValueSpecification\",\"valueRequired\":true,\"valueName\":\"search_term_string\"}}],\"inLanguage\":\"de\"},{\"@type\":\"Organization\",\"@id\":\"https:\\\/\\\/sysmatec.ch\\\/de\\\/#organization\",\"name\":\"Sysmatec\",\"url\":\"https:\\\/\\\/sysmatec.ch\\\/de\\\/\",\"logo\":{\"@type\":\"ImageObject\",\"inLanguage\":\"de\",\"@id\":\"https:\\\/\\\/sysmatec.ch\\\/de\\\/#\\\/schema\\\/logo\\\/image\\\/\",\"url\":\"https:\\\/\\\/sysmatec.ch\\\/wp-content\\\/uploads\\\/2018\\\/11\\\/LogoSysmatec.jpg\",\"contentUrl\":\"https:\\\/\\\/sysmatec.ch\\\/wp-content\\\/uploads\\\/2018\\\/11\\\/LogoSysmatec.jpg\",\"width\":301,\"height\":297,\"caption\":\"Sysmatec\"},\"image\":{\"@id\":\"https:\\\/\\\/sysmatec.ch\\\/de\\\/#\\\/schema\\\/logo\\\/image\\\/\"}}]}<\/script>\n<!-- \/ Yoast SEO plugin. -->","yoast_head_json":{"title":"Probenkonzentrator MD200-1 \/ MD200-2 \/ MD200-1A - Sysmatec","description":"L\u00f6sungsmittelverdampfungs-Probenkonzentrator. Die Verdampfung erfolgt durch Umw\u00e4lzen eines Gases und Erhitzen des Beh\u00e4lters.","robots":{"index":"index","follow":"follow","max-snippet":"max-snippet:-1","max-image-preview":"max-image-preview:large","max-video-preview":"max-video-preview:-1"},"canonical":"https:\/\/sysmatec.ch\/de\/Produkt\/probenkonzentrator-md200-1-md200-2-md200-1a\/","og_locale":"de_DE","og_type":"article","og_title":"Probenkonzentrator MD200-1 \/ MD200-2 \/ MD200-1A - Sysmatec","og_description":"L\u00f6sungsmittelverdampfungs-Probenkonzentrator. Die Verdampfung erfolgt durch Umw\u00e4lzen eines Gases und Erhitzen des Beh\u00e4lters.","og_url":"https:\/\/sysmatec.ch\/de\/Produkt\/probenkonzentrator-md200-1-md200-2-md200-1a\/","og_site_name":"Sysmatec","article_modified_time":"2024-11-25T07:41:02+00:00","og_image":[{"width":241,"height":363,"url":"https:\/\/sysmatec.ch\/wp-content\/uploads\/2019\/12\/Bloc_AELabMD200.jpg","type":"image\/jpeg"}],"twitter_card":"summary_large_image","twitter_misc":{"Gesch\u00e4tzte Lesezeit":"2\u00a0Minuten"},"schema":{"@context":"https:\/\/schema.org","@graph":[{"@type":"WebPage","@id":"https:\/\/sysmatec.ch\/de\/Produkt\/probenkonzentrator-md200-1-md200-2-md200-1a\/","url":"https:\/\/sysmatec.ch\/de\/Produkt\/probenkonzentrator-md200-1-md200-2-md200-1a\/","name":"Probenkonzentrator MD200-1 \/ MD200-2 \/ MD200-1A - Sysmatec","isPartOf":{"@id":"https:\/\/sysmatec.ch\/de\/#website"},"primaryImageOfPage":{"@id":"https:\/\/sysmatec.ch\/de\/Produkt\/probenkonzentrator-md200-1-md200-2-md200-1a\/#primaryimage"},"image":{"@id":"https:\/\/sysmatec.ch\/de\/Produkt\/probenkonzentrator-md200-1-md200-2-md200-1a\/#primaryimage"},"thumbnailUrl":"https:\/\/sysmatec.ch\/wp-content\/uploads\/2019\/12\/Bloc_AELabMD200.jpg","datePublished":"2019-12-05T21:41:46+00:00","dateModified":"2024-11-25T07:41:02+00:00","description":"L\u00f6sungsmittelverdampfungs-Probenkonzentrator. Die Verdampfung erfolgt durch Umw\u00e4lzen eines Gases und Erhitzen des Beh\u00e4lters.","breadcrumb":{"@id":"https:\/\/sysmatec.ch\/de\/Produkt\/probenkonzentrator-md200-1-md200-2-md200-1a\/#breadcrumb"},"inLanguage":"de","potentialAction":[{"@type":"ReadAction","target":["https:\/\/sysmatec.ch\/de\/Produkt\/probenkonzentrator-md200-1-md200-2-md200-1a\/"]}]},{"@type":"ImageObject","inLanguage":"de","@id":"https:\/\/sysmatec.ch\/de\/Produkt\/probenkonzentrator-md200-1-md200-2-md200-1a\/#primaryimage","url":"https:\/\/sysmatec.ch\/wp-content\/uploads\/2019\/12\/Bloc_AELabMD200.jpg","contentUrl":"https:\/\/sysmatec.ch\/wp-content\/uploads\/2019\/12\/Bloc_AELabMD200.jpg","width":241,"height":363},{"@type":"BreadcrumbList","@id":"https:\/\/sysmatec.ch\/de\/Produkt\/probenkonzentrator-md200-1-md200-2-md200-1a\/#breadcrumb","itemListElement":[{"@type":"ListItem","position":1,"name":"Accueil","item":"https:\/\/sysmatec.ch\/de\/"},{"@type":"ListItem","position":2,"name":"Die Aktivit\u00e4t von Sysmatec","item":"https:\/\/sysmatec.ch\/de\/"},{"@type":"ListItem","position":3,"name":"Probenkonzentrator MD200-1 \/ MD200-2 \/ MD200-1A"}]},{"@type":"WebSite","@id":"https:\/\/sysmatec.ch\/de\/#website","url":"https:\/\/sysmatec.ch\/de\/","name":"Sysmatec","description":"Equipement de laboratoire et logiciels","publisher":{"@id":"https:\/\/sysmatec.ch\/de\/#organization"},"potentialAction":[{"@type":"SearchAction","target":{"@type":"EntryPoint","urlTemplate":"https:\/\/sysmatec.ch\/de\/?s={search_term_string}"},"query-input":{"@type":"PropertyValueSpecification","valueRequired":true,"valueName":"search_term_string"}}],"inLanguage":"de"},{"@type":"Organization","@id":"https:\/\/sysmatec.ch\/de\/#organization","name":"Sysmatec","url":"https:\/\/sysmatec.ch\/de\/","logo":{"@type":"ImageObject","inLanguage":"de","@id":"https:\/\/sysmatec.ch\/de\/#\/schema\/logo\/image\/","url":"https:\/\/sysmatec.ch\/wp-content\/uploads\/2018\/11\/LogoSysmatec.jpg","contentUrl":"https:\/\/sysmatec.ch\/wp-content\/uploads\/2018\/11\/LogoSysmatec.jpg","width":301,"height":297,"caption":"Sysmatec"},"image":{"@id":"https:\/\/sysmatec.ch\/de\/#\/schema\/logo\/image\/"}}]}},"_links":{"self":[{"href":"https:\/\/sysmatec.ch\/de\/wp-json\/wp\/v2\/product\/14299","targetHints":{"allow":["GET"]}}],"collection":[{"href":"https:\/\/sysmatec.ch\/de\/wp-json\/wp\/v2\/product"}],"about":[{"href":"https:\/\/sysmatec.ch\/de\/wp-json\/wp\/v2\/types\/product"}],"wp:featuredmedia":[{"embeddable":true,"href":"https:\/\/sysmatec.ch\/de\/wp-json\/wp\/v2\/media\/14297"}],"wp:attachment":[{"href":"https:\/\/sysmatec.ch\/de\/wp-json\/wp\/v2\/media?parent=14299"}],"wp:term":[{"taxonomy":"product_brand","embeddable":true,"href":"https:\/\/sysmatec.ch\/de\/wp-json\/wp\/v2\/product_brand?post=14299"},{"taxonomy":"product_cat","embeddable":true,"href":"https:\/\/sysmatec.ch\/de\/wp-json\/wp\/v2\/product_cat?post=14299"},{"taxonomy":"product_tag","embeddable":true,"href":"https:\/\/sysmatec.ch\/de\/wp-json\/wp\/v2\/product_tag?post=14299"}],"curies":[{"name":"wp","href":"https:\/\/api.w.org\/{rel}","templated":true}]}}