{"id":14285,"date":"2019-12-05T19:09:40","date_gmt":"2019-12-05T18:25:19","guid":{"rendered":"https:\/\/sysmatec.ch\/?post_type=product&#038;p=14285"},"modified":"2021-12-08T13:46:03","modified_gmt":"2021-12-08T12:46:03","slug":"thermoschuettler-tsi","status":"publish","type":"product","link":"https:\/\/sysmatec.ch\/de\/Produkt\/thermoschuettler-tsi\/","title":{"rendered":"Thermosch\u00fcttler TSI"},"content":{"rendered":"<p><span title=\"\">TSI-100 \/ TSI-200 wurde f\u00fcr das gleichzeitige Erhitzen, K\u00fchlen und Mischen kleiner Proben entwickelt <\/span><span title=\"\">Lieferung mit Wechselbl\u00f6cken f\u00fcr Mikror\u00f6hrchen.<\/span> <span title=\"\">Misch-, Heiz- und K\u00fchlmodus k\u00f6nnen verwendet werden <\/span><span title=\"\">entweder gleichzeitig oder unabh\u00e4ngig.<\/span> <span title=\"\">Der Hauptk\u00f6rper des Mischblocks kann mit verschiedenen verwendet werden <\/span><span title=\"\">Arten von Bl\u00f6cken.<\/span><\/p>\n<h2><span title=\"\">Thermosch\u00fcttler Eigenschaften<\/span><\/h2>\n<ul>\n<li><span title=\"\">LCD-Anzeige<\/span><\/li>\n<li><span title=\"\">Es ist einfach einzurichten und zu verwenden<\/span><\/li>\n<li><span title=\"\">Kontrollieren und zeigen Sie Zeit, Temperatur und Geschwindigkeit genau an<\/span><\/li>\n<li><span title=\"\">\u00dcberhitzungsschutzvorrichtung stellt Sicherheit u. Zuverl\u00e4ssigkeit sicher<\/span><\/li>\n<li><span title=\"\">Ger\u00e4uscharmes Arbeiten auch bei einer Drehzahl von 1.500 U \/ min<\/span><\/li>\n<li><span title=\"\">Entspricht der CE-Sicherheitsnorm<\/span><\/li>\n<li><span title=\"\">Das Peltier-Design des TSI-100 bietet eine W\u00e4rmesteuerung in einer kompakten Einheit<\/span><\/li>\n<\/ul>\n<table width=\"705\">\n<tbody>\n<tr>\n<td width=\"301\">Modell<\/td>\n<td width=\"171\">TSI-200<\/td>\n<td width=\"233\">TSI-100<\/td>\n<\/tr>\n<tr>\n<td>Temperaturbereich<\/td>\n<td>RT+5 \u00b0C-100 \u00b0C<\/td>\n<td width=\"233\">0 \u00b0C~100 \u00b0C wenn Umgebungstemp.\u226420 \u00b0C<br \/>\n4\u00b0C~100 \u00b0C wenn Umgebungstemp.\u226425 \u00b0C<br \/>\n10 \u00b0C~100 \u00b0C wenn Umgebungstemp.\u226430 \u00b0C<\/td>\n<\/tr>\n<tr>\n<td>Temperatur Sollwert<\/td>\n<td>5 \u00b0C-100 \u00b0C<\/td>\n<td>0\u2103~100\u2103<\/td>\n<\/tr>\n<tr>\n<td>Timer<\/td>\n<td>1min-00h59min<\/td>\n<td>1min-00h59min<\/td>\n<\/tr>\n<tr>\n<td>Regelungsgenauigkeit<\/td>\n<td>\u00b10.5\u2103<\/td>\n<td>\u00b10.5\u2103<\/td>\n<\/tr>\n<tr>\n<td>Aufl\u00f6sung<\/td>\n<td>\u00b10.1\u2103<\/td>\n<td>\u00b10.1\u2103<\/td>\n<\/tr>\n<tr>\n<td>R\u00fchrungsgeschwindigkeit<\/td>\n<td>200~1500rpm<\/td>\n<td>200~1500rpm<\/td>\n<\/tr>\n<tr>\n<td>Aufheizungszeit (25 to 100\u2103)<\/td>\n<td>\u226412min<\/td>\n<td>\u226415min<\/td>\n<\/tr>\n<tr>\n<td>K\u00fchlungszeit<\/td>\n<td><\/td>\n<td width=\"233\">\u226430min (von RT.bis RT.-20\u2103)<br \/>\n\u226415min (von 100\u2103 bis -20\u2103)<\/td>\n<\/tr>\n<tr>\n<td>R\u00e8hrungsorbit<\/td>\n<td>2mm<\/td>\n<td>2mm<\/td>\n<\/tr>\n<tr>\n<td>Dimension(mm)<\/td>\n<td>300X220X175<\/td>\n<td>300X220X175<\/td>\n<\/tr>\n<tr>\n<td>Netto Gewicht<\/td>\n<td>7kg<\/td>\n<td>8.5kg<\/td>\n<\/tr>\n<\/tbody>\n<\/table>\n<h2>Zubeh\u00f6r-Bl\u00f6cke von verschiedenen Gr\u00f6ssen f\u00fcr das <span title=\"\">Thermosch\u00fcttler <\/span><\/h2>\n<table width=\"705\">\n<tbody>\n<tr>\n<td width=\"301\">Typ<\/td>\n<td width=\"171\">Beschreibung<\/td>\n<td width=\"233\">Max. Geschwindigkeit<\/td>\n<\/tr>\n<tr>\n<td>A<\/td>\n<td>96&#215;0.2ml<\/td>\n<td>1500rpm<\/td>\n<\/tr>\n<tr>\n<td>B<\/td>\n<td>54&#215;0.5ml<\/td>\n<td>1500rpm<\/td>\n<\/tr>\n<tr>\n<td>C<\/td>\n<td>35&#215;1.5ml<\/td>\n<td>1500rpm<\/td>\n<\/tr>\n<tr>\n<td>D<\/td>\n<td>35&#215;2.0ml<\/td>\n<td>1500rpm<\/td>\n<\/tr>\n<tr>\n<td>E<\/td>\n<td>15&#215;0.5ml+20&#215;1.5ml<\/td>\n<td>1500rpm<\/td>\n<\/tr>\n<tr>\n<td>F<\/td>\n<td>24xDurchmesser\u2264\u03c612mm R\u00f6rchen<\/td>\n<td>1200rpm<\/td>\n<\/tr>\n<tr>\n<td>G<\/td>\n<td>12x15ml Falcon<\/td>\n<td>750 ml<\/td>\n<\/tr>\n<tr>\n<td>H<\/td>\n<td>6x50ml Falcon<\/td>\n<td>750 ml<\/td>\n<\/tr>\n<tr>\n<td>I<\/td>\n<td>103x67x30mm Bath Block<\/td>\n<td>1500rpm<\/td>\n<\/tr>\n<tr>\n<td>J<\/td>\n<td>96&#215;0.2ml Microplatte<\/td>\n<td>1500rpm<\/td>\n<\/tr>\n<tr>\n<td>K<\/td>\n<td>24x5ml R\u00f6rchen<\/td>\n<td>1200rpm<\/td>\n<\/tr>\n<tr>\n<td>L<\/td>\n<td>96-Deep well Platte<\/td>\n<td>800rpm<\/td>\n<\/tr>\n<tr>\n<td>M<\/td>\n<td>15x5ml Eppenorf R\u00f6rchen<\/td>\n<td>1200rpm<\/td>\n<\/tr>\n<\/tbody>\n<\/table>\n","protected":false},"excerpt":{"rendered":"<p>Thermosch\u00fcttler mit Heizung und K\u00fchlung<\/p>\n","protected":false},"featured_media":14284,"template":"","meta":{"_crdt_document":""},"product_brand":[],"product_cat":[274],"product_tag":[],"class_list":{"0":"post-14285","1":"product","2":"type-product","3":"status-publish","4":"has-post-thumbnail","6":"product_cat-thermostatblock","8":"first","9":"instock","10":"taxable","11":"shipping-taxable","12":"product-type-simple"},"yoast_head":"<!-- This site is optimized with the Yoast SEO plugin v27.3 - https:\/\/yoast.com\/product\/yoast-seo-wordpress\/ -->\n<title>Thermosch\u00fcttler TSI - Sysmatec<\/title>\n<meta name=\"description\" content=\"Der ger\u00fchrte Thermoblock erm\u00f6glicht das Erhitzen oder K\u00fchlen von Proben mit Peltier Element , w\u00e4hrend sie ger\u00fchrt werden.\" \/>\n<meta name=\"robots\" content=\"index, follow, max-snippet:-1, max-image-preview:large, max-video-preview:-1\" \/>\n<link rel=\"canonical\" href=\"https:\/\/sysmatec.ch\/de\/produit\/thermoschuettler-tsi\/\" \/>\n<meta property=\"og:locale\" content=\"de_DE\" \/>\n<meta property=\"og:type\" content=\"article\" \/>\n<meta property=\"og:title\" content=\"Thermosch\u00fcttler TSI - Sysmatec\" \/>\n<meta property=\"og:description\" content=\"Der ger\u00fchrte Thermoblock erm\u00f6glicht das Erhitzen oder K\u00fchlen von Proben mit Peltier Element , w\u00e4hrend sie ger\u00fchrt werden.\" \/>\n<meta property=\"og:url\" content=\"https:\/\/sysmatec.ch\/de\/produit\/thermoschuettler-tsi\/\" \/>\n<meta property=\"og:site_name\" content=\"Sysmatec\" \/>\n<meta property=\"article:modified_time\" content=\"2021-12-08T12:46:03+00:00\" \/>\n<meta property=\"og:image\" content=\"https:\/\/sysmatec.ch\/wp-content\/uploads\/2019\/12\/Bloc_AELabTSI.jpg\" \/>\n\t<meta property=\"og:image:width\" content=\"187\" \/>\n\t<meta property=\"og:image:height\" content=\"191\" \/>\n\t<meta property=\"og:image:type\" content=\"image\/jpeg\" \/>\n<meta name=\"twitter:card\" content=\"summary_large_image\" \/>\n<meta name=\"twitter:label1\" content=\"Gesch\u00e4tzte Lesezeit\" \/>\n\t<meta name=\"twitter:data1\" content=\"1\u00a0Minute\" \/>\n<script type=\"application\/ld+json\" class=\"yoast-schema-graph\">{\"@context\":\"https:\\\/\\\/schema.org\",\"@graph\":[{\"@type\":\"WebPage\",\"@id\":\"https:\\\/\\\/sysmatec.ch\\\/de\\\/produit\\\/thermoschuettler-tsi\\\/\",\"url\":\"https:\\\/\\\/sysmatec.ch\\\/de\\\/produit\\\/thermoschuettler-tsi\\\/\",\"name\":\"Thermosch\u00fcttler TSI - Sysmatec\",\"isPartOf\":{\"@id\":\"https:\\\/\\\/sysmatec.ch\\\/de\\\/#website\"},\"primaryImageOfPage\":{\"@id\":\"https:\\\/\\\/sysmatec.ch\\\/de\\\/produit\\\/thermoschuettler-tsi\\\/#primaryimage\"},\"image\":{\"@id\":\"https:\\\/\\\/sysmatec.ch\\\/de\\\/produit\\\/thermoschuettler-tsi\\\/#primaryimage\"},\"thumbnailUrl\":\"https:\\\/\\\/sysmatec.ch\\\/wp-content\\\/uploads\\\/2019\\\/12\\\/Bloc_AELabTSI.jpg\",\"datePublished\":\"2019-12-05T18:25:19+00:00\",\"dateModified\":\"2021-12-08T12:46:03+00:00\",\"description\":\"Der ger\u00fchrte Thermoblock erm\u00f6glicht das Erhitzen oder K\u00fchlen von Proben mit Peltier Element , w\u00e4hrend sie ger\u00fchrt werden.\",\"breadcrumb\":{\"@id\":\"https:\\\/\\\/sysmatec.ch\\\/de\\\/produit\\\/thermoschuettler-tsi\\\/#breadcrumb\"},\"inLanguage\":\"de\",\"potentialAction\":[{\"@type\":\"ReadAction\",\"target\":[\"https:\\\/\\\/sysmatec.ch\\\/de\\\/produit\\\/thermoschuettler-tsi\\\/\"]}]},{\"@type\":\"ImageObject\",\"inLanguage\":\"de\",\"@id\":\"https:\\\/\\\/sysmatec.ch\\\/de\\\/produit\\\/thermoschuettler-tsi\\\/#primaryimage\",\"url\":\"https:\\\/\\\/sysmatec.ch\\\/wp-content\\\/uploads\\\/2019\\\/12\\\/Bloc_AELabTSI.jpg\",\"contentUrl\":\"https:\\\/\\\/sysmatec.ch\\\/wp-content\\\/uploads\\\/2019\\\/12\\\/Bloc_AELabTSI.jpg\",\"width\":187,\"height\":191},{\"@type\":\"BreadcrumbList\",\"@id\":\"https:\\\/\\\/sysmatec.ch\\\/de\\\/produit\\\/thermoschuettler-tsi\\\/#breadcrumb\",\"itemListElement\":[{\"@type\":\"ListItem\",\"position\":1,\"name\":\"Accueil\",\"item\":\"https:\\\/\\\/sysmatec.ch\\\/de\\\/\"},{\"@type\":\"ListItem\",\"position\":2,\"name\":\"Die Aktivit\u00e4t von Sysmatec\",\"item\":\"https:\\\/\\\/sysmatec.ch\\\/de\\\/\"},{\"@type\":\"ListItem\",\"position\":3,\"name\":\"Thermosch\u00fcttler TSI\"}]},{\"@type\":\"WebSite\",\"@id\":\"https:\\\/\\\/sysmatec.ch\\\/de\\\/#website\",\"url\":\"https:\\\/\\\/sysmatec.ch\\\/de\\\/\",\"name\":\"Sysmatec\",\"description\":\"Equipement de laboratoire et logiciels\",\"publisher\":{\"@id\":\"https:\\\/\\\/sysmatec.ch\\\/de\\\/#organization\"},\"potentialAction\":[{\"@type\":\"SearchAction\",\"target\":{\"@type\":\"EntryPoint\",\"urlTemplate\":\"https:\\\/\\\/sysmatec.ch\\\/de\\\/?s={search_term_string}\"},\"query-input\":{\"@type\":\"PropertyValueSpecification\",\"valueRequired\":true,\"valueName\":\"search_term_string\"}}],\"inLanguage\":\"de\"},{\"@type\":\"Organization\",\"@id\":\"https:\\\/\\\/sysmatec.ch\\\/de\\\/#organization\",\"name\":\"Sysmatec\",\"url\":\"https:\\\/\\\/sysmatec.ch\\\/de\\\/\",\"logo\":{\"@type\":\"ImageObject\",\"inLanguage\":\"de\",\"@id\":\"https:\\\/\\\/sysmatec.ch\\\/de\\\/#\\\/schema\\\/logo\\\/image\\\/\",\"url\":\"https:\\\/\\\/sysmatec.ch\\\/wp-content\\\/uploads\\\/2018\\\/11\\\/LogoSysmatec.jpg\",\"contentUrl\":\"https:\\\/\\\/sysmatec.ch\\\/wp-content\\\/uploads\\\/2018\\\/11\\\/LogoSysmatec.jpg\",\"width\":301,\"height\":297,\"caption\":\"Sysmatec\"},\"image\":{\"@id\":\"https:\\\/\\\/sysmatec.ch\\\/de\\\/#\\\/schema\\\/logo\\\/image\\\/\"}}]}<\/script>\n<!-- \/ Yoast SEO plugin. -->","yoast_head_json":{"title":"Thermosch\u00fcttler TSI - Sysmatec","description":"Der ger\u00fchrte Thermoblock erm\u00f6glicht das Erhitzen oder K\u00fchlen von Proben mit Peltier Element , w\u00e4hrend sie ger\u00fchrt werden.","robots":{"index":"index","follow":"follow","max-snippet":"max-snippet:-1","max-image-preview":"max-image-preview:large","max-video-preview":"max-video-preview:-1"},"canonical":"https:\/\/sysmatec.ch\/de\/produit\/thermoschuettler-tsi\/","og_locale":"de_DE","og_type":"article","og_title":"Thermosch\u00fcttler TSI - Sysmatec","og_description":"Der ger\u00fchrte Thermoblock erm\u00f6glicht das Erhitzen oder K\u00fchlen von Proben mit Peltier Element , w\u00e4hrend sie ger\u00fchrt werden.","og_url":"https:\/\/sysmatec.ch\/de\/produit\/thermoschuettler-tsi\/","og_site_name":"Sysmatec","article_modified_time":"2021-12-08T12:46:03+00:00","og_image":[{"width":187,"height":191,"url":"https:\/\/sysmatec.ch\/wp-content\/uploads\/2019\/12\/Bloc_AELabTSI.jpg","type":"image\/jpeg"}],"twitter_card":"summary_large_image","twitter_misc":{"Gesch\u00e4tzte Lesezeit":"1\u00a0Minute"},"schema":{"@context":"https:\/\/schema.org","@graph":[{"@type":"WebPage","@id":"https:\/\/sysmatec.ch\/de\/produit\/thermoschuettler-tsi\/","url":"https:\/\/sysmatec.ch\/de\/produit\/thermoschuettler-tsi\/","name":"Thermosch\u00fcttler TSI - Sysmatec","isPartOf":{"@id":"https:\/\/sysmatec.ch\/de\/#website"},"primaryImageOfPage":{"@id":"https:\/\/sysmatec.ch\/de\/produit\/thermoschuettler-tsi\/#primaryimage"},"image":{"@id":"https:\/\/sysmatec.ch\/de\/produit\/thermoschuettler-tsi\/#primaryimage"},"thumbnailUrl":"https:\/\/sysmatec.ch\/wp-content\/uploads\/2019\/12\/Bloc_AELabTSI.jpg","datePublished":"2019-12-05T18:25:19+00:00","dateModified":"2021-12-08T12:46:03+00:00","description":"Der ger\u00fchrte Thermoblock erm\u00f6glicht das Erhitzen oder K\u00fchlen von Proben mit Peltier Element , w\u00e4hrend sie ger\u00fchrt werden.","breadcrumb":{"@id":"https:\/\/sysmatec.ch\/de\/produit\/thermoschuettler-tsi\/#breadcrumb"},"inLanguage":"de","potentialAction":[{"@type":"ReadAction","target":["https:\/\/sysmatec.ch\/de\/produit\/thermoschuettler-tsi\/"]}]},{"@type":"ImageObject","inLanguage":"de","@id":"https:\/\/sysmatec.ch\/de\/produit\/thermoschuettler-tsi\/#primaryimage","url":"https:\/\/sysmatec.ch\/wp-content\/uploads\/2019\/12\/Bloc_AELabTSI.jpg","contentUrl":"https:\/\/sysmatec.ch\/wp-content\/uploads\/2019\/12\/Bloc_AELabTSI.jpg","width":187,"height":191},{"@type":"BreadcrumbList","@id":"https:\/\/sysmatec.ch\/de\/produit\/thermoschuettler-tsi\/#breadcrumb","itemListElement":[{"@type":"ListItem","position":1,"name":"Accueil","item":"https:\/\/sysmatec.ch\/de\/"},{"@type":"ListItem","position":2,"name":"Die Aktivit\u00e4t von Sysmatec","item":"https:\/\/sysmatec.ch\/de\/"},{"@type":"ListItem","position":3,"name":"Thermosch\u00fcttler TSI"}]},{"@type":"WebSite","@id":"https:\/\/sysmatec.ch\/de\/#website","url":"https:\/\/sysmatec.ch\/de\/","name":"Sysmatec","description":"Equipement de laboratoire et logiciels","publisher":{"@id":"https:\/\/sysmatec.ch\/de\/#organization"},"potentialAction":[{"@type":"SearchAction","target":{"@type":"EntryPoint","urlTemplate":"https:\/\/sysmatec.ch\/de\/?s={search_term_string}"},"query-input":{"@type":"PropertyValueSpecification","valueRequired":true,"valueName":"search_term_string"}}],"inLanguage":"de"},{"@type":"Organization","@id":"https:\/\/sysmatec.ch\/de\/#organization","name":"Sysmatec","url":"https:\/\/sysmatec.ch\/de\/","logo":{"@type":"ImageObject","inLanguage":"de","@id":"https:\/\/sysmatec.ch\/de\/#\/schema\/logo\/image\/","url":"https:\/\/sysmatec.ch\/wp-content\/uploads\/2018\/11\/LogoSysmatec.jpg","contentUrl":"https:\/\/sysmatec.ch\/wp-content\/uploads\/2018\/11\/LogoSysmatec.jpg","width":301,"height":297,"caption":"Sysmatec"},"image":{"@id":"https:\/\/sysmatec.ch\/de\/#\/schema\/logo\/image\/"}}]}},"_links":{"self":[{"href":"https:\/\/sysmatec.ch\/de\/wp-json\/wp\/v2\/product\/14285","targetHints":{"allow":["GET"]}}],"collection":[{"href":"https:\/\/sysmatec.ch\/de\/wp-json\/wp\/v2\/product"}],"about":[{"href":"https:\/\/sysmatec.ch\/de\/wp-json\/wp\/v2\/types\/product"}],"wp:featuredmedia":[{"embeddable":true,"href":"https:\/\/sysmatec.ch\/de\/wp-json\/wp\/v2\/media\/14284"}],"wp:attachment":[{"href":"https:\/\/sysmatec.ch\/de\/wp-json\/wp\/v2\/media?parent=14285"}],"wp:term":[{"taxonomy":"product_brand","embeddable":true,"href":"https:\/\/sysmatec.ch\/de\/wp-json\/wp\/v2\/product_brand?post=14285"},{"taxonomy":"product_cat","embeddable":true,"href":"https:\/\/sysmatec.ch\/de\/wp-json\/wp\/v2\/product_cat?post=14285"},{"taxonomy":"product_tag","embeddable":true,"href":"https:\/\/sysmatec.ch\/de\/wp-json\/wp\/v2\/product_tag?post=14285"}],"curies":[{"name":"wp","href":"https:\/\/api.w.org\/{rel}","templated":true}]}}