{"id":14267,"date":"2019-12-04T16:38:49","date_gmt":"2019-12-04T15:56:59","guid":{"rendered":"https:\/\/sysmatec.ch\/?post_type=product&#038;p=14267"},"modified":"2021-12-08T13:53:02","modified_gmt":"2021-12-08T12:53:02","slug":"capprondo-mini-inkubator","status":"publish","type":"product","link":"https:\/\/sysmatec.ch\/de\/Produkt\/capprondo-mini-inkubator\/","title":{"rendered":"CappRondo Mini Inkubator"},"content":{"rendered":"<p>Der digitale Mini-Inkubator CAPPRondo mit Heizung und K\u00fchlung verf\u00fcgt \u00fcber ein breites Spektrum an W\u00e4rmekapazit\u00e4ten. Proben und Reagenzien, die gek\u00fchlt gelagert werden m\u00fcssen, k\u00f6nnen bei Temperaturen von 15 \u00b0 C unter der Umgebungstemperatur von bis zu 60 \u00b0 C aufbewahrt werden. Das transparente LED-Bedienfeld zeigt die Innentemperatur in Echtzeit an. Auf diese Weise k\u00f6nnen Ihre Mitarbeiter die Temperaturen w\u00e4hrend des Experimentierens regulieren. Der CAPPRondo Inkubator ist 13 x 14,5 Zoll gro\u00df und wiegt nur 6.5 kg. Auf diese Weise passt er problemlos auf jede Laborwerkbank und kann bequem bewegt werden. Unser Inkubator hat ein Volumen von 20 Litern und kann mehrere Proben in seinen verstellbaren Regalen aufnehmen, von kleinen Fl\u00e4schchen bis zu 2-Liter-Flaschen. Es verf\u00fcgt auch \u00fcber eine interne Steckdose, \u00fcber die kleine Instrumente mit Strom versorgt werden k\u00f6nnen, w\u00e4hrend Proben inkubiert oder gek\u00fchlt werden. Der neue digitale Mini-Inkubator mit K\u00fchlung bietet viele gro\u00dfartige Funktionen, die ihn in jedes Labor passen lassen. Unsere Kunden werden nach dem strengen Qualit\u00e4tsstandard von CAPP hergestellt und k\u00f6nnen erwarten, dass dieser leistungsstarke Mini-Inkubator ihre Labore \u00fcber einen sehr langen Zeitraum versorgt.<\/p>\n<h2>Mini Inkubator Spezifikationen<\/h2>\n<ul>\n<li>Temperaturbereich: Umgebungstemperatur -15 \u00b0 C bis 60 \u00b0 C<\/li>\n<li>Temperaturgenauigkeit: 0.5 \u00b0 C (bei 37 \u00b0 C)<\/li>\n<li>Temperaturgleichm\u00e4\u00dfigkeit: +\/- 1.5 \u00b0 C (bei 37 \u00b0 C)<\/li>\n<li>Temperaturinkremente: 1 \u00b0 C<\/li>\n<li>Abmessungen 337x370x475 mm<\/li>\n<li>Gewicht: 6.5 kg<\/li>\n<li>Strompseisung: 100-240 V, 50-60 Hz<\/li>\n<\/ul>\n","protected":false},"excerpt":{"rendered":"<p>Mini Inkubator mit K\u00fchlung<\/p>\n","protected":false},"featured_media":14264,"template":"","meta":{"_crdt_document":""},"product_brand":[],"product_cat":[105],"product_tag":[],"class_list":{"0":"post-14267","1":"product","2":"type-product","3":"status-publish","4":"has-post-thumbnail","6":"product_cat-inkubator","8":"first","9":"instock","10":"taxable","11":"shipping-taxable","12":"product-type-simple"},"yoast_head":"<!-- This site is optimized with the Yoast SEO plugin v27.3 - https:\/\/yoast.com\/product\/yoast-seo-wordpress\/ -->\n<title>CappRondo Mini Inkubator - Sysmatec<\/title>\n<meta name=\"description\" content=\"Tragbarer Mini-Inkubator zum K\u00fchlen oder Erw\u00e4rmen von Proben. Es nimmt wenig Platz auf einem Labortisch ein.\" \/>\n<meta name=\"robots\" content=\"index, follow, max-snippet:-1, max-image-preview:large, max-video-preview:-1\" \/>\n<link rel=\"canonical\" href=\"https:\/\/sysmatec.ch\/de\/produit\/capprondo-mini-inkubator\/\" \/>\n<meta property=\"og:locale\" content=\"de_DE\" \/>\n<meta property=\"og:type\" content=\"article\" \/>\n<meta property=\"og:title\" content=\"CappRondo Mini Inkubator - Sysmatec\" \/>\n<meta property=\"og:description\" content=\"Tragbarer Mini-Inkubator zum K\u00fchlen oder Erw\u00e4rmen von Proben. Es nimmt wenig Platz auf einem Labortisch ein.\" \/>\n<meta property=\"og:url\" content=\"https:\/\/sysmatec.ch\/de\/produit\/capprondo-mini-inkubator\/\" \/>\n<meta property=\"og:site_name\" content=\"Sysmatec\" \/>\n<meta property=\"article:modified_time\" content=\"2021-12-08T12:53:02+00:00\" \/>\n<meta property=\"og:image\" content=\"https:\/\/sysmatec.ch\/wp-content\/uploads\/2019\/12\/Incubateur_CappRondo.jpg\" \/>\n\t<meta property=\"og:image:width\" content=\"251\" \/>\n\t<meta property=\"og:image:height\" content=\"318\" \/>\n\t<meta property=\"og:image:type\" content=\"image\/jpeg\" \/>\n<meta name=\"twitter:card\" content=\"summary_large_image\" \/>\n<meta name=\"twitter:label1\" content=\"Gesch\u00e4tzte Lesezeit\" \/>\n\t<meta name=\"twitter:data1\" content=\"1\u00a0Minute\" \/>\n<script type=\"application\/ld+json\" class=\"yoast-schema-graph\">{\"@context\":\"https:\\\/\\\/schema.org\",\"@graph\":[{\"@type\":\"WebPage\",\"@id\":\"https:\\\/\\\/sysmatec.ch\\\/de\\\/produit\\\/capprondo-mini-inkubator\\\/\",\"url\":\"https:\\\/\\\/sysmatec.ch\\\/de\\\/produit\\\/capprondo-mini-inkubator\\\/\",\"name\":\"CappRondo Mini Inkubator - Sysmatec\",\"isPartOf\":{\"@id\":\"https:\\\/\\\/sysmatec.ch\\\/de\\\/#website\"},\"primaryImageOfPage\":{\"@id\":\"https:\\\/\\\/sysmatec.ch\\\/de\\\/produit\\\/capprondo-mini-inkubator\\\/#primaryimage\"},\"image\":{\"@id\":\"https:\\\/\\\/sysmatec.ch\\\/de\\\/produit\\\/capprondo-mini-inkubator\\\/#primaryimage\"},\"thumbnailUrl\":\"https:\\\/\\\/sysmatec.ch\\\/wp-content\\\/uploads\\\/2019\\\/12\\\/Incubateur_CappRondo.jpg\",\"datePublished\":\"2019-12-04T15:56:59+00:00\",\"dateModified\":\"2021-12-08T12:53:02+00:00\",\"description\":\"Tragbarer Mini-Inkubator zum K\u00fchlen oder Erw\u00e4rmen von Proben. Es nimmt wenig Platz auf einem Labortisch ein.\",\"breadcrumb\":{\"@id\":\"https:\\\/\\\/sysmatec.ch\\\/de\\\/produit\\\/capprondo-mini-inkubator\\\/#breadcrumb\"},\"inLanguage\":\"de\",\"potentialAction\":[{\"@type\":\"ReadAction\",\"target\":[\"https:\\\/\\\/sysmatec.ch\\\/de\\\/produit\\\/capprondo-mini-inkubator\\\/\"]}]},{\"@type\":\"ImageObject\",\"inLanguage\":\"de\",\"@id\":\"https:\\\/\\\/sysmatec.ch\\\/de\\\/produit\\\/capprondo-mini-inkubator\\\/#primaryimage\",\"url\":\"https:\\\/\\\/sysmatec.ch\\\/wp-content\\\/uploads\\\/2019\\\/12\\\/Incubateur_CappRondo.jpg\",\"contentUrl\":\"https:\\\/\\\/sysmatec.ch\\\/wp-content\\\/uploads\\\/2019\\\/12\\\/Incubateur_CappRondo.jpg\",\"width\":251,\"height\":318},{\"@type\":\"BreadcrumbList\",\"@id\":\"https:\\\/\\\/sysmatec.ch\\\/de\\\/produit\\\/capprondo-mini-inkubator\\\/#breadcrumb\",\"itemListElement\":[{\"@type\":\"ListItem\",\"position\":1,\"name\":\"Accueil\",\"item\":\"https:\\\/\\\/sysmatec.ch\\\/de\\\/\"},{\"@type\":\"ListItem\",\"position\":2,\"name\":\"Die Aktivit\u00e4t von Sysmatec\",\"item\":\"https:\\\/\\\/sysmatec.ch\\\/de\\\/\"},{\"@type\":\"ListItem\",\"position\":3,\"name\":\"CappRondo Mini Inkubator\"}]},{\"@type\":\"WebSite\",\"@id\":\"https:\\\/\\\/sysmatec.ch\\\/de\\\/#website\",\"url\":\"https:\\\/\\\/sysmatec.ch\\\/de\\\/\",\"name\":\"Sysmatec\",\"description\":\"Equipement de laboratoire et logiciels\",\"publisher\":{\"@id\":\"https:\\\/\\\/sysmatec.ch\\\/de\\\/#organization\"},\"potentialAction\":[{\"@type\":\"SearchAction\",\"target\":{\"@type\":\"EntryPoint\",\"urlTemplate\":\"https:\\\/\\\/sysmatec.ch\\\/de\\\/?s={search_term_string}\"},\"query-input\":{\"@type\":\"PropertyValueSpecification\",\"valueRequired\":true,\"valueName\":\"search_term_string\"}}],\"inLanguage\":\"de\"},{\"@type\":\"Organization\",\"@id\":\"https:\\\/\\\/sysmatec.ch\\\/de\\\/#organization\",\"name\":\"Sysmatec\",\"url\":\"https:\\\/\\\/sysmatec.ch\\\/de\\\/\",\"logo\":{\"@type\":\"ImageObject\",\"inLanguage\":\"de\",\"@id\":\"https:\\\/\\\/sysmatec.ch\\\/de\\\/#\\\/schema\\\/logo\\\/image\\\/\",\"url\":\"https:\\\/\\\/sysmatec.ch\\\/wp-content\\\/uploads\\\/2018\\\/11\\\/LogoSysmatec.jpg\",\"contentUrl\":\"https:\\\/\\\/sysmatec.ch\\\/wp-content\\\/uploads\\\/2018\\\/11\\\/LogoSysmatec.jpg\",\"width\":301,\"height\":297,\"caption\":\"Sysmatec\"},\"image\":{\"@id\":\"https:\\\/\\\/sysmatec.ch\\\/de\\\/#\\\/schema\\\/logo\\\/image\\\/\"}}]}<\/script>\n<!-- \/ Yoast SEO plugin. -->","yoast_head_json":{"title":"CappRondo Mini Inkubator - Sysmatec","description":"Tragbarer Mini-Inkubator zum K\u00fchlen oder Erw\u00e4rmen von Proben. Es nimmt wenig Platz auf einem Labortisch ein.","robots":{"index":"index","follow":"follow","max-snippet":"max-snippet:-1","max-image-preview":"max-image-preview:large","max-video-preview":"max-video-preview:-1"},"canonical":"https:\/\/sysmatec.ch\/de\/produit\/capprondo-mini-inkubator\/","og_locale":"de_DE","og_type":"article","og_title":"CappRondo Mini Inkubator - Sysmatec","og_description":"Tragbarer Mini-Inkubator zum K\u00fchlen oder Erw\u00e4rmen von Proben. Es nimmt wenig Platz auf einem Labortisch ein.","og_url":"https:\/\/sysmatec.ch\/de\/produit\/capprondo-mini-inkubator\/","og_site_name":"Sysmatec","article_modified_time":"2021-12-08T12:53:02+00:00","og_image":[{"width":251,"height":318,"url":"https:\/\/sysmatec.ch\/wp-content\/uploads\/2019\/12\/Incubateur_CappRondo.jpg","type":"image\/jpeg"}],"twitter_card":"summary_large_image","twitter_misc":{"Gesch\u00e4tzte Lesezeit":"1\u00a0Minute"},"schema":{"@context":"https:\/\/schema.org","@graph":[{"@type":"WebPage","@id":"https:\/\/sysmatec.ch\/de\/produit\/capprondo-mini-inkubator\/","url":"https:\/\/sysmatec.ch\/de\/produit\/capprondo-mini-inkubator\/","name":"CappRondo Mini Inkubator - Sysmatec","isPartOf":{"@id":"https:\/\/sysmatec.ch\/de\/#website"},"primaryImageOfPage":{"@id":"https:\/\/sysmatec.ch\/de\/produit\/capprondo-mini-inkubator\/#primaryimage"},"image":{"@id":"https:\/\/sysmatec.ch\/de\/produit\/capprondo-mini-inkubator\/#primaryimage"},"thumbnailUrl":"https:\/\/sysmatec.ch\/wp-content\/uploads\/2019\/12\/Incubateur_CappRondo.jpg","datePublished":"2019-12-04T15:56:59+00:00","dateModified":"2021-12-08T12:53:02+00:00","description":"Tragbarer Mini-Inkubator zum K\u00fchlen oder Erw\u00e4rmen von Proben. Es nimmt wenig Platz auf einem Labortisch ein.","breadcrumb":{"@id":"https:\/\/sysmatec.ch\/de\/produit\/capprondo-mini-inkubator\/#breadcrumb"},"inLanguage":"de","potentialAction":[{"@type":"ReadAction","target":["https:\/\/sysmatec.ch\/de\/produit\/capprondo-mini-inkubator\/"]}]},{"@type":"ImageObject","inLanguage":"de","@id":"https:\/\/sysmatec.ch\/de\/produit\/capprondo-mini-inkubator\/#primaryimage","url":"https:\/\/sysmatec.ch\/wp-content\/uploads\/2019\/12\/Incubateur_CappRondo.jpg","contentUrl":"https:\/\/sysmatec.ch\/wp-content\/uploads\/2019\/12\/Incubateur_CappRondo.jpg","width":251,"height":318},{"@type":"BreadcrumbList","@id":"https:\/\/sysmatec.ch\/de\/produit\/capprondo-mini-inkubator\/#breadcrumb","itemListElement":[{"@type":"ListItem","position":1,"name":"Accueil","item":"https:\/\/sysmatec.ch\/de\/"},{"@type":"ListItem","position":2,"name":"Die Aktivit\u00e4t von Sysmatec","item":"https:\/\/sysmatec.ch\/de\/"},{"@type":"ListItem","position":3,"name":"CappRondo Mini Inkubator"}]},{"@type":"WebSite","@id":"https:\/\/sysmatec.ch\/de\/#website","url":"https:\/\/sysmatec.ch\/de\/","name":"Sysmatec","description":"Equipement de laboratoire et logiciels","publisher":{"@id":"https:\/\/sysmatec.ch\/de\/#organization"},"potentialAction":[{"@type":"SearchAction","target":{"@type":"EntryPoint","urlTemplate":"https:\/\/sysmatec.ch\/de\/?s={search_term_string}"},"query-input":{"@type":"PropertyValueSpecification","valueRequired":true,"valueName":"search_term_string"}}],"inLanguage":"de"},{"@type":"Organization","@id":"https:\/\/sysmatec.ch\/de\/#organization","name":"Sysmatec","url":"https:\/\/sysmatec.ch\/de\/","logo":{"@type":"ImageObject","inLanguage":"de","@id":"https:\/\/sysmatec.ch\/de\/#\/schema\/logo\/image\/","url":"https:\/\/sysmatec.ch\/wp-content\/uploads\/2018\/11\/LogoSysmatec.jpg","contentUrl":"https:\/\/sysmatec.ch\/wp-content\/uploads\/2018\/11\/LogoSysmatec.jpg","width":301,"height":297,"caption":"Sysmatec"},"image":{"@id":"https:\/\/sysmatec.ch\/de\/#\/schema\/logo\/image\/"}}]}},"_links":{"self":[{"href":"https:\/\/sysmatec.ch\/de\/wp-json\/wp\/v2\/product\/14267","targetHints":{"allow":["GET"]}}],"collection":[{"href":"https:\/\/sysmatec.ch\/de\/wp-json\/wp\/v2\/product"}],"about":[{"href":"https:\/\/sysmatec.ch\/de\/wp-json\/wp\/v2\/types\/product"}],"wp:featuredmedia":[{"embeddable":true,"href":"https:\/\/sysmatec.ch\/de\/wp-json\/wp\/v2\/media\/14264"}],"wp:attachment":[{"href":"https:\/\/sysmatec.ch\/de\/wp-json\/wp\/v2\/media?parent=14267"}],"wp:term":[{"taxonomy":"product_brand","embeddable":true,"href":"https:\/\/sysmatec.ch\/de\/wp-json\/wp\/v2\/product_brand?post=14267"},{"taxonomy":"product_cat","embeddable":true,"href":"https:\/\/sysmatec.ch\/de\/wp-json\/wp\/v2\/product_cat?post=14267"},{"taxonomy":"product_tag","embeddable":true,"href":"https:\/\/sysmatec.ch\/de\/wp-json\/wp\/v2\/product_tag?post=14267"}],"curies":[{"name":"wp","href":"https:\/\/api.w.org\/{rel}","templated":true}]}}