{"id":14166,"date":"2019-11-26T22:37:04","date_gmt":"2019-11-27T07:22:27","guid":{"rendered":"https:\/\/sysmatec.ch\/?post_type=product&#038;p=14166"},"modified":"2023-06-14T12:04:59","modified_gmt":"2023-06-14T10:04:59","slug":"mehrfach-verwendbare-feuchte-datenlogger-fuer-transport-lagerung-msr84","status":"publish","type":"product","link":"https:\/\/sysmatec.ch\/de\/Produkt\/mehrfach-verwendbare-feuchte-datenlogger-fuer-transport-lagerung-msr84\/","title":{"rendered":"Mehrfach verwendbare Feuchte-Datenlogger f\u00fcr Transport &#038; Lagerung MSR84"},"content":{"rendered":"<p>Kosteng\u00fcnstige Mehrweg-Datenlogger f\u00fcr Transport und Lagerung<br \/>\nDie f\u00fcr den Masseneinsatz geeigneten Low-Cost-PDF-Datenlogger der MSR BudgetLine \u00fcberwachen und dokumentieren zuverl\u00e4ssig Temperatur und Luftfeuchtigkeit empfindlicher G\u00fcter.<br \/>\nInklusive 6-Punkt-Kalibrierzertifikat, inklusive Software.<br \/>\nMSR BudgetLine Datenlogger besitzen einen eingebauten USB-Anschluss, mit welchem sich aufgezeichnete Messdaten rasch auf einen PC \u00fcbertragen lassen. Durch Stoppen des Datenloggers wird im Handumdrehen ein automatischer PDF-Report generiert, welcher zu Dokumentationszwecken gespeichert oder abgelegt werden kann.<br \/>\nDie mit einem internen Temperatursensor, wahlweise auch mit einem Feuchtesensor erh\u00e4ltlichen Datenlogger sind DIN12830 sowie 21 CFR Part 11-konform. Sie erf\u00fcllen die EU-Vorschriften f\u00fcr die Lagerung und den Transport von gek\u00fchlten und tiefgefrorenen Lebensmitteln ebenso wie diejenigen der US Food and Drug Admi\u00adnistration (FDA).<\/p>\n<p><span class=\"VIiyi\" lang=\"de\"><span class=\"JLqJ4b ChMk0b\" data-language-for-alternatives=\"de\" data-language-to-translate-into=\"fr\" data-phrase-index=\"4\" data-number-of-phrases=\"5\">Sie sind unter anderem von Lufthansa f\u00fcr den Transport von G\u00fctern zugelassen (wie die anderen Rekorder MSR 145, MSR 165, MSR 175, MSR63, MSR83, MSR64, MSR84).<\/span><\/span><\/p>\n<h2>Technische Daten Feuchte-Datenlogger MSR 84<\/h2>\n<ul>\n<li>Temperaturbereich: -30 bis +70 \u00b0C<\/li>\n<li>Genauigkeit: 0.5 \u00b0C (-30 bis +70 \u00b0C)<\/li>\n<li>Aufl\u00f6sung: 0.1 \u00b0C<\/li>\n<li>Feuchtebereich: 0-98 % RF (-30 bis 70 \u00b0C)<\/li>\n<li>Genauigkeit: +\/- 3 %<\/li>\n<li>Speicherkapazit\u00e4t: 32 000 Messwerte<\/li>\n<li>Mess-\/Speicherrate: 1 Min. bis alle 10 Tage<\/li>\n<li>Alarm: min.\/max. Wert, Kennzeichnung auf LED und Display<\/li>\n<li>Batterietyp: 3.0 V Lithium Batterie<\/li>\n<li>Batterielebensdauer: ca. 1 Jahr, neue Batterie einsetzbar vom Hersteller<\/li>\n<li>Interface: USB 2.0, A-Typ<\/li>\n<li>PDF Report: automatisch<\/li>\n<li>Abmessung (B x H x L): 51 x 15 x 101 mm<\/li>\n<li>Gewicht: ca. 50 g<\/li>\n<li>Anzeige: aktueller Messwert, Minimum-, Maximum- und Durchschnittwert<\/li>\n<li>Erf\u00fcllt den RTCA DO-160G-Standard<\/li>\n<\/ul>\n","protected":false},"excerpt":{"rendered":"<p><span class=\"VIiyi\" lang=\"de\"><span class=\"JLqJ4b ChMk0b\" data-language-for-alternatives=\"de\" data-language-to-translate-into=\"fr\" data-phrase-index=\"0\">Vielseitig verwendbarer Temperatur- und Feuchtelogger f\u00fcr Transport und Lagerung, Raum\u00fcberwachung, mit Display.<\/span><\/span><\/p>\n","protected":false},"featured_media":14145,"template":"","meta":{"_crdt_document":""},"product_brand":[],"product_cat":[168,175],"product_tag":[],"class_list":{"0":"post-14166","1":"product","2":"type-product","3":"status-publish","4":"has-post-thumbnail","6":"product_cat-datenlogger","7":"product_cat-feuchte","9":"first","10":"instock","11":"taxable","12":"shipping-taxable","13":"purchasable","14":"product-type-simple"},"yoast_head":"<!-- This site is optimized with the Yoast SEO plugin v27.4 - https:\/\/yoast.com\/product\/yoast-seo-wordpress\/ -->\n<title>Mehrfach verwendbare Feuchte-Datenlogger f\u00fcr Transport &amp; Lagerung MSR84 - Sysmatec<\/title>\n<meta name=\"description\" content=\"Wiederverwendbarer Temperatur- und Feuchtigkeitslogger. Die Daten werden im PDF-Format exportiert. Es ist keine Softwareinstallation erforderlich.\" \/>\n<meta name=\"robots\" content=\"index, follow, max-snippet:-1, max-image-preview:large, max-video-preview:-1\" \/>\n<link rel=\"canonical\" href=\"https:\/\/sysmatec.ch\/de\/Produkt\/mehrfach-verwendbare-feuchte-datenlogger-fuer-transport-lagerung-msr84\/\" \/>\n<meta property=\"og:locale\" content=\"de_DE\" \/>\n<meta property=\"og:type\" content=\"article\" \/>\n<meta property=\"og:title\" content=\"Mehrfach verwendbare Feuchte-Datenlogger f\u00fcr Transport &amp; Lagerung MSR84 - Sysmatec\" \/>\n<meta property=\"og:description\" content=\"Wiederverwendbarer Temperatur- und Feuchtigkeitslogger. Die Daten werden im PDF-Format exportiert. Es ist keine Softwareinstallation erforderlich.\" \/>\n<meta property=\"og:url\" content=\"https:\/\/sysmatec.ch\/de\/Produkt\/mehrfach-verwendbare-feuchte-datenlogger-fuer-transport-lagerung-msr84\/\" \/>\n<meta property=\"og:site_name\" content=\"Sysmatec\" \/>\n<meta property=\"article:modified_time\" content=\"2023-06-14T10:04:59+00:00\" \/>\n<meta property=\"og:image\" content=\"https:\/\/sysmatec.ch\/wp-content\/uploads\/2019\/11\/MSR84-Temperatur-Feuchte-Datenlogger-l.jpg\" \/>\n\t<meta property=\"og:image:width\" content=\"2560\" \/>\n\t<meta property=\"og:image:height\" content=\"1572\" \/>\n\t<meta property=\"og:image:type\" content=\"image\/jpeg\" \/>\n<meta name=\"twitter:card\" content=\"summary_large_image\" \/>\n<meta name=\"twitter:label1\" content=\"Gesch\u00e4tzte Lesezeit\" \/>\n\t<meta name=\"twitter:data1\" content=\"2\u00a0Minuten\" \/>\n<script type=\"application\/ld+json\" class=\"yoast-schema-graph\">{\"@context\":\"https:\\\/\\\/schema.org\",\"@graph\":[{\"@type\":\"WebPage\",\"@id\":\"https:\\\/\\\/sysmatec.ch\\\/de\\\/Produkt\\\/mehrfach-verwendbare-feuchte-datenlogger-fuer-transport-lagerung-msr84\\\/\",\"url\":\"https:\\\/\\\/sysmatec.ch\\\/de\\\/Produkt\\\/mehrfach-verwendbare-feuchte-datenlogger-fuer-transport-lagerung-msr84\\\/\",\"name\":\"Mehrfach verwendbare Feuchte-Datenlogger f\u00fcr Transport & Lagerung MSR84 - Sysmatec\",\"isPartOf\":{\"@id\":\"https:\\\/\\\/sysmatec.ch\\\/de\\\/#website\"},\"primaryImageOfPage\":{\"@id\":\"https:\\\/\\\/sysmatec.ch\\\/de\\\/Produkt\\\/mehrfach-verwendbare-feuchte-datenlogger-fuer-transport-lagerung-msr84\\\/#primaryimage\"},\"image\":{\"@id\":\"https:\\\/\\\/sysmatec.ch\\\/de\\\/Produkt\\\/mehrfach-verwendbare-feuchte-datenlogger-fuer-transport-lagerung-msr84\\\/#primaryimage\"},\"thumbnailUrl\":\"https:\\\/\\\/sysmatec.ch\\\/wp-content\\\/uploads\\\/2019\\\/11\\\/MSR84-Temperatur-Feuchte-Datenlogger-l-scaled.jpg\",\"datePublished\":\"2019-11-27T07:22:27+00:00\",\"dateModified\":\"2023-06-14T10:04:59+00:00\",\"description\":\"Wiederverwendbarer Temperatur- und Feuchtigkeitslogger. Die Daten werden im PDF-Format exportiert. Es ist keine Softwareinstallation erforderlich.\",\"breadcrumb\":{\"@id\":\"https:\\\/\\\/sysmatec.ch\\\/de\\\/Produkt\\\/mehrfach-verwendbare-feuchte-datenlogger-fuer-transport-lagerung-msr84\\\/#breadcrumb\"},\"inLanguage\":\"de\",\"potentialAction\":[{\"@type\":\"ReadAction\",\"target\":[\"https:\\\/\\\/sysmatec.ch\\\/de\\\/Produkt\\\/mehrfach-verwendbare-feuchte-datenlogger-fuer-transport-lagerung-msr84\\\/\"]}]},{\"@type\":\"ImageObject\",\"inLanguage\":\"de\",\"@id\":\"https:\\\/\\\/sysmatec.ch\\\/de\\\/Produkt\\\/mehrfach-verwendbare-feuchte-datenlogger-fuer-transport-lagerung-msr84\\\/#primaryimage\",\"url\":\"https:\\\/\\\/sysmatec.ch\\\/wp-content\\\/uploads\\\/2019\\\/11\\\/MSR84-Temperatur-Feuchte-Datenlogger-l-scaled.jpg\",\"contentUrl\":\"https:\\\/\\\/sysmatec.ch\\\/wp-content\\\/uploads\\\/2019\\\/11\\\/MSR84-Temperatur-Feuchte-Datenlogger-l-scaled.jpg\",\"width\":2560,\"height\":1572},{\"@type\":\"BreadcrumbList\",\"@id\":\"https:\\\/\\\/sysmatec.ch\\\/de\\\/Produkt\\\/mehrfach-verwendbare-feuchte-datenlogger-fuer-transport-lagerung-msr84\\\/#breadcrumb\",\"itemListElement\":[{\"@type\":\"ListItem\",\"position\":1,\"name\":\"Accueil\",\"item\":\"https:\\\/\\\/sysmatec.ch\\\/de\\\/\"},{\"@type\":\"ListItem\",\"position\":2,\"name\":\"Die Aktivit\u00e4t von Sysmatec\",\"item\":\"https:\\\/\\\/sysmatec.ch\\\/de\\\/\"},{\"@type\":\"ListItem\",\"position\":3,\"name\":\"Mehrfach verwendbare Feuchte-Datenlogger f\u00fcr Transport &#038; Lagerung MSR84\"}]},{\"@type\":\"WebSite\",\"@id\":\"https:\\\/\\\/sysmatec.ch\\\/de\\\/#website\",\"url\":\"https:\\\/\\\/sysmatec.ch\\\/de\\\/\",\"name\":\"Sysmatec\",\"description\":\"Equipement de laboratoire et logiciels\",\"publisher\":{\"@id\":\"https:\\\/\\\/sysmatec.ch\\\/de\\\/#organization\"},\"potentialAction\":[{\"@type\":\"SearchAction\",\"target\":{\"@type\":\"EntryPoint\",\"urlTemplate\":\"https:\\\/\\\/sysmatec.ch\\\/de\\\/?s={search_term_string}\"},\"query-input\":{\"@type\":\"PropertyValueSpecification\",\"valueRequired\":true,\"valueName\":\"search_term_string\"}}],\"inLanguage\":\"de\"},{\"@type\":\"Organization\",\"@id\":\"https:\\\/\\\/sysmatec.ch\\\/de\\\/#organization\",\"name\":\"Sysmatec\",\"url\":\"https:\\\/\\\/sysmatec.ch\\\/de\\\/\",\"logo\":{\"@type\":\"ImageObject\",\"inLanguage\":\"de\",\"@id\":\"https:\\\/\\\/sysmatec.ch\\\/de\\\/#\\\/schema\\\/logo\\\/image\\\/\",\"url\":\"https:\\\/\\\/sysmatec.ch\\\/wp-content\\\/uploads\\\/2018\\\/11\\\/LogoSysmatec.jpg\",\"contentUrl\":\"https:\\\/\\\/sysmatec.ch\\\/wp-content\\\/uploads\\\/2018\\\/11\\\/LogoSysmatec.jpg\",\"width\":301,\"height\":297,\"caption\":\"Sysmatec\"},\"image\":{\"@id\":\"https:\\\/\\\/sysmatec.ch\\\/de\\\/#\\\/schema\\\/logo\\\/image\\\/\"}}]}<\/script>\n<!-- \/ Yoast SEO plugin. -->","yoast_head_json":{"title":"Mehrfach verwendbare Feuchte-Datenlogger f\u00fcr Transport & Lagerung MSR84 - Sysmatec","description":"Wiederverwendbarer Temperatur- und Feuchtigkeitslogger. Die Daten werden im PDF-Format exportiert. Es ist keine Softwareinstallation erforderlich.","robots":{"index":"index","follow":"follow","max-snippet":"max-snippet:-1","max-image-preview":"max-image-preview:large","max-video-preview":"max-video-preview:-1"},"canonical":"https:\/\/sysmatec.ch\/de\/Produkt\/mehrfach-verwendbare-feuchte-datenlogger-fuer-transport-lagerung-msr84\/","og_locale":"de_DE","og_type":"article","og_title":"Mehrfach verwendbare Feuchte-Datenlogger f\u00fcr Transport & Lagerung MSR84 - Sysmatec","og_description":"Wiederverwendbarer Temperatur- und Feuchtigkeitslogger. Die Daten werden im PDF-Format exportiert. Es ist keine Softwareinstallation erforderlich.","og_url":"https:\/\/sysmatec.ch\/de\/Produkt\/mehrfach-verwendbare-feuchte-datenlogger-fuer-transport-lagerung-msr84\/","og_site_name":"Sysmatec","article_modified_time":"2023-06-14T10:04:59+00:00","og_image":[{"width":2560,"height":1572,"url":"https:\/\/sysmatec.ch\/wp-content\/uploads\/2019\/11\/MSR84-Temperatur-Feuchte-Datenlogger-l.jpg","type":"image\/jpeg"}],"twitter_card":"summary_large_image","twitter_misc":{"Gesch\u00e4tzte Lesezeit":"2\u00a0Minuten"},"schema":{"@context":"https:\/\/schema.org","@graph":[{"@type":"WebPage","@id":"https:\/\/sysmatec.ch\/de\/Produkt\/mehrfach-verwendbare-feuchte-datenlogger-fuer-transport-lagerung-msr84\/","url":"https:\/\/sysmatec.ch\/de\/Produkt\/mehrfach-verwendbare-feuchte-datenlogger-fuer-transport-lagerung-msr84\/","name":"Mehrfach verwendbare Feuchte-Datenlogger f\u00fcr Transport & Lagerung MSR84 - Sysmatec","isPartOf":{"@id":"https:\/\/sysmatec.ch\/de\/#website"},"primaryImageOfPage":{"@id":"https:\/\/sysmatec.ch\/de\/Produkt\/mehrfach-verwendbare-feuchte-datenlogger-fuer-transport-lagerung-msr84\/#primaryimage"},"image":{"@id":"https:\/\/sysmatec.ch\/de\/Produkt\/mehrfach-verwendbare-feuchte-datenlogger-fuer-transport-lagerung-msr84\/#primaryimage"},"thumbnailUrl":"https:\/\/sysmatec.ch\/wp-content\/uploads\/2019\/11\/MSR84-Temperatur-Feuchte-Datenlogger-l-scaled.jpg","datePublished":"2019-11-27T07:22:27+00:00","dateModified":"2023-06-14T10:04:59+00:00","description":"Wiederverwendbarer Temperatur- und Feuchtigkeitslogger. Die Daten werden im PDF-Format exportiert. Es ist keine Softwareinstallation erforderlich.","breadcrumb":{"@id":"https:\/\/sysmatec.ch\/de\/Produkt\/mehrfach-verwendbare-feuchte-datenlogger-fuer-transport-lagerung-msr84\/#breadcrumb"},"inLanguage":"de","potentialAction":[{"@type":"ReadAction","target":["https:\/\/sysmatec.ch\/de\/Produkt\/mehrfach-verwendbare-feuchte-datenlogger-fuer-transport-lagerung-msr84\/"]}]},{"@type":"ImageObject","inLanguage":"de","@id":"https:\/\/sysmatec.ch\/de\/Produkt\/mehrfach-verwendbare-feuchte-datenlogger-fuer-transport-lagerung-msr84\/#primaryimage","url":"https:\/\/sysmatec.ch\/wp-content\/uploads\/2019\/11\/MSR84-Temperatur-Feuchte-Datenlogger-l-scaled.jpg","contentUrl":"https:\/\/sysmatec.ch\/wp-content\/uploads\/2019\/11\/MSR84-Temperatur-Feuchte-Datenlogger-l-scaled.jpg","width":2560,"height":1572},{"@type":"BreadcrumbList","@id":"https:\/\/sysmatec.ch\/de\/Produkt\/mehrfach-verwendbare-feuchte-datenlogger-fuer-transport-lagerung-msr84\/#breadcrumb","itemListElement":[{"@type":"ListItem","position":1,"name":"Accueil","item":"https:\/\/sysmatec.ch\/de\/"},{"@type":"ListItem","position":2,"name":"Die Aktivit\u00e4t von Sysmatec","item":"https:\/\/sysmatec.ch\/de\/"},{"@type":"ListItem","position":3,"name":"Mehrfach verwendbare Feuchte-Datenlogger f\u00fcr Transport &#038; Lagerung MSR84"}]},{"@type":"WebSite","@id":"https:\/\/sysmatec.ch\/de\/#website","url":"https:\/\/sysmatec.ch\/de\/","name":"Sysmatec","description":"Equipement de laboratoire et logiciels","publisher":{"@id":"https:\/\/sysmatec.ch\/de\/#organization"},"potentialAction":[{"@type":"SearchAction","target":{"@type":"EntryPoint","urlTemplate":"https:\/\/sysmatec.ch\/de\/?s={search_term_string}"},"query-input":{"@type":"PropertyValueSpecification","valueRequired":true,"valueName":"search_term_string"}}],"inLanguage":"de"},{"@type":"Organization","@id":"https:\/\/sysmatec.ch\/de\/#organization","name":"Sysmatec","url":"https:\/\/sysmatec.ch\/de\/","logo":{"@type":"ImageObject","inLanguage":"de","@id":"https:\/\/sysmatec.ch\/de\/#\/schema\/logo\/image\/","url":"https:\/\/sysmatec.ch\/wp-content\/uploads\/2018\/11\/LogoSysmatec.jpg","contentUrl":"https:\/\/sysmatec.ch\/wp-content\/uploads\/2018\/11\/LogoSysmatec.jpg","width":301,"height":297,"caption":"Sysmatec"},"image":{"@id":"https:\/\/sysmatec.ch\/de\/#\/schema\/logo\/image\/"}}]}},"_links":{"self":[{"href":"https:\/\/sysmatec.ch\/de\/wp-json\/wp\/v2\/product\/14166","targetHints":{"allow":["GET"]}}],"collection":[{"href":"https:\/\/sysmatec.ch\/de\/wp-json\/wp\/v2\/product"}],"about":[{"href":"https:\/\/sysmatec.ch\/de\/wp-json\/wp\/v2\/types\/product"}],"wp:featuredmedia":[{"embeddable":true,"href":"https:\/\/sysmatec.ch\/de\/wp-json\/wp\/v2\/media\/14145"}],"wp:attachment":[{"href":"https:\/\/sysmatec.ch\/de\/wp-json\/wp\/v2\/media?parent=14166"}],"wp:term":[{"taxonomy":"product_brand","embeddable":true,"href":"https:\/\/sysmatec.ch\/de\/wp-json\/wp\/v2\/product_brand?post=14166"},{"taxonomy":"product_cat","embeddable":true,"href":"https:\/\/sysmatec.ch\/de\/wp-json\/wp\/v2\/product_cat?post=14166"},{"taxonomy":"product_tag","embeddable":true,"href":"https:\/\/sysmatec.ch\/de\/wp-json\/wp\/v2\/product_tag?post=14166"}],"curies":[{"name":"wp","href":"https:\/\/api.w.org\/{rel}","templated":true}]}}