{"id":14147,"date":"2019-11-26T21:03:34","date_gmt":"2019-11-26T20:03:34","guid":{"rendered":"https:\/\/sysmatec.ch\/produit\/mehrfach-verwendbare-temperatur-datenlogger-fur-verkehr-lagerung-msr63\/"},"modified":"2023-06-14T12:09:58","modified_gmt":"2023-06-14T10:09:58","slug":"mehrfach-verwendbare-temperatur-datenlogger-fur-transport-lagerung-msr63","status":"publish","type":"product","link":"https:\/\/sysmatec.ch\/de\/Produkt\/mehrfach-verwendbare-temperatur-datenlogger-fur-transport-lagerung-msr63\/","title":{"rendered":"Mehrfach verwendbare Temperatur -Datenlogger f\u00fcr Transport &#038; Lagerung MSR63"},"content":{"rendered":"<p>Kosteng\u00fcnstige Mehrweg-Datenlogger f\u00fcr Transport und Lagerung<br \/>\nDie f\u00fcr den Masseneinsatz geeigneten Low-Cost-PDF-Datenlogger der MSR BudgetLine \u00fcberwachen und dokumentieren zuverl\u00e4ssig Temperatur und Luftfeuchtigkeit empfindlicher G\u00fcter.<br \/>\nInklusive 6-Punkt-Kalibrierzertifikat, inklusive Software.<br \/>\nMSR BudgetLine Datenlogger besitzen einen eingebauten USB-Anschluss, mit welchem sich aufgezeichnete Messdaten rasch auf einen PC \u00fcbertragen lassen. Durch Stoppen des Datenloggers wird im Handumdrehen ein automatischer PDF-Report generiert, welcher zu Dokumentationszwecken gespeichert oder abgelegt werden kann.<br \/>\nDie mit einem internen Temperatursensor, wahlweise auch mit einem Feuchtesensor erh\u00e4ltlichen Datenlogger sind DIN12830 sowie 21 CFR Part 11-konform. Sie erf\u00fcllen die EU-Vorschriften f\u00fcr die Lagerung und den Transport von gek\u00fchlten und tiefgefrorenen Lebensmitteln ebenso wie diejenigen der US Food and Drug Admi\u00adnistration (FDA). Sie werden von den meisten Luftverkehrsunternehmen wie Lufthansa erlaubt.<\/p>\n<h2>Technische Daten Temperatur-Datenlogger MSR 63<\/h2>\n<ul>\n<li>Temperaturbereich: -30 bis +70 \u00b0C<\/li>\n<li>Genauigkeit: 0.5 \u00b0C (-30 bis +70 \u00b0C)<\/li>\n<li>Aufl\u00f6sung: 0.1 \u00b0C<\/li>\n<li>Speicherkapazit\u00e4t: 16\u2019000 Messwerte<\/li>\n<li>Mess-\/Speicherrate: 1 Min. bis alle 10 Tage<\/li>\n<li>Alarm: min.\/max. Wert, Kennzeichnung auf LED und Display<\/li>\n<li>Batterietyp: 3.0 V Lithium Batterie<\/li>\n<li>Batterielebensdauer: ca. 1 Jahr, neue Batterie einsetzbar vom Hersteller<\/li>\n<li>Interface: USB 2.0, A-Typ<\/li>\n<li>PDF Report: automatisch<\/li>\n<li>Abmessung (B x H x L): 36 x 12 x 71 mm<\/li>\n<li>Gewicht: ca. 18 g<\/li>\n<li>Erf\u00fcllt den RTCA DO-160G-Standard<\/li>\n<\/ul>\n","protected":false},"excerpt":{"rendered":"<p>Mehrfach verwendbare Temperatur -Datenlogger f\u00fcr Transport und Lagerung<\/p>\n","protected":false},"featured_media":14136,"template":"","meta":{"_crdt_document":""},"product_brand":[],"product_cat":[168,173],"product_tag":[],"class_list":{"0":"post-14147","1":"product","2":"type-product","3":"status-publish","4":"has-post-thumbnail","6":"product_cat-datenlogger","7":"product_cat-temperatur","9":"first","10":"instock","11":"taxable","12":"shipping-taxable","13":"purchasable","14":"product-type-simple"},"yoast_head":"<!-- This site is optimized with the Yoast SEO plugin v27.4 - https:\/\/yoast.com\/product\/yoast-seo-wordpress\/ -->\n<title>Mehrfach verwendbare Temperatur -Datenlogger f\u00fcr Transport &amp; Lagerung MSR63 - Sysmatec<\/title>\n<meta name=\"description\" content=\"Wiederverwendbarer Temperaturlogger. Die Daten werden im PDF-Format exportiert. Es ist keine Softwareinstallation erforderlich.\" \/>\n<meta name=\"robots\" content=\"index, follow, max-snippet:-1, max-image-preview:large, max-video-preview:-1\" \/>\n<link rel=\"canonical\" href=\"https:\/\/sysmatec.ch\/de\/Produkt\/mehrfach-verwendbare-temperatur-datenlogger-fur-transport-lagerung-msr63\/\" \/>\n<meta property=\"og:locale\" content=\"de_DE\" \/>\n<meta property=\"og:type\" content=\"article\" \/>\n<meta property=\"og:title\" content=\"Mehrfach verwendbare Temperatur -Datenlogger f\u00fcr Transport &amp; Lagerung MSR63 - Sysmatec\" \/>\n<meta property=\"og:description\" content=\"Wiederverwendbarer Temperaturlogger. Die Daten werden im PDF-Format exportiert. Es ist keine Softwareinstallation erforderlich.\" \/>\n<meta property=\"og:url\" content=\"https:\/\/sysmatec.ch\/de\/Produkt\/mehrfach-verwendbare-temperatur-datenlogger-fur-transport-lagerung-msr63\/\" \/>\n<meta property=\"og:site_name\" content=\"Sysmatec\" \/>\n<meta property=\"article:modified_time\" content=\"2023-06-14T10:09:58+00:00\" \/>\n<meta property=\"og:image\" content=\"https:\/\/sysmatec.ch\/wp-content\/uploads\/2019\/11\/MSR63-Temperatur-Datenlogger-l.jpg\" \/>\n\t<meta property=\"og:image:width\" content=\"2560\" \/>\n\t<meta property=\"og:image:height\" content=\"1572\" \/>\n\t<meta property=\"og:image:type\" content=\"image\/jpeg\" \/>\n<meta name=\"twitter:card\" content=\"summary_large_image\" \/>\n<meta name=\"twitter:label1\" content=\"Gesch\u00e4tzte Lesezeit\" \/>\n\t<meta name=\"twitter:data1\" content=\"2\u00a0Minuten\" \/>\n<script type=\"application\/ld+json\" class=\"yoast-schema-graph\">{\"@context\":\"https:\\\/\\\/schema.org\",\"@graph\":[{\"@type\":\"WebPage\",\"@id\":\"https:\\\/\\\/sysmatec.ch\\\/de\\\/Produkt\\\/mehrfach-verwendbare-temperatur-datenlogger-fur-transport-lagerung-msr63\\\/\",\"url\":\"https:\\\/\\\/sysmatec.ch\\\/de\\\/Produkt\\\/mehrfach-verwendbare-temperatur-datenlogger-fur-transport-lagerung-msr63\\\/\",\"name\":\"Mehrfach verwendbare Temperatur -Datenlogger f\u00fcr Transport & Lagerung MSR63 - Sysmatec\",\"isPartOf\":{\"@id\":\"https:\\\/\\\/sysmatec.ch\\\/de\\\/#website\"},\"primaryImageOfPage\":{\"@id\":\"https:\\\/\\\/sysmatec.ch\\\/de\\\/Produkt\\\/mehrfach-verwendbare-temperatur-datenlogger-fur-transport-lagerung-msr63\\\/#primaryimage\"},\"image\":{\"@id\":\"https:\\\/\\\/sysmatec.ch\\\/de\\\/Produkt\\\/mehrfach-verwendbare-temperatur-datenlogger-fur-transport-lagerung-msr63\\\/#primaryimage\"},\"thumbnailUrl\":\"https:\\\/\\\/sysmatec.ch\\\/wp-content\\\/uploads\\\/2019\\\/11\\\/MSR63-Temperatur-Datenlogger-l-scaled.jpg\",\"datePublished\":\"2019-11-26T20:03:34+00:00\",\"dateModified\":\"2023-06-14T10:09:58+00:00\",\"description\":\"Wiederverwendbarer Temperaturlogger. Die Daten werden im PDF-Format exportiert. Es ist keine Softwareinstallation erforderlich.\",\"breadcrumb\":{\"@id\":\"https:\\\/\\\/sysmatec.ch\\\/de\\\/Produkt\\\/mehrfach-verwendbare-temperatur-datenlogger-fur-transport-lagerung-msr63\\\/#breadcrumb\"},\"inLanguage\":\"de\",\"potentialAction\":[{\"@type\":\"ReadAction\",\"target\":[\"https:\\\/\\\/sysmatec.ch\\\/de\\\/Produkt\\\/mehrfach-verwendbare-temperatur-datenlogger-fur-transport-lagerung-msr63\\\/\"]}]},{\"@type\":\"ImageObject\",\"inLanguage\":\"de\",\"@id\":\"https:\\\/\\\/sysmatec.ch\\\/de\\\/Produkt\\\/mehrfach-verwendbare-temperatur-datenlogger-fur-transport-lagerung-msr63\\\/#primaryimage\",\"url\":\"https:\\\/\\\/sysmatec.ch\\\/wp-content\\\/uploads\\\/2019\\\/11\\\/MSR63-Temperatur-Datenlogger-l-scaled.jpg\",\"contentUrl\":\"https:\\\/\\\/sysmatec.ch\\\/wp-content\\\/uploads\\\/2019\\\/11\\\/MSR63-Temperatur-Datenlogger-l-scaled.jpg\",\"width\":2560,\"height\":1572},{\"@type\":\"BreadcrumbList\",\"@id\":\"https:\\\/\\\/sysmatec.ch\\\/de\\\/Produkt\\\/mehrfach-verwendbare-temperatur-datenlogger-fur-transport-lagerung-msr63\\\/#breadcrumb\",\"itemListElement\":[{\"@type\":\"ListItem\",\"position\":1,\"name\":\"Accueil\",\"item\":\"https:\\\/\\\/sysmatec.ch\\\/de\\\/\"},{\"@type\":\"ListItem\",\"position\":2,\"name\":\"Die Aktivit\u00e4t von Sysmatec\",\"item\":\"https:\\\/\\\/sysmatec.ch\\\/de\\\/\"},{\"@type\":\"ListItem\",\"position\":3,\"name\":\"Mehrfach verwendbare Temperatur -Datenlogger f\u00fcr Transport &#038; Lagerung MSR63\"}]},{\"@type\":\"WebSite\",\"@id\":\"https:\\\/\\\/sysmatec.ch\\\/de\\\/#website\",\"url\":\"https:\\\/\\\/sysmatec.ch\\\/de\\\/\",\"name\":\"Sysmatec\",\"description\":\"Equipement de laboratoire et logiciels\",\"publisher\":{\"@id\":\"https:\\\/\\\/sysmatec.ch\\\/de\\\/#organization\"},\"potentialAction\":[{\"@type\":\"SearchAction\",\"target\":{\"@type\":\"EntryPoint\",\"urlTemplate\":\"https:\\\/\\\/sysmatec.ch\\\/de\\\/?s={search_term_string}\"},\"query-input\":{\"@type\":\"PropertyValueSpecification\",\"valueRequired\":true,\"valueName\":\"search_term_string\"}}],\"inLanguage\":\"de\"},{\"@type\":\"Organization\",\"@id\":\"https:\\\/\\\/sysmatec.ch\\\/de\\\/#organization\",\"name\":\"Sysmatec\",\"url\":\"https:\\\/\\\/sysmatec.ch\\\/de\\\/\",\"logo\":{\"@type\":\"ImageObject\",\"inLanguage\":\"de\",\"@id\":\"https:\\\/\\\/sysmatec.ch\\\/de\\\/#\\\/schema\\\/logo\\\/image\\\/\",\"url\":\"https:\\\/\\\/sysmatec.ch\\\/wp-content\\\/uploads\\\/2018\\\/11\\\/LogoSysmatec.jpg\",\"contentUrl\":\"https:\\\/\\\/sysmatec.ch\\\/wp-content\\\/uploads\\\/2018\\\/11\\\/LogoSysmatec.jpg\",\"width\":301,\"height\":297,\"caption\":\"Sysmatec\"},\"image\":{\"@id\":\"https:\\\/\\\/sysmatec.ch\\\/de\\\/#\\\/schema\\\/logo\\\/image\\\/\"}}]}<\/script>\n<!-- \/ Yoast SEO plugin. -->","yoast_head_json":{"title":"Mehrfach verwendbare Temperatur -Datenlogger f\u00fcr Transport & Lagerung MSR63 - Sysmatec","description":"Wiederverwendbarer Temperaturlogger. Die Daten werden im PDF-Format exportiert. Es ist keine Softwareinstallation erforderlich.","robots":{"index":"index","follow":"follow","max-snippet":"max-snippet:-1","max-image-preview":"max-image-preview:large","max-video-preview":"max-video-preview:-1"},"canonical":"https:\/\/sysmatec.ch\/de\/Produkt\/mehrfach-verwendbare-temperatur-datenlogger-fur-transport-lagerung-msr63\/","og_locale":"de_DE","og_type":"article","og_title":"Mehrfach verwendbare Temperatur -Datenlogger f\u00fcr Transport & Lagerung MSR63 - Sysmatec","og_description":"Wiederverwendbarer Temperaturlogger. Die Daten werden im PDF-Format exportiert. Es ist keine Softwareinstallation erforderlich.","og_url":"https:\/\/sysmatec.ch\/de\/Produkt\/mehrfach-verwendbare-temperatur-datenlogger-fur-transport-lagerung-msr63\/","og_site_name":"Sysmatec","article_modified_time":"2023-06-14T10:09:58+00:00","og_image":[{"width":2560,"height":1572,"url":"https:\/\/sysmatec.ch\/wp-content\/uploads\/2019\/11\/MSR63-Temperatur-Datenlogger-l.jpg","type":"image\/jpeg"}],"twitter_card":"summary_large_image","twitter_misc":{"Gesch\u00e4tzte Lesezeit":"2\u00a0Minuten"},"schema":{"@context":"https:\/\/schema.org","@graph":[{"@type":"WebPage","@id":"https:\/\/sysmatec.ch\/de\/Produkt\/mehrfach-verwendbare-temperatur-datenlogger-fur-transport-lagerung-msr63\/","url":"https:\/\/sysmatec.ch\/de\/Produkt\/mehrfach-verwendbare-temperatur-datenlogger-fur-transport-lagerung-msr63\/","name":"Mehrfach verwendbare Temperatur -Datenlogger f\u00fcr Transport & Lagerung MSR63 - Sysmatec","isPartOf":{"@id":"https:\/\/sysmatec.ch\/de\/#website"},"primaryImageOfPage":{"@id":"https:\/\/sysmatec.ch\/de\/Produkt\/mehrfach-verwendbare-temperatur-datenlogger-fur-transport-lagerung-msr63\/#primaryimage"},"image":{"@id":"https:\/\/sysmatec.ch\/de\/Produkt\/mehrfach-verwendbare-temperatur-datenlogger-fur-transport-lagerung-msr63\/#primaryimage"},"thumbnailUrl":"https:\/\/sysmatec.ch\/wp-content\/uploads\/2019\/11\/MSR63-Temperatur-Datenlogger-l-scaled.jpg","datePublished":"2019-11-26T20:03:34+00:00","dateModified":"2023-06-14T10:09:58+00:00","description":"Wiederverwendbarer Temperaturlogger. Die Daten werden im PDF-Format exportiert. Es ist keine Softwareinstallation erforderlich.","breadcrumb":{"@id":"https:\/\/sysmatec.ch\/de\/Produkt\/mehrfach-verwendbare-temperatur-datenlogger-fur-transport-lagerung-msr63\/#breadcrumb"},"inLanguage":"de","potentialAction":[{"@type":"ReadAction","target":["https:\/\/sysmatec.ch\/de\/Produkt\/mehrfach-verwendbare-temperatur-datenlogger-fur-transport-lagerung-msr63\/"]}]},{"@type":"ImageObject","inLanguage":"de","@id":"https:\/\/sysmatec.ch\/de\/Produkt\/mehrfach-verwendbare-temperatur-datenlogger-fur-transport-lagerung-msr63\/#primaryimage","url":"https:\/\/sysmatec.ch\/wp-content\/uploads\/2019\/11\/MSR63-Temperatur-Datenlogger-l-scaled.jpg","contentUrl":"https:\/\/sysmatec.ch\/wp-content\/uploads\/2019\/11\/MSR63-Temperatur-Datenlogger-l-scaled.jpg","width":2560,"height":1572},{"@type":"BreadcrumbList","@id":"https:\/\/sysmatec.ch\/de\/Produkt\/mehrfach-verwendbare-temperatur-datenlogger-fur-transport-lagerung-msr63\/#breadcrumb","itemListElement":[{"@type":"ListItem","position":1,"name":"Accueil","item":"https:\/\/sysmatec.ch\/de\/"},{"@type":"ListItem","position":2,"name":"Die Aktivit\u00e4t von Sysmatec","item":"https:\/\/sysmatec.ch\/de\/"},{"@type":"ListItem","position":3,"name":"Mehrfach verwendbare Temperatur -Datenlogger f\u00fcr Transport &#038; Lagerung MSR63"}]},{"@type":"WebSite","@id":"https:\/\/sysmatec.ch\/de\/#website","url":"https:\/\/sysmatec.ch\/de\/","name":"Sysmatec","description":"Equipement de laboratoire et logiciels","publisher":{"@id":"https:\/\/sysmatec.ch\/de\/#organization"},"potentialAction":[{"@type":"SearchAction","target":{"@type":"EntryPoint","urlTemplate":"https:\/\/sysmatec.ch\/de\/?s={search_term_string}"},"query-input":{"@type":"PropertyValueSpecification","valueRequired":true,"valueName":"search_term_string"}}],"inLanguage":"de"},{"@type":"Organization","@id":"https:\/\/sysmatec.ch\/de\/#organization","name":"Sysmatec","url":"https:\/\/sysmatec.ch\/de\/","logo":{"@type":"ImageObject","inLanguage":"de","@id":"https:\/\/sysmatec.ch\/de\/#\/schema\/logo\/image\/","url":"https:\/\/sysmatec.ch\/wp-content\/uploads\/2018\/11\/LogoSysmatec.jpg","contentUrl":"https:\/\/sysmatec.ch\/wp-content\/uploads\/2018\/11\/LogoSysmatec.jpg","width":301,"height":297,"caption":"Sysmatec"},"image":{"@id":"https:\/\/sysmatec.ch\/de\/#\/schema\/logo\/image\/"}}]}},"_links":{"self":[{"href":"https:\/\/sysmatec.ch\/de\/wp-json\/wp\/v2\/product\/14147","targetHints":{"allow":["GET"]}}],"collection":[{"href":"https:\/\/sysmatec.ch\/de\/wp-json\/wp\/v2\/product"}],"about":[{"href":"https:\/\/sysmatec.ch\/de\/wp-json\/wp\/v2\/types\/product"}],"wp:featuredmedia":[{"embeddable":true,"href":"https:\/\/sysmatec.ch\/de\/wp-json\/wp\/v2\/media\/14136"}],"wp:attachment":[{"href":"https:\/\/sysmatec.ch\/de\/wp-json\/wp\/v2\/media?parent=14147"}],"wp:term":[{"taxonomy":"product_brand","embeddable":true,"href":"https:\/\/sysmatec.ch\/de\/wp-json\/wp\/v2\/product_brand?post=14147"},{"taxonomy":"product_cat","embeddable":true,"href":"https:\/\/sysmatec.ch\/de\/wp-json\/wp\/v2\/product_cat?post=14147"},{"taxonomy":"product_tag","embeddable":true,"href":"https:\/\/sysmatec.ch\/de\/wp-json\/wp\/v2\/product_tag?post=14147"}],"curies":[{"name":"wp","href":"https:\/\/api.w.org\/{rel}","templated":true}]}}