{"id":14124,"date":"2019-11-25T21:47:43","date_gmt":"2019-11-25T20:47:43","guid":{"rendered":"https:\/\/sysmatec.ch\/produit\/wlan-datenlogger-msr145w2d\/"},"modified":"2025-11-13T12:10:42","modified_gmt":"2025-11-13T11:10:42","slug":"temperatur-feuchtigkeit-druck-licht-und-beschleunigung-logger-wifi-msr145w2d","status":"publish","type":"product","link":"https:\/\/sysmatec.ch\/de\/Produkt\/temperatur-feuchtigkeit-druck-licht-und-beschleunigung-logger-wifi-msr145w2d\/","title":{"rendered":"Temperatur-, Feuchtigkeit-, Druck-, Licht- und Beschleunigung- Logger WIFI MSR145W2D"},"content":{"rendered":"<p>Einfach in der Anwendung, pr\u00e4zise bei der Messung, schnell bei der Daten\u00fcbertragung und mit mehr Flexibilit\u00e4t bei der Wahl der Sensoren: das sind die Hauptmerkmale des neuen WLAN-Loggers von MSR.<br \/>\nEinbindung entweder in bestehendes WLAN oder via Access Point, ggf. mit Mobilfunkzugang, in ein separates Funknetzwerk<\/p>\n<p>Messgr\u00f6\u00dfen: Temperatur, relative Luftfeuchtigkeit, Luftdruck, Fl\u00fcssigkeitsdruck, Dehnungsmessstreifen, Beschleunigung, Licht.<\/p>\n<ul>\n<li>WLAN-Reichweite mit handels\u00fcblichem Repeater erweiterbar<\/li>\n<li>Messdaten lokal oder in der MSR SmartCloud speichern<\/li>\n<li>Alarmmeldung bei Grenzwert\u00fcberschreitung<\/li>\n<li>Messdaten jederzeit online abrufen, auswerten, exportieren<\/li>\n<li>kompatibel mit LabVIEW<\/li>\n<li>Flex-Connector zur kundenspezifische Adaption der Wunschsensoren<\/li>\n<li>Messgr\u00f6sse: Temperatur, relative Feuchte, Luftdruck, Fl\u00fcssigkeitsdruck, Dehnungsmessstreifen, Beschleunigung, Licht.<\/li>\n<li>Kostenloser Zugang zur MSR SmartCloud, Speicherplatz f\u00fcr max. 100\u2018000 Messwerte. Datenspeicherung f\u00fcr bis zu 3 Monate.<\/li>\n<\/ul>\n<p>Sie k\u00f6nnen hier Ihre eigene Konfiguration zusammen stellen:<br \/>\n<iframe loading=\"lazy\" style=\"border: 0px; padding: 0; margin: 0;\" src=\"https:\/\/www.msr.ch\/affiliate\/de\/msr145w2d.php?ver=Sysmatec\" width=\"695\" height=\"4700\" frameborder=\"0\" scrolling=\"no\"><span class=\"mce_SELRES_start\" style=\"width: 0px; line-height: 0; overflow: hidden; display: inline-block;\" data-mce-type=\"bookmark\">\ufeff<\/span><span class=\"mce_SELRES_start\" style=\"width: 0px; line-height: 0; overflow: hidden; display: inline-block;\" data-mce-type=\"bookmark\">\ufeff<\/span><span class=\"mce_SELRES_start\" style=\"width: 0px; line-height: 0; overflow: hidden; display: inline-block;\" data-mce-type=\"bookmark\">\ufeff<\/span><br \/>\n<span class=\"mce_SELRES_start\" style=\"width: 0px; line-height: 0; overflow: hidden; display: inline-block;\" data-mce-type=\"bookmark\">\ufeff<\/span><span class=\"mce_SELRES_start\" style=\"width: 0px; line-height: 0; overflow: hidden; display: inline-block;\" data-mce-type=\"bookmark\">\ufeff<\/span><\/iframe><\/p>\n","protected":false},"excerpt":{"rendered":"<p><span title=\"\">WLAN Datenlogger f\u00fcr Temperatur, Luftfeuchtigkeit, Druck, Licht, Dehnungsmessstreifen und Beschleunigung mit Flex-Anschluss f\u00fcr Sensoranschl\u00fcsse.<\/span><\/p>\n","protected":false},"featured_media":3481,"template":"","meta":{"_crdt_document":""},"product_brand":[],"product_cat":[288,168,169,175,206,173],"product_tag":[],"class_list":{"0":"post-14124","1":"product","2":"type-product","3":"status-publish","4":"has-post-thumbnail","6":"product_cat-beschleunigung","7":"product_cat-datenlogger","8":"product_cat-druck","9":"product_cat-feuchte","10":"product_cat-licht","11":"product_cat-temperatur","13":"first","14":"instock","15":"taxable","16":"shipping-taxable","17":"product-type-simple"},"yoast_head":"<!-- This site is optimized with the Yoast SEO plugin v27.4 - https:\/\/yoast.com\/product\/yoast-seo-wordpress\/ -->\n<title>Temperatur-, Feuchtigkeit-, Druck-, Licht- und Beschleunigung- Logger WIFI MSR145W2D - Sysmatec<\/title>\n<meta name=\"description\" content=\"Temperatur-, Feuchtigkeits-, Druck-, Licht-, Dehnungsmess- und Beschleunigungsaufnehmer. WLAN-Kommunikation.\" \/>\n<meta name=\"robots\" content=\"index, follow, max-snippet:-1, max-image-preview:large, max-video-preview:-1\" \/>\n<link rel=\"canonical\" href=\"https:\/\/sysmatec.ch\/de\/Produkt\/temperatur-feuchtigkeit-druck-licht-und-beschleunigung-logger-wifi-msr145w2d\/\" \/>\n<meta property=\"og:locale\" content=\"de_DE\" \/>\n<meta property=\"og:type\" content=\"article\" \/>\n<meta property=\"og:title\" content=\"Temperatur-, Feuchtigkeit-, Druck-, Licht- und Beschleunigung- Logger WIFI MSR145W2D - Sysmatec\" \/>\n<meta property=\"og:description\" content=\"Temperatur-, Feuchtigkeits-, Druck-, Licht-, Dehnungsmess- und Beschleunigungsaufnehmer. WLAN-Kommunikation.\" \/>\n<meta property=\"og:url\" content=\"https:\/\/sysmatec.ch\/de\/Produkt\/temperatur-feuchtigkeit-druck-licht-und-beschleunigung-logger-wifi-msr145w2d\/\" \/>\n<meta property=\"og:site_name\" content=\"Sysmatec\" \/>\n<meta property=\"article:modified_time\" content=\"2025-11-13T11:10:42+00:00\" \/>\n<meta property=\"og:image\" content=\"https:\/\/sysmatec.ch\/wp-content\/uploads\/2019\/02\/Enregistreur_MSR145WD.jpg\" \/>\n\t<meta property=\"og:image:width\" content=\"187\" \/>\n\t<meta property=\"og:image:height\" content=\"114\" \/>\n\t<meta property=\"og:image:type\" content=\"image\/jpeg\" \/>\n<meta name=\"twitter:card\" content=\"summary_large_image\" \/>\n<meta name=\"twitter:label1\" content=\"Gesch\u00e4tzte Lesezeit\" \/>\n\t<meta name=\"twitter:data1\" content=\"1\u00a0Minute\" \/>\n<script type=\"application\/ld+json\" class=\"yoast-schema-graph\">{\"@context\":\"https:\\\/\\\/schema.org\",\"@graph\":[{\"@type\":\"WebPage\",\"@id\":\"https:\\\/\\\/sysmatec.ch\\\/de\\\/Produkt\\\/temperatur-feuchtigkeit-druck-licht-und-beschleunigung-logger-wifi-msr145w2d\\\/\",\"url\":\"https:\\\/\\\/sysmatec.ch\\\/de\\\/Produkt\\\/temperatur-feuchtigkeit-druck-licht-und-beschleunigung-logger-wifi-msr145w2d\\\/\",\"name\":\"Temperatur-, Feuchtigkeit-, Druck-, Licht- und Beschleunigung- Logger WIFI MSR145W2D - Sysmatec\",\"isPartOf\":{\"@id\":\"https:\\\/\\\/sysmatec.ch\\\/de\\\/#website\"},\"primaryImageOfPage\":{\"@id\":\"https:\\\/\\\/sysmatec.ch\\\/de\\\/Produkt\\\/temperatur-feuchtigkeit-druck-licht-und-beschleunigung-logger-wifi-msr145w2d\\\/#primaryimage\"},\"image\":{\"@id\":\"https:\\\/\\\/sysmatec.ch\\\/de\\\/Produkt\\\/temperatur-feuchtigkeit-druck-licht-und-beschleunigung-logger-wifi-msr145w2d\\\/#primaryimage\"},\"thumbnailUrl\":\"https:\\\/\\\/sysmatec.ch\\\/wp-content\\\/uploads\\\/2019\\\/02\\\/Enregistreur_MSR145WD.jpg\",\"datePublished\":\"2019-11-25T20:47:43+00:00\",\"dateModified\":\"2025-11-13T11:10:42+00:00\",\"description\":\"Temperatur-, Feuchtigkeits-, Druck-, Licht-, Dehnungsmess- und Beschleunigungsaufnehmer. WLAN-Kommunikation.\",\"breadcrumb\":{\"@id\":\"https:\\\/\\\/sysmatec.ch\\\/de\\\/Produkt\\\/temperatur-feuchtigkeit-druck-licht-und-beschleunigung-logger-wifi-msr145w2d\\\/#breadcrumb\"},\"inLanguage\":\"de\",\"potentialAction\":[{\"@type\":\"ReadAction\",\"target\":[\"https:\\\/\\\/sysmatec.ch\\\/de\\\/Produkt\\\/temperatur-feuchtigkeit-druck-licht-und-beschleunigung-logger-wifi-msr145w2d\\\/\"]}]},{\"@type\":\"ImageObject\",\"inLanguage\":\"de\",\"@id\":\"https:\\\/\\\/sysmatec.ch\\\/de\\\/Produkt\\\/temperatur-feuchtigkeit-druck-licht-und-beschleunigung-logger-wifi-msr145w2d\\\/#primaryimage\",\"url\":\"https:\\\/\\\/sysmatec.ch\\\/wp-content\\\/uploads\\\/2019\\\/02\\\/Enregistreur_MSR145WD.jpg\",\"contentUrl\":\"https:\\\/\\\/sysmatec.ch\\\/wp-content\\\/uploads\\\/2019\\\/02\\\/Enregistreur_MSR145WD.jpg\",\"width\":187,\"height\":114},{\"@type\":\"BreadcrumbList\",\"@id\":\"https:\\\/\\\/sysmatec.ch\\\/de\\\/Produkt\\\/temperatur-feuchtigkeit-druck-licht-und-beschleunigung-logger-wifi-msr145w2d\\\/#breadcrumb\",\"itemListElement\":[{\"@type\":\"ListItem\",\"position\":1,\"name\":\"Accueil\",\"item\":\"https:\\\/\\\/sysmatec.ch\\\/de\\\/\"},{\"@type\":\"ListItem\",\"position\":2,\"name\":\"Die Aktivit\u00e4t von Sysmatec\",\"item\":\"https:\\\/\\\/sysmatec.ch\\\/de\\\/\"},{\"@type\":\"ListItem\",\"position\":3,\"name\":\"Temperatur-, Feuchtigkeit-, Druck-, Licht- und Beschleunigung- Logger WIFI MSR145W2D\"}]},{\"@type\":\"WebSite\",\"@id\":\"https:\\\/\\\/sysmatec.ch\\\/de\\\/#website\",\"url\":\"https:\\\/\\\/sysmatec.ch\\\/de\\\/\",\"name\":\"Sysmatec\",\"description\":\"Equipement de laboratoire et logiciels\",\"publisher\":{\"@id\":\"https:\\\/\\\/sysmatec.ch\\\/de\\\/#organization\"},\"potentialAction\":[{\"@type\":\"SearchAction\",\"target\":{\"@type\":\"EntryPoint\",\"urlTemplate\":\"https:\\\/\\\/sysmatec.ch\\\/de\\\/?s={search_term_string}\"},\"query-input\":{\"@type\":\"PropertyValueSpecification\",\"valueRequired\":true,\"valueName\":\"search_term_string\"}}],\"inLanguage\":\"de\"},{\"@type\":\"Organization\",\"@id\":\"https:\\\/\\\/sysmatec.ch\\\/de\\\/#organization\",\"name\":\"Sysmatec\",\"url\":\"https:\\\/\\\/sysmatec.ch\\\/de\\\/\",\"logo\":{\"@type\":\"ImageObject\",\"inLanguage\":\"de\",\"@id\":\"https:\\\/\\\/sysmatec.ch\\\/de\\\/#\\\/schema\\\/logo\\\/image\\\/\",\"url\":\"https:\\\/\\\/sysmatec.ch\\\/wp-content\\\/uploads\\\/2018\\\/11\\\/LogoSysmatec.jpg\",\"contentUrl\":\"https:\\\/\\\/sysmatec.ch\\\/wp-content\\\/uploads\\\/2018\\\/11\\\/LogoSysmatec.jpg\",\"width\":301,\"height\":297,\"caption\":\"Sysmatec\"},\"image\":{\"@id\":\"https:\\\/\\\/sysmatec.ch\\\/de\\\/#\\\/schema\\\/logo\\\/image\\\/\"}}]}<\/script>\n<!-- \/ Yoast SEO plugin. -->","yoast_head_json":{"title":"Temperatur-, Feuchtigkeit-, Druck-, Licht- und Beschleunigung- Logger WIFI MSR145W2D - Sysmatec","description":"Temperatur-, Feuchtigkeits-, Druck-, Licht-, Dehnungsmess- und Beschleunigungsaufnehmer. WLAN-Kommunikation.","robots":{"index":"index","follow":"follow","max-snippet":"max-snippet:-1","max-image-preview":"max-image-preview:large","max-video-preview":"max-video-preview:-1"},"canonical":"https:\/\/sysmatec.ch\/de\/Produkt\/temperatur-feuchtigkeit-druck-licht-und-beschleunigung-logger-wifi-msr145w2d\/","og_locale":"de_DE","og_type":"article","og_title":"Temperatur-, Feuchtigkeit-, Druck-, Licht- und Beschleunigung- Logger WIFI MSR145W2D - Sysmatec","og_description":"Temperatur-, Feuchtigkeits-, Druck-, Licht-, Dehnungsmess- und Beschleunigungsaufnehmer. WLAN-Kommunikation.","og_url":"https:\/\/sysmatec.ch\/de\/Produkt\/temperatur-feuchtigkeit-druck-licht-und-beschleunigung-logger-wifi-msr145w2d\/","og_site_name":"Sysmatec","article_modified_time":"2025-11-13T11:10:42+00:00","og_image":[{"width":187,"height":114,"url":"https:\/\/sysmatec.ch\/wp-content\/uploads\/2019\/02\/Enregistreur_MSR145WD.jpg","type":"image\/jpeg"}],"twitter_card":"summary_large_image","twitter_misc":{"Gesch\u00e4tzte Lesezeit":"1\u00a0Minute"},"schema":{"@context":"https:\/\/schema.org","@graph":[{"@type":"WebPage","@id":"https:\/\/sysmatec.ch\/de\/Produkt\/temperatur-feuchtigkeit-druck-licht-und-beschleunigung-logger-wifi-msr145w2d\/","url":"https:\/\/sysmatec.ch\/de\/Produkt\/temperatur-feuchtigkeit-druck-licht-und-beschleunigung-logger-wifi-msr145w2d\/","name":"Temperatur-, Feuchtigkeit-, Druck-, Licht- und Beschleunigung- Logger WIFI MSR145W2D - Sysmatec","isPartOf":{"@id":"https:\/\/sysmatec.ch\/de\/#website"},"primaryImageOfPage":{"@id":"https:\/\/sysmatec.ch\/de\/Produkt\/temperatur-feuchtigkeit-druck-licht-und-beschleunigung-logger-wifi-msr145w2d\/#primaryimage"},"image":{"@id":"https:\/\/sysmatec.ch\/de\/Produkt\/temperatur-feuchtigkeit-druck-licht-und-beschleunigung-logger-wifi-msr145w2d\/#primaryimage"},"thumbnailUrl":"https:\/\/sysmatec.ch\/wp-content\/uploads\/2019\/02\/Enregistreur_MSR145WD.jpg","datePublished":"2019-11-25T20:47:43+00:00","dateModified":"2025-11-13T11:10:42+00:00","description":"Temperatur-, Feuchtigkeits-, Druck-, Licht-, Dehnungsmess- und Beschleunigungsaufnehmer. WLAN-Kommunikation.","breadcrumb":{"@id":"https:\/\/sysmatec.ch\/de\/Produkt\/temperatur-feuchtigkeit-druck-licht-und-beschleunigung-logger-wifi-msr145w2d\/#breadcrumb"},"inLanguage":"de","potentialAction":[{"@type":"ReadAction","target":["https:\/\/sysmatec.ch\/de\/Produkt\/temperatur-feuchtigkeit-druck-licht-und-beschleunigung-logger-wifi-msr145w2d\/"]}]},{"@type":"ImageObject","inLanguage":"de","@id":"https:\/\/sysmatec.ch\/de\/Produkt\/temperatur-feuchtigkeit-druck-licht-und-beschleunigung-logger-wifi-msr145w2d\/#primaryimage","url":"https:\/\/sysmatec.ch\/wp-content\/uploads\/2019\/02\/Enregistreur_MSR145WD.jpg","contentUrl":"https:\/\/sysmatec.ch\/wp-content\/uploads\/2019\/02\/Enregistreur_MSR145WD.jpg","width":187,"height":114},{"@type":"BreadcrumbList","@id":"https:\/\/sysmatec.ch\/de\/Produkt\/temperatur-feuchtigkeit-druck-licht-und-beschleunigung-logger-wifi-msr145w2d\/#breadcrumb","itemListElement":[{"@type":"ListItem","position":1,"name":"Accueil","item":"https:\/\/sysmatec.ch\/de\/"},{"@type":"ListItem","position":2,"name":"Die Aktivit\u00e4t von Sysmatec","item":"https:\/\/sysmatec.ch\/de\/"},{"@type":"ListItem","position":3,"name":"Temperatur-, Feuchtigkeit-, Druck-, Licht- und Beschleunigung- Logger WIFI MSR145W2D"}]},{"@type":"WebSite","@id":"https:\/\/sysmatec.ch\/de\/#website","url":"https:\/\/sysmatec.ch\/de\/","name":"Sysmatec","description":"Equipement de laboratoire et logiciels","publisher":{"@id":"https:\/\/sysmatec.ch\/de\/#organization"},"potentialAction":[{"@type":"SearchAction","target":{"@type":"EntryPoint","urlTemplate":"https:\/\/sysmatec.ch\/de\/?s={search_term_string}"},"query-input":{"@type":"PropertyValueSpecification","valueRequired":true,"valueName":"search_term_string"}}],"inLanguage":"de"},{"@type":"Organization","@id":"https:\/\/sysmatec.ch\/de\/#organization","name":"Sysmatec","url":"https:\/\/sysmatec.ch\/de\/","logo":{"@type":"ImageObject","inLanguage":"de","@id":"https:\/\/sysmatec.ch\/de\/#\/schema\/logo\/image\/","url":"https:\/\/sysmatec.ch\/wp-content\/uploads\/2018\/11\/LogoSysmatec.jpg","contentUrl":"https:\/\/sysmatec.ch\/wp-content\/uploads\/2018\/11\/LogoSysmatec.jpg","width":301,"height":297,"caption":"Sysmatec"},"image":{"@id":"https:\/\/sysmatec.ch\/de\/#\/schema\/logo\/image\/"}}]}},"_links":{"self":[{"href":"https:\/\/sysmatec.ch\/de\/wp-json\/wp\/v2\/product\/14124","targetHints":{"allow":["GET"]}}],"collection":[{"href":"https:\/\/sysmatec.ch\/de\/wp-json\/wp\/v2\/product"}],"about":[{"href":"https:\/\/sysmatec.ch\/de\/wp-json\/wp\/v2\/types\/product"}],"wp:featuredmedia":[{"embeddable":true,"href":"https:\/\/sysmatec.ch\/de\/wp-json\/wp\/v2\/media\/3481"}],"wp:attachment":[{"href":"https:\/\/sysmatec.ch\/de\/wp-json\/wp\/v2\/media?parent=14124"}],"wp:term":[{"taxonomy":"product_brand","embeddable":true,"href":"https:\/\/sysmatec.ch\/de\/wp-json\/wp\/v2\/product_brand?post=14124"},{"taxonomy":"product_cat","embeddable":true,"href":"https:\/\/sysmatec.ch\/de\/wp-json\/wp\/v2\/product_cat?post=14124"},{"taxonomy":"product_tag","embeddable":true,"href":"https:\/\/sysmatec.ch\/de\/wp-json\/wp\/v2\/product_tag?post=14124"}],"curies":[{"name":"wp","href":"https:\/\/api.w.org\/{rel}","templated":true}]}}