{"id":13905,"date":"2019-11-18T09:17:55","date_gmt":"2019-11-18T08:19:29","guid":{"rendered":"https:\/\/sysmatec.ch\/?post_type=product&#038;p=13905"},"modified":"2021-12-08T21:34:21","modified_gmt":"2021-12-08T20:34:21","slug":"temperaturmapping-von-kammern","status":"publish","type":"product","link":"https:\/\/sysmatec.ch\/de\/Produkt\/temperaturmapping-von-kammern\/","title":{"rendered":"Temperaturmapping von Kammern"},"content":{"rendered":"<h2>Kit zum Temperaturmapping f\u00fcr Klima- und Temperatur-Kammern FDX15-140<\/h2>\n<p>Es handelt sich um ein Kit zum Temperaturmapping und zur \u00dcberpr\u00fcfung Ihrer Klimakammern an. Das Kit entspricht den FD X 15-140 Anforderungen.<\/p>\n<p>Je nach Gr\u00f6\u00dfe der Klimakammer bieten wir ein Temperaturmapping von 9 oder 15 Messstellen. Mit diesem Kit k\u00f6nnen Sie die Innenr\u00e4ume von Klimakammern, K\u00fchlschr\u00e4nken oder Tiefk\u00fchlschr\u00e4nken \u00fcberpr\u00fcfen. Beachten Sie, dass sich Labore und Apotheken einmal im Jahr dieser Pr\u00fcfung unterziehen sollten.<\/p>\n<p>Prinzip<\/p>\n<ul>\n<li type=\"disc\">Wir vermietet Ihnen das notwendige Material. Mit der Unterst\u00fctzung unseres technischen Supports installieren Sie das System in der Klimakammer (wir k\u00f6nnen es f\u00fcr Sie tun), die zu \u00fcberpr\u00fcfen ist. Die Messdaten der unterschiedlichen Temperatursensoren werden automatisch via GPRS (GSM -Netz) an den Newsteo Server \u00fcbertragen.<\/li>\n<li type=\"disc\">Newsteo bereitet Ihnen dann den Mappingbericht aus. Sobald Sie uns das Material zur\u00fcckgeschickt haben, bekommen Sie den Bericht mit der zugeh\u00f6rigen Rechnung.<\/li>\n<\/ul>\n<p>Was ist inbegriffen ?<\/p>\n<ul>\n<li type=\"disc\">9 Temperaturf\u00fchler f\u00fcr Kammern mit einem Volumen von maximal 2m3 oder 15 Temperaturf\u00fchler f\u00fcr Kammern mit einem Volumen zwischen 2 m3 und 20 m3. Die Temperatur-Datenlogger verf\u00fcgen \u00fcber eine Genauigkeit von \u00b10. 1 \u00b0C.<\/li>\n<li type=\"disc\">Kalibrierungszertifikate der zur Verf\u00fcgung-gestellten Datenlogger: Diese Kalibrierungszertifikate werden j\u00e4hrlich erneuert<\/li>\n<li type=\"disc\">1 Col11 GPRS Collector, mit Netzstecker.<\/li>\n<li type=\"disc\">Installations- und User Guides.<\/li>\n<\/ul>\n<p>Sie k\u00f6nnen selber die Messungen durchf\u00fchren oder wir k\u00f6nnen bei Ihnen vorbei kommen um das Material zu installieren.<\/p>\n","protected":false},"excerpt":{"rendered":"<p>Temperaturmapping von Kammern<\/p>\n","protected":false},"featured_media":13904,"template":"","meta":{"_crdt_document":""},"product_brand":[],"product_cat":[168,173],"product_tag":[],"class_list":{"0":"post-13905","1":"product","2":"type-product","3":"status-publish","4":"has-post-thumbnail","6":"product_cat-datenlogger","7":"product_cat-temperatur","9":"first","10":"instock","11":"taxable","12":"shipping-taxable","13":"product-type-simple"},"yoast_head":"<!-- This site is optimized with the Yoast SEO plugin v27.4 - https:\/\/yoast.com\/product\/yoast-seo-wordpress\/ -->\n<title>Temperaturmapping von Kammern - Sysmatec<\/title>\n<meta name=\"description\" content=\"Charakterisierung der Klimakammer nach der Norm FD X15-140. Die Messung erfolgt in 9 oder 15 Punkten je nach Geh\u00e4usegr\u00f6\u00dfe.\" \/>\n<meta name=\"robots\" content=\"index, follow, max-snippet:-1, max-image-preview:large, max-video-preview:-1\" \/>\n<link rel=\"canonical\" href=\"https:\/\/sysmatec.ch\/de\/produit\/temperaturmapping-von-kammern\/\" \/>\n<meta property=\"og:locale\" content=\"de_DE\" \/>\n<meta property=\"og:type\" content=\"article\" \/>\n<meta property=\"og:title\" content=\"Temperaturmapping von Kammern - Sysmatec\" \/>\n<meta property=\"og:description\" content=\"Charakterisierung der Klimakammer nach der Norm FD X15-140. Die Messung erfolgt in 9 oder 15 Punkten je nach Geh\u00e4usegr\u00f6\u00dfe.\" \/>\n<meta property=\"og:url\" content=\"https:\/\/sysmatec.ch\/de\/produit\/temperaturmapping-von-kammern\/\" \/>\n<meta property=\"og:site_name\" content=\"Sysmatec\" \/>\n<meta property=\"article:modified_time\" content=\"2021-12-08T20:34:21+00:00\" \/>\n<meta property=\"og:image\" content=\"https:\/\/sysmatec.ch\/wp-content\/uploads\/2019\/11\/Enregistreur_NewsteoFDX15-140.jpg\" \/>\n\t<meta property=\"og:image:width\" content=\"184\" \/>\n\t<meta property=\"og:image:height\" content=\"218\" \/>\n\t<meta property=\"og:image:type\" content=\"image\/jpeg\" \/>\n<meta name=\"twitter:card\" content=\"summary_large_image\" \/>\n<meta name=\"twitter:label1\" content=\"Gesch\u00e4tzte Lesezeit\" \/>\n\t<meta name=\"twitter:data1\" content=\"1\u00a0Minute\" \/>\n<script type=\"application\/ld+json\" class=\"yoast-schema-graph\">{\"@context\":\"https:\\\/\\\/schema.org\",\"@graph\":[{\"@type\":\"WebPage\",\"@id\":\"https:\\\/\\\/sysmatec.ch\\\/de\\\/produit\\\/temperaturmapping-von-kammern\\\/\",\"url\":\"https:\\\/\\\/sysmatec.ch\\\/de\\\/produit\\\/temperaturmapping-von-kammern\\\/\",\"name\":\"Temperaturmapping von Kammern - Sysmatec\",\"isPartOf\":{\"@id\":\"https:\\\/\\\/sysmatec.ch\\\/de\\\/#website\"},\"primaryImageOfPage\":{\"@id\":\"https:\\\/\\\/sysmatec.ch\\\/de\\\/produit\\\/temperaturmapping-von-kammern\\\/#primaryimage\"},\"image\":{\"@id\":\"https:\\\/\\\/sysmatec.ch\\\/de\\\/produit\\\/temperaturmapping-von-kammern\\\/#primaryimage\"},\"thumbnailUrl\":\"https:\\\/\\\/sysmatec.ch\\\/wp-content\\\/uploads\\\/2019\\\/11\\\/Enregistreur_NewsteoFDX15-140.jpg\",\"datePublished\":\"2019-11-18T08:19:29+00:00\",\"dateModified\":\"2021-12-08T20:34:21+00:00\",\"description\":\"Charakterisierung der Klimakammer nach der Norm FD X15-140. Die Messung erfolgt in 9 oder 15 Punkten je nach Geh\u00e4usegr\u00f6\u00dfe.\",\"breadcrumb\":{\"@id\":\"https:\\\/\\\/sysmatec.ch\\\/de\\\/produit\\\/temperaturmapping-von-kammern\\\/#breadcrumb\"},\"inLanguage\":\"de\",\"potentialAction\":[{\"@type\":\"ReadAction\",\"target\":[\"https:\\\/\\\/sysmatec.ch\\\/de\\\/produit\\\/temperaturmapping-von-kammern\\\/\"]}]},{\"@type\":\"ImageObject\",\"inLanguage\":\"de\",\"@id\":\"https:\\\/\\\/sysmatec.ch\\\/de\\\/produit\\\/temperaturmapping-von-kammern\\\/#primaryimage\",\"url\":\"https:\\\/\\\/sysmatec.ch\\\/wp-content\\\/uploads\\\/2019\\\/11\\\/Enregistreur_NewsteoFDX15-140.jpg\",\"contentUrl\":\"https:\\\/\\\/sysmatec.ch\\\/wp-content\\\/uploads\\\/2019\\\/11\\\/Enregistreur_NewsteoFDX15-140.jpg\",\"width\":184,\"height\":218},{\"@type\":\"BreadcrumbList\",\"@id\":\"https:\\\/\\\/sysmatec.ch\\\/de\\\/produit\\\/temperaturmapping-von-kammern\\\/#breadcrumb\",\"itemListElement\":[{\"@type\":\"ListItem\",\"position\":1,\"name\":\"Accueil\",\"item\":\"https:\\\/\\\/sysmatec.ch\\\/de\\\/\"},{\"@type\":\"ListItem\",\"position\":2,\"name\":\"Die Aktivit\u00e4t von Sysmatec\",\"item\":\"https:\\\/\\\/sysmatec.ch\\\/de\\\/\"},{\"@type\":\"ListItem\",\"position\":3,\"name\":\"Temperaturmapping von Kammern\"}]},{\"@type\":\"WebSite\",\"@id\":\"https:\\\/\\\/sysmatec.ch\\\/de\\\/#website\",\"url\":\"https:\\\/\\\/sysmatec.ch\\\/de\\\/\",\"name\":\"Sysmatec\",\"description\":\"Equipement de laboratoire et logiciels\",\"publisher\":{\"@id\":\"https:\\\/\\\/sysmatec.ch\\\/de\\\/#organization\"},\"potentialAction\":[{\"@type\":\"SearchAction\",\"target\":{\"@type\":\"EntryPoint\",\"urlTemplate\":\"https:\\\/\\\/sysmatec.ch\\\/de\\\/?s={search_term_string}\"},\"query-input\":{\"@type\":\"PropertyValueSpecification\",\"valueRequired\":true,\"valueName\":\"search_term_string\"}}],\"inLanguage\":\"de\"},{\"@type\":\"Organization\",\"@id\":\"https:\\\/\\\/sysmatec.ch\\\/de\\\/#organization\",\"name\":\"Sysmatec\",\"url\":\"https:\\\/\\\/sysmatec.ch\\\/de\\\/\",\"logo\":{\"@type\":\"ImageObject\",\"inLanguage\":\"de\",\"@id\":\"https:\\\/\\\/sysmatec.ch\\\/de\\\/#\\\/schema\\\/logo\\\/image\\\/\",\"url\":\"https:\\\/\\\/sysmatec.ch\\\/wp-content\\\/uploads\\\/2018\\\/11\\\/LogoSysmatec.jpg\",\"contentUrl\":\"https:\\\/\\\/sysmatec.ch\\\/wp-content\\\/uploads\\\/2018\\\/11\\\/LogoSysmatec.jpg\",\"width\":301,\"height\":297,\"caption\":\"Sysmatec\"},\"image\":{\"@id\":\"https:\\\/\\\/sysmatec.ch\\\/de\\\/#\\\/schema\\\/logo\\\/image\\\/\"}}]}<\/script>\n<!-- \/ Yoast SEO plugin. -->","yoast_head_json":{"title":"Temperaturmapping von Kammern - Sysmatec","description":"Charakterisierung der Klimakammer nach der Norm FD X15-140. Die Messung erfolgt in 9 oder 15 Punkten je nach Geh\u00e4usegr\u00f6\u00dfe.","robots":{"index":"index","follow":"follow","max-snippet":"max-snippet:-1","max-image-preview":"max-image-preview:large","max-video-preview":"max-video-preview:-1"},"canonical":"https:\/\/sysmatec.ch\/de\/produit\/temperaturmapping-von-kammern\/","og_locale":"de_DE","og_type":"article","og_title":"Temperaturmapping von Kammern - Sysmatec","og_description":"Charakterisierung der Klimakammer nach der Norm FD X15-140. Die Messung erfolgt in 9 oder 15 Punkten je nach Geh\u00e4usegr\u00f6\u00dfe.","og_url":"https:\/\/sysmatec.ch\/de\/produit\/temperaturmapping-von-kammern\/","og_site_name":"Sysmatec","article_modified_time":"2021-12-08T20:34:21+00:00","og_image":[{"width":184,"height":218,"url":"https:\/\/sysmatec.ch\/wp-content\/uploads\/2019\/11\/Enregistreur_NewsteoFDX15-140.jpg","type":"image\/jpeg"}],"twitter_card":"summary_large_image","twitter_misc":{"Gesch\u00e4tzte Lesezeit":"1\u00a0Minute"},"schema":{"@context":"https:\/\/schema.org","@graph":[{"@type":"WebPage","@id":"https:\/\/sysmatec.ch\/de\/produit\/temperaturmapping-von-kammern\/","url":"https:\/\/sysmatec.ch\/de\/produit\/temperaturmapping-von-kammern\/","name":"Temperaturmapping von Kammern - Sysmatec","isPartOf":{"@id":"https:\/\/sysmatec.ch\/de\/#website"},"primaryImageOfPage":{"@id":"https:\/\/sysmatec.ch\/de\/produit\/temperaturmapping-von-kammern\/#primaryimage"},"image":{"@id":"https:\/\/sysmatec.ch\/de\/produit\/temperaturmapping-von-kammern\/#primaryimage"},"thumbnailUrl":"https:\/\/sysmatec.ch\/wp-content\/uploads\/2019\/11\/Enregistreur_NewsteoFDX15-140.jpg","datePublished":"2019-11-18T08:19:29+00:00","dateModified":"2021-12-08T20:34:21+00:00","description":"Charakterisierung der Klimakammer nach der Norm FD X15-140. Die Messung erfolgt in 9 oder 15 Punkten je nach Geh\u00e4usegr\u00f6\u00dfe.","breadcrumb":{"@id":"https:\/\/sysmatec.ch\/de\/produit\/temperaturmapping-von-kammern\/#breadcrumb"},"inLanguage":"de","potentialAction":[{"@type":"ReadAction","target":["https:\/\/sysmatec.ch\/de\/produit\/temperaturmapping-von-kammern\/"]}]},{"@type":"ImageObject","inLanguage":"de","@id":"https:\/\/sysmatec.ch\/de\/produit\/temperaturmapping-von-kammern\/#primaryimage","url":"https:\/\/sysmatec.ch\/wp-content\/uploads\/2019\/11\/Enregistreur_NewsteoFDX15-140.jpg","contentUrl":"https:\/\/sysmatec.ch\/wp-content\/uploads\/2019\/11\/Enregistreur_NewsteoFDX15-140.jpg","width":184,"height":218},{"@type":"BreadcrumbList","@id":"https:\/\/sysmatec.ch\/de\/produit\/temperaturmapping-von-kammern\/#breadcrumb","itemListElement":[{"@type":"ListItem","position":1,"name":"Accueil","item":"https:\/\/sysmatec.ch\/de\/"},{"@type":"ListItem","position":2,"name":"Die Aktivit\u00e4t von Sysmatec","item":"https:\/\/sysmatec.ch\/de\/"},{"@type":"ListItem","position":3,"name":"Temperaturmapping von Kammern"}]},{"@type":"WebSite","@id":"https:\/\/sysmatec.ch\/de\/#website","url":"https:\/\/sysmatec.ch\/de\/","name":"Sysmatec","description":"Equipement de laboratoire et logiciels","publisher":{"@id":"https:\/\/sysmatec.ch\/de\/#organization"},"potentialAction":[{"@type":"SearchAction","target":{"@type":"EntryPoint","urlTemplate":"https:\/\/sysmatec.ch\/de\/?s={search_term_string}"},"query-input":{"@type":"PropertyValueSpecification","valueRequired":true,"valueName":"search_term_string"}}],"inLanguage":"de"},{"@type":"Organization","@id":"https:\/\/sysmatec.ch\/de\/#organization","name":"Sysmatec","url":"https:\/\/sysmatec.ch\/de\/","logo":{"@type":"ImageObject","inLanguage":"de","@id":"https:\/\/sysmatec.ch\/de\/#\/schema\/logo\/image\/","url":"https:\/\/sysmatec.ch\/wp-content\/uploads\/2018\/11\/LogoSysmatec.jpg","contentUrl":"https:\/\/sysmatec.ch\/wp-content\/uploads\/2018\/11\/LogoSysmatec.jpg","width":301,"height":297,"caption":"Sysmatec"},"image":{"@id":"https:\/\/sysmatec.ch\/de\/#\/schema\/logo\/image\/"}}]}},"_links":{"self":[{"href":"https:\/\/sysmatec.ch\/de\/wp-json\/wp\/v2\/product\/13905","targetHints":{"allow":["GET"]}}],"collection":[{"href":"https:\/\/sysmatec.ch\/de\/wp-json\/wp\/v2\/product"}],"about":[{"href":"https:\/\/sysmatec.ch\/de\/wp-json\/wp\/v2\/types\/product"}],"wp:featuredmedia":[{"embeddable":true,"href":"https:\/\/sysmatec.ch\/de\/wp-json\/wp\/v2\/media\/13904"}],"wp:attachment":[{"href":"https:\/\/sysmatec.ch\/de\/wp-json\/wp\/v2\/media?parent=13905"}],"wp:term":[{"taxonomy":"product_brand","embeddable":true,"href":"https:\/\/sysmatec.ch\/de\/wp-json\/wp\/v2\/product_brand?post=13905"},{"taxonomy":"product_cat","embeddable":true,"href":"https:\/\/sysmatec.ch\/de\/wp-json\/wp\/v2\/product_cat?post=13905"},{"taxonomy":"product_tag","embeddable":true,"href":"https:\/\/sysmatec.ch\/de\/wp-json\/wp\/v2\/product_tag?post=13905"}],"curies":[{"name":"wp","href":"https:\/\/api.w.org\/{rel}","templated":true}]}}