{"id":13813,"date":"2019-11-11T17:49:46","date_gmt":"2019-11-11T16:51:34","guid":{"rendered":"https:\/\/sysmatec.ch\/?post_type=product&#038;p=13813"},"modified":"2021-12-09T09:04:46","modified_gmt":"2021-12-09T08:04:46","slug":"membran-fluessigkeitspumpe-nf2-35","status":"publish","type":"product","link":"https:\/\/sysmatec.ch\/de\/Produkt\/membran-fluessigkeitspumpe-nf2-35\/","title":{"rendered":"Membran-Fl\u00fcssigkeitspumpe NF2.35"},"content":{"rendered":"<p>Diese Membran-Fl\u00fcssigkeitspumpen basieren auf der Technik der oszillierenden Verdr\u00e4ngerpumpen. Dies erlaubt einen bemerkenswert einfachen Konstruktionsaufbau. Die Drehbewegung der Motorantriebswelle wird \u00fcber das Exzentersystem in eine oszillierende Bewegung umgewandelt und \u00fcber einen Pleuel auf die Membrane \u00fcbertragen. Zusammen mit dem Einlass- und Auslassventil sorgt die Membranbewegung f\u00fcr den eigentlichen Pumpvorgang.<\/p>\n<h2>Membran-Fl\u00fcssigkeitspumpe Eigenschaften<\/h2>\n<ul>\n<li>F\u00f6rderleistung (ml\/min): 350<\/li>\n<li>Maximale Saugh\u00f6he (mWS): 3<\/li>\n<li>Maximaler Druck (bar): 16<\/li>\n<li>Zul. Speisespannung: 10 bis 28 V<\/li>\n<li>Leistungsaufnahme (W): 10<\/li>\n<li>Gewicht (g): 200<\/li>\n<\/ul>\n","protected":false},"excerpt":{"rendered":"<p>Membran-Fl\u00fcssigkeitspumpe<\/p>\n","protected":false},"featured_media":13812,"template":"","meta":{"_crdt_document":""},"product_brand":[],"product_cat":[98,99],"product_tag":[],"class_list":{"0":"post-13813","1":"product","2":"type-product","3":"status-publish","4":"has-post-thumbnail","6":"product_cat-peristaltisch","7":"product_cat-pumpe","9":"first","10":"instock","11":"taxable","12":"shipping-taxable","13":"product-type-simple"},"yoast_head":"<!-- This site is optimized with the Yoast SEO plugin v27.3 - https:\/\/yoast.com\/product\/yoast-seo-wordpress\/ -->\n<title>Membran-Fl\u00fcssigkeitspumpe NF2.35 - Sysmatec<\/title>\n<meta name=\"description\" content=\"Miniatur-Membranpumpe f\u00fcr Fl\u00fcssigkeiten. Maximale Flussrate von 350 ml \/ min f\u00fcr einen maximalen Druck von 16 bar.\" \/>\n<meta name=\"robots\" content=\"index, follow, max-snippet:-1, max-image-preview:large, max-video-preview:-1\" \/>\n<link rel=\"canonical\" href=\"https:\/\/sysmatec.ch\/de\/produit\/membran-fluessigkeitspumpe-nf2-35\/\" \/>\n<meta property=\"og:locale\" content=\"de_DE\" \/>\n<meta property=\"og:type\" content=\"article\" \/>\n<meta property=\"og:title\" content=\"Membran-Fl\u00fcssigkeitspumpe NF2.35 - Sysmatec\" \/>\n<meta property=\"og:description\" content=\"Miniatur-Membranpumpe f\u00fcr Fl\u00fcssigkeiten. Maximale Flussrate von 350 ml \/ min f\u00fcr einen maximalen Druck von 16 bar.\" \/>\n<meta property=\"og:url\" content=\"https:\/\/sysmatec.ch\/de\/produit\/membran-fluessigkeitspumpe-nf2-35\/\" \/>\n<meta property=\"og:site_name\" content=\"Sysmatec\" \/>\n<meta property=\"article:modified_time\" content=\"2021-12-09T08:04:46+00:00\" \/>\n<meta property=\"og:image\" content=\"https:\/\/sysmatec.ch\/wp-content\/uploads\/2019\/11\/PompeAMembrane_KNFNF235.jpg\" \/>\n\t<meta property=\"og:image:width\" content=\"182\" \/>\n\t<meta property=\"og:image:height\" content=\"184\" \/>\n\t<meta property=\"og:image:type\" content=\"image\/jpeg\" \/>\n<meta name=\"twitter:card\" content=\"summary_large_image\" \/>\n<meta name=\"twitter:label1\" content=\"Gesch\u00e4tzte Lesezeit\" \/>\n\t<meta name=\"twitter:data1\" content=\"1\u00a0Minute\" \/>\n<script type=\"application\/ld+json\" class=\"yoast-schema-graph\">{\"@context\":\"https:\\\/\\\/schema.org\",\"@graph\":[{\"@type\":\"WebPage\",\"@id\":\"https:\\\/\\\/sysmatec.ch\\\/de\\\/produit\\\/membran-fluessigkeitspumpe-nf2-35\\\/\",\"url\":\"https:\\\/\\\/sysmatec.ch\\\/de\\\/produit\\\/membran-fluessigkeitspumpe-nf2-35\\\/\",\"name\":\"Membran-Fl\u00fcssigkeitspumpe NF2.35 - Sysmatec\",\"isPartOf\":{\"@id\":\"https:\\\/\\\/sysmatec.ch\\\/de\\\/#website\"},\"primaryImageOfPage\":{\"@id\":\"https:\\\/\\\/sysmatec.ch\\\/de\\\/produit\\\/membran-fluessigkeitspumpe-nf2-35\\\/#primaryimage\"},\"image\":{\"@id\":\"https:\\\/\\\/sysmatec.ch\\\/de\\\/produit\\\/membran-fluessigkeitspumpe-nf2-35\\\/#primaryimage\"},\"thumbnailUrl\":\"https:\\\/\\\/sysmatec.ch\\\/wp-content\\\/uploads\\\/2019\\\/11\\\/PompeAMembrane_KNFNF235.jpg\",\"datePublished\":\"2019-11-11T16:51:34+00:00\",\"dateModified\":\"2021-12-09T08:04:46+00:00\",\"description\":\"Miniatur-Membranpumpe f\u00fcr Fl\u00fcssigkeiten. Maximale Flussrate von 350 ml \\\/ min f\u00fcr einen maximalen Druck von 16 bar.\",\"breadcrumb\":{\"@id\":\"https:\\\/\\\/sysmatec.ch\\\/de\\\/produit\\\/membran-fluessigkeitspumpe-nf2-35\\\/#breadcrumb\"},\"inLanguage\":\"de\",\"potentialAction\":[{\"@type\":\"ReadAction\",\"target\":[\"https:\\\/\\\/sysmatec.ch\\\/de\\\/produit\\\/membran-fluessigkeitspumpe-nf2-35\\\/\"]}]},{\"@type\":\"ImageObject\",\"inLanguage\":\"de\",\"@id\":\"https:\\\/\\\/sysmatec.ch\\\/de\\\/produit\\\/membran-fluessigkeitspumpe-nf2-35\\\/#primaryimage\",\"url\":\"https:\\\/\\\/sysmatec.ch\\\/wp-content\\\/uploads\\\/2019\\\/11\\\/PompeAMembrane_KNFNF235.jpg\",\"contentUrl\":\"https:\\\/\\\/sysmatec.ch\\\/wp-content\\\/uploads\\\/2019\\\/11\\\/PompeAMembrane_KNFNF235.jpg\",\"width\":182,\"height\":184},{\"@type\":\"BreadcrumbList\",\"@id\":\"https:\\\/\\\/sysmatec.ch\\\/de\\\/produit\\\/membran-fluessigkeitspumpe-nf2-35\\\/#breadcrumb\",\"itemListElement\":[{\"@type\":\"ListItem\",\"position\":1,\"name\":\"Accueil\",\"item\":\"https:\\\/\\\/sysmatec.ch\\\/de\\\/\"},{\"@type\":\"ListItem\",\"position\":2,\"name\":\"Die Aktivit\u00e4t von Sysmatec\",\"item\":\"https:\\\/\\\/sysmatec.ch\\\/de\\\/\"},{\"@type\":\"ListItem\",\"position\":3,\"name\":\"Membran-Fl\u00fcssigkeitspumpe NF2.35\"}]},{\"@type\":\"WebSite\",\"@id\":\"https:\\\/\\\/sysmatec.ch\\\/de\\\/#website\",\"url\":\"https:\\\/\\\/sysmatec.ch\\\/de\\\/\",\"name\":\"Sysmatec\",\"description\":\"Equipement de laboratoire et logiciels\",\"publisher\":{\"@id\":\"https:\\\/\\\/sysmatec.ch\\\/de\\\/#organization\"},\"potentialAction\":[{\"@type\":\"SearchAction\",\"target\":{\"@type\":\"EntryPoint\",\"urlTemplate\":\"https:\\\/\\\/sysmatec.ch\\\/de\\\/?s={search_term_string}\"},\"query-input\":{\"@type\":\"PropertyValueSpecification\",\"valueRequired\":true,\"valueName\":\"search_term_string\"}}],\"inLanguage\":\"de\"},{\"@type\":\"Organization\",\"@id\":\"https:\\\/\\\/sysmatec.ch\\\/de\\\/#organization\",\"name\":\"Sysmatec\",\"url\":\"https:\\\/\\\/sysmatec.ch\\\/de\\\/\",\"logo\":{\"@type\":\"ImageObject\",\"inLanguage\":\"de\",\"@id\":\"https:\\\/\\\/sysmatec.ch\\\/de\\\/#\\\/schema\\\/logo\\\/image\\\/\",\"url\":\"https:\\\/\\\/sysmatec.ch\\\/wp-content\\\/uploads\\\/2018\\\/11\\\/LogoSysmatec.jpg\",\"contentUrl\":\"https:\\\/\\\/sysmatec.ch\\\/wp-content\\\/uploads\\\/2018\\\/11\\\/LogoSysmatec.jpg\",\"width\":301,\"height\":297,\"caption\":\"Sysmatec\"},\"image\":{\"@id\":\"https:\\\/\\\/sysmatec.ch\\\/de\\\/#\\\/schema\\\/logo\\\/image\\\/\"}}]}<\/script>\n<!-- \/ Yoast SEO plugin. -->","yoast_head_json":{"title":"Membran-Fl\u00fcssigkeitspumpe NF2.35 - Sysmatec","description":"Miniatur-Membranpumpe f\u00fcr Fl\u00fcssigkeiten. Maximale Flussrate von 350 ml \/ min f\u00fcr einen maximalen Druck von 16 bar.","robots":{"index":"index","follow":"follow","max-snippet":"max-snippet:-1","max-image-preview":"max-image-preview:large","max-video-preview":"max-video-preview:-1"},"canonical":"https:\/\/sysmatec.ch\/de\/produit\/membran-fluessigkeitspumpe-nf2-35\/","og_locale":"de_DE","og_type":"article","og_title":"Membran-Fl\u00fcssigkeitspumpe NF2.35 - Sysmatec","og_description":"Miniatur-Membranpumpe f\u00fcr Fl\u00fcssigkeiten. Maximale Flussrate von 350 ml \/ min f\u00fcr einen maximalen Druck von 16 bar.","og_url":"https:\/\/sysmatec.ch\/de\/produit\/membran-fluessigkeitspumpe-nf2-35\/","og_site_name":"Sysmatec","article_modified_time":"2021-12-09T08:04:46+00:00","og_image":[{"width":182,"height":184,"url":"https:\/\/sysmatec.ch\/wp-content\/uploads\/2019\/11\/PompeAMembrane_KNFNF235.jpg","type":"image\/jpeg"}],"twitter_card":"summary_large_image","twitter_misc":{"Gesch\u00e4tzte Lesezeit":"1\u00a0Minute"},"schema":{"@context":"https:\/\/schema.org","@graph":[{"@type":"WebPage","@id":"https:\/\/sysmatec.ch\/de\/produit\/membran-fluessigkeitspumpe-nf2-35\/","url":"https:\/\/sysmatec.ch\/de\/produit\/membran-fluessigkeitspumpe-nf2-35\/","name":"Membran-Fl\u00fcssigkeitspumpe NF2.35 - Sysmatec","isPartOf":{"@id":"https:\/\/sysmatec.ch\/de\/#website"},"primaryImageOfPage":{"@id":"https:\/\/sysmatec.ch\/de\/produit\/membran-fluessigkeitspumpe-nf2-35\/#primaryimage"},"image":{"@id":"https:\/\/sysmatec.ch\/de\/produit\/membran-fluessigkeitspumpe-nf2-35\/#primaryimage"},"thumbnailUrl":"https:\/\/sysmatec.ch\/wp-content\/uploads\/2019\/11\/PompeAMembrane_KNFNF235.jpg","datePublished":"2019-11-11T16:51:34+00:00","dateModified":"2021-12-09T08:04:46+00:00","description":"Miniatur-Membranpumpe f\u00fcr Fl\u00fcssigkeiten. Maximale Flussrate von 350 ml \/ min f\u00fcr einen maximalen Druck von 16 bar.","breadcrumb":{"@id":"https:\/\/sysmatec.ch\/de\/produit\/membran-fluessigkeitspumpe-nf2-35\/#breadcrumb"},"inLanguage":"de","potentialAction":[{"@type":"ReadAction","target":["https:\/\/sysmatec.ch\/de\/produit\/membran-fluessigkeitspumpe-nf2-35\/"]}]},{"@type":"ImageObject","inLanguage":"de","@id":"https:\/\/sysmatec.ch\/de\/produit\/membran-fluessigkeitspumpe-nf2-35\/#primaryimage","url":"https:\/\/sysmatec.ch\/wp-content\/uploads\/2019\/11\/PompeAMembrane_KNFNF235.jpg","contentUrl":"https:\/\/sysmatec.ch\/wp-content\/uploads\/2019\/11\/PompeAMembrane_KNFNF235.jpg","width":182,"height":184},{"@type":"BreadcrumbList","@id":"https:\/\/sysmatec.ch\/de\/produit\/membran-fluessigkeitspumpe-nf2-35\/#breadcrumb","itemListElement":[{"@type":"ListItem","position":1,"name":"Accueil","item":"https:\/\/sysmatec.ch\/de\/"},{"@type":"ListItem","position":2,"name":"Die Aktivit\u00e4t von Sysmatec","item":"https:\/\/sysmatec.ch\/de\/"},{"@type":"ListItem","position":3,"name":"Membran-Fl\u00fcssigkeitspumpe NF2.35"}]},{"@type":"WebSite","@id":"https:\/\/sysmatec.ch\/de\/#website","url":"https:\/\/sysmatec.ch\/de\/","name":"Sysmatec","description":"Equipement de laboratoire et logiciels","publisher":{"@id":"https:\/\/sysmatec.ch\/de\/#organization"},"potentialAction":[{"@type":"SearchAction","target":{"@type":"EntryPoint","urlTemplate":"https:\/\/sysmatec.ch\/de\/?s={search_term_string}"},"query-input":{"@type":"PropertyValueSpecification","valueRequired":true,"valueName":"search_term_string"}}],"inLanguage":"de"},{"@type":"Organization","@id":"https:\/\/sysmatec.ch\/de\/#organization","name":"Sysmatec","url":"https:\/\/sysmatec.ch\/de\/","logo":{"@type":"ImageObject","inLanguage":"de","@id":"https:\/\/sysmatec.ch\/de\/#\/schema\/logo\/image\/","url":"https:\/\/sysmatec.ch\/wp-content\/uploads\/2018\/11\/LogoSysmatec.jpg","contentUrl":"https:\/\/sysmatec.ch\/wp-content\/uploads\/2018\/11\/LogoSysmatec.jpg","width":301,"height":297,"caption":"Sysmatec"},"image":{"@id":"https:\/\/sysmatec.ch\/de\/#\/schema\/logo\/image\/"}}]}},"_links":{"self":[{"href":"https:\/\/sysmatec.ch\/de\/wp-json\/wp\/v2\/product\/13813","targetHints":{"allow":["GET"]}}],"collection":[{"href":"https:\/\/sysmatec.ch\/de\/wp-json\/wp\/v2\/product"}],"about":[{"href":"https:\/\/sysmatec.ch\/de\/wp-json\/wp\/v2\/types\/product"}],"wp:featuredmedia":[{"embeddable":true,"href":"https:\/\/sysmatec.ch\/de\/wp-json\/wp\/v2\/media\/13812"}],"wp:attachment":[{"href":"https:\/\/sysmatec.ch\/de\/wp-json\/wp\/v2\/media?parent=13813"}],"wp:term":[{"taxonomy":"product_brand","embeddable":true,"href":"https:\/\/sysmatec.ch\/de\/wp-json\/wp\/v2\/product_brand?post=13813"},{"taxonomy":"product_cat","embeddable":true,"href":"https:\/\/sysmatec.ch\/de\/wp-json\/wp\/v2\/product_cat?post=13813"},{"taxonomy":"product_tag","embeddable":true,"href":"https:\/\/sysmatec.ch\/de\/wp-json\/wp\/v2\/product_tag?post=13813"}],"curies":[{"name":"wp","href":"https:\/\/api.w.org\/{rel}","templated":true}]}}