{"id":13802,"date":"2019-11-11T17:33:39","date_gmt":"2019-11-11T16:35:26","guid":{"rendered":"https:\/\/sysmatec.ch\/?post_type=product&#038;p=13802"},"modified":"2021-12-09T11:59:15","modified_gmt":"2021-12-09T10:59:15","slug":"magnet-membran-dosierpumpe-fmm-80","status":"publish","type":"product","link":"https:\/\/sysmatec.ch\/de\/Produkt\/magnet-membran-dosierpumpe-fmm-80\/","title":{"rendered":"Magnet-Membran-Dosierpumpe FMM 80"},"content":{"rendered":"<p>Die FMM 80 ist eine Linearpumpe mit Magnetantrieb zur Dosierung eines exakten Volumens von 30 bis 80 uL pro Hub. Das Hubvolumen kann mittels Kalibrierschraube eingestellt werden. Ausserdem l\u00e4sst sich die Pumpe bis zu einer Frequenz von 10 Hz betreiben, was ein effizientes Bef\u00fcllen des Systems erm\u00f6glicht.<\/p>\n<p>Die Pumpe funktioniert wie folgt: Ein elektrischer Impuls von 12 oder 24 V erzeugt ein Magnetfeld welches die Pumpenmembrane nach unten zieht und gleichzeitig eine Feder spannt. Sobald der Impuls abf\u00e4llt, wird die Membrane durch die Feder nach oben gedr\u00fcckt. Zusammen mit den patentierten Ein- und Auslassventilen sorgt die Membranbewegung f\u00fcr den eigentlichen Pumpvorgang.<\/p>\n<h2>Membran-Pumpe Eigenschaften<\/h2>\n<ul>\n<li>Lange Lebensdauer: \u00fcber 500 Millionen H\u00fcbe<\/li>\n<li>Frequenz: 0-10 Hz (F\u00f6rderleistung von 0-48 ml\/min)<\/li>\n<li>Vor- und R\u00fccklaufdicht: Im Stillstand ist die Pumpe bis zu einem Druck von 0.5 bar geschlossen.<\/li>\n<li>Sehr leise<\/li>\n<li>Saugh\u00f6he (mWS): 4<\/li>\n<li>Max. zul\u00e4ssiger Druck (bar): 1.0<\/li>\n<\/ul>\n<table border=\"1\" width=\"100%\" cellspacing=\"0\" cellpadding=\"2\">\n<tbody>\n<tr>\n<td width=\"35%\">Typ<\/td>\n<td>Kopf<\/td>\n<td>Membrane<\/td>\n<td>Ventile<\/td>\n<\/tr>\n<tr>\n<td width=\"35%\">FMM 80 KPDC-P<\/td>\n<td>PP<\/td>\n<td>EPDM<\/td>\n<td>EPDM<\/td>\n<\/tr>\n<tr>\n<td width=\"35%\">FMM 80 KTDC-P<\/td>\n<td>PP<\/td>\n<td>FFKM, PTFE beschichtet<\/td>\n<td>FFKM<\/td>\n<\/tr>\n<tr>\n<td width=\"35%\">FMM 80 TTDC-P<\/td>\n<td>PVDF<\/td>\n<td>FFKM, PTFE beschichtet<\/td>\n<td>FFKM<\/td>\n<\/tr>\n<\/tbody>\n<\/table>\n","protected":false},"excerpt":{"rendered":"<p>Magnet-Membran-Dosierpumpe<\/p>\n","protected":false},"featured_media":13801,"template":"","meta":{"_crdt_document":""},"product_brand":[],"product_cat":[98,99],"product_tag":[],"class_list":{"0":"post-13802","1":"product","2":"type-product","3":"status-publish","4":"has-post-thumbnail","6":"product_cat-peristaltisch","7":"product_cat-pumpe","9":"first","10":"instock","11":"taxable","12":"shipping-taxable","13":"product-type-simple"},"yoast_head":"<!-- This site is optimized with the Yoast SEO plugin v27.4 - https:\/\/yoast.com\/product\/yoast-seo-wordpress\/ -->\n<title>Magnet-Membran-Dosierpumpe FMM 80 - Sysmatec<\/title>\n<meta name=\"description\" content=\"Magnet-Membranpumpe f\u00fcr sehr geringe F\u00f6rdermengen. Sie kann als Dosierpumpe f\u00fcr Fl\u00fcssigkeiten verwendet werden.\" \/>\n<meta name=\"robots\" content=\"index, follow, max-snippet:-1, max-image-preview:large, max-video-preview:-1\" \/>\n<link rel=\"canonical\" href=\"https:\/\/sysmatec.ch\/de\/produit\/magnet-membran-dosierpumpe-fmm-80\/\" \/>\n<meta property=\"og:locale\" content=\"de_DE\" \/>\n<meta property=\"og:type\" content=\"article\" \/>\n<meta property=\"og:title\" content=\"Magnet-Membran-Dosierpumpe FMM 80 - Sysmatec\" \/>\n<meta property=\"og:description\" content=\"Magnet-Membranpumpe f\u00fcr sehr geringe F\u00f6rdermengen. Sie kann als Dosierpumpe f\u00fcr Fl\u00fcssigkeiten verwendet werden.\" \/>\n<meta property=\"og:url\" content=\"https:\/\/sysmatec.ch\/de\/produit\/magnet-membran-dosierpumpe-fmm-80\/\" \/>\n<meta property=\"og:site_name\" content=\"Sysmatec\" \/>\n<meta property=\"article:modified_time\" content=\"2021-12-09T10:59:15+00:00\" \/>\n<meta property=\"og:image\" content=\"https:\/\/sysmatec.ch\/wp-content\/uploads\/2019\/11\/PompeAMembrane_KNFFFM80.jpg\" \/>\n\t<meta property=\"og:image:width\" content=\"184\" \/>\n\t<meta property=\"og:image:height\" content=\"243\" \/>\n\t<meta property=\"og:image:type\" content=\"image\/jpeg\" \/>\n<meta name=\"twitter:card\" content=\"summary_large_image\" \/>\n<meta name=\"twitter:label1\" content=\"Gesch\u00e4tzte Lesezeit\" \/>\n\t<meta name=\"twitter:data1\" content=\"1\u00a0Minute\" \/>\n<script type=\"application\/ld+json\" class=\"yoast-schema-graph\">{\"@context\":\"https:\\\/\\\/schema.org\",\"@graph\":[{\"@type\":\"WebPage\",\"@id\":\"https:\\\/\\\/sysmatec.ch\\\/de\\\/produit\\\/magnet-membran-dosierpumpe-fmm-80\\\/\",\"url\":\"https:\\\/\\\/sysmatec.ch\\\/de\\\/produit\\\/magnet-membran-dosierpumpe-fmm-80\\\/\",\"name\":\"Magnet-Membran-Dosierpumpe FMM 80 - Sysmatec\",\"isPartOf\":{\"@id\":\"https:\\\/\\\/sysmatec.ch\\\/de\\\/#website\"},\"primaryImageOfPage\":{\"@id\":\"https:\\\/\\\/sysmatec.ch\\\/de\\\/produit\\\/magnet-membran-dosierpumpe-fmm-80\\\/#primaryimage\"},\"image\":{\"@id\":\"https:\\\/\\\/sysmatec.ch\\\/de\\\/produit\\\/magnet-membran-dosierpumpe-fmm-80\\\/#primaryimage\"},\"thumbnailUrl\":\"https:\\\/\\\/sysmatec.ch\\\/wp-content\\\/uploads\\\/2019\\\/11\\\/PompeAMembrane_KNFFFM80.jpg\",\"datePublished\":\"2019-11-11T16:35:26+00:00\",\"dateModified\":\"2021-12-09T10:59:15+00:00\",\"description\":\"Magnet-Membranpumpe f\u00fcr sehr geringe F\u00f6rdermengen. Sie kann als Dosierpumpe f\u00fcr Fl\u00fcssigkeiten verwendet werden.\",\"breadcrumb\":{\"@id\":\"https:\\\/\\\/sysmatec.ch\\\/de\\\/produit\\\/magnet-membran-dosierpumpe-fmm-80\\\/#breadcrumb\"},\"inLanguage\":\"de\",\"potentialAction\":[{\"@type\":\"ReadAction\",\"target\":[\"https:\\\/\\\/sysmatec.ch\\\/de\\\/produit\\\/magnet-membran-dosierpumpe-fmm-80\\\/\"]}]},{\"@type\":\"ImageObject\",\"inLanguage\":\"de\",\"@id\":\"https:\\\/\\\/sysmatec.ch\\\/de\\\/produit\\\/magnet-membran-dosierpumpe-fmm-80\\\/#primaryimage\",\"url\":\"https:\\\/\\\/sysmatec.ch\\\/wp-content\\\/uploads\\\/2019\\\/11\\\/PompeAMembrane_KNFFFM80.jpg\",\"contentUrl\":\"https:\\\/\\\/sysmatec.ch\\\/wp-content\\\/uploads\\\/2019\\\/11\\\/PompeAMembrane_KNFFFM80.jpg\",\"width\":184,\"height\":243},{\"@type\":\"BreadcrumbList\",\"@id\":\"https:\\\/\\\/sysmatec.ch\\\/de\\\/produit\\\/magnet-membran-dosierpumpe-fmm-80\\\/#breadcrumb\",\"itemListElement\":[{\"@type\":\"ListItem\",\"position\":1,\"name\":\"Accueil\",\"item\":\"https:\\\/\\\/sysmatec.ch\\\/de\\\/\"},{\"@type\":\"ListItem\",\"position\":2,\"name\":\"Die Aktivit\u00e4t von Sysmatec\",\"item\":\"https:\\\/\\\/sysmatec.ch\\\/de\\\/\"},{\"@type\":\"ListItem\",\"position\":3,\"name\":\"Magnet-Membran-Dosierpumpe FMM 80\"}]},{\"@type\":\"WebSite\",\"@id\":\"https:\\\/\\\/sysmatec.ch\\\/de\\\/#website\",\"url\":\"https:\\\/\\\/sysmatec.ch\\\/de\\\/\",\"name\":\"Sysmatec\",\"description\":\"Equipement de laboratoire et logiciels\",\"publisher\":{\"@id\":\"https:\\\/\\\/sysmatec.ch\\\/de\\\/#organization\"},\"potentialAction\":[{\"@type\":\"SearchAction\",\"target\":{\"@type\":\"EntryPoint\",\"urlTemplate\":\"https:\\\/\\\/sysmatec.ch\\\/de\\\/?s={search_term_string}\"},\"query-input\":{\"@type\":\"PropertyValueSpecification\",\"valueRequired\":true,\"valueName\":\"search_term_string\"}}],\"inLanguage\":\"de\"},{\"@type\":\"Organization\",\"@id\":\"https:\\\/\\\/sysmatec.ch\\\/de\\\/#organization\",\"name\":\"Sysmatec\",\"url\":\"https:\\\/\\\/sysmatec.ch\\\/de\\\/\",\"logo\":{\"@type\":\"ImageObject\",\"inLanguage\":\"de\",\"@id\":\"https:\\\/\\\/sysmatec.ch\\\/de\\\/#\\\/schema\\\/logo\\\/image\\\/\",\"url\":\"https:\\\/\\\/sysmatec.ch\\\/wp-content\\\/uploads\\\/2018\\\/11\\\/LogoSysmatec.jpg\",\"contentUrl\":\"https:\\\/\\\/sysmatec.ch\\\/wp-content\\\/uploads\\\/2018\\\/11\\\/LogoSysmatec.jpg\",\"width\":301,\"height\":297,\"caption\":\"Sysmatec\"},\"image\":{\"@id\":\"https:\\\/\\\/sysmatec.ch\\\/de\\\/#\\\/schema\\\/logo\\\/image\\\/\"}}]}<\/script>\n<!-- \/ Yoast SEO plugin. -->","yoast_head_json":{"title":"Magnet-Membran-Dosierpumpe FMM 80 - Sysmatec","description":"Magnet-Membranpumpe f\u00fcr sehr geringe F\u00f6rdermengen. Sie kann als Dosierpumpe f\u00fcr Fl\u00fcssigkeiten verwendet werden.","robots":{"index":"index","follow":"follow","max-snippet":"max-snippet:-1","max-image-preview":"max-image-preview:large","max-video-preview":"max-video-preview:-1"},"canonical":"https:\/\/sysmatec.ch\/de\/produit\/magnet-membran-dosierpumpe-fmm-80\/","og_locale":"de_DE","og_type":"article","og_title":"Magnet-Membran-Dosierpumpe FMM 80 - Sysmatec","og_description":"Magnet-Membranpumpe f\u00fcr sehr geringe F\u00f6rdermengen. Sie kann als Dosierpumpe f\u00fcr Fl\u00fcssigkeiten verwendet werden.","og_url":"https:\/\/sysmatec.ch\/de\/produit\/magnet-membran-dosierpumpe-fmm-80\/","og_site_name":"Sysmatec","article_modified_time":"2021-12-09T10:59:15+00:00","og_image":[{"width":184,"height":243,"url":"https:\/\/sysmatec.ch\/wp-content\/uploads\/2019\/11\/PompeAMembrane_KNFFFM80.jpg","type":"image\/jpeg"}],"twitter_card":"summary_large_image","twitter_misc":{"Gesch\u00e4tzte Lesezeit":"1\u00a0Minute"},"schema":{"@context":"https:\/\/schema.org","@graph":[{"@type":"WebPage","@id":"https:\/\/sysmatec.ch\/de\/produit\/magnet-membran-dosierpumpe-fmm-80\/","url":"https:\/\/sysmatec.ch\/de\/produit\/magnet-membran-dosierpumpe-fmm-80\/","name":"Magnet-Membran-Dosierpumpe FMM 80 - Sysmatec","isPartOf":{"@id":"https:\/\/sysmatec.ch\/de\/#website"},"primaryImageOfPage":{"@id":"https:\/\/sysmatec.ch\/de\/produit\/magnet-membran-dosierpumpe-fmm-80\/#primaryimage"},"image":{"@id":"https:\/\/sysmatec.ch\/de\/produit\/magnet-membran-dosierpumpe-fmm-80\/#primaryimage"},"thumbnailUrl":"https:\/\/sysmatec.ch\/wp-content\/uploads\/2019\/11\/PompeAMembrane_KNFFFM80.jpg","datePublished":"2019-11-11T16:35:26+00:00","dateModified":"2021-12-09T10:59:15+00:00","description":"Magnet-Membranpumpe f\u00fcr sehr geringe F\u00f6rdermengen. Sie kann als Dosierpumpe f\u00fcr Fl\u00fcssigkeiten verwendet werden.","breadcrumb":{"@id":"https:\/\/sysmatec.ch\/de\/produit\/magnet-membran-dosierpumpe-fmm-80\/#breadcrumb"},"inLanguage":"de","potentialAction":[{"@type":"ReadAction","target":["https:\/\/sysmatec.ch\/de\/produit\/magnet-membran-dosierpumpe-fmm-80\/"]}]},{"@type":"ImageObject","inLanguage":"de","@id":"https:\/\/sysmatec.ch\/de\/produit\/magnet-membran-dosierpumpe-fmm-80\/#primaryimage","url":"https:\/\/sysmatec.ch\/wp-content\/uploads\/2019\/11\/PompeAMembrane_KNFFFM80.jpg","contentUrl":"https:\/\/sysmatec.ch\/wp-content\/uploads\/2019\/11\/PompeAMembrane_KNFFFM80.jpg","width":184,"height":243},{"@type":"BreadcrumbList","@id":"https:\/\/sysmatec.ch\/de\/produit\/magnet-membran-dosierpumpe-fmm-80\/#breadcrumb","itemListElement":[{"@type":"ListItem","position":1,"name":"Accueil","item":"https:\/\/sysmatec.ch\/de\/"},{"@type":"ListItem","position":2,"name":"Die Aktivit\u00e4t von Sysmatec","item":"https:\/\/sysmatec.ch\/de\/"},{"@type":"ListItem","position":3,"name":"Magnet-Membran-Dosierpumpe FMM 80"}]},{"@type":"WebSite","@id":"https:\/\/sysmatec.ch\/de\/#website","url":"https:\/\/sysmatec.ch\/de\/","name":"Sysmatec","description":"Equipement de laboratoire et logiciels","publisher":{"@id":"https:\/\/sysmatec.ch\/de\/#organization"},"potentialAction":[{"@type":"SearchAction","target":{"@type":"EntryPoint","urlTemplate":"https:\/\/sysmatec.ch\/de\/?s={search_term_string}"},"query-input":{"@type":"PropertyValueSpecification","valueRequired":true,"valueName":"search_term_string"}}],"inLanguage":"de"},{"@type":"Organization","@id":"https:\/\/sysmatec.ch\/de\/#organization","name":"Sysmatec","url":"https:\/\/sysmatec.ch\/de\/","logo":{"@type":"ImageObject","inLanguage":"de","@id":"https:\/\/sysmatec.ch\/de\/#\/schema\/logo\/image\/","url":"https:\/\/sysmatec.ch\/wp-content\/uploads\/2018\/11\/LogoSysmatec.jpg","contentUrl":"https:\/\/sysmatec.ch\/wp-content\/uploads\/2018\/11\/LogoSysmatec.jpg","width":301,"height":297,"caption":"Sysmatec"},"image":{"@id":"https:\/\/sysmatec.ch\/de\/#\/schema\/logo\/image\/"}}]}},"_links":{"self":[{"href":"https:\/\/sysmatec.ch\/de\/wp-json\/wp\/v2\/product\/13802","targetHints":{"allow":["GET"]}}],"collection":[{"href":"https:\/\/sysmatec.ch\/de\/wp-json\/wp\/v2\/product"}],"about":[{"href":"https:\/\/sysmatec.ch\/de\/wp-json\/wp\/v2\/types\/product"}],"wp:featuredmedia":[{"embeddable":true,"href":"https:\/\/sysmatec.ch\/de\/wp-json\/wp\/v2\/media\/13801"}],"wp:attachment":[{"href":"https:\/\/sysmatec.ch\/de\/wp-json\/wp\/v2\/media?parent=13802"}],"wp:term":[{"taxonomy":"product_brand","embeddable":true,"href":"https:\/\/sysmatec.ch\/de\/wp-json\/wp\/v2\/product_brand?post=13802"},{"taxonomy":"product_cat","embeddable":true,"href":"https:\/\/sysmatec.ch\/de\/wp-json\/wp\/v2\/product_cat?post=13802"},{"taxonomy":"product_tag","embeddable":true,"href":"https:\/\/sysmatec.ch\/de\/wp-json\/wp\/v2\/product_tag?post=13802"}],"curies":[{"name":"wp","href":"https:\/\/api.w.org\/{rel}","templated":true}]}}