{"id":13786,"date":"2019-11-11T16:52:22","date_gmt":"2019-11-11T15:54:07","guid":{"rendered":"https:\/\/sysmatec.ch\/?post_type=product&#038;p=13786"},"modified":"2021-12-10T21:19:12","modified_gmt":"2021-12-10T20:19:12","slug":"manuelle-probennahme-pumpe-a124","status":"publish","type":"product","link":"https:\/\/sysmatec.ch\/de\/Produkt\/manuelle-probennahme-pumpe-a124\/","title":{"rendered":"Manuelle Probennahme Pumpe A124"},"content":{"rendered":"<ul>\n<li type=\"disc\">Um schnell und unkompliziert auch an schwer zug\u00e4nglichen Stellen Fl\u00fcssigkeitsproben zu entnehmen. Auch f\u00fcr Fl\u00fcssigkeiten mit h\u00f6herer Viskosit\u00e4t (z.B. \u00d6le) geeignet. Durch Ziehen am Pumpenhebel wird ein leichter Unterdruck im Probengef\u00e4\u00df erzeugt, welcher dann die Probenfl\u00fcssigkeit in das Probegef\u00e4\u00df saugt. Die Probenfl\u00fcssigkeit kommt nur mit dem Entnahmeschlauch aus PTFE und dem Auffanggef\u00e4\u00df in Ber\u00fchrung. Als Probenflaschen k\u00f6nnen die weit verbreiteten Glasflaschen mit dem passenden GL-Gewinde verwendet werden.<\/li>\n<li type=\"disc\">Lieferumfang: Probennahmepumpe, 2 m PTFE-Schlauch<\/li>\n<li type=\"disc\">A 124-16: Schlauch Innen-\u00d8 x Au\u00dfen-\u00d8 4 mm x 6 mm, Flaschen-Gewinde GL 45, Anschlussgewinde oben GL 18, f\u00fcr Flaschengr\u00f6\u00dfen 100-2000 ml, Volumen pro Hub 50 ml<\/li>\n<\/ul>\n","protected":false},"excerpt":{"rendered":"<p>Probennahme Pumpe<\/p>\n","protected":false},"featured_media":13785,"template":"","meta":{"_crdt_document":""},"product_brand":[],"product_cat":[98,99],"product_tag":[],"class_list":{"0":"post-13786","1":"product","2":"type-product","3":"status-publish","4":"has-post-thumbnail","6":"product_cat-peristaltisch","7":"product_cat-pumpe","9":"first","10":"instock","11":"taxable","12":"shipping-taxable","13":"product-type-simple"},"yoast_head":"<!-- This site is optimized with the Yoast SEO plugin v27.3 - https:\/\/yoast.com\/product\/yoast-seo-wordpress\/ -->\n<title>Manuelle Probennahme Pumpe A124 - Sysmatec<\/title>\n<meta name=\"description\" content=\"Manuelle Probensammelpumpe. Leicht transportabel. Funktioniert, indem im Beh\u00e4lter ein Vakuum erzeugt wird.\" \/>\n<meta name=\"robots\" content=\"index, follow, max-snippet:-1, max-image-preview:large, max-video-preview:-1\" \/>\n<link rel=\"canonical\" href=\"https:\/\/sysmatec.ch\/de\/produit\/manuelle-probennahme-pumpe-a124\/\" \/>\n<meta property=\"og:locale\" content=\"de_DE\" \/>\n<meta property=\"og:type\" content=\"article\" \/>\n<meta property=\"og:title\" content=\"Manuelle Probennahme Pumpe A124 - Sysmatec\" \/>\n<meta property=\"og:description\" content=\"Manuelle Probensammelpumpe. Leicht transportabel. Funktioniert, indem im Beh\u00e4lter ein Vakuum erzeugt wird.\" \/>\n<meta property=\"og:url\" content=\"https:\/\/sysmatec.ch\/de\/produit\/manuelle-probennahme-pumpe-a124\/\" \/>\n<meta property=\"og:site_name\" content=\"Sysmatec\" \/>\n<meta property=\"article:modified_time\" content=\"2021-12-10T20:19:12+00:00\" \/>\n<meta property=\"og:image\" content=\"https:\/\/sysmatec.ch\/wp-content\/uploads\/2019\/11\/PompeManuelle_BolaA124.gif\" \/>\n\t<meta property=\"og:image:width\" content=\"138\" \/>\n\t<meta property=\"og:image:height\" content=\"135\" \/>\n\t<meta property=\"og:image:type\" content=\"image\/gif\" \/>\n<meta name=\"twitter:card\" content=\"summary_large_image\" \/>\n<meta name=\"twitter:label1\" content=\"Gesch\u00e4tzte Lesezeit\" \/>\n\t<meta name=\"twitter:data1\" content=\"1\u00a0Minute\" \/>\n<script type=\"application\/ld+json\" class=\"yoast-schema-graph\">{\"@context\":\"https:\\\/\\\/schema.org\",\"@graph\":[{\"@type\":\"WebPage\",\"@id\":\"https:\\\/\\\/sysmatec.ch\\\/de\\\/produit\\\/manuelle-probennahme-pumpe-a124\\\/\",\"url\":\"https:\\\/\\\/sysmatec.ch\\\/de\\\/produit\\\/manuelle-probennahme-pumpe-a124\\\/\",\"name\":\"Manuelle Probennahme Pumpe A124 - Sysmatec\",\"isPartOf\":{\"@id\":\"https:\\\/\\\/sysmatec.ch\\\/de\\\/#website\"},\"primaryImageOfPage\":{\"@id\":\"https:\\\/\\\/sysmatec.ch\\\/de\\\/produit\\\/manuelle-probennahme-pumpe-a124\\\/#primaryimage\"},\"image\":{\"@id\":\"https:\\\/\\\/sysmatec.ch\\\/de\\\/produit\\\/manuelle-probennahme-pumpe-a124\\\/#primaryimage\"},\"thumbnailUrl\":\"https:\\\/\\\/sysmatec.ch\\\/wp-content\\\/uploads\\\/2019\\\/11\\\/PompeManuelle_BolaA124.gif\",\"datePublished\":\"2019-11-11T15:54:07+00:00\",\"dateModified\":\"2021-12-10T20:19:12+00:00\",\"description\":\"Manuelle Probensammelpumpe. Leicht transportabel. Funktioniert, indem im Beh\u00e4lter ein Vakuum erzeugt wird.\",\"breadcrumb\":{\"@id\":\"https:\\\/\\\/sysmatec.ch\\\/de\\\/produit\\\/manuelle-probennahme-pumpe-a124\\\/#breadcrumb\"},\"inLanguage\":\"de\",\"potentialAction\":[{\"@type\":\"ReadAction\",\"target\":[\"https:\\\/\\\/sysmatec.ch\\\/de\\\/produit\\\/manuelle-probennahme-pumpe-a124\\\/\"]}]},{\"@type\":\"ImageObject\",\"inLanguage\":\"de\",\"@id\":\"https:\\\/\\\/sysmatec.ch\\\/de\\\/produit\\\/manuelle-probennahme-pumpe-a124\\\/#primaryimage\",\"url\":\"https:\\\/\\\/sysmatec.ch\\\/wp-content\\\/uploads\\\/2019\\\/11\\\/PompeManuelle_BolaA124.gif\",\"contentUrl\":\"https:\\\/\\\/sysmatec.ch\\\/wp-content\\\/uploads\\\/2019\\\/11\\\/PompeManuelle_BolaA124.gif\",\"width\":138,\"height\":135},{\"@type\":\"BreadcrumbList\",\"@id\":\"https:\\\/\\\/sysmatec.ch\\\/de\\\/produit\\\/manuelle-probennahme-pumpe-a124\\\/#breadcrumb\",\"itemListElement\":[{\"@type\":\"ListItem\",\"position\":1,\"name\":\"Accueil\",\"item\":\"https:\\\/\\\/sysmatec.ch\\\/de\\\/\"},{\"@type\":\"ListItem\",\"position\":2,\"name\":\"Die Aktivit\u00e4t von Sysmatec\",\"item\":\"https:\\\/\\\/sysmatec.ch\\\/de\\\/\"},{\"@type\":\"ListItem\",\"position\":3,\"name\":\"Manuelle Probennahme Pumpe A124\"}]},{\"@type\":\"WebSite\",\"@id\":\"https:\\\/\\\/sysmatec.ch\\\/de\\\/#website\",\"url\":\"https:\\\/\\\/sysmatec.ch\\\/de\\\/\",\"name\":\"Sysmatec\",\"description\":\"Equipement de laboratoire et logiciels\",\"publisher\":{\"@id\":\"https:\\\/\\\/sysmatec.ch\\\/de\\\/#organization\"},\"potentialAction\":[{\"@type\":\"SearchAction\",\"target\":{\"@type\":\"EntryPoint\",\"urlTemplate\":\"https:\\\/\\\/sysmatec.ch\\\/de\\\/?s={search_term_string}\"},\"query-input\":{\"@type\":\"PropertyValueSpecification\",\"valueRequired\":true,\"valueName\":\"search_term_string\"}}],\"inLanguage\":\"de\"},{\"@type\":\"Organization\",\"@id\":\"https:\\\/\\\/sysmatec.ch\\\/de\\\/#organization\",\"name\":\"Sysmatec\",\"url\":\"https:\\\/\\\/sysmatec.ch\\\/de\\\/\",\"logo\":{\"@type\":\"ImageObject\",\"inLanguage\":\"de\",\"@id\":\"https:\\\/\\\/sysmatec.ch\\\/de\\\/#\\\/schema\\\/logo\\\/image\\\/\",\"url\":\"https:\\\/\\\/sysmatec.ch\\\/wp-content\\\/uploads\\\/2018\\\/11\\\/LogoSysmatec.jpg\",\"contentUrl\":\"https:\\\/\\\/sysmatec.ch\\\/wp-content\\\/uploads\\\/2018\\\/11\\\/LogoSysmatec.jpg\",\"width\":301,\"height\":297,\"caption\":\"Sysmatec\"},\"image\":{\"@id\":\"https:\\\/\\\/sysmatec.ch\\\/de\\\/#\\\/schema\\\/logo\\\/image\\\/\"}}]}<\/script>\n<!-- \/ Yoast SEO plugin. -->","yoast_head_json":{"title":"Manuelle Probennahme Pumpe A124 - Sysmatec","description":"Manuelle Probensammelpumpe. Leicht transportabel. Funktioniert, indem im Beh\u00e4lter ein Vakuum erzeugt wird.","robots":{"index":"index","follow":"follow","max-snippet":"max-snippet:-1","max-image-preview":"max-image-preview:large","max-video-preview":"max-video-preview:-1"},"canonical":"https:\/\/sysmatec.ch\/de\/produit\/manuelle-probennahme-pumpe-a124\/","og_locale":"de_DE","og_type":"article","og_title":"Manuelle Probennahme Pumpe A124 - Sysmatec","og_description":"Manuelle Probensammelpumpe. Leicht transportabel. Funktioniert, indem im Beh\u00e4lter ein Vakuum erzeugt wird.","og_url":"https:\/\/sysmatec.ch\/de\/produit\/manuelle-probennahme-pumpe-a124\/","og_site_name":"Sysmatec","article_modified_time":"2021-12-10T20:19:12+00:00","og_image":[{"width":138,"height":135,"url":"https:\/\/sysmatec.ch\/wp-content\/uploads\/2019\/11\/PompeManuelle_BolaA124.gif","type":"image\/gif"}],"twitter_card":"summary_large_image","twitter_misc":{"Gesch\u00e4tzte Lesezeit":"1\u00a0Minute"},"schema":{"@context":"https:\/\/schema.org","@graph":[{"@type":"WebPage","@id":"https:\/\/sysmatec.ch\/de\/produit\/manuelle-probennahme-pumpe-a124\/","url":"https:\/\/sysmatec.ch\/de\/produit\/manuelle-probennahme-pumpe-a124\/","name":"Manuelle Probennahme Pumpe A124 - Sysmatec","isPartOf":{"@id":"https:\/\/sysmatec.ch\/de\/#website"},"primaryImageOfPage":{"@id":"https:\/\/sysmatec.ch\/de\/produit\/manuelle-probennahme-pumpe-a124\/#primaryimage"},"image":{"@id":"https:\/\/sysmatec.ch\/de\/produit\/manuelle-probennahme-pumpe-a124\/#primaryimage"},"thumbnailUrl":"https:\/\/sysmatec.ch\/wp-content\/uploads\/2019\/11\/PompeManuelle_BolaA124.gif","datePublished":"2019-11-11T15:54:07+00:00","dateModified":"2021-12-10T20:19:12+00:00","description":"Manuelle Probensammelpumpe. Leicht transportabel. Funktioniert, indem im Beh\u00e4lter ein Vakuum erzeugt wird.","breadcrumb":{"@id":"https:\/\/sysmatec.ch\/de\/produit\/manuelle-probennahme-pumpe-a124\/#breadcrumb"},"inLanguage":"de","potentialAction":[{"@type":"ReadAction","target":["https:\/\/sysmatec.ch\/de\/produit\/manuelle-probennahme-pumpe-a124\/"]}]},{"@type":"ImageObject","inLanguage":"de","@id":"https:\/\/sysmatec.ch\/de\/produit\/manuelle-probennahme-pumpe-a124\/#primaryimage","url":"https:\/\/sysmatec.ch\/wp-content\/uploads\/2019\/11\/PompeManuelle_BolaA124.gif","contentUrl":"https:\/\/sysmatec.ch\/wp-content\/uploads\/2019\/11\/PompeManuelle_BolaA124.gif","width":138,"height":135},{"@type":"BreadcrumbList","@id":"https:\/\/sysmatec.ch\/de\/produit\/manuelle-probennahme-pumpe-a124\/#breadcrumb","itemListElement":[{"@type":"ListItem","position":1,"name":"Accueil","item":"https:\/\/sysmatec.ch\/de\/"},{"@type":"ListItem","position":2,"name":"Die Aktivit\u00e4t von Sysmatec","item":"https:\/\/sysmatec.ch\/de\/"},{"@type":"ListItem","position":3,"name":"Manuelle Probennahme Pumpe A124"}]},{"@type":"WebSite","@id":"https:\/\/sysmatec.ch\/de\/#website","url":"https:\/\/sysmatec.ch\/de\/","name":"Sysmatec","description":"Equipement de laboratoire et logiciels","publisher":{"@id":"https:\/\/sysmatec.ch\/de\/#organization"},"potentialAction":[{"@type":"SearchAction","target":{"@type":"EntryPoint","urlTemplate":"https:\/\/sysmatec.ch\/de\/?s={search_term_string}"},"query-input":{"@type":"PropertyValueSpecification","valueRequired":true,"valueName":"search_term_string"}}],"inLanguage":"de"},{"@type":"Organization","@id":"https:\/\/sysmatec.ch\/de\/#organization","name":"Sysmatec","url":"https:\/\/sysmatec.ch\/de\/","logo":{"@type":"ImageObject","inLanguage":"de","@id":"https:\/\/sysmatec.ch\/de\/#\/schema\/logo\/image\/","url":"https:\/\/sysmatec.ch\/wp-content\/uploads\/2018\/11\/LogoSysmatec.jpg","contentUrl":"https:\/\/sysmatec.ch\/wp-content\/uploads\/2018\/11\/LogoSysmatec.jpg","width":301,"height":297,"caption":"Sysmatec"},"image":{"@id":"https:\/\/sysmatec.ch\/de\/#\/schema\/logo\/image\/"}}]}},"_links":{"self":[{"href":"https:\/\/sysmatec.ch\/de\/wp-json\/wp\/v2\/product\/13786","targetHints":{"allow":["GET"]}}],"collection":[{"href":"https:\/\/sysmatec.ch\/de\/wp-json\/wp\/v2\/product"}],"about":[{"href":"https:\/\/sysmatec.ch\/de\/wp-json\/wp\/v2\/types\/product"}],"wp:featuredmedia":[{"embeddable":true,"href":"https:\/\/sysmatec.ch\/de\/wp-json\/wp\/v2\/media\/13785"}],"wp:attachment":[{"href":"https:\/\/sysmatec.ch\/de\/wp-json\/wp\/v2\/media?parent=13786"}],"wp:term":[{"taxonomy":"product_brand","embeddable":true,"href":"https:\/\/sysmatec.ch\/de\/wp-json\/wp\/v2\/product_brand?post=13786"},{"taxonomy":"product_cat","embeddable":true,"href":"https:\/\/sysmatec.ch\/de\/wp-json\/wp\/v2\/product_cat?post=13786"},{"taxonomy":"product_tag","embeddable":true,"href":"https:\/\/sysmatec.ch\/de\/wp-json\/wp\/v2\/product_tag?post=13786"}],"curies":[{"name":"wp","href":"https:\/\/api.w.org\/{rel}","templated":true}]}}