{"id":13763,"date":"2019-11-10T20:40:40","date_gmt":"2019-11-10T19:41:59","guid":{"rendered":"https:\/\/sysmatec.ch\/?post_type=product&#038;p=13763"},"modified":"2021-12-10T21:59:08","modified_gmt":"2021-12-10T20:59:08","slug":"micro-membran-gasfoerderpumpe-nmp-03","status":"publish","type":"product","link":"https:\/\/sysmatec.ch\/de\/Produkt\/micro-membran-gasfoerderpumpe-nmp-03\/","title":{"rendered":"Micro-Membran- Gasf\u00f6rderpumpe NMP 03"},"content":{"rendered":"<p>Diese Membranpumpen basieren auf der Technik der oszillierenden Verdr\u00e4ngerpumpen. Die Drehbewegung der Motorantriebswelle wird \u00fcber das Exzentersystem in eine oszillierende Bewegung umgewandelt und \u00fcber einen Pleuel auf die Membrane \u00fcbertragen. Zusammen mit dem Einlass- und dem Auslassventil sorgt die Membranbewegung f\u00fcr den eigentlichen Pumpvorgang.<\/p>\n<p>Eingenschaften der Membranpumpe<\/p>\n<ul>\n<li>Masse: 30x13x22 mm<\/li>\n<li>Flussrate: 300 Nml\/min<\/li>\n<li>Spannung: 1.3 oder 2.5 V<\/li>\n<li>Ueberdruck : 350 mbar rel.<\/li>\n<li>Endvakuum : -350 mbar rel.<\/li>\n<li>Existiert mit verschiedene Motoren<\/li>\n<\/ul>\n","protected":false},"excerpt":{"rendered":"<p>Micro-Membran- Gasf\u00f6rderpumpe<\/p>\n","protected":false},"featured_media":13762,"template":"","meta":{"_crdt_document":""},"product_brand":[],"product_cat":[98,99],"product_tag":[],"class_list":{"0":"post-13763","1":"product","2":"type-product","3":"status-publish","4":"has-post-thumbnail","6":"product_cat-peristaltisch","7":"product_cat-pumpe","9":"first","10":"instock","11":"taxable","12":"shipping-taxable","13":"product-type-simple"},"yoast_head":"<!-- This site is optimized with the Yoast SEO plugin v27.4 - https:\/\/yoast.com\/product\/yoast-seo-wordpress\/ -->\n<title>Micro-Membran- Gasf\u00f6rderpumpe NMP 03 - Sysmatec<\/title>\n<meta name=\"description\" content=\"Miniatur-Membranpumpe f\u00fcr Gase. Sie kann als Vakuumpumpe oder als Kompressor f\u00fcr niedrige Dr\u00fccke eingesetzt werden.\" \/>\n<meta name=\"robots\" content=\"index, follow, max-snippet:-1, max-image-preview:large, max-video-preview:-1\" \/>\n<link rel=\"canonical\" href=\"https:\/\/sysmatec.ch\/de\/produit\/micro-membran-gasfoerderpumpe-nmp-03\/\" \/>\n<meta property=\"og:locale\" content=\"de_DE\" \/>\n<meta property=\"og:type\" content=\"article\" \/>\n<meta property=\"og:title\" content=\"Micro-Membran- Gasf\u00f6rderpumpe NMP 03 - Sysmatec\" \/>\n<meta property=\"og:description\" content=\"Miniatur-Membranpumpe f\u00fcr Gase. Sie kann als Vakuumpumpe oder als Kompressor f\u00fcr niedrige Dr\u00fccke eingesetzt werden.\" \/>\n<meta property=\"og:url\" content=\"https:\/\/sysmatec.ch\/de\/produit\/micro-membran-gasfoerderpumpe-nmp-03\/\" \/>\n<meta property=\"og:site_name\" content=\"Sysmatec\" \/>\n<meta property=\"article:modified_time\" content=\"2021-12-10T20:59:08+00:00\" \/>\n<meta property=\"og:image\" content=\"https:\/\/sysmatec.ch\/wp-content\/uploads\/2019\/11\/Pompe_KNFNMP03.jpg\" \/>\n\t<meta property=\"og:image:width\" content=\"183\" \/>\n\t<meta property=\"og:image:height\" content=\"160\" \/>\n\t<meta property=\"og:image:type\" content=\"image\/jpeg\" \/>\n<meta name=\"twitter:card\" content=\"summary_large_image\" \/>\n<meta name=\"twitter:label1\" content=\"Gesch\u00e4tzte Lesezeit\" \/>\n\t<meta name=\"twitter:data1\" content=\"1\u00a0Minute\" \/>\n<script type=\"application\/ld+json\" class=\"yoast-schema-graph\">{\"@context\":\"https:\\\/\\\/schema.org\",\"@graph\":[{\"@type\":\"WebPage\",\"@id\":\"https:\\\/\\\/sysmatec.ch\\\/de\\\/produit\\\/micro-membran-gasfoerderpumpe-nmp-03\\\/\",\"url\":\"https:\\\/\\\/sysmatec.ch\\\/de\\\/produit\\\/micro-membran-gasfoerderpumpe-nmp-03\\\/\",\"name\":\"Micro-Membran- Gasf\u00f6rderpumpe NMP 03 - Sysmatec\",\"isPartOf\":{\"@id\":\"https:\\\/\\\/sysmatec.ch\\\/de\\\/#website\"},\"primaryImageOfPage\":{\"@id\":\"https:\\\/\\\/sysmatec.ch\\\/de\\\/produit\\\/micro-membran-gasfoerderpumpe-nmp-03\\\/#primaryimage\"},\"image\":{\"@id\":\"https:\\\/\\\/sysmatec.ch\\\/de\\\/produit\\\/micro-membran-gasfoerderpumpe-nmp-03\\\/#primaryimage\"},\"thumbnailUrl\":\"https:\\\/\\\/sysmatec.ch\\\/wp-content\\\/uploads\\\/2019\\\/11\\\/Pompe_KNFNMP03.jpg\",\"datePublished\":\"2019-11-10T19:41:59+00:00\",\"dateModified\":\"2021-12-10T20:59:08+00:00\",\"description\":\"Miniatur-Membranpumpe f\u00fcr Gase. Sie kann als Vakuumpumpe oder als Kompressor f\u00fcr niedrige Dr\u00fccke eingesetzt werden.\",\"breadcrumb\":{\"@id\":\"https:\\\/\\\/sysmatec.ch\\\/de\\\/produit\\\/micro-membran-gasfoerderpumpe-nmp-03\\\/#breadcrumb\"},\"inLanguage\":\"de\",\"potentialAction\":[{\"@type\":\"ReadAction\",\"target\":[\"https:\\\/\\\/sysmatec.ch\\\/de\\\/produit\\\/micro-membran-gasfoerderpumpe-nmp-03\\\/\"]}]},{\"@type\":\"ImageObject\",\"inLanguage\":\"de\",\"@id\":\"https:\\\/\\\/sysmatec.ch\\\/de\\\/produit\\\/micro-membran-gasfoerderpumpe-nmp-03\\\/#primaryimage\",\"url\":\"https:\\\/\\\/sysmatec.ch\\\/wp-content\\\/uploads\\\/2019\\\/11\\\/Pompe_KNFNMP03.jpg\",\"contentUrl\":\"https:\\\/\\\/sysmatec.ch\\\/wp-content\\\/uploads\\\/2019\\\/11\\\/Pompe_KNFNMP03.jpg\",\"width\":183,\"height\":160},{\"@type\":\"BreadcrumbList\",\"@id\":\"https:\\\/\\\/sysmatec.ch\\\/de\\\/produit\\\/micro-membran-gasfoerderpumpe-nmp-03\\\/#breadcrumb\",\"itemListElement\":[{\"@type\":\"ListItem\",\"position\":1,\"name\":\"Accueil\",\"item\":\"https:\\\/\\\/sysmatec.ch\\\/de\\\/\"},{\"@type\":\"ListItem\",\"position\":2,\"name\":\"Die Aktivit\u00e4t von Sysmatec\",\"item\":\"https:\\\/\\\/sysmatec.ch\\\/de\\\/\"},{\"@type\":\"ListItem\",\"position\":3,\"name\":\"Micro-Membran- Gasf\u00f6rderpumpe NMP 03\"}]},{\"@type\":\"WebSite\",\"@id\":\"https:\\\/\\\/sysmatec.ch\\\/de\\\/#website\",\"url\":\"https:\\\/\\\/sysmatec.ch\\\/de\\\/\",\"name\":\"Sysmatec\",\"description\":\"Equipement de laboratoire et logiciels\",\"publisher\":{\"@id\":\"https:\\\/\\\/sysmatec.ch\\\/de\\\/#organization\"},\"potentialAction\":[{\"@type\":\"SearchAction\",\"target\":{\"@type\":\"EntryPoint\",\"urlTemplate\":\"https:\\\/\\\/sysmatec.ch\\\/de\\\/?s={search_term_string}\"},\"query-input\":{\"@type\":\"PropertyValueSpecification\",\"valueRequired\":true,\"valueName\":\"search_term_string\"}}],\"inLanguage\":\"de\"},{\"@type\":\"Organization\",\"@id\":\"https:\\\/\\\/sysmatec.ch\\\/de\\\/#organization\",\"name\":\"Sysmatec\",\"url\":\"https:\\\/\\\/sysmatec.ch\\\/de\\\/\",\"logo\":{\"@type\":\"ImageObject\",\"inLanguage\":\"de\",\"@id\":\"https:\\\/\\\/sysmatec.ch\\\/de\\\/#\\\/schema\\\/logo\\\/image\\\/\",\"url\":\"https:\\\/\\\/sysmatec.ch\\\/wp-content\\\/uploads\\\/2018\\\/11\\\/LogoSysmatec.jpg\",\"contentUrl\":\"https:\\\/\\\/sysmatec.ch\\\/wp-content\\\/uploads\\\/2018\\\/11\\\/LogoSysmatec.jpg\",\"width\":301,\"height\":297,\"caption\":\"Sysmatec\"},\"image\":{\"@id\":\"https:\\\/\\\/sysmatec.ch\\\/de\\\/#\\\/schema\\\/logo\\\/image\\\/\"}}]}<\/script>\n<!-- \/ Yoast SEO plugin. -->","yoast_head_json":{"title":"Micro-Membran- Gasf\u00f6rderpumpe NMP 03 - Sysmatec","description":"Miniatur-Membranpumpe f\u00fcr Gase. Sie kann als Vakuumpumpe oder als Kompressor f\u00fcr niedrige Dr\u00fccke eingesetzt werden.","robots":{"index":"index","follow":"follow","max-snippet":"max-snippet:-1","max-image-preview":"max-image-preview:large","max-video-preview":"max-video-preview:-1"},"canonical":"https:\/\/sysmatec.ch\/de\/produit\/micro-membran-gasfoerderpumpe-nmp-03\/","og_locale":"de_DE","og_type":"article","og_title":"Micro-Membran- Gasf\u00f6rderpumpe NMP 03 - Sysmatec","og_description":"Miniatur-Membranpumpe f\u00fcr Gase. Sie kann als Vakuumpumpe oder als Kompressor f\u00fcr niedrige Dr\u00fccke eingesetzt werden.","og_url":"https:\/\/sysmatec.ch\/de\/produit\/micro-membran-gasfoerderpumpe-nmp-03\/","og_site_name":"Sysmatec","article_modified_time":"2021-12-10T20:59:08+00:00","og_image":[{"width":183,"height":160,"url":"https:\/\/sysmatec.ch\/wp-content\/uploads\/2019\/11\/Pompe_KNFNMP03.jpg","type":"image\/jpeg"}],"twitter_card":"summary_large_image","twitter_misc":{"Gesch\u00e4tzte Lesezeit":"1\u00a0Minute"},"schema":{"@context":"https:\/\/schema.org","@graph":[{"@type":"WebPage","@id":"https:\/\/sysmatec.ch\/de\/produit\/micro-membran-gasfoerderpumpe-nmp-03\/","url":"https:\/\/sysmatec.ch\/de\/produit\/micro-membran-gasfoerderpumpe-nmp-03\/","name":"Micro-Membran- Gasf\u00f6rderpumpe NMP 03 - Sysmatec","isPartOf":{"@id":"https:\/\/sysmatec.ch\/de\/#website"},"primaryImageOfPage":{"@id":"https:\/\/sysmatec.ch\/de\/produit\/micro-membran-gasfoerderpumpe-nmp-03\/#primaryimage"},"image":{"@id":"https:\/\/sysmatec.ch\/de\/produit\/micro-membran-gasfoerderpumpe-nmp-03\/#primaryimage"},"thumbnailUrl":"https:\/\/sysmatec.ch\/wp-content\/uploads\/2019\/11\/Pompe_KNFNMP03.jpg","datePublished":"2019-11-10T19:41:59+00:00","dateModified":"2021-12-10T20:59:08+00:00","description":"Miniatur-Membranpumpe f\u00fcr Gase. Sie kann als Vakuumpumpe oder als Kompressor f\u00fcr niedrige Dr\u00fccke eingesetzt werden.","breadcrumb":{"@id":"https:\/\/sysmatec.ch\/de\/produit\/micro-membran-gasfoerderpumpe-nmp-03\/#breadcrumb"},"inLanguage":"de","potentialAction":[{"@type":"ReadAction","target":["https:\/\/sysmatec.ch\/de\/produit\/micro-membran-gasfoerderpumpe-nmp-03\/"]}]},{"@type":"ImageObject","inLanguage":"de","@id":"https:\/\/sysmatec.ch\/de\/produit\/micro-membran-gasfoerderpumpe-nmp-03\/#primaryimage","url":"https:\/\/sysmatec.ch\/wp-content\/uploads\/2019\/11\/Pompe_KNFNMP03.jpg","contentUrl":"https:\/\/sysmatec.ch\/wp-content\/uploads\/2019\/11\/Pompe_KNFNMP03.jpg","width":183,"height":160},{"@type":"BreadcrumbList","@id":"https:\/\/sysmatec.ch\/de\/produit\/micro-membran-gasfoerderpumpe-nmp-03\/#breadcrumb","itemListElement":[{"@type":"ListItem","position":1,"name":"Accueil","item":"https:\/\/sysmatec.ch\/de\/"},{"@type":"ListItem","position":2,"name":"Die Aktivit\u00e4t von Sysmatec","item":"https:\/\/sysmatec.ch\/de\/"},{"@type":"ListItem","position":3,"name":"Micro-Membran- Gasf\u00f6rderpumpe NMP 03"}]},{"@type":"WebSite","@id":"https:\/\/sysmatec.ch\/de\/#website","url":"https:\/\/sysmatec.ch\/de\/","name":"Sysmatec","description":"Equipement de laboratoire et logiciels","publisher":{"@id":"https:\/\/sysmatec.ch\/de\/#organization"},"potentialAction":[{"@type":"SearchAction","target":{"@type":"EntryPoint","urlTemplate":"https:\/\/sysmatec.ch\/de\/?s={search_term_string}"},"query-input":{"@type":"PropertyValueSpecification","valueRequired":true,"valueName":"search_term_string"}}],"inLanguage":"de"},{"@type":"Organization","@id":"https:\/\/sysmatec.ch\/de\/#organization","name":"Sysmatec","url":"https:\/\/sysmatec.ch\/de\/","logo":{"@type":"ImageObject","inLanguage":"de","@id":"https:\/\/sysmatec.ch\/de\/#\/schema\/logo\/image\/","url":"https:\/\/sysmatec.ch\/wp-content\/uploads\/2018\/11\/LogoSysmatec.jpg","contentUrl":"https:\/\/sysmatec.ch\/wp-content\/uploads\/2018\/11\/LogoSysmatec.jpg","width":301,"height":297,"caption":"Sysmatec"},"image":{"@id":"https:\/\/sysmatec.ch\/de\/#\/schema\/logo\/image\/"}}]}},"_links":{"self":[{"href":"https:\/\/sysmatec.ch\/de\/wp-json\/wp\/v2\/product\/13763","targetHints":{"allow":["GET"]}}],"collection":[{"href":"https:\/\/sysmatec.ch\/de\/wp-json\/wp\/v2\/product"}],"about":[{"href":"https:\/\/sysmatec.ch\/de\/wp-json\/wp\/v2\/types\/product"}],"wp:featuredmedia":[{"embeddable":true,"href":"https:\/\/sysmatec.ch\/de\/wp-json\/wp\/v2\/media\/13762"}],"wp:attachment":[{"href":"https:\/\/sysmatec.ch\/de\/wp-json\/wp\/v2\/media?parent=13763"}],"wp:term":[{"taxonomy":"product_brand","embeddable":true,"href":"https:\/\/sysmatec.ch\/de\/wp-json\/wp\/v2\/product_brand?post=13763"},{"taxonomy":"product_cat","embeddable":true,"href":"https:\/\/sysmatec.ch\/de\/wp-json\/wp\/v2\/product_cat?post=13763"},{"taxonomy":"product_tag","embeddable":true,"href":"https:\/\/sysmatec.ch\/de\/wp-json\/wp\/v2\/product_tag?post=13763"}],"curies":[{"name":"wp","href":"https:\/\/api.w.org\/{rel}","templated":true}]}}