{"id":13757,"date":"2019-11-10T20:32:24","date_gmt":"2019-11-10T19:35:41","guid":{"rendered":"https:\/\/sysmatec.ch\/?post_type=product&#038;p=13757"},"modified":"2021-12-10T22:12:07","modified_gmt":"2021-12-10T21:12:07","slug":"luftpumpe-und-vakuumpump-aerosilento","status":"publish","type":"product","link":"https:\/\/sysmatec.ch\/de\/Produkt\/luftpumpe-und-vakuumpump-aerosilento\/","title":{"rendered":"Luftpumpe und Vakuumpump AeroSilento"},"content":{"rendered":"<p>Hoch Qualit\u00e4t Luftpumpe oder Vakuumpumpe f\u00fcr Labor.<\/p>\n<h2>Merkmale der Pumpe<\/h2>\n<ul>\n<li>funktionniert ohne \u00d6l, so liefert sie Gas ohne \u00d6l<\/li>\n<li>wenige Pulsation<\/li>\n<li>weniger L\u00e4rm<\/li>\n<li>grosser Lebensdauer<\/li>\n<li>sehr guter Durchfluss. und Druck-Stabilit\u00e4t<\/li>\n<li>kann als Luftpumpe (Druckluft) oder als Vakuumpumpe eingestzt werden<\/li>\n<li>sehr kompakt<\/li>\n<\/ul>\n<h2>Technische Beschreibung der Pumpe<\/h2>\n<ul>\n<li>Max. Durchfluss: 5 l\/min. (abh\u00e4ngig von dem Druck)<\/li>\n<li>Ausgangsdruck: 0 bis 0.2 MPa<\/li>\n<li>Vakuum: 50 Torr (70 mBar)<\/li>\n<li>Power supply: 100 bis 240 V AC\/50-60 Hz, 150 W<\/li>\n<li>L\u00e4rm: 29 dB<\/li>\n<li>Dimensionen: 15 x 16 x 30 cm (B x H x T)<\/li>\n<li>Gewicht: 4,5 kg<\/li>\n<\/ul>\n<h2>Typische Anwendung der Pumpe<\/h2>\n<p>Bel\u00fcftung von Fermentoren f\u00fcr Laboratoren, die keine zentrale Druckluftleitungen zur verf\u00fcgung haben.<\/p>\n","protected":false},"excerpt":{"rendered":"<p>Labor- Luftpumpe und Vakuumpump<\/p>\n","protected":false},"featured_media":13753,"template":"","meta":{"_crdt_document":""},"product_brand":[],"product_cat":[98,99],"product_tag":[],"class_list":{"0":"post-13757","1":"product","2":"type-product","3":"status-publish","4":"has-post-thumbnail","6":"product_cat-peristaltisch","7":"product_cat-pumpe","9":"first","10":"instock","11":"taxable","12":"shipping-taxable","13":"product-type-simple"},"yoast_head":"<!-- This site is optimized with the Yoast SEO plugin v27.3 - https:\/\/yoast.com\/product\/yoast-seo-wordpress\/ -->\n<title>Luftpumpe und Vakuumpump AeroSilento - Sysmatec<\/title>\n<meta name=\"description\" content=\"Vakuumpumpe und Kompressor f\u00fcr Labor. Sie erreicht ein Hochvakuum. Ruhiger Betrieb.. Sie funktioniert ohne \u00d6l.\" \/>\n<meta name=\"robots\" content=\"index, follow, max-snippet:-1, max-image-preview:large, max-video-preview:-1\" \/>\n<link rel=\"canonical\" href=\"https:\/\/sysmatec.ch\/de\/produit\/luftpumpe-und-vakuumpump-aerosilento\/\" \/>\n<meta property=\"og:locale\" content=\"de_DE\" \/>\n<meta property=\"og:type\" content=\"article\" \/>\n<meta property=\"og:title\" content=\"Luftpumpe und Vakuumpump AeroSilento - Sysmatec\" \/>\n<meta property=\"og:description\" content=\"Vakuumpumpe und Kompressor f\u00fcr Labor. Sie erreicht ein Hochvakuum. Ruhiger Betrieb.. Sie funktioniert ohne \u00d6l.\" \/>\n<meta property=\"og:url\" content=\"https:\/\/sysmatec.ch\/de\/produit\/luftpumpe-und-vakuumpump-aerosilento\/\" \/>\n<meta property=\"og:site_name\" content=\"Sysmatec\" \/>\n<meta property=\"article:modified_time\" content=\"2021-12-10T21:12:07+00:00\" \/>\n<meta property=\"og:image\" content=\"https:\/\/sysmatec.ch\/wp-content\/uploads\/2019\/11\/Compresseur_LambdaAerosilento1.gif\" \/>\n\t<meta property=\"og:image:width\" content=\"140\" \/>\n\t<meta property=\"og:image:height\" content=\"125\" \/>\n\t<meta property=\"og:image:type\" content=\"image\/gif\" \/>\n<meta name=\"twitter:card\" content=\"summary_large_image\" \/>\n<meta name=\"twitter:label1\" content=\"Gesch\u00e4tzte Lesezeit\" \/>\n\t<meta name=\"twitter:data1\" content=\"1\u00a0Minute\" \/>\n<script type=\"application\/ld+json\" class=\"yoast-schema-graph\">{\"@context\":\"https:\\\/\\\/schema.org\",\"@graph\":[{\"@type\":\"WebPage\",\"@id\":\"https:\\\/\\\/sysmatec.ch\\\/de\\\/produit\\\/luftpumpe-und-vakuumpump-aerosilento\\\/\",\"url\":\"https:\\\/\\\/sysmatec.ch\\\/de\\\/produit\\\/luftpumpe-und-vakuumpump-aerosilento\\\/\",\"name\":\"Luftpumpe und Vakuumpump AeroSilento - Sysmatec\",\"isPartOf\":{\"@id\":\"https:\\\/\\\/sysmatec.ch\\\/de\\\/#website\"},\"primaryImageOfPage\":{\"@id\":\"https:\\\/\\\/sysmatec.ch\\\/de\\\/produit\\\/luftpumpe-und-vakuumpump-aerosilento\\\/#primaryimage\"},\"image\":{\"@id\":\"https:\\\/\\\/sysmatec.ch\\\/de\\\/produit\\\/luftpumpe-und-vakuumpump-aerosilento\\\/#primaryimage\"},\"thumbnailUrl\":\"https:\\\/\\\/sysmatec.ch\\\/wp-content\\\/uploads\\\/2019\\\/11\\\/Compresseur_LambdaAerosilento1.gif\",\"datePublished\":\"2019-11-10T19:35:41+00:00\",\"dateModified\":\"2021-12-10T21:12:07+00:00\",\"description\":\"Vakuumpumpe und Kompressor f\u00fcr Labor. Sie erreicht ein Hochvakuum. Ruhiger Betrieb.. Sie funktioniert ohne \u00d6l.\",\"breadcrumb\":{\"@id\":\"https:\\\/\\\/sysmatec.ch\\\/de\\\/produit\\\/luftpumpe-und-vakuumpump-aerosilento\\\/#breadcrumb\"},\"inLanguage\":\"de\",\"potentialAction\":[{\"@type\":\"ReadAction\",\"target\":[\"https:\\\/\\\/sysmatec.ch\\\/de\\\/produit\\\/luftpumpe-und-vakuumpump-aerosilento\\\/\"]}]},{\"@type\":\"ImageObject\",\"inLanguage\":\"de\",\"@id\":\"https:\\\/\\\/sysmatec.ch\\\/de\\\/produit\\\/luftpumpe-und-vakuumpump-aerosilento\\\/#primaryimage\",\"url\":\"https:\\\/\\\/sysmatec.ch\\\/wp-content\\\/uploads\\\/2019\\\/11\\\/Compresseur_LambdaAerosilento1.gif\",\"contentUrl\":\"https:\\\/\\\/sysmatec.ch\\\/wp-content\\\/uploads\\\/2019\\\/11\\\/Compresseur_LambdaAerosilento1.gif\",\"width\":140,\"height\":125},{\"@type\":\"BreadcrumbList\",\"@id\":\"https:\\\/\\\/sysmatec.ch\\\/de\\\/produit\\\/luftpumpe-und-vakuumpump-aerosilento\\\/#breadcrumb\",\"itemListElement\":[{\"@type\":\"ListItem\",\"position\":1,\"name\":\"Accueil\",\"item\":\"https:\\\/\\\/sysmatec.ch\\\/de\\\/\"},{\"@type\":\"ListItem\",\"position\":2,\"name\":\"Die Aktivit\u00e4t von Sysmatec\",\"item\":\"https:\\\/\\\/sysmatec.ch\\\/de\\\/\"},{\"@type\":\"ListItem\",\"position\":3,\"name\":\"Luftpumpe und Vakuumpump AeroSilento\"}]},{\"@type\":\"WebSite\",\"@id\":\"https:\\\/\\\/sysmatec.ch\\\/de\\\/#website\",\"url\":\"https:\\\/\\\/sysmatec.ch\\\/de\\\/\",\"name\":\"Sysmatec\",\"description\":\"Equipement de laboratoire et logiciels\",\"publisher\":{\"@id\":\"https:\\\/\\\/sysmatec.ch\\\/de\\\/#organization\"},\"potentialAction\":[{\"@type\":\"SearchAction\",\"target\":{\"@type\":\"EntryPoint\",\"urlTemplate\":\"https:\\\/\\\/sysmatec.ch\\\/de\\\/?s={search_term_string}\"},\"query-input\":{\"@type\":\"PropertyValueSpecification\",\"valueRequired\":true,\"valueName\":\"search_term_string\"}}],\"inLanguage\":\"de\"},{\"@type\":\"Organization\",\"@id\":\"https:\\\/\\\/sysmatec.ch\\\/de\\\/#organization\",\"name\":\"Sysmatec\",\"url\":\"https:\\\/\\\/sysmatec.ch\\\/de\\\/\",\"logo\":{\"@type\":\"ImageObject\",\"inLanguage\":\"de\",\"@id\":\"https:\\\/\\\/sysmatec.ch\\\/de\\\/#\\\/schema\\\/logo\\\/image\\\/\",\"url\":\"https:\\\/\\\/sysmatec.ch\\\/wp-content\\\/uploads\\\/2018\\\/11\\\/LogoSysmatec.jpg\",\"contentUrl\":\"https:\\\/\\\/sysmatec.ch\\\/wp-content\\\/uploads\\\/2018\\\/11\\\/LogoSysmatec.jpg\",\"width\":301,\"height\":297,\"caption\":\"Sysmatec\"},\"image\":{\"@id\":\"https:\\\/\\\/sysmatec.ch\\\/de\\\/#\\\/schema\\\/logo\\\/image\\\/\"}}]}<\/script>\n<!-- \/ Yoast SEO plugin. -->","yoast_head_json":{"title":"Luftpumpe und Vakuumpump AeroSilento - Sysmatec","description":"Vakuumpumpe und Kompressor f\u00fcr Labor. Sie erreicht ein Hochvakuum. Ruhiger Betrieb.. Sie funktioniert ohne \u00d6l.","robots":{"index":"index","follow":"follow","max-snippet":"max-snippet:-1","max-image-preview":"max-image-preview:large","max-video-preview":"max-video-preview:-1"},"canonical":"https:\/\/sysmatec.ch\/de\/produit\/luftpumpe-und-vakuumpump-aerosilento\/","og_locale":"de_DE","og_type":"article","og_title":"Luftpumpe und Vakuumpump AeroSilento - Sysmatec","og_description":"Vakuumpumpe und Kompressor f\u00fcr Labor. Sie erreicht ein Hochvakuum. Ruhiger Betrieb.. Sie funktioniert ohne \u00d6l.","og_url":"https:\/\/sysmatec.ch\/de\/produit\/luftpumpe-und-vakuumpump-aerosilento\/","og_site_name":"Sysmatec","article_modified_time":"2021-12-10T21:12:07+00:00","og_image":[{"width":140,"height":125,"url":"https:\/\/sysmatec.ch\/wp-content\/uploads\/2019\/11\/Compresseur_LambdaAerosilento1.gif","type":"image\/gif"}],"twitter_card":"summary_large_image","twitter_misc":{"Gesch\u00e4tzte Lesezeit":"1\u00a0Minute"},"schema":{"@context":"https:\/\/schema.org","@graph":[{"@type":"WebPage","@id":"https:\/\/sysmatec.ch\/de\/produit\/luftpumpe-und-vakuumpump-aerosilento\/","url":"https:\/\/sysmatec.ch\/de\/produit\/luftpumpe-und-vakuumpump-aerosilento\/","name":"Luftpumpe und Vakuumpump AeroSilento - Sysmatec","isPartOf":{"@id":"https:\/\/sysmatec.ch\/de\/#website"},"primaryImageOfPage":{"@id":"https:\/\/sysmatec.ch\/de\/produit\/luftpumpe-und-vakuumpump-aerosilento\/#primaryimage"},"image":{"@id":"https:\/\/sysmatec.ch\/de\/produit\/luftpumpe-und-vakuumpump-aerosilento\/#primaryimage"},"thumbnailUrl":"https:\/\/sysmatec.ch\/wp-content\/uploads\/2019\/11\/Compresseur_LambdaAerosilento1.gif","datePublished":"2019-11-10T19:35:41+00:00","dateModified":"2021-12-10T21:12:07+00:00","description":"Vakuumpumpe und Kompressor f\u00fcr Labor. Sie erreicht ein Hochvakuum. Ruhiger Betrieb.. Sie funktioniert ohne \u00d6l.","breadcrumb":{"@id":"https:\/\/sysmatec.ch\/de\/produit\/luftpumpe-und-vakuumpump-aerosilento\/#breadcrumb"},"inLanguage":"de","potentialAction":[{"@type":"ReadAction","target":["https:\/\/sysmatec.ch\/de\/produit\/luftpumpe-und-vakuumpump-aerosilento\/"]}]},{"@type":"ImageObject","inLanguage":"de","@id":"https:\/\/sysmatec.ch\/de\/produit\/luftpumpe-und-vakuumpump-aerosilento\/#primaryimage","url":"https:\/\/sysmatec.ch\/wp-content\/uploads\/2019\/11\/Compresseur_LambdaAerosilento1.gif","contentUrl":"https:\/\/sysmatec.ch\/wp-content\/uploads\/2019\/11\/Compresseur_LambdaAerosilento1.gif","width":140,"height":125},{"@type":"BreadcrumbList","@id":"https:\/\/sysmatec.ch\/de\/produit\/luftpumpe-und-vakuumpump-aerosilento\/#breadcrumb","itemListElement":[{"@type":"ListItem","position":1,"name":"Accueil","item":"https:\/\/sysmatec.ch\/de\/"},{"@type":"ListItem","position":2,"name":"Die Aktivit\u00e4t von Sysmatec","item":"https:\/\/sysmatec.ch\/de\/"},{"@type":"ListItem","position":3,"name":"Luftpumpe und Vakuumpump AeroSilento"}]},{"@type":"WebSite","@id":"https:\/\/sysmatec.ch\/de\/#website","url":"https:\/\/sysmatec.ch\/de\/","name":"Sysmatec","description":"Equipement de laboratoire et logiciels","publisher":{"@id":"https:\/\/sysmatec.ch\/de\/#organization"},"potentialAction":[{"@type":"SearchAction","target":{"@type":"EntryPoint","urlTemplate":"https:\/\/sysmatec.ch\/de\/?s={search_term_string}"},"query-input":{"@type":"PropertyValueSpecification","valueRequired":true,"valueName":"search_term_string"}}],"inLanguage":"de"},{"@type":"Organization","@id":"https:\/\/sysmatec.ch\/de\/#organization","name":"Sysmatec","url":"https:\/\/sysmatec.ch\/de\/","logo":{"@type":"ImageObject","inLanguage":"de","@id":"https:\/\/sysmatec.ch\/de\/#\/schema\/logo\/image\/","url":"https:\/\/sysmatec.ch\/wp-content\/uploads\/2018\/11\/LogoSysmatec.jpg","contentUrl":"https:\/\/sysmatec.ch\/wp-content\/uploads\/2018\/11\/LogoSysmatec.jpg","width":301,"height":297,"caption":"Sysmatec"},"image":{"@id":"https:\/\/sysmatec.ch\/de\/#\/schema\/logo\/image\/"}}]}},"_links":{"self":[{"href":"https:\/\/sysmatec.ch\/de\/wp-json\/wp\/v2\/product\/13757","targetHints":{"allow":["GET"]}}],"collection":[{"href":"https:\/\/sysmatec.ch\/de\/wp-json\/wp\/v2\/product"}],"about":[{"href":"https:\/\/sysmatec.ch\/de\/wp-json\/wp\/v2\/types\/product"}],"wp:featuredmedia":[{"embeddable":true,"href":"https:\/\/sysmatec.ch\/de\/wp-json\/wp\/v2\/media\/13753"}],"wp:attachment":[{"href":"https:\/\/sysmatec.ch\/de\/wp-json\/wp\/v2\/media?parent=13757"}],"wp:term":[{"taxonomy":"product_brand","embeddable":true,"href":"https:\/\/sysmatec.ch\/de\/wp-json\/wp\/v2\/product_brand?post=13757"},{"taxonomy":"product_cat","embeddable":true,"href":"https:\/\/sysmatec.ch\/de\/wp-json\/wp\/v2\/product_cat?post=13757"},{"taxonomy":"product_tag","embeddable":true,"href":"https:\/\/sysmatec.ch\/de\/wp-json\/wp\/v2\/product_tag?post=13757"}],"curies":[{"name":"wp","href":"https:\/\/api.w.org\/{rel}","templated":true}]}}