{"id":13742,"date":"2019-11-10T18:16:52","date_gmt":"2019-11-10T17:18:04","guid":{"rendered":"https:\/\/sysmatec.ch\/?post_type=product&#038;p=13742"},"modified":"2021-12-11T09:55:54","modified_gmt":"2021-12-11T08:55:54","slug":"vakuumpumpsystem-knf-sc-920-mit-funk-fernbedienung","status":"publish","type":"product","link":"https:\/\/sysmatec.ch\/de\/Produkt\/vakuumpumpsystem-knf-sc-920-mit-funk-fernbedienung\/","title":{"rendered":"Vakuumpumpsystem KNF SC 920 mit Funk-Fernbedienung"},"content":{"rendered":"<p>Das neue Vakuumpumpsystem SC 920 l\u00e4sst sich \u00fcber ein mobiles Hand-Terminal fernbedienen.<\/p>\n<p>Mehrfach pro Sekunde misst ein Drucksensor den Ist-Druck im System, ein Mikroprozessor \u00fcberwacht den Druckabfall \u00fcber die Zeit. Die Pumpendrehzahl wird anhand dieser Informationen laufend angepasst. Es entstehen Kurze Prozesszeiten und hohe Genauigkeit.<\/p>\n<h2>Vier Betriebsmodi des Vakuumpumpsystems<\/h2>\n<ul>\n<li>Abpumpen: Das Vakuumpumpsystem evakuiert einen Rezipienten mit einstellbarer Pumpleistung.<\/li>\n<li>Druckregelung: Das Vakuumpumpsystem regelt den Systemdruck auf den eingestellten Wert (auf konstanten Druck).<\/li>\n<li>Automatik: Das Vakuumpumpsystem sucht selbst\u00e4ndig den Dampfdruck der Probe und regelt den Prozessdruck entsprechend nach.<\/li>\n<li>Individuelle Druckfunktion: Das Vakuumpumpsystem regelt den Prozess nach einem durch den Benutzer vorgegebenen Druckverlauf. F\u00fcr verschiedene Zeitpunkte k\u00f6nnen der Solldruck sowie das \u00d6ffnen und Schlie\u00dfen des K\u00fchlmittelventils (Zubeh\u00f6r) am Hochleistungskondensator auf einfache Weise eingegeben werden. Eine Wiederholfunktion erm\u00f6glicht es, den programmierten Druckverlauf mehrfach nacheinander auszuf\u00fchren. W\u00e4hrend eines aktiven Prozesses kann jederzeit in die manuelle Prozessf\u00fchrung gewechselt werden. Hier stehen Abpump- und Druckregelfunktion gleichzeitig zur Verf\u00fcgung.<\/li>\n<\/ul>\n<h2>Technische Daten des Vakuumpumpsystems<\/h2>\n<ul>\n<li>F\u00f6rderleistung: 20 l\/mn<\/li>\n<li>Vakuum: 2 mbar (absolut)<\/li>\n<li>Netzanschluss: 100 &#8211; 230 V, 50 &#8211; 60 Hz<\/li>\n<li>Leistungsaufnahme: max. 135 W<\/li>\n<li>Schlauchanschl\u00fcsse, pneumatisch: ID 10<\/li>\n<li>Schlauchanschl\u00fcsse f\u00fcr K\u00fchlmittel: ID 8<\/li>\n<li>Stromaufnahme: max. 1 A<\/li>\n<li>Gewicht: 15 kg<\/li>\n<li>Abmessungen (mm) H x B x T: 423 x 366 x 294<\/li>\n<li>Mit \u00dcberstromschutz und Netzsicherung<\/li>\n<\/ul>\n","protected":false},"excerpt":{"rendered":"<p>Vakuumpumpsystem mit Funk-Fernbedienung<\/p>\n","protected":false},"featured_media":13741,"template":"","meta":{"_crdt_document":""},"product_brand":[],"product_cat":[98,99],"product_tag":[],"class_list":{"0":"post-13742","1":"product","2":"type-product","3":"status-publish","4":"has-post-thumbnail","6":"product_cat-peristaltisch","7":"product_cat-pumpe","9":"first","10":"instock","11":"taxable","12":"shipping-taxable","13":"product-type-simple"},"yoast_head":"<!-- This site is optimized with the Yoast SEO plugin v27.4 - https:\/\/yoast.com\/product\/yoast-seo-wordpress\/ -->\n<title>Vakuumpumpsystem KNF SC 920 mit Funk-Fernbedienung - Sysmatec<\/title>\n<meta name=\"description\" content=\"Komplettes System auf kompaktem Rahmen zur Vakuumerzeugung, inklusive Vakuumpumpe, Kondensator und Vakuumregler.\" \/>\n<meta name=\"robots\" content=\"index, follow, max-snippet:-1, max-image-preview:large, max-video-preview:-1\" \/>\n<link rel=\"canonical\" href=\"https:\/\/sysmatec.ch\/de\/produit\/vakuumpumpsystem-knf-sc-920-mit-funk-fernbedienung\/\" \/>\n<meta property=\"og:locale\" content=\"de_DE\" \/>\n<meta property=\"og:type\" content=\"article\" \/>\n<meta property=\"og:title\" content=\"Vakuumpumpsystem KNF SC 920 mit Funk-Fernbedienung - Sysmatec\" \/>\n<meta property=\"og:description\" content=\"Komplettes System auf kompaktem Rahmen zur Vakuumerzeugung, inklusive Vakuumpumpe, Kondensator und Vakuumregler.\" \/>\n<meta property=\"og:url\" content=\"https:\/\/sysmatec.ch\/de\/produit\/vakuumpumpsystem-knf-sc-920-mit-funk-fernbedienung\/\" \/>\n<meta property=\"og:site_name\" content=\"Sysmatec\" \/>\n<meta property=\"article:modified_time\" content=\"2021-12-11T08:55:54+00:00\" \/>\n<meta property=\"og:image\" content=\"https:\/\/sysmatec.ch\/wp-content\/uploads\/2019\/11\/PompeAVideKNFSC920.gif\" \/>\n\t<meta property=\"og:image:width\" content=\"133\" \/>\n\t<meta property=\"og:image:height\" content=\"152\" \/>\n\t<meta property=\"og:image:type\" content=\"image\/gif\" \/>\n<meta name=\"twitter:card\" content=\"summary_large_image\" \/>\n<meta name=\"twitter:label1\" content=\"Gesch\u00e4tzte Lesezeit\" \/>\n\t<meta name=\"twitter:data1\" content=\"1\u00a0Minute\" \/>\n<script type=\"application\/ld+json\" class=\"yoast-schema-graph\">{\"@context\":\"https:\\\/\\\/schema.org\",\"@graph\":[{\"@type\":\"WebPage\",\"@id\":\"https:\\\/\\\/sysmatec.ch\\\/de\\\/produit\\\/vakuumpumpsystem-knf-sc-920-mit-funk-fernbedienung\\\/\",\"url\":\"https:\\\/\\\/sysmatec.ch\\\/de\\\/produit\\\/vakuumpumpsystem-knf-sc-920-mit-funk-fernbedienung\\\/\",\"name\":\"Vakuumpumpsystem KNF SC 920 mit Funk-Fernbedienung - Sysmatec\",\"isPartOf\":{\"@id\":\"https:\\\/\\\/sysmatec.ch\\\/de\\\/#website\"},\"primaryImageOfPage\":{\"@id\":\"https:\\\/\\\/sysmatec.ch\\\/de\\\/produit\\\/vakuumpumpsystem-knf-sc-920-mit-funk-fernbedienung\\\/#primaryimage\"},\"image\":{\"@id\":\"https:\\\/\\\/sysmatec.ch\\\/de\\\/produit\\\/vakuumpumpsystem-knf-sc-920-mit-funk-fernbedienung\\\/#primaryimage\"},\"thumbnailUrl\":\"https:\\\/\\\/sysmatec.ch\\\/wp-content\\\/uploads\\\/2019\\\/11\\\/PompeAVideKNFSC920.gif\",\"datePublished\":\"2019-11-10T17:18:04+00:00\",\"dateModified\":\"2021-12-11T08:55:54+00:00\",\"description\":\"Komplettes System auf kompaktem Rahmen zur Vakuumerzeugung, inklusive Vakuumpumpe, Kondensator und Vakuumregler.\",\"breadcrumb\":{\"@id\":\"https:\\\/\\\/sysmatec.ch\\\/de\\\/produit\\\/vakuumpumpsystem-knf-sc-920-mit-funk-fernbedienung\\\/#breadcrumb\"},\"inLanguage\":\"de\",\"potentialAction\":[{\"@type\":\"ReadAction\",\"target\":[\"https:\\\/\\\/sysmatec.ch\\\/de\\\/produit\\\/vakuumpumpsystem-knf-sc-920-mit-funk-fernbedienung\\\/\"]}]},{\"@type\":\"ImageObject\",\"inLanguage\":\"de\",\"@id\":\"https:\\\/\\\/sysmatec.ch\\\/de\\\/produit\\\/vakuumpumpsystem-knf-sc-920-mit-funk-fernbedienung\\\/#primaryimage\",\"url\":\"https:\\\/\\\/sysmatec.ch\\\/wp-content\\\/uploads\\\/2019\\\/11\\\/PompeAVideKNFSC920.gif\",\"contentUrl\":\"https:\\\/\\\/sysmatec.ch\\\/wp-content\\\/uploads\\\/2019\\\/11\\\/PompeAVideKNFSC920.gif\",\"width\":133,\"height\":152},{\"@type\":\"BreadcrumbList\",\"@id\":\"https:\\\/\\\/sysmatec.ch\\\/de\\\/produit\\\/vakuumpumpsystem-knf-sc-920-mit-funk-fernbedienung\\\/#breadcrumb\",\"itemListElement\":[{\"@type\":\"ListItem\",\"position\":1,\"name\":\"Accueil\",\"item\":\"https:\\\/\\\/sysmatec.ch\\\/de\\\/\"},{\"@type\":\"ListItem\",\"position\":2,\"name\":\"Die Aktivit\u00e4t von Sysmatec\",\"item\":\"https:\\\/\\\/sysmatec.ch\\\/de\\\/\"},{\"@type\":\"ListItem\",\"position\":3,\"name\":\"Vakuumpumpsystem KNF SC 920 mit Funk-Fernbedienung\"}]},{\"@type\":\"WebSite\",\"@id\":\"https:\\\/\\\/sysmatec.ch\\\/de\\\/#website\",\"url\":\"https:\\\/\\\/sysmatec.ch\\\/de\\\/\",\"name\":\"Sysmatec\",\"description\":\"Equipement de laboratoire et logiciels\",\"publisher\":{\"@id\":\"https:\\\/\\\/sysmatec.ch\\\/de\\\/#organization\"},\"potentialAction\":[{\"@type\":\"SearchAction\",\"target\":{\"@type\":\"EntryPoint\",\"urlTemplate\":\"https:\\\/\\\/sysmatec.ch\\\/de\\\/?s={search_term_string}\"},\"query-input\":{\"@type\":\"PropertyValueSpecification\",\"valueRequired\":true,\"valueName\":\"search_term_string\"}}],\"inLanguage\":\"de\"},{\"@type\":\"Organization\",\"@id\":\"https:\\\/\\\/sysmatec.ch\\\/de\\\/#organization\",\"name\":\"Sysmatec\",\"url\":\"https:\\\/\\\/sysmatec.ch\\\/de\\\/\",\"logo\":{\"@type\":\"ImageObject\",\"inLanguage\":\"de\",\"@id\":\"https:\\\/\\\/sysmatec.ch\\\/de\\\/#\\\/schema\\\/logo\\\/image\\\/\",\"url\":\"https:\\\/\\\/sysmatec.ch\\\/wp-content\\\/uploads\\\/2018\\\/11\\\/LogoSysmatec.jpg\",\"contentUrl\":\"https:\\\/\\\/sysmatec.ch\\\/wp-content\\\/uploads\\\/2018\\\/11\\\/LogoSysmatec.jpg\",\"width\":301,\"height\":297,\"caption\":\"Sysmatec\"},\"image\":{\"@id\":\"https:\\\/\\\/sysmatec.ch\\\/de\\\/#\\\/schema\\\/logo\\\/image\\\/\"}}]}<\/script>\n<!-- \/ Yoast SEO plugin. -->","yoast_head_json":{"title":"Vakuumpumpsystem KNF SC 920 mit Funk-Fernbedienung - Sysmatec","description":"Komplettes System auf kompaktem Rahmen zur Vakuumerzeugung, inklusive Vakuumpumpe, Kondensator und Vakuumregler.","robots":{"index":"index","follow":"follow","max-snippet":"max-snippet:-1","max-image-preview":"max-image-preview:large","max-video-preview":"max-video-preview:-1"},"canonical":"https:\/\/sysmatec.ch\/de\/produit\/vakuumpumpsystem-knf-sc-920-mit-funk-fernbedienung\/","og_locale":"de_DE","og_type":"article","og_title":"Vakuumpumpsystem KNF SC 920 mit Funk-Fernbedienung - Sysmatec","og_description":"Komplettes System auf kompaktem Rahmen zur Vakuumerzeugung, inklusive Vakuumpumpe, Kondensator und Vakuumregler.","og_url":"https:\/\/sysmatec.ch\/de\/produit\/vakuumpumpsystem-knf-sc-920-mit-funk-fernbedienung\/","og_site_name":"Sysmatec","article_modified_time":"2021-12-11T08:55:54+00:00","og_image":[{"width":133,"height":152,"url":"https:\/\/sysmatec.ch\/wp-content\/uploads\/2019\/11\/PompeAVideKNFSC920.gif","type":"image\/gif"}],"twitter_card":"summary_large_image","twitter_misc":{"Gesch\u00e4tzte Lesezeit":"1\u00a0Minute"},"schema":{"@context":"https:\/\/schema.org","@graph":[{"@type":"WebPage","@id":"https:\/\/sysmatec.ch\/de\/produit\/vakuumpumpsystem-knf-sc-920-mit-funk-fernbedienung\/","url":"https:\/\/sysmatec.ch\/de\/produit\/vakuumpumpsystem-knf-sc-920-mit-funk-fernbedienung\/","name":"Vakuumpumpsystem KNF SC 920 mit Funk-Fernbedienung - Sysmatec","isPartOf":{"@id":"https:\/\/sysmatec.ch\/de\/#website"},"primaryImageOfPage":{"@id":"https:\/\/sysmatec.ch\/de\/produit\/vakuumpumpsystem-knf-sc-920-mit-funk-fernbedienung\/#primaryimage"},"image":{"@id":"https:\/\/sysmatec.ch\/de\/produit\/vakuumpumpsystem-knf-sc-920-mit-funk-fernbedienung\/#primaryimage"},"thumbnailUrl":"https:\/\/sysmatec.ch\/wp-content\/uploads\/2019\/11\/PompeAVideKNFSC920.gif","datePublished":"2019-11-10T17:18:04+00:00","dateModified":"2021-12-11T08:55:54+00:00","description":"Komplettes System auf kompaktem Rahmen zur Vakuumerzeugung, inklusive Vakuumpumpe, Kondensator und Vakuumregler.","breadcrumb":{"@id":"https:\/\/sysmatec.ch\/de\/produit\/vakuumpumpsystem-knf-sc-920-mit-funk-fernbedienung\/#breadcrumb"},"inLanguage":"de","potentialAction":[{"@type":"ReadAction","target":["https:\/\/sysmatec.ch\/de\/produit\/vakuumpumpsystem-knf-sc-920-mit-funk-fernbedienung\/"]}]},{"@type":"ImageObject","inLanguage":"de","@id":"https:\/\/sysmatec.ch\/de\/produit\/vakuumpumpsystem-knf-sc-920-mit-funk-fernbedienung\/#primaryimage","url":"https:\/\/sysmatec.ch\/wp-content\/uploads\/2019\/11\/PompeAVideKNFSC920.gif","contentUrl":"https:\/\/sysmatec.ch\/wp-content\/uploads\/2019\/11\/PompeAVideKNFSC920.gif","width":133,"height":152},{"@type":"BreadcrumbList","@id":"https:\/\/sysmatec.ch\/de\/produit\/vakuumpumpsystem-knf-sc-920-mit-funk-fernbedienung\/#breadcrumb","itemListElement":[{"@type":"ListItem","position":1,"name":"Accueil","item":"https:\/\/sysmatec.ch\/de\/"},{"@type":"ListItem","position":2,"name":"Die Aktivit\u00e4t von Sysmatec","item":"https:\/\/sysmatec.ch\/de\/"},{"@type":"ListItem","position":3,"name":"Vakuumpumpsystem KNF SC 920 mit Funk-Fernbedienung"}]},{"@type":"WebSite","@id":"https:\/\/sysmatec.ch\/de\/#website","url":"https:\/\/sysmatec.ch\/de\/","name":"Sysmatec","description":"Equipement de laboratoire et logiciels","publisher":{"@id":"https:\/\/sysmatec.ch\/de\/#organization"},"potentialAction":[{"@type":"SearchAction","target":{"@type":"EntryPoint","urlTemplate":"https:\/\/sysmatec.ch\/de\/?s={search_term_string}"},"query-input":{"@type":"PropertyValueSpecification","valueRequired":true,"valueName":"search_term_string"}}],"inLanguage":"de"},{"@type":"Organization","@id":"https:\/\/sysmatec.ch\/de\/#organization","name":"Sysmatec","url":"https:\/\/sysmatec.ch\/de\/","logo":{"@type":"ImageObject","inLanguage":"de","@id":"https:\/\/sysmatec.ch\/de\/#\/schema\/logo\/image\/","url":"https:\/\/sysmatec.ch\/wp-content\/uploads\/2018\/11\/LogoSysmatec.jpg","contentUrl":"https:\/\/sysmatec.ch\/wp-content\/uploads\/2018\/11\/LogoSysmatec.jpg","width":301,"height":297,"caption":"Sysmatec"},"image":{"@id":"https:\/\/sysmatec.ch\/de\/#\/schema\/logo\/image\/"}}]}},"_links":{"self":[{"href":"https:\/\/sysmatec.ch\/de\/wp-json\/wp\/v2\/product\/13742","targetHints":{"allow":["GET"]}}],"collection":[{"href":"https:\/\/sysmatec.ch\/de\/wp-json\/wp\/v2\/product"}],"about":[{"href":"https:\/\/sysmatec.ch\/de\/wp-json\/wp\/v2\/types\/product"}],"wp:featuredmedia":[{"embeddable":true,"href":"https:\/\/sysmatec.ch\/de\/wp-json\/wp\/v2\/media\/13741"}],"wp:attachment":[{"href":"https:\/\/sysmatec.ch\/de\/wp-json\/wp\/v2\/media?parent=13742"}],"wp:term":[{"taxonomy":"product_brand","embeddable":true,"href":"https:\/\/sysmatec.ch\/de\/wp-json\/wp\/v2\/product_brand?post=13742"},{"taxonomy":"product_cat","embeddable":true,"href":"https:\/\/sysmatec.ch\/de\/wp-json\/wp\/v2\/product_cat?post=13742"},{"taxonomy":"product_tag","embeddable":true,"href":"https:\/\/sysmatec.ch\/de\/wp-json\/wp\/v2\/product_tag?post=13742"}],"curies":[{"name":"wp","href":"https:\/\/api.w.org\/{rel}","templated":true}]}}