{"id":13690,"date":"2019-11-10T10:48:34","date_gmt":"2019-11-10T09:49:55","guid":{"rendered":"https:\/\/sysmatec.ch\/?post_type=product&#038;p=13690"},"modified":"2021-12-11T11:10:18","modified_gmt":"2021-12-11T10:10:18","slug":"mini-membran-vakuumpumpe-und-kompressor-laboport-4","status":"publish","type":"product","link":"https:\/\/sysmatec.ch\/de\/Produkt\/mini-membran-vakuumpumpe-und-kompressor-laboport-4\/","title":{"rendered":"Mini-Membran-Vakuumpumpe und -Kompressor LABOPORT"},"content":{"rendered":"<ul>\n<li>100% \u00f6lfreie F\u00f6rderung dadurch unverf\u00e4lschtes F\u00f6rdern und Evakuieren, die Medien werden nicht verunreinigt<\/li>\n<li>eink\u00f6pfige trockenlaufende Pumpe<\/li>\n<li>Version f\u00fcr leicht aggressive bzw. korrosive Gase und D\u00e4mpfe<\/li>\n<li>wartungsfrei<\/li>\n<li>umweltfreundlich<\/li>\n<\/ul>\n<table border=\"1\" width=\"100%\" cellspacing=\"0\" cellpadding=\"2\">\n<tbody>\n<tr>\n<td width=\"35%\">Typ<\/td>\n<td>N 86 KN.18<\/td>\n<td>N 86 KT.18<\/td>\n<td>N 811 KN.18<\/td>\n<td>N 811 KT.18<\/td>\n<\/tr>\n<tr>\n<td width=\"35%\">F\u00f6rderleistung bei atm. Druck (l\/min)<\/td>\n<td>6<\/td>\n<td>5.5<\/td>\n<td>11,5<\/td>\n<td>11,5<\/td>\n<\/tr>\n<tr>\n<td width=\"35%\">Endvakuum (mbar abs.)<\/td>\n<td>100<\/td>\n<td>160<\/td>\n<td>240<\/td>\n<td>290<\/td>\n<\/tr>\n<tr>\n<td width=\"35%\">Betriebs\u00fcberdruck (bar)<\/td>\n<td>2.4<\/td>\n<td>2.5<\/td>\n<td>2<\/td>\n<td>2<\/td>\n<\/tr>\n<tr>\n<td width=\"35%\">Schlauchanschluss (mm)<\/td>\n<td>ID4<\/td>\n<td>ID4<\/td>\n<td>ID6<\/td>\n<td>ID6<\/td>\n<\/tr>\n<tr>\n<td width=\"35%\">Gas- und Umgebungstemperatur<\/td>\n<td>+5&#8230;+40 \u00b0C<\/td>\n<td>+5&#8230;+40 \u00b0C<\/td>\n<td>+5&#8230;+40 \u00b0C<\/td>\n<td>+5&#8230;+40 \u00b0C<\/td>\n<\/tr>\n<tr>\n<td width=\"35%\">Pumpenkopf<\/td>\n<td>PPS<\/td>\n<td>PPS<\/td>\n<td>PPS<\/td>\n<td>PPS<\/td>\n<\/tr>\n<tr>\n<td width=\"35%\">Membrane<\/td>\n<td>EPDM<\/td>\n<td>PTFE-beschichtet<\/td>\n<td>EPDM<\/td>\n<td>PTFE-beschichtet<\/td>\n<\/tr>\n<tr>\n<td width=\"35%\">Ventile<\/td>\n<td>FPM<\/td>\n<td>FFPM<\/td>\n<td>FPM<\/td>\n<td>FFPM<\/td>\n<\/tr>\n<tr>\n<td width=\"35%\">Strom<\/td>\n<td>230V\/50Hz<\/td>\n<td>230V\/50Hz<\/td>\n<td>230V\/50Hz<\/td>\n<td>230V\/50Hz<\/td>\n<\/tr>\n<tr>\n<td width=\"35%\">Schutzart<\/td>\n<td>IP 20<\/td>\n<td>IP 20<\/td>\n<td>IP 20<\/td>\n<td>IP 20<\/td>\n<\/tr>\n<tr>\n<td width=\"35%\">Motorleistung P1<\/td>\n<td>65 W<\/td>\n<td>65 W<\/td>\n<td>65 W<\/td>\n<td>65 W<\/td>\n<\/tr>\n<tr>\n<td width=\"35%\">Stromaufnahme<\/td>\n<td>0,63 A<\/td>\n<td>0,63 A<\/td>\n<td>0,8 A<\/td>\n<td>0,8 A<\/td>\n<\/tr>\n<tr>\n<td width=\"35%\">Gewicht<\/td>\n<td>1.9 kg<\/td>\n<td>1.9 kg<\/td>\n<td>2.5 kg<\/td>\n<td>2.5 kg<\/td>\n<\/tr>\n<tr>\n<td width=\"35%\">Abmessungen LxHxB (mm)<\/td>\n<td>164\/141\/90<\/td>\n<td>164\/141\/90<\/td>\n<td>87\/157\/90<\/td>\n<td>87\/157\/90<\/td>\n<\/tr>\n<\/tbody>\n<\/table>\n","protected":false},"excerpt":{"rendered":"<p>Mini-Membran-Vakuumpump und -Kompressor<\/p>\n","protected":false},"featured_media":13689,"template":"","meta":{"_crdt_document":""},"product_brand":[],"product_cat":[98,99],"product_tag":[],"class_list":{"0":"post-13690","1":"product","2":"type-product","3":"status-publish","4":"has-post-thumbnail","6":"product_cat-peristaltisch","7":"product_cat-pumpe","9":"first","10":"instock","11":"taxable","12":"shipping-taxable","13":"product-type-simple"},"yoast_head":"<!-- This site is optimized with the Yoast SEO plugin v27.4 - https:\/\/yoast.com\/product\/yoast-seo-wordpress\/ -->\n<title>Mini-Membran-Vakuumpumpe und -Kompressor LABOPORT - Sysmatec<\/title>\n<meta name=\"description\" content=\"Vakuumpumpe und Membrankompressor. Einkopf f\u00fcr ein Vakuum bis 100 mbar. Funktioniert ohne \u00d6l. Ausf\u00fchrung f\u00fcr korrosive Gase.\" \/>\n<meta name=\"robots\" content=\"index, follow, max-snippet:-1, max-image-preview:large, max-video-preview:-1\" \/>\n<link rel=\"canonical\" href=\"https:\/\/sysmatec.ch\/de\/produit\/mini-membran-vakuumpumpe-und-kompressor-laboport-4\/\" \/>\n<meta property=\"og:locale\" content=\"de_DE\" \/>\n<meta property=\"og:type\" content=\"article\" \/>\n<meta property=\"og:title\" content=\"Mini-Membran-Vakuumpumpe und -Kompressor LABOPORT - Sysmatec\" \/>\n<meta property=\"og:description\" content=\"Vakuumpumpe und Membrankompressor. Einkopf f\u00fcr ein Vakuum bis 100 mbar. Funktioniert ohne \u00d6l. Ausf\u00fchrung f\u00fcr korrosive Gase.\" \/>\n<meta property=\"og:url\" content=\"https:\/\/sysmatec.ch\/de\/produit\/mini-membran-vakuumpumpe-und-kompressor-laboport-4\/\" \/>\n<meta property=\"og:site_name\" content=\"Sysmatec\" \/>\n<meta property=\"article:modified_time\" content=\"2021-12-11T10:10:18+00:00\" \/>\n<meta property=\"og:image\" content=\"https:\/\/sysmatec.ch\/wp-content\/uploads\/2019\/11\/PompeAVide_KNFLaboportN86.gif\" \/>\n\t<meta property=\"og:image:width\" content=\"157\" \/>\n\t<meta property=\"og:image:height\" content=\"129\" \/>\n\t<meta property=\"og:image:type\" content=\"image\/gif\" \/>\n<meta name=\"twitter:card\" content=\"summary_large_image\" \/>\n<meta name=\"twitter:label1\" content=\"Gesch\u00e4tzte Lesezeit\" \/>\n\t<meta name=\"twitter:data1\" content=\"1\u00a0Minute\" \/>\n<script type=\"application\/ld+json\" class=\"yoast-schema-graph\">{\"@context\":\"https:\\\/\\\/schema.org\",\"@graph\":[{\"@type\":\"WebPage\",\"@id\":\"https:\\\/\\\/sysmatec.ch\\\/de\\\/produit\\\/mini-membran-vakuumpumpe-und-kompressor-laboport-4\\\/\",\"url\":\"https:\\\/\\\/sysmatec.ch\\\/de\\\/produit\\\/mini-membran-vakuumpumpe-und-kompressor-laboport-4\\\/\",\"name\":\"Mini-Membran-Vakuumpumpe und -Kompressor LABOPORT - Sysmatec\",\"isPartOf\":{\"@id\":\"https:\\\/\\\/sysmatec.ch\\\/de\\\/#website\"},\"primaryImageOfPage\":{\"@id\":\"https:\\\/\\\/sysmatec.ch\\\/de\\\/produit\\\/mini-membran-vakuumpumpe-und-kompressor-laboport-4\\\/#primaryimage\"},\"image\":{\"@id\":\"https:\\\/\\\/sysmatec.ch\\\/de\\\/produit\\\/mini-membran-vakuumpumpe-und-kompressor-laboport-4\\\/#primaryimage\"},\"thumbnailUrl\":\"https:\\\/\\\/sysmatec.ch\\\/wp-content\\\/uploads\\\/2019\\\/11\\\/PompeAVide_KNFLaboportN86.gif\",\"datePublished\":\"2019-11-10T09:49:55+00:00\",\"dateModified\":\"2021-12-11T10:10:18+00:00\",\"description\":\"Vakuumpumpe und Membrankompressor. Einkopf f\u00fcr ein Vakuum bis 100 mbar. Funktioniert ohne \u00d6l. Ausf\u00fchrung f\u00fcr korrosive Gase.\",\"breadcrumb\":{\"@id\":\"https:\\\/\\\/sysmatec.ch\\\/de\\\/produit\\\/mini-membran-vakuumpumpe-und-kompressor-laboport-4\\\/#breadcrumb\"},\"inLanguage\":\"de\",\"potentialAction\":[{\"@type\":\"ReadAction\",\"target\":[\"https:\\\/\\\/sysmatec.ch\\\/de\\\/produit\\\/mini-membran-vakuumpumpe-und-kompressor-laboport-4\\\/\"]}]},{\"@type\":\"ImageObject\",\"inLanguage\":\"de\",\"@id\":\"https:\\\/\\\/sysmatec.ch\\\/de\\\/produit\\\/mini-membran-vakuumpumpe-und-kompressor-laboport-4\\\/#primaryimage\",\"url\":\"https:\\\/\\\/sysmatec.ch\\\/wp-content\\\/uploads\\\/2019\\\/11\\\/PompeAVide_KNFLaboportN86.gif\",\"contentUrl\":\"https:\\\/\\\/sysmatec.ch\\\/wp-content\\\/uploads\\\/2019\\\/11\\\/PompeAVide_KNFLaboportN86.gif\",\"width\":157,\"height\":129},{\"@type\":\"BreadcrumbList\",\"@id\":\"https:\\\/\\\/sysmatec.ch\\\/de\\\/produit\\\/mini-membran-vakuumpumpe-und-kompressor-laboport-4\\\/#breadcrumb\",\"itemListElement\":[{\"@type\":\"ListItem\",\"position\":1,\"name\":\"Accueil\",\"item\":\"https:\\\/\\\/sysmatec.ch\\\/de\\\/\"},{\"@type\":\"ListItem\",\"position\":2,\"name\":\"Die Aktivit\u00e4t von Sysmatec\",\"item\":\"https:\\\/\\\/sysmatec.ch\\\/de\\\/\"},{\"@type\":\"ListItem\",\"position\":3,\"name\":\"Mini-Membran-Vakuumpumpe und -Kompressor LABOPORT\"}]},{\"@type\":\"WebSite\",\"@id\":\"https:\\\/\\\/sysmatec.ch\\\/de\\\/#website\",\"url\":\"https:\\\/\\\/sysmatec.ch\\\/de\\\/\",\"name\":\"Sysmatec\",\"description\":\"Equipement de laboratoire et logiciels\",\"publisher\":{\"@id\":\"https:\\\/\\\/sysmatec.ch\\\/de\\\/#organization\"},\"potentialAction\":[{\"@type\":\"SearchAction\",\"target\":{\"@type\":\"EntryPoint\",\"urlTemplate\":\"https:\\\/\\\/sysmatec.ch\\\/de\\\/?s={search_term_string}\"},\"query-input\":{\"@type\":\"PropertyValueSpecification\",\"valueRequired\":true,\"valueName\":\"search_term_string\"}}],\"inLanguage\":\"de\"},{\"@type\":\"Organization\",\"@id\":\"https:\\\/\\\/sysmatec.ch\\\/de\\\/#organization\",\"name\":\"Sysmatec\",\"url\":\"https:\\\/\\\/sysmatec.ch\\\/de\\\/\",\"logo\":{\"@type\":\"ImageObject\",\"inLanguage\":\"de\",\"@id\":\"https:\\\/\\\/sysmatec.ch\\\/de\\\/#\\\/schema\\\/logo\\\/image\\\/\",\"url\":\"https:\\\/\\\/sysmatec.ch\\\/wp-content\\\/uploads\\\/2018\\\/11\\\/LogoSysmatec.jpg\",\"contentUrl\":\"https:\\\/\\\/sysmatec.ch\\\/wp-content\\\/uploads\\\/2018\\\/11\\\/LogoSysmatec.jpg\",\"width\":301,\"height\":297,\"caption\":\"Sysmatec\"},\"image\":{\"@id\":\"https:\\\/\\\/sysmatec.ch\\\/de\\\/#\\\/schema\\\/logo\\\/image\\\/\"}}]}<\/script>\n<!-- \/ Yoast SEO plugin. -->","yoast_head_json":{"title":"Mini-Membran-Vakuumpumpe und -Kompressor LABOPORT - Sysmatec","description":"Vakuumpumpe und Membrankompressor. Einkopf f\u00fcr ein Vakuum bis 100 mbar. Funktioniert ohne \u00d6l. Ausf\u00fchrung f\u00fcr korrosive Gase.","robots":{"index":"index","follow":"follow","max-snippet":"max-snippet:-1","max-image-preview":"max-image-preview:large","max-video-preview":"max-video-preview:-1"},"canonical":"https:\/\/sysmatec.ch\/de\/produit\/mini-membran-vakuumpumpe-und-kompressor-laboport-4\/","og_locale":"de_DE","og_type":"article","og_title":"Mini-Membran-Vakuumpumpe und -Kompressor LABOPORT - Sysmatec","og_description":"Vakuumpumpe und Membrankompressor. Einkopf f\u00fcr ein Vakuum bis 100 mbar. Funktioniert ohne \u00d6l. Ausf\u00fchrung f\u00fcr korrosive Gase.","og_url":"https:\/\/sysmatec.ch\/de\/produit\/mini-membran-vakuumpumpe-und-kompressor-laboport-4\/","og_site_name":"Sysmatec","article_modified_time":"2021-12-11T10:10:18+00:00","og_image":[{"width":157,"height":129,"url":"https:\/\/sysmatec.ch\/wp-content\/uploads\/2019\/11\/PompeAVide_KNFLaboportN86.gif","type":"image\/gif"}],"twitter_card":"summary_large_image","twitter_misc":{"Gesch\u00e4tzte Lesezeit":"1\u00a0Minute"},"schema":{"@context":"https:\/\/schema.org","@graph":[{"@type":"WebPage","@id":"https:\/\/sysmatec.ch\/de\/produit\/mini-membran-vakuumpumpe-und-kompressor-laboport-4\/","url":"https:\/\/sysmatec.ch\/de\/produit\/mini-membran-vakuumpumpe-und-kompressor-laboport-4\/","name":"Mini-Membran-Vakuumpumpe und -Kompressor LABOPORT - Sysmatec","isPartOf":{"@id":"https:\/\/sysmatec.ch\/de\/#website"},"primaryImageOfPage":{"@id":"https:\/\/sysmatec.ch\/de\/produit\/mini-membran-vakuumpumpe-und-kompressor-laboport-4\/#primaryimage"},"image":{"@id":"https:\/\/sysmatec.ch\/de\/produit\/mini-membran-vakuumpumpe-und-kompressor-laboport-4\/#primaryimage"},"thumbnailUrl":"https:\/\/sysmatec.ch\/wp-content\/uploads\/2019\/11\/PompeAVide_KNFLaboportN86.gif","datePublished":"2019-11-10T09:49:55+00:00","dateModified":"2021-12-11T10:10:18+00:00","description":"Vakuumpumpe und Membrankompressor. Einkopf f\u00fcr ein Vakuum bis 100 mbar. Funktioniert ohne \u00d6l. Ausf\u00fchrung f\u00fcr korrosive Gase.","breadcrumb":{"@id":"https:\/\/sysmatec.ch\/de\/produit\/mini-membran-vakuumpumpe-und-kompressor-laboport-4\/#breadcrumb"},"inLanguage":"de","potentialAction":[{"@type":"ReadAction","target":["https:\/\/sysmatec.ch\/de\/produit\/mini-membran-vakuumpumpe-und-kompressor-laboport-4\/"]}]},{"@type":"ImageObject","inLanguage":"de","@id":"https:\/\/sysmatec.ch\/de\/produit\/mini-membran-vakuumpumpe-und-kompressor-laboport-4\/#primaryimage","url":"https:\/\/sysmatec.ch\/wp-content\/uploads\/2019\/11\/PompeAVide_KNFLaboportN86.gif","contentUrl":"https:\/\/sysmatec.ch\/wp-content\/uploads\/2019\/11\/PompeAVide_KNFLaboportN86.gif","width":157,"height":129},{"@type":"BreadcrumbList","@id":"https:\/\/sysmatec.ch\/de\/produit\/mini-membran-vakuumpumpe-und-kompressor-laboport-4\/#breadcrumb","itemListElement":[{"@type":"ListItem","position":1,"name":"Accueil","item":"https:\/\/sysmatec.ch\/de\/"},{"@type":"ListItem","position":2,"name":"Die Aktivit\u00e4t von Sysmatec","item":"https:\/\/sysmatec.ch\/de\/"},{"@type":"ListItem","position":3,"name":"Mini-Membran-Vakuumpumpe und -Kompressor LABOPORT"}]},{"@type":"WebSite","@id":"https:\/\/sysmatec.ch\/de\/#website","url":"https:\/\/sysmatec.ch\/de\/","name":"Sysmatec","description":"Equipement de laboratoire et logiciels","publisher":{"@id":"https:\/\/sysmatec.ch\/de\/#organization"},"potentialAction":[{"@type":"SearchAction","target":{"@type":"EntryPoint","urlTemplate":"https:\/\/sysmatec.ch\/de\/?s={search_term_string}"},"query-input":{"@type":"PropertyValueSpecification","valueRequired":true,"valueName":"search_term_string"}}],"inLanguage":"de"},{"@type":"Organization","@id":"https:\/\/sysmatec.ch\/de\/#organization","name":"Sysmatec","url":"https:\/\/sysmatec.ch\/de\/","logo":{"@type":"ImageObject","inLanguage":"de","@id":"https:\/\/sysmatec.ch\/de\/#\/schema\/logo\/image\/","url":"https:\/\/sysmatec.ch\/wp-content\/uploads\/2018\/11\/LogoSysmatec.jpg","contentUrl":"https:\/\/sysmatec.ch\/wp-content\/uploads\/2018\/11\/LogoSysmatec.jpg","width":301,"height":297,"caption":"Sysmatec"},"image":{"@id":"https:\/\/sysmatec.ch\/de\/#\/schema\/logo\/image\/"}}]}},"_links":{"self":[{"href":"https:\/\/sysmatec.ch\/de\/wp-json\/wp\/v2\/product\/13690","targetHints":{"allow":["GET"]}}],"collection":[{"href":"https:\/\/sysmatec.ch\/de\/wp-json\/wp\/v2\/product"}],"about":[{"href":"https:\/\/sysmatec.ch\/de\/wp-json\/wp\/v2\/types\/product"}],"wp:featuredmedia":[{"embeddable":true,"href":"https:\/\/sysmatec.ch\/de\/wp-json\/wp\/v2\/media\/13689"}],"wp:attachment":[{"href":"https:\/\/sysmatec.ch\/de\/wp-json\/wp\/v2\/media?parent=13690"}],"wp:term":[{"taxonomy":"product_brand","embeddable":true,"href":"https:\/\/sysmatec.ch\/de\/wp-json\/wp\/v2\/product_brand?post=13690"},{"taxonomy":"product_cat","embeddable":true,"href":"https:\/\/sysmatec.ch\/de\/wp-json\/wp\/v2\/product_cat?post=13690"},{"taxonomy":"product_tag","embeddable":true,"href":"https:\/\/sysmatec.ch\/de\/wp-json\/wp\/v2\/product_tag?post=13690"}],"curies":[{"name":"wp","href":"https:\/\/api.w.org\/{rel}","templated":true}]}}