{"id":13685,"date":"2019-11-10T10:37:54","date_gmt":"2019-11-10T09:42:25","guid":{"rendered":"https:\/\/sysmatec.ch\/?post_type=product&#038;p=13685"},"modified":"2021-12-11T11:25:14","modified_gmt":"2021-12-11T10:25:14","slug":"spritzenpumpe-vitfit","status":"publish","type":"product","link":"https:\/\/sysmatec.ch\/de\/Produkt\/spritzenpumpe-vitfit\/","title":{"rendered":"Spritzenpumpe VitFit"},"content":{"rendered":"<p>Flexibles Befestigungssystem f\u00fcr praktisch alle Spritzen des Marktes. Ein spezieller Adapter ist somit nicht n\u00f6tig.<\/p>\n<h2>Beschreibung der Spritzenpumpe<\/h2>\n<ul>\n<li type=\"disc\">Das Einsetzen der Spritzen in die Spritzenpumpe ist einfach. Die Spritze ist sicher arretiert.<\/li>\n<li type=\"disc\">Grosse Durchflussgenauigkeit<\/li>\n<li type=\"disc\">Programmierbar (99 Schritte)<\/li>\n<li type=\"disc\">Fern\u00fcberwachung (f\u00fcr Regler oder Rechner): geschlossener Kontakt, 0-10 V, Option RS485 (Steuerung mit den Programmen <a href=\"https:\/\/sysmatec.ch\/German\/dG1_Siam.html\">Siam<\/a> oder <a href=\"https:\/\/sysmatec.ch\/German\/dG9_PNet.html\">PNet<\/a>).<\/li>\n<li type=\"disc\">2 Versionen: standard oder HP (Hochdruck)<\/li>\n<\/ul>\n<h2>Spezifikationen der Spritzenpumpe<\/h2>\n<table border=\"1\" width=\"100%\" cellspacing=\"0\" cellpadding=\"2\">\n<tbody>\n<tr>\n<td valign=\"top\">Bewegung<\/td>\n<td>bidirektional<\/td>\n<\/tr>\n<tr>\n<td valign=\"top\">Programmierung<\/td>\n<td>99 Schritte (Zeit und Bewegungsgeschwindigkeit)<\/td>\n<\/tr>\n<tr>\n<td valign=\"top\">Schrittdauer<\/td>\n<td>0 bi 999 Min. in 1 Min. Schritte<\/td>\n<\/tr>\n<tr>\n<td valign=\"top\">Genauigkeit<\/td>\n<td>+\/- 1%<\/td>\n<\/tr>\n<tr>\n<td valign=\"top\">Reproduzierbarkeit<\/td>\n<td>+\/- 0.2 % (elektronisch)<\/td>\n<\/tr>\n<tr>\n<td valign=\"top\">Spritze<\/td>\n<td>Glas, Plastik, Stahl, von 0.5 ul bis 150 ml<\/td>\n<\/tr>\n<tr>\n<td valign=\"top\">Durchfluss<\/td>\n<td>von 0.01 ul\/min. (5 ul Spritze) bis 120 ml\/min. (150 ml Spritze)<\/td>\n<\/tr>\n<tr>\n<td valign=\"top\">Speicher<\/td>\n<td>nicht fl\u00fcchtig f\u00fcr die Programmen<\/td>\n<\/tr>\n<tr>\n<td valign=\"top\">Maximaler Kraft<\/td>\n<td>standard VITFIT: 30 kg oder 8 kg einstellbarVITFIT HP (high pressure): 60 kg oder 16 kg einstellbar<\/td>\n<\/tr>\n<tr>\n<td valign=\"top\">Maximaler Druck<\/td>\n<td>2 MPa mit einer 10 ml Spritze4 MPa mit einer 10 ml Spritze<\/td>\n<\/tr>\n<tr>\n<td valign=\"top\">Motor<\/td>\n<td>ohne Kohle, Neodynium Magnet, durch Mikroprozessor gesteuert<\/td>\n<\/tr>\n<tr>\n<td valign=\"top\">Transmission<\/td>\n<td>lineare Kugellager<\/td>\n<\/tr>\n<tr>\n<td valign=\"top\">Bewegung<\/td>\n<td>120 mm maximal<\/td>\n<\/tr>\n<tr>\n<td valign=\"top\">Geschwindigkeit<\/td>\n<td>0 bis 999, entspricht 0.08 mm\/Min &#8211; 80 mm\/Min<\/td>\n<\/tr>\n<tr>\n<td valign=\"top\">Externe Steuerung<\/td>\n<td>ein\/aus mit geschlossenem Kontakt, 0-10 V f\u00fcr die Geschwindigkeitseinstellung, RS 485 (Option)<\/td>\n<\/tr>\n<tr>\n<td valign=\"top\">Stromspeisung<\/td>\n<td>12 V DC, Netzteil 230 V \/ AC 50 &#8211; 60 Hz, Batterie<\/td>\n<\/tr>\n<tr>\n<td valign=\"top\">Masse<\/td>\n<td>12.5 \u00d7 26.5 \u00d7 13 cm (H \u00d7 B \u00d7 T)<\/td>\n<\/tr>\n<tr>\n<td valign=\"top\">Gewicht<\/td>\n<td>3.5 kg<\/td>\n<\/tr>\n<\/tbody>\n<\/table>\n","protected":false},"excerpt":{"rendered":"<p>Spritzenpumpe<\/p>\n","protected":false},"featured_media":13684,"template":"","meta":{"_crdt_document":""},"product_brand":[],"product_cat":[98,99],"product_tag":[],"class_list":{"0":"post-13685","1":"product","2":"type-product","3":"status-publish","4":"has-post-thumbnail","6":"product_cat-peristaltisch","7":"product_cat-pumpe","9":"first","10":"instock","11":"taxable","12":"shipping-taxable","13":"product-type-simple"},"yoast_head":"<!-- This site is optimized with the Yoast SEO plugin v27.4 - https:\/\/yoast.com\/product\/yoast-seo-wordpress\/ -->\n<title>Spritzenpumpe VitFit - Sysmatec<\/title>\n<meta name=\"description\" content=\"Laborspritzenpumpe, zum F\u00f6rdern von Fl\u00fcssigkeiten oder Gasen mit sehr geringem Durchfluss. Funktioniert in Saug- und F\u00f6rdertechnik.\" \/>\n<meta name=\"robots\" content=\"index, follow, max-snippet:-1, max-image-preview:large, max-video-preview:-1\" \/>\n<link rel=\"canonical\" href=\"https:\/\/sysmatec.ch\/de\/produit\/spritzenpumpe-vitfit\/\" \/>\n<meta property=\"og:locale\" content=\"de_DE\" \/>\n<meta property=\"og:type\" content=\"article\" \/>\n<meta property=\"og:title\" content=\"Spritzenpumpe VitFit - Sysmatec\" \/>\n<meta property=\"og:description\" content=\"Laborspritzenpumpe, zum F\u00f6rdern von Fl\u00fcssigkeiten oder Gasen mit sehr geringem Durchfluss. Funktioniert in Saug- und F\u00f6rdertechnik.\" \/>\n<meta property=\"og:url\" content=\"https:\/\/sysmatec.ch\/de\/produit\/spritzenpumpe-vitfit\/\" \/>\n<meta property=\"og:site_name\" content=\"Sysmatec\" \/>\n<meta property=\"article:modified_time\" content=\"2021-12-11T10:25:14+00:00\" \/>\n<meta property=\"og:image\" content=\"https:\/\/sysmatec.ch\/wp-content\/uploads\/2019\/11\/PousseSeringueVitift.gif\" \/>\n\t<meta property=\"og:image:width\" content=\"158\" \/>\n\t<meta property=\"og:image:height\" content=\"123\" \/>\n\t<meta property=\"og:image:type\" content=\"image\/gif\" \/>\n<meta name=\"twitter:card\" content=\"summary_large_image\" \/>\n<meta name=\"twitter:label1\" content=\"Gesch\u00e4tzte Lesezeit\" \/>\n\t<meta name=\"twitter:data1\" content=\"1\u00a0Minute\" \/>\n<script type=\"application\/ld+json\" class=\"yoast-schema-graph\">{\"@context\":\"https:\\\/\\\/schema.org\",\"@graph\":[{\"@type\":\"WebPage\",\"@id\":\"https:\\\/\\\/sysmatec.ch\\\/de\\\/produit\\\/spritzenpumpe-vitfit\\\/\",\"url\":\"https:\\\/\\\/sysmatec.ch\\\/de\\\/produit\\\/spritzenpumpe-vitfit\\\/\",\"name\":\"Spritzenpumpe VitFit - Sysmatec\",\"isPartOf\":{\"@id\":\"https:\\\/\\\/sysmatec.ch\\\/de\\\/#website\"},\"primaryImageOfPage\":{\"@id\":\"https:\\\/\\\/sysmatec.ch\\\/de\\\/produit\\\/spritzenpumpe-vitfit\\\/#primaryimage\"},\"image\":{\"@id\":\"https:\\\/\\\/sysmatec.ch\\\/de\\\/produit\\\/spritzenpumpe-vitfit\\\/#primaryimage\"},\"thumbnailUrl\":\"https:\\\/\\\/sysmatec.ch\\\/wp-content\\\/uploads\\\/2019\\\/11\\\/PousseSeringueVitift.gif\",\"datePublished\":\"2019-11-10T09:42:25+00:00\",\"dateModified\":\"2021-12-11T10:25:14+00:00\",\"description\":\"Laborspritzenpumpe, zum F\u00f6rdern von Fl\u00fcssigkeiten oder Gasen mit sehr geringem Durchfluss. Funktioniert in Saug- und F\u00f6rdertechnik.\",\"breadcrumb\":{\"@id\":\"https:\\\/\\\/sysmatec.ch\\\/de\\\/produit\\\/spritzenpumpe-vitfit\\\/#breadcrumb\"},\"inLanguage\":\"de\",\"potentialAction\":[{\"@type\":\"ReadAction\",\"target\":[\"https:\\\/\\\/sysmatec.ch\\\/de\\\/produit\\\/spritzenpumpe-vitfit\\\/\"]}]},{\"@type\":\"ImageObject\",\"inLanguage\":\"de\",\"@id\":\"https:\\\/\\\/sysmatec.ch\\\/de\\\/produit\\\/spritzenpumpe-vitfit\\\/#primaryimage\",\"url\":\"https:\\\/\\\/sysmatec.ch\\\/wp-content\\\/uploads\\\/2019\\\/11\\\/PousseSeringueVitift.gif\",\"contentUrl\":\"https:\\\/\\\/sysmatec.ch\\\/wp-content\\\/uploads\\\/2019\\\/11\\\/PousseSeringueVitift.gif\",\"width\":158,\"height\":123},{\"@type\":\"BreadcrumbList\",\"@id\":\"https:\\\/\\\/sysmatec.ch\\\/de\\\/produit\\\/spritzenpumpe-vitfit\\\/#breadcrumb\",\"itemListElement\":[{\"@type\":\"ListItem\",\"position\":1,\"name\":\"Accueil\",\"item\":\"https:\\\/\\\/sysmatec.ch\\\/de\\\/\"},{\"@type\":\"ListItem\",\"position\":2,\"name\":\"Die Aktivit\u00e4t von Sysmatec\",\"item\":\"https:\\\/\\\/sysmatec.ch\\\/de\\\/\"},{\"@type\":\"ListItem\",\"position\":3,\"name\":\"Spritzenpumpe VitFit\"}]},{\"@type\":\"WebSite\",\"@id\":\"https:\\\/\\\/sysmatec.ch\\\/de\\\/#website\",\"url\":\"https:\\\/\\\/sysmatec.ch\\\/de\\\/\",\"name\":\"Sysmatec\",\"description\":\"Equipement de laboratoire et logiciels\",\"publisher\":{\"@id\":\"https:\\\/\\\/sysmatec.ch\\\/de\\\/#organization\"},\"potentialAction\":[{\"@type\":\"SearchAction\",\"target\":{\"@type\":\"EntryPoint\",\"urlTemplate\":\"https:\\\/\\\/sysmatec.ch\\\/de\\\/?s={search_term_string}\"},\"query-input\":{\"@type\":\"PropertyValueSpecification\",\"valueRequired\":true,\"valueName\":\"search_term_string\"}}],\"inLanguage\":\"de\"},{\"@type\":\"Organization\",\"@id\":\"https:\\\/\\\/sysmatec.ch\\\/de\\\/#organization\",\"name\":\"Sysmatec\",\"url\":\"https:\\\/\\\/sysmatec.ch\\\/de\\\/\",\"logo\":{\"@type\":\"ImageObject\",\"inLanguage\":\"de\",\"@id\":\"https:\\\/\\\/sysmatec.ch\\\/de\\\/#\\\/schema\\\/logo\\\/image\\\/\",\"url\":\"https:\\\/\\\/sysmatec.ch\\\/wp-content\\\/uploads\\\/2018\\\/11\\\/LogoSysmatec.jpg\",\"contentUrl\":\"https:\\\/\\\/sysmatec.ch\\\/wp-content\\\/uploads\\\/2018\\\/11\\\/LogoSysmatec.jpg\",\"width\":301,\"height\":297,\"caption\":\"Sysmatec\"},\"image\":{\"@id\":\"https:\\\/\\\/sysmatec.ch\\\/de\\\/#\\\/schema\\\/logo\\\/image\\\/\"}}]}<\/script>\n<!-- \/ Yoast SEO plugin. -->","yoast_head_json":{"title":"Spritzenpumpe VitFit - Sysmatec","description":"Laborspritzenpumpe, zum F\u00f6rdern von Fl\u00fcssigkeiten oder Gasen mit sehr geringem Durchfluss. Funktioniert in Saug- und F\u00f6rdertechnik.","robots":{"index":"index","follow":"follow","max-snippet":"max-snippet:-1","max-image-preview":"max-image-preview:large","max-video-preview":"max-video-preview:-1"},"canonical":"https:\/\/sysmatec.ch\/de\/produit\/spritzenpumpe-vitfit\/","og_locale":"de_DE","og_type":"article","og_title":"Spritzenpumpe VitFit - Sysmatec","og_description":"Laborspritzenpumpe, zum F\u00f6rdern von Fl\u00fcssigkeiten oder Gasen mit sehr geringem Durchfluss. Funktioniert in Saug- und F\u00f6rdertechnik.","og_url":"https:\/\/sysmatec.ch\/de\/produit\/spritzenpumpe-vitfit\/","og_site_name":"Sysmatec","article_modified_time":"2021-12-11T10:25:14+00:00","og_image":[{"width":158,"height":123,"url":"https:\/\/sysmatec.ch\/wp-content\/uploads\/2019\/11\/PousseSeringueVitift.gif","type":"image\/gif"}],"twitter_card":"summary_large_image","twitter_misc":{"Gesch\u00e4tzte Lesezeit":"1\u00a0Minute"},"schema":{"@context":"https:\/\/schema.org","@graph":[{"@type":"WebPage","@id":"https:\/\/sysmatec.ch\/de\/produit\/spritzenpumpe-vitfit\/","url":"https:\/\/sysmatec.ch\/de\/produit\/spritzenpumpe-vitfit\/","name":"Spritzenpumpe VitFit - Sysmatec","isPartOf":{"@id":"https:\/\/sysmatec.ch\/de\/#website"},"primaryImageOfPage":{"@id":"https:\/\/sysmatec.ch\/de\/produit\/spritzenpumpe-vitfit\/#primaryimage"},"image":{"@id":"https:\/\/sysmatec.ch\/de\/produit\/spritzenpumpe-vitfit\/#primaryimage"},"thumbnailUrl":"https:\/\/sysmatec.ch\/wp-content\/uploads\/2019\/11\/PousseSeringueVitift.gif","datePublished":"2019-11-10T09:42:25+00:00","dateModified":"2021-12-11T10:25:14+00:00","description":"Laborspritzenpumpe, zum F\u00f6rdern von Fl\u00fcssigkeiten oder Gasen mit sehr geringem Durchfluss. Funktioniert in Saug- und F\u00f6rdertechnik.","breadcrumb":{"@id":"https:\/\/sysmatec.ch\/de\/produit\/spritzenpumpe-vitfit\/#breadcrumb"},"inLanguage":"de","potentialAction":[{"@type":"ReadAction","target":["https:\/\/sysmatec.ch\/de\/produit\/spritzenpumpe-vitfit\/"]}]},{"@type":"ImageObject","inLanguage":"de","@id":"https:\/\/sysmatec.ch\/de\/produit\/spritzenpumpe-vitfit\/#primaryimage","url":"https:\/\/sysmatec.ch\/wp-content\/uploads\/2019\/11\/PousseSeringueVitift.gif","contentUrl":"https:\/\/sysmatec.ch\/wp-content\/uploads\/2019\/11\/PousseSeringueVitift.gif","width":158,"height":123},{"@type":"BreadcrumbList","@id":"https:\/\/sysmatec.ch\/de\/produit\/spritzenpumpe-vitfit\/#breadcrumb","itemListElement":[{"@type":"ListItem","position":1,"name":"Accueil","item":"https:\/\/sysmatec.ch\/de\/"},{"@type":"ListItem","position":2,"name":"Die Aktivit\u00e4t von Sysmatec","item":"https:\/\/sysmatec.ch\/de\/"},{"@type":"ListItem","position":3,"name":"Spritzenpumpe VitFit"}]},{"@type":"WebSite","@id":"https:\/\/sysmatec.ch\/de\/#website","url":"https:\/\/sysmatec.ch\/de\/","name":"Sysmatec","description":"Equipement de laboratoire et logiciels","publisher":{"@id":"https:\/\/sysmatec.ch\/de\/#organization"},"potentialAction":[{"@type":"SearchAction","target":{"@type":"EntryPoint","urlTemplate":"https:\/\/sysmatec.ch\/de\/?s={search_term_string}"},"query-input":{"@type":"PropertyValueSpecification","valueRequired":true,"valueName":"search_term_string"}}],"inLanguage":"de"},{"@type":"Organization","@id":"https:\/\/sysmatec.ch\/de\/#organization","name":"Sysmatec","url":"https:\/\/sysmatec.ch\/de\/","logo":{"@type":"ImageObject","inLanguage":"de","@id":"https:\/\/sysmatec.ch\/de\/#\/schema\/logo\/image\/","url":"https:\/\/sysmatec.ch\/wp-content\/uploads\/2018\/11\/LogoSysmatec.jpg","contentUrl":"https:\/\/sysmatec.ch\/wp-content\/uploads\/2018\/11\/LogoSysmatec.jpg","width":301,"height":297,"caption":"Sysmatec"},"image":{"@id":"https:\/\/sysmatec.ch\/de\/#\/schema\/logo\/image\/"}}]}},"_links":{"self":[{"href":"https:\/\/sysmatec.ch\/de\/wp-json\/wp\/v2\/product\/13685","targetHints":{"allow":["GET"]}}],"collection":[{"href":"https:\/\/sysmatec.ch\/de\/wp-json\/wp\/v2\/product"}],"about":[{"href":"https:\/\/sysmatec.ch\/de\/wp-json\/wp\/v2\/types\/product"}],"wp:featuredmedia":[{"embeddable":true,"href":"https:\/\/sysmatec.ch\/de\/wp-json\/wp\/v2\/media\/13684"}],"wp:attachment":[{"href":"https:\/\/sysmatec.ch\/de\/wp-json\/wp\/v2\/media?parent=13685"}],"wp:term":[{"taxonomy":"product_brand","embeddable":true,"href":"https:\/\/sysmatec.ch\/de\/wp-json\/wp\/v2\/product_brand?post=13685"},{"taxonomy":"product_cat","embeddable":true,"href":"https:\/\/sysmatec.ch\/de\/wp-json\/wp\/v2\/product_cat?post=13685"},{"taxonomy":"product_tag","embeddable":true,"href":"https:\/\/sysmatec.ch\/de\/wp-json\/wp\/v2\/product_tag?post=13685"}],"curies":[{"name":"wp","href":"https:\/\/api.w.org\/{rel}","templated":true}]}}