{"id":13674,"date":"2019-11-08T22:15:14","date_gmt":"2019-11-08T21:16:12","guid":{"rendered":"https:\/\/sysmatec.ch\/?post_type=product&#038;p=13674"},"modified":"2021-12-11T11:41:21","modified_gmt":"2021-12-11T10:41:21","slug":"pulverpumpe-doser","status":"publish","type":"product","link":"https:\/\/sysmatec.ch\/de\/Produkt\/pulverpumpe-doser\/","title":{"rendered":"Pulverpumpe Doser"},"content":{"rendered":"<p>Erlaubt die Kontrolle von chemischen Reaktionen dank seiner Fern\u00fcberwachungsm\u00f6glichkeit (geschlossener Kontakt, 0-10 V, Option RS485).<\/p>\n<h2>Pulverpumpe\u00a0 Beschreibung<\/h2>\n<p>Ist einfach auseinander zu nehmen und zusammen zu setzen.<\/p>\n<p>Kann auch mit einem leichtem Unterdruck oder \u00dcberdruck benutzt werden.<\/p>\n<p>Betrieb unter Inertgas ist m\u00f6glich, wie es f\u00fcr bestimmte Pulver notwendig sein kann.<\/p>\n<p>Bietet die M\u00f6glichkeit, die zudosierte Gesamt-Pulvermenge mit dem Integrator zu erfassen (s. <a href=\"https:\/\/sysmatec.ch\/German\/dA3_Integrator.html\">INTEGRATOR<\/a>).<\/p>\n<p>Er kann an einen <a href=\"https:\/\/sysmatec.ch\/German\/dE4_Labor_Regler.html\">Regler<\/a>, z. B. f\u00fcr pH Regelung, oder an einen Computer mit dem Programm <a href=\"https:\/\/sysmatec.ch\/German\/dG1_Siam.html\">Siam<\/a> angeschlossen werden.<\/p>\n<h2>Pulverpumpe Remote Kontrol<\/h2>\n<p><a href=\"https:\/\/sysmatec.ch\/German\/dE6_Automation.html\">Externe Steuerung<\/a> der Rotationsgeschwindigkeit (Durchfluss) durch einen 0-10 V (oder 0-20 mA) Signal, oder Ein\/Aus durch spannungslosen Kontakt ist m\u00f6glich. Als option kann eine RS232 oder RS485 Schnittstelle f\u00fcr direkte Kommunikation mit einem Compputer eingebaut werden. Die Pumpe kann dann mit einem Regler verbunden werden, um zum Beispiel eine pH Regelung mit S\u00e4u durchzuf\u00fchren. Sie kann auch an einem Computer \u00fcber die Programme <a href=\"https:\/\/sysmatec.ch\/German\/dG1_Siam.html\">Siam<\/a> und <a href=\"https:\/\/sysmatec.ch\/German\/dG9_PNet.html\">PNet<\/a> angeschlossen werden.<\/p>\n<h2>Spezifikation der Pulverpumpe<\/h2>\n<table border=\"1\" width=\"100%\" cellspacing=\"0\" cellpadding=\"2\">\n<tbody>\n<tr>\n<td>Durchfluss<\/td>\n<td>50 mg\/min bis 50 g\/min (NaCl)<\/td>\n<\/tr>\n<tr>\n<td>Pulvermenge<\/td>\n<td>ca. 200 ml (\u00c4quivalent zu 250 g NaCl) und ca 1000 ml<\/td>\n<\/tr>\n<tr>\n<td>Stromspeisung<\/td>\n<td>12 V DC, Netzteil 230 V \/ AC 50 &#8211; 60 Hz, oder Batterie<\/td>\n<\/tr>\n<tr>\n<td>Garantie<\/td>\n<td>2 Jahre<\/td>\n<\/tr>\n<\/tbody>\n<\/table>\n","protected":false},"excerpt":{"rendered":"<p>Pulverpumpe<\/p>\n","protected":false},"featured_media":13673,"template":"","meta":{"_crdt_document":""},"product_brand":[],"product_cat":[98,99],"product_tag":[],"class_list":{"0":"post-13674","1":"product","2":"type-product","3":"status-publish","4":"has-post-thumbnail","6":"product_cat-peristaltisch","7":"product_cat-pumpe","9":"first","10":"instock","11":"taxable","12":"shipping-taxable","13":"product-type-simple"},"yoast_head":"<!-- This site is optimized with the Yoast SEO plugin v27.4 - https:\/\/yoast.com\/product\/yoast-seo-wordpress\/ -->\n<title>Pulverpumpe Doser - Sysmatec<\/title>\n<meta name=\"description\" content=\"Pulverpumpe zum Hinzuf\u00fcgen von Pulver in einen Beh\u00e4lter mit variablem Durchfluss. M\u00f6glichkeit der externen Steuerung.\" \/>\n<meta name=\"robots\" content=\"index, follow, max-snippet:-1, max-image-preview:large, max-video-preview:-1\" \/>\n<link rel=\"canonical\" href=\"https:\/\/sysmatec.ch\/de\/produit\/pulverpumpe-doser\/\" \/>\n<meta property=\"og:locale\" content=\"de_DE\" \/>\n<meta property=\"og:type\" content=\"article\" \/>\n<meta property=\"og:title\" content=\"Pulverpumpe Doser - Sysmatec\" \/>\n<meta property=\"og:description\" content=\"Pulverpumpe zum Hinzuf\u00fcgen von Pulver in einen Beh\u00e4lter mit variablem Durchfluss. M\u00f6glichkeit der externen Steuerung.\" \/>\n<meta property=\"og:url\" content=\"https:\/\/sysmatec.ch\/de\/produit\/pulverpumpe-doser\/\" \/>\n<meta property=\"og:site_name\" content=\"Sysmatec\" \/>\n<meta property=\"article:modified_time\" content=\"2021-12-11T10:41:21+00:00\" \/>\n<meta property=\"og:image\" content=\"https:\/\/sysmatec.ch\/wp-content\/uploads\/2019\/11\/DOSER.jpg\" \/>\n\t<meta property=\"og:image:width\" content=\"100\" \/>\n\t<meta property=\"og:image:height\" content=\"303\" \/>\n\t<meta property=\"og:image:type\" content=\"image\/jpeg\" \/>\n<meta name=\"twitter:card\" content=\"summary_large_image\" \/>\n<meta name=\"twitter:label1\" content=\"Gesch\u00e4tzte Lesezeit\" \/>\n\t<meta name=\"twitter:data1\" content=\"1\u00a0Minute\" \/>\n<script type=\"application\/ld+json\" class=\"yoast-schema-graph\">{\"@context\":\"https:\\\/\\\/schema.org\",\"@graph\":[{\"@type\":\"WebPage\",\"@id\":\"https:\\\/\\\/sysmatec.ch\\\/de\\\/produit\\\/pulverpumpe-doser\\\/\",\"url\":\"https:\\\/\\\/sysmatec.ch\\\/de\\\/produit\\\/pulverpumpe-doser\\\/\",\"name\":\"Pulverpumpe Doser - Sysmatec\",\"isPartOf\":{\"@id\":\"https:\\\/\\\/sysmatec.ch\\\/de\\\/#website\"},\"primaryImageOfPage\":{\"@id\":\"https:\\\/\\\/sysmatec.ch\\\/de\\\/produit\\\/pulverpumpe-doser\\\/#primaryimage\"},\"image\":{\"@id\":\"https:\\\/\\\/sysmatec.ch\\\/de\\\/produit\\\/pulverpumpe-doser\\\/#primaryimage\"},\"thumbnailUrl\":\"https:\\\/\\\/sysmatec.ch\\\/wp-content\\\/uploads\\\/2019\\\/11\\\/DOSER.jpg\",\"datePublished\":\"2019-11-08T21:16:12+00:00\",\"dateModified\":\"2021-12-11T10:41:21+00:00\",\"description\":\"Pulverpumpe zum Hinzuf\u00fcgen von Pulver in einen Beh\u00e4lter mit variablem Durchfluss. M\u00f6glichkeit der externen Steuerung.\",\"breadcrumb\":{\"@id\":\"https:\\\/\\\/sysmatec.ch\\\/de\\\/produit\\\/pulverpumpe-doser\\\/#breadcrumb\"},\"inLanguage\":\"de\",\"potentialAction\":[{\"@type\":\"ReadAction\",\"target\":[\"https:\\\/\\\/sysmatec.ch\\\/de\\\/produit\\\/pulverpumpe-doser\\\/\"]}]},{\"@type\":\"ImageObject\",\"inLanguage\":\"de\",\"@id\":\"https:\\\/\\\/sysmatec.ch\\\/de\\\/produit\\\/pulverpumpe-doser\\\/#primaryimage\",\"url\":\"https:\\\/\\\/sysmatec.ch\\\/wp-content\\\/uploads\\\/2019\\\/11\\\/DOSER.jpg\",\"contentUrl\":\"https:\\\/\\\/sysmatec.ch\\\/wp-content\\\/uploads\\\/2019\\\/11\\\/DOSER.jpg\",\"width\":100,\"height\":303},{\"@type\":\"BreadcrumbList\",\"@id\":\"https:\\\/\\\/sysmatec.ch\\\/de\\\/produit\\\/pulverpumpe-doser\\\/#breadcrumb\",\"itemListElement\":[{\"@type\":\"ListItem\",\"position\":1,\"name\":\"Accueil\",\"item\":\"https:\\\/\\\/sysmatec.ch\\\/de\\\/\"},{\"@type\":\"ListItem\",\"position\":2,\"name\":\"Die Aktivit\u00e4t von Sysmatec\",\"item\":\"https:\\\/\\\/sysmatec.ch\\\/de\\\/\"},{\"@type\":\"ListItem\",\"position\":3,\"name\":\"Pulverpumpe Doser\"}]},{\"@type\":\"WebSite\",\"@id\":\"https:\\\/\\\/sysmatec.ch\\\/de\\\/#website\",\"url\":\"https:\\\/\\\/sysmatec.ch\\\/de\\\/\",\"name\":\"Sysmatec\",\"description\":\"Equipement de laboratoire et logiciels\",\"publisher\":{\"@id\":\"https:\\\/\\\/sysmatec.ch\\\/de\\\/#organization\"},\"potentialAction\":[{\"@type\":\"SearchAction\",\"target\":{\"@type\":\"EntryPoint\",\"urlTemplate\":\"https:\\\/\\\/sysmatec.ch\\\/de\\\/?s={search_term_string}\"},\"query-input\":{\"@type\":\"PropertyValueSpecification\",\"valueRequired\":true,\"valueName\":\"search_term_string\"}}],\"inLanguage\":\"de\"},{\"@type\":\"Organization\",\"@id\":\"https:\\\/\\\/sysmatec.ch\\\/de\\\/#organization\",\"name\":\"Sysmatec\",\"url\":\"https:\\\/\\\/sysmatec.ch\\\/de\\\/\",\"logo\":{\"@type\":\"ImageObject\",\"inLanguage\":\"de\",\"@id\":\"https:\\\/\\\/sysmatec.ch\\\/de\\\/#\\\/schema\\\/logo\\\/image\\\/\",\"url\":\"https:\\\/\\\/sysmatec.ch\\\/wp-content\\\/uploads\\\/2018\\\/11\\\/LogoSysmatec.jpg\",\"contentUrl\":\"https:\\\/\\\/sysmatec.ch\\\/wp-content\\\/uploads\\\/2018\\\/11\\\/LogoSysmatec.jpg\",\"width\":301,\"height\":297,\"caption\":\"Sysmatec\"},\"image\":{\"@id\":\"https:\\\/\\\/sysmatec.ch\\\/de\\\/#\\\/schema\\\/logo\\\/image\\\/\"}}]}<\/script>\n<!-- \/ Yoast SEO plugin. -->","yoast_head_json":{"title":"Pulverpumpe Doser - Sysmatec","description":"Pulverpumpe zum Hinzuf\u00fcgen von Pulver in einen Beh\u00e4lter mit variablem Durchfluss. M\u00f6glichkeit der externen Steuerung.","robots":{"index":"index","follow":"follow","max-snippet":"max-snippet:-1","max-image-preview":"max-image-preview:large","max-video-preview":"max-video-preview:-1"},"canonical":"https:\/\/sysmatec.ch\/de\/produit\/pulverpumpe-doser\/","og_locale":"de_DE","og_type":"article","og_title":"Pulverpumpe Doser - Sysmatec","og_description":"Pulverpumpe zum Hinzuf\u00fcgen von Pulver in einen Beh\u00e4lter mit variablem Durchfluss. M\u00f6glichkeit der externen Steuerung.","og_url":"https:\/\/sysmatec.ch\/de\/produit\/pulverpumpe-doser\/","og_site_name":"Sysmatec","article_modified_time":"2021-12-11T10:41:21+00:00","og_image":[{"width":100,"height":303,"url":"https:\/\/sysmatec.ch\/wp-content\/uploads\/2019\/11\/DOSER.jpg","type":"image\/jpeg"}],"twitter_card":"summary_large_image","twitter_misc":{"Gesch\u00e4tzte Lesezeit":"1\u00a0Minute"},"schema":{"@context":"https:\/\/schema.org","@graph":[{"@type":"WebPage","@id":"https:\/\/sysmatec.ch\/de\/produit\/pulverpumpe-doser\/","url":"https:\/\/sysmatec.ch\/de\/produit\/pulverpumpe-doser\/","name":"Pulverpumpe Doser - Sysmatec","isPartOf":{"@id":"https:\/\/sysmatec.ch\/de\/#website"},"primaryImageOfPage":{"@id":"https:\/\/sysmatec.ch\/de\/produit\/pulverpumpe-doser\/#primaryimage"},"image":{"@id":"https:\/\/sysmatec.ch\/de\/produit\/pulverpumpe-doser\/#primaryimage"},"thumbnailUrl":"https:\/\/sysmatec.ch\/wp-content\/uploads\/2019\/11\/DOSER.jpg","datePublished":"2019-11-08T21:16:12+00:00","dateModified":"2021-12-11T10:41:21+00:00","description":"Pulverpumpe zum Hinzuf\u00fcgen von Pulver in einen Beh\u00e4lter mit variablem Durchfluss. M\u00f6glichkeit der externen Steuerung.","breadcrumb":{"@id":"https:\/\/sysmatec.ch\/de\/produit\/pulverpumpe-doser\/#breadcrumb"},"inLanguage":"de","potentialAction":[{"@type":"ReadAction","target":["https:\/\/sysmatec.ch\/de\/produit\/pulverpumpe-doser\/"]}]},{"@type":"ImageObject","inLanguage":"de","@id":"https:\/\/sysmatec.ch\/de\/produit\/pulverpumpe-doser\/#primaryimage","url":"https:\/\/sysmatec.ch\/wp-content\/uploads\/2019\/11\/DOSER.jpg","contentUrl":"https:\/\/sysmatec.ch\/wp-content\/uploads\/2019\/11\/DOSER.jpg","width":100,"height":303},{"@type":"BreadcrumbList","@id":"https:\/\/sysmatec.ch\/de\/produit\/pulverpumpe-doser\/#breadcrumb","itemListElement":[{"@type":"ListItem","position":1,"name":"Accueil","item":"https:\/\/sysmatec.ch\/de\/"},{"@type":"ListItem","position":2,"name":"Die Aktivit\u00e4t von Sysmatec","item":"https:\/\/sysmatec.ch\/de\/"},{"@type":"ListItem","position":3,"name":"Pulverpumpe Doser"}]},{"@type":"WebSite","@id":"https:\/\/sysmatec.ch\/de\/#website","url":"https:\/\/sysmatec.ch\/de\/","name":"Sysmatec","description":"Equipement de laboratoire et logiciels","publisher":{"@id":"https:\/\/sysmatec.ch\/de\/#organization"},"potentialAction":[{"@type":"SearchAction","target":{"@type":"EntryPoint","urlTemplate":"https:\/\/sysmatec.ch\/de\/?s={search_term_string}"},"query-input":{"@type":"PropertyValueSpecification","valueRequired":true,"valueName":"search_term_string"}}],"inLanguage":"de"},{"@type":"Organization","@id":"https:\/\/sysmatec.ch\/de\/#organization","name":"Sysmatec","url":"https:\/\/sysmatec.ch\/de\/","logo":{"@type":"ImageObject","inLanguage":"de","@id":"https:\/\/sysmatec.ch\/de\/#\/schema\/logo\/image\/","url":"https:\/\/sysmatec.ch\/wp-content\/uploads\/2018\/11\/LogoSysmatec.jpg","contentUrl":"https:\/\/sysmatec.ch\/wp-content\/uploads\/2018\/11\/LogoSysmatec.jpg","width":301,"height":297,"caption":"Sysmatec"},"image":{"@id":"https:\/\/sysmatec.ch\/de\/#\/schema\/logo\/image\/"}}]}},"_links":{"self":[{"href":"https:\/\/sysmatec.ch\/de\/wp-json\/wp\/v2\/product\/13674","targetHints":{"allow":["GET"]}}],"collection":[{"href":"https:\/\/sysmatec.ch\/de\/wp-json\/wp\/v2\/product"}],"about":[{"href":"https:\/\/sysmatec.ch\/de\/wp-json\/wp\/v2\/types\/product"}],"wp:featuredmedia":[{"embeddable":true,"href":"https:\/\/sysmatec.ch\/de\/wp-json\/wp\/v2\/media\/13673"}],"wp:attachment":[{"href":"https:\/\/sysmatec.ch\/de\/wp-json\/wp\/v2\/media?parent=13674"}],"wp:term":[{"taxonomy":"product_brand","embeddable":true,"href":"https:\/\/sysmatec.ch\/de\/wp-json\/wp\/v2\/product_brand?post=13674"},{"taxonomy":"product_cat","embeddable":true,"href":"https:\/\/sysmatec.ch\/de\/wp-json\/wp\/v2\/product_cat?post=13674"},{"taxonomy":"product_tag","embeddable":true,"href":"https:\/\/sysmatec.ch\/de\/wp-json\/wp\/v2\/product_tag?post=13674"}],"curies":[{"name":"wp","href":"https:\/\/api.w.org\/{rel}","templated":true}]}}