{"id":13664,"date":"2019-11-08T21:07:36","date_gmt":"2019-11-08T20:09:01","guid":{"rendered":"https:\/\/sysmatec.ch\/?post_type=product&#038;p=13664"},"modified":"2021-12-11T14:01:46","modified_gmt":"2021-12-11T13:01:46","slug":"mehrkanal-peristaltische-pumpe-ipump2l-dg","status":"publish","type":"product","link":"https:\/\/sysmatec.ch\/de\/Produkt\/mehrkanal-peristaltische-pumpe-ipump2l-dg\/","title":{"rendered":"Mehrkanal peristaltische Pumpe iPump2L + DG"},"content":{"rendered":"<h2>Eigenschaften der Mehrkanal peristaltische Pumpe<\/h2>\n<ul>\n<li type=\"disc\">4 bis 6 Kan\u00e4le<\/li>\n<li type=\"disc\">Durchflussrate: 0.00001-75.12 ml \/ min, abh\u00e4ngig vom Rohrdurchmesser<\/li>\n<li type=\"disc\">Verwendbare Pumpenk\u00f6pfe: DG-4, DG-6, DG8, DG 12<\/li>\n<li type=\"disc\">Durchfluss- und Drehzahlanzeige<\/li>\n<li type=\"disc\">Durchflussraten-Kalibrierfunktion, Durchflussgenauigkeit \u00b1 0.5%<\/li>\n<li type=\"disc\">3 Modus: Geschwindigkeit, Flussrate, Zeit<\/li>\n<li type=\"disc\">Geschwindigkeit einstellbar (im und gegen den Uhrzeigersinn)<\/li>\n<li type=\"disc\">MAX-Geschwindigkeitstaste, schnelles Bef\u00fcllen und Entleeren des Schlauchs oder zur einfachen Reinigung<\/li>\n<li type=\"disc\">Fu\u00dfschalter zur Auswahl f\u00fcr eine komfortablere Bedienung.<\/li>\n<li type=\"disc\">Schrittmotorantrieb, 128-fache Segmentierung<\/li>\n<li type=\"disc\">Power-Down-Memory-Funktion, Speicherung der Laufparameter automatisch, sicher und zuverl\u00e4ssig.<\/li>\n<li type=\"disc\">Schlauchwandst\u00e4rke: 0.8-1 mm<\/li>\n<li type=\"disc\">Max Schlauch Au\u00dfendurchmesser: 3.17 mm<\/li>\n<li type=\"disc\">Geschwindigkeitsbereich von 0.01 bis 200 U \/ min<\/li>\n<li type=\"disc\">Geschwindigkeitsaufl\u00f6sung 0.01 bis 1 U \/ min<\/li>\n<li type=\"disc\">RS485-Kommunikationsschnittstelle (generisches Modbus-Statut)<\/li>\n<li type=\"disc\">Optionale 0-5 V, 0-10 V, 4-20 mA Eing\u00e4nge<\/li>\n<li type=\"disc\">Stromverbrauch &lt;35W<\/li>\n<li type=\"disc\">Netzteil AC 176-264V, 50Hz \/ 60Hz<\/li>\n<li type=\"disc\">Antriebsma\u00df (L \u00d7 B \u00d7 H): 292 mm \u00d7 208 mm \u00d7 180 mm (ohne den Pumpenkopf)<\/li>\n<li type=\"disc\">Gewicht: 4 kg<\/li>\n<\/ul>\n<table border=\"1\" width=\"582\" cellspacing=\"0\" cellpadding=\"2\">\n<tbody>\n<tr>\n<td>Modell<\/td>\n<td>Rollers<\/td>\n<td>Kan\u00e4le<\/td>\n<td>Flussrate (ml\/min) Abh\u00e4ngig von dem Schlauch<\/td>\n<\/tr>\n<tr>\n<td>iPump2S+DG-4A<\/td>\n<td>6<\/td>\n<td>4<\/td>\n<td>0.00016-75.12<\/td>\n<\/tr>\n<tr>\n<td>iPump2S+DG-4B<\/td>\n<td>10<\/td>\n<td>4<\/td>\n<td>0.0001-54.65<\/td>\n<\/tr>\n<tr>\n<td>iPump2S+DG-6A<\/td>\n<td>6<\/td>\n<td>6<\/td>\n<td>0.00016-75.12<\/td>\n<\/tr>\n<tr>\n<td>iPump2S+DG-6B<\/td>\n<td>10<\/td>\n<td>6<\/td>\n<td>0.0001-54.65<\/td>\n<\/tr>\n<\/tbody>\n<\/table>\n","protected":false},"excerpt":{"rendered":"<p>Mehrkanal peristaltische Pumpe<\/p>\n","protected":false},"featured_media":13662,"template":"","meta":{"_crdt_document":""},"product_brand":[],"product_cat":[98,99],"product_tag":[],"class_list":{"0":"post-13664","1":"product","2":"type-product","3":"status-publish","4":"has-post-thumbnail","6":"product_cat-peristaltisch","7":"product_cat-pumpe","9":"first","10":"instock","11":"taxable","12":"shipping-taxable","13":"product-type-simple"},"yoast_head":"<!-- This site is optimized with the Yoast SEO plugin v27.3 - https:\/\/yoast.com\/product\/yoast-seo-wordpress\/ -->\n<title>Mehrkanal peristaltische Pumpe iPump2L + DG - Sysmatec<\/title>\n<meta name=\"description\" content=\"Mehrkanal peristaltische Pumpe. Der Kopf ist austauschbar. Die Anzahl der Kan\u00e4le kann von 4 bis 6 und Flussraten von 0,1 \u00b5l\/min bis 75 ml\/min variieren.\" \/>\n<meta name=\"robots\" content=\"index, follow, max-snippet:-1, max-image-preview:large, max-video-preview:-1\" \/>\n<link rel=\"canonical\" href=\"https:\/\/sysmatec.ch\/de\/produit\/mehrkanal-peristaltische-pumpe-ipump2l-dg\/\" \/>\n<meta property=\"og:locale\" content=\"de_DE\" \/>\n<meta property=\"og:type\" content=\"article\" \/>\n<meta property=\"og:title\" content=\"Mehrkanal peristaltische Pumpe iPump2L + DG - Sysmatec\" \/>\n<meta property=\"og:description\" content=\"Mehrkanal peristaltische Pumpe. Der Kopf ist austauschbar. Die Anzahl der Kan\u00e4le kann von 4 bis 6 und Flussraten von 0,1 \u00b5l\/min bis 75 ml\/min variieren.\" \/>\n<meta property=\"og:url\" content=\"https:\/\/sysmatec.ch\/de\/produit\/mehrkanal-peristaltische-pumpe-ipump2l-dg\/\" \/>\n<meta property=\"og:site_name\" content=\"Sysmatec\" \/>\n<meta property=\"article:modified_time\" content=\"2021-12-11T13:01:46+00:00\" \/>\n<meta property=\"og:image\" content=\"https:\/\/sysmatec.ch\/wp-content\/uploads\/2019\/11\/SFuild_iPump2SDG6.jpg\" \/>\n\t<meta property=\"og:image:width\" content=\"182\" \/>\n\t<meta property=\"og:image:height\" content=\"145\" \/>\n\t<meta property=\"og:image:type\" content=\"image\/jpeg\" \/>\n<meta name=\"twitter:card\" content=\"summary_large_image\" \/>\n<meta name=\"twitter:label1\" content=\"Gesch\u00e4tzte Lesezeit\" \/>\n\t<meta name=\"twitter:data1\" content=\"1\u00a0Minute\" \/>\n<script type=\"application\/ld+json\" class=\"yoast-schema-graph\">{\"@context\":\"https:\\\/\\\/schema.org\",\"@graph\":[{\"@type\":\"WebPage\",\"@id\":\"https:\\\/\\\/sysmatec.ch\\\/de\\\/produit\\\/mehrkanal-peristaltische-pumpe-ipump2l-dg\\\/\",\"url\":\"https:\\\/\\\/sysmatec.ch\\\/de\\\/produit\\\/mehrkanal-peristaltische-pumpe-ipump2l-dg\\\/\",\"name\":\"Mehrkanal peristaltische Pumpe iPump2L + DG - Sysmatec\",\"isPartOf\":{\"@id\":\"https:\\\/\\\/sysmatec.ch\\\/de\\\/#website\"},\"primaryImageOfPage\":{\"@id\":\"https:\\\/\\\/sysmatec.ch\\\/de\\\/produit\\\/mehrkanal-peristaltische-pumpe-ipump2l-dg\\\/#primaryimage\"},\"image\":{\"@id\":\"https:\\\/\\\/sysmatec.ch\\\/de\\\/produit\\\/mehrkanal-peristaltische-pumpe-ipump2l-dg\\\/#primaryimage\"},\"thumbnailUrl\":\"https:\\\/\\\/sysmatec.ch\\\/wp-content\\\/uploads\\\/2019\\\/11\\\/SFuild_iPump2SDG6.jpg\",\"datePublished\":\"2019-11-08T20:09:01+00:00\",\"dateModified\":\"2021-12-11T13:01:46+00:00\",\"description\":\"Mehrkanal peristaltische Pumpe. Der Kopf ist austauschbar. Die Anzahl der Kan\u00e4le kann von 4 bis 6 und Flussraten von 0,1 \u00b5l\\\/min bis 75 ml\\\/min variieren.\",\"breadcrumb\":{\"@id\":\"https:\\\/\\\/sysmatec.ch\\\/de\\\/produit\\\/mehrkanal-peristaltische-pumpe-ipump2l-dg\\\/#breadcrumb\"},\"inLanguage\":\"de\",\"potentialAction\":[{\"@type\":\"ReadAction\",\"target\":[\"https:\\\/\\\/sysmatec.ch\\\/de\\\/produit\\\/mehrkanal-peristaltische-pumpe-ipump2l-dg\\\/\"]}]},{\"@type\":\"ImageObject\",\"inLanguage\":\"de\",\"@id\":\"https:\\\/\\\/sysmatec.ch\\\/de\\\/produit\\\/mehrkanal-peristaltische-pumpe-ipump2l-dg\\\/#primaryimage\",\"url\":\"https:\\\/\\\/sysmatec.ch\\\/wp-content\\\/uploads\\\/2019\\\/11\\\/SFuild_iPump2SDG6.jpg\",\"contentUrl\":\"https:\\\/\\\/sysmatec.ch\\\/wp-content\\\/uploads\\\/2019\\\/11\\\/SFuild_iPump2SDG6.jpg\",\"width\":182,\"height\":145},{\"@type\":\"BreadcrumbList\",\"@id\":\"https:\\\/\\\/sysmatec.ch\\\/de\\\/produit\\\/mehrkanal-peristaltische-pumpe-ipump2l-dg\\\/#breadcrumb\",\"itemListElement\":[{\"@type\":\"ListItem\",\"position\":1,\"name\":\"Accueil\",\"item\":\"https:\\\/\\\/sysmatec.ch\\\/de\\\/\"},{\"@type\":\"ListItem\",\"position\":2,\"name\":\"Die Aktivit\u00e4t von Sysmatec\",\"item\":\"https:\\\/\\\/sysmatec.ch\\\/de\\\/\"},{\"@type\":\"ListItem\",\"position\":3,\"name\":\"Mehrkanal peristaltische Pumpe iPump2L + DG\"}]},{\"@type\":\"WebSite\",\"@id\":\"https:\\\/\\\/sysmatec.ch\\\/de\\\/#website\",\"url\":\"https:\\\/\\\/sysmatec.ch\\\/de\\\/\",\"name\":\"Sysmatec\",\"description\":\"Equipement de laboratoire et logiciels\",\"publisher\":{\"@id\":\"https:\\\/\\\/sysmatec.ch\\\/de\\\/#organization\"},\"potentialAction\":[{\"@type\":\"SearchAction\",\"target\":{\"@type\":\"EntryPoint\",\"urlTemplate\":\"https:\\\/\\\/sysmatec.ch\\\/de\\\/?s={search_term_string}\"},\"query-input\":{\"@type\":\"PropertyValueSpecification\",\"valueRequired\":true,\"valueName\":\"search_term_string\"}}],\"inLanguage\":\"de\"},{\"@type\":\"Organization\",\"@id\":\"https:\\\/\\\/sysmatec.ch\\\/de\\\/#organization\",\"name\":\"Sysmatec\",\"url\":\"https:\\\/\\\/sysmatec.ch\\\/de\\\/\",\"logo\":{\"@type\":\"ImageObject\",\"inLanguage\":\"de\",\"@id\":\"https:\\\/\\\/sysmatec.ch\\\/de\\\/#\\\/schema\\\/logo\\\/image\\\/\",\"url\":\"https:\\\/\\\/sysmatec.ch\\\/wp-content\\\/uploads\\\/2018\\\/11\\\/LogoSysmatec.jpg\",\"contentUrl\":\"https:\\\/\\\/sysmatec.ch\\\/wp-content\\\/uploads\\\/2018\\\/11\\\/LogoSysmatec.jpg\",\"width\":301,\"height\":297,\"caption\":\"Sysmatec\"},\"image\":{\"@id\":\"https:\\\/\\\/sysmatec.ch\\\/de\\\/#\\\/schema\\\/logo\\\/image\\\/\"}}]}<\/script>\n<!-- \/ Yoast SEO plugin. -->","yoast_head_json":{"title":"Mehrkanal peristaltische Pumpe iPump2L + DG - Sysmatec","description":"Mehrkanal peristaltische Pumpe. Der Kopf ist austauschbar. Die Anzahl der Kan\u00e4le kann von 4 bis 6 und Flussraten von 0,1 \u00b5l\/min bis 75 ml\/min variieren.","robots":{"index":"index","follow":"follow","max-snippet":"max-snippet:-1","max-image-preview":"max-image-preview:large","max-video-preview":"max-video-preview:-1"},"canonical":"https:\/\/sysmatec.ch\/de\/produit\/mehrkanal-peristaltische-pumpe-ipump2l-dg\/","og_locale":"de_DE","og_type":"article","og_title":"Mehrkanal peristaltische Pumpe iPump2L + DG - Sysmatec","og_description":"Mehrkanal peristaltische Pumpe. Der Kopf ist austauschbar. Die Anzahl der Kan\u00e4le kann von 4 bis 6 und Flussraten von 0,1 \u00b5l\/min bis 75 ml\/min variieren.","og_url":"https:\/\/sysmatec.ch\/de\/produit\/mehrkanal-peristaltische-pumpe-ipump2l-dg\/","og_site_name":"Sysmatec","article_modified_time":"2021-12-11T13:01:46+00:00","og_image":[{"width":182,"height":145,"url":"https:\/\/sysmatec.ch\/wp-content\/uploads\/2019\/11\/SFuild_iPump2SDG6.jpg","type":"image\/jpeg"}],"twitter_card":"summary_large_image","twitter_misc":{"Gesch\u00e4tzte Lesezeit":"1\u00a0Minute"},"schema":{"@context":"https:\/\/schema.org","@graph":[{"@type":"WebPage","@id":"https:\/\/sysmatec.ch\/de\/produit\/mehrkanal-peristaltische-pumpe-ipump2l-dg\/","url":"https:\/\/sysmatec.ch\/de\/produit\/mehrkanal-peristaltische-pumpe-ipump2l-dg\/","name":"Mehrkanal peristaltische Pumpe iPump2L + DG - Sysmatec","isPartOf":{"@id":"https:\/\/sysmatec.ch\/de\/#website"},"primaryImageOfPage":{"@id":"https:\/\/sysmatec.ch\/de\/produit\/mehrkanal-peristaltische-pumpe-ipump2l-dg\/#primaryimage"},"image":{"@id":"https:\/\/sysmatec.ch\/de\/produit\/mehrkanal-peristaltische-pumpe-ipump2l-dg\/#primaryimage"},"thumbnailUrl":"https:\/\/sysmatec.ch\/wp-content\/uploads\/2019\/11\/SFuild_iPump2SDG6.jpg","datePublished":"2019-11-08T20:09:01+00:00","dateModified":"2021-12-11T13:01:46+00:00","description":"Mehrkanal peristaltische Pumpe. Der Kopf ist austauschbar. Die Anzahl der Kan\u00e4le kann von 4 bis 6 und Flussraten von 0,1 \u00b5l\/min bis 75 ml\/min variieren.","breadcrumb":{"@id":"https:\/\/sysmatec.ch\/de\/produit\/mehrkanal-peristaltische-pumpe-ipump2l-dg\/#breadcrumb"},"inLanguage":"de","potentialAction":[{"@type":"ReadAction","target":["https:\/\/sysmatec.ch\/de\/produit\/mehrkanal-peristaltische-pumpe-ipump2l-dg\/"]}]},{"@type":"ImageObject","inLanguage":"de","@id":"https:\/\/sysmatec.ch\/de\/produit\/mehrkanal-peristaltische-pumpe-ipump2l-dg\/#primaryimage","url":"https:\/\/sysmatec.ch\/wp-content\/uploads\/2019\/11\/SFuild_iPump2SDG6.jpg","contentUrl":"https:\/\/sysmatec.ch\/wp-content\/uploads\/2019\/11\/SFuild_iPump2SDG6.jpg","width":182,"height":145},{"@type":"BreadcrumbList","@id":"https:\/\/sysmatec.ch\/de\/produit\/mehrkanal-peristaltische-pumpe-ipump2l-dg\/#breadcrumb","itemListElement":[{"@type":"ListItem","position":1,"name":"Accueil","item":"https:\/\/sysmatec.ch\/de\/"},{"@type":"ListItem","position":2,"name":"Die Aktivit\u00e4t von Sysmatec","item":"https:\/\/sysmatec.ch\/de\/"},{"@type":"ListItem","position":3,"name":"Mehrkanal peristaltische Pumpe iPump2L + DG"}]},{"@type":"WebSite","@id":"https:\/\/sysmatec.ch\/de\/#website","url":"https:\/\/sysmatec.ch\/de\/","name":"Sysmatec","description":"Equipement de laboratoire et logiciels","publisher":{"@id":"https:\/\/sysmatec.ch\/de\/#organization"},"potentialAction":[{"@type":"SearchAction","target":{"@type":"EntryPoint","urlTemplate":"https:\/\/sysmatec.ch\/de\/?s={search_term_string}"},"query-input":{"@type":"PropertyValueSpecification","valueRequired":true,"valueName":"search_term_string"}}],"inLanguage":"de"},{"@type":"Organization","@id":"https:\/\/sysmatec.ch\/de\/#organization","name":"Sysmatec","url":"https:\/\/sysmatec.ch\/de\/","logo":{"@type":"ImageObject","inLanguage":"de","@id":"https:\/\/sysmatec.ch\/de\/#\/schema\/logo\/image\/","url":"https:\/\/sysmatec.ch\/wp-content\/uploads\/2018\/11\/LogoSysmatec.jpg","contentUrl":"https:\/\/sysmatec.ch\/wp-content\/uploads\/2018\/11\/LogoSysmatec.jpg","width":301,"height":297,"caption":"Sysmatec"},"image":{"@id":"https:\/\/sysmatec.ch\/de\/#\/schema\/logo\/image\/"}}]}},"_links":{"self":[{"href":"https:\/\/sysmatec.ch\/de\/wp-json\/wp\/v2\/product\/13664","targetHints":{"allow":["GET"]}}],"collection":[{"href":"https:\/\/sysmatec.ch\/de\/wp-json\/wp\/v2\/product"}],"about":[{"href":"https:\/\/sysmatec.ch\/de\/wp-json\/wp\/v2\/types\/product"}],"wp:featuredmedia":[{"embeddable":true,"href":"https:\/\/sysmatec.ch\/de\/wp-json\/wp\/v2\/media\/13662"}],"wp:attachment":[{"href":"https:\/\/sysmatec.ch\/de\/wp-json\/wp\/v2\/media?parent=13664"}],"wp:term":[{"taxonomy":"product_brand","embeddable":true,"href":"https:\/\/sysmatec.ch\/de\/wp-json\/wp\/v2\/product_brand?post=13664"},{"taxonomy":"product_cat","embeddable":true,"href":"https:\/\/sysmatec.ch\/de\/wp-json\/wp\/v2\/product_cat?post=13664"},{"taxonomy":"product_tag","embeddable":true,"href":"https:\/\/sysmatec.ch\/de\/wp-json\/wp\/v2\/product_tag?post=13664"}],"curies":[{"name":"wp","href":"https:\/\/api.w.org\/{rel}","templated":true}]}}