{"id":31858,"date":"2026-03-15T14:09:48","date_gmt":"2026-03-15T13:09:48","guid":{"rendered":"https:\/\/sysmatec.ch\/external-quality-assesment-schemes-eqa-schemes\/"},"modified":"2026-03-15T14:27:50","modified_gmt":"2026-03-15T13:27:50","slug":"external-quality-assesment-schemes-eqa-schemes","status":"publish","type":"page","link":"https:\/\/sysmatec.ch\/de\/external-quality-assesment-schemes-eqa-schemes\/","title":{"rendered":"Externe Qualit\u00e4tsbewertungsprogramme (EQA Schemes)"},"content":{"rendered":"\n<p class=\"wp-block-paragraph\">EQA-Programme sind unsch\u00e4tzbare Instrumente, die von Laboren genutzt werden, um ihre Leistung regelm\u00e4\u00dfig mittels Ringversuchen zu bewerten.<\/p>\n\n\n\n<p class=\"wp-block-paragraph\">Die Ergebnisse werden zwischen den Laboren objektiv verglichen, indem folgende Methoden angewendet werden:<\/p>\n\n\n\n<ul class=\"wp-block-list\">\n<li>die gleiche oder unterschiedliche Arbeitsmethode;<\/li>\n\n\n\n<li>die gleiche oder unterschiedliche Ausr\u00fcstung;<\/li>\n\n\n\n<li>der gleiche oder unterschiedliche Reagenzienhersteller.<\/li>\n<\/ul>\n\n\n\n<p class=\"wp-block-paragraph\">Der Vergleich aller Ergebnisse erm\u00f6glicht einen Einblick in die Leistung, der den einzelnen Teilnehmern nicht zug\u00e4nglich ist. Dar\u00fcber hinaus bietet diese Information eine Grundlage f\u00fcr Ma\u00dfnahmen zur Qualit\u00e4tsverbesserung. EQA-Evaluierungsberichte erm\u00f6glichen zudem einen Vergleich verschiedener Methoden und Ger\u00e4te f\u00fcr denselben Test und liefern somit eine Bewertung der Zuverl\u00e4ssigkeit. Neben der t\u00e4glichen Qualit\u00e4tskontrolle st\u00e4rken die externen Qualit\u00e4tsprogramme das Vertrauen in die Berichterstattung von Patiententestergebnissen.<\/p>\n\n\n\n<p class=\"wp-block-paragraph\">Zu diesem Zweck arbeiten wir mit der Firma Todylaboratories zusammen, die uns die Proben zur Verf\u00fcgung stellt.<\/p>\n\n\n\n<p class=\"has-medium-font-size wp-block-paragraph\">Vorteile<\/p>\n\n\n\n<ul class=\"wp-block-list\">\n<li>Die EQA-Programme sind vollst\u00e4ndig akkreditiert und erf\u00fcllen die aktuellen regulatorischen Anforderungen klinischer Labore.<\/li>\n\n\n\n<li>Die Auswertungsberichte enthalten die Berechnung des Z-Scores und eine grafische Darstellung der Ergebnisabweichung, um die zeitliche Entwicklung dieses wichtigen Leistungsindikators zu \u00fcberwachen.<\/li>\n\n\n\n<li>Die Bereiche umfassen: Biochemie, Blutsenkungsgeschwindigkeit (BSG), gyn\u00e4kologische Pathologie, H\u00e4matologie, HIV-Antik\u00f6rper, Hepatitis A, Hepatitis B und C, Hormone und Tumormarker, Infektionskrankheiten (Serologie), Mykologie, Mikrobiologie, Parasitologie, pr\u00e4analytische Phase, Transfusionsmedizin (Immunh\u00e4matologie) und Urinchemie.<\/li>\n<\/ul>\n\n\n<div class=\"wp-block-image\">\n<figure class=\"alignleft size-full\"><img loading=\"lazy\" decoding=\"async\" width=\"756\" height=\"567\" src=\"https:\/\/sysmatec.ch\/wp-content\/uploads\/2026\/03\/EQASchemes_Todylaboratories1.jpg\" alt=\"\" class=\"wp-image-31853\" srcset=\"https:\/\/sysmatec.ch\/wp-content\/uploads\/2026\/03\/EQASchemes_Todylaboratories1.jpg 756w, https:\/\/sysmatec.ch\/wp-content\/uploads\/2026\/03\/EQASchemes_Todylaboratories1-300x225.jpg 300w, https:\/\/sysmatec.ch\/wp-content\/uploads\/2026\/03\/EQASchemes_Todylaboratories1-416x312.jpg 416w\" sizes=\"auto, (max-width: 756px) 100vw, 756px\" \/><\/figure>\n<\/div>","protected":false},"excerpt":{"rendered":"<p>EQA-Programme sind unsch\u00e4tzbare Instrumente, die von Laboren genutzt werden, um ihre Leistung regelm\u00e4\u00dfig mittels Ringversuchen zu bewerten. Die Ergebnisse werden zwischen den Laboren objektiv verglichen, indem folgende Methoden angewendet werden: Der Vergleich aller Ergebnisse erm\u00f6glicht einen Einblick in die Leistung, der den einzelnen Teilnehmern nicht zug\u00e4nglich ist. Dar\u00fcber hinaus bietet diese Information eine Grundlage f\u00fcr [&hellip;]<\/p>\n","protected":false},"author":3,"featured_media":0,"parent":0,"menu_order":0,"comment_status":"closed","ping_status":"closed","template":"","meta":{"_crdt_document":"","footnotes":""},"class_list":["post-31858","page","type-page","status-publish","hentry"],"yoast_head":"<!-- This site is optimized with the Yoast SEO plugin v27.3 - https:\/\/yoast.com\/product\/yoast-seo-wordpress\/ -->\n<title>Externe Qualit\u00e4tsbewertungsprogramme (EQA Schemes) - Sysmatec<\/title>\n<meta name=\"robots\" content=\"index, follow, max-snippet:-1, max-image-preview:large, max-video-preview:-1\" \/>\n<link rel=\"canonical\" href=\"https:\/\/sysmatec.ch\/de\/external-quality-assesment-schemes-eqa-schemes\/\" \/>\n<meta property=\"og:locale\" content=\"de_DE\" \/>\n<meta property=\"og:type\" content=\"article\" \/>\n<meta property=\"og:title\" content=\"Externe Qualit\u00e4tsbewertungsprogramme (EQA Schemes) - Sysmatec\" \/>\n<meta property=\"og:description\" content=\"EQA-Programme sind unsch\u00e4tzbare Instrumente, die von Laboren genutzt werden, um ihre Leistung regelm\u00e4\u00dfig mittels Ringversuchen zu bewerten. Die Ergebnisse werden zwischen den Laboren objektiv verglichen, indem folgende Methoden angewendet werden: Der Vergleich aller Ergebnisse erm\u00f6glicht einen Einblick in die Leistung, der den einzelnen Teilnehmern nicht zug\u00e4nglich ist. Dar\u00fcber hinaus bietet diese Information eine Grundlage f\u00fcr [&hellip;]\" \/>\n<meta property=\"og:url\" content=\"https:\/\/sysmatec.ch\/de\/external-quality-assesment-schemes-eqa-schemes\/\" \/>\n<meta property=\"og:site_name\" content=\"Sysmatec\" \/>\n<meta property=\"article:modified_time\" content=\"2026-03-15T13:27:50+00:00\" \/>\n<meta property=\"og:image\" content=\"https:\/\/sysmatec.ch\/wp-content\/uploads\/2026\/03\/EQASchemes_Todylaboratories1.jpg\" \/>\n\t<meta property=\"og:image:width\" content=\"756\" \/>\n\t<meta property=\"og:image:height\" content=\"567\" \/>\n\t<meta property=\"og:image:type\" content=\"image\/jpeg\" \/>\n<meta name=\"twitter:card\" content=\"summary_large_image\" \/>\n<meta name=\"twitter:label1\" content=\"Gesch\u00e4tzte Lesezeit\" \/>\n\t<meta name=\"twitter:data1\" content=\"1\u00a0Minute\" \/>\n<script type=\"application\/ld+json\" class=\"yoast-schema-graph\">{\"@context\":\"https:\\\/\\\/schema.org\",\"@graph\":[{\"@type\":\"WebPage\",\"@id\":\"https:\\\/\\\/sysmatec.ch\\\/de\\\/external-quality-assesment-schemes-eqa-schemes\\\/\",\"url\":\"https:\\\/\\\/sysmatec.ch\\\/de\\\/external-quality-assesment-schemes-eqa-schemes\\\/\",\"name\":\"Externe Qualit\u00e4tsbewertungsprogramme (EQA Schemes) - Sysmatec\",\"isPartOf\":{\"@id\":\"https:\\\/\\\/sysmatec.ch\\\/de\\\/#website\"},\"primaryImageOfPage\":{\"@id\":\"https:\\\/\\\/sysmatec.ch\\\/de\\\/external-quality-assesment-schemes-eqa-schemes\\\/#primaryimage\"},\"image\":{\"@id\":\"https:\\\/\\\/sysmatec.ch\\\/de\\\/external-quality-assesment-schemes-eqa-schemes\\\/#primaryimage\"},\"thumbnailUrl\":\"https:\\\/\\\/sysmatec.ch\\\/wp-content\\\/uploads\\\/2026\\\/03\\\/EQASchemes_Todylaboratories1.jpg\",\"datePublished\":\"2026-03-15T13:09:48+00:00\",\"dateModified\":\"2026-03-15T13:27:50+00:00\",\"breadcrumb\":{\"@id\":\"https:\\\/\\\/sysmatec.ch\\\/de\\\/external-quality-assesment-schemes-eqa-schemes\\\/#breadcrumb\"},\"inLanguage\":\"de\",\"potentialAction\":[{\"@type\":\"ReadAction\",\"target\":[\"https:\\\/\\\/sysmatec.ch\\\/de\\\/external-quality-assesment-schemes-eqa-schemes\\\/\"]}]},{\"@type\":\"ImageObject\",\"inLanguage\":\"de\",\"@id\":\"https:\\\/\\\/sysmatec.ch\\\/de\\\/external-quality-assesment-schemes-eqa-schemes\\\/#primaryimage\",\"url\":\"https:\\\/\\\/sysmatec.ch\\\/wp-content\\\/uploads\\\/2026\\\/03\\\/EQASchemes_Todylaboratories1.jpg\",\"contentUrl\":\"https:\\\/\\\/sysmatec.ch\\\/wp-content\\\/uploads\\\/2026\\\/03\\\/EQASchemes_Todylaboratories1.jpg\"},{\"@type\":\"BreadcrumbList\",\"@id\":\"https:\\\/\\\/sysmatec.ch\\\/de\\\/external-quality-assesment-schemes-eqa-schemes\\\/#breadcrumb\",\"itemListElement\":[{\"@type\":\"ListItem\",\"position\":1,\"name\":\"Accueil\",\"item\":\"https:\\\/\\\/sysmatec.ch\\\/de\\\/\"},{\"@type\":\"ListItem\",\"position\":2,\"name\":\"Externe Qualit\u00e4tsbewertungsprogramme (EQA Schemes)\"}]},{\"@type\":\"WebSite\",\"@id\":\"https:\\\/\\\/sysmatec.ch\\\/de\\\/#website\",\"url\":\"https:\\\/\\\/sysmatec.ch\\\/de\\\/\",\"name\":\"Sysmatec\",\"description\":\"Equipement de laboratoire et logiciels\",\"publisher\":{\"@id\":\"https:\\\/\\\/sysmatec.ch\\\/de\\\/#organization\"},\"potentialAction\":[{\"@type\":\"SearchAction\",\"target\":{\"@type\":\"EntryPoint\",\"urlTemplate\":\"https:\\\/\\\/sysmatec.ch\\\/de\\\/?s={search_term_string}\"},\"query-input\":{\"@type\":\"PropertyValueSpecification\",\"valueRequired\":true,\"valueName\":\"search_term_string\"}}],\"inLanguage\":\"de\"},{\"@type\":\"Organization\",\"@id\":\"https:\\\/\\\/sysmatec.ch\\\/de\\\/#organization\",\"name\":\"Sysmatec\",\"url\":\"https:\\\/\\\/sysmatec.ch\\\/de\\\/\",\"logo\":{\"@type\":\"ImageObject\",\"inLanguage\":\"de\",\"@id\":\"https:\\\/\\\/sysmatec.ch\\\/de\\\/#\\\/schema\\\/logo\\\/image\\\/\",\"url\":\"https:\\\/\\\/sysmatec.ch\\\/wp-content\\\/uploads\\\/2018\\\/11\\\/LogoSysmatec.jpg\",\"contentUrl\":\"https:\\\/\\\/sysmatec.ch\\\/wp-content\\\/uploads\\\/2018\\\/11\\\/LogoSysmatec.jpg\",\"width\":301,\"height\":297,\"caption\":\"Sysmatec\"},\"image\":{\"@id\":\"https:\\\/\\\/sysmatec.ch\\\/de\\\/#\\\/schema\\\/logo\\\/image\\\/\"}}]}<\/script>\n<!-- \/ Yoast SEO plugin. -->","yoast_head_json":{"title":"Externe Qualit\u00e4tsbewertungsprogramme (EQA Schemes) - Sysmatec","robots":{"index":"index","follow":"follow","max-snippet":"max-snippet:-1","max-image-preview":"max-image-preview:large","max-video-preview":"max-video-preview:-1"},"canonical":"https:\/\/sysmatec.ch\/de\/external-quality-assesment-schemes-eqa-schemes\/","og_locale":"de_DE","og_type":"article","og_title":"Externe Qualit\u00e4tsbewertungsprogramme (EQA Schemes) - Sysmatec","og_description":"EQA-Programme sind unsch\u00e4tzbare Instrumente, die von Laboren genutzt werden, um ihre Leistung regelm\u00e4\u00dfig mittels Ringversuchen zu bewerten. Die Ergebnisse werden zwischen den Laboren objektiv verglichen, indem folgende Methoden angewendet werden: Der Vergleich aller Ergebnisse erm\u00f6glicht einen Einblick in die Leistung, der den einzelnen Teilnehmern nicht zug\u00e4nglich ist. Dar\u00fcber hinaus bietet diese Information eine Grundlage f\u00fcr [&hellip;]","og_url":"https:\/\/sysmatec.ch\/de\/external-quality-assesment-schemes-eqa-schemes\/","og_site_name":"Sysmatec","article_modified_time":"2026-03-15T13:27:50+00:00","og_image":[{"width":756,"height":567,"url":"https:\/\/sysmatec.ch\/wp-content\/uploads\/2026\/03\/EQASchemes_Todylaboratories1.jpg","type":"image\/jpeg"}],"twitter_card":"summary_large_image","twitter_misc":{"Gesch\u00e4tzte Lesezeit":"1\u00a0Minute"},"schema":{"@context":"https:\/\/schema.org","@graph":[{"@type":"WebPage","@id":"https:\/\/sysmatec.ch\/de\/external-quality-assesment-schemes-eqa-schemes\/","url":"https:\/\/sysmatec.ch\/de\/external-quality-assesment-schemes-eqa-schemes\/","name":"Externe Qualit\u00e4tsbewertungsprogramme (EQA Schemes) - Sysmatec","isPartOf":{"@id":"https:\/\/sysmatec.ch\/de\/#website"},"primaryImageOfPage":{"@id":"https:\/\/sysmatec.ch\/de\/external-quality-assesment-schemes-eqa-schemes\/#primaryimage"},"image":{"@id":"https:\/\/sysmatec.ch\/de\/external-quality-assesment-schemes-eqa-schemes\/#primaryimage"},"thumbnailUrl":"https:\/\/sysmatec.ch\/wp-content\/uploads\/2026\/03\/EQASchemes_Todylaboratories1.jpg","datePublished":"2026-03-15T13:09:48+00:00","dateModified":"2026-03-15T13:27:50+00:00","breadcrumb":{"@id":"https:\/\/sysmatec.ch\/de\/external-quality-assesment-schemes-eqa-schemes\/#breadcrumb"},"inLanguage":"de","potentialAction":[{"@type":"ReadAction","target":["https:\/\/sysmatec.ch\/de\/external-quality-assesment-schemes-eqa-schemes\/"]}]},{"@type":"ImageObject","inLanguage":"de","@id":"https:\/\/sysmatec.ch\/de\/external-quality-assesment-schemes-eqa-schemes\/#primaryimage","url":"https:\/\/sysmatec.ch\/wp-content\/uploads\/2026\/03\/EQASchemes_Todylaboratories1.jpg","contentUrl":"https:\/\/sysmatec.ch\/wp-content\/uploads\/2026\/03\/EQASchemes_Todylaboratories1.jpg"},{"@type":"BreadcrumbList","@id":"https:\/\/sysmatec.ch\/de\/external-quality-assesment-schemes-eqa-schemes\/#breadcrumb","itemListElement":[{"@type":"ListItem","position":1,"name":"Accueil","item":"https:\/\/sysmatec.ch\/de\/"},{"@type":"ListItem","position":2,"name":"Externe Qualit\u00e4tsbewertungsprogramme (EQA Schemes)"}]},{"@type":"WebSite","@id":"https:\/\/sysmatec.ch\/de\/#website","url":"https:\/\/sysmatec.ch\/de\/","name":"Sysmatec","description":"Equipement de laboratoire et logiciels","publisher":{"@id":"https:\/\/sysmatec.ch\/de\/#organization"},"potentialAction":[{"@type":"SearchAction","target":{"@type":"EntryPoint","urlTemplate":"https:\/\/sysmatec.ch\/de\/?s={search_term_string}"},"query-input":{"@type":"PropertyValueSpecification","valueRequired":true,"valueName":"search_term_string"}}],"inLanguage":"de"},{"@type":"Organization","@id":"https:\/\/sysmatec.ch\/de\/#organization","name":"Sysmatec","url":"https:\/\/sysmatec.ch\/de\/","logo":{"@type":"ImageObject","inLanguage":"de","@id":"https:\/\/sysmatec.ch\/de\/#\/schema\/logo\/image\/","url":"https:\/\/sysmatec.ch\/wp-content\/uploads\/2018\/11\/LogoSysmatec.jpg","contentUrl":"https:\/\/sysmatec.ch\/wp-content\/uploads\/2018\/11\/LogoSysmatec.jpg","width":301,"height":297,"caption":"Sysmatec"},"image":{"@id":"https:\/\/sysmatec.ch\/de\/#\/schema\/logo\/image\/"}}]}},"_links":{"self":[{"href":"https:\/\/sysmatec.ch\/de\/wp-json\/wp\/v2\/pages\/31858","targetHints":{"allow":["GET"]}}],"collection":[{"href":"https:\/\/sysmatec.ch\/de\/wp-json\/wp\/v2\/pages"}],"about":[{"href":"https:\/\/sysmatec.ch\/de\/wp-json\/wp\/v2\/types\/page"}],"author":[{"embeddable":true,"href":"https:\/\/sysmatec.ch\/de\/wp-json\/wp\/v2\/users\/3"}],"replies":[{"embeddable":true,"href":"https:\/\/sysmatec.ch\/de\/wp-json\/wp\/v2\/comments?post=31858"}],"version-history":[{"count":2,"href":"https:\/\/sysmatec.ch\/de\/wp-json\/wp\/v2\/pages\/31858\/revisions"}],"predecessor-version":[{"id":31862,"href":"https:\/\/sysmatec.ch\/de\/wp-json\/wp\/v2\/pages\/31858\/revisions\/31862"}],"wp:attachment":[{"href":"https:\/\/sysmatec.ch\/de\/wp-json\/wp\/v2\/media?parent=31858"}],"curies":[{"name":"wp","href":"https:\/\/api.w.org\/{rel}","templated":true}]}}