{"id":30388,"date":"2025-02-03T21:43:58","date_gmt":"2025-02-03T20:43:58","guid":{"rendered":"https:\/\/sysmatec.ch\/?page_id=30388"},"modified":"2025-02-04T21:54:03","modified_gmt":"2025-02-04T20:54:03","slug":"english-2","status":"publish","type":"page","link":"https:\/\/sysmatec.ch\/de\/english-2\/","title":{"rendered":"Automatisierung mit Labvision"},"content":{"rendered":"\n<p class=\"wp-block-paragraph\">LabVision<sup>\u00ae<\/sup>&nbsp;ist ein modulare Visualisierungs- und Automatisierungssoftware-System f\u00fcr Automatisierungsger\u00e4te von HiTec Zang und Fremdanbietern. Der Prozess wird damit \u00fcberwacht, gesteuert und geregelt, alle Vorg\u00e4nge werden protokolliert und archiviert.<\/p>\n\n\n\n<figure class=\"wp-block-image size-large\"><img loading=\"lazy\" decoding=\"async\" width=\"1024\" height=\"797\" src=\"https:\/\/sysmatec.ch\/wp-content\/uploads\/2025\/02\/LabVision_Hitec1-1024x797.jpg\" alt=\"\" class=\"wp-image-30370\" srcset=\"https:\/\/sysmatec.ch\/wp-content\/uploads\/2025\/02\/LabVision_Hitec1-1024x797.jpg 1024w, https:\/\/sysmatec.ch\/wp-content\/uploads\/2025\/02\/LabVision_Hitec1-300x234.jpg 300w, https:\/\/sysmatec.ch\/wp-content\/uploads\/2025\/02\/LabVision_Hitec1-768x598.jpg 768w, https:\/\/sysmatec.ch\/wp-content\/uploads\/2025\/02\/LabVision_Hitec1-416x324.jpg 416w, https:\/\/sysmatec.ch\/wp-content\/uploads\/2025\/02\/LabVision_Hitec1.jpg 1047w\" sizes=\"auto, (max-width: 1024px) 100vw, 1024px\" \/><\/figure>\n\n\n\n<p class=\"wp-block-paragraph\">LabVision<sup>\u00ae<\/sup>&nbsp;ist eine leistungsf\u00e4hige Forschungsprozessleitsystem(FPLS)-Software. Sie eignet sich besonders zum Visualisieren und Automatisieren von Flie\u00df- und Chargenprozessen in Labor, Technikum, Miniplant und Produktion in der Chemie-, Pharma-, Bio und Lebensmitteltechnologie. Auf Grund ihrer Flexibilit\u00e4t wird sie auch in anderen Bereichen wie Deponie-, Solar- und Umwelttechnik eingesetzt.<\/p>\n\n\n\n<p class=\"wp-block-paragraph\">Die Prozessanlage wird als dynamisches Flie\u00dfbild zum Beobachten und Bedienen auf dem Bildschirm dargestellt. Die Online-Auswertung liefert Ihnen bereits zur Laufzeit wichtige Informationen \u00fcber Ihren Prozess. Erm\u00f6glicht wird dies durch die Projektmodulbibliothek, die f\u00fcr alle wichtigen Grundfunktionen wie Temperieren, Dosieren, pH-Wert oder Vakuum-Regeln, Destillieren etc. vordefinierte Projektmodule enth\u00e4lt.<\/p>\n\n\n\n<p class=\"wp-block-paragraph\">Das Programm erf\u00fcllt die Anforderungen des NAMUR-Arbeitskreises &#8211; AK 2.4 an Forschungsprozessleitsysteme (FPLS) und ist damit f\u00fcr h\u00e4ufig wechselnde oder modifizierte Aufgabenstellungen ger\u00fcstet.<\/p>\n\n\n\n<p class=\"wp-block-paragraph\">Das LabVision<sup>\u00ae<\/sup>-Basismodul ist die Software-Minimalausstattung des LabVision<sup>\u00ae<\/sup>-Programmsystems. Es ist ausreichend f\u00fcr Systeme mit kleinem Mengenger\u00fcst und geringem Automatisierungsgrad. Es kann mit den Erweiterungsmodulen in Voll- oder Light-Version aufger\u00fcstet werden. Die Datenpunktanzahl kann ebenfalls erweitert werden.<\/p>\n\n\n\n<p class=\"wp-block-paragraph\">Eine LabVision<sup>\u00ae<\/sup>-Lizenz beinhaltet die kostenfreie Update-Berechtigung f\u00fcr drei Monate. Kleinere \u00c4nderungen (Bugfixes) innerhalb einer Hauptversion k\u00f6nnen auch nach diesem Zeitraum kostenfrei von unserem Webserver geladen werden.<\/p>\n\n\n\n<h2 class=\"wp-block-heading\">Funktionen<\/h2>\n\n\n\n<ul class=\"wp-block-list\">\n<li>Konfigurieren und Parametrieren<\/li>\n\n\n\n<li>\u00dcberwachung und Meldung von Alarmen, ohne Reaktionen und Langtextmeldungen mit drei vordefinierten Meldungsklassen<\/li>\n\n\n\n<li>Designer<\/li>\n\n\n\n<li>RI-CAD<sup>\u2122<\/sup>&nbsp;beschr\u00e4nkt auf 50 Grafikobjekte<\/li>\n\n\n\n<li>Online-Grafik beschr\u00e4nkt auf 8 Kurven und eine Seite<\/li>\n\n\n\n<li>Analogschreiber<\/li>\n\n\n\n<li>Ablaufbericht Grundausstattung<\/li>\n\n\n\n<li>HiText<sup>\u2122<\/sup>&nbsp;enth\u00e4lt zwei gleichzeitige HiText-Programme \u00e1 10 Zeilen<\/li>\n\n\n\n<li>Ger\u00e4tebausteine f\u00fcr HiTec PNKs<\/li>\n\n\n\n<li>Demo Projektmodulvorlagen<\/li>\n\n\n\n<li>Datenexport in Text- oder Tabellen-Dateien, beschr\u00e4nkt auf manuellen Start<\/li>\n\n\n\n<li>Bedienoberfl\u00e4che in Deutsch und Englisch<\/li>\n<\/ul>\n\n\n\n<div class=\"wp-block-group is-nowrap is-layout-flex wp-container-core-group-is-layout-7387b849 wp-block-group-is-layout-flex\">\n<figure class=\"wp-block-image size-large\"><img loading=\"lazy\" decoding=\"async\" width=\"1024\" height=\"797\" src=\"https:\/\/sysmatec.ch\/wp-content\/uploads\/2025\/02\/LabVision_Hitec2-1024x797.jpg\" alt=\"\" class=\"wp-image-30376\" srcset=\"https:\/\/sysmatec.ch\/wp-content\/uploads\/2025\/02\/LabVision_Hitec2-1024x797.jpg 1024w, https:\/\/sysmatec.ch\/wp-content\/uploads\/2025\/02\/LabVision_Hitec2-300x233.jpg 300w, https:\/\/sysmatec.ch\/wp-content\/uploads\/2025\/02\/LabVision_Hitec2-768x598.jpg 768w, https:\/\/sysmatec.ch\/wp-content\/uploads\/2025\/02\/LabVision_Hitec2-416x324.jpg 416w, https:\/\/sysmatec.ch\/wp-content\/uploads\/2025\/02\/LabVision_Hitec2.jpg 1042w\" sizes=\"auto, (max-width: 1024px) 100vw, 1024px\" \/><\/figure>\n<\/div>\n\n\n\n<p class=\"wp-block-paragraph\">Ablaufbericht<\/p>\n\n\n\n<div class=\"wp-block-group is-nowrap is-layout-flex wp-container-core-group-is-layout-7387b849 wp-block-group-is-layout-flex\">\n<figure class=\"wp-block-image size-large\"><img loading=\"lazy\" decoding=\"async\" width=\"1024\" height=\"804\" src=\"https:\/\/sysmatec.ch\/wp-content\/uploads\/2025\/02\/LabVision_Hitec3-1024x804.jpg\" alt=\"\" class=\"wp-image-30373\" srcset=\"https:\/\/sysmatec.ch\/wp-content\/uploads\/2025\/02\/LabVision_Hitec3-1024x804.jpg 1024w, https:\/\/sysmatec.ch\/wp-content\/uploads\/2025\/02\/LabVision_Hitec3-300x236.jpg 300w, https:\/\/sysmatec.ch\/wp-content\/uploads\/2025\/02\/LabVision_Hitec3-768x603.jpg 768w, https:\/\/sysmatec.ch\/wp-content\/uploads\/2025\/02\/LabVision_Hitec3-416x327.jpg 416w, https:\/\/sysmatec.ch\/wp-content\/uploads\/2025\/02\/LabVision_Hitec3.jpg 1040w\" sizes=\"auto, (max-width: 1024px) 100vw, 1024px\" \/><\/figure>\n<\/div>\n\n\n\n<p class=\"wp-block-paragraph\">Programmiersprache Hitext<\/p>\n\n\n\n<p class=\"wp-block-paragraph\">Die Sensoren und Aktoren sind an eine Box, den Labmanager, angeschlossen, die mit analogen und digitalen Ein- und Ausg\u00e4ngen (Temperatur, 4-20 mA usw.) ausgestattet ist. Es verf\u00fcgt auch \u00fcber serielle Schnittstellen. Andere Ger\u00e4te k\u00f6nnen direkt \u00fcber LAN mit dem PC verbunden werden. Die Labvision-Software kann einfach f\u00fcr die Kommunikation mit diesen Ger\u00e4ten konfiguriert werden.<\/p>\n\n\n\n<figure class=\"wp-block-image size-large\"><img loading=\"lazy\" decoding=\"async\" width=\"1024\" height=\"812\" src=\"https:\/\/sysmatec.ch\/wp-content\/uploads\/2025\/02\/LabManager_Hitec1-1024x812.jpg\" alt=\"\" class=\"wp-image-30381\" srcset=\"https:\/\/sysmatec.ch\/wp-content\/uploads\/2025\/02\/LabManager_Hitec1-1024x812.jpg 1024w, https:\/\/sysmatec.ch\/wp-content\/uploads\/2025\/02\/LabManager_Hitec1-300x238.jpg 300w, https:\/\/sysmatec.ch\/wp-content\/uploads\/2025\/02\/LabManager_Hitec1-768x609.jpg 768w, https:\/\/sysmatec.ch\/wp-content\/uploads\/2025\/02\/LabManager_Hitec1-416x330.jpg 416w, https:\/\/sysmatec.ch\/wp-content\/uploads\/2025\/02\/LabManager_Hitec1.jpg 1292w\" sizes=\"auto, (max-width: 1024px) 100vw, 1024px\" \/><\/figure>\n","protected":false},"excerpt":{"rendered":"<p>LabVision\u00ae&nbsp;ist ein modulare Visualisierungs- und Automatisierungssoftware-System f\u00fcr Automatisierungsger\u00e4te von HiTec Zang und Fremdanbietern. Der Prozess wird damit \u00fcberwacht, gesteuert und geregelt, alle Vorg\u00e4nge werden protokolliert und archiviert. LabVision\u00ae&nbsp;ist eine leistungsf\u00e4hige Forschungsprozessleitsystem(FPLS)-Software. Sie eignet sich besonders zum Visualisieren und Automatisieren von Flie\u00df- und Chargenprozessen in Labor, Technikum, Miniplant und Produktion in der Chemie-, Pharma-, Bio und [&hellip;]<\/p>\n","protected":false},"author":3,"featured_media":0,"parent":0,"menu_order":0,"comment_status":"closed","ping_status":"closed","template":"","meta":{"_crdt_document":"","footnotes":""},"class_list":["post-30388","page","type-page","status-publish","hentry"],"yoast_head":"<!-- This site is optimized with the Yoast SEO plugin v27.4 - https:\/\/yoast.com\/product\/yoast-seo-wordpress\/ -->\n<title>Automatisierung mit Labvision - Sysmatec<\/title>\n<meta name=\"description\" content=\"Automatisierung im Laborbereich mit Labvision\" \/>\n<meta name=\"robots\" content=\"index, follow, max-snippet:-1, max-image-preview:large, max-video-preview:-1\" \/>\n<link rel=\"canonical\" href=\"https:\/\/sysmatec.ch\/de\/english-2\/\" \/>\n<meta property=\"og:locale\" content=\"de_DE\" \/>\n<meta property=\"og:type\" content=\"article\" \/>\n<meta property=\"og:title\" content=\"Automatisierung mit Labvision - Sysmatec\" \/>\n<meta property=\"og:description\" content=\"Automatisierung im Laborbereich mit Labvision\" \/>\n<meta property=\"og:url\" content=\"https:\/\/sysmatec.ch\/de\/english-2\/\" \/>\n<meta property=\"og:site_name\" content=\"Sysmatec\" \/>\n<meta property=\"article:modified_time\" content=\"2025-02-04T20:54:03+00:00\" \/>\n<meta property=\"og:image\" content=\"https:\/\/sysmatec.ch\/wp-content\/uploads\/2025\/02\/LabVision_Hitec1.jpg\" \/>\n\t<meta property=\"og:image:width\" content=\"1047\" \/>\n\t<meta property=\"og:image:height\" content=\"815\" \/>\n\t<meta property=\"og:image:type\" content=\"image\/jpeg\" \/>\n<meta name=\"twitter:card\" content=\"summary_large_image\" \/>\n<meta name=\"twitter:label1\" content=\"Gesch\u00e4tzte Lesezeit\" \/>\n\t<meta name=\"twitter:data1\" content=\"3\u00a0Minuten\" \/>\n<script type=\"application\/ld+json\" class=\"yoast-schema-graph\">{\"@context\":\"https:\\\/\\\/schema.org\",\"@graph\":[{\"@type\":\"WebPage\",\"@id\":\"https:\\\/\\\/sysmatec.ch\\\/de\\\/english-2\\\/\",\"url\":\"https:\\\/\\\/sysmatec.ch\\\/de\\\/english-2\\\/\",\"name\":\"Automatisierung mit Labvision - Sysmatec\",\"isPartOf\":{\"@id\":\"https:\\\/\\\/sysmatec.ch\\\/de\\\/#website\"},\"primaryImageOfPage\":{\"@id\":\"https:\\\/\\\/sysmatec.ch\\\/de\\\/english-2\\\/#primaryimage\"},\"image\":{\"@id\":\"https:\\\/\\\/sysmatec.ch\\\/de\\\/english-2\\\/#primaryimage\"},\"thumbnailUrl\":\"https:\\\/\\\/sysmatec.ch\\\/wp-content\\\/uploads\\\/2025\\\/02\\\/LabVision_Hitec1-1024x797.jpg\",\"datePublished\":\"2025-02-03T20:43:58+00:00\",\"dateModified\":\"2025-02-04T20:54:03+00:00\",\"description\":\"Automatisierung im Laborbereich mit Labvision\",\"breadcrumb\":{\"@id\":\"https:\\\/\\\/sysmatec.ch\\\/de\\\/english-2\\\/#breadcrumb\"},\"inLanguage\":\"de\",\"potentialAction\":[{\"@type\":\"ReadAction\",\"target\":[\"https:\\\/\\\/sysmatec.ch\\\/de\\\/english-2\\\/\"]}]},{\"@type\":\"ImageObject\",\"inLanguage\":\"de\",\"@id\":\"https:\\\/\\\/sysmatec.ch\\\/de\\\/english-2\\\/#primaryimage\",\"url\":\"https:\\\/\\\/sysmatec.ch\\\/wp-content\\\/uploads\\\/2025\\\/02\\\/LabVision_Hitec1-1024x797.jpg\",\"contentUrl\":\"https:\\\/\\\/sysmatec.ch\\\/wp-content\\\/uploads\\\/2025\\\/02\\\/LabVision_Hitec1-1024x797.jpg\"},{\"@type\":\"BreadcrumbList\",\"@id\":\"https:\\\/\\\/sysmatec.ch\\\/de\\\/english-2\\\/#breadcrumb\",\"itemListElement\":[{\"@type\":\"ListItem\",\"position\":1,\"name\":\"Accueil\",\"item\":\"https:\\\/\\\/sysmatec.ch\\\/de\\\/\"},{\"@type\":\"ListItem\",\"position\":2,\"name\":\"Automatisierung mit Labvision\"}]},{\"@type\":\"WebSite\",\"@id\":\"https:\\\/\\\/sysmatec.ch\\\/de\\\/#website\",\"url\":\"https:\\\/\\\/sysmatec.ch\\\/de\\\/\",\"name\":\"Sysmatec\",\"description\":\"Equipement de laboratoire et logiciels\",\"publisher\":{\"@id\":\"https:\\\/\\\/sysmatec.ch\\\/de\\\/#organization\"},\"potentialAction\":[{\"@type\":\"SearchAction\",\"target\":{\"@type\":\"EntryPoint\",\"urlTemplate\":\"https:\\\/\\\/sysmatec.ch\\\/de\\\/?s={search_term_string}\"},\"query-input\":{\"@type\":\"PropertyValueSpecification\",\"valueRequired\":true,\"valueName\":\"search_term_string\"}}],\"inLanguage\":\"de\"},{\"@type\":\"Organization\",\"@id\":\"https:\\\/\\\/sysmatec.ch\\\/de\\\/#organization\",\"name\":\"Sysmatec\",\"url\":\"https:\\\/\\\/sysmatec.ch\\\/de\\\/\",\"logo\":{\"@type\":\"ImageObject\",\"inLanguage\":\"de\",\"@id\":\"https:\\\/\\\/sysmatec.ch\\\/de\\\/#\\\/schema\\\/logo\\\/image\\\/\",\"url\":\"https:\\\/\\\/sysmatec.ch\\\/wp-content\\\/uploads\\\/2018\\\/11\\\/LogoSysmatec.jpg\",\"contentUrl\":\"https:\\\/\\\/sysmatec.ch\\\/wp-content\\\/uploads\\\/2018\\\/11\\\/LogoSysmatec.jpg\",\"width\":301,\"height\":297,\"caption\":\"Sysmatec\"},\"image\":{\"@id\":\"https:\\\/\\\/sysmatec.ch\\\/de\\\/#\\\/schema\\\/logo\\\/image\\\/\"}}]}<\/script>\n<!-- \/ Yoast SEO plugin. -->","yoast_head_json":{"title":"Automatisierung mit Labvision - Sysmatec","description":"Automatisierung im Laborbereich mit Labvision","robots":{"index":"index","follow":"follow","max-snippet":"max-snippet:-1","max-image-preview":"max-image-preview:large","max-video-preview":"max-video-preview:-1"},"canonical":"https:\/\/sysmatec.ch\/de\/english-2\/","og_locale":"de_DE","og_type":"article","og_title":"Automatisierung mit Labvision - Sysmatec","og_description":"Automatisierung im Laborbereich mit Labvision","og_url":"https:\/\/sysmatec.ch\/de\/english-2\/","og_site_name":"Sysmatec","article_modified_time":"2025-02-04T20:54:03+00:00","og_image":[{"width":1047,"height":815,"url":"https:\/\/sysmatec.ch\/wp-content\/uploads\/2025\/02\/LabVision_Hitec1.jpg","type":"image\/jpeg"}],"twitter_card":"summary_large_image","twitter_misc":{"Gesch\u00e4tzte Lesezeit":"3\u00a0Minuten"},"schema":{"@context":"https:\/\/schema.org","@graph":[{"@type":"WebPage","@id":"https:\/\/sysmatec.ch\/de\/english-2\/","url":"https:\/\/sysmatec.ch\/de\/english-2\/","name":"Automatisierung mit Labvision - Sysmatec","isPartOf":{"@id":"https:\/\/sysmatec.ch\/de\/#website"},"primaryImageOfPage":{"@id":"https:\/\/sysmatec.ch\/de\/english-2\/#primaryimage"},"image":{"@id":"https:\/\/sysmatec.ch\/de\/english-2\/#primaryimage"},"thumbnailUrl":"https:\/\/sysmatec.ch\/wp-content\/uploads\/2025\/02\/LabVision_Hitec1-1024x797.jpg","datePublished":"2025-02-03T20:43:58+00:00","dateModified":"2025-02-04T20:54:03+00:00","description":"Automatisierung im Laborbereich mit Labvision","breadcrumb":{"@id":"https:\/\/sysmatec.ch\/de\/english-2\/#breadcrumb"},"inLanguage":"de","potentialAction":[{"@type":"ReadAction","target":["https:\/\/sysmatec.ch\/de\/english-2\/"]}]},{"@type":"ImageObject","inLanguage":"de","@id":"https:\/\/sysmatec.ch\/de\/english-2\/#primaryimage","url":"https:\/\/sysmatec.ch\/wp-content\/uploads\/2025\/02\/LabVision_Hitec1-1024x797.jpg","contentUrl":"https:\/\/sysmatec.ch\/wp-content\/uploads\/2025\/02\/LabVision_Hitec1-1024x797.jpg"},{"@type":"BreadcrumbList","@id":"https:\/\/sysmatec.ch\/de\/english-2\/#breadcrumb","itemListElement":[{"@type":"ListItem","position":1,"name":"Accueil","item":"https:\/\/sysmatec.ch\/de\/"},{"@type":"ListItem","position":2,"name":"Automatisierung mit Labvision"}]},{"@type":"WebSite","@id":"https:\/\/sysmatec.ch\/de\/#website","url":"https:\/\/sysmatec.ch\/de\/","name":"Sysmatec","description":"Equipement de laboratoire et logiciels","publisher":{"@id":"https:\/\/sysmatec.ch\/de\/#organization"},"potentialAction":[{"@type":"SearchAction","target":{"@type":"EntryPoint","urlTemplate":"https:\/\/sysmatec.ch\/de\/?s={search_term_string}"},"query-input":{"@type":"PropertyValueSpecification","valueRequired":true,"valueName":"search_term_string"}}],"inLanguage":"de"},{"@type":"Organization","@id":"https:\/\/sysmatec.ch\/de\/#organization","name":"Sysmatec","url":"https:\/\/sysmatec.ch\/de\/","logo":{"@type":"ImageObject","inLanguage":"de","@id":"https:\/\/sysmatec.ch\/de\/#\/schema\/logo\/image\/","url":"https:\/\/sysmatec.ch\/wp-content\/uploads\/2018\/11\/LogoSysmatec.jpg","contentUrl":"https:\/\/sysmatec.ch\/wp-content\/uploads\/2018\/11\/LogoSysmatec.jpg","width":301,"height":297,"caption":"Sysmatec"},"image":{"@id":"https:\/\/sysmatec.ch\/de\/#\/schema\/logo\/image\/"}}]}},"_links":{"self":[{"href":"https:\/\/sysmatec.ch\/de\/wp-json\/wp\/v2\/pages\/30388","targetHints":{"allow":["GET"]}}],"collection":[{"href":"https:\/\/sysmatec.ch\/de\/wp-json\/wp\/v2\/pages"}],"about":[{"href":"https:\/\/sysmatec.ch\/de\/wp-json\/wp\/v2\/types\/page"}],"author":[{"embeddable":true,"href":"https:\/\/sysmatec.ch\/de\/wp-json\/wp\/v2\/users\/3"}],"replies":[{"embeddable":true,"href":"https:\/\/sysmatec.ch\/de\/wp-json\/wp\/v2\/comments?post=30388"}],"version-history":[{"count":3,"href":"https:\/\/sysmatec.ch\/de\/wp-json\/wp\/v2\/pages\/30388\/revisions"}],"predecessor-version":[{"id":30402,"href":"https:\/\/sysmatec.ch\/de\/wp-json\/wp\/v2\/pages\/30388\/revisions\/30402"}],"wp:attachment":[{"href":"https:\/\/sysmatec.ch\/de\/wp-json\/wp\/v2\/media?parent=30388"}],"curies":[{"name":"wp","href":"https:\/\/api.w.org\/{rel}","templated":true}]}}