{"id":1793,"date":"2019-01-27T15:12:38","date_gmt":"2019-01-27T14:12:38","guid":{"rendered":"https:\/\/sysmatec.ch\/?page_id=1793"},"modified":"2022-06-13T18:45:27","modified_gmt":"2022-06-13T16:45:27","slug":"spritze","status":"publish","type":"page","link":"https:\/\/sysmatec.ch\/de\/spritze\/","title":{"rendered":"Spritzen"},"content":{"rendered":"\n<p class=\"wp-block-paragraph\">Hier finden Sie Spritzen unterschiedlicher Gr\u00f6\u00dfe in unterschiedlichen Materialien: Glas, PP (Polypropylen) &#8230; sowie Zubeh\u00f6r wie Nadeln, Kan\u00fclen &#8230; Sie k\u00f6nnen zur Probenahme verwendet werden. Mit einer <a href=\"https:\/\/sysmatec.ch\/de\/peristaltische-pumpe\/\">Spritzenpumpe <\/a>k\u00f6nnen sehr kleine Fl\u00fcssigkeitsmengen abgegeben werden.<\/p>\n\n\n\n<p class=\"wp-block-paragraph\"><div class=\"woocommerce columns-4 \"><ul class=\"products columns-4\">\n<li class=\"product type-product post-2160 status-publish first instock product_cat-spritze has-post-thumbnail taxable shipping-taxable product-type-simple\">\n\t<a href=\"https:\/\/sysmatec.ch\/de\/Produkt\/spritze-h963\/\" class=\"woocommerce-LoopProduct-link woocommerce-loop-product__link\"><img loading=\"lazy\" decoding=\"async\" width=\"164\" height=\"84\" src=\"https:\/\/sysmatec.ch\/wp-content\/uploads\/2019\/01\/Seringue_BolaH963.gif\" class=\"attachment-woocommerce_thumbnail size-woocommerce_thumbnail\" alt=\"Spritze H963\" \/><h2 class=\"woocommerce-loop-product__title\">Spritze H963<\/h2>\n<\/a><a href=\"https:\/\/sysmatec.ch\/de\/Produkt\/spritze-h963\/\" aria-describedby=\"woocommerce_loop_add_to_cart_link_describedby_2160\" data-quantity=\"1\" class=\"button product_type_simple\" data-product_id=\"2160\" data-product_sku=\"\" aria-label=\"Lese mehr \u00fcber &#8222;Spritze H963&#8220;\" rel=\"nofollow\" data-success_message=\"\">Weiterlesen<\/a>\t<span id=\"woocommerce_loop_add_to_cart_link_describedby_2160\" class=\"screen-reader-text\">\n\t\t\t<\/span>\n<\/li>\n<li class=\"product type-product post-2167 status-publish instock product_cat-spritze has-post-thumbnail taxable shipping-taxable product-type-simple\">\n\t<a href=\"https:\/\/sysmatec.ch\/de\/Produkt\/pp-spritze\/\" class=\"woocommerce-LoopProduct-link woocommerce-loop-product__link\"><img loading=\"lazy\" decoding=\"async\" width=\"211\" height=\"112\" src=\"https:\/\/sysmatec.ch\/wp-content\/uploads\/2019\/01\/Seringue-PP.gif\" class=\"attachment-woocommerce_thumbnail size-woocommerce_thumbnail\" alt=\"PP-Spritze\" \/><h2 class=\"woocommerce-loop-product__title\">PP-Spritze<\/h2>\n<\/a><a href=\"https:\/\/sysmatec.ch\/de\/Produkt\/pp-spritze\/\" aria-describedby=\"woocommerce_loop_add_to_cart_link_describedby_2167\" data-quantity=\"1\" class=\"button product_type_simple\" data-product_id=\"2167\" data-product_sku=\"\" aria-label=\"Lese mehr \u00fcber &#8222;PP-Spritze&#8220;\" rel=\"nofollow\" data-success_message=\"\">Weiterlesen<\/a>\t<span id=\"woocommerce_loop_add_to_cart_link_describedby_2167\" class=\"screen-reader-text\">\n\t\t\t<\/span>\n<\/li>\n<li class=\"product type-product post-2165 status-publish instock product_cat-spritze has-post-thumbnail taxable shipping-taxable product-type-simple\">\n\t<a href=\"https:\/\/sysmatec.ch\/de\/Produkt\/glas-spritze\/\" class=\"woocommerce-LoopProduct-link woocommerce-loop-product__link\"><img loading=\"lazy\" decoding=\"async\" width=\"195\" height=\"106\" src=\"https:\/\/sysmatec.ch\/wp-content\/uploads\/2019\/01\/Seringue_ArtiGlass.gif\" class=\"attachment-woocommerce_thumbnail size-woocommerce_thumbnail\" alt=\"Glas-Spritze\" \/><h2 class=\"woocommerce-loop-product__title\">Glas-Spritze<\/h2>\n<\/a><a href=\"https:\/\/sysmatec.ch\/de\/Produkt\/glas-spritze\/\" aria-describedby=\"woocommerce_loop_add_to_cart_link_describedby_2165\" data-quantity=\"1\" class=\"button product_type_simple\" data-product_id=\"2165\" data-product_sku=\"\" aria-label=\"Lese mehr \u00fcber &#8222;Glas-Spritze&#8220;\" rel=\"nofollow\" data-success_message=\"\">Weiterlesen<\/a>\t<span id=\"woocommerce_loop_add_to_cart_link_describedby_2165\" class=\"screen-reader-text\">\n\t\t\t<\/span>\n<\/li>\n<li class=\"product type-product post-2157 status-publish last instock product_cat-spritze has-post-thumbnail taxable shipping-taxable product-type-simple\">\n\t<a href=\"https:\/\/sysmatec.ch\/de\/Produkt\/glass-spritze-serie-1000\/\" class=\"woocommerce-LoopProduct-link woocommerce-loop-product__link\"><img loading=\"lazy\" decoding=\"async\" width=\"170\" height=\"127\" src=\"https:\/\/sysmatec.ch\/wp-content\/uploads\/2019\/01\/Seringue_HamiltonType1000.jpg\" class=\"attachment-woocommerce_thumbnail size-woocommerce_thumbnail\" alt=\"Glass Spritze Serie 1000\" \/><h2 class=\"woocommerce-loop-product__title\">Glass Spritze Serie 1000<\/h2>\n<\/a><a href=\"https:\/\/sysmatec.ch\/de\/Produkt\/glass-spritze-serie-1000\/\" aria-describedby=\"woocommerce_loop_add_to_cart_link_describedby_2157\" data-quantity=\"1\" class=\"button product_type_simple\" data-product_id=\"2157\" data-product_sku=\"\" aria-label=\"Lese mehr \u00fcber &#8222;Glass Spritze Serie 1000&#8220;\" rel=\"nofollow\" data-success_message=\"\">Weiterlesen<\/a>\t<span id=\"woocommerce_loop_add_to_cart_link_describedby_2157\" class=\"screen-reader-text\">\n\t\t\t<\/span>\n<\/li>\n<li class=\"product type-product post-2163 status-publish first instock product_cat-spritze has-post-thumbnail taxable shipping-taxable product-type-simple\">\n\t<a href=\"https:\/\/sysmatec.ch\/de\/Produkt\/spritzespitze\/\" class=\"woocommerce-LoopProduct-link woocommerce-loop-product__link\"><img loading=\"lazy\" decoding=\"async\" width=\"183\" height=\"24\" src=\"https:\/\/sysmatec.ch\/wp-content\/uploads\/2019\/01\/Seringue_Aiguille.gif\" class=\"attachment-woocommerce_thumbnail size-woocommerce_thumbnail\" alt=\"Spritzespitze\" \/><h2 class=\"woocommerce-loop-product__title\">Spritzespitze<\/h2>\n<\/a><a href=\"https:\/\/sysmatec.ch\/de\/Produkt\/spritzespitze\/\" aria-describedby=\"woocommerce_loop_add_to_cart_link_describedby_2163\" data-quantity=\"1\" class=\"button product_type_simple\" data-product_id=\"2163\" data-product_sku=\"\" aria-label=\"Lese mehr \u00fcber &#8222;Spritzespitze&#8220;\" rel=\"nofollow\" data-success_message=\"\">Weiterlesen<\/a>\t<span id=\"woocommerce_loop_add_to_cart_link_describedby_2163\" class=\"screen-reader-text\">\n\t\t\t<\/span>\n<\/li>\n<\/ul>\n<\/div><\/p>\n","protected":false},"excerpt":{"rendered":"<p>Hier finden Sie Spritzen unterschiedlicher Gr\u00f6\u00dfe in unterschiedlichen Materialien: Glas, PP (Polypropylen) &#8230; sowie Zubeh\u00f6r wie Nadeln, Kan\u00fclen &#8230; Sie k\u00f6nnen zur Probenahme verwendet werden. Mit einer Spritzenpumpe k\u00f6nnen sehr kleine Fl\u00fcssigkeitsmengen abgegeben werden.<\/p>\n","protected":false},"author":3,"featured_media":0,"parent":0,"menu_order":0,"comment_status":"closed","ping_status":"closed","template":"","meta":{"_crdt_document":"","footnotes":""},"class_list":["post-1793","page","type-page","status-publish","hentry"],"yoast_head":"<!-- This site is optimized with the Yoast SEO plugin v27.3 - https:\/\/yoast.com\/product\/yoast-seo-wordpress\/ -->\n<title>Spritzen - Sysmatec<\/title>\n<meta name=\"description\" content=\"Spritzen unterschiedlicher Gr\u00f6\u00dfe aus unterschiedlichen Materialien wie Glas, Polypropylen und Zubeh\u00f6r wie Nadeln, Kan\u00fclen.\" \/>\n<meta name=\"robots\" content=\"index, follow, max-snippet:-1, max-image-preview:large, max-video-preview:-1\" \/>\n<link rel=\"canonical\" href=\"https:\/\/sysmatec.ch\/de\/spritze\/\" \/>\n<meta property=\"og:locale\" content=\"de_DE\" \/>\n<meta property=\"og:type\" content=\"article\" \/>\n<meta property=\"og:title\" content=\"Spritzen - Sysmatec\" \/>\n<meta property=\"og:description\" content=\"Spritzen unterschiedlicher Gr\u00f6\u00dfe aus unterschiedlichen Materialien wie Glas, Polypropylen und Zubeh\u00f6r wie Nadeln, Kan\u00fclen.\" \/>\n<meta property=\"og:url\" content=\"https:\/\/sysmatec.ch\/de\/spritze\/\" \/>\n<meta property=\"og:site_name\" content=\"Sysmatec\" \/>\n<meta property=\"article:modified_time\" content=\"2022-06-13T16:45:27+00:00\" \/>\n<meta name=\"twitter:card\" content=\"summary_large_image\" \/>\n<meta name=\"twitter:label1\" content=\"Gesch\u00e4tzte Lesezeit\" \/>\n\t<meta name=\"twitter:data1\" content=\"1\u00a0Minute\" \/>\n<script type=\"application\/ld+json\" class=\"yoast-schema-graph\">{\"@context\":\"https:\\\/\\\/schema.org\",\"@graph\":[{\"@type\":\"WebPage\",\"@id\":\"https:\\\/\\\/sysmatec.ch\\\/de\\\/spritze\\\/\",\"url\":\"https:\\\/\\\/sysmatec.ch\\\/de\\\/spritze\\\/\",\"name\":\"Spritzen - Sysmatec\",\"isPartOf\":{\"@id\":\"https:\\\/\\\/sysmatec.ch\\\/de\\\/#website\"},\"datePublished\":\"2019-01-27T14:12:38+00:00\",\"dateModified\":\"2022-06-13T16:45:27+00:00\",\"description\":\"Spritzen unterschiedlicher Gr\u00f6\u00dfe aus unterschiedlichen Materialien wie Glas, Polypropylen und Zubeh\u00f6r wie Nadeln, Kan\u00fclen.\",\"breadcrumb\":{\"@id\":\"https:\\\/\\\/sysmatec.ch\\\/de\\\/spritze\\\/#breadcrumb\"},\"inLanguage\":\"de\",\"potentialAction\":[{\"@type\":\"ReadAction\",\"target\":[\"https:\\\/\\\/sysmatec.ch\\\/de\\\/spritze\\\/\"]}]},{\"@type\":\"BreadcrumbList\",\"@id\":\"https:\\\/\\\/sysmatec.ch\\\/de\\\/spritze\\\/#breadcrumb\",\"itemListElement\":[{\"@type\":\"ListItem\",\"position\":1,\"name\":\"Accueil\",\"item\":\"https:\\\/\\\/sysmatec.ch\\\/de\\\/\"},{\"@type\":\"ListItem\",\"position\":2,\"name\":\"Spritzen\"}]},{\"@type\":\"WebSite\",\"@id\":\"https:\\\/\\\/sysmatec.ch\\\/de\\\/#website\",\"url\":\"https:\\\/\\\/sysmatec.ch\\\/de\\\/\",\"name\":\"Sysmatec\",\"description\":\"Equipement de laboratoire et logiciels\",\"publisher\":{\"@id\":\"https:\\\/\\\/sysmatec.ch\\\/de\\\/#organization\"},\"potentialAction\":[{\"@type\":\"SearchAction\",\"target\":{\"@type\":\"EntryPoint\",\"urlTemplate\":\"https:\\\/\\\/sysmatec.ch\\\/de\\\/?s={search_term_string}\"},\"query-input\":{\"@type\":\"PropertyValueSpecification\",\"valueRequired\":true,\"valueName\":\"search_term_string\"}}],\"inLanguage\":\"de\"},{\"@type\":\"Organization\",\"@id\":\"https:\\\/\\\/sysmatec.ch\\\/de\\\/#organization\",\"name\":\"Sysmatec\",\"url\":\"https:\\\/\\\/sysmatec.ch\\\/de\\\/\",\"logo\":{\"@type\":\"ImageObject\",\"inLanguage\":\"de\",\"@id\":\"https:\\\/\\\/sysmatec.ch\\\/de\\\/#\\\/schema\\\/logo\\\/image\\\/\",\"url\":\"https:\\\/\\\/sysmatec.ch\\\/wp-content\\\/uploads\\\/2018\\\/11\\\/LogoSysmatec.jpg\",\"contentUrl\":\"https:\\\/\\\/sysmatec.ch\\\/wp-content\\\/uploads\\\/2018\\\/11\\\/LogoSysmatec.jpg\",\"width\":301,\"height\":297,\"caption\":\"Sysmatec\"},\"image\":{\"@id\":\"https:\\\/\\\/sysmatec.ch\\\/de\\\/#\\\/schema\\\/logo\\\/image\\\/\"}}]}<\/script>\n<!-- \/ Yoast SEO plugin. -->","yoast_head_json":{"title":"Spritzen - Sysmatec","description":"Spritzen unterschiedlicher Gr\u00f6\u00dfe aus unterschiedlichen Materialien wie Glas, Polypropylen und Zubeh\u00f6r wie Nadeln, Kan\u00fclen.","robots":{"index":"index","follow":"follow","max-snippet":"max-snippet:-1","max-image-preview":"max-image-preview:large","max-video-preview":"max-video-preview:-1"},"canonical":"https:\/\/sysmatec.ch\/de\/spritze\/","og_locale":"de_DE","og_type":"article","og_title":"Spritzen - Sysmatec","og_description":"Spritzen unterschiedlicher Gr\u00f6\u00dfe aus unterschiedlichen Materialien wie Glas, Polypropylen und Zubeh\u00f6r wie Nadeln, Kan\u00fclen.","og_url":"https:\/\/sysmatec.ch\/de\/spritze\/","og_site_name":"Sysmatec","article_modified_time":"2022-06-13T16:45:27+00:00","twitter_card":"summary_large_image","twitter_misc":{"Gesch\u00e4tzte Lesezeit":"1\u00a0Minute"},"schema":{"@context":"https:\/\/schema.org","@graph":[{"@type":"WebPage","@id":"https:\/\/sysmatec.ch\/de\/spritze\/","url":"https:\/\/sysmatec.ch\/de\/spritze\/","name":"Spritzen - Sysmatec","isPartOf":{"@id":"https:\/\/sysmatec.ch\/de\/#website"},"datePublished":"2019-01-27T14:12:38+00:00","dateModified":"2022-06-13T16:45:27+00:00","description":"Spritzen unterschiedlicher Gr\u00f6\u00dfe aus unterschiedlichen Materialien wie Glas, Polypropylen und Zubeh\u00f6r wie Nadeln, Kan\u00fclen.","breadcrumb":{"@id":"https:\/\/sysmatec.ch\/de\/spritze\/#breadcrumb"},"inLanguage":"de","potentialAction":[{"@type":"ReadAction","target":["https:\/\/sysmatec.ch\/de\/spritze\/"]}]},{"@type":"BreadcrumbList","@id":"https:\/\/sysmatec.ch\/de\/spritze\/#breadcrumb","itemListElement":[{"@type":"ListItem","position":1,"name":"Accueil","item":"https:\/\/sysmatec.ch\/de\/"},{"@type":"ListItem","position":2,"name":"Spritzen"}]},{"@type":"WebSite","@id":"https:\/\/sysmatec.ch\/de\/#website","url":"https:\/\/sysmatec.ch\/de\/","name":"Sysmatec","description":"Equipement de laboratoire et logiciels","publisher":{"@id":"https:\/\/sysmatec.ch\/de\/#organization"},"potentialAction":[{"@type":"SearchAction","target":{"@type":"EntryPoint","urlTemplate":"https:\/\/sysmatec.ch\/de\/?s={search_term_string}"},"query-input":{"@type":"PropertyValueSpecification","valueRequired":true,"valueName":"search_term_string"}}],"inLanguage":"de"},{"@type":"Organization","@id":"https:\/\/sysmatec.ch\/de\/#organization","name":"Sysmatec","url":"https:\/\/sysmatec.ch\/de\/","logo":{"@type":"ImageObject","inLanguage":"de","@id":"https:\/\/sysmatec.ch\/de\/#\/schema\/logo\/image\/","url":"https:\/\/sysmatec.ch\/wp-content\/uploads\/2018\/11\/LogoSysmatec.jpg","contentUrl":"https:\/\/sysmatec.ch\/wp-content\/uploads\/2018\/11\/LogoSysmatec.jpg","width":301,"height":297,"caption":"Sysmatec"},"image":{"@id":"https:\/\/sysmatec.ch\/de\/#\/schema\/logo\/image\/"}}]}},"_links":{"self":[{"href":"https:\/\/sysmatec.ch\/de\/wp-json\/wp\/v2\/pages\/1793","targetHints":{"allow":["GET"]}}],"collection":[{"href":"https:\/\/sysmatec.ch\/de\/wp-json\/wp\/v2\/pages"}],"about":[{"href":"https:\/\/sysmatec.ch\/de\/wp-json\/wp\/v2\/types\/page"}],"author":[{"embeddable":true,"href":"https:\/\/sysmatec.ch\/de\/wp-json\/wp\/v2\/users\/3"}],"replies":[{"embeddable":true,"href":"https:\/\/sysmatec.ch\/de\/wp-json\/wp\/v2\/comments?post=1793"}],"version-history":[{"count":3,"href":"https:\/\/sysmatec.ch\/de\/wp-json\/wp\/v2\/pages\/1793\/revisions"}],"predecessor-version":[{"id":21222,"href":"https:\/\/sysmatec.ch\/de\/wp-json\/wp\/v2\/pages\/1793\/revisions\/21222"}],"wp:attachment":[{"href":"https:\/\/sysmatec.ch\/de\/wp-json\/wp\/v2\/media?parent=1793"}],"curies":[{"name":"wp","href":"https:\/\/api.w.org\/{rel}","templated":true}]}}