{"id":1785,"date":"2019-01-27T15:04:32","date_gmt":"2019-01-27T14:04:32","guid":{"rendered":"https:\/\/sysmatec.ch\/?page_id=1785"},"modified":"2022-06-13T17:27:24","modified_gmt":"2022-06-13T15:27:24","slug":"aktionen","status":"publish","type":"page","link":"https:\/\/sysmatec.ch\/de\/aktionen\/","title":{"rendered":"Aktionen"},"content":{"rendered":"\n<p class=\"wp-block-paragraph\">Hier finden Sie unsere aktuellen und zuk\u00fcnftigen Angebote: Ger\u00e4te und Verbrauchsmaterialien zu reduzierten Preisen.<\/p>\n\n\n\n<p class=\"wp-block-paragraph\"><div class=\"woocommerce columns-4 \"><ul class=\"products columns-4\">\n<li class=\"product type-product post-29620 status-publish first instock product_cat-peristaltisch product_cat-pumpe product_cat-sonderangebot has-post-thumbnail taxable shipping-taxable product-type-simple\">\n\t<a href=\"https:\/\/sysmatec.ch\/de\/Produkt\/peristaltische-pumpe-ipl-10-200\/\" class=\"woocommerce-LoopProduct-link woocommerce-loop-product__link\"><img loading=\"lazy\" decoding=\"async\" width=\"324\" height=\"324\" src=\"https:\/\/sysmatec.ch\/wp-content\/uploads\/2024\/06\/PompePerisltaltique_IPL10-200-NEW-324x324.png\" class=\"attachment-woocommerce_thumbnail size-woocommerce_thumbnail\" alt=\"Peristaltische Pumpe IPL 10\/200\" srcset=\"https:\/\/sysmatec.ch\/wp-content\/uploads\/2024\/06\/PompePerisltaltique_IPL10-200-NEW-324x324.png 324w, https:\/\/sysmatec.ch\/wp-content\/uploads\/2024\/06\/PompePerisltaltique_IPL10-200-NEW-300x300.png 300w, https:\/\/sysmatec.ch\/wp-content\/uploads\/2024\/06\/PompePerisltaltique_IPL10-200-NEW-150x150.png 150w, https:\/\/sysmatec.ch\/wp-content\/uploads\/2024\/06\/PompePerisltaltique_IPL10-200-NEW-768x768.png 768w, https:\/\/sysmatec.ch\/wp-content\/uploads\/2024\/06\/PompePerisltaltique_IPL10-200-NEW-416x416.png 416w, https:\/\/sysmatec.ch\/wp-content\/uploads\/2024\/06\/PompePerisltaltique_IPL10-200-NEW-100x100.png 100w, https:\/\/sysmatec.ch\/wp-content\/uploads\/2024\/06\/PompePerisltaltique_IPL10-200-NEW.png 800w\" sizes=\"auto, (max-width: 324px) 100vw, 324px\" \/><h2 class=\"woocommerce-loop-product__title\">Peristaltische Pumpe IPL 10\/200<\/h2>\n<\/a><a href=\"https:\/\/sysmatec.ch\/de\/Produkt\/peristaltische-pumpe-ipl-10-200\/\" aria-describedby=\"woocommerce_loop_add_to_cart_link_describedby_29620\" data-quantity=\"1\" class=\"button product_type_simple\" data-product_id=\"29620\" data-product_sku=\"\" aria-label=\"Lese mehr \u00fcber &#8222;Peristaltische Pumpe IPL 10\/200&#8220;\" rel=\"nofollow\" data-success_message=\"\">Weiterlesen<\/a>\t<span id=\"woocommerce_loop_add_to_cart_link_describedby_29620\" class=\"screen-reader-text\">\n\t\t\t<\/span>\n<\/li>\n<li class=\"product type-product post-28084 status-publish instock product_cat-peristaltisch product_cat-pumpe product_cat-sonderangebot has-post-thumbnail taxable shipping-taxable product-type-simple\">\n\t<a href=\"https:\/\/sysmatec.ch\/de\/Produkt\/peristaltische-pumpe-ips24\/\" class=\"woocommerce-LoopProduct-link woocommerce-loop-product__link\"><img loading=\"lazy\" decoding=\"async\" width=\"324\" height=\"324\" src=\"https:\/\/sysmatec.ch\/wp-content\/uploads\/2022\/09\/PompePeristaltique_IPS24-324x324.png\" class=\"attachment-woocommerce_thumbnail size-woocommerce_thumbnail\" alt=\"Peristaltische Pumpe IPS24\" srcset=\"https:\/\/sysmatec.ch\/wp-content\/uploads\/2022\/09\/PompePeristaltique_IPS24-324x324.png 324w, https:\/\/sysmatec.ch\/wp-content\/uploads\/2022\/09\/PompePeristaltique_IPS24-300x300.png 300w, https:\/\/sysmatec.ch\/wp-content\/uploads\/2022\/09\/PompePeristaltique_IPS24-150x150.png 150w, https:\/\/sysmatec.ch\/wp-content\/uploads\/2022\/09\/PompePeristaltique_IPS24-768x768.png 768w, https:\/\/sysmatec.ch\/wp-content\/uploads\/2022\/09\/PompePeristaltique_IPS24-416x416.png 416w, https:\/\/sysmatec.ch\/wp-content\/uploads\/2022\/09\/PompePeristaltique_IPS24-100x100.png 100w, https:\/\/sysmatec.ch\/wp-content\/uploads\/2022\/09\/PompePeristaltique_IPS24.png 800w\" sizes=\"auto, (max-width: 324px) 100vw, 324px\" \/><h2 class=\"woocommerce-loop-product__title\">Peristaltische Pumpe IPS24<\/h2>\n<\/a><a href=\"https:\/\/sysmatec.ch\/de\/Produkt\/peristaltische-pumpe-ips24\/\" aria-describedby=\"woocommerce_loop_add_to_cart_link_describedby_28084\" data-quantity=\"1\" class=\"button product_type_simple\" data-product_id=\"28084\" data-product_sku=\"\" aria-label=\"Lese mehr \u00fcber &#8222;Peristaltische Pumpe IPS24&#8220;\" rel=\"nofollow\" data-success_message=\"\">Weiterlesen<\/a>\t<span id=\"woocommerce_loop_add_to_cart_link_describedby_28084\" class=\"screen-reader-text\">\n\t\t\t<\/span>\n<\/li>\n<li class=\"product type-product post-17261 status-publish instock product_cat-peristaltisch product_cat-pumpe product_cat-sonderangebot has-post-thumbnail taxable shipping-taxable product-type-simple\">\n\t<a href=\"https:\/\/sysmatec.ch\/de\/Produkt\/peristaltische-pumpe-ips30\/\" class=\"woocommerce-LoopProduct-link woocommerce-loop-product__link\"><img loading=\"lazy\" decoding=\"async\" width=\"324\" height=\"324\" src=\"https:\/\/sysmatec.ch\/wp-content\/uploads\/2020\/02\/PompePeristaltique_IPS30-324x324.png\" class=\"attachment-woocommerce_thumbnail size-woocommerce_thumbnail\" alt=\"Peristaltische Pumpe IPS30\" srcset=\"https:\/\/sysmatec.ch\/wp-content\/uploads\/2020\/02\/PompePeristaltique_IPS30-324x324.png 324w, https:\/\/sysmatec.ch\/wp-content\/uploads\/2020\/02\/PompePeristaltique_IPS30-300x300.png 300w, https:\/\/sysmatec.ch\/wp-content\/uploads\/2020\/02\/PompePeristaltique_IPS30-150x150.png 150w, https:\/\/sysmatec.ch\/wp-content\/uploads\/2020\/02\/PompePeristaltique_IPS30-768x768.png 768w, https:\/\/sysmatec.ch\/wp-content\/uploads\/2020\/02\/PompePeristaltique_IPS30-416x416.png 416w, https:\/\/sysmatec.ch\/wp-content\/uploads\/2020\/02\/PompePeristaltique_IPS30-100x100.png 100w, https:\/\/sysmatec.ch\/wp-content\/uploads\/2020\/02\/PompePeristaltique_IPS30.png 800w\" sizes=\"auto, (max-width: 324px) 100vw, 324px\" \/><h2 class=\"woocommerce-loop-product__title\">Peristaltische Pumpe IPS30<\/h2>\n<\/a><a href=\"https:\/\/sysmatec.ch\/de\/Produkt\/peristaltische-pumpe-ips30\/\" aria-describedby=\"woocommerce_loop_add_to_cart_link_describedby_17261\" data-quantity=\"1\" class=\"button product_type_simple\" data-product_id=\"17261\" data-product_sku=\"\" aria-label=\"Lese mehr \u00fcber &#8222;Peristaltische Pumpe IPS30&#8220;\" rel=\"nofollow\" data-success_message=\"\">Weiterlesen<\/a>\t<span id=\"woocommerce_loop_add_to_cart_link_describedby_17261\" class=\"screen-reader-text\">\n\t\t\t<\/span>\n<\/li>\n<li class=\"product type-product post-30578 status-publish last instock product_cat-peristaltisch product_cat-pumpe product_cat-sonderangebot has-post-thumbnail taxable shipping-taxable product-type-simple\">\n\t<a href=\"https:\/\/sysmatec.ch\/de\/Produkt\/schlauch-lez-san-fuer-schlauchpumpe\/\" class=\"woocommerce-LoopProduct-link woocommerce-loop-product__link\"><img loading=\"lazy\" decoding=\"async\" width=\"324\" height=\"324\" src=\"https:\/\/sysmatec.ch\/wp-content\/uploads\/2025\/04\/TuyauTPE30x45-324x324.jpg\" class=\"attachment-woocommerce_thumbnail size-woocommerce_thumbnail\" alt=\"Schlauch LEZ SAN f\u00fcr Schlauchpumpe\" srcset=\"https:\/\/sysmatec.ch\/wp-content\/uploads\/2025\/04\/TuyauTPE30x45-324x324.jpg 324w, https:\/\/sysmatec.ch\/wp-content\/uploads\/2025\/04\/TuyauTPE30x45-150x150.jpg 150w, https:\/\/sysmatec.ch\/wp-content\/uploads\/2025\/04\/TuyauTPE30x45-100x100.jpg 100w\" sizes=\"auto, (max-width: 324px) 100vw, 324px\" \/><h2 class=\"woocommerce-loop-product__title\">Schlauch LEZ SAN f\u00fcr Schlauchpumpe<\/h2>\n<\/a><a href=\"https:\/\/sysmatec.ch\/de\/Produkt\/schlauch-lez-san-fuer-schlauchpumpe\/\" aria-describedby=\"woocommerce_loop_add_to_cart_link_describedby_30578\" data-quantity=\"1\" class=\"button product_type_simple\" data-product_id=\"30578\" data-product_sku=\"\" aria-label=\"Lese mehr \u00fcber &#8222;Schlauch LEZ SAN f\u00fcr Schlauchpumpe&#8220;\" rel=\"nofollow\" data-success_message=\"\">Weiterlesen<\/a>\t<span id=\"woocommerce_loop_add_to_cart_link_describedby_30578\" class=\"screen-reader-text\">\n\t\t\t<\/span>\n<\/li>\n<li class=\"product type-product post-29094 status-publish first instock product_cat-autoklav product_cat-sonderangebot has-post-thumbnail taxable shipping-taxable product-type-simple\">\n\t<a href=\"https:\/\/sysmatec.ch\/de\/Produkt\/autoklave-nyla-typ-b\/\" class=\"woocommerce-LoopProduct-link woocommerce-loop-product__link\"><img loading=\"lazy\" decoding=\"async\" width=\"324\" height=\"324\" src=\"https:\/\/sysmatec.ch\/wp-content\/uploads\/2024\/02\/AutoclaveNyla_Newmed1-324x324.jpg\" class=\"attachment-woocommerce_thumbnail size-woocommerce_thumbnail\" alt=\"Autoklave Nyla Typ B\" srcset=\"https:\/\/sysmatec.ch\/wp-content\/uploads\/2024\/02\/AutoclaveNyla_Newmed1-324x324.jpg 324w, https:\/\/sysmatec.ch\/wp-content\/uploads\/2024\/02\/AutoclaveNyla_Newmed1-100x100.jpg 100w, https:\/\/sysmatec.ch\/wp-content\/uploads\/2024\/02\/AutoclaveNyla_Newmed1-150x150.jpg 150w\" sizes=\"auto, (max-width: 324px) 100vw, 324px\" \/><h2 class=\"woocommerce-loop-product__title\">Autoklave Nyla Typ B<\/h2>\n<\/a><a href=\"https:\/\/sysmatec.ch\/de\/Produkt\/autoklave-nyla-typ-b\/\" aria-describedby=\"woocommerce_loop_add_to_cart_link_describedby_29094\" data-quantity=\"1\" class=\"button product_type_simple\" data-product_id=\"29094\" data-product_sku=\"\" aria-label=\"Lese mehr \u00fcber &#8222;Autoklave Nyla Typ B&#8220;\" rel=\"nofollow\" data-success_message=\"\">Weiterlesen<\/a>\t<span id=\"woocommerce_loop_add_to_cart_link_describedby_29094\" class=\"screen-reader-text\">\n\t\t\t<\/span>\n<\/li>\n<\/ul>\n<\/div><\/p>\n","protected":false},"excerpt":{"rendered":"<p>Hier finden Sie unsere aktuellen und zuk\u00fcnftigen Angebote: Ger\u00e4te und Verbrauchsmaterialien zu reduzierten Preisen.<\/p>\n","protected":false},"author":3,"featured_media":0,"parent":0,"menu_order":0,"comment_status":"closed","ping_status":"closed","template":"","meta":{"_crdt_document":"","footnotes":""},"class_list":["post-1785","page","type-page","status-publish","hentry"],"yoast_head":"<!-- This site is optimized with the Yoast SEO plugin v27.3 - https:\/\/yoast.com\/product\/yoast-seo-wordpress\/ -->\n<title>Aktionen - Sysmatec<\/title>\n<meta name=\"description\" content=\"Hier finden Sie unsere aktuellen und zuk\u00fcnftigen Aktionen: Ger\u00e4te und Verbrauchsmaterialien zu reduzierten Preisen sowie Gebrauchtger\u00e4te.\" \/>\n<meta name=\"robots\" content=\"index, follow, max-snippet:-1, max-image-preview:large, max-video-preview:-1\" \/>\n<link rel=\"canonical\" href=\"https:\/\/sysmatec.ch\/de\/aktionen\/\" \/>\n<meta property=\"og:locale\" content=\"de_DE\" \/>\n<meta property=\"og:type\" content=\"article\" \/>\n<meta property=\"og:title\" content=\"Aktionen - Sysmatec\" \/>\n<meta property=\"og:description\" content=\"Hier finden Sie unsere aktuellen und zuk\u00fcnftigen Aktionen: Ger\u00e4te und Verbrauchsmaterialien zu reduzierten Preisen sowie Gebrauchtger\u00e4te.\" \/>\n<meta property=\"og:url\" content=\"https:\/\/sysmatec.ch\/de\/aktionen\/\" \/>\n<meta property=\"og:site_name\" content=\"Sysmatec\" \/>\n<meta property=\"article:modified_time\" content=\"2022-06-13T15:27:24+00:00\" \/>\n<meta name=\"twitter:card\" content=\"summary_large_image\" \/>\n<meta name=\"twitter:label1\" content=\"Gesch\u00e4tzte Lesezeit\" \/>\n\t<meta name=\"twitter:data1\" content=\"1\u00a0Minute\" \/>\n<script type=\"application\/ld+json\" class=\"yoast-schema-graph\">{\"@context\":\"https:\\\/\\\/schema.org\",\"@graph\":[{\"@type\":\"WebPage\",\"@id\":\"https:\\\/\\\/sysmatec.ch\\\/de\\\/aktionen\\\/\",\"url\":\"https:\\\/\\\/sysmatec.ch\\\/de\\\/aktionen\\\/\",\"name\":\"Aktionen - Sysmatec\",\"isPartOf\":{\"@id\":\"https:\\\/\\\/sysmatec.ch\\\/de\\\/#website\"},\"datePublished\":\"2019-01-27T14:04:32+00:00\",\"dateModified\":\"2022-06-13T15:27:24+00:00\",\"description\":\"Hier finden Sie unsere aktuellen und zuk\u00fcnftigen Aktionen: Ger\u00e4te und Verbrauchsmaterialien zu reduzierten Preisen sowie Gebrauchtger\u00e4te.\",\"breadcrumb\":{\"@id\":\"https:\\\/\\\/sysmatec.ch\\\/de\\\/aktionen\\\/#breadcrumb\"},\"inLanguage\":\"de\",\"potentialAction\":[{\"@type\":\"ReadAction\",\"target\":[\"https:\\\/\\\/sysmatec.ch\\\/de\\\/aktionen\\\/\"]}]},{\"@type\":\"BreadcrumbList\",\"@id\":\"https:\\\/\\\/sysmatec.ch\\\/de\\\/aktionen\\\/#breadcrumb\",\"itemListElement\":[{\"@type\":\"ListItem\",\"position\":1,\"name\":\"Accueil\",\"item\":\"https:\\\/\\\/sysmatec.ch\\\/de\\\/\"},{\"@type\":\"ListItem\",\"position\":2,\"name\":\"Aktionen\"}]},{\"@type\":\"WebSite\",\"@id\":\"https:\\\/\\\/sysmatec.ch\\\/de\\\/#website\",\"url\":\"https:\\\/\\\/sysmatec.ch\\\/de\\\/\",\"name\":\"Sysmatec\",\"description\":\"Equipement de laboratoire et logiciels\",\"publisher\":{\"@id\":\"https:\\\/\\\/sysmatec.ch\\\/de\\\/#organization\"},\"potentialAction\":[{\"@type\":\"SearchAction\",\"target\":{\"@type\":\"EntryPoint\",\"urlTemplate\":\"https:\\\/\\\/sysmatec.ch\\\/de\\\/?s={search_term_string}\"},\"query-input\":{\"@type\":\"PropertyValueSpecification\",\"valueRequired\":true,\"valueName\":\"search_term_string\"}}],\"inLanguage\":\"de\"},{\"@type\":\"Organization\",\"@id\":\"https:\\\/\\\/sysmatec.ch\\\/de\\\/#organization\",\"name\":\"Sysmatec\",\"url\":\"https:\\\/\\\/sysmatec.ch\\\/de\\\/\",\"logo\":{\"@type\":\"ImageObject\",\"inLanguage\":\"de\",\"@id\":\"https:\\\/\\\/sysmatec.ch\\\/de\\\/#\\\/schema\\\/logo\\\/image\\\/\",\"url\":\"https:\\\/\\\/sysmatec.ch\\\/wp-content\\\/uploads\\\/2018\\\/11\\\/LogoSysmatec.jpg\",\"contentUrl\":\"https:\\\/\\\/sysmatec.ch\\\/wp-content\\\/uploads\\\/2018\\\/11\\\/LogoSysmatec.jpg\",\"width\":301,\"height\":297,\"caption\":\"Sysmatec\"},\"image\":{\"@id\":\"https:\\\/\\\/sysmatec.ch\\\/de\\\/#\\\/schema\\\/logo\\\/image\\\/\"}}]}<\/script>\n<!-- \/ Yoast SEO plugin. -->","yoast_head_json":{"title":"Aktionen - Sysmatec","description":"Hier finden Sie unsere aktuellen und zuk\u00fcnftigen Aktionen: Ger\u00e4te und Verbrauchsmaterialien zu reduzierten Preisen sowie Gebrauchtger\u00e4te.","robots":{"index":"index","follow":"follow","max-snippet":"max-snippet:-1","max-image-preview":"max-image-preview:large","max-video-preview":"max-video-preview:-1"},"canonical":"https:\/\/sysmatec.ch\/de\/aktionen\/","og_locale":"de_DE","og_type":"article","og_title":"Aktionen - Sysmatec","og_description":"Hier finden Sie unsere aktuellen und zuk\u00fcnftigen Aktionen: Ger\u00e4te und Verbrauchsmaterialien zu reduzierten Preisen sowie Gebrauchtger\u00e4te.","og_url":"https:\/\/sysmatec.ch\/de\/aktionen\/","og_site_name":"Sysmatec","article_modified_time":"2022-06-13T15:27:24+00:00","twitter_card":"summary_large_image","twitter_misc":{"Gesch\u00e4tzte Lesezeit":"1\u00a0Minute"},"schema":{"@context":"https:\/\/schema.org","@graph":[{"@type":"WebPage","@id":"https:\/\/sysmatec.ch\/de\/aktionen\/","url":"https:\/\/sysmatec.ch\/de\/aktionen\/","name":"Aktionen - Sysmatec","isPartOf":{"@id":"https:\/\/sysmatec.ch\/de\/#website"},"datePublished":"2019-01-27T14:04:32+00:00","dateModified":"2022-06-13T15:27:24+00:00","description":"Hier finden Sie unsere aktuellen und zuk\u00fcnftigen Aktionen: Ger\u00e4te und Verbrauchsmaterialien zu reduzierten Preisen sowie Gebrauchtger\u00e4te.","breadcrumb":{"@id":"https:\/\/sysmatec.ch\/de\/aktionen\/#breadcrumb"},"inLanguage":"de","potentialAction":[{"@type":"ReadAction","target":["https:\/\/sysmatec.ch\/de\/aktionen\/"]}]},{"@type":"BreadcrumbList","@id":"https:\/\/sysmatec.ch\/de\/aktionen\/#breadcrumb","itemListElement":[{"@type":"ListItem","position":1,"name":"Accueil","item":"https:\/\/sysmatec.ch\/de\/"},{"@type":"ListItem","position":2,"name":"Aktionen"}]},{"@type":"WebSite","@id":"https:\/\/sysmatec.ch\/de\/#website","url":"https:\/\/sysmatec.ch\/de\/","name":"Sysmatec","description":"Equipement de laboratoire et logiciels","publisher":{"@id":"https:\/\/sysmatec.ch\/de\/#organization"},"potentialAction":[{"@type":"SearchAction","target":{"@type":"EntryPoint","urlTemplate":"https:\/\/sysmatec.ch\/de\/?s={search_term_string}"},"query-input":{"@type":"PropertyValueSpecification","valueRequired":true,"valueName":"search_term_string"}}],"inLanguage":"de"},{"@type":"Organization","@id":"https:\/\/sysmatec.ch\/de\/#organization","name":"Sysmatec","url":"https:\/\/sysmatec.ch\/de\/","logo":{"@type":"ImageObject","inLanguage":"de","@id":"https:\/\/sysmatec.ch\/de\/#\/schema\/logo\/image\/","url":"https:\/\/sysmatec.ch\/wp-content\/uploads\/2018\/11\/LogoSysmatec.jpg","contentUrl":"https:\/\/sysmatec.ch\/wp-content\/uploads\/2018\/11\/LogoSysmatec.jpg","width":301,"height":297,"caption":"Sysmatec"},"image":{"@id":"https:\/\/sysmatec.ch\/de\/#\/schema\/logo\/image\/"}}]}},"_links":{"self":[{"href":"https:\/\/sysmatec.ch\/de\/wp-json\/wp\/v2\/pages\/1785","targetHints":{"allow":["GET"]}}],"collection":[{"href":"https:\/\/sysmatec.ch\/de\/wp-json\/wp\/v2\/pages"}],"about":[{"href":"https:\/\/sysmatec.ch\/de\/wp-json\/wp\/v2\/types\/page"}],"author":[{"embeddable":true,"href":"https:\/\/sysmatec.ch\/de\/wp-json\/wp\/v2\/users\/3"}],"replies":[{"embeddable":true,"href":"https:\/\/sysmatec.ch\/de\/wp-json\/wp\/v2\/comments?post=1785"}],"version-history":[{"count":3,"href":"https:\/\/sysmatec.ch\/de\/wp-json\/wp\/v2\/pages\/1785\/revisions"}],"predecessor-version":[{"id":21305,"href":"https:\/\/sysmatec.ch\/de\/wp-json\/wp\/v2\/pages\/1785\/revisions\/21305"}],"wp:attachment":[{"href":"https:\/\/sysmatec.ch\/de\/wp-json\/wp\/v2\/media?parent=1785"}],"curies":[{"name":"wp","href":"https:\/\/api.w.org\/{rel}","templated":true}]}}