{"id":1781,"date":"2019-01-27T14:58:25","date_gmt":"2019-01-27T13:58:25","guid":{"rendered":"https:\/\/sysmatec.ch\/?page_id=1781"},"modified":"2022-06-13T17:07:29","modified_gmt":"2022-06-13T15:07:29","slug":"mustervorbereitung","status":"publish","type":"page","link":"https:\/\/sysmatec.ch\/de\/mustervorbereitung\/","title":{"rendered":"Mustervorbereitung"},"content":{"rendered":"\n<p class=\"wp-block-paragraph\">Vorbereitung der Probe f\u00fcr die Analyse. Hier finden Sie ein Verd\u00fcnnungssystem, mit dem Sie eine Probe verd\u00fcnnen k\u00f6nnen, indem Sie beispielsweise der auf einer Waage befindlichen Probe, m\u00f6glicherweise in einem <a href=\"https:\/\/sysmatec.ch\/de\/probenentnahme\/\">Beutel<\/a>, eine Menge Wasser hinzuf\u00fcgen. Die Proben k\u00f6nnen dann gemahlen werden, um eine homogene Mischung zu erhalten.<\/p>\n\n\n\n<p class=\"wp-block-paragraph\"><div class=\"woocommerce columns-4 \"><ul class=\"products columns-4\">\n<li class=\"product type-product post-2208 status-publish first instock product_cat-probe product_cat-vorbereitung has-post-thumbnail taxable shipping-taxable product-type-simple\">\n\t<a href=\"https:\/\/sysmatec.ch\/de\/Produkt\/gravimetrischer-verduenner-lab-pro\/\" class=\"woocommerce-LoopProduct-link woocommerce-loop-product__link\"><img loading=\"lazy\" decoding=\"async\" width=\"210\" height=\"158\" src=\"https:\/\/sysmatec.ch\/wp-content\/uploads\/2019\/01\/PreparationEchantillon_LabPro.gif\" class=\"attachment-woocommerce_thumbnail size-woocommerce_thumbnail\" alt=\"Gravimetrischer Verd\u00fcnner Lab Pro\" \/><h2 class=\"woocommerce-loop-product__title\">Gravimetrischer Verd\u00fcnner Lab Pro<\/h2>\n<\/a><a href=\"https:\/\/sysmatec.ch\/de\/Produkt\/gravimetrischer-verduenner-lab-pro\/\" aria-describedby=\"woocommerce_loop_add_to_cart_link_describedby_2208\" data-quantity=\"1\" class=\"button product_type_simple\" data-product_id=\"2208\" data-product_sku=\"\" aria-label=\"Lese mehr \u00fcber &#8222;Gravimetrischer Verd\u00fcnner Lab Pro&#8220;\" rel=\"nofollow\" data-success_message=\"\">Weiterlesen<\/a>\t<span id=\"woocommerce_loop_add_to_cart_link_describedby_2208\" class=\"screen-reader-text\">\n\t\t\t<\/span>\n<\/li>\n<li class=\"product type-product post-30914 status-publish instock product_cat-probe product_cat-vorbereitung has-post-thumbnail taxable shipping-taxable product-type-simple\">\n\t<a href=\"https:\/\/sysmatec.ch\/de\/Produkt\/kuehlbarer-labor-proben-homogenisator-deimos\/\" class=\"woocommerce-LoopProduct-link woocommerce-loop-product__link\"><img loading=\"lazy\" decoding=\"async\" width=\"324\" height=\"324\" src=\"https:\/\/sysmatec.ch\/wp-content\/uploads\/2025\/12\/Homogeneisateur_DeimosAstori1-324x324.jpg\" class=\"attachment-woocommerce_thumbnail size-woocommerce_thumbnail\" alt=\"K\u00fchlbarer Labor Proben Homogenisator DEIMOS\" srcset=\"https:\/\/sysmatec.ch\/wp-content\/uploads\/2025\/12\/Homogeneisateur_DeimosAstori1-324x324.jpg 324w, https:\/\/sysmatec.ch\/wp-content\/uploads\/2025\/12\/Homogeneisateur_DeimosAstori1-150x150.jpg 150w, https:\/\/sysmatec.ch\/wp-content\/uploads\/2025\/12\/Homogeneisateur_DeimosAstori1-100x100.jpg 100w\" sizes=\"auto, (max-width: 324px) 100vw, 324px\" \/><h2 class=\"woocommerce-loop-product__title\">K\u00fchlbarer Labor Proben Homogenisator DEIMOS<\/h2>\n<\/a><a href=\"https:\/\/sysmatec.ch\/de\/Produkt\/kuehlbarer-labor-proben-homogenisator-deimos\/\" aria-describedby=\"woocommerce_loop_add_to_cart_link_describedby_30914\" data-quantity=\"1\" class=\"button product_type_simple\" data-product_id=\"30914\" data-product_sku=\"\" aria-label=\"Lese mehr \u00fcber &#8222;K\u00fchlbarer Labor Proben Homogenisator DEIMOS&#8220;\" rel=\"nofollow\" data-success_message=\"\">Weiterlesen<\/a>\t<span id=\"woocommerce_loop_add_to_cart_link_describedby_30914\" class=\"screen-reader-text\">\n\t\t\t<\/span>\n<\/li>\n<li class=\"product type-product post-2210 status-publish instock product_cat-probe product_cat-vorbereitung has-post-thumbnail taxable shipping-taxable product-type-simple\">\n\t<a href=\"https:\/\/sysmatec.ch\/de\/Produkt\/stomacher-blender-lz-smb-a100\/\" class=\"woocommerce-LoopProduct-link woocommerce-loop-product__link\"><img loading=\"lazy\" decoding=\"async\" width=\"250\" height=\"250\" src=\"https:\/\/sysmatec.ch\/wp-content\/uploads\/2019\/01\/MalaxeurStomacal_LabozonLZ-SMB-A100.jpg\" class=\"attachment-woocommerce_thumbnail size-woocommerce_thumbnail\" alt=\"Stomacher Blender LZ SMB A100\" srcset=\"https:\/\/sysmatec.ch\/wp-content\/uploads\/2019\/01\/MalaxeurStomacal_LabozonLZ-SMB-A100.jpg 250w, https:\/\/sysmatec.ch\/wp-content\/uploads\/2019\/01\/MalaxeurStomacal_LabozonLZ-SMB-A100-100x100.jpg 100w, https:\/\/sysmatec.ch\/wp-content\/uploads\/2019\/01\/MalaxeurStomacal_LabozonLZ-SMB-A100-150x150.jpg 150w\" sizes=\"auto, (max-width: 250px) 100vw, 250px\" \/><h2 class=\"woocommerce-loop-product__title\">Stomacher Blender LZ SMB A100<\/h2>\n<\/a><a href=\"https:\/\/sysmatec.ch\/de\/Produkt\/stomacher-blender-lz-smb-a100\/\" aria-describedby=\"woocommerce_loop_add_to_cart_link_describedby_2210\" data-quantity=\"1\" class=\"button product_type_simple\" data-product_id=\"2210\" data-product_sku=\"\" aria-label=\"Lese mehr \u00fcber &#8222;Stomacher Blender LZ SMB A100&#8220;\" rel=\"nofollow\" data-success_message=\"\">Weiterlesen<\/a>\t<span id=\"woocommerce_loop_add_to_cart_link_describedby_2210\" class=\"screen-reader-text\">\n\t\t\t<\/span>\n<\/li>\n<\/ul>\n<\/div><\/p>\n","protected":false},"excerpt":{"rendered":"<p>Vorbereitung der Probe f\u00fcr die Analyse. Hier finden Sie ein Verd\u00fcnnungssystem, mit dem Sie eine Probe verd\u00fcnnen k\u00f6nnen, indem Sie beispielsweise der auf einer Waage befindlichen Probe, m\u00f6glicherweise in einem Beutel, eine Menge Wasser hinzuf\u00fcgen. Die Proben k\u00f6nnen dann gemahlen werden, um eine homogene Mischung zu erhalten.<\/p>\n","protected":false},"author":3,"featured_media":0,"parent":0,"menu_order":0,"comment_status":"closed","ping_status":"closed","template":"","meta":{"_crdt_document":"","footnotes":""},"class_list":["post-1781","page","type-page","status-publish","hentry"],"yoast_head":"<!-- This site is optimized with the Yoast SEO plugin v27.4 - https:\/\/yoast.com\/product\/yoast-seo-wordpress\/ -->\n<title>Mustervorbereitung - Sysmatec<\/title>\n<meta name=\"description\" content=\"Probenvorbereitung f\u00fcr die Analyse, automatisches Verd\u00fcnnungssystem mit an eine Waage angeschlossener Pumpe.\" \/>\n<meta name=\"robots\" content=\"index, follow, max-snippet:-1, max-image-preview:large, max-video-preview:-1\" \/>\n<link rel=\"canonical\" href=\"https:\/\/sysmatec.ch\/de\/mustervorbereitung\/\" \/>\n<meta property=\"og:locale\" content=\"de_DE\" \/>\n<meta property=\"og:type\" content=\"article\" \/>\n<meta property=\"og:title\" content=\"Mustervorbereitung - Sysmatec\" \/>\n<meta property=\"og:description\" content=\"Probenvorbereitung f\u00fcr die Analyse, automatisches Verd\u00fcnnungssystem mit an eine Waage angeschlossener Pumpe.\" \/>\n<meta property=\"og:url\" content=\"https:\/\/sysmatec.ch\/de\/mustervorbereitung\/\" \/>\n<meta property=\"og:site_name\" content=\"Sysmatec\" \/>\n<meta property=\"article:modified_time\" content=\"2022-06-13T15:07:29+00:00\" \/>\n<meta name=\"twitter:card\" content=\"summary_large_image\" \/>\n<meta name=\"twitter:label1\" content=\"Gesch\u00e4tzte Lesezeit\" \/>\n\t<meta name=\"twitter:data1\" content=\"1\u00a0Minute\" \/>\n<script type=\"application\/ld+json\" class=\"yoast-schema-graph\">{\"@context\":\"https:\\\/\\\/schema.org\",\"@graph\":[{\"@type\":\"WebPage\",\"@id\":\"https:\\\/\\\/sysmatec.ch\\\/de\\\/mustervorbereitung\\\/\",\"url\":\"https:\\\/\\\/sysmatec.ch\\\/de\\\/mustervorbereitung\\\/\",\"name\":\"Mustervorbereitung - Sysmatec\",\"isPartOf\":{\"@id\":\"https:\\\/\\\/sysmatec.ch\\\/de\\\/#website\"},\"datePublished\":\"2019-01-27T13:58:25+00:00\",\"dateModified\":\"2022-06-13T15:07:29+00:00\",\"description\":\"Probenvorbereitung f\u00fcr die Analyse, automatisches Verd\u00fcnnungssystem mit an eine Waage angeschlossener Pumpe.\",\"breadcrumb\":{\"@id\":\"https:\\\/\\\/sysmatec.ch\\\/de\\\/mustervorbereitung\\\/#breadcrumb\"},\"inLanguage\":\"de\",\"potentialAction\":[{\"@type\":\"ReadAction\",\"target\":[\"https:\\\/\\\/sysmatec.ch\\\/de\\\/mustervorbereitung\\\/\"]}]},{\"@type\":\"BreadcrumbList\",\"@id\":\"https:\\\/\\\/sysmatec.ch\\\/de\\\/mustervorbereitung\\\/#breadcrumb\",\"itemListElement\":[{\"@type\":\"ListItem\",\"position\":1,\"name\":\"Accueil\",\"item\":\"https:\\\/\\\/sysmatec.ch\\\/de\\\/\"},{\"@type\":\"ListItem\",\"position\":2,\"name\":\"Mustervorbereitung\"}]},{\"@type\":\"WebSite\",\"@id\":\"https:\\\/\\\/sysmatec.ch\\\/de\\\/#website\",\"url\":\"https:\\\/\\\/sysmatec.ch\\\/de\\\/\",\"name\":\"Sysmatec\",\"description\":\"Equipement de laboratoire et logiciels\",\"publisher\":{\"@id\":\"https:\\\/\\\/sysmatec.ch\\\/de\\\/#organization\"},\"potentialAction\":[{\"@type\":\"SearchAction\",\"target\":{\"@type\":\"EntryPoint\",\"urlTemplate\":\"https:\\\/\\\/sysmatec.ch\\\/de\\\/?s={search_term_string}\"},\"query-input\":{\"@type\":\"PropertyValueSpecification\",\"valueRequired\":true,\"valueName\":\"search_term_string\"}}],\"inLanguage\":\"de\"},{\"@type\":\"Organization\",\"@id\":\"https:\\\/\\\/sysmatec.ch\\\/de\\\/#organization\",\"name\":\"Sysmatec\",\"url\":\"https:\\\/\\\/sysmatec.ch\\\/de\\\/\",\"logo\":{\"@type\":\"ImageObject\",\"inLanguage\":\"de\",\"@id\":\"https:\\\/\\\/sysmatec.ch\\\/de\\\/#\\\/schema\\\/logo\\\/image\\\/\",\"url\":\"https:\\\/\\\/sysmatec.ch\\\/wp-content\\\/uploads\\\/2018\\\/11\\\/LogoSysmatec.jpg\",\"contentUrl\":\"https:\\\/\\\/sysmatec.ch\\\/wp-content\\\/uploads\\\/2018\\\/11\\\/LogoSysmatec.jpg\",\"width\":301,\"height\":297,\"caption\":\"Sysmatec\"},\"image\":{\"@id\":\"https:\\\/\\\/sysmatec.ch\\\/de\\\/#\\\/schema\\\/logo\\\/image\\\/\"}}]}<\/script>\n<!-- \/ Yoast SEO plugin. -->","yoast_head_json":{"title":"Mustervorbereitung - Sysmatec","description":"Probenvorbereitung f\u00fcr die Analyse, automatisches Verd\u00fcnnungssystem mit an eine Waage angeschlossener Pumpe.","robots":{"index":"index","follow":"follow","max-snippet":"max-snippet:-1","max-image-preview":"max-image-preview:large","max-video-preview":"max-video-preview:-1"},"canonical":"https:\/\/sysmatec.ch\/de\/mustervorbereitung\/","og_locale":"de_DE","og_type":"article","og_title":"Mustervorbereitung - Sysmatec","og_description":"Probenvorbereitung f\u00fcr die Analyse, automatisches Verd\u00fcnnungssystem mit an eine Waage angeschlossener Pumpe.","og_url":"https:\/\/sysmatec.ch\/de\/mustervorbereitung\/","og_site_name":"Sysmatec","article_modified_time":"2022-06-13T15:07:29+00:00","twitter_card":"summary_large_image","twitter_misc":{"Gesch\u00e4tzte Lesezeit":"1\u00a0Minute"},"schema":{"@context":"https:\/\/schema.org","@graph":[{"@type":"WebPage","@id":"https:\/\/sysmatec.ch\/de\/mustervorbereitung\/","url":"https:\/\/sysmatec.ch\/de\/mustervorbereitung\/","name":"Mustervorbereitung - Sysmatec","isPartOf":{"@id":"https:\/\/sysmatec.ch\/de\/#website"},"datePublished":"2019-01-27T13:58:25+00:00","dateModified":"2022-06-13T15:07:29+00:00","description":"Probenvorbereitung f\u00fcr die Analyse, automatisches Verd\u00fcnnungssystem mit an eine Waage angeschlossener Pumpe.","breadcrumb":{"@id":"https:\/\/sysmatec.ch\/de\/mustervorbereitung\/#breadcrumb"},"inLanguage":"de","potentialAction":[{"@type":"ReadAction","target":["https:\/\/sysmatec.ch\/de\/mustervorbereitung\/"]}]},{"@type":"BreadcrumbList","@id":"https:\/\/sysmatec.ch\/de\/mustervorbereitung\/#breadcrumb","itemListElement":[{"@type":"ListItem","position":1,"name":"Accueil","item":"https:\/\/sysmatec.ch\/de\/"},{"@type":"ListItem","position":2,"name":"Mustervorbereitung"}]},{"@type":"WebSite","@id":"https:\/\/sysmatec.ch\/de\/#website","url":"https:\/\/sysmatec.ch\/de\/","name":"Sysmatec","description":"Equipement de laboratoire et logiciels","publisher":{"@id":"https:\/\/sysmatec.ch\/de\/#organization"},"potentialAction":[{"@type":"SearchAction","target":{"@type":"EntryPoint","urlTemplate":"https:\/\/sysmatec.ch\/de\/?s={search_term_string}"},"query-input":{"@type":"PropertyValueSpecification","valueRequired":true,"valueName":"search_term_string"}}],"inLanguage":"de"},{"@type":"Organization","@id":"https:\/\/sysmatec.ch\/de\/#organization","name":"Sysmatec","url":"https:\/\/sysmatec.ch\/de\/","logo":{"@type":"ImageObject","inLanguage":"de","@id":"https:\/\/sysmatec.ch\/de\/#\/schema\/logo\/image\/","url":"https:\/\/sysmatec.ch\/wp-content\/uploads\/2018\/11\/LogoSysmatec.jpg","contentUrl":"https:\/\/sysmatec.ch\/wp-content\/uploads\/2018\/11\/LogoSysmatec.jpg","width":301,"height":297,"caption":"Sysmatec"},"image":{"@id":"https:\/\/sysmatec.ch\/de\/#\/schema\/logo\/image\/"}}]}},"_links":{"self":[{"href":"https:\/\/sysmatec.ch\/de\/wp-json\/wp\/v2\/pages\/1781","targetHints":{"allow":["GET"]}}],"collection":[{"href":"https:\/\/sysmatec.ch\/de\/wp-json\/wp\/v2\/pages"}],"about":[{"href":"https:\/\/sysmatec.ch\/de\/wp-json\/wp\/v2\/types\/page"}],"author":[{"embeddable":true,"href":"https:\/\/sysmatec.ch\/de\/wp-json\/wp\/v2\/users\/3"}],"replies":[{"embeddable":true,"href":"https:\/\/sysmatec.ch\/de\/wp-json\/wp\/v2\/comments?post=1781"}],"version-history":[{"count":4,"href":"https:\/\/sysmatec.ch\/de\/wp-json\/wp\/v2\/pages\/1781\/revisions"}],"predecessor-version":[{"id":21188,"href":"https:\/\/sysmatec.ch\/de\/wp-json\/wp\/v2\/pages\/1781\/revisions\/21188"}],"wp:attachment":[{"href":"https:\/\/sysmatec.ch\/de\/wp-json\/wp\/v2\/media?parent=1781"}],"curies":[{"name":"wp","href":"https:\/\/api.w.org\/{rel}","templated":true}]}}