{"id":1734,"date":"2019-01-27T11:50:26","date_gmt":"2019-01-27T10:50:26","guid":{"rendered":"https:\/\/sysmatec.ch\/?page_id=1734"},"modified":"2022-06-12T11:52:45","modified_gmt":"2022-06-12T09:52:45","slug":"messung-von-gewicht-taschenwaage","status":"publish","type":"page","link":"https:\/\/sysmatec.ch\/de\/messung-von-gewicht-taschenwaage\/","title":{"rendered":"Messung von Gewicht, Taschenwaage"},"content":{"rendered":"\n<p class=\"wp-block-paragraph\">Die elektronischen Taschenwaagen sind sehr kompakt und leicht zu transportieren. Sie erm\u00f6glichen das Wiegen aller Arten von kleinen Gegenst\u00e4nden wie Samen und Schmuck mit einer Aufl\u00f6sung von 0.1 g bis 0.01 g.<\/p>\n\n\n\n<p class=\"wp-block-paragraph\"><div class=\"woocommerce columns-4 \"><ul class=\"products columns-4\">\n<li class=\"product type-product post-2602 status-publish first instock product_cat-gewicht product_cat-tasche has-post-thumbnail taxable shipping-taxable purchasable product-type-simple\">\n\t<a href=\"https:\/\/sysmatec.ch\/de\/Produkt\/taschenwaage-kern-cm-c-karat-waage\/\" class=\"woocommerce-LoopProduct-link woocommerce-loop-product__link\"><img loading=\"lazy\" decoding=\"async\" width=\"324\" height=\"324\" src=\"https:\/\/sysmatec.ch\/wp-content\/uploads\/2019\/02\/Balance_CM-50-C2N-324x324.jpg\" class=\"attachment-woocommerce_thumbnail size-woocommerce_thumbnail\" alt=\"Taschenwaage KERN CM-C, Karat Waage\" srcset=\"https:\/\/sysmatec.ch\/wp-content\/uploads\/2019\/02\/Balance_CM-50-C2N-324x324.jpg 324w, https:\/\/sysmatec.ch\/wp-content\/uploads\/2019\/02\/Balance_CM-50-C2N-100x100.jpg 100w, https:\/\/sysmatec.ch\/wp-content\/uploads\/2019\/02\/Balance_CM-50-C2N-150x150.jpg 150w\" sizes=\"auto, (max-width: 324px) 100vw, 324px\" \/><h2 class=\"woocommerce-loop-product__title\">Taschenwaage KERN CM-C, Karat Waage<\/h2>\n\t<span class=\"price\"><span class=\"woocommerce-Price-amount amount\"><bdi><span class=\"woocommerce-Price-currencySymbol\">&#67;&#72;&#70;<\/span>&nbsp;9 999.00<\/bdi><\/span><\/span>\n<\/a><a href=\"\/de\/wp-json\/wp\/v2\/pages\/1734?add-to-cart=2602\" aria-describedby=\"woocommerce_loop_add_to_cart_link_describedby_2602\" data-quantity=\"1\" class=\"button product_type_simple add_to_cart_button ajax_add_to_cart\" data-product_id=\"2602\" data-product_sku=\"\" aria-label=\"In den Warenkorb legen: \u201eTaschenwaage KERN CM-C, Karat Waage\u201c\" rel=\"nofollow\" data-success_message=\"\u201eTaschenwaage KERN CM-C, Karat Waage\u201c wurde deinem Warenkorb hinzugef\u00fcgt\">In den Warenkorb<\/a>\t<span id=\"woocommerce_loop_add_to_cart_link_describedby_2602\" class=\"screen-reader-text\">\n\t\t\t<\/span>\n<\/li>\n<li class=\"product type-product post-2595 status-publish instock product_cat-gewicht product_cat-tasche has-post-thumbnail taxable shipping-taxable purchasable product-type-variable\">\n\t<a href=\"https:\/\/sysmatec.ch\/de\/Produkt\/taschenwaage-kern-cm\/\" class=\"woocommerce-LoopProduct-link woocommerce-loop-product__link\"><img loading=\"lazy\" decoding=\"async\" width=\"324\" height=\"324\" src=\"https:\/\/sysmatec.ch\/wp-content\/uploads\/2019\/02\/Balance_CM-60-2N-324x324.jpg\" class=\"attachment-woocommerce_thumbnail size-woocommerce_thumbnail\" alt=\"Taschenwaage KERN CM\" srcset=\"https:\/\/sysmatec.ch\/wp-content\/uploads\/2019\/02\/Balance_CM-60-2N-324x324.jpg 324w, https:\/\/sysmatec.ch\/wp-content\/uploads\/2019\/02\/Balance_CM-60-2N-100x100.jpg 100w, https:\/\/sysmatec.ch\/wp-content\/uploads\/2019\/02\/Balance_CM-60-2N-150x150.jpg 150w\" sizes=\"auto, (max-width: 324px) 100vw, 324px\" \/><h2 class=\"woocommerce-loop-product__title\">Taschenwaage KERN CM<\/h2>\n\t<span class=\"price\"><span class=\"woocommerce-Price-amount amount\" aria-hidden=\"true\"><bdi><span class=\"woocommerce-Price-currencySymbol\">&#67;&#72;&#70;<\/span>&nbsp;111.00<\/bdi><\/span> <span aria-hidden=\"true\"> \u2013 <\/span> <span class=\"woocommerce-Price-amount amount\" aria-hidden=\"true\"><bdi><span class=\"woocommerce-Price-currencySymbol\">&#67;&#72;&#70;<\/span>&nbsp;146.00<\/bdi><\/span><span class=\"screen-reader-text\">Preisspanne: &#67;&#72;&#70;&nbsp;111.00 bis &#67;&#72;&#70;&nbsp;146.00<\/span><\/span>\n<\/a><a href=\"https:\/\/sysmatec.ch\/de\/Produkt\/taschenwaage-kern-cm\/\" aria-describedby=\"woocommerce_loop_add_to_cart_link_describedby_2595\" data-quantity=\"1\" class=\"button product_type_variable add_to_cart_button\" data-product_id=\"2595\" data-product_sku=\"\" aria-label=\"W\u00e4hle Optionen f\u00fcr \u201eTaschenwaage KERN CM\u201c\" rel=\"nofollow\">Ausf\u00fchrung w\u00e4hlen<\/a>\t<span id=\"woocommerce_loop_add_to_cart_link_describedby_2595\" class=\"screen-reader-text\">\n\t\tDieses Produkt weist mehrere Varianten auf. Die Optionen k\u00f6nnen auf der Produktseite gew\u00e4hlt werden\t<\/span>\n<\/li>\n<li class=\"product type-product post-2609 status-publish instock product_cat-gewicht product_cat-tasche has-post-thumbnail taxable shipping-taxable purchasable product-type-simple\">\n\t<a href=\"https:\/\/sysmatec.ch\/de\/Produkt\/taschenwaage-kern-tgc\/\" class=\"woocommerce-LoopProduct-link woocommerce-loop-product__link\"><img loading=\"lazy\" decoding=\"async\" width=\"324\" height=\"324\" src=\"https:\/\/sysmatec.ch\/wp-content\/uploads\/2019\/02\/Balance_TGC-150-2-scaled-324x324.jpg\" class=\"attachment-woocommerce_thumbnail size-woocommerce_thumbnail\" alt=\"Taschenwaage KERN TGC\" srcset=\"https:\/\/sysmatec.ch\/wp-content\/uploads\/2019\/02\/Balance_TGC-150-2-324x324.jpg 324w, https:\/\/sysmatec.ch\/wp-content\/uploads\/2019\/02\/Balance_TGC-150-2-100x100.jpg 100w, https:\/\/sysmatec.ch\/wp-content\/uploads\/2019\/02\/Balance_TGC-150-2-150x150.jpg 150w\" sizes=\"auto, (max-width: 324px) 100vw, 324px\" \/><h2 class=\"woocommerce-loop-product__title\">Taschenwaage KERN TGC<\/h2>\n\t<span class=\"price\"><span class=\"woocommerce-Price-amount amount\"><bdi><span class=\"woocommerce-Price-currencySymbol\">&#67;&#72;&#70;<\/span>&nbsp;141.00<\/bdi><\/span><\/span>\n<\/a><a href=\"\/de\/wp-json\/wp\/v2\/pages\/1734?add-to-cart=2609\" aria-describedby=\"woocommerce_loop_add_to_cart_link_describedby_2609\" data-quantity=\"1\" class=\"button product_type_simple add_to_cart_button ajax_add_to_cart\" data-product_id=\"2609\" data-product_sku=\"\" aria-label=\"In den Warenkorb legen: \u201eTaschenwaage KERN TGC\u201c\" rel=\"nofollow\" data-success_message=\"\u201eTaschenwaage KERN TGC\u201c wurde deinem Warenkorb hinzugef\u00fcgt\">In den Warenkorb<\/a>\t<span id=\"woocommerce_loop_add_to_cart_link_describedby_2609\" class=\"screen-reader-text\">\n\t\t\t<\/span>\n<\/li>\n<li class=\"product type-product post-2587 status-publish last instock product_cat-gewicht product_cat-tasche has-post-thumbnail taxable shipping-taxable purchasable product-type-simple\">\n\t<a href=\"https:\/\/sysmatec.ch\/de\/Produkt\/taschenwaage-kern-tgd\/\" class=\"woocommerce-LoopProduct-link woocommerce-loop-product__link\"><img loading=\"lazy\" decoding=\"async\" width=\"324\" height=\"324\" src=\"https:\/\/sysmatec.ch\/wp-content\/uploads\/2019\/02\/Balance_TGD-50-3C-scaled-324x324.jpg\" class=\"attachment-woocommerce_thumbnail size-woocommerce_thumbnail\" alt=\"Taschenwaage KERN TGD\" srcset=\"https:\/\/sysmatec.ch\/wp-content\/uploads\/2019\/02\/Balance_TGD-50-3C-324x324.jpg 324w, https:\/\/sysmatec.ch\/wp-content\/uploads\/2019\/02\/Balance_TGD-50-3C-100x100.jpg 100w, https:\/\/sysmatec.ch\/wp-content\/uploads\/2019\/02\/Balance_TGD-50-3C-150x150.jpg 150w\" sizes=\"auto, (max-width: 324px) 100vw, 324px\" \/><h2 class=\"woocommerce-loop-product__title\">Taschenwaage KERN TGD<\/h2>\n\t<span class=\"price\"><span class=\"woocommerce-Price-amount amount\"><bdi><span class=\"woocommerce-Price-currencySymbol\">&#67;&#72;&#70;<\/span>&nbsp;325.00<\/bdi><\/span><\/span>\n<\/a><a href=\"\/de\/wp-json\/wp\/v2\/pages\/1734?add-to-cart=2587\" aria-describedby=\"woocommerce_loop_add_to_cart_link_describedby_2587\" data-quantity=\"1\" class=\"button product_type_simple add_to_cart_button ajax_add_to_cart\" data-product_id=\"2587\" data-product_sku=\"\" aria-label=\"In den Warenkorb legen: \u201eTaschenwaage KERN TGD\u201c\" rel=\"nofollow\" data-success_message=\"\u201eTaschenwaage KERN TGD\u201c wurde deinem Warenkorb hinzugef\u00fcgt\">In den Warenkorb<\/a>\t<span id=\"woocommerce_loop_add_to_cart_link_describedby_2587\" class=\"screen-reader-text\">\n\t\t\t<\/span>\n<\/li>\n<li class=\"product type-product post-2538 status-publish first instock product_cat-gewicht product_cat-tasche has-post-thumbnail taxable shipping-taxable purchasable product-type-simple\">\n\t<a href=\"https:\/\/sysmatec.ch\/de\/Produkt\/taschenwaage-kern-tee\/\" class=\"woocommerce-LoopProduct-link woocommerce-loop-product__link\"><img loading=\"lazy\" decoding=\"async\" width=\"324\" height=\"324\" src=\"https:\/\/sysmatec.ch\/wp-content\/uploads\/2018\/12\/BalanceTEE_000010-324x324.jpg\" class=\"attachment-woocommerce_thumbnail size-woocommerce_thumbnail\" alt=\"Taschenwaage KERN TEE\" srcset=\"https:\/\/sysmatec.ch\/wp-content\/uploads\/2018\/12\/BalanceTEE_000010-324x324.jpg 324w, https:\/\/sysmatec.ch\/wp-content\/uploads\/2018\/12\/BalanceTEE_000010-100x100.jpg 100w, https:\/\/sysmatec.ch\/wp-content\/uploads\/2018\/12\/BalanceTEE_000010-150x150.jpg 150w\" sizes=\"auto, (max-width: 324px) 100vw, 324px\" \/><h2 class=\"woocommerce-loop-product__title\">Taschenwaage KERN TEE<\/h2>\n\t<span class=\"price\"><span class=\"woocommerce-Price-amount amount\"><bdi><span class=\"woocommerce-Price-currencySymbol\">&#67;&#72;&#70;<\/span>&nbsp;9 999.00<\/bdi><\/span><\/span>\n<\/a><a href=\"\/de\/wp-json\/wp\/v2\/pages\/1734?add-to-cart=2538\" aria-describedby=\"woocommerce_loop_add_to_cart_link_describedby_2538\" data-quantity=\"1\" class=\"button product_type_simple add_to_cart_button ajax_add_to_cart\" data-product_id=\"2538\" data-product_sku=\"000009\" aria-label=\"In den Warenkorb legen: \u201eTaschenwaage KERN TEE\u201c\" rel=\"nofollow\" data-success_message=\"\u201eTaschenwaage KERN TEE\u201c wurde deinem Warenkorb hinzugef\u00fcgt\">In den Warenkorb<\/a>\t<span id=\"woocommerce_loop_add_to_cart_link_describedby_2538\" class=\"screen-reader-text\">\n\t\t\t<\/span>\n<\/li>\n<\/ul>\n<\/div><\/p>\n","protected":false},"excerpt":{"rendered":"<p>Die elektronischen Taschenwaagen sind sehr kompakt und leicht zu transportieren. Sie erm\u00f6glichen das Wiegen aller Arten von kleinen Gegenst\u00e4nden wie Samen und Schmuck mit einer Aufl\u00f6sung von 0.1 g bis 0.01 g.<\/p>\n","protected":false},"author":3,"featured_media":0,"parent":0,"menu_order":0,"comment_status":"closed","ping_status":"closed","template":"","meta":{"_crdt_document":"","footnotes":""},"class_list":["post-1734","page","type-page","status-publish","hentry"],"yoast_head":"<!-- This site is optimized with the Yoast SEO plugin v27.4 - https:\/\/yoast.com\/product\/yoast-seo-wordpress\/ -->\n<title>Messung von Gewicht, Taschenwaage - Sysmatec<\/title>\n<meta name=\"description\" content=\"Elektronische Taschenwaagen k\u00f6nnen kleine Gegenst\u00e4nde wie Samen, Schmuck mit einer Aufl\u00f6sung von 0,1 g bis 0,01 g wiegen.\" \/>\n<meta name=\"robots\" content=\"index, follow, max-snippet:-1, max-image-preview:large, max-video-preview:-1\" \/>\n<link rel=\"canonical\" href=\"https:\/\/sysmatec.ch\/de\/messung-von-gewicht-taschenwaage\/\" \/>\n<meta property=\"og:locale\" content=\"de_DE\" \/>\n<meta property=\"og:type\" content=\"article\" \/>\n<meta property=\"og:title\" content=\"Messung von Gewicht, Taschenwaage - Sysmatec\" \/>\n<meta property=\"og:description\" content=\"Elektronische Taschenwaagen k\u00f6nnen kleine Gegenst\u00e4nde wie Samen, Schmuck mit einer Aufl\u00f6sung von 0,1 g bis 0,01 g wiegen.\" \/>\n<meta property=\"og:url\" content=\"https:\/\/sysmatec.ch\/de\/messung-von-gewicht-taschenwaage\/\" \/>\n<meta property=\"og:site_name\" content=\"Sysmatec\" \/>\n<meta property=\"article:modified_time\" content=\"2022-06-12T09:52:45+00:00\" \/>\n<meta name=\"twitter:card\" content=\"summary_large_image\" \/>\n<meta name=\"twitter:label1\" content=\"Gesch\u00e4tzte Lesezeit\" \/>\n\t<meta name=\"twitter:data1\" content=\"1\u00a0Minute\" \/>\n<script type=\"application\/ld+json\" class=\"yoast-schema-graph\">{\"@context\":\"https:\\\/\\\/schema.org\",\"@graph\":[{\"@type\":\"WebPage\",\"@id\":\"https:\\\/\\\/sysmatec.ch\\\/de\\\/messung-von-gewicht-taschenwaage\\\/\",\"url\":\"https:\\\/\\\/sysmatec.ch\\\/de\\\/messung-von-gewicht-taschenwaage\\\/\",\"name\":\"Messung von Gewicht, Taschenwaage - Sysmatec\",\"isPartOf\":{\"@id\":\"https:\\\/\\\/sysmatec.ch\\\/de\\\/#website\"},\"datePublished\":\"2019-01-27T10:50:26+00:00\",\"dateModified\":\"2022-06-12T09:52:45+00:00\",\"description\":\"Elektronische Taschenwaagen k\u00f6nnen kleine Gegenst\u00e4nde wie Samen, Schmuck mit einer Aufl\u00f6sung von 0,1 g bis 0,01 g wiegen.\",\"breadcrumb\":{\"@id\":\"https:\\\/\\\/sysmatec.ch\\\/de\\\/messung-von-gewicht-taschenwaage\\\/#breadcrumb\"},\"inLanguage\":\"de\",\"potentialAction\":[{\"@type\":\"ReadAction\",\"target\":[\"https:\\\/\\\/sysmatec.ch\\\/de\\\/messung-von-gewicht-taschenwaage\\\/\"]}]},{\"@type\":\"BreadcrumbList\",\"@id\":\"https:\\\/\\\/sysmatec.ch\\\/de\\\/messung-von-gewicht-taschenwaage\\\/#breadcrumb\",\"itemListElement\":[{\"@type\":\"ListItem\",\"position\":1,\"name\":\"Accueil\",\"item\":\"https:\\\/\\\/sysmatec.ch\\\/de\\\/\"},{\"@type\":\"ListItem\",\"position\":2,\"name\":\"Messung von Gewicht, Taschenwaage\"}]},{\"@type\":\"WebSite\",\"@id\":\"https:\\\/\\\/sysmatec.ch\\\/de\\\/#website\",\"url\":\"https:\\\/\\\/sysmatec.ch\\\/de\\\/\",\"name\":\"Sysmatec\",\"description\":\"Equipement de laboratoire et logiciels\",\"publisher\":{\"@id\":\"https:\\\/\\\/sysmatec.ch\\\/de\\\/#organization\"},\"potentialAction\":[{\"@type\":\"SearchAction\",\"target\":{\"@type\":\"EntryPoint\",\"urlTemplate\":\"https:\\\/\\\/sysmatec.ch\\\/de\\\/?s={search_term_string}\"},\"query-input\":{\"@type\":\"PropertyValueSpecification\",\"valueRequired\":true,\"valueName\":\"search_term_string\"}}],\"inLanguage\":\"de\"},{\"@type\":\"Organization\",\"@id\":\"https:\\\/\\\/sysmatec.ch\\\/de\\\/#organization\",\"name\":\"Sysmatec\",\"url\":\"https:\\\/\\\/sysmatec.ch\\\/de\\\/\",\"logo\":{\"@type\":\"ImageObject\",\"inLanguage\":\"de\",\"@id\":\"https:\\\/\\\/sysmatec.ch\\\/de\\\/#\\\/schema\\\/logo\\\/image\\\/\",\"url\":\"https:\\\/\\\/sysmatec.ch\\\/wp-content\\\/uploads\\\/2018\\\/11\\\/LogoSysmatec.jpg\",\"contentUrl\":\"https:\\\/\\\/sysmatec.ch\\\/wp-content\\\/uploads\\\/2018\\\/11\\\/LogoSysmatec.jpg\",\"width\":301,\"height\":297,\"caption\":\"Sysmatec\"},\"image\":{\"@id\":\"https:\\\/\\\/sysmatec.ch\\\/de\\\/#\\\/schema\\\/logo\\\/image\\\/\"}}]}<\/script>\n<!-- \/ Yoast SEO plugin. -->","yoast_head_json":{"title":"Messung von Gewicht, Taschenwaage - Sysmatec","description":"Elektronische Taschenwaagen k\u00f6nnen kleine Gegenst\u00e4nde wie Samen, Schmuck mit einer Aufl\u00f6sung von 0,1 g bis 0,01 g wiegen.","robots":{"index":"index","follow":"follow","max-snippet":"max-snippet:-1","max-image-preview":"max-image-preview:large","max-video-preview":"max-video-preview:-1"},"canonical":"https:\/\/sysmatec.ch\/de\/messung-von-gewicht-taschenwaage\/","og_locale":"de_DE","og_type":"article","og_title":"Messung von Gewicht, Taschenwaage - Sysmatec","og_description":"Elektronische Taschenwaagen k\u00f6nnen kleine Gegenst\u00e4nde wie Samen, Schmuck mit einer Aufl\u00f6sung von 0,1 g bis 0,01 g wiegen.","og_url":"https:\/\/sysmatec.ch\/de\/messung-von-gewicht-taschenwaage\/","og_site_name":"Sysmatec","article_modified_time":"2022-06-12T09:52:45+00:00","twitter_card":"summary_large_image","twitter_misc":{"Gesch\u00e4tzte Lesezeit":"1\u00a0Minute"},"schema":{"@context":"https:\/\/schema.org","@graph":[{"@type":"WebPage","@id":"https:\/\/sysmatec.ch\/de\/messung-von-gewicht-taschenwaage\/","url":"https:\/\/sysmatec.ch\/de\/messung-von-gewicht-taschenwaage\/","name":"Messung von Gewicht, Taschenwaage - Sysmatec","isPartOf":{"@id":"https:\/\/sysmatec.ch\/de\/#website"},"datePublished":"2019-01-27T10:50:26+00:00","dateModified":"2022-06-12T09:52:45+00:00","description":"Elektronische Taschenwaagen k\u00f6nnen kleine Gegenst\u00e4nde wie Samen, Schmuck mit einer Aufl\u00f6sung von 0,1 g bis 0,01 g wiegen.","breadcrumb":{"@id":"https:\/\/sysmatec.ch\/de\/messung-von-gewicht-taschenwaage\/#breadcrumb"},"inLanguage":"de","potentialAction":[{"@type":"ReadAction","target":["https:\/\/sysmatec.ch\/de\/messung-von-gewicht-taschenwaage\/"]}]},{"@type":"BreadcrumbList","@id":"https:\/\/sysmatec.ch\/de\/messung-von-gewicht-taschenwaage\/#breadcrumb","itemListElement":[{"@type":"ListItem","position":1,"name":"Accueil","item":"https:\/\/sysmatec.ch\/de\/"},{"@type":"ListItem","position":2,"name":"Messung von Gewicht, Taschenwaage"}]},{"@type":"WebSite","@id":"https:\/\/sysmatec.ch\/de\/#website","url":"https:\/\/sysmatec.ch\/de\/","name":"Sysmatec","description":"Equipement de laboratoire et logiciels","publisher":{"@id":"https:\/\/sysmatec.ch\/de\/#organization"},"potentialAction":[{"@type":"SearchAction","target":{"@type":"EntryPoint","urlTemplate":"https:\/\/sysmatec.ch\/de\/?s={search_term_string}"},"query-input":{"@type":"PropertyValueSpecification","valueRequired":true,"valueName":"search_term_string"}}],"inLanguage":"de"},{"@type":"Organization","@id":"https:\/\/sysmatec.ch\/de\/#organization","name":"Sysmatec","url":"https:\/\/sysmatec.ch\/de\/","logo":{"@type":"ImageObject","inLanguage":"de","@id":"https:\/\/sysmatec.ch\/de\/#\/schema\/logo\/image\/","url":"https:\/\/sysmatec.ch\/wp-content\/uploads\/2018\/11\/LogoSysmatec.jpg","contentUrl":"https:\/\/sysmatec.ch\/wp-content\/uploads\/2018\/11\/LogoSysmatec.jpg","width":301,"height":297,"caption":"Sysmatec"},"image":{"@id":"https:\/\/sysmatec.ch\/de\/#\/schema\/logo\/image\/"}}]}},"_links":{"self":[{"href":"https:\/\/sysmatec.ch\/de\/wp-json\/wp\/v2\/pages\/1734","targetHints":{"allow":["GET"]}}],"collection":[{"href":"https:\/\/sysmatec.ch\/de\/wp-json\/wp\/v2\/pages"}],"about":[{"href":"https:\/\/sysmatec.ch\/de\/wp-json\/wp\/v2\/types\/page"}],"author":[{"embeddable":true,"href":"https:\/\/sysmatec.ch\/de\/wp-json\/wp\/v2\/users\/3"}],"replies":[{"embeddable":true,"href":"https:\/\/sysmatec.ch\/de\/wp-json\/wp\/v2\/comments?post=1734"}],"version-history":[{"count":4,"href":"https:\/\/sysmatec.ch\/de\/wp-json\/wp\/v2\/pages\/1734\/revisions"}],"predecessor-version":[{"id":20381,"href":"https:\/\/sysmatec.ch\/de\/wp-json\/wp\/v2\/pages\/1734\/revisions\/20381"}],"wp:attachment":[{"href":"https:\/\/sysmatec.ch\/de\/wp-json\/wp\/v2\/media?parent=1734"}],"curies":[{"name":"wp","href":"https:\/\/api.w.org\/{rel}","templated":true}]}}