{"id":1718,"date":"2019-01-27T11:22:49","date_gmt":"2019-01-27T10:22:49","guid":{"rendered":"https:\/\/sysmatec.ch\/?page_id=1718"},"modified":"2022-06-12T10:36:29","modified_gmt":"2022-06-12T08:36:29","slug":"messung-von-kraft","status":"publish","type":"page","link":"https:\/\/sysmatec.ch\/de\/messung-von-kraft\/","title":{"rendered":"Messung von Kraft"},"content":{"rendered":"\n<p class=\"wp-block-paragraph\">Hier finden Sie Kraftmessger\u00e4te (unter Spannung und Druck). Sie erm\u00f6glichen beispielsweise die Durchf\u00fchrung von Zugfestigkeitstests f\u00fcr bestimmte Materialien. Die Messzelle ist f\u00fcr die kompakteste in die Elektronikbox integriert. Insbesondere f\u00fcr gro\u00dfe Kraftmessungen ist es m\u00f6glich, eine externe Messung anzuschlie\u00dfen.<\/p>\n\n\n<div class=\"woocommerce columns-4 \"><ul class=\"products columns-4\">\n<li class=\"product type-product post-31734 status-publish first instock product_cat-kraft product_cat-messung has-post-thumbnail taxable shipping-taxable purchasable product-type-variable has-default-attributes\">\n\t<a href=\"https:\/\/sysmatec.ch\/de\/Produkt\/digitales-kraftmessgeraet-fs\/\" class=\"woocommerce-LoopProduct-link woocommerce-loop-product__link\"><img loading=\"lazy\" decoding=\"async\" width=\"324\" height=\"324\" src=\"https:\/\/sysmatec.ch\/wp-content\/uploads\/2026\/01\/Dynamometre_KernFS1-324x324.jpg\" class=\"attachment-woocommerce_thumbnail size-woocommerce_thumbnail\" alt=\"Digitales Kraftmessger\u00e4t FS\" srcset=\"https:\/\/sysmatec.ch\/wp-content\/uploads\/2026\/01\/Dynamometre_KernFS1-324x324.jpg 324w, https:\/\/sysmatec.ch\/wp-content\/uploads\/2026\/01\/Dynamometre_KernFS1-150x150.jpg 150w, https:\/\/sysmatec.ch\/wp-content\/uploads\/2026\/01\/Dynamometre_KernFS1-100x100.jpg 100w\" sizes=\"auto, (max-width: 324px) 100vw, 324px\" \/><h2 class=\"woocommerce-loop-product__title\">Digitales Kraftmessger\u00e4t FS<\/h2>\n\t<span class=\"price\"><span class=\"woocommerce-Price-amount amount\"><bdi><span class=\"woocommerce-Price-currencySymbol\">&#67;&#72;&#70;<\/span>&nbsp;565.00<\/bdi><\/span><\/span>\n<\/a><a href=\"https:\/\/sysmatec.ch\/de\/Produkt\/digitales-kraftmessgeraet-fs\/\" aria-describedby=\"woocommerce_loop_add_to_cart_link_describedby_31734\" data-quantity=\"1\" class=\"button product_type_variable add_to_cart_button\" data-product_id=\"31734\" data-product_sku=\"\" aria-label=\"W\u00e4hle Optionen f\u00fcr \u201eDigitales Kraftmessger\u00e4t FS\u201c\" rel=\"nofollow\">Ausf\u00fchrung w\u00e4hlen<\/a>\t<span id=\"woocommerce_loop_add_to_cart_link_describedby_31734\" class=\"screen-reader-text\">\n\t\tDieses Produkt weist mehrere Varianten auf. Die Optionen k\u00f6nnen auf der Produktseite gew\u00e4hlt werden\t<\/span>\n<\/li>\n<li class=\"product type-product post-9195 status-publish instock product_cat-kraft product_cat-messung has-post-thumbnail taxable shipping-taxable purchasable product-type-variable has-default-attributes\">\n\t<a href=\"https:\/\/sysmatec.ch\/de\/Produkt\/kern-fh-s-digitales-kraftmessgeraet\/\" class=\"woocommerce-LoopProduct-link woocommerce-loop-product__link\"><img loading=\"lazy\" decoding=\"async\" width=\"171\" height=\"185\" src=\"https:\/\/sysmatec.ch\/wp-content\/uploads\/2019\/07\/Force_KERNFH2.jpg\" class=\"attachment-woocommerce_thumbnail size-woocommerce_thumbnail\" alt=\"KERN FH-S Digitales Kraftmessger\u00e4t\" \/><h2 class=\"woocommerce-loop-product__title\">KERN FH-S Digitales Kraftmessger\u00e4t<\/h2>\n\t<span class=\"price\"><span class=\"woocommerce-Price-amount amount\"><bdi><span class=\"woocommerce-Price-currencySymbol\">&#67;&#72;&#70;<\/span>&nbsp;565.00<\/bdi><\/span><\/span>\n<\/a><a href=\"https:\/\/sysmatec.ch\/de\/Produkt\/kern-fh-s-digitales-kraftmessgeraet\/\" aria-describedby=\"woocommerce_loop_add_to_cart_link_describedby_9195\" data-quantity=\"1\" class=\"button product_type_variable add_to_cart_button\" data-product_id=\"9195\" data-product_sku=\"\" aria-label=\"W\u00e4hle Optionen f\u00fcr \u201eKERN FH-S Digitales Kraftmessger\u00e4t\u201c\" rel=\"nofollow\">Ausf\u00fchrung w\u00e4hlen<\/a>\t<span id=\"woocommerce_loop_add_to_cart_link_describedby_9195\" class=\"screen-reader-text\">\n\t\tDieses Produkt weist mehrere Varianten auf. Die Optionen k\u00f6nnen auf der Produktseite gew\u00e4hlt werden\t<\/span>\n<\/li>\n<li class=\"product type-product post-9187 status-publish instock product_cat-kraft product_cat-messung has-post-thumbnail taxable shipping-taxable purchasable product-type-variable\">\n\t<a href=\"https:\/\/sysmatec.ch\/de\/Produkt\/kern-fk-digitales-kraftmessgeraet\/\" class=\"woocommerce-LoopProduct-link woocommerce-loop-product__link\"><img loading=\"lazy\" decoding=\"async\" width=\"154\" height=\"169\" src=\"https:\/\/sysmatec.ch\/wp-content\/uploads\/2019\/07\/Force_KERNFK10.jpg\" class=\"attachment-woocommerce_thumbnail size-woocommerce_thumbnail\" alt=\"KERN FK Digitales Kraftmessger\u00e4t\" \/><h2 class=\"woocommerce-loop-product__title\">KERN FK Digitales Kraftmessger\u00e4t<\/h2>\n\t<span class=\"price\"><span class=\"woocommerce-Price-amount amount\"><bdi><span class=\"woocommerce-Price-currencySymbol\">&#67;&#72;&#70;<\/span>&nbsp;356.00<\/bdi><\/span><\/span>\n<\/a><a href=\"https:\/\/sysmatec.ch\/de\/Produkt\/kern-fk-digitales-kraftmessgeraet\/\" aria-describedby=\"woocommerce_loop_add_to_cart_link_describedby_9187\" data-quantity=\"1\" class=\"button product_type_variable add_to_cart_button\" data-product_id=\"9187\" data-product_sku=\"\" aria-label=\"W\u00e4hle Optionen f\u00fcr \u201eKERN FK Digitales Kraftmessger\u00e4t\u201c\" rel=\"nofollow\">Ausf\u00fchrung w\u00e4hlen<\/a>\t<span id=\"woocommerce_loop_add_to_cart_link_describedby_9187\" class=\"screen-reader-text\">\n\t\tDieses Produkt weist mehrere Varianten auf. Die Optionen k\u00f6nnen auf der Produktseite gew\u00e4hlt werden\t<\/span>\n<\/li>\n<li class=\"product type-product post-9191 status-publish last instock product_cat-kraft product_cat-messung has-post-thumbnail taxable shipping-taxable product-type-simple\">\n\t<a href=\"https:\/\/sysmatec.ch\/de\/Produkt\/kern-ft-digitales-kraftmessgeraet\/\" class=\"woocommerce-LoopProduct-link woocommerce-loop-product__link\"><img loading=\"lazy\" decoding=\"async\" width=\"163\" height=\"256\" src=\"https:\/\/sysmatec.ch\/wp-content\/uploads\/2019\/07\/Force_KERNFT50.jpg\" class=\"attachment-woocommerce_thumbnail size-woocommerce_thumbnail\" alt=\"KERN FT Digitales Kraftmessger\u00e4t\" \/><h2 class=\"woocommerce-loop-product__title\">KERN FT Digitales Kraftmessger\u00e4t<\/h2>\n<\/a><a href=\"https:\/\/sysmatec.ch\/de\/Produkt\/kern-ft-digitales-kraftmessgeraet\/\" aria-describedby=\"woocommerce_loop_add_to_cart_link_describedby_9191\" data-quantity=\"1\" class=\"button product_type_simple\" data-product_id=\"9191\" data-product_sku=\"\" aria-label=\"Lese mehr \u00fcber &#8222;KERN FT Digitales Kraftmessger\u00e4t&#8220;\" rel=\"nofollow\" data-success_message=\"\">Weiterlesen<\/a>\t<span id=\"woocommerce_loop_add_to_cart_link_describedby_9191\" class=\"screen-reader-text\">\n\t\t\t<\/span>\n<\/li>\n<li class=\"product type-product post-9180 status-publish first instock product_cat-kraft product_cat-messung has-post-thumbnail taxable shipping-taxable purchasable product-type-variable\">\n\t<a href=\"https:\/\/sysmatec.ch\/de\/Produkt\/mechanisches-kraftmessgeraet-kern-fa\/\" class=\"woocommerce-LoopProduct-link woocommerce-loop-product__link\"><img loading=\"lazy\" decoding=\"async\" width=\"171\" height=\"186\" src=\"https:\/\/sysmatec.ch\/wp-content\/uploads\/2019\/07\/Force_KernFA10.jpg\" class=\"attachment-woocommerce_thumbnail size-woocommerce_thumbnail\" alt=\"Mechanisches Kraftmessger\u00e4t KERN FA\" \/><h2 class=\"woocommerce-loop-product__title\">Mechanisches Kraftmessger\u00e4t KERN FA<\/h2>\n\t<span class=\"price\"><span class=\"woocommerce-Price-amount amount\"><bdi><span class=\"woocommerce-Price-currencySymbol\">&#67;&#72;&#70;<\/span>&nbsp;295.00<\/bdi><\/span><\/span>\n<\/a><a href=\"https:\/\/sysmatec.ch\/de\/Produkt\/mechanisches-kraftmessgeraet-kern-fa\/\" aria-describedby=\"woocommerce_loop_add_to_cart_link_describedby_9180\" data-quantity=\"1\" class=\"button product_type_variable add_to_cart_button\" data-product_id=\"9180\" data-product_sku=\"\" aria-label=\"W\u00e4hle Optionen f\u00fcr \u201eMechanisches Kraftmessger\u00e4t KERN FA\u201c\" rel=\"nofollow\">Ausf\u00fchrung w\u00e4hlen<\/a>\t<span id=\"woocommerce_loop_add_to_cart_link_describedby_9180\" class=\"screen-reader-text\">\n\t\tDieses Produkt weist mehrere Varianten auf. Die Optionen k\u00f6nnen auf der Produktseite gew\u00e4hlt werden\t<\/span>\n<\/li>\n<li class=\"product type-product post-9183 status-publish instock product_cat-kraft product_cat-messung has-post-thumbnail taxable shipping-taxable product-type-simple\">\n\t<a href=\"https:\/\/sysmatec.ch\/de\/Produkt\/kern-fb-mechanisches-kraftmessgeraet\/\" class=\"woocommerce-LoopProduct-link woocommerce-loop-product__link\"><img loading=\"lazy\" decoding=\"async\" width=\"151\" height=\"169\" src=\"https:\/\/sysmatec.ch\/wp-content\/uploads\/2019\/07\/Force_KERNFB1K.jpg\" class=\"attachment-woocommerce_thumbnail size-woocommerce_thumbnail\" alt=\"KERN FB Mechanisches Kraftmessger\u00e4t\" \/><h2 class=\"woocommerce-loop-product__title\">KERN FB Mechanisches Kraftmessger\u00e4t<\/h2>\n<\/a><a href=\"https:\/\/sysmatec.ch\/de\/Produkt\/kern-fb-mechanisches-kraftmessgeraet\/\" aria-describedby=\"woocommerce_loop_add_to_cart_link_describedby_9183\" data-quantity=\"1\" class=\"button product_type_simple\" data-product_id=\"9183\" data-product_sku=\"\" aria-label=\"Lese mehr \u00fcber &#8222;KERN FB Mechanisches Kraftmessger\u00e4t&#8220;\" rel=\"nofollow\" data-success_message=\"\">Weiterlesen<\/a>\t<span id=\"woocommerce_loop_add_to_cart_link_describedby_9183\" class=\"screen-reader-text\">\n\t\t\t<\/span>\n<\/li>\n<\/ul>\n<\/div>\n","protected":false},"excerpt":{"rendered":"<p>Hier finden Sie Kraftmessger\u00e4te (unter Spannung und Druck). Sie erm\u00f6glichen beispielsweise die Durchf\u00fchrung von Zugfestigkeitstests f\u00fcr bestimmte Materialien. Die Messzelle ist f\u00fcr die kompakteste in die Elektronikbox integriert. Insbesondere f\u00fcr gro\u00dfe Kraftmessungen ist es m\u00f6glich, eine externe Messung anzuschlie\u00dfen.<\/p>\n","protected":false},"author":3,"featured_media":0,"parent":0,"menu_order":0,"comment_status":"closed","ping_status":"closed","template":"","meta":{"_crdt_document":"","footnotes":""},"class_list":["post-1718","page","type-page","status-publish","hentry"],"yoast_head":"<!-- This site is optimized with the Yoast SEO plugin v27.3 - https:\/\/yoast.com\/product\/yoast-seo-wordpress\/ -->\n<title>Messung von Kraft - Sysmatec<\/title>\n<meta name=\"description\" content=\"Kraftmessung in Zug und Druck, um beispielsweise Zugfestigkeitspr\u00fcfungen an bestimmten Materialien durchzuf\u00fchren.\" \/>\n<meta name=\"robots\" content=\"index, follow, max-snippet:-1, max-image-preview:large, max-video-preview:-1\" \/>\n<link rel=\"canonical\" href=\"https:\/\/sysmatec.ch\/de\/messung-von-kraft\/\" \/>\n<meta property=\"og:locale\" content=\"de_DE\" \/>\n<meta property=\"og:type\" content=\"article\" \/>\n<meta property=\"og:title\" content=\"Messung von Kraft - Sysmatec\" \/>\n<meta property=\"og:description\" content=\"Kraftmessung in Zug und Druck, um beispielsweise Zugfestigkeitspr\u00fcfungen an bestimmten Materialien durchzuf\u00fchren.\" \/>\n<meta property=\"og:url\" content=\"https:\/\/sysmatec.ch\/de\/messung-von-kraft\/\" \/>\n<meta property=\"og:site_name\" content=\"Sysmatec\" \/>\n<meta property=\"article:modified_time\" content=\"2022-06-12T08:36:29+00:00\" \/>\n<meta name=\"twitter:card\" content=\"summary_large_image\" \/>\n<meta name=\"twitter:label1\" content=\"Gesch\u00e4tzte Lesezeit\" \/>\n\t<meta name=\"twitter:data1\" content=\"1\u00a0Minute\" \/>\n<script type=\"application\/ld+json\" class=\"yoast-schema-graph\">{\"@context\":\"https:\\\/\\\/schema.org\",\"@graph\":[{\"@type\":\"WebPage\",\"@id\":\"https:\\\/\\\/sysmatec.ch\\\/de\\\/messung-von-kraft\\\/\",\"url\":\"https:\\\/\\\/sysmatec.ch\\\/de\\\/messung-von-kraft\\\/\",\"name\":\"Messung von Kraft - Sysmatec\",\"isPartOf\":{\"@id\":\"https:\\\/\\\/sysmatec.ch\\\/de\\\/#website\"},\"datePublished\":\"2019-01-27T10:22:49+00:00\",\"dateModified\":\"2022-06-12T08:36:29+00:00\",\"description\":\"Kraftmessung in Zug und Druck, um beispielsweise Zugfestigkeitspr\u00fcfungen an bestimmten Materialien durchzuf\u00fchren.\",\"breadcrumb\":{\"@id\":\"https:\\\/\\\/sysmatec.ch\\\/de\\\/messung-von-kraft\\\/#breadcrumb\"},\"inLanguage\":\"de\",\"potentialAction\":[{\"@type\":\"ReadAction\",\"target\":[\"https:\\\/\\\/sysmatec.ch\\\/de\\\/messung-von-kraft\\\/\"]}]},{\"@type\":\"BreadcrumbList\",\"@id\":\"https:\\\/\\\/sysmatec.ch\\\/de\\\/messung-von-kraft\\\/#breadcrumb\",\"itemListElement\":[{\"@type\":\"ListItem\",\"position\":1,\"name\":\"Accueil\",\"item\":\"https:\\\/\\\/sysmatec.ch\\\/de\\\/\"},{\"@type\":\"ListItem\",\"position\":2,\"name\":\"Messung von Kraft\"}]},{\"@type\":\"WebSite\",\"@id\":\"https:\\\/\\\/sysmatec.ch\\\/de\\\/#website\",\"url\":\"https:\\\/\\\/sysmatec.ch\\\/de\\\/\",\"name\":\"Sysmatec\",\"description\":\"Equipement de laboratoire et logiciels\",\"publisher\":{\"@id\":\"https:\\\/\\\/sysmatec.ch\\\/de\\\/#organization\"},\"potentialAction\":[{\"@type\":\"SearchAction\",\"target\":{\"@type\":\"EntryPoint\",\"urlTemplate\":\"https:\\\/\\\/sysmatec.ch\\\/de\\\/?s={search_term_string}\"},\"query-input\":{\"@type\":\"PropertyValueSpecification\",\"valueRequired\":true,\"valueName\":\"search_term_string\"}}],\"inLanguage\":\"de\"},{\"@type\":\"Organization\",\"@id\":\"https:\\\/\\\/sysmatec.ch\\\/de\\\/#organization\",\"name\":\"Sysmatec\",\"url\":\"https:\\\/\\\/sysmatec.ch\\\/de\\\/\",\"logo\":{\"@type\":\"ImageObject\",\"inLanguage\":\"de\",\"@id\":\"https:\\\/\\\/sysmatec.ch\\\/de\\\/#\\\/schema\\\/logo\\\/image\\\/\",\"url\":\"https:\\\/\\\/sysmatec.ch\\\/wp-content\\\/uploads\\\/2018\\\/11\\\/LogoSysmatec.jpg\",\"contentUrl\":\"https:\\\/\\\/sysmatec.ch\\\/wp-content\\\/uploads\\\/2018\\\/11\\\/LogoSysmatec.jpg\",\"width\":301,\"height\":297,\"caption\":\"Sysmatec\"},\"image\":{\"@id\":\"https:\\\/\\\/sysmatec.ch\\\/de\\\/#\\\/schema\\\/logo\\\/image\\\/\"}}]}<\/script>\n<!-- \/ Yoast SEO plugin. -->","yoast_head_json":{"title":"Messung von Kraft - Sysmatec","description":"Kraftmessung in Zug und Druck, um beispielsweise Zugfestigkeitspr\u00fcfungen an bestimmten Materialien durchzuf\u00fchren.","robots":{"index":"index","follow":"follow","max-snippet":"max-snippet:-1","max-image-preview":"max-image-preview:large","max-video-preview":"max-video-preview:-1"},"canonical":"https:\/\/sysmatec.ch\/de\/messung-von-kraft\/","og_locale":"de_DE","og_type":"article","og_title":"Messung von Kraft - Sysmatec","og_description":"Kraftmessung in Zug und Druck, um beispielsweise Zugfestigkeitspr\u00fcfungen an bestimmten Materialien durchzuf\u00fchren.","og_url":"https:\/\/sysmatec.ch\/de\/messung-von-kraft\/","og_site_name":"Sysmatec","article_modified_time":"2022-06-12T08:36:29+00:00","twitter_card":"summary_large_image","twitter_misc":{"Gesch\u00e4tzte Lesezeit":"1\u00a0Minute"},"schema":{"@context":"https:\/\/schema.org","@graph":[{"@type":"WebPage","@id":"https:\/\/sysmatec.ch\/de\/messung-von-kraft\/","url":"https:\/\/sysmatec.ch\/de\/messung-von-kraft\/","name":"Messung von Kraft - Sysmatec","isPartOf":{"@id":"https:\/\/sysmatec.ch\/de\/#website"},"datePublished":"2019-01-27T10:22:49+00:00","dateModified":"2022-06-12T08:36:29+00:00","description":"Kraftmessung in Zug und Druck, um beispielsweise Zugfestigkeitspr\u00fcfungen an bestimmten Materialien durchzuf\u00fchren.","breadcrumb":{"@id":"https:\/\/sysmatec.ch\/de\/messung-von-kraft\/#breadcrumb"},"inLanguage":"de","potentialAction":[{"@type":"ReadAction","target":["https:\/\/sysmatec.ch\/de\/messung-von-kraft\/"]}]},{"@type":"BreadcrumbList","@id":"https:\/\/sysmatec.ch\/de\/messung-von-kraft\/#breadcrumb","itemListElement":[{"@type":"ListItem","position":1,"name":"Accueil","item":"https:\/\/sysmatec.ch\/de\/"},{"@type":"ListItem","position":2,"name":"Messung von Kraft"}]},{"@type":"WebSite","@id":"https:\/\/sysmatec.ch\/de\/#website","url":"https:\/\/sysmatec.ch\/de\/","name":"Sysmatec","description":"Equipement de laboratoire et logiciels","publisher":{"@id":"https:\/\/sysmatec.ch\/de\/#organization"},"potentialAction":[{"@type":"SearchAction","target":{"@type":"EntryPoint","urlTemplate":"https:\/\/sysmatec.ch\/de\/?s={search_term_string}"},"query-input":{"@type":"PropertyValueSpecification","valueRequired":true,"valueName":"search_term_string"}}],"inLanguage":"de"},{"@type":"Organization","@id":"https:\/\/sysmatec.ch\/de\/#organization","name":"Sysmatec","url":"https:\/\/sysmatec.ch\/de\/","logo":{"@type":"ImageObject","inLanguage":"de","@id":"https:\/\/sysmatec.ch\/de\/#\/schema\/logo\/image\/","url":"https:\/\/sysmatec.ch\/wp-content\/uploads\/2018\/11\/LogoSysmatec.jpg","contentUrl":"https:\/\/sysmatec.ch\/wp-content\/uploads\/2018\/11\/LogoSysmatec.jpg","width":301,"height":297,"caption":"Sysmatec"},"image":{"@id":"https:\/\/sysmatec.ch\/de\/#\/schema\/logo\/image\/"}}]}},"_links":{"self":[{"href":"https:\/\/sysmatec.ch\/de\/wp-json\/wp\/v2\/pages\/1718","targetHints":{"allow":["GET"]}}],"collection":[{"href":"https:\/\/sysmatec.ch\/de\/wp-json\/wp\/v2\/pages"}],"about":[{"href":"https:\/\/sysmatec.ch\/de\/wp-json\/wp\/v2\/types\/page"}],"author":[{"embeddable":true,"href":"https:\/\/sysmatec.ch\/de\/wp-json\/wp\/v2\/users\/3"}],"replies":[{"embeddable":true,"href":"https:\/\/sysmatec.ch\/de\/wp-json\/wp\/v2\/comments?post=1718"}],"version-history":[{"count":6,"href":"https:\/\/sysmatec.ch\/de\/wp-json\/wp\/v2\/pages\/1718\/revisions"}],"predecessor-version":[{"id":20572,"href":"https:\/\/sysmatec.ch\/de\/wp-json\/wp\/v2\/pages\/1718\/revisions\/20572"}],"wp:attachment":[{"href":"https:\/\/sysmatec.ch\/de\/wp-json\/wp\/v2\/media?parent=1718"}],"curies":[{"name":"wp","href":"https:\/\/api.w.org\/{rel}","templated":true}]}}