{"id":1710,"date":"2019-01-27T11:09:01","date_gmt":"2019-01-27T10:09:01","guid":{"rendered":"https:\/\/sysmatec.ch\/?page_id=1710"},"modified":"2022-06-09T15:21:24","modified_gmt":"2022-06-09T13:21:24","slug":"uv-lampe","status":"publish","type":"page","link":"https:\/\/sysmatec.ch\/de\/uv-lampe\/","title":{"rendered":"UV Lampe"},"content":{"rendered":"\n<p class=\"wp-block-paragraph\">Ultraviolette Strahlung erm\u00f6glicht es, bestimmte Molek\u00fcle wie Nukleins\u00e4uren oder Proteine hervorzuheben. UV-Lampen werden daher bei der Plattenchromatographie oder Elektrophorese oder auch einfach zur \u00dcberpr\u00fcfung der Sauberkeit von Arbeitsfl\u00e4chen eingesetzt.<\/p>\n\n\n\n<p class=\"wp-block-paragraph\"><div class=\"woocommerce columns-4 \"><ul class=\"products columns-4\">\n<li class=\"product type-product post-29444 status-publish first instock product_cat-uv-lampe has-post-thumbnail taxable shipping-taxable product-type-simple\">\n\t<a href=\"https:\/\/sysmatec.ch\/de\/Produkt\/digitales-gel-doc-system-gds200\/\" class=\"woocommerce-LoopProduct-link woocommerce-loop-product__link\"><img loading=\"lazy\" decoding=\"async\" width=\"324\" height=\"324\" src=\"https:\/\/sysmatec.ch\/wp-content\/uploads\/2024\/05\/AnalyseGelGSD200_MDBest-324x324.jpg\" class=\"attachment-woocommerce_thumbnail size-woocommerce_thumbnail\" alt=\"Digitales Gel Doc System GDS200\" srcset=\"https:\/\/sysmatec.ch\/wp-content\/uploads\/2024\/05\/AnalyseGelGSD200_MDBest-324x324.jpg 324w, https:\/\/sysmatec.ch\/wp-content\/uploads\/2024\/05\/AnalyseGelGSD200_MDBest-100x100.jpg 100w, https:\/\/sysmatec.ch\/wp-content\/uploads\/2024\/05\/AnalyseGelGSD200_MDBest-150x150.jpg 150w\" sizes=\"auto, (max-width: 324px) 100vw, 324px\" \/><h2 class=\"woocommerce-loop-product__title\">Digitales Gel Doc System GDS200<\/h2>\n<\/a><a href=\"https:\/\/sysmatec.ch\/de\/Produkt\/digitales-gel-doc-system-gds200\/\" aria-describedby=\"woocommerce_loop_add_to_cart_link_describedby_29444\" data-quantity=\"1\" class=\"button product_type_simple\" data-product_id=\"29444\" data-product_sku=\"\" aria-label=\"Lese mehr \u00fcber &#8222;Digitales Gel Doc System GDS200&#8220;\" rel=\"nofollow\" data-success_message=\"\">Weiterlesen<\/a>\t<span id=\"woocommerce_loop_add_to_cart_link_describedby_29444\" class=\"screen-reader-text\">\n\t\t\t<\/span>\n<\/li>\n<li class=\"product type-product post-2330 status-publish instock product_cat-uv-lampe has-post-thumbnail taxable shipping-taxable product-type-simple\">\n\t<a href=\"https:\/\/sysmatec.ch\/de\/Produkt\/uv-35w-sauberkeit-kontrolllampe\/\" class=\"woocommerce-LoopProduct-link woocommerce-loop-product__link\"><img loading=\"lazy\" decoding=\"async\" width=\"174\" height=\"118\" src=\"https:\/\/sysmatec.ch\/wp-content\/uploads\/2019\/01\/LampeUV_CantiumUV35W.jpg\" class=\"attachment-woocommerce_thumbnail size-woocommerce_thumbnail\" alt=\"UV 35W Sauberkeit Kontrolllampe\" \/><h2 class=\"woocommerce-loop-product__title\">UV 35W Sauberkeit Kontrolllampe<\/h2>\n<\/a><a href=\"https:\/\/sysmatec.ch\/de\/Produkt\/uv-35w-sauberkeit-kontrolllampe\/\" aria-describedby=\"woocommerce_loop_add_to_cart_link_describedby_2330\" data-quantity=\"1\" class=\"button product_type_simple\" data-product_id=\"2330\" data-product_sku=\"\" aria-label=\"Lese mehr \u00fcber &#8222;UV 35W Sauberkeit Kontrolllampe&#8220;\" rel=\"nofollow\" data-success_message=\"\">Weiterlesen<\/a>\t<span id=\"woocommerce_loop_add_to_cart_link_describedby_2330\" class=\"screen-reader-text\">\n\t\t\t<\/span>\n<\/li>\n<li class=\"product type-product post-14706 status-publish instock product_cat-uv-lampe has-post-thumbnail taxable shipping-taxable product-type-simple\">\n\t<a href=\"https:\/\/sysmatec.ch\/de\/Produkt\/leichter-tragbarer-uv-detektor-agileuvtm\/\" class=\"woocommerce-LoopProduct-link woocommerce-loop-product__link\"><img loading=\"lazy\" decoding=\"async\" width=\"324\" height=\"324\" src=\"https:\/\/sysmatec.ch\/wp-content\/uploads\/2019\/05\/UVLamp_Avansbio-324x324.jpg\" class=\"attachment-woocommerce_thumbnail size-woocommerce_thumbnail\" alt=\"Leichte tragbare UV-Lamp AgileUVTM\" srcset=\"https:\/\/sysmatec.ch\/wp-content\/uploads\/2019\/05\/UVLamp_Avansbio-324x324.jpg 324w, https:\/\/sysmatec.ch\/wp-content\/uploads\/2019\/05\/UVLamp_Avansbio-100x100.jpg 100w, https:\/\/sysmatec.ch\/wp-content\/uploads\/2019\/05\/UVLamp_Avansbio-150x150.jpg 150w\" sizes=\"auto, (max-width: 324px) 100vw, 324px\" \/><h2 class=\"woocommerce-loop-product__title\">Leichte tragbare UV-Lamp AgileUVTM<\/h2>\n<\/a><a href=\"https:\/\/sysmatec.ch\/de\/Produkt\/leichter-tragbarer-uv-detektor-agileuvtm\/\" aria-describedby=\"woocommerce_loop_add_to_cart_link_describedby_14706\" data-quantity=\"1\" class=\"button product_type_simple\" data-product_id=\"14706\" data-product_sku=\"\" aria-label=\"Lese mehr \u00fcber &#8222;Leichte tragbare UV-Lamp AgileUVTM&#8220;\" rel=\"nofollow\" data-success_message=\"\">Weiterlesen<\/a>\t<span id=\"woocommerce_loop_add_to_cart_link_describedby_14706\" class=\"screen-reader-text\">\n\t\t\t<\/span>\n<\/li>\n<\/ul>\n<\/div><\/p>\n","protected":false},"excerpt":{"rendered":"<p>Ultraviolette Strahlung erm\u00f6glicht es, bestimmte Molek\u00fcle wie Nukleins\u00e4uren oder Proteine hervorzuheben. UV-Lampen werden daher bei der Plattenchromatographie oder Elektrophorese oder auch einfach zur \u00dcberpr\u00fcfung der Sauberkeit von Arbeitsfl\u00e4chen eingesetzt.<\/p>\n","protected":false},"author":3,"featured_media":0,"parent":0,"menu_order":0,"comment_status":"closed","ping_status":"closed","template":"","meta":{"_crdt_document":"","footnotes":""},"class_list":["post-1710","page","type-page","status-publish","hentry"],"yoast_head":"<!-- This site is optimized with the Yoast SEO plugin v27.3 - https:\/\/yoast.com\/product\/yoast-seo-wordpress\/ -->\n<title>UV Lampe - Sysmatec Ultraviolette Strahlung erm\u00f6glicht es, bestimmte Molek\u00fcle wie Nukleins\u00e4uren oder Proteine hervorzuheben. UV-Lampen werden daher bei der Plattenchromatographie oder Elektrophorese oder auch einfach zur \u00dcberpr\u00fcfung der Sauberkeit von Arbeitsfl\u00e4chen eingesetzt.<\/title>\n<meta name=\"description\" content=\"UV-Lampen k\u00f6nnen bestimmte Molek\u00fcle wie Nukleins\u00e4uren oder Proteine \u200b\u200bhervorheben, N\u00fctzlich f\u00fcr die Sauberkeit von Arbeitsfl\u00e4chen zu pr\u00fcfen.\" \/>\n<meta name=\"robots\" content=\"index, follow, max-snippet:-1, max-image-preview:large, max-video-preview:-1\" \/>\n<link rel=\"canonical\" href=\"https:\/\/sysmatec.ch\/de\/uv-lampe\/\" \/>\n<meta property=\"og:locale\" content=\"de_DE\" \/>\n<meta property=\"og:type\" content=\"article\" \/>\n<meta property=\"og:title\" content=\"UV Lampe - Sysmatec Ultraviolette Strahlung erm\u00f6glicht es, bestimmte Molek\u00fcle wie Nukleins\u00e4uren oder Proteine hervorzuheben. UV-Lampen werden daher bei der Plattenchromatographie oder Elektrophorese oder auch einfach zur \u00dcberpr\u00fcfung der Sauberkeit von Arbeitsfl\u00e4chen eingesetzt.\" \/>\n<meta property=\"og:description\" content=\"UV-Lampen k\u00f6nnen bestimmte Molek\u00fcle wie Nukleins\u00e4uren oder Proteine \u200b\u200bhervorheben, N\u00fctzlich f\u00fcr die Sauberkeit von Arbeitsfl\u00e4chen zu pr\u00fcfen.\" \/>\n<meta property=\"og:url\" content=\"https:\/\/sysmatec.ch\/de\/uv-lampe\/\" \/>\n<meta property=\"og:site_name\" content=\"Sysmatec\" \/>\n<meta property=\"article:modified_time\" content=\"2022-06-09T13:21:24+00:00\" \/>\n<meta name=\"twitter:card\" content=\"summary_large_image\" \/>\n<meta name=\"twitter:label1\" content=\"Gesch\u00e4tzte Lesezeit\" \/>\n\t<meta name=\"twitter:data1\" content=\"1\u00a0Minute\" \/>\n<script type=\"application\/ld+json\" class=\"yoast-schema-graph\">{\"@context\":\"https:\\\/\\\/schema.org\",\"@graph\":[{\"@type\":\"WebPage\",\"@id\":\"https:\\\/\\\/sysmatec.ch\\\/de\\\/uv-lampe\\\/\",\"url\":\"https:\\\/\\\/sysmatec.ch\\\/de\\\/uv-lampe\\\/\",\"name\":\"UV Lampe - Sysmatec Ultraviolette Strahlung erm\u00f6glicht es, bestimmte Molek\u00fcle wie Nukleins\u00e4uren oder Proteine hervorzuheben. UV-Lampen werden daher bei der Plattenchromatographie oder Elektrophorese oder auch einfach zur \u00dcberpr\u00fcfung der Sauberkeit von Arbeitsfl\u00e4chen eingesetzt.\",\"isPartOf\":{\"@id\":\"https:\\\/\\\/sysmatec.ch\\\/de\\\/#website\"},\"datePublished\":\"2019-01-27T10:09:01+00:00\",\"dateModified\":\"2022-06-09T13:21:24+00:00\",\"description\":\"UV-Lampen k\u00f6nnen bestimmte Molek\u00fcle wie Nukleins\u00e4uren oder Proteine \u200b\u200bhervorheben, N\u00fctzlich f\u00fcr die Sauberkeit von Arbeitsfl\u00e4chen zu pr\u00fcfen.\",\"breadcrumb\":{\"@id\":\"https:\\\/\\\/sysmatec.ch\\\/de\\\/uv-lampe\\\/#breadcrumb\"},\"inLanguage\":\"de\",\"potentialAction\":[{\"@type\":\"ReadAction\",\"target\":[\"https:\\\/\\\/sysmatec.ch\\\/de\\\/uv-lampe\\\/\"]}]},{\"@type\":\"BreadcrumbList\",\"@id\":\"https:\\\/\\\/sysmatec.ch\\\/de\\\/uv-lampe\\\/#breadcrumb\",\"itemListElement\":[{\"@type\":\"ListItem\",\"position\":1,\"name\":\"Accueil\",\"item\":\"https:\\\/\\\/sysmatec.ch\\\/de\\\/\"},{\"@type\":\"ListItem\",\"position\":2,\"name\":\"UV Lampe\"}]},{\"@type\":\"WebSite\",\"@id\":\"https:\\\/\\\/sysmatec.ch\\\/de\\\/#website\",\"url\":\"https:\\\/\\\/sysmatec.ch\\\/de\\\/\",\"name\":\"Sysmatec\",\"description\":\"Equipement de laboratoire et logiciels\",\"publisher\":{\"@id\":\"https:\\\/\\\/sysmatec.ch\\\/de\\\/#organization\"},\"potentialAction\":[{\"@type\":\"SearchAction\",\"target\":{\"@type\":\"EntryPoint\",\"urlTemplate\":\"https:\\\/\\\/sysmatec.ch\\\/de\\\/?s={search_term_string}\"},\"query-input\":{\"@type\":\"PropertyValueSpecification\",\"valueRequired\":true,\"valueName\":\"search_term_string\"}}],\"inLanguage\":\"de\"},{\"@type\":\"Organization\",\"@id\":\"https:\\\/\\\/sysmatec.ch\\\/de\\\/#organization\",\"name\":\"Sysmatec\",\"url\":\"https:\\\/\\\/sysmatec.ch\\\/de\\\/\",\"logo\":{\"@type\":\"ImageObject\",\"inLanguage\":\"de\",\"@id\":\"https:\\\/\\\/sysmatec.ch\\\/de\\\/#\\\/schema\\\/logo\\\/image\\\/\",\"url\":\"https:\\\/\\\/sysmatec.ch\\\/wp-content\\\/uploads\\\/2018\\\/11\\\/LogoSysmatec.jpg\",\"contentUrl\":\"https:\\\/\\\/sysmatec.ch\\\/wp-content\\\/uploads\\\/2018\\\/11\\\/LogoSysmatec.jpg\",\"width\":301,\"height\":297,\"caption\":\"Sysmatec\"},\"image\":{\"@id\":\"https:\\\/\\\/sysmatec.ch\\\/de\\\/#\\\/schema\\\/logo\\\/image\\\/\"}}]}<\/script>\n<!-- \/ Yoast SEO plugin. -->","yoast_head_json":{"title":"UV Lampe - Sysmatec Ultraviolette Strahlung erm\u00f6glicht es, bestimmte Molek\u00fcle wie Nukleins\u00e4uren oder Proteine hervorzuheben. UV-Lampen werden daher bei der Plattenchromatographie oder Elektrophorese oder auch einfach zur \u00dcberpr\u00fcfung der Sauberkeit von Arbeitsfl\u00e4chen eingesetzt.","description":"UV-Lampen k\u00f6nnen bestimmte Molek\u00fcle wie Nukleins\u00e4uren oder Proteine \u200b\u200bhervorheben, N\u00fctzlich f\u00fcr die Sauberkeit von Arbeitsfl\u00e4chen zu pr\u00fcfen.","robots":{"index":"index","follow":"follow","max-snippet":"max-snippet:-1","max-image-preview":"max-image-preview:large","max-video-preview":"max-video-preview:-1"},"canonical":"https:\/\/sysmatec.ch\/de\/uv-lampe\/","og_locale":"de_DE","og_type":"article","og_title":"UV Lampe - Sysmatec Ultraviolette Strahlung erm\u00f6glicht es, bestimmte Molek\u00fcle wie Nukleins\u00e4uren oder Proteine hervorzuheben. UV-Lampen werden daher bei der Plattenchromatographie oder Elektrophorese oder auch einfach zur \u00dcberpr\u00fcfung der Sauberkeit von Arbeitsfl\u00e4chen eingesetzt.","og_description":"UV-Lampen k\u00f6nnen bestimmte Molek\u00fcle wie Nukleins\u00e4uren oder Proteine \u200b\u200bhervorheben, N\u00fctzlich f\u00fcr die Sauberkeit von Arbeitsfl\u00e4chen zu pr\u00fcfen.","og_url":"https:\/\/sysmatec.ch\/de\/uv-lampe\/","og_site_name":"Sysmatec","article_modified_time":"2022-06-09T13:21:24+00:00","twitter_card":"summary_large_image","twitter_misc":{"Gesch\u00e4tzte Lesezeit":"1\u00a0Minute"},"schema":{"@context":"https:\/\/schema.org","@graph":[{"@type":"WebPage","@id":"https:\/\/sysmatec.ch\/de\/uv-lampe\/","url":"https:\/\/sysmatec.ch\/de\/uv-lampe\/","name":"UV Lampe - Sysmatec Ultraviolette Strahlung erm\u00f6glicht es, bestimmte Molek\u00fcle wie Nukleins\u00e4uren oder Proteine hervorzuheben. UV-Lampen werden daher bei der Plattenchromatographie oder Elektrophorese oder auch einfach zur \u00dcberpr\u00fcfung der Sauberkeit von Arbeitsfl\u00e4chen eingesetzt.","isPartOf":{"@id":"https:\/\/sysmatec.ch\/de\/#website"},"datePublished":"2019-01-27T10:09:01+00:00","dateModified":"2022-06-09T13:21:24+00:00","description":"UV-Lampen k\u00f6nnen bestimmte Molek\u00fcle wie Nukleins\u00e4uren oder Proteine \u200b\u200bhervorheben, N\u00fctzlich f\u00fcr die Sauberkeit von Arbeitsfl\u00e4chen zu pr\u00fcfen.","breadcrumb":{"@id":"https:\/\/sysmatec.ch\/de\/uv-lampe\/#breadcrumb"},"inLanguage":"de","potentialAction":[{"@type":"ReadAction","target":["https:\/\/sysmatec.ch\/de\/uv-lampe\/"]}]},{"@type":"BreadcrumbList","@id":"https:\/\/sysmatec.ch\/de\/uv-lampe\/#breadcrumb","itemListElement":[{"@type":"ListItem","position":1,"name":"Accueil","item":"https:\/\/sysmatec.ch\/de\/"},{"@type":"ListItem","position":2,"name":"UV Lampe"}]},{"@type":"WebSite","@id":"https:\/\/sysmatec.ch\/de\/#website","url":"https:\/\/sysmatec.ch\/de\/","name":"Sysmatec","description":"Equipement de laboratoire et logiciels","publisher":{"@id":"https:\/\/sysmatec.ch\/de\/#organization"},"potentialAction":[{"@type":"SearchAction","target":{"@type":"EntryPoint","urlTemplate":"https:\/\/sysmatec.ch\/de\/?s={search_term_string}"},"query-input":{"@type":"PropertyValueSpecification","valueRequired":true,"valueName":"search_term_string"}}],"inLanguage":"de"},{"@type":"Organization","@id":"https:\/\/sysmatec.ch\/de\/#organization","name":"Sysmatec","url":"https:\/\/sysmatec.ch\/de\/","logo":{"@type":"ImageObject","inLanguage":"de","@id":"https:\/\/sysmatec.ch\/de\/#\/schema\/logo\/image\/","url":"https:\/\/sysmatec.ch\/wp-content\/uploads\/2018\/11\/LogoSysmatec.jpg","contentUrl":"https:\/\/sysmatec.ch\/wp-content\/uploads\/2018\/11\/LogoSysmatec.jpg","width":301,"height":297,"caption":"Sysmatec"},"image":{"@id":"https:\/\/sysmatec.ch\/de\/#\/schema\/logo\/image\/"}}]}},"_links":{"self":[{"href":"https:\/\/sysmatec.ch\/de\/wp-json\/wp\/v2\/pages\/1710","targetHints":{"allow":["GET"]}}],"collection":[{"href":"https:\/\/sysmatec.ch\/de\/wp-json\/wp\/v2\/pages"}],"about":[{"href":"https:\/\/sysmatec.ch\/de\/wp-json\/wp\/v2\/types\/page"}],"author":[{"embeddable":true,"href":"https:\/\/sysmatec.ch\/de\/wp-json\/wp\/v2\/users\/3"}],"replies":[{"embeddable":true,"href":"https:\/\/sysmatec.ch\/de\/wp-json\/wp\/v2\/comments?post=1710"}],"version-history":[{"count":2,"href":"https:\/\/sysmatec.ch\/de\/wp-json\/wp\/v2\/pages\/1710\/revisions"}],"predecessor-version":[{"id":21149,"href":"https:\/\/sysmatec.ch\/de\/wp-json\/wp\/v2\/pages\/1710\/revisions\/21149"}],"wp:attachment":[{"href":"https:\/\/sysmatec.ch\/de\/wp-json\/wp\/v2\/media?parent=1710"}],"curies":[{"name":"wp","href":"https:\/\/api.w.org\/{rel}","templated":true}]}}