{"id":1706,"date":"2019-01-27T11:02:45","date_gmt":"2019-01-27T10:02:45","guid":{"rendered":"https:\/\/sysmatec.ch\/?page_id=1706"},"modified":"2022-06-09T15:16:57","modified_gmt":"2022-06-09T13:16:57","slug":"inkubator","status":"publish","type":"page","link":"https:\/\/sysmatec.ch\/de\/inkubator\/","title":{"rendered":"Inkubator"},"content":{"rendered":"\n<p class=\"wp-block-paragraph\">Die Inkubatoren sind thermostatisch gesteuerte Kammern, die die Kultur von Mikroorganismen und Zellen unter kontrollierten Bedingungen erm\u00f6glichen. Einige sind tragbar, andere erm\u00f6glichen die \u00dcberwachung der Umgebungsbedingungen (CO2, Beleuchtung).<\/p>\n\n\n\n<p class=\"wp-block-paragraph\"><div class=\"woocommerce columns-4 \"><ul class=\"products columns-4\">\n<li class=\"product type-product post-2031 status-publish first instock product_cat-inkubator has-post-thumbnail taxable shipping-taxable product-type-simple\">\n\t<a href=\"https:\/\/sysmatec.ch\/de\/Produkt\/mobiler-inkubator-comfytemp\/\" class=\"woocommerce-LoopProduct-link woocommerce-loop-product__link\"><img loading=\"lazy\" decoding=\"async\" width=\"191\" height=\"177\" src=\"https:\/\/sysmatec.ch\/wp-content\/uploads\/2019\/01\/Incubateur_Avansbio.jpg\" class=\"attachment-woocommerce_thumbnail size-woocommerce_thumbnail\" alt=\"Mobiler Inkubator ComfyTemp\" \/><h2 class=\"woocommerce-loop-product__title\">Mobiler Inkubator ComfyTemp<\/h2>\n<\/a><a href=\"https:\/\/sysmatec.ch\/de\/Produkt\/mobiler-inkubator-comfytemp\/\" aria-describedby=\"woocommerce_loop_add_to_cart_link_describedby_2031\" data-quantity=\"1\" class=\"button product_type_simple\" data-product_id=\"2031\" data-product_sku=\"\" aria-label=\"Lese mehr \u00fcber &#8222;Mobiler Inkubator ComfyTemp&#8220;\" rel=\"nofollow\" data-success_message=\"\">Weiterlesen<\/a>\t<span id=\"woocommerce_loop_add_to_cart_link_describedby_2031\" class=\"screen-reader-text\">\n\t\t\t<\/span>\n<\/li>\n<li class=\"product type-product post-14267 status-publish instock product_cat-inkubator has-post-thumbnail taxable shipping-taxable product-type-simple\">\n\t<a href=\"https:\/\/sysmatec.ch\/de\/Produkt\/capprondo-mini-inkubator\/\" class=\"woocommerce-LoopProduct-link woocommerce-loop-product__link\"><img loading=\"lazy\" decoding=\"async\" width=\"251\" height=\"318\" src=\"https:\/\/sysmatec.ch\/wp-content\/uploads\/2019\/12\/Incubateur_CappRondo.jpg\" class=\"attachment-woocommerce_thumbnail size-woocommerce_thumbnail\" alt=\"CappRondo Mini Inkubator\" srcset=\"https:\/\/sysmatec.ch\/wp-content\/uploads\/2019\/12\/Incubateur_CappRondo.jpg 251w, https:\/\/sysmatec.ch\/wp-content\/uploads\/2019\/12\/Incubateur_CappRondo-237x300.jpg 237w\" sizes=\"auto, (max-width: 251px) 100vw, 251px\" \/><h2 class=\"woocommerce-loop-product__title\">CappRondo Mini Inkubator<\/h2>\n<\/a><a href=\"https:\/\/sysmatec.ch\/de\/Produkt\/capprondo-mini-inkubator\/\" aria-describedby=\"woocommerce_loop_add_to_cart_link_describedby_14267\" data-quantity=\"1\" class=\"button product_type_simple\" data-product_id=\"14267\" data-product_sku=\"\" aria-label=\"Lese mehr \u00fcber &#8222;CappRondo Mini Inkubator&#8220;\" rel=\"nofollow\" data-success_message=\"\">Weiterlesen<\/a>\t<span id=\"woocommerce_loop_add_to_cart_link_describedby_14267\" class=\"screen-reader-text\">\n\t\t\t<\/span>\n<\/li>\n<li class=\"product type-product post-30618 status-publish instock product_cat-inkubator has-post-thumbnail taxable shipping-taxable product-type-simple\">\n\t<a href=\"https:\/\/sysmatec.ch\/de\/Produkt\/compact-co2-inkubator-biotherm-s-bt-smart\/\" class=\"woocommerce-LoopProduct-link woocommerce-loop-product__link\"><img loading=\"lazy\" decoding=\"async\" width=\"324\" height=\"324\" src=\"https:\/\/sysmatec.ch\/wp-content\/uploads\/2025\/05\/IncubateurCO2_SmartBiothermBiosan-324x324.jpg\" class=\"attachment-woocommerce_thumbnail size-woocommerce_thumbnail\" alt=\"Compact CO2-Inkubator Biotherm S-Bt Smart\" srcset=\"https:\/\/sysmatec.ch\/wp-content\/uploads\/2025\/05\/IncubateurCO2_SmartBiothermBiosan-324x324.jpg 324w, https:\/\/sysmatec.ch\/wp-content\/uploads\/2025\/05\/IncubateurCO2_SmartBiothermBiosan-150x150.jpg 150w, https:\/\/sysmatec.ch\/wp-content\/uploads\/2025\/05\/IncubateurCO2_SmartBiothermBiosan-100x100.jpg 100w\" sizes=\"auto, (max-width: 324px) 100vw, 324px\" \/><h2 class=\"woocommerce-loop-product__title\">Compact CO2-Inkubator Biotherm S-Bt Smart<\/h2>\n<\/a><a href=\"https:\/\/sysmatec.ch\/de\/Produkt\/compact-co2-inkubator-biotherm-s-bt-smart\/\" aria-describedby=\"woocommerce_loop_add_to_cart_link_describedby_30618\" data-quantity=\"1\" class=\"button product_type_simple\" data-product_id=\"30618\" data-product_sku=\"\" aria-label=\"Lese mehr \u00fcber &#8222;Compact CO2-Inkubator Biotherm S-Bt Smart&#8220;\" rel=\"nofollow\" data-success_message=\"\">Weiterlesen<\/a>\t<span id=\"woocommerce_loop_add_to_cart_link_describedby_30618\" class=\"screen-reader-text\">\n\t\t\t<\/span>\n<\/li>\n<li class=\"product type-product post-30209 status-publish last instock product_cat-inkubator has-post-thumbnail taxable shipping-taxable product-type-simple\">\n\t<a href=\"https:\/\/sysmatec.ch\/de\/Produkt\/tragbarer-inkubator-dh\/\" class=\"woocommerce-LoopProduct-link woocommerce-loop-product__link\"><img loading=\"lazy\" decoding=\"async\" width=\"324\" height=\"324\" src=\"https:\/\/sysmatec.ch\/wp-content\/uploads\/2024\/12\/Incubateur_DHBioaquo-324x324.jpg\" class=\"attachment-woocommerce_thumbnail size-woocommerce_thumbnail\" alt=\"Tragbarer Inkubator DH\" srcset=\"https:\/\/sysmatec.ch\/wp-content\/uploads\/2024\/12\/Incubateur_DHBioaquo-324x324.jpg 324w, https:\/\/sysmatec.ch\/wp-content\/uploads\/2024\/12\/Incubateur_DHBioaquo-150x150.jpg 150w, https:\/\/sysmatec.ch\/wp-content\/uploads\/2024\/12\/Incubateur_DHBioaquo-100x100.jpg 100w\" sizes=\"auto, (max-width: 324px) 100vw, 324px\" \/><h2 class=\"woocommerce-loop-product__title\">Tragbarer Inkubator DH<\/h2>\n<\/a><a href=\"https:\/\/sysmatec.ch\/de\/Produkt\/tragbarer-inkubator-dh\/\" aria-describedby=\"woocommerce_loop_add_to_cart_link_describedby_30209\" data-quantity=\"1\" class=\"button product_type_simple\" data-product_id=\"30209\" data-product_sku=\"\" aria-label=\"Lese mehr \u00fcber &#8222;Tragbarer Inkubator DH&#8220;\" rel=\"nofollow\" data-success_message=\"\">Weiterlesen<\/a>\t<span id=\"woocommerce_loop_add_to_cart_link_describedby_30209\" class=\"screen-reader-text\">\n\t\t\t<\/span>\n<\/li>\n<li class=\"product type-product post-2037 status-publish first instock product_cat-inkubator has-post-thumbnail taxable shipping-taxable product-type-simple\">\n\t<a href=\"https:\/\/sysmatec.ch\/de\/Produkt\/thermostatschraenke-tc\/\" class=\"woocommerce-LoopProduct-link woocommerce-loop-product__link\"><img loading=\"lazy\" decoding=\"async\" width=\"158\" height=\"187\" src=\"https:\/\/sysmatec.ch\/wp-content\/uploads\/2019\/01\/Incubateur_Tintometer.gif\" class=\"attachment-woocommerce_thumbnail size-woocommerce_thumbnail\" alt=\"Thermostatschr\u00e4nke TC\" \/><h2 class=\"woocommerce-loop-product__title\">Thermostatschr\u00e4nke TC<\/h2>\n<\/a><a href=\"https:\/\/sysmatec.ch\/de\/Produkt\/thermostatschraenke-tc\/\" aria-describedby=\"woocommerce_loop_add_to_cart_link_describedby_2037\" data-quantity=\"1\" class=\"button product_type_simple\" data-product_id=\"2037\" data-product_sku=\"\" aria-label=\"Lese mehr \u00fcber &#8222;Thermostatschr\u00e4nke TC&#8220;\" rel=\"nofollow\" data-success_message=\"\">Weiterlesen<\/a>\t<span id=\"woocommerce_loop_add_to_cart_link_describedby_2037\" class=\"screen-reader-text\">\n\t\t\t<\/span>\n<\/li>\n<li class=\"product type-product post-2034 status-publish instock product_cat-inkubator has-post-thumbnail taxable shipping-taxable product-type-simple\">\n\t<a href=\"https:\/\/sysmatec.ch\/de\/Produkt\/inkubator-snol-x-100-in\/\" class=\"woocommerce-LoopProduct-link woocommerce-loop-product__link\"><img loading=\"lazy\" decoding=\"async\" width=\"324\" height=\"324\" src=\"https:\/\/sysmatec.ch\/wp-content\/uploads\/2019\/01\/Incubateur_SNOL55-324x324.jpg\" class=\"attachment-woocommerce_thumbnail size-woocommerce_thumbnail\" alt=\"Inkubator Snol X\/100 IN\" srcset=\"https:\/\/sysmatec.ch\/wp-content\/uploads\/2019\/01\/Incubateur_SNOL55-324x324.jpg 324w, https:\/\/sysmatec.ch\/wp-content\/uploads\/2019\/01\/Incubateur_SNOL55-150x150.jpg 150w, https:\/\/sysmatec.ch\/wp-content\/uploads\/2019\/01\/Incubateur_SNOL55-100x100.jpg 100w\" sizes=\"auto, (max-width: 324px) 100vw, 324px\" \/><h2 class=\"woocommerce-loop-product__title\">Inkubator Snol X\/100 IN<\/h2>\n<\/a><a href=\"https:\/\/sysmatec.ch\/de\/Produkt\/inkubator-snol-x-100-in\/\" aria-describedby=\"woocommerce_loop_add_to_cart_link_describedby_2034\" data-quantity=\"1\" class=\"button product_type_simple\" data-product_id=\"2034\" data-product_sku=\"\" aria-label=\"Lese mehr \u00fcber &#8222;Inkubator Snol X\/100 IN&#8220;\" rel=\"nofollow\" data-success_message=\"\">Weiterlesen<\/a>\t<span id=\"woocommerce_loop_add_to_cart_link_describedby_2034\" class=\"screen-reader-text\">\n\t\t\t<\/span>\n<\/li>\n<li class=\"product type-product post-2025 status-publish instock product_cat-inkubator has-post-thumbnail taxable shipping-taxable product-type-simple\">\n\t<a href=\"https:\/\/sysmatec.ch\/de\/Produkt\/pflanzenkammer-li15-2\/\" class=\"woocommerce-LoopProduct-link woocommerce-loop-product__link\"><img loading=\"lazy\" decoding=\"async\" width=\"182\" height=\"136\" src=\"https:\/\/sysmatec.ch\/wp-content\/uploads\/2019\/01\/Incubateur_MRCLabLI15.jpg\" class=\"attachment-woocommerce_thumbnail size-woocommerce_thumbnail\" alt=\"Pflanzenkammer LI15 -2\" \/><h2 class=\"woocommerce-loop-product__title\">Pflanzenkammer LI15 -2<\/h2>\n<\/a><a href=\"https:\/\/sysmatec.ch\/de\/Produkt\/pflanzenkammer-li15-2\/\" aria-describedby=\"woocommerce_loop_add_to_cart_link_describedby_2025\" data-quantity=\"1\" class=\"button product_type_simple\" data-product_id=\"2025\" data-product_sku=\"\" aria-label=\"Lese mehr \u00fcber &#8222;Pflanzenkammer LI15 -2&#8220;\" rel=\"nofollow\" data-success_message=\"\">Weiterlesen<\/a>\t<span id=\"woocommerce_loop_add_to_cart_link_describedby_2025\" class=\"screen-reader-text\">\n\t\t\t<\/span>\n<\/li>\n<li class=\"product type-product post-2028 status-publish last instock product_cat-inkubator has-post-thumbnail taxable shipping-taxable product-type-simple\">\n\t<a href=\"https:\/\/sysmatec.ch\/de\/Produkt\/co2-o2-inkubator\/\" class=\"woocommerce-LoopProduct-link woocommerce-loop-product__link\"><img loading=\"lazy\" decoding=\"async\" width=\"180\" height=\"198\" src=\"https:\/\/sysmatec.ch\/wp-content\/uploads\/2019\/01\/Incubateur_WorldSciWS40.jpg\" class=\"attachment-woocommerce_thumbnail size-woocommerce_thumbnail\" alt=\"CO2\/O2 Inkubator\" \/><h2 class=\"woocommerce-loop-product__title\">CO2\/O2 Inkubator<\/h2>\n<\/a><a href=\"https:\/\/sysmatec.ch\/de\/Produkt\/co2-o2-inkubator\/\" aria-describedby=\"woocommerce_loop_add_to_cart_link_describedby_2028\" data-quantity=\"1\" class=\"button product_type_simple\" data-product_id=\"2028\" data-product_sku=\"\" aria-label=\"Lese mehr \u00fcber &#8222;CO2\/O2 Inkubator&#8220;\" rel=\"nofollow\" data-success_message=\"\">Weiterlesen<\/a>\t<span id=\"woocommerce_loop_add_to_cart_link_describedby_2028\" class=\"screen-reader-text\">\n\t\t\t<\/span>\n<\/li>\n<li class=\"product type-product post-21975 status-publish first instock product_cat-inkubator has-post-thumbnail taxable shipping-taxable product-type-simple\">\n\t<a href=\"https:\/\/sysmatec.ch\/de\/Produkt\/beleuchteter-inkubator\/\" class=\"woocommerce-LoopProduct-link woocommerce-loop-product__link\"><img loading=\"lazy\" decoding=\"async\" width=\"300\" height=\"324\" src=\"https:\/\/sysmatec.ch\/wp-content\/uploads\/2019\/05\/IncubateurPlante_Biobase-300x324.jpg\" class=\"attachment-woocommerce_thumbnail size-woocommerce_thumbnail\" alt=\"Beleuchteter Inkubator\" \/><h2 class=\"woocommerce-loop-product__title\">Beleuchteter Inkubator<\/h2>\n<\/a><a href=\"https:\/\/sysmatec.ch\/de\/Produkt\/beleuchteter-inkubator\/\" aria-describedby=\"woocommerce_loop_add_to_cart_link_describedby_21975\" data-quantity=\"1\" class=\"button product_type_simple\" data-product_id=\"21975\" data-product_sku=\"\" aria-label=\"Lese mehr \u00fcber &#8222;Beleuchteter Inkubator&#8220;\" rel=\"nofollow\" data-success_message=\"\">Weiterlesen<\/a>\t<span id=\"woocommerce_loop_add_to_cart_link_describedby_21975\" class=\"screen-reader-text\">\n\t\t\t<\/span>\n<\/li>\n<\/ul>\n<\/div><\/p>\n","protected":false},"excerpt":{"rendered":"<p>Die Inkubatoren sind thermostatisch gesteuerte Kammern, die die Kultur von Mikroorganismen und Zellen unter kontrollierten Bedingungen erm\u00f6glichen. Einige sind tragbar, andere erm\u00f6glichen die \u00dcberwachung der Umgebungsbedingungen (CO2, Beleuchtung).<\/p>\n","protected":false},"author":3,"featured_media":0,"parent":0,"menu_order":0,"comment_status":"closed","ping_status":"closed","template":"","meta":{"_crdt_document":"","footnotes":""},"class_list":["post-1706","page","type-page","status-publish","hentry"],"yoast_head":"<!-- This site is optimized with the Yoast SEO plugin v27.3 - https:\/\/yoast.com\/product\/yoast-seo-wordpress\/ -->\n<title>Inkubator - Sysmatec<\/title>\n<meta name=\"description\" content=\"Inkubatoren sind thermostatisch geregelte Kammern, die die Kultivierung von Mikroorganismen und Zellen unter kontrollierten Bedingungen erm\u00f6glichen.\" \/>\n<meta name=\"robots\" content=\"index, follow, max-snippet:-1, max-image-preview:large, max-video-preview:-1\" \/>\n<link rel=\"canonical\" href=\"https:\/\/sysmatec.ch\/de\/inkubator\/\" \/>\n<meta property=\"og:locale\" content=\"de_DE\" \/>\n<meta property=\"og:type\" content=\"article\" \/>\n<meta property=\"og:title\" content=\"Inkubator - Sysmatec\" \/>\n<meta property=\"og:description\" content=\"Inkubatoren sind thermostatisch geregelte Kammern, die die Kultivierung von Mikroorganismen und Zellen unter kontrollierten Bedingungen erm\u00f6glichen.\" \/>\n<meta property=\"og:url\" content=\"https:\/\/sysmatec.ch\/de\/inkubator\/\" \/>\n<meta property=\"og:site_name\" content=\"Sysmatec\" \/>\n<meta property=\"article:modified_time\" content=\"2022-06-09T13:16:57+00:00\" \/>\n<meta name=\"twitter:card\" content=\"summary_large_image\" \/>\n<meta name=\"twitter:label1\" content=\"Gesch\u00e4tzte Lesezeit\" \/>\n\t<meta name=\"twitter:data1\" content=\"1\u00a0Minute\" \/>\n<script type=\"application\/ld+json\" class=\"yoast-schema-graph\">{\"@context\":\"https:\\\/\\\/schema.org\",\"@graph\":[{\"@type\":\"WebPage\",\"@id\":\"https:\\\/\\\/sysmatec.ch\\\/de\\\/inkubator\\\/\",\"url\":\"https:\\\/\\\/sysmatec.ch\\\/de\\\/inkubator\\\/\",\"name\":\"Inkubator - Sysmatec\",\"isPartOf\":{\"@id\":\"https:\\\/\\\/sysmatec.ch\\\/de\\\/#website\"},\"datePublished\":\"2019-01-27T10:02:45+00:00\",\"dateModified\":\"2022-06-09T13:16:57+00:00\",\"description\":\"Inkubatoren sind thermostatisch geregelte Kammern, die die Kultivierung von Mikroorganismen und Zellen unter kontrollierten Bedingungen erm\u00f6glichen.\",\"breadcrumb\":{\"@id\":\"https:\\\/\\\/sysmatec.ch\\\/de\\\/inkubator\\\/#breadcrumb\"},\"inLanguage\":\"de\",\"potentialAction\":[{\"@type\":\"ReadAction\",\"target\":[\"https:\\\/\\\/sysmatec.ch\\\/de\\\/inkubator\\\/\"]}]},{\"@type\":\"BreadcrumbList\",\"@id\":\"https:\\\/\\\/sysmatec.ch\\\/de\\\/inkubator\\\/#breadcrumb\",\"itemListElement\":[{\"@type\":\"ListItem\",\"position\":1,\"name\":\"Accueil\",\"item\":\"https:\\\/\\\/sysmatec.ch\\\/de\\\/\"},{\"@type\":\"ListItem\",\"position\":2,\"name\":\"Inkubator\"}]},{\"@type\":\"WebSite\",\"@id\":\"https:\\\/\\\/sysmatec.ch\\\/de\\\/#website\",\"url\":\"https:\\\/\\\/sysmatec.ch\\\/de\\\/\",\"name\":\"Sysmatec\",\"description\":\"Equipement de laboratoire et logiciels\",\"publisher\":{\"@id\":\"https:\\\/\\\/sysmatec.ch\\\/de\\\/#organization\"},\"potentialAction\":[{\"@type\":\"SearchAction\",\"target\":{\"@type\":\"EntryPoint\",\"urlTemplate\":\"https:\\\/\\\/sysmatec.ch\\\/de\\\/?s={search_term_string}\"},\"query-input\":{\"@type\":\"PropertyValueSpecification\",\"valueRequired\":true,\"valueName\":\"search_term_string\"}}],\"inLanguage\":\"de\"},{\"@type\":\"Organization\",\"@id\":\"https:\\\/\\\/sysmatec.ch\\\/de\\\/#organization\",\"name\":\"Sysmatec\",\"url\":\"https:\\\/\\\/sysmatec.ch\\\/de\\\/\",\"logo\":{\"@type\":\"ImageObject\",\"inLanguage\":\"de\",\"@id\":\"https:\\\/\\\/sysmatec.ch\\\/de\\\/#\\\/schema\\\/logo\\\/image\\\/\",\"url\":\"https:\\\/\\\/sysmatec.ch\\\/wp-content\\\/uploads\\\/2018\\\/11\\\/LogoSysmatec.jpg\",\"contentUrl\":\"https:\\\/\\\/sysmatec.ch\\\/wp-content\\\/uploads\\\/2018\\\/11\\\/LogoSysmatec.jpg\",\"width\":301,\"height\":297,\"caption\":\"Sysmatec\"},\"image\":{\"@id\":\"https:\\\/\\\/sysmatec.ch\\\/de\\\/#\\\/schema\\\/logo\\\/image\\\/\"}}]}<\/script>\n<!-- \/ Yoast SEO plugin. -->","yoast_head_json":{"title":"Inkubator - Sysmatec","description":"Inkubatoren sind thermostatisch geregelte Kammern, die die Kultivierung von Mikroorganismen und Zellen unter kontrollierten Bedingungen erm\u00f6glichen.","robots":{"index":"index","follow":"follow","max-snippet":"max-snippet:-1","max-image-preview":"max-image-preview:large","max-video-preview":"max-video-preview:-1"},"canonical":"https:\/\/sysmatec.ch\/de\/inkubator\/","og_locale":"de_DE","og_type":"article","og_title":"Inkubator - Sysmatec","og_description":"Inkubatoren sind thermostatisch geregelte Kammern, die die Kultivierung von Mikroorganismen und Zellen unter kontrollierten Bedingungen erm\u00f6glichen.","og_url":"https:\/\/sysmatec.ch\/de\/inkubator\/","og_site_name":"Sysmatec","article_modified_time":"2022-06-09T13:16:57+00:00","twitter_card":"summary_large_image","twitter_misc":{"Gesch\u00e4tzte Lesezeit":"1\u00a0Minute"},"schema":{"@context":"https:\/\/schema.org","@graph":[{"@type":"WebPage","@id":"https:\/\/sysmatec.ch\/de\/inkubator\/","url":"https:\/\/sysmatec.ch\/de\/inkubator\/","name":"Inkubator - Sysmatec","isPartOf":{"@id":"https:\/\/sysmatec.ch\/de\/#website"},"datePublished":"2019-01-27T10:02:45+00:00","dateModified":"2022-06-09T13:16:57+00:00","description":"Inkubatoren sind thermostatisch geregelte Kammern, die die Kultivierung von Mikroorganismen und Zellen unter kontrollierten Bedingungen erm\u00f6glichen.","breadcrumb":{"@id":"https:\/\/sysmatec.ch\/de\/inkubator\/#breadcrumb"},"inLanguage":"de","potentialAction":[{"@type":"ReadAction","target":["https:\/\/sysmatec.ch\/de\/inkubator\/"]}]},{"@type":"BreadcrumbList","@id":"https:\/\/sysmatec.ch\/de\/inkubator\/#breadcrumb","itemListElement":[{"@type":"ListItem","position":1,"name":"Accueil","item":"https:\/\/sysmatec.ch\/de\/"},{"@type":"ListItem","position":2,"name":"Inkubator"}]},{"@type":"WebSite","@id":"https:\/\/sysmatec.ch\/de\/#website","url":"https:\/\/sysmatec.ch\/de\/","name":"Sysmatec","description":"Equipement de laboratoire et logiciels","publisher":{"@id":"https:\/\/sysmatec.ch\/de\/#organization"},"potentialAction":[{"@type":"SearchAction","target":{"@type":"EntryPoint","urlTemplate":"https:\/\/sysmatec.ch\/de\/?s={search_term_string}"},"query-input":{"@type":"PropertyValueSpecification","valueRequired":true,"valueName":"search_term_string"}}],"inLanguage":"de"},{"@type":"Organization","@id":"https:\/\/sysmatec.ch\/de\/#organization","name":"Sysmatec","url":"https:\/\/sysmatec.ch\/de\/","logo":{"@type":"ImageObject","inLanguage":"de","@id":"https:\/\/sysmatec.ch\/de\/#\/schema\/logo\/image\/","url":"https:\/\/sysmatec.ch\/wp-content\/uploads\/2018\/11\/LogoSysmatec.jpg","contentUrl":"https:\/\/sysmatec.ch\/wp-content\/uploads\/2018\/11\/LogoSysmatec.jpg","width":301,"height":297,"caption":"Sysmatec"},"image":{"@id":"https:\/\/sysmatec.ch\/de\/#\/schema\/logo\/image\/"}}]}},"_links":{"self":[{"href":"https:\/\/sysmatec.ch\/de\/wp-json\/wp\/v2\/pages\/1706","targetHints":{"allow":["GET"]}}],"collection":[{"href":"https:\/\/sysmatec.ch\/de\/wp-json\/wp\/v2\/pages"}],"about":[{"href":"https:\/\/sysmatec.ch\/de\/wp-json\/wp\/v2\/types\/page"}],"author":[{"embeddable":true,"href":"https:\/\/sysmatec.ch\/de\/wp-json\/wp\/v2\/users\/3"}],"replies":[{"embeddable":true,"href":"https:\/\/sysmatec.ch\/de\/wp-json\/wp\/v2\/comments?post=1706"}],"version-history":[{"count":2,"href":"https:\/\/sysmatec.ch\/de\/wp-json\/wp\/v2\/pages\/1706\/revisions"}],"predecessor-version":[{"id":21145,"href":"https:\/\/sysmatec.ch\/de\/wp-json\/wp\/v2\/pages\/1706\/revisions\/21145"}],"wp:attachment":[{"href":"https:\/\/sysmatec.ch\/de\/wp-json\/wp\/v2\/media?parent=1706"}],"curies":[{"name":"wp","href":"https:\/\/api.w.org\/{rel}","templated":true}]}}