{"id":1702,"date":"2019-01-27T10:48:13","date_gmt":"2019-01-27T09:48:13","guid":{"rendered":"https:\/\/sysmatec.ch\/?page_id=1702"},"modified":"2022-06-09T15:11:28","modified_gmt":"2022-06-09T13:11:28","slug":"ofen","status":"publish","type":"page","link":"https:\/\/sysmatec.ch\/de\/ofen\/","title":{"rendered":"Ofen"},"content":{"rendered":"\n<p class=\"wp-block-paragraph\">Wir bieten Labor- und Industrie\u00f6fen f\u00fcr einen Temperaturbereich von 300 bis 3000 \u00b0 C an. Hier finden Sie \u00d6fen bis 700 \u00b0 C, Kammer\u00f6fen bis 1800 \u00b0 C und Rohr\u00f6fen.<\/p>\n\n\n\n<p class=\"wp-block-paragraph\"><div class=\"woocommerce columns-4 \"><ul class=\"products columns-4\">\n<li class=\"product type-product post-2057 status-publish first instock product_cat-ofen has-post-thumbnail taxable shipping-taxable product-type-simple\">\n\t<a href=\"https:\/\/sysmatec.ch\/de\/Produkt\/ofen-thermoschrank-serie-ax\/\" class=\"woocommerce-LoopProduct-link woocommerce-loop-product__link\"><img loading=\"lazy\" decoding=\"async\" width=\"178\" height=\"85\" src=\"https:\/\/sysmatec.ch\/wp-content\/uploads\/2019\/01\/FourEtuve_CarboliteAX.jpg\" class=\"attachment-woocommerce_thumbnail size-woocommerce_thumbnail\" alt=\"Ofen \/ Thermoschrank Serie AX\" \/><h2 class=\"woocommerce-loop-product__title\">Ofen \/ Thermoschrank Serie AX<\/h2>\n<\/a><a href=\"https:\/\/sysmatec.ch\/de\/Produkt\/ofen-thermoschrank-serie-ax\/\" aria-describedby=\"woocommerce_loop_add_to_cart_link_describedby_2057\" data-quantity=\"1\" class=\"button product_type_simple\" data-product_id=\"2057\" data-product_sku=\"\" aria-label=\"Lese mehr \u00fcber &#8222;Ofen \/ Thermoschrank Serie AX&#8220;\" rel=\"nofollow\" data-success_message=\"\">Weiterlesen<\/a>\t<span id=\"woocommerce_loop_add_to_cart_link_describedby_2057\" class=\"screen-reader-text\">\n\t\t\t<\/span>\n<\/li>\n<li class=\"product type-product post-2049 status-publish instock product_cat-ofen has-post-thumbnail taxable shipping-taxable product-type-simple\">\n\t<a href=\"https:\/\/sysmatec.ch\/de\/Produkt\/ofen-thermoschrank-serie-lht\/\" class=\"woocommerce-LoopProduct-link woocommerce-loop-product__link\"><img loading=\"lazy\" decoding=\"async\" width=\"184\" height=\"131\" src=\"https:\/\/sysmatec.ch\/wp-content\/uploads\/2019\/01\/Four_CarboliteLHT.jpg\" class=\"attachment-woocommerce_thumbnail size-woocommerce_thumbnail\" alt=\"Ofen \/ Thermoschrank Serie LHT\" \/><h2 class=\"woocommerce-loop-product__title\">Ofen \/ Thermoschrank Serie LHT<\/h2>\n<\/a><a href=\"https:\/\/sysmatec.ch\/de\/Produkt\/ofen-thermoschrank-serie-lht\/\" aria-describedby=\"woocommerce_loop_add_to_cart_link_describedby_2049\" data-quantity=\"1\" class=\"button product_type_simple\" data-product_id=\"2049\" data-product_sku=\"\" aria-label=\"Lese mehr \u00fcber &#8222;Ofen \/ Thermoschrank Serie LHT&#8220;\" rel=\"nofollow\" data-success_message=\"\">Weiterlesen<\/a>\t<span id=\"woocommerce_loop_add_to_cart_link_describedby_2049\" class=\"screen-reader-text\">\n\t\t\t<\/span>\n<\/li>\n<li class=\"product type-product post-2054 status-publish instock product_cat-ofen has-post-thumbnail taxable shipping-taxable product-type-simple\">\n\t<a href=\"https:\/\/sysmatec.ch\/de\/Produkt\/ofen-thermoschrank-serie-pf\/\" class=\"woocommerce-LoopProduct-link woocommerce-loop-product__link\"><img loading=\"lazy\" decoding=\"async\" width=\"193\" height=\"188\" src=\"https:\/\/sysmatec.ch\/wp-content\/uploads\/2019\/01\/Four_CarbolitePF.jpg\" class=\"attachment-woocommerce_thumbnail size-woocommerce_thumbnail\" alt=\"Ofen \/ Thermoschrank Serie PF\" \/><h2 class=\"woocommerce-loop-product__title\">Ofen \/ Thermoschrank Serie PF<\/h2>\n<\/a><a href=\"https:\/\/sysmatec.ch\/de\/Produkt\/ofen-thermoschrank-serie-pf\/\" aria-describedby=\"woocommerce_loop_add_to_cart_link_describedby_2054\" data-quantity=\"1\" class=\"button product_type_simple\" data-product_id=\"2054\" data-product_sku=\"\" aria-label=\"Lese mehr \u00fcber &#8222;Ofen \/ Thermoschrank Serie PF&#8220;\" rel=\"nofollow\" data-success_message=\"\">Weiterlesen<\/a>\t<span id=\"woocommerce_loop_add_to_cart_link_describedby_2054\" class=\"screen-reader-text\">\n\t\t\t<\/span>\n<\/li>\n<li class=\"product type-product post-2066 status-publish last instock product_cat-ofen has-post-thumbnail taxable shipping-taxable product-type-simple\">\n\t<a href=\"https:\/\/sysmatec.ch\/de\/Produkt\/ofen-snol-24-und-200\/\" class=\"woocommerce-LoopProduct-link woocommerce-loop-product__link\"><img loading=\"lazy\" decoding=\"async\" width=\"179\" height=\"147\" src=\"https:\/\/sysmatec.ch\/wp-content\/uploads\/2019\/01\/Four_UMEGASnol24.jpg\" class=\"attachment-woocommerce_thumbnail size-woocommerce_thumbnail\" alt=\"Ofen Snol 24 und 200\" \/><h2 class=\"woocommerce-loop-product__title\">Ofen Snol 24 und 200<\/h2>\n<\/a><a href=\"https:\/\/sysmatec.ch\/de\/Produkt\/ofen-snol-24-und-200\/\" aria-describedby=\"woocommerce_loop_add_to_cart_link_describedby_2066\" data-quantity=\"1\" class=\"button product_type_simple\" data-product_id=\"2066\" data-product_sku=\"\" aria-label=\"Lese mehr \u00fcber &#8222;Ofen Snol 24 und 200&#8220;\" rel=\"nofollow\" data-success_message=\"\">Weiterlesen<\/a>\t<span id=\"woocommerce_loop_add_to_cart_link_describedby_2066\" class=\"screen-reader-text\">\n\t\t\t<\/span>\n<\/li>\n<li class=\"product type-product post-30642 status-publish first instock product_cat-ofen has-post-thumbnail taxable shipping-taxable product-type-simple\">\n\t<a href=\"https:\/\/sysmatec.ch\/de\/Produkt\/ofen-snol-20-300-55-300-120-300-220-300-420-300-und-700-300\/\" class=\"woocommerce-LoopProduct-link woocommerce-loop-product__link\"><img loading=\"lazy\" decoding=\"async\" width=\"324\" height=\"324\" src=\"https:\/\/sysmatec.ch\/wp-content\/uploads\/2025\/06\/Four_Snol20_300NNL-324x324.jpg\" class=\"attachment-woocommerce_thumbnail size-woocommerce_thumbnail\" alt=\"Ofen Snol 20\/300, 55\/300, 120\/300, 220\/300 420\/300 und 700\/300\" srcset=\"https:\/\/sysmatec.ch\/wp-content\/uploads\/2025\/06\/Four_Snol20_300NNL-324x324.jpg 324w, https:\/\/sysmatec.ch\/wp-content\/uploads\/2025\/06\/Four_Snol20_300NNL-150x150.jpg 150w, https:\/\/sysmatec.ch\/wp-content\/uploads\/2025\/06\/Four_Snol20_300NNL-100x100.jpg 100w\" sizes=\"auto, (max-width: 324px) 100vw, 324px\" \/><h2 class=\"woocommerce-loop-product__title\">Ofen Snol 20\/300, 55\/300, 120\/300, 220\/300 420\/300 und 700\/300<\/h2>\n<\/a><a href=\"https:\/\/sysmatec.ch\/de\/Produkt\/ofen-snol-20-300-55-300-120-300-220-300-420-300-und-700-300\/\" aria-describedby=\"woocommerce_loop_add_to_cart_link_describedby_30642\" data-quantity=\"1\" class=\"button product_type_simple\" data-product_id=\"30642\" data-product_sku=\"\" aria-label=\"Lese mehr \u00fcber &#8222;Ofen Snol 20\/300, 55\/300, 120\/300, 220\/300 420\/300 und 700\/300&#8220;\" rel=\"nofollow\" data-success_message=\"\">Weiterlesen<\/a>\t<span id=\"woocommerce_loop_add_to_cart_link_describedby_30642\" class=\"screen-reader-text\">\n\t\t\t<\/span>\n<\/li>\n<li class=\"product type-product post-2062 status-publish instock product_cat-ofen has-post-thumbnail taxable shipping-taxable product-type-simple\">\n\t<a href=\"https:\/\/sysmatec.ch\/de\/Produkt\/ofen-snol-20-300-60-300-120-300-220-300-und-420-300\/\" class=\"woocommerce-LoopProduct-link woocommerce-loop-product__link\"><img loading=\"lazy\" decoding=\"async\" width=\"188\" height=\"188\" src=\"https:\/\/sysmatec.ch\/wp-content\/uploads\/2019\/01\/Four_UmegaSnol20_300.jpg\" class=\"attachment-woocommerce_thumbnail size-woocommerce_thumbnail\" alt=\"Ofen Snol 20\/300, 60\/300, 120\/300, 220\/300 und 420\/300\" srcset=\"https:\/\/sysmatec.ch\/wp-content\/uploads\/2019\/01\/Four_UmegaSnol20_300.jpg 188w, https:\/\/sysmatec.ch\/wp-content\/uploads\/2019\/01\/Four_UmegaSnol20_300-100x100.jpg 100w, https:\/\/sysmatec.ch\/wp-content\/uploads\/2019\/01\/Four_UmegaSnol20_300-150x150.jpg 150w\" sizes=\"auto, (max-width: 188px) 100vw, 188px\" \/><h2 class=\"woocommerce-loop-product__title\">Ofen Snol 20\/300, 60\/300, 120\/300, 220\/300 und 420\/300<\/h2>\n<\/a><a href=\"https:\/\/sysmatec.ch\/de\/Produkt\/ofen-snol-20-300-60-300-120-300-220-300-und-420-300\/\" aria-describedby=\"woocommerce_loop_add_to_cart_link_describedby_2062\" data-quantity=\"1\" class=\"button product_type_simple\" data-product_id=\"2062\" data-product_sku=\"\" aria-label=\"Lese mehr \u00fcber &#8222;Ofen Snol 20\/300, 60\/300, 120\/300, 220\/300 und 420\/300&#8220;\" rel=\"nofollow\" data-success_message=\"\">Weiterlesen<\/a>\t<span id=\"woocommerce_loop_add_to_cart_link_describedby_2062\" class=\"screen-reader-text\">\n\t\t\t<\/span>\n<\/li>\n<li class=\"product type-product post-2043 status-publish instock product_cat-ofen has-post-thumbnail taxable shipping-taxable product-type-simple\">\n\t<a href=\"https:\/\/sysmatec.ch\/de\/Produkt\/economy-kammerofen-elf-11\/\" class=\"woocommerce-LoopProduct-link woocommerce-loop-product__link\"><img loading=\"lazy\" decoding=\"async\" width=\"187\" height=\"166\" src=\"https:\/\/sysmatec.ch\/wp-content\/uploads\/2019\/01\/FourCarboliteELF11.jpg\" class=\"attachment-woocommerce_thumbnail size-woocommerce_thumbnail\" alt=\"Economy Kammerofen ELF \u201311\" \/><h2 class=\"woocommerce-loop-product__title\">Economy Kammerofen ELF \u201311<\/h2>\n<\/a><a href=\"https:\/\/sysmatec.ch\/de\/Produkt\/economy-kammerofen-elf-11\/\" aria-describedby=\"woocommerce_loop_add_to_cart_link_describedby_2043\" data-quantity=\"1\" class=\"button product_type_simple\" data-product_id=\"2043\" data-product_sku=\"\" aria-label=\"Lese mehr \u00fcber &#8222;Economy Kammerofen ELF \u201311&#8220;\" rel=\"nofollow\" data-success_message=\"\">Weiterlesen<\/a>\t<span id=\"woocommerce_loop_add_to_cart_link_describedby_2043\" class=\"screen-reader-text\">\n\t\t\t<\/span>\n<\/li>\n<li class=\"product type-product post-30035 status-publish last instock product_cat-ofen has-post-thumbnail taxable shipping-taxable product-type-simple\">\n\t<a href=\"https:\/\/sysmatec.ch\/de\/Produkt\/veraschungsofen-aaf-3-und-7-liter\/\" class=\"woocommerce-LoopProduct-link woocommerce-loop-product__link\"><img loading=\"lazy\" decoding=\"async\" width=\"324\" height=\"324\" src=\"https:\/\/sysmatec.ch\/wp-content\/uploads\/2024\/09\/Four_MineralisationAAF11-324x324.jpg\" class=\"attachment-woocommerce_thumbnail size-woocommerce_thumbnail\" alt=\"Veraschungsofen AAF 3 und 7 Liter\" srcset=\"https:\/\/sysmatec.ch\/wp-content\/uploads\/2024\/09\/Four_MineralisationAAF11-324x324.jpg 324w, https:\/\/sysmatec.ch\/wp-content\/uploads\/2024\/09\/Four_MineralisationAAF11-150x150.jpg 150w, https:\/\/sysmatec.ch\/wp-content\/uploads\/2024\/09\/Four_MineralisationAAF11-100x100.jpg 100w\" sizes=\"auto, (max-width: 324px) 100vw, 324px\" \/><h2 class=\"woocommerce-loop-product__title\">Veraschungsofen AAF 3 und 7 Liter<\/h2>\n<\/a><a href=\"https:\/\/sysmatec.ch\/de\/Produkt\/veraschungsofen-aaf-3-und-7-liter\/\" aria-describedby=\"woocommerce_loop_add_to_cart_link_describedby_30035\" data-quantity=\"1\" class=\"button product_type_simple\" data-product_id=\"30035\" data-product_sku=\"\" aria-label=\"Lese mehr \u00fcber &#8222;Veraschungsofen AAF 3 und 7 Liter&#8220;\" rel=\"nofollow\" data-success_message=\"\">Weiterlesen<\/a>\t<span id=\"woocommerce_loop_add_to_cart_link_describedby_30035\" class=\"screen-reader-text\">\n\t\t\t<\/span>\n<\/li>\n<li class=\"product type-product post-30042 status-publish first instock product_cat-ofen has-post-thumbnail taxable shipping-taxable product-type-simple\">\n\t<a href=\"https:\/\/sysmatec.ch\/de\/Produkt\/veraschungsoefen-snol\/\" class=\"woocommerce-LoopProduct-link woocommerce-loop-product__link\"><img loading=\"lazy\" decoding=\"async\" width=\"324\" height=\"324\" src=\"https:\/\/sysmatec.ch\/wp-content\/uploads\/2024\/09\/Four_MineralisationSNOL-324x324.jpg\" class=\"attachment-woocommerce_thumbnail size-woocommerce_thumbnail\" alt=\"Veraschungs\u00f6fen SNOL\" srcset=\"https:\/\/sysmatec.ch\/wp-content\/uploads\/2024\/09\/Four_MineralisationSNOL-324x324.jpg 324w, https:\/\/sysmatec.ch\/wp-content\/uploads\/2024\/09\/Four_MineralisationSNOL-150x150.jpg 150w, https:\/\/sysmatec.ch\/wp-content\/uploads\/2024\/09\/Four_MineralisationSNOL-100x100.jpg 100w\" sizes=\"auto, (max-width: 324px) 100vw, 324px\" \/><h2 class=\"woocommerce-loop-product__title\">Veraschungs\u00f6fen SNOL<\/h2>\n<\/a><a href=\"https:\/\/sysmatec.ch\/de\/Produkt\/veraschungsoefen-snol\/\" aria-describedby=\"woocommerce_loop_add_to_cart_link_describedby_30042\" data-quantity=\"1\" class=\"button product_type_simple\" data-product_id=\"30042\" data-product_sku=\"\" aria-label=\"Lese mehr \u00fcber &#8222;Veraschungs\u00f6fen SNOL&#8220;\" rel=\"nofollow\" data-success_message=\"\">Weiterlesen<\/a>\t<span id=\"woocommerce_loop_add_to_cart_link_describedby_30042\" class=\"screen-reader-text\">\n\t\t\t<\/span>\n<\/li>\n<li class=\"product type-product post-2046 status-publish instock product_cat-ofen has-post-thumbnail taxable shipping-taxable product-type-simple\">\n\t<a href=\"https:\/\/sysmatec.ch\/de\/Produkt\/ofen-pf30-sc\/\" class=\"woocommerce-LoopProduct-link woocommerce-loop-product__link\"><img loading=\"lazy\" decoding=\"async\" width=\"181\" height=\"184\" src=\"https:\/\/sysmatec.ch\/wp-content\/uploads\/2019\/01\/Four_MRC_PF30SC.jpg\" class=\"attachment-woocommerce_thumbnail size-woocommerce_thumbnail\" alt=\"Ofen PF30-SC\" \/><h2 class=\"woocommerce-loop-product__title\">Ofen PF30-SC<\/h2>\n<\/a><a href=\"https:\/\/sysmatec.ch\/de\/Produkt\/ofen-pf30-sc\/\" aria-describedby=\"woocommerce_loop_add_to_cart_link_describedby_2046\" data-quantity=\"1\" class=\"button product_type_simple\" data-product_id=\"2046\" data-product_sku=\"\" aria-label=\"Lese mehr \u00fcber &#8222;Ofen PF30-SC&#8220;\" rel=\"nofollow\" data-success_message=\"\">Weiterlesen<\/a>\t<span id=\"woocommerce_loop_add_to_cart_link_describedby_2046\" class=\"screen-reader-text\">\n\t\t\t<\/span>\n<\/li>\n<li class=\"product type-product post-2060 status-publish instock product_cat-ofen has-post-thumbnail taxable shipping-taxable product-type-simple\">\n\t<a href=\"https:\/\/sysmatec.ch\/de\/Produkt\/ofen-snol-3-1100-8-2-1100-13-1100-22-1100-und-39-1100\/\" class=\"woocommerce-LoopProduct-link woocommerce-loop-product__link\"><img loading=\"lazy\" decoding=\"async\" width=\"188\" height=\"242\" src=\"https:\/\/sysmatec.ch\/wp-content\/uploads\/2019\/01\/Four_UmegaSNOL82_1100.jpg\" class=\"attachment-woocommerce_thumbnail size-woocommerce_thumbnail\" alt=\"Ofen Snol 3\/1100, 8.2 \/ 1100, 13\/1100, 22\/1100 und 39\/1100\" \/><h2 class=\"woocommerce-loop-product__title\">Ofen Snol 3\/1100, 8.2 \/ 1100, 13\/1100, 22\/1100 und 39\/1100<\/h2>\n<\/a><a href=\"https:\/\/sysmatec.ch\/de\/Produkt\/ofen-snol-3-1100-8-2-1100-13-1100-22-1100-und-39-1100\/\" aria-describedby=\"woocommerce_loop_add_to_cart_link_describedby_2060\" data-quantity=\"1\" class=\"button product_type_simple\" data-product_id=\"2060\" data-product_sku=\"\" aria-label=\"Lese mehr \u00fcber &#8222;Ofen Snol 3\/1100, 8.2 \/ 1100, 13\/1100, 22\/1100 und 39\/1100&#8220;\" rel=\"nofollow\" data-success_message=\"\">Weiterlesen<\/a>\t<span id=\"woocommerce_loop_add_to_cart_link_describedby_2060\" class=\"screen-reader-text\">\n\t\t\t<\/span>\n<\/li>\n<li class=\"product type-product post-2040 status-publish last instock product_cat-ofen has-post-thumbnail taxable shipping-taxable product-type-simple\">\n\t<a href=\"https:\/\/sysmatec.ch\/de\/Produkt\/standard-rohrofen-mtf\/\" class=\"woocommerce-LoopProduct-link woocommerce-loop-product__link\"><img loading=\"lazy\" decoding=\"async\" width=\"186\" height=\"174\" src=\"https:\/\/sysmatec.ch\/wp-content\/uploads\/2019\/01\/Four_CarboliteMTF.jpg\" class=\"attachment-woocommerce_thumbnail size-woocommerce_thumbnail\" alt=\"Standard-Rohrofen MTF\" \/><h2 class=\"woocommerce-loop-product__title\">Standard-Rohrofen MTF<\/h2>\n<\/a><a href=\"https:\/\/sysmatec.ch\/de\/Produkt\/standard-rohrofen-mtf\/\" aria-describedby=\"woocommerce_loop_add_to_cart_link_describedby_2040\" data-quantity=\"1\" class=\"button product_type_simple\" data-product_id=\"2040\" data-product_sku=\"\" aria-label=\"Lese mehr \u00fcber &#8222;Standard-Rohrofen MTF&#8220;\" rel=\"nofollow\" data-success_message=\"\">Weiterlesen<\/a>\t<span id=\"woocommerce_loop_add_to_cart_link_describedby_2040\" class=\"screen-reader-text\">\n\t\t\t<\/span>\n<\/li>\n<\/ul>\n<\/div><\/p>\n","protected":false},"excerpt":{"rendered":"<p>Wir bieten Labor- und Industrie\u00f6fen f\u00fcr einen Temperaturbereich von 300 bis 3000 \u00b0 C an. Hier finden Sie \u00d6fen bis 700 \u00b0 C, Kammer\u00f6fen bis 1800 \u00b0 C und Rohr\u00f6fen.<\/p>\n","protected":false},"author":3,"featured_media":0,"parent":0,"menu_order":0,"comment_status":"closed","ping_status":"closed","template":"","meta":{"_crdt_document":"","footnotes":""},"class_list":["post-1702","page","type-page","status-publish","hentry"],"yoast_head":"<!-- This site is optimized with the Yoast SEO plugin v27.3 - https:\/\/yoast.com\/product\/yoast-seo-wordpress\/ -->\n<title>Ofen - Sysmatec Wir bieten Labor- und Industrie\u00f6fen f\u00fcr einen Temperaturbereich von 300 bis 3000 \u00b0 C an. Hier finden Sie \u00d6fen bis 700 \u00b0 C, Kammer\u00f6fen bis 1800 \u00b0 C und Rohr\u00f6fen.<\/title>\n<meta name=\"description\" content=\"Labor\u00f6fen und Industrie\u00f6fen f\u00fcr Temperaturbereiche von 300\u00b0C bis 3000\u00b0C.\" \/>\n<meta name=\"robots\" content=\"index, follow, max-snippet:-1, max-image-preview:large, max-video-preview:-1\" \/>\n<link rel=\"canonical\" href=\"https:\/\/sysmatec.ch\/de\/ofen\/\" \/>\n<meta property=\"og:locale\" content=\"de_DE\" \/>\n<meta property=\"og:type\" content=\"article\" \/>\n<meta property=\"og:title\" content=\"Ofen - Sysmatec Wir bieten Labor- und Industrie\u00f6fen f\u00fcr einen Temperaturbereich von 300 bis 3000 \u00b0 C an. Hier finden Sie \u00d6fen bis 700 \u00b0 C, Kammer\u00f6fen bis 1800 \u00b0 C und Rohr\u00f6fen.\" \/>\n<meta property=\"og:description\" content=\"Labor\u00f6fen und Industrie\u00f6fen f\u00fcr Temperaturbereiche von 300\u00b0C bis 3000\u00b0C.\" \/>\n<meta property=\"og:url\" content=\"https:\/\/sysmatec.ch\/de\/ofen\/\" \/>\n<meta property=\"og:site_name\" content=\"Sysmatec\" \/>\n<meta property=\"article:modified_time\" content=\"2022-06-09T13:11:28+00:00\" \/>\n<meta name=\"twitter:card\" content=\"summary_large_image\" \/>\n<meta name=\"twitter:label1\" content=\"Gesch\u00e4tzte Lesezeit\" \/>\n\t<meta name=\"twitter:data1\" content=\"1\u00a0Minute\" \/>\n<script type=\"application\/ld+json\" class=\"yoast-schema-graph\">{\"@context\":\"https:\\\/\\\/schema.org\",\"@graph\":[{\"@type\":\"WebPage\",\"@id\":\"https:\\\/\\\/sysmatec.ch\\\/de\\\/ofen\\\/\",\"url\":\"https:\\\/\\\/sysmatec.ch\\\/de\\\/ofen\\\/\",\"name\":\"Ofen - Sysmatec Wir bieten Labor- und Industrie\u00f6fen f\u00fcr einen Temperaturbereich von 300 bis 3000 \u00b0 C an. Hier finden Sie \u00d6fen bis 700 \u00b0 C, Kammer\u00f6fen bis 1800 \u00b0 C und Rohr\u00f6fen.\",\"isPartOf\":{\"@id\":\"https:\\\/\\\/sysmatec.ch\\\/de\\\/#website\"},\"datePublished\":\"2019-01-27T09:48:13+00:00\",\"dateModified\":\"2022-06-09T13:11:28+00:00\",\"description\":\"Labor\u00f6fen und Industrie\u00f6fen f\u00fcr Temperaturbereiche von 300\u00b0C bis 3000\u00b0C.\",\"breadcrumb\":{\"@id\":\"https:\\\/\\\/sysmatec.ch\\\/de\\\/ofen\\\/#breadcrumb\"},\"inLanguage\":\"de\",\"potentialAction\":[{\"@type\":\"ReadAction\",\"target\":[\"https:\\\/\\\/sysmatec.ch\\\/de\\\/ofen\\\/\"]}]},{\"@type\":\"BreadcrumbList\",\"@id\":\"https:\\\/\\\/sysmatec.ch\\\/de\\\/ofen\\\/#breadcrumb\",\"itemListElement\":[{\"@type\":\"ListItem\",\"position\":1,\"name\":\"Accueil\",\"item\":\"https:\\\/\\\/sysmatec.ch\\\/de\\\/\"},{\"@type\":\"ListItem\",\"position\":2,\"name\":\"Ofen\"}]},{\"@type\":\"WebSite\",\"@id\":\"https:\\\/\\\/sysmatec.ch\\\/de\\\/#website\",\"url\":\"https:\\\/\\\/sysmatec.ch\\\/de\\\/\",\"name\":\"Sysmatec\",\"description\":\"Equipement de laboratoire et logiciels\",\"publisher\":{\"@id\":\"https:\\\/\\\/sysmatec.ch\\\/de\\\/#organization\"},\"potentialAction\":[{\"@type\":\"SearchAction\",\"target\":{\"@type\":\"EntryPoint\",\"urlTemplate\":\"https:\\\/\\\/sysmatec.ch\\\/de\\\/?s={search_term_string}\"},\"query-input\":{\"@type\":\"PropertyValueSpecification\",\"valueRequired\":true,\"valueName\":\"search_term_string\"}}],\"inLanguage\":\"de\"},{\"@type\":\"Organization\",\"@id\":\"https:\\\/\\\/sysmatec.ch\\\/de\\\/#organization\",\"name\":\"Sysmatec\",\"url\":\"https:\\\/\\\/sysmatec.ch\\\/de\\\/\",\"logo\":{\"@type\":\"ImageObject\",\"inLanguage\":\"de\",\"@id\":\"https:\\\/\\\/sysmatec.ch\\\/de\\\/#\\\/schema\\\/logo\\\/image\\\/\",\"url\":\"https:\\\/\\\/sysmatec.ch\\\/wp-content\\\/uploads\\\/2018\\\/11\\\/LogoSysmatec.jpg\",\"contentUrl\":\"https:\\\/\\\/sysmatec.ch\\\/wp-content\\\/uploads\\\/2018\\\/11\\\/LogoSysmatec.jpg\",\"width\":301,\"height\":297,\"caption\":\"Sysmatec\"},\"image\":{\"@id\":\"https:\\\/\\\/sysmatec.ch\\\/de\\\/#\\\/schema\\\/logo\\\/image\\\/\"}}]}<\/script>\n<!-- \/ Yoast SEO plugin. -->","yoast_head_json":{"title":"Ofen - Sysmatec Wir bieten Labor- und Industrie\u00f6fen f\u00fcr einen Temperaturbereich von 300 bis 3000 \u00b0 C an. Hier finden Sie \u00d6fen bis 700 \u00b0 C, Kammer\u00f6fen bis 1800 \u00b0 C und Rohr\u00f6fen.","description":"Labor\u00f6fen und Industrie\u00f6fen f\u00fcr Temperaturbereiche von 300\u00b0C bis 3000\u00b0C.","robots":{"index":"index","follow":"follow","max-snippet":"max-snippet:-1","max-image-preview":"max-image-preview:large","max-video-preview":"max-video-preview:-1"},"canonical":"https:\/\/sysmatec.ch\/de\/ofen\/","og_locale":"de_DE","og_type":"article","og_title":"Ofen - Sysmatec Wir bieten Labor- und Industrie\u00f6fen f\u00fcr einen Temperaturbereich von 300 bis 3000 \u00b0 C an. Hier finden Sie \u00d6fen bis 700 \u00b0 C, Kammer\u00f6fen bis 1800 \u00b0 C und Rohr\u00f6fen.","og_description":"Labor\u00f6fen und Industrie\u00f6fen f\u00fcr Temperaturbereiche von 300\u00b0C bis 3000\u00b0C.","og_url":"https:\/\/sysmatec.ch\/de\/ofen\/","og_site_name":"Sysmatec","article_modified_time":"2022-06-09T13:11:28+00:00","twitter_card":"summary_large_image","twitter_misc":{"Gesch\u00e4tzte Lesezeit":"1\u00a0Minute"},"schema":{"@context":"https:\/\/schema.org","@graph":[{"@type":"WebPage","@id":"https:\/\/sysmatec.ch\/de\/ofen\/","url":"https:\/\/sysmatec.ch\/de\/ofen\/","name":"Ofen - Sysmatec Wir bieten Labor- und Industrie\u00f6fen f\u00fcr einen Temperaturbereich von 300 bis 3000 \u00b0 C an. Hier finden Sie \u00d6fen bis 700 \u00b0 C, Kammer\u00f6fen bis 1800 \u00b0 C und Rohr\u00f6fen.","isPartOf":{"@id":"https:\/\/sysmatec.ch\/de\/#website"},"datePublished":"2019-01-27T09:48:13+00:00","dateModified":"2022-06-09T13:11:28+00:00","description":"Labor\u00f6fen und Industrie\u00f6fen f\u00fcr Temperaturbereiche von 300\u00b0C bis 3000\u00b0C.","breadcrumb":{"@id":"https:\/\/sysmatec.ch\/de\/ofen\/#breadcrumb"},"inLanguage":"de","potentialAction":[{"@type":"ReadAction","target":["https:\/\/sysmatec.ch\/de\/ofen\/"]}]},{"@type":"BreadcrumbList","@id":"https:\/\/sysmatec.ch\/de\/ofen\/#breadcrumb","itemListElement":[{"@type":"ListItem","position":1,"name":"Accueil","item":"https:\/\/sysmatec.ch\/de\/"},{"@type":"ListItem","position":2,"name":"Ofen"}]},{"@type":"WebSite","@id":"https:\/\/sysmatec.ch\/de\/#website","url":"https:\/\/sysmatec.ch\/de\/","name":"Sysmatec","description":"Equipement de laboratoire et logiciels","publisher":{"@id":"https:\/\/sysmatec.ch\/de\/#organization"},"potentialAction":[{"@type":"SearchAction","target":{"@type":"EntryPoint","urlTemplate":"https:\/\/sysmatec.ch\/de\/?s={search_term_string}"},"query-input":{"@type":"PropertyValueSpecification","valueRequired":true,"valueName":"search_term_string"}}],"inLanguage":"de"},{"@type":"Organization","@id":"https:\/\/sysmatec.ch\/de\/#organization","name":"Sysmatec","url":"https:\/\/sysmatec.ch\/de\/","logo":{"@type":"ImageObject","inLanguage":"de","@id":"https:\/\/sysmatec.ch\/de\/#\/schema\/logo\/image\/","url":"https:\/\/sysmatec.ch\/wp-content\/uploads\/2018\/11\/LogoSysmatec.jpg","contentUrl":"https:\/\/sysmatec.ch\/wp-content\/uploads\/2018\/11\/LogoSysmatec.jpg","width":301,"height":297,"caption":"Sysmatec"},"image":{"@id":"https:\/\/sysmatec.ch\/de\/#\/schema\/logo\/image\/"}}]}},"_links":{"self":[{"href":"https:\/\/sysmatec.ch\/de\/wp-json\/wp\/v2\/pages\/1702","targetHints":{"allow":["GET"]}}],"collection":[{"href":"https:\/\/sysmatec.ch\/de\/wp-json\/wp\/v2\/pages"}],"about":[{"href":"https:\/\/sysmatec.ch\/de\/wp-json\/wp\/v2\/types\/page"}],"author":[{"embeddable":true,"href":"https:\/\/sysmatec.ch\/de\/wp-json\/wp\/v2\/users\/3"}],"replies":[{"embeddable":true,"href":"https:\/\/sysmatec.ch\/de\/wp-json\/wp\/v2\/comments?post=1702"}],"version-history":[{"count":2,"href":"https:\/\/sysmatec.ch\/de\/wp-json\/wp\/v2\/pages\/1702\/revisions"}],"predecessor-version":[{"id":21134,"href":"https:\/\/sysmatec.ch\/de\/wp-json\/wp\/v2\/pages\/1702\/revisions\/21134"}],"wp:attachment":[{"href":"https:\/\/sysmatec.ch\/de\/wp-json\/wp\/v2\/media?parent=1702"}],"curies":[{"name":"wp","href":"https:\/\/api.w.org\/{rel}","templated":true}]}}