{"id":1694,"date":"2019-01-27T10:38:21","date_gmt":"2019-01-27T09:38:21","guid":{"rendered":"https:\/\/sysmatec.ch\/?page_id=1694"},"modified":"2022-06-09T14:55:10","modified_gmt":"2022-06-09T12:55:10","slug":"filtration-d","status":"publish","type":"page","link":"https:\/\/sysmatec.ch\/de\/filtration-d\/","title":{"rendered":"Filtration"},"content":{"rendered":"\n<p class=\"wp-block-paragraph\">Die Filtrationsmodule dienen zur Kl\u00e4rung oder Sterilisation von L\u00f6sungen. Die verwendeten Filter sind in der Regel wegwerfbar. Hier finden Sie Vakuumsaugfiltersysteme, Spritzenmodule, die Membranfilter ersetzen.<\/p>\n\n\n\n<p class=\"wp-block-paragraph\"><div class=\"woocommerce columns-4 \"><ul class=\"products columns-4\">\n<li class=\"product type-product post-2077 status-publish first instock product_cat-filtration-de has-post-thumbnail taxable shipping-taxable product-type-simple\">\n\t<a href=\"https:\/\/sysmatec.ch\/de\/Produkt\/vakuum-adapter-mit-schliff-ptfe\/\" class=\"woocommerce-LoopProduct-link woocommerce-loop-product__link\"><img loading=\"lazy\" decoding=\"async\" width=\"183\" height=\"138\" src=\"https:\/\/sysmatec.ch\/wp-content\/uploads\/2019\/01\/Filtration_BolaN1655.jpg\" class=\"attachment-woocommerce_thumbnail size-woocommerce_thumbnail\" alt=\"Vakuum-Adapter mit Schliff, PTFE\" \/><h2 class=\"woocommerce-loop-product__title\">Vakuum-Adapter mit Schliff, PTFE<\/h2>\n<\/a><a href=\"https:\/\/sysmatec.ch\/de\/Produkt\/vakuum-adapter-mit-schliff-ptfe\/\" aria-describedby=\"woocommerce_loop_add_to_cart_link_describedby_2077\" data-quantity=\"1\" class=\"button product_type_simple\" data-product_id=\"2077\" data-product_sku=\"\" aria-label=\"Lese mehr \u00fcber &#8222;Vakuum-Adapter mit Schliff, PTFE&#8220;\" rel=\"nofollow\" data-success_message=\"\">Weiterlesen<\/a>\t<span id=\"woocommerce_loop_add_to_cart_link_describedby_2077\" class=\"screen-reader-text\">\n\t\t\t<\/span>\n<\/li>\n<li class=\"product type-product post-2080 status-publish instock product_cat-filtration-de has-post-thumbnail taxable shipping-taxable product-type-simple\">\n\t<a href=\"https:\/\/sysmatec.ch\/de\/Produkt\/vakuum-filtrationsgeraete-n1650\/\" class=\"woocommerce-LoopProduct-link woocommerce-loop-product__link\"><img loading=\"lazy\" decoding=\"async\" width=\"151\" height=\"121\" src=\"https:\/\/sysmatec.ch\/wp-content\/uploads\/2019\/01\/Filtration_Bola1650.gif\" class=\"attachment-woocommerce_thumbnail size-woocommerce_thumbnail\" alt=\"Vakuum-Filtrationsger\u00e4te N1650\" \/><h2 class=\"woocommerce-loop-product__title\">Vakuum-Filtrationsger\u00e4te N1650<\/h2>\n<\/a><a href=\"https:\/\/sysmatec.ch\/de\/Produkt\/vakuum-filtrationsgeraete-n1650\/\" aria-describedby=\"woocommerce_loop_add_to_cart_link_describedby_2080\" data-quantity=\"1\" class=\"button product_type_simple\" data-product_id=\"2080\" data-product_sku=\"\" aria-label=\"Lese mehr \u00fcber &#8222;Vakuum-Filtrationsger\u00e4te N1650&#8220;\" rel=\"nofollow\" data-success_message=\"\">Weiterlesen<\/a>\t<span id=\"woocommerce_loop_add_to_cart_link_describedby_2080\" class=\"screen-reader-text\">\n\t\t\t<\/span>\n<\/li>\n<li class=\"product type-product post-2072 status-publish instock product_cat-filtration-de has-post-thumbnail taxable shipping-taxable product-type-simple\">\n\t<a href=\"https:\/\/sysmatec.ch\/de\/Produkt\/durchfluss-filtrationsgeraete\/\" class=\"woocommerce-LoopProduct-link woocommerce-loop-product__link\"><img loading=\"lazy\" decoding=\"async\" width=\"153\" height=\"95\" src=\"https:\/\/sysmatec.ch\/wp-content\/uploads\/2019\/01\/Filtration_BolaN1670.gif\" class=\"attachment-woocommerce_thumbnail size-woocommerce_thumbnail\" alt=\"Durchfluss-Filtrationsger\u00e4te\" \/><h2 class=\"woocommerce-loop-product__title\">Durchfluss-Filtrationsger\u00e4te<\/h2>\n<\/a><a href=\"https:\/\/sysmatec.ch\/de\/Produkt\/durchfluss-filtrationsgeraete\/\" aria-describedby=\"woocommerce_loop_add_to_cart_link_describedby_2072\" data-quantity=\"1\" class=\"button product_type_simple\" data-product_id=\"2072\" data-product_sku=\"\" aria-label=\"Lese mehr \u00fcber &#8222;Durchfluss-Filtrationsger\u00e4te&#8220;\" rel=\"nofollow\" data-success_message=\"\">Weiterlesen<\/a>\t<span id=\"woocommerce_loop_add_to_cart_link_describedby_2072\" class=\"screen-reader-text\">\n\t\t\t<\/span>\n<\/li>\n<li class=\"product type-product post-2075 status-publish last instock product_cat-filtration-de has-post-thumbnail taxable shipping-taxable product-type-simple\">\n\t<a href=\"https:\/\/sysmatec.ch\/de\/Produkt\/spritzen-filtervorsaetze\/\" class=\"woocommerce-LoopProduct-link woocommerce-loop-product__link\"><img loading=\"lazy\" decoding=\"async\" width=\"170\" height=\"72\" src=\"https:\/\/sysmatec.ch\/wp-content\/uploads\/2019\/01\/Filtration_BolaN1666.gif\" class=\"attachment-woocommerce_thumbnail size-woocommerce_thumbnail\" alt=\"Spritzen-Filtervors\u00e4tze\" \/><h2 class=\"woocommerce-loop-product__title\">Spritzen-Filtervors\u00e4tze<\/h2>\n<\/a><a href=\"https:\/\/sysmatec.ch\/de\/Produkt\/spritzen-filtervorsaetze\/\" aria-describedby=\"woocommerce_loop_add_to_cart_link_describedby_2075\" data-quantity=\"1\" class=\"button product_type_simple\" data-product_id=\"2075\" data-product_sku=\"\" aria-label=\"Lese mehr \u00fcber &#8222;Spritzen-Filtervors\u00e4tze&#8220;\" rel=\"nofollow\" data-success_message=\"\">Weiterlesen<\/a>\t<span id=\"woocommerce_loop_add_to_cart_link_describedby_2075\" class=\"screen-reader-text\">\n\t\t\t<\/span>\n<\/li>\n<li class=\"product type-product post-2069 status-publish first instock product_cat-filtration-de has-post-thumbnail taxable shipping-taxable product-type-simple\">\n\t<a href=\"https:\/\/sysmatec.ch\/de\/Produkt\/samplicity-filtration-system\/\" class=\"woocommerce-LoopProduct-link woocommerce-loop-product__link\"><img loading=\"lazy\" decoding=\"async\" width=\"171\" height=\"117\" src=\"https:\/\/sysmatec.ch\/wp-content\/uploads\/2019\/01\/Filtration_MilliporeSamplicity1.jpg\" class=\"attachment-woocommerce_thumbnail size-woocommerce_thumbnail\" alt=\"Samplicity(TM) Filtration System\" \/><h2 class=\"woocommerce-loop-product__title\">Samplicity(TM) Filtration System<\/h2>\n<\/a><a href=\"https:\/\/sysmatec.ch\/de\/Produkt\/samplicity-filtration-system\/\" aria-describedby=\"woocommerce_loop_add_to_cart_link_describedby_2069\" data-quantity=\"1\" class=\"button product_type_simple\" data-product_id=\"2069\" data-product_sku=\"\" aria-label=\"Lese mehr \u00fcber &#8222;Samplicity(TM) Filtration System&#8220;\" rel=\"nofollow\" data-success_message=\"\">Weiterlesen<\/a>\t<span id=\"woocommerce_loop_add_to_cart_link_describedby_2069\" class=\"screen-reader-text\">\n\t\t\t<\/span>\n<\/li>\n<\/ul>\n<\/div><\/p>\n","protected":false},"excerpt":{"rendered":"<p>Die Filtrationsmodule dienen zur Kl\u00e4rung oder Sterilisation von L\u00f6sungen. Die verwendeten Filter sind in der Regel wegwerfbar. Hier finden Sie Vakuumsaugfiltersysteme, Spritzenmodule, die Membranfilter ersetzen.<\/p>\n","protected":false},"author":3,"featured_media":0,"parent":0,"menu_order":0,"comment_status":"closed","ping_status":"closed","template":"","meta":{"_crdt_document":"","footnotes":""},"class_list":["post-1694","page","type-page","status-publish","hentry"],"yoast_head":"<!-- This site is optimized with the Yoast SEO plugin v27.4 - https:\/\/yoast.com\/product\/yoast-seo-wordpress\/ -->\n<title>Filtration - Sysmatec<\/title>\n<meta name=\"description\" content=\"Filtrationsmodule zur Kl\u00e4rung oder Sterilisation von L\u00f6sungen, Vakuum-Saugfiltrationssysteme, Module f\u00fcr Spritzen.\" \/>\n<meta name=\"robots\" content=\"index, follow, max-snippet:-1, max-image-preview:large, max-video-preview:-1\" \/>\n<link rel=\"canonical\" href=\"https:\/\/sysmatec.ch\/de\/filtration-d\/\" \/>\n<meta property=\"og:locale\" content=\"de_DE\" \/>\n<meta property=\"og:type\" content=\"article\" \/>\n<meta property=\"og:title\" content=\"Filtration - Sysmatec\" \/>\n<meta property=\"og:description\" content=\"Filtrationsmodule zur Kl\u00e4rung oder Sterilisation von L\u00f6sungen, Vakuum-Saugfiltrationssysteme, Module f\u00fcr Spritzen.\" \/>\n<meta property=\"og:url\" content=\"https:\/\/sysmatec.ch\/de\/filtration-d\/\" \/>\n<meta property=\"og:site_name\" content=\"Sysmatec\" \/>\n<meta property=\"article:modified_time\" content=\"2022-06-09T12:55:10+00:00\" \/>\n<meta name=\"twitter:card\" content=\"summary_large_image\" \/>\n<meta name=\"twitter:label1\" content=\"Gesch\u00e4tzte Lesezeit\" \/>\n\t<meta name=\"twitter:data1\" content=\"1\u00a0Minute\" \/>\n<script type=\"application\/ld+json\" class=\"yoast-schema-graph\">{\"@context\":\"https:\\\/\\\/schema.org\",\"@graph\":[{\"@type\":\"WebPage\",\"@id\":\"https:\\\/\\\/sysmatec.ch\\\/de\\\/filtration-d\\\/\",\"url\":\"https:\\\/\\\/sysmatec.ch\\\/de\\\/filtration-d\\\/\",\"name\":\"Filtration - Sysmatec\",\"isPartOf\":{\"@id\":\"https:\\\/\\\/sysmatec.ch\\\/de\\\/#website\"},\"datePublished\":\"2019-01-27T09:38:21+00:00\",\"dateModified\":\"2022-06-09T12:55:10+00:00\",\"description\":\"Filtrationsmodule zur Kl\u00e4rung oder Sterilisation von L\u00f6sungen, Vakuum-Saugfiltrationssysteme, Module f\u00fcr Spritzen.\",\"breadcrumb\":{\"@id\":\"https:\\\/\\\/sysmatec.ch\\\/de\\\/filtration-d\\\/#breadcrumb\"},\"inLanguage\":\"de\",\"potentialAction\":[{\"@type\":\"ReadAction\",\"target\":[\"https:\\\/\\\/sysmatec.ch\\\/de\\\/filtration-d\\\/\"]}]},{\"@type\":\"BreadcrumbList\",\"@id\":\"https:\\\/\\\/sysmatec.ch\\\/de\\\/filtration-d\\\/#breadcrumb\",\"itemListElement\":[{\"@type\":\"ListItem\",\"position\":1,\"name\":\"Accueil\",\"item\":\"https:\\\/\\\/sysmatec.ch\\\/de\\\/\"},{\"@type\":\"ListItem\",\"position\":2,\"name\":\"Filtration\"}]},{\"@type\":\"WebSite\",\"@id\":\"https:\\\/\\\/sysmatec.ch\\\/de\\\/#website\",\"url\":\"https:\\\/\\\/sysmatec.ch\\\/de\\\/\",\"name\":\"Sysmatec\",\"description\":\"Equipement de laboratoire et logiciels\",\"publisher\":{\"@id\":\"https:\\\/\\\/sysmatec.ch\\\/de\\\/#organization\"},\"potentialAction\":[{\"@type\":\"SearchAction\",\"target\":{\"@type\":\"EntryPoint\",\"urlTemplate\":\"https:\\\/\\\/sysmatec.ch\\\/de\\\/?s={search_term_string}\"},\"query-input\":{\"@type\":\"PropertyValueSpecification\",\"valueRequired\":true,\"valueName\":\"search_term_string\"}}],\"inLanguage\":\"de\"},{\"@type\":\"Organization\",\"@id\":\"https:\\\/\\\/sysmatec.ch\\\/de\\\/#organization\",\"name\":\"Sysmatec\",\"url\":\"https:\\\/\\\/sysmatec.ch\\\/de\\\/\",\"logo\":{\"@type\":\"ImageObject\",\"inLanguage\":\"de\",\"@id\":\"https:\\\/\\\/sysmatec.ch\\\/de\\\/#\\\/schema\\\/logo\\\/image\\\/\",\"url\":\"https:\\\/\\\/sysmatec.ch\\\/wp-content\\\/uploads\\\/2018\\\/11\\\/LogoSysmatec.jpg\",\"contentUrl\":\"https:\\\/\\\/sysmatec.ch\\\/wp-content\\\/uploads\\\/2018\\\/11\\\/LogoSysmatec.jpg\",\"width\":301,\"height\":297,\"caption\":\"Sysmatec\"},\"image\":{\"@id\":\"https:\\\/\\\/sysmatec.ch\\\/de\\\/#\\\/schema\\\/logo\\\/image\\\/\"}}]}<\/script>\n<!-- \/ Yoast SEO plugin. -->","yoast_head_json":{"title":"Filtration - Sysmatec","description":"Filtrationsmodule zur Kl\u00e4rung oder Sterilisation von L\u00f6sungen, Vakuum-Saugfiltrationssysteme, Module f\u00fcr Spritzen.","robots":{"index":"index","follow":"follow","max-snippet":"max-snippet:-1","max-image-preview":"max-image-preview:large","max-video-preview":"max-video-preview:-1"},"canonical":"https:\/\/sysmatec.ch\/de\/filtration-d\/","og_locale":"de_DE","og_type":"article","og_title":"Filtration - Sysmatec","og_description":"Filtrationsmodule zur Kl\u00e4rung oder Sterilisation von L\u00f6sungen, Vakuum-Saugfiltrationssysteme, Module f\u00fcr Spritzen.","og_url":"https:\/\/sysmatec.ch\/de\/filtration-d\/","og_site_name":"Sysmatec","article_modified_time":"2022-06-09T12:55:10+00:00","twitter_card":"summary_large_image","twitter_misc":{"Gesch\u00e4tzte Lesezeit":"1\u00a0Minute"},"schema":{"@context":"https:\/\/schema.org","@graph":[{"@type":"WebPage","@id":"https:\/\/sysmatec.ch\/de\/filtration-d\/","url":"https:\/\/sysmatec.ch\/de\/filtration-d\/","name":"Filtration - Sysmatec","isPartOf":{"@id":"https:\/\/sysmatec.ch\/de\/#website"},"datePublished":"2019-01-27T09:38:21+00:00","dateModified":"2022-06-09T12:55:10+00:00","description":"Filtrationsmodule zur Kl\u00e4rung oder Sterilisation von L\u00f6sungen, Vakuum-Saugfiltrationssysteme, Module f\u00fcr Spritzen.","breadcrumb":{"@id":"https:\/\/sysmatec.ch\/de\/filtration-d\/#breadcrumb"},"inLanguage":"de","potentialAction":[{"@type":"ReadAction","target":["https:\/\/sysmatec.ch\/de\/filtration-d\/"]}]},{"@type":"BreadcrumbList","@id":"https:\/\/sysmatec.ch\/de\/filtration-d\/#breadcrumb","itemListElement":[{"@type":"ListItem","position":1,"name":"Accueil","item":"https:\/\/sysmatec.ch\/de\/"},{"@type":"ListItem","position":2,"name":"Filtration"}]},{"@type":"WebSite","@id":"https:\/\/sysmatec.ch\/de\/#website","url":"https:\/\/sysmatec.ch\/de\/","name":"Sysmatec","description":"Equipement de laboratoire et logiciels","publisher":{"@id":"https:\/\/sysmatec.ch\/de\/#organization"},"potentialAction":[{"@type":"SearchAction","target":{"@type":"EntryPoint","urlTemplate":"https:\/\/sysmatec.ch\/de\/?s={search_term_string}"},"query-input":{"@type":"PropertyValueSpecification","valueRequired":true,"valueName":"search_term_string"}}],"inLanguage":"de"},{"@type":"Organization","@id":"https:\/\/sysmatec.ch\/de\/#organization","name":"Sysmatec","url":"https:\/\/sysmatec.ch\/de\/","logo":{"@type":"ImageObject","inLanguage":"de","@id":"https:\/\/sysmatec.ch\/de\/#\/schema\/logo\/image\/","url":"https:\/\/sysmatec.ch\/wp-content\/uploads\/2018\/11\/LogoSysmatec.jpg","contentUrl":"https:\/\/sysmatec.ch\/wp-content\/uploads\/2018\/11\/LogoSysmatec.jpg","width":301,"height":297,"caption":"Sysmatec"},"image":{"@id":"https:\/\/sysmatec.ch\/de\/#\/schema\/logo\/image\/"}}]}},"_links":{"self":[{"href":"https:\/\/sysmatec.ch\/de\/wp-json\/wp\/v2\/pages\/1694","targetHints":{"allow":["GET"]}}],"collection":[{"href":"https:\/\/sysmatec.ch\/de\/wp-json\/wp\/v2\/pages"}],"about":[{"href":"https:\/\/sysmatec.ch\/de\/wp-json\/wp\/v2\/types\/page"}],"author":[{"embeddable":true,"href":"https:\/\/sysmatec.ch\/de\/wp-json\/wp\/v2\/users\/3"}],"replies":[{"embeddable":true,"href":"https:\/\/sysmatec.ch\/de\/wp-json\/wp\/v2\/comments?post=1694"}],"version-history":[{"count":2,"href":"https:\/\/sysmatec.ch\/de\/wp-json\/wp\/v2\/pages\/1694\/revisions"}],"predecessor-version":[{"id":21119,"href":"https:\/\/sysmatec.ch\/de\/wp-json\/wp\/v2\/pages\/1694\/revisions\/21119"}],"wp:attachment":[{"href":"https:\/\/sysmatec.ch\/de\/wp-json\/wp\/v2\/media?parent=1694"}],"curies":[{"name":"wp","href":"https:\/\/api.w.org\/{rel}","templated":true}]}}