{"id":1690,"date":"2019-01-26T22:11:06","date_gmt":"2019-01-26T21:11:06","guid":{"rendered":"https:\/\/sysmatec.ch\/?page_id=1690"},"modified":"2022-06-09T12:41:08","modified_gmt":"2022-06-09T10:41:08","slug":"fermenter","status":"publish","type":"page","link":"https:\/\/sysmatec.ch\/de\/fermenter\/","title":{"rendered":"Fermenter"},"content":{"rendered":"\n<p class=\"wp-block-paragraph\">Hier finden Sie verschiedene Labor- oder Pilotfermenter, entweder neu (Minifor) oder gebraucht. Die vorgestellten Fermenter sind instrumentiert: Messung und Regulierung von Temperatur, Bewegung, Luftstrom, Sauerstoffanreicherung, pH. Es ist m\u00f6glich, eine gro\u00dfe Anzahl von Mess- und Steuerger\u00e4ten hinzuzuf\u00fcgen, die Sie auf der Website finden. Diese Fermenter sind f\u00fcr die Kultur von Bakterien, Hefen oder Pilzen bestimmt. Sie k\u00f6nnen f\u00fcr die Kultur von Zellen wie beispielsweise den <a href=\"https:\/\/sysmatec.ch\/de\/bioreaktor\/\">Bioreaktoren <\/a>an dieser Stelle angepasst werden.<\/p>\n\n\n\n<p class=\"wp-block-paragraph\"><div class=\"woocommerce columns-4 \"><ul class=\"products columns-4\">\n<li class=\"product type-product post-2119 status-publish first instock product_cat-fermenter has-post-thumbnail taxable shipping-taxable product-type-simple\">\n\t<a href=\"https:\/\/sysmatec.ch\/de\/Produkt\/fermenter-minifor\/\" class=\"woocommerce-LoopProduct-link woocommerce-loop-product__link\"><img loading=\"lazy\" decoding=\"async\" width=\"137\" height=\"285\" src=\"https:\/\/sysmatec.ch\/wp-content\/uploads\/2019\/01\/Fermenteur_Lambda.gif\" class=\"attachment-woocommerce_thumbnail size-woocommerce_thumbnail\" alt=\"Fermenter MINIFOR\" \/><h2 class=\"woocommerce-loop-product__title\">Fermenter MINIFOR<\/h2>\n<\/a><a href=\"https:\/\/sysmatec.ch\/de\/Produkt\/fermenter-minifor\/\" aria-describedby=\"woocommerce_loop_add_to_cart_link_describedby_2119\" data-quantity=\"1\" class=\"button product_type_simple\" data-product_id=\"2119\" data-product_sku=\"\" aria-label=\"Lese mehr \u00fcber &#8222;Fermenter MINIFOR&#8220;\" rel=\"nofollow\" data-success_message=\"\">Weiterlesen<\/a>\t<span id=\"woocommerce_loop_add_to_cart_link_describedby_2119\" class=\"screen-reader-text\">\n\t\t\t<\/span>\n<\/li>\n<li class=\"product type-product post-8242 status-publish instock product_cat-fermenter product_cat-gebraucht has-post-thumbnail taxable shipping-taxable product-type-simple\">\n\t<a href=\"https:\/\/sysmatec.ch\/de\/Produkt\/chemap-3-l-gefaess\/\" class=\"woocommerce-LoopProduct-link woocommerce-loop-product__link\"><img loading=\"lazy\" decoding=\"async\" width=\"163\" height=\"246\" src=\"https:\/\/sysmatec.ch\/wp-content\/uploads\/2019\/06\/Occasion_Chemap3L.jpg\" class=\"attachment-woocommerce_thumbnail size-woocommerce_thumbnail\" alt=\"Chemap 3 L Gef\u00e4ss\" \/><h2 class=\"woocommerce-loop-product__title\">Chemap 3 L Gef\u00e4ss<\/h2>\n<\/a><a href=\"https:\/\/sysmatec.ch\/de\/Produkt\/chemap-3-l-gefaess\/\" aria-describedby=\"woocommerce_loop_add_to_cart_link_describedby_8242\" data-quantity=\"1\" class=\"button product_type_simple\" data-product_id=\"8242\" data-product_sku=\"\" aria-label=\"Lese mehr \u00fcber &#8222;Chemap 3 L Gef\u00e4ss&#8220;\" rel=\"nofollow\" data-success_message=\"\">Weiterlesen<\/a>\t<span id=\"woocommerce_loop_add_to_cart_link_describedby_8242\" class=\"screen-reader-text\">\n\t\t\t<\/span>\n<\/li>\n<li class=\"product type-product post-29294 status-publish instock product_cat-fermenter product_cat-gebraucht has-post-thumbnail taxable shipping-taxable product-type-simple\">\n\t<a href=\"https:\/\/sysmatec.ch\/de\/Produkt\/cbc10-steuergeraet-fuer-chemap-fermenter\/\" class=\"woocommerce-LoopProduct-link woocommerce-loop-product__link\"><img loading=\"lazy\" decoding=\"async\" width=\"324\" height=\"324\" src=\"https:\/\/sysmatec.ch\/wp-content\/uploads\/2024\/04\/20240403_173101-scaled-324x324.jpg\" class=\"attachment-woocommerce_thumbnail size-woocommerce_thumbnail\" alt=\"CBC10-Steuerger\u00e4t f\u00fcr Chemap-Fermenter\" srcset=\"https:\/\/sysmatec.ch\/wp-content\/uploads\/2024\/04\/20240403_173101-scaled-324x324.jpg 324w, https:\/\/sysmatec.ch\/wp-content\/uploads\/2024\/04\/20240403_173101-scaled-100x100.jpg 100w, https:\/\/sysmatec.ch\/wp-content\/uploads\/2024\/04\/20240403_173101-150x150.jpg 150w\" sizes=\"auto, (max-width: 324px) 100vw, 324px\" \/><h2 class=\"woocommerce-loop-product__title\">CBC10-Steuerger\u00e4t f\u00fcr Chemap-Fermenter<\/h2>\n<\/a><a href=\"https:\/\/sysmatec.ch\/de\/Produkt\/cbc10-steuergeraet-fuer-chemap-fermenter\/\" aria-describedby=\"woocommerce_loop_add_to_cart_link_describedby_29294\" data-quantity=\"1\" class=\"button product_type_simple\" data-product_id=\"29294\" data-product_sku=\"\" aria-label=\"Lese mehr \u00fcber &#8222;CBC10-Steuerger\u00e4t f\u00fcr Chemap-Fermenter&#8220;\" rel=\"nofollow\" data-success_message=\"\">Weiterlesen<\/a>\t<span id=\"woocommerce_loop_add_to_cart_link_describedby_29294\" class=\"screen-reader-text\">\n\t\t\t<\/span>\n<\/li>\n<li class=\"product type-product post-8236 status-publish last instock product_cat-fermenter product_cat-gebraucht has-post-thumbnail taxable shipping-taxable product-type-simple\">\n\t<a href=\"https:\/\/sysmatec.ch\/de\/Produkt\/chemap-fermenter\/\" class=\"woocommerce-LoopProduct-link woocommerce-loop-product__link\"><img loading=\"lazy\" decoding=\"async\" width=\"146\" height=\"324\" src=\"https:\/\/sysmatec.ch\/wp-content\/uploads\/2019\/06\/Occasion_Chemap30L-146x324.jpg\" class=\"attachment-woocommerce_thumbnail size-woocommerce_thumbnail\" alt=\"Chemap Fermenter\" \/><h2 class=\"woocommerce-loop-product__title\">Chemap Fermenter<\/h2>\n<\/a><a href=\"https:\/\/sysmatec.ch\/de\/Produkt\/chemap-fermenter\/\" aria-describedby=\"woocommerce_loop_add_to_cart_link_describedby_8236\" data-quantity=\"1\" class=\"button product_type_simple\" data-product_id=\"8236\" data-product_sku=\"\" aria-label=\"Lese mehr \u00fcber &#8222;Chemap Fermenter&#8220;\" rel=\"nofollow\" data-success_message=\"\">Weiterlesen<\/a>\t<span id=\"woocommerce_loop_add_to_cart_link_describedby_8236\" class=\"screen-reader-text\">\n\t\t\t<\/span>\n<\/li>\n<li class=\"product type-product post-29303 status-publish first instock product_cat-fermenter product_cat-gebraucht has-post-thumbnail taxable shipping-taxable product-type-simple\">\n\t<a href=\"https:\/\/sysmatec.ch\/de\/Produkt\/steuereinheit-fuer-chemap-fermenter\/\" class=\"woocommerce-LoopProduct-link woocommerce-loop-product__link\"><img loading=\"lazy\" decoding=\"async\" width=\"324\" height=\"324\" src=\"https:\/\/sysmatec.ch\/wp-content\/uploads\/2024\/04\/FermenteurChemap2-324x324.jpg\" class=\"attachment-woocommerce_thumbnail size-woocommerce_thumbnail\" alt=\"Steuereinheit f\u00fcr Chemap-Fermenter\" srcset=\"https:\/\/sysmatec.ch\/wp-content\/uploads\/2024\/04\/FermenteurChemap2-324x324.jpg 324w, https:\/\/sysmatec.ch\/wp-content\/uploads\/2024\/04\/FermenteurChemap2-150x150.jpg 150w, https:\/\/sysmatec.ch\/wp-content\/uploads\/2024\/04\/FermenteurChemap2-100x100.jpg 100w\" sizes=\"auto, (max-width: 324px) 100vw, 324px\" \/><h2 class=\"woocommerce-loop-product__title\">Steuereinheit f\u00fcr Chemap-Fermenter<\/h2>\n<\/a><a href=\"https:\/\/sysmatec.ch\/de\/Produkt\/steuereinheit-fuer-chemap-fermenter\/\" aria-describedby=\"woocommerce_loop_add_to_cart_link_describedby_29303\" data-quantity=\"1\" class=\"button product_type_simple\" data-product_id=\"29303\" data-product_sku=\"\" aria-label=\"Lese mehr \u00fcber &#8222;Steuereinheit f\u00fcr Chemap-Fermenter&#8220;\" rel=\"nofollow\" data-success_message=\"\">Weiterlesen<\/a>\t<span id=\"woocommerce_loop_add_to_cart_link_describedby_29303\" class=\"screen-reader-text\">\n\t\t\t<\/span>\n<\/li>\n<li class=\"product type-product post-25804 status-publish instock product_cat-fermenter product_cat-gebraucht has-post-thumbnail taxable shipping-taxable product-type-simple\">\n\t<a href=\"https:\/\/sysmatec.ch\/de\/Produkt\/mbr-fermenter-3-l\/\" class=\"woocommerce-LoopProduct-link woocommerce-loop-product__link\"><img loading=\"lazy\" decoding=\"async\" width=\"324\" height=\"324\" src=\"https:\/\/sysmatec.ch\/wp-content\/uploads\/2021\/09\/20200229_110614-scaled-324x324.jpg\" class=\"attachment-woocommerce_thumbnail size-woocommerce_thumbnail\" alt=\"fermenteur 3 L\" srcset=\"https:\/\/sysmatec.ch\/wp-content\/uploads\/2021\/09\/20200229_110614-324x324.jpg 324w, https:\/\/sysmatec.ch\/wp-content\/uploads\/2021\/09\/20200229_110614-100x100.jpg 100w, https:\/\/sysmatec.ch\/wp-content\/uploads\/2021\/09\/20200229_110614-150x150.jpg 150w\" sizes=\"auto, (max-width: 324px) 100vw, 324px\" \/><h2 class=\"woocommerce-loop-product__title\">MBR Fermenter 3 L<\/h2>\n<\/a><a href=\"https:\/\/sysmatec.ch\/de\/Produkt\/mbr-fermenter-3-l\/\" aria-describedby=\"woocommerce_loop_add_to_cart_link_describedby_25804\" data-quantity=\"1\" class=\"button product_type_simple\" data-product_id=\"25804\" data-product_sku=\"\" aria-label=\"Lese mehr \u00fcber &#8222;MBR Fermenter 3 L&#8220;\" rel=\"nofollow\" data-success_message=\"\">Weiterlesen<\/a>\t<span id=\"woocommerce_loop_add_to_cart_link_describedby_25804\" class=\"screen-reader-text\">\n\t\t\t<\/span>\n<\/li>\n<li class=\"product type-product post-8230 status-publish instock product_cat-fermenter product_cat-gebraucht has-post-thumbnail taxable shipping-taxable product-type-simple\">\n\t<a href=\"https:\/\/sysmatec.ch\/de\/Produkt\/chemap-fermenter-fz-3000\/\" class=\"woocommerce-LoopProduct-link woocommerce-loop-product__link\"><img loading=\"lazy\" decoding=\"async\" width=\"159\" height=\"194\" src=\"https:\/\/sysmatec.ch\/wp-content\/uploads\/2019\/06\/Occasion_Chemap32L.gif\" class=\"attachment-woocommerce_thumbnail size-woocommerce_thumbnail\" alt=\"Chemap Fermenter FZ 3000\" \/><h2 class=\"woocommerce-loop-product__title\">Chemap Fermenter FZ 3000<\/h2>\n<\/a><a href=\"https:\/\/sysmatec.ch\/de\/Produkt\/chemap-fermenter-fz-3000\/\" aria-describedby=\"woocommerce_loop_add_to_cart_link_describedby_8230\" data-quantity=\"1\" class=\"button product_type_simple\" data-product_id=\"8230\" data-product_sku=\"\" aria-label=\"Lese mehr \u00fcber &#8222;Chemap Fermenter FZ 3000&#8220;\" rel=\"nofollow\" data-success_message=\"\">Weiterlesen<\/a>\t<span id=\"woocommerce_loop_add_to_cart_link_describedby_8230\" class=\"screen-reader-text\">\n\t\t\t<\/span>\n<\/li>\n<li class=\"product type-product post-30543 status-publish last instock product_cat-fermenter has-post-thumbnail taxable shipping-taxable product-type-simple\">\n\t<a href=\"https:\/\/sysmatec.ch\/de\/Produkt\/bioreaktor-minifor2bio-touch\/\" class=\"woocommerce-LoopProduct-link woocommerce-loop-product__link\"><img loading=\"lazy\" decoding=\"async\" width=\"324\" height=\"324\" src=\"https:\/\/sysmatec.ch\/wp-content\/uploads\/2025\/04\/Fermenteur_Minifor2Bio1-324x324.jpg\" class=\"attachment-woocommerce_thumbnail size-woocommerce_thumbnail\" alt=\"Bioreaktor Minifor2Bio touch\" srcset=\"https:\/\/sysmatec.ch\/wp-content\/uploads\/2025\/04\/Fermenteur_Minifor2Bio1-324x324.jpg 324w, https:\/\/sysmatec.ch\/wp-content\/uploads\/2025\/04\/Fermenteur_Minifor2Bio1-150x150.jpg 150w, https:\/\/sysmatec.ch\/wp-content\/uploads\/2025\/04\/Fermenteur_Minifor2Bio1-100x100.jpg 100w\" sizes=\"auto, (max-width: 324px) 100vw, 324px\" \/><h2 class=\"woocommerce-loop-product__title\">Bioreaktor Minifor2Bio touch<\/h2>\n<\/a><a href=\"https:\/\/sysmatec.ch\/de\/Produkt\/bioreaktor-minifor2bio-touch\/\" aria-describedby=\"woocommerce_loop_add_to_cart_link_describedby_30543\" data-quantity=\"1\" class=\"button product_type_simple\" data-product_id=\"30543\" data-product_sku=\"\" aria-label=\"Lese mehr \u00fcber &#8222;Bioreaktor Minifor2Bio touch&#8220;\" rel=\"nofollow\" data-success_message=\"\">Weiterlesen<\/a>\t<span id=\"woocommerce_loop_add_to_cart_link_describedby_30543\" class=\"screen-reader-text\">\n\t\t\t<\/span>\n<\/li>\n<li class=\"product type-product post-8142 status-publish first instock product_cat-fermenter product_cat-gebraucht has-post-thumbnail taxable shipping-taxable purchasable product-type-simple\">\n\t<a href=\"https:\/\/sysmatec.ch\/de\/Produkt\/gebrauchter-mbr-fermenter\/\" class=\"woocommerce-LoopProduct-link woocommerce-loop-product__link\"><img loading=\"lazy\" decoding=\"async\" width=\"324\" height=\"324\" src=\"https:\/\/sysmatec.ch\/wp-content\/uploads\/2019\/06\/FermenteurNewMBR2-324x324.jpg\" class=\"attachment-woocommerce_thumbnail size-woocommerce_thumbnail\" alt=\"Gebrauchter MBR Fermenter\" srcset=\"https:\/\/sysmatec.ch\/wp-content\/uploads\/2019\/06\/FermenteurNewMBR2-324x324.jpg 324w, https:\/\/sysmatec.ch\/wp-content\/uploads\/2019\/06\/FermenteurNewMBR2-100x100.jpg 100w, https:\/\/sysmatec.ch\/wp-content\/uploads\/2019\/06\/FermenteurNewMBR2-150x150.jpg 150w\" sizes=\"auto, (max-width: 324px) 100vw, 324px\" \/><h2 class=\"woocommerce-loop-product__title\">Gebrauchter MBR Fermenter<\/h2>\n\t<span class=\"price\"><span class=\"woocommerce-Price-amount amount\"><bdi><span class=\"woocommerce-Price-currencySymbol\">&#67;&#72;&#70;<\/span>&nbsp;1 000.00<\/bdi><\/span><\/span>\n<\/a><a href=\"\/de\/wp-json\/wp\/v2\/pages\/1690?add-to-cart=8142\" aria-describedby=\"woocommerce_loop_add_to_cart_link_describedby_8142\" data-quantity=\"1\" class=\"button product_type_simple add_to_cart_button ajax_add_to_cart\" data-product_id=\"8142\" data-product_sku=\"\" aria-label=\"In den Warenkorb legen: \u201eGebrauchter MBR Fermenter\u201c\" rel=\"nofollow\" data-success_message=\"\u201eGebrauchter MBR Fermenter\u201c wurde deinem Warenkorb hinzugef\u00fcgt\">In den Warenkorb<\/a>\t<span id=\"woocommerce_loop_add_to_cart_link_describedby_8142\" class=\"screen-reader-text\">\n\t\t\t<\/span>\n<\/li>\n<li class=\"product type-product post-8224 status-publish instock product_cat-fermenter product_cat-gebraucht has-post-thumbnail taxable shipping-taxable product-type-simple\">\n\t<a href=\"https:\/\/sysmatec.ch\/de\/Produkt\/mbr-fermenter\/\" class=\"woocommerce-LoopProduct-link woocommerce-loop-product__link\"><img loading=\"lazy\" decoding=\"async\" width=\"270\" height=\"324\" src=\"https:\/\/sysmatec.ch\/wp-content\/uploads\/2019\/06\/Occasion_MBR-15L-x-2-270x324.jpg\" class=\"attachment-woocommerce_thumbnail size-woocommerce_thumbnail\" alt=\"MBR Fermenter\" \/><h2 class=\"woocommerce-loop-product__title\">MBR Fermenter<\/h2>\n<\/a><a href=\"https:\/\/sysmatec.ch\/de\/Produkt\/mbr-fermenter\/\" aria-describedby=\"woocommerce_loop_add_to_cart_link_describedby_8224\" data-quantity=\"1\" class=\"button product_type_simple\" data-product_id=\"8224\" data-product_sku=\"\" aria-label=\"Lese mehr \u00fcber &#8222;MBR Fermenter&#8220;\" rel=\"nofollow\" data-success_message=\"\">Weiterlesen<\/a>\t<span id=\"woocommerce_loop_add_to_cart_link_describedby_8224\" class=\"screen-reader-text\">\n\t\t\t<\/span>\n<\/li>\n<\/ul>\n<\/div><\/p>\n","protected":false},"excerpt":{"rendered":"<p>Hier finden Sie verschiedene Labor- oder Pilotfermenter, entweder neu (Minifor) oder gebraucht. Die vorgestellten Fermenter sind instrumentiert: Messung und Regulierung von Temperatur, Bewegung, Luftstrom, Sauerstoffanreicherung, pH. Es ist m\u00f6glich, eine gro\u00dfe Anzahl von Mess- und Steuerger\u00e4ten hinzuzuf\u00fcgen, die Sie auf der Website finden. Diese Fermenter sind f\u00fcr die Kultur von Bakterien, Hefen oder Pilzen bestimmt. [&hellip;]<\/p>\n","protected":false},"author":3,"featured_media":0,"parent":0,"menu_order":0,"comment_status":"closed","ping_status":"closed","template":"","meta":{"_crdt_document":"","footnotes":""},"class_list":["post-1690","page","type-page","status-publish","hentry"],"yoast_head":"<!-- This site is optimized with the Yoast SEO plugin v27.4 - https:\/\/yoast.com\/product\/yoast-seo-wordpress\/ -->\n<title>Fermenter - Sysmatec<\/title>\n<meta name=\"description\" content=\"Neue oder gebrauchte Laborfermenter. Die Fermenter sind f\u00fcr die Messung und Regelung vieler Parameter instrumentiert.\" \/>\n<meta name=\"robots\" content=\"index, follow, max-snippet:-1, max-image-preview:large, max-video-preview:-1\" \/>\n<link rel=\"canonical\" href=\"https:\/\/sysmatec.ch\/de\/fermenter\/\" \/>\n<meta property=\"og:locale\" content=\"de_DE\" \/>\n<meta property=\"og:type\" content=\"article\" \/>\n<meta property=\"og:title\" content=\"Fermenter - Sysmatec\" \/>\n<meta property=\"og:description\" content=\"Neue oder gebrauchte Laborfermenter. Die Fermenter sind f\u00fcr die Messung und Regelung vieler Parameter instrumentiert.\" \/>\n<meta property=\"og:url\" content=\"https:\/\/sysmatec.ch\/de\/fermenter\/\" \/>\n<meta property=\"og:site_name\" content=\"Sysmatec\" \/>\n<meta property=\"article:modified_time\" content=\"2022-06-09T10:41:08+00:00\" \/>\n<meta name=\"twitter:card\" content=\"summary_large_image\" \/>\n<meta name=\"twitter:label1\" content=\"Gesch\u00e4tzte Lesezeit\" \/>\n\t<meta name=\"twitter:data1\" content=\"1\u00a0Minute\" \/>\n<script type=\"application\/ld+json\" class=\"yoast-schema-graph\">{\"@context\":\"https:\\\/\\\/schema.org\",\"@graph\":[{\"@type\":\"WebPage\",\"@id\":\"https:\\\/\\\/sysmatec.ch\\\/de\\\/fermenter\\\/\",\"url\":\"https:\\\/\\\/sysmatec.ch\\\/de\\\/fermenter\\\/\",\"name\":\"Fermenter - Sysmatec\",\"isPartOf\":{\"@id\":\"https:\\\/\\\/sysmatec.ch\\\/de\\\/#website\"},\"datePublished\":\"2019-01-26T21:11:06+00:00\",\"dateModified\":\"2022-06-09T10:41:08+00:00\",\"description\":\"Neue oder gebrauchte Laborfermenter. Die Fermenter sind f\u00fcr die Messung und Regelung vieler Parameter instrumentiert.\",\"breadcrumb\":{\"@id\":\"https:\\\/\\\/sysmatec.ch\\\/de\\\/fermenter\\\/#breadcrumb\"},\"inLanguage\":\"de\",\"potentialAction\":[{\"@type\":\"ReadAction\",\"target\":[\"https:\\\/\\\/sysmatec.ch\\\/de\\\/fermenter\\\/\"]}]},{\"@type\":\"BreadcrumbList\",\"@id\":\"https:\\\/\\\/sysmatec.ch\\\/de\\\/fermenter\\\/#breadcrumb\",\"itemListElement\":[{\"@type\":\"ListItem\",\"position\":1,\"name\":\"Accueil\",\"item\":\"https:\\\/\\\/sysmatec.ch\\\/de\\\/\"},{\"@type\":\"ListItem\",\"position\":2,\"name\":\"Fermenter\"}]},{\"@type\":\"WebSite\",\"@id\":\"https:\\\/\\\/sysmatec.ch\\\/de\\\/#website\",\"url\":\"https:\\\/\\\/sysmatec.ch\\\/de\\\/\",\"name\":\"Sysmatec\",\"description\":\"Equipement de laboratoire et logiciels\",\"publisher\":{\"@id\":\"https:\\\/\\\/sysmatec.ch\\\/de\\\/#organization\"},\"potentialAction\":[{\"@type\":\"SearchAction\",\"target\":{\"@type\":\"EntryPoint\",\"urlTemplate\":\"https:\\\/\\\/sysmatec.ch\\\/de\\\/?s={search_term_string}\"},\"query-input\":{\"@type\":\"PropertyValueSpecification\",\"valueRequired\":true,\"valueName\":\"search_term_string\"}}],\"inLanguage\":\"de\"},{\"@type\":\"Organization\",\"@id\":\"https:\\\/\\\/sysmatec.ch\\\/de\\\/#organization\",\"name\":\"Sysmatec\",\"url\":\"https:\\\/\\\/sysmatec.ch\\\/de\\\/\",\"logo\":{\"@type\":\"ImageObject\",\"inLanguage\":\"de\",\"@id\":\"https:\\\/\\\/sysmatec.ch\\\/de\\\/#\\\/schema\\\/logo\\\/image\\\/\",\"url\":\"https:\\\/\\\/sysmatec.ch\\\/wp-content\\\/uploads\\\/2018\\\/11\\\/LogoSysmatec.jpg\",\"contentUrl\":\"https:\\\/\\\/sysmatec.ch\\\/wp-content\\\/uploads\\\/2018\\\/11\\\/LogoSysmatec.jpg\",\"width\":301,\"height\":297,\"caption\":\"Sysmatec\"},\"image\":{\"@id\":\"https:\\\/\\\/sysmatec.ch\\\/de\\\/#\\\/schema\\\/logo\\\/image\\\/\"}}]}<\/script>\n<!-- \/ Yoast SEO plugin. -->","yoast_head_json":{"title":"Fermenter - Sysmatec","description":"Neue oder gebrauchte Laborfermenter. Die Fermenter sind f\u00fcr die Messung und Regelung vieler Parameter instrumentiert.","robots":{"index":"index","follow":"follow","max-snippet":"max-snippet:-1","max-image-preview":"max-image-preview:large","max-video-preview":"max-video-preview:-1"},"canonical":"https:\/\/sysmatec.ch\/de\/fermenter\/","og_locale":"de_DE","og_type":"article","og_title":"Fermenter - Sysmatec","og_description":"Neue oder gebrauchte Laborfermenter. Die Fermenter sind f\u00fcr die Messung und Regelung vieler Parameter instrumentiert.","og_url":"https:\/\/sysmatec.ch\/de\/fermenter\/","og_site_name":"Sysmatec","article_modified_time":"2022-06-09T10:41:08+00:00","twitter_card":"summary_large_image","twitter_misc":{"Gesch\u00e4tzte Lesezeit":"1\u00a0Minute"},"schema":{"@context":"https:\/\/schema.org","@graph":[{"@type":"WebPage","@id":"https:\/\/sysmatec.ch\/de\/fermenter\/","url":"https:\/\/sysmatec.ch\/de\/fermenter\/","name":"Fermenter - Sysmatec","isPartOf":{"@id":"https:\/\/sysmatec.ch\/de\/#website"},"datePublished":"2019-01-26T21:11:06+00:00","dateModified":"2022-06-09T10:41:08+00:00","description":"Neue oder gebrauchte Laborfermenter. Die Fermenter sind f\u00fcr die Messung und Regelung vieler Parameter instrumentiert.","breadcrumb":{"@id":"https:\/\/sysmatec.ch\/de\/fermenter\/#breadcrumb"},"inLanguage":"de","potentialAction":[{"@type":"ReadAction","target":["https:\/\/sysmatec.ch\/de\/fermenter\/"]}]},{"@type":"BreadcrumbList","@id":"https:\/\/sysmatec.ch\/de\/fermenter\/#breadcrumb","itemListElement":[{"@type":"ListItem","position":1,"name":"Accueil","item":"https:\/\/sysmatec.ch\/de\/"},{"@type":"ListItem","position":2,"name":"Fermenter"}]},{"@type":"WebSite","@id":"https:\/\/sysmatec.ch\/de\/#website","url":"https:\/\/sysmatec.ch\/de\/","name":"Sysmatec","description":"Equipement de laboratoire et logiciels","publisher":{"@id":"https:\/\/sysmatec.ch\/de\/#organization"},"potentialAction":[{"@type":"SearchAction","target":{"@type":"EntryPoint","urlTemplate":"https:\/\/sysmatec.ch\/de\/?s={search_term_string}"},"query-input":{"@type":"PropertyValueSpecification","valueRequired":true,"valueName":"search_term_string"}}],"inLanguage":"de"},{"@type":"Organization","@id":"https:\/\/sysmatec.ch\/de\/#organization","name":"Sysmatec","url":"https:\/\/sysmatec.ch\/de\/","logo":{"@type":"ImageObject","inLanguage":"de","@id":"https:\/\/sysmatec.ch\/de\/#\/schema\/logo\/image\/","url":"https:\/\/sysmatec.ch\/wp-content\/uploads\/2018\/11\/LogoSysmatec.jpg","contentUrl":"https:\/\/sysmatec.ch\/wp-content\/uploads\/2018\/11\/LogoSysmatec.jpg","width":301,"height":297,"caption":"Sysmatec"},"image":{"@id":"https:\/\/sysmatec.ch\/de\/#\/schema\/logo\/image\/"}}]}},"_links":{"self":[{"href":"https:\/\/sysmatec.ch\/de\/wp-json\/wp\/v2\/pages\/1690","targetHints":{"allow":["GET"]}}],"collection":[{"href":"https:\/\/sysmatec.ch\/de\/wp-json\/wp\/v2\/pages"}],"about":[{"href":"https:\/\/sysmatec.ch\/de\/wp-json\/wp\/v2\/types\/page"}],"author":[{"embeddable":true,"href":"https:\/\/sysmatec.ch\/de\/wp-json\/wp\/v2\/users\/3"}],"replies":[{"embeddable":true,"href":"https:\/\/sysmatec.ch\/de\/wp-json\/wp\/v2\/comments?post=1690"}],"version-history":[{"count":3,"href":"https:\/\/sysmatec.ch\/de\/wp-json\/wp\/v2\/pages\/1690\/revisions"}],"predecessor-version":[{"id":27821,"href":"https:\/\/sysmatec.ch\/de\/wp-json\/wp\/v2\/pages\/1690\/revisions\/27821"}],"wp:attachment":[{"href":"https:\/\/sysmatec.ch\/de\/wp-json\/wp\/v2\/media?parent=1690"}],"curies":[{"name":"wp","href":"https:\/\/api.w.org\/{rel}","templated":true}]}}