{"id":1682,"date":"2019-01-26T21:55:46","date_gmt":"2019-01-26T20:55:46","guid":{"rendered":"https:\/\/sysmatec.ch\/?page_id=1682"},"modified":"2022-06-09T12:15:14","modified_gmt":"2022-06-09T10:15:14","slug":"verdampfung","status":"publish","type":"page","link":"https:\/\/sysmatec.ch\/de\/verdampfung\/","title":{"rendered":"Verdampfung"},"content":{"rendered":"\n<p class=\"wp-block-paragraph\">Der Verdampfer ist eine Vorrichtung zum Erhitzen einer L\u00f6sung. Die fl\u00fcchtigen Bestandteile verdampfen, wodurch sich die L\u00f6sung konzentriert. Diese fl\u00fcchtigen Produkte k\u00f6nnen dann durch Abk\u00fchlen zur\u00fcckgewonnen werden. Um die Verdunstung zu verbessern, k\u00f6nnen einige Systeme unter Vakuum betrieben werden.<\/p>\n\n\n\n<p class=\"wp-block-paragraph\"><div class=\"woocommerce columns-4 \"><ul class=\"products columns-4\">\n<li class=\"product type-product post-30987 status-publish first instock product_cat-verdampfung has-post-thumbnail taxable shipping-taxable product-type-simple\">\n\t<a href=\"https:\/\/sysmatec.ch\/de\/Produkt\/destillations-apparat-polydest\/\" class=\"woocommerce-LoopProduct-link woocommerce-loop-product__link\"><img loading=\"lazy\" decoding=\"async\" width=\"324\" height=\"324\" src=\"https:\/\/sysmatec.ch\/wp-content\/uploads\/2026\/01\/Destilation_PolydestGravitech1-324x324.jpg\" class=\"attachment-woocommerce_thumbnail size-woocommerce_thumbnail\" alt=\"Destillations Apparat POLYDEST\" srcset=\"https:\/\/sysmatec.ch\/wp-content\/uploads\/2026\/01\/Destilation_PolydestGravitech1-324x324.jpg 324w, https:\/\/sysmatec.ch\/wp-content\/uploads\/2026\/01\/Destilation_PolydestGravitech1-150x150.jpg 150w, https:\/\/sysmatec.ch\/wp-content\/uploads\/2026\/01\/Destilation_PolydestGravitech1-100x100.jpg 100w\" sizes=\"auto, (max-width: 324px) 100vw, 324px\" \/><h2 class=\"woocommerce-loop-product__title\">Destillations Apparat POLYDEST<\/h2>\n<\/a><a href=\"https:\/\/sysmatec.ch\/de\/Produkt\/destillations-apparat-polydest\/\" aria-describedby=\"woocommerce_loop_add_to_cart_link_describedby_30987\" data-quantity=\"1\" class=\"button product_type_simple\" data-product_id=\"30987\" data-product_sku=\"\" aria-label=\"Lese mehr \u00fcber &#8222;Destillations Apparat POLYDEST&#8220;\" rel=\"nofollow\" data-success_message=\"\">Weiterlesen<\/a>\t<span id=\"woocommerce_loop_add_to_cart_link_describedby_30987\" class=\"screen-reader-text\">\n\t\t\t<\/span>\n<\/li>\n<li class=\"product type-product post-2142 status-publish instock product_cat-verdampfung has-post-thumbnail taxable shipping-taxable product-type-simple\">\n\t<a href=\"https:\/\/sysmatec.ch\/de\/Produkt\/rotationsverdampfer\/\" class=\"woocommerce-LoopProduct-link woocommerce-loop-product__link\"><img loading=\"lazy\" decoding=\"async\" width=\"188\" height=\"235\" src=\"https:\/\/sysmatec.ch\/wp-content\/uploads\/2019\/01\/Evaporation_AELabAERE.jpg\" class=\"attachment-woocommerce_thumbnail size-woocommerce_thumbnail\" alt=\"Rotationsverdampfer\" \/><h2 class=\"woocommerce-loop-product__title\">Rotationsverdampfer<\/h2>\n<\/a><a href=\"https:\/\/sysmatec.ch\/de\/Produkt\/rotationsverdampfer\/\" aria-describedby=\"woocommerce_loop_add_to_cart_link_describedby_2142\" data-quantity=\"1\" class=\"button product_type_simple\" data-product_id=\"2142\" data-product_sku=\"\" aria-label=\"Lese mehr \u00fcber &#8222;Rotationsverdampfer&#8220;\" rel=\"nofollow\" data-success_message=\"\">Weiterlesen<\/a>\t<span id=\"woocommerce_loop_add_to_cart_link_describedby_2142\" class=\"screen-reader-text\">\n\t\t\t<\/span>\n<\/li>\n<li class=\"product type-product post-29824 status-publish instock product_cat-verdampfung has-post-thumbnail taxable shipping-taxable product-type-simple\">\n\t<a href=\"https:\/\/sysmatec.ch\/de\/Produkt\/rotationsverdampfer-rv-3-pro-v-complete\/\" class=\"woocommerce-LoopProduct-link woocommerce-loop-product__link\"><img loading=\"lazy\" decoding=\"async\" width=\"188\" height=\"235\" src=\"https:\/\/sysmatec.ch\/wp-content\/uploads\/2019\/01\/Evaporation_AELabAERE.jpg\" class=\"attachment-woocommerce_thumbnail size-woocommerce_thumbnail\" alt=\"Rotationsverdampfer RV 3 pro V Complete\" \/><h2 class=\"woocommerce-loop-product__title\">Rotationsverdampfer RV 3 pro V Complete<\/h2>\n<\/a><a href=\"https:\/\/sysmatec.ch\/de\/Produkt\/rotationsverdampfer-rv-3-pro-v-complete\/\" aria-describedby=\"woocommerce_loop_add_to_cart_link_describedby_29824\" data-quantity=\"1\" class=\"button product_type_simple\" data-product_id=\"29824\" data-product_sku=\"\" aria-label=\"Lese mehr \u00fcber &#8222;Rotationsverdampfer RV 3 pro V Complete&#8220;\" rel=\"nofollow\" data-success_message=\"\">Weiterlesen<\/a>\t<span id=\"woocommerce_loop_add_to_cart_link_describedby_29824\" class=\"screen-reader-text\">\n\t\t\t<\/span>\n<\/li>\n<li class=\"product type-product post-29830 status-publish last instock product_cat-verdampfung has-post-thumbnail taxable shipping-taxable product-type-simple\">\n\t<a href=\"https:\/\/sysmatec.ch\/de\/Produkt\/tisch-spruehtrockner-yc-500\/\" class=\"woocommerce-LoopProduct-link woocommerce-loop-product__link\"><img loading=\"lazy\" decoding=\"async\" width=\"324\" height=\"324\" src=\"https:\/\/sysmatec.ch\/wp-content\/uploads\/2024\/07\/SecheurAtomiseur_YC500Pilotech-324x324.jpg\" class=\"attachment-woocommerce_thumbnail size-woocommerce_thumbnail\" alt=\"Tisch-Spr\u00fchtrockner YC-500\" srcset=\"https:\/\/sysmatec.ch\/wp-content\/uploads\/2024\/07\/SecheurAtomiseur_YC500Pilotech-324x324.jpg 324w, https:\/\/sysmatec.ch\/wp-content\/uploads\/2024\/07\/SecheurAtomiseur_YC500Pilotech-150x150.jpg 150w, https:\/\/sysmatec.ch\/wp-content\/uploads\/2024\/07\/SecheurAtomiseur_YC500Pilotech-100x100.jpg 100w\" sizes=\"auto, (max-width: 324px) 100vw, 324px\" \/><h2 class=\"woocommerce-loop-product__title\">Tisch-Spr\u00fchtrockner YC-500<\/h2>\n<\/a><a href=\"https:\/\/sysmatec.ch\/de\/Produkt\/tisch-spruehtrockner-yc-500\/\" aria-describedby=\"woocommerce_loop_add_to_cart_link_describedby_29830\" data-quantity=\"1\" class=\"button product_type_simple\" data-product_id=\"29830\" data-product_sku=\"\" aria-label=\"Lese mehr \u00fcber &#8222;Tisch-Spr\u00fchtrockner YC-500&#8220;\" rel=\"nofollow\" data-success_message=\"\">Weiterlesen<\/a>\t<span id=\"woocommerce_loop_add_to_cart_link_describedby_29830\" class=\"screen-reader-text\">\n\t\t\t<\/span>\n<\/li>\n<li class=\"product type-product post-2137 status-publish first instock product_cat-verdampfung has-post-thumbnail taxable shipping-taxable product-type-simple\">\n\t<a href=\"https:\/\/sysmatec.ch\/de\/Produkt\/entalkoholisierung-von-bier-und-wein-mit-aroma-konservierung-dealcotec\/\" class=\"woocommerce-LoopProduct-link woocommerce-loop-product__link\"><img loading=\"lazy\" decoding=\"async\" width=\"188\" height=\"324\" src=\"https:\/\/sysmatec.ch\/wp-content\/uploads\/2019\/01\/Pervaporation_Centec-188x324.jpg\" class=\"attachment-woocommerce_thumbnail size-woocommerce_thumbnail\" alt=\"Entalkoholisierung von Bier und Wein mit Aroma Konservierung-DeAlcoTec\" \/><h2 class=\"woocommerce-loop-product__title\">Entalkoholisierung von Bier und Wein mit Aroma Konservierung-DeAlcoTec<\/h2>\n<\/a><a href=\"https:\/\/sysmatec.ch\/de\/Produkt\/entalkoholisierung-von-bier-und-wein-mit-aroma-konservierung-dealcotec\/\" aria-describedby=\"woocommerce_loop_add_to_cart_link_describedby_2137\" data-quantity=\"1\" class=\"button product_type_simple\" data-product_id=\"2137\" data-product_sku=\"\" aria-label=\"Lese mehr \u00fcber &#8222;Entalkoholisierung von Bier und Wein mit Aroma Konservierung-DeAlcoTec&#8220;\" rel=\"nofollow\" data-success_message=\"\">Weiterlesen<\/a>\t<span id=\"woocommerce_loop_add_to_cart_link_describedby_2137\" class=\"screen-reader-text\">\n\t\t\t<\/span>\n<\/li>\n<\/ul>\n<\/div><\/p>\n","protected":false},"excerpt":{"rendered":"<p>Der Verdampfer ist eine Vorrichtung zum Erhitzen einer L\u00f6sung. Die fl\u00fcchtigen Bestandteile verdampfen, wodurch sich die L\u00f6sung konzentriert. Diese fl\u00fcchtigen Produkte k\u00f6nnen dann durch Abk\u00fchlen zur\u00fcckgewonnen werden. Um die Verdunstung zu verbessern, k\u00f6nnen einige Systeme unter Vakuum betrieben werden.<\/p>\n","protected":false},"author":3,"featured_media":0,"parent":0,"menu_order":0,"comment_status":"closed","ping_status":"closed","template":"","meta":{"_crdt_document":"","footnotes":""},"class_list":["post-1682","page","type-page","status-publish","hentry"],"yoast_head":"<!-- This site is optimized with the Yoast SEO plugin v27.4 - https:\/\/yoast.com\/product\/yoast-seo-wordpress\/ -->\n<title>Verdampfung - Sysmatec<\/title>\n<meta name=\"description\" content=\"Der Verdampfer erm\u00f6glicht es, die fl\u00fcchtigen Produkte einer L\u00f6sung zu verdampfen und somit zu konzentrieren. Die fl\u00fcchtigen Produkte werden durch K\u00fchlen zur\u00fcckgewonnen.\" \/>\n<meta name=\"robots\" content=\"index, follow, max-snippet:-1, max-image-preview:large, max-video-preview:-1\" \/>\n<link rel=\"canonical\" href=\"https:\/\/sysmatec.ch\/de\/verdampfung\/\" \/>\n<meta property=\"og:locale\" content=\"de_DE\" \/>\n<meta property=\"og:type\" content=\"article\" \/>\n<meta property=\"og:title\" content=\"Verdampfung - Sysmatec\" \/>\n<meta property=\"og:description\" content=\"Der Verdampfer erm\u00f6glicht es, die fl\u00fcchtigen Produkte einer L\u00f6sung zu verdampfen und somit zu konzentrieren. Die fl\u00fcchtigen Produkte werden durch K\u00fchlen zur\u00fcckgewonnen.\" \/>\n<meta property=\"og:url\" content=\"https:\/\/sysmatec.ch\/de\/verdampfung\/\" \/>\n<meta property=\"og:site_name\" content=\"Sysmatec\" \/>\n<meta property=\"article:modified_time\" content=\"2022-06-09T10:15:14+00:00\" \/>\n<meta name=\"twitter:card\" content=\"summary_large_image\" \/>\n<meta name=\"twitter:label1\" content=\"Gesch\u00e4tzte Lesezeit\" \/>\n\t<meta name=\"twitter:data1\" content=\"1\u00a0Minute\" \/>\n<script type=\"application\/ld+json\" class=\"yoast-schema-graph\">{\"@context\":\"https:\\\/\\\/schema.org\",\"@graph\":[{\"@type\":\"WebPage\",\"@id\":\"https:\\\/\\\/sysmatec.ch\\\/de\\\/verdampfung\\\/\",\"url\":\"https:\\\/\\\/sysmatec.ch\\\/de\\\/verdampfung\\\/\",\"name\":\"Verdampfung - Sysmatec\",\"isPartOf\":{\"@id\":\"https:\\\/\\\/sysmatec.ch\\\/de\\\/#website\"},\"datePublished\":\"2019-01-26T20:55:46+00:00\",\"dateModified\":\"2022-06-09T10:15:14+00:00\",\"description\":\"Der Verdampfer erm\u00f6glicht es, die fl\u00fcchtigen Produkte einer L\u00f6sung zu verdampfen und somit zu konzentrieren. Die fl\u00fcchtigen Produkte werden durch K\u00fchlen zur\u00fcckgewonnen.\",\"breadcrumb\":{\"@id\":\"https:\\\/\\\/sysmatec.ch\\\/de\\\/verdampfung\\\/#breadcrumb\"},\"inLanguage\":\"de\",\"potentialAction\":[{\"@type\":\"ReadAction\",\"target\":[\"https:\\\/\\\/sysmatec.ch\\\/de\\\/verdampfung\\\/\"]}]},{\"@type\":\"BreadcrumbList\",\"@id\":\"https:\\\/\\\/sysmatec.ch\\\/de\\\/verdampfung\\\/#breadcrumb\",\"itemListElement\":[{\"@type\":\"ListItem\",\"position\":1,\"name\":\"Accueil\",\"item\":\"https:\\\/\\\/sysmatec.ch\\\/de\\\/\"},{\"@type\":\"ListItem\",\"position\":2,\"name\":\"Verdampfung\"}]},{\"@type\":\"WebSite\",\"@id\":\"https:\\\/\\\/sysmatec.ch\\\/de\\\/#website\",\"url\":\"https:\\\/\\\/sysmatec.ch\\\/de\\\/\",\"name\":\"Sysmatec\",\"description\":\"Equipement de laboratoire et logiciels\",\"publisher\":{\"@id\":\"https:\\\/\\\/sysmatec.ch\\\/de\\\/#organization\"},\"potentialAction\":[{\"@type\":\"SearchAction\",\"target\":{\"@type\":\"EntryPoint\",\"urlTemplate\":\"https:\\\/\\\/sysmatec.ch\\\/de\\\/?s={search_term_string}\"},\"query-input\":{\"@type\":\"PropertyValueSpecification\",\"valueRequired\":true,\"valueName\":\"search_term_string\"}}],\"inLanguage\":\"de\"},{\"@type\":\"Organization\",\"@id\":\"https:\\\/\\\/sysmatec.ch\\\/de\\\/#organization\",\"name\":\"Sysmatec\",\"url\":\"https:\\\/\\\/sysmatec.ch\\\/de\\\/\",\"logo\":{\"@type\":\"ImageObject\",\"inLanguage\":\"de\",\"@id\":\"https:\\\/\\\/sysmatec.ch\\\/de\\\/#\\\/schema\\\/logo\\\/image\\\/\",\"url\":\"https:\\\/\\\/sysmatec.ch\\\/wp-content\\\/uploads\\\/2018\\\/11\\\/LogoSysmatec.jpg\",\"contentUrl\":\"https:\\\/\\\/sysmatec.ch\\\/wp-content\\\/uploads\\\/2018\\\/11\\\/LogoSysmatec.jpg\",\"width\":301,\"height\":297,\"caption\":\"Sysmatec\"},\"image\":{\"@id\":\"https:\\\/\\\/sysmatec.ch\\\/de\\\/#\\\/schema\\\/logo\\\/image\\\/\"}}]}<\/script>\n<!-- \/ Yoast SEO plugin. -->","yoast_head_json":{"title":"Verdampfung - Sysmatec","description":"Der Verdampfer erm\u00f6glicht es, die fl\u00fcchtigen Produkte einer L\u00f6sung zu verdampfen und somit zu konzentrieren. Die fl\u00fcchtigen Produkte werden durch K\u00fchlen zur\u00fcckgewonnen.","robots":{"index":"index","follow":"follow","max-snippet":"max-snippet:-1","max-image-preview":"max-image-preview:large","max-video-preview":"max-video-preview:-1"},"canonical":"https:\/\/sysmatec.ch\/de\/verdampfung\/","og_locale":"de_DE","og_type":"article","og_title":"Verdampfung - Sysmatec","og_description":"Der Verdampfer erm\u00f6glicht es, die fl\u00fcchtigen Produkte einer L\u00f6sung zu verdampfen und somit zu konzentrieren. Die fl\u00fcchtigen Produkte werden durch K\u00fchlen zur\u00fcckgewonnen.","og_url":"https:\/\/sysmatec.ch\/de\/verdampfung\/","og_site_name":"Sysmatec","article_modified_time":"2022-06-09T10:15:14+00:00","twitter_card":"summary_large_image","twitter_misc":{"Gesch\u00e4tzte Lesezeit":"1\u00a0Minute"},"schema":{"@context":"https:\/\/schema.org","@graph":[{"@type":"WebPage","@id":"https:\/\/sysmatec.ch\/de\/verdampfung\/","url":"https:\/\/sysmatec.ch\/de\/verdampfung\/","name":"Verdampfung - Sysmatec","isPartOf":{"@id":"https:\/\/sysmatec.ch\/de\/#website"},"datePublished":"2019-01-26T20:55:46+00:00","dateModified":"2022-06-09T10:15:14+00:00","description":"Der Verdampfer erm\u00f6glicht es, die fl\u00fcchtigen Produkte einer L\u00f6sung zu verdampfen und somit zu konzentrieren. Die fl\u00fcchtigen Produkte werden durch K\u00fchlen zur\u00fcckgewonnen.","breadcrumb":{"@id":"https:\/\/sysmatec.ch\/de\/verdampfung\/#breadcrumb"},"inLanguage":"de","potentialAction":[{"@type":"ReadAction","target":["https:\/\/sysmatec.ch\/de\/verdampfung\/"]}]},{"@type":"BreadcrumbList","@id":"https:\/\/sysmatec.ch\/de\/verdampfung\/#breadcrumb","itemListElement":[{"@type":"ListItem","position":1,"name":"Accueil","item":"https:\/\/sysmatec.ch\/de\/"},{"@type":"ListItem","position":2,"name":"Verdampfung"}]},{"@type":"WebSite","@id":"https:\/\/sysmatec.ch\/de\/#website","url":"https:\/\/sysmatec.ch\/de\/","name":"Sysmatec","description":"Equipement de laboratoire et logiciels","publisher":{"@id":"https:\/\/sysmatec.ch\/de\/#organization"},"potentialAction":[{"@type":"SearchAction","target":{"@type":"EntryPoint","urlTemplate":"https:\/\/sysmatec.ch\/de\/?s={search_term_string}"},"query-input":{"@type":"PropertyValueSpecification","valueRequired":true,"valueName":"search_term_string"}}],"inLanguage":"de"},{"@type":"Organization","@id":"https:\/\/sysmatec.ch\/de\/#organization","name":"Sysmatec","url":"https:\/\/sysmatec.ch\/de\/","logo":{"@type":"ImageObject","inLanguage":"de","@id":"https:\/\/sysmatec.ch\/de\/#\/schema\/logo\/image\/","url":"https:\/\/sysmatec.ch\/wp-content\/uploads\/2018\/11\/LogoSysmatec.jpg","contentUrl":"https:\/\/sysmatec.ch\/wp-content\/uploads\/2018\/11\/LogoSysmatec.jpg","width":301,"height":297,"caption":"Sysmatec"},"image":{"@id":"https:\/\/sysmatec.ch\/de\/#\/schema\/logo\/image\/"}}]}},"_links":{"self":[{"href":"https:\/\/sysmatec.ch\/de\/wp-json\/wp\/v2\/pages\/1682","targetHints":{"allow":["GET"]}}],"collection":[{"href":"https:\/\/sysmatec.ch\/de\/wp-json\/wp\/v2\/pages"}],"about":[{"href":"https:\/\/sysmatec.ch\/de\/wp-json\/wp\/v2\/types\/page"}],"author":[{"embeddable":true,"href":"https:\/\/sysmatec.ch\/de\/wp-json\/wp\/v2\/users\/3"}],"replies":[{"embeddable":true,"href":"https:\/\/sysmatec.ch\/de\/wp-json\/wp\/v2\/comments?post=1682"}],"version-history":[{"count":3,"href":"https:\/\/sysmatec.ch\/de\/wp-json\/wp\/v2\/pages\/1682\/revisions"}],"predecessor-version":[{"id":21095,"href":"https:\/\/sysmatec.ch\/de\/wp-json\/wp\/v2\/pages\/1682\/revisions\/21095"}],"wp:attachment":[{"href":"https:\/\/sysmatec.ch\/de\/wp-json\/wp\/v2\/media?parent=1682"}],"curies":[{"name":"wp","href":"https:\/\/api.w.org\/{rel}","templated":true}]}}