{"id":1670,"date":"2019-01-26T21:33:41","date_gmt":"2019-01-26T20:33:41","guid":{"rendered":"https:\/\/sysmatec.ch\/?page_id=1670"},"modified":"2019-01-26T21:33:47","modified_gmt":"2019-01-26T20:33:47","slug":"druckdatenlogger","status":"publish","type":"page","link":"https:\/\/sysmatec.ch\/de\/druckdatenlogger\/","title":{"rendered":"Druckdatenlogger"},"content":{"rendered":"\n<h2 class=\"wp-block-heading\"><\/h2>\n\n\n\n<p class=\"wp-block-paragraph\">Ils enregistrent la pression. Certains d&#8217;entre eux peuvent enregistrer d&#8217;autres param\u00e8tres (temp\u00e9rature, humidi\u00e9, lumi\u00e8re, acc\u00e9l\u00e9ration\u2026)<\/p>\n\n\n\n<p class=\"wp-block-paragraph\"><div class=\"woocommerce columns-4 \"><ul class=\"products columns-4\">\n<li class=\"product type-product post-22463 status-publish first instock product_cat-datenlogger product_cat-druck product_cat-feuchte product_cat-licht product_cat-temperatur has-post-thumbnail taxable shipping-taxable product-type-simple\">\n\t<a href=\"https:\/\/sysmatec.ch\/de\/Produkt\/temperatur-luftfeuchtigkeit-druck-und-licht-funkueberwachung-mit-lo-ra-deepwave\/\" class=\"woocommerce-LoopProduct-link woocommerce-loop-product__link\"><img loading=\"lazy\" decoding=\"async\" width=\"324\" height=\"324\" src=\"https:\/\/sysmatec.ch\/wp-content\/uploads\/2021\/03\/EnregistreurLora_Tecnosoft-324x324.jpg\" class=\"attachment-woocommerce_thumbnail size-woocommerce_thumbnail\" alt=\"Temperatur, Luftfeuchtigkeit, Druck und Licht - Funk\u00fcberwachung mit Lo.Ra. (DeepWave)\" srcset=\"https:\/\/sysmatec.ch\/wp-content\/uploads\/2021\/03\/EnregistreurLora_Tecnosoft-324x324.jpg 324w, https:\/\/sysmatec.ch\/wp-content\/uploads\/2021\/03\/EnregistreurLora_Tecnosoft-100x100.jpg 100w, https:\/\/sysmatec.ch\/wp-content\/uploads\/2021\/03\/EnregistreurLora_Tecnosoft-150x150.jpg 150w\" sizes=\"auto, (max-width: 324px) 100vw, 324px\" \/><h2 class=\"woocommerce-loop-product__title\">Temperatur, Luftfeuchtigkeit, Druck und Licht &#8211; Funk\u00fcberwachung mit Lo.Ra. (DeepWave)<\/h2>\n<\/a><a href=\"https:\/\/sysmatec.ch\/de\/Produkt\/temperatur-luftfeuchtigkeit-druck-und-licht-funkueberwachung-mit-lo-ra-deepwave\/\" aria-describedby=\"woocommerce_loop_add_to_cart_link_describedby_22463\" data-quantity=\"1\" class=\"button product_type_simple\" data-product_id=\"22463\" data-product_sku=\"\" aria-label=\"Lese mehr \u00fcber &#8222;Temperatur, Luftfeuchtigkeit, Druck und Licht - Funk\u00fcberwachung mit Lo.Ra. (DeepWave)&#8220;\" rel=\"nofollow\" data-success_message=\"\">Weiterlesen<\/a>\t<span id=\"woocommerce_loop_add_to_cart_link_describedby_22463\" class=\"screen-reader-text\">\n\t\t\t<\/span>\n<\/li>\n<li class=\"product type-product post-14451 status-publish instock product_cat-datenlogger product_cat-druck product_cat-feuchte product_cat-temperatur has-post-thumbnail taxable shipping-taxable product-type-simple\">\n\t<a href=\"https:\/\/sysmatec.ch\/de\/Produkt\/multifunktion-datenlogger\/\" class=\"woocommerce-LoopProduct-link woocommerce-loop-product__link\"><img loading=\"lazy\" decoding=\"async\" width=\"324\" height=\"324\" src=\"https:\/\/sysmatec.ch\/wp-content\/uploads\/2019\/12\/Enregistreur_ELSIE1-324x324.jpg\" class=\"attachment-woocommerce_thumbnail size-woocommerce_thumbnail\" alt=\"Multifunktion Datenlogger\" srcset=\"https:\/\/sysmatec.ch\/wp-content\/uploads\/2019\/12\/Enregistreur_ELSIE1-324x324.jpg 324w, https:\/\/sysmatec.ch\/wp-content\/uploads\/2019\/12\/Enregistreur_ELSIE1-100x100.jpg 100w, https:\/\/sysmatec.ch\/wp-content\/uploads\/2019\/12\/Enregistreur_ELSIE1-150x150.jpg 150w\" sizes=\"auto, (max-width: 324px) 100vw, 324px\" \/><h2 class=\"woocommerce-loop-product__title\">Multifunktion Datenlogger<\/h2>\n<\/a><a href=\"https:\/\/sysmatec.ch\/de\/Produkt\/multifunktion-datenlogger\/\" aria-describedby=\"woocommerce_loop_add_to_cart_link_describedby_14451\" data-quantity=\"1\" class=\"button product_type_simple\" data-product_id=\"14451\" data-product_sku=\"\" aria-label=\"Lese mehr \u00fcber &#8222;Multifunktion Datenlogger&#8220;\" rel=\"nofollow\" data-success_message=\"\">Weiterlesen<\/a>\t<span id=\"woocommerce_loop_add_to_cart_link_describedby_14451\" class=\"screen-reader-text\">\n\t\t\t<\/span>\n<\/li>\n<li class=\"product type-product post-3384 status-publish instock product_cat-beschleunigung product_cat-datenlogger product_cat-druck product_cat-feuchte product_cat-licht product_cat-temperatur product_cat-universal-datenlogger has-post-thumbnail taxable shipping-taxable product-type-simple\">\n\t<a href=\"https:\/\/sysmatec.ch\/de\/Produkt\/datalogger-fuer-temperatur-feuchte-druck-helligkeit-beschleunigung-msr145\/\" class=\"woocommerce-LoopProduct-link woocommerce-loop-product__link\"><img loading=\"lazy\" decoding=\"async\" width=\"183\" height=\"122\" src=\"https:\/\/sysmatec.ch\/wp-content\/uploads\/2019\/02\/Enregistreur_MSR145S.jpg\" class=\"attachment-woocommerce_thumbnail size-woocommerce_thumbnail\" alt=\"Datalogger f\u00fcr Temperatur, Feuchte, Druck, Helligkeit und Beschleunigung MSR145\" \/><h2 class=\"woocommerce-loop-product__title\">Datalogger f\u00fcr Temperatur, Feuchte, Druck, Helligkeit und Beschleunigung MSR145<\/h2>\n<\/a><a href=\"https:\/\/sysmatec.ch\/de\/Produkt\/datalogger-fuer-temperatur-feuchte-druck-helligkeit-beschleunigung-msr145\/\" aria-describedby=\"woocommerce_loop_add_to_cart_link_describedby_3384\" data-quantity=\"1\" class=\"button product_type_simple\" data-product_id=\"3384\" data-product_sku=\"\" aria-label=\"Lese mehr \u00fcber &#8222;Datalogger f\u00fcr Temperatur, Feuchte, Druck, Helligkeit und Beschleunigung MSR145&#8220;\" rel=\"nofollow\" data-success_message=\"\">Weiterlesen<\/a>\t<span id=\"woocommerce_loop_add_to_cart_link_describedby_3384\" class=\"screen-reader-text\">\n\t\t\t<\/span>\n<\/li>\n<li class=\"product type-product post-3483 status-publish last instock product_cat-beschleunigung product_cat-datenlogger product_cat-druck product_cat-feuchte product_cat-licht product_cat-temperatur has-post-thumbnail taxable shipping-taxable product-type-simple\">\n\t<a href=\"https:\/\/sysmatec.ch\/de\/Produkt\/temperatur-feuchtigkeits-druck-licht-beschleunigungs-logger-msr145wd\/\" class=\"woocommerce-LoopProduct-link woocommerce-loop-product__link\"><img loading=\"lazy\" decoding=\"async\" width=\"187\" height=\"114\" src=\"https:\/\/sysmatec.ch\/wp-content\/uploads\/2019\/02\/Enregistreur_MSR145WD.jpg\" class=\"attachment-woocommerce_thumbnail size-woocommerce_thumbnail\" alt=\"Temperatur-, Feuchtigkeits-, Druck-, Licht- und Beschleunigungslogger MSR145WD\" \/><h2 class=\"woocommerce-loop-product__title\">Temperatur-, Feuchtigkeits-, Druck-, Licht- und Beschleunigungslogger MSR145WD<\/h2>\n<\/a><a href=\"https:\/\/sysmatec.ch\/de\/Produkt\/temperatur-feuchtigkeits-druck-licht-beschleunigungs-logger-msr145wd\/\" aria-describedby=\"woocommerce_loop_add_to_cart_link_describedby_3483\" data-quantity=\"1\" class=\"button product_type_simple\" data-product_id=\"3483\" data-product_sku=\"\" aria-label=\"Lese mehr \u00fcber &#8222;Temperatur-, Feuchtigkeits-, Druck-, Licht- und Beschleunigungslogger MSR145WD&#8220;\" rel=\"nofollow\" data-success_message=\"\">Weiterlesen<\/a>\t<span id=\"woocommerce_loop_add_to_cart_link_describedby_3483\" class=\"screen-reader-text\">\n\t\t\t<\/span>\n<\/li>\n<li class=\"product type-product post-14124 status-publish first instock product_cat-beschleunigung product_cat-datenlogger product_cat-druck product_cat-feuchte product_cat-licht product_cat-temperatur has-post-thumbnail taxable shipping-taxable product-type-simple\">\n\t<a href=\"https:\/\/sysmatec.ch\/de\/Produkt\/temperatur-feuchtigkeit-druck-licht-und-beschleunigung-logger-wifi-msr145w2d\/\" class=\"woocommerce-LoopProduct-link woocommerce-loop-product__link\"><img loading=\"lazy\" decoding=\"async\" width=\"187\" height=\"114\" src=\"https:\/\/sysmatec.ch\/wp-content\/uploads\/2019\/02\/Enregistreur_MSR145WD.jpg\" class=\"attachment-woocommerce_thumbnail size-woocommerce_thumbnail\" alt=\"Temperatur-, Feuchtigkeit-, Druck-, Licht- und Beschleunigung- Logger WIFI MSR145W2D\" \/><h2 class=\"woocommerce-loop-product__title\">Temperatur-, Feuchtigkeit-, Druck-, Licht- und Beschleunigung- Logger WIFI MSR145W2D<\/h2>\n<\/a><a href=\"https:\/\/sysmatec.ch\/de\/Produkt\/temperatur-feuchtigkeit-druck-licht-und-beschleunigung-logger-wifi-msr145w2d\/\" aria-describedby=\"woocommerce_loop_add_to_cart_link_describedby_14124\" data-quantity=\"1\" class=\"button product_type_simple\" data-product_id=\"14124\" data-product_sku=\"\" aria-label=\"Lese mehr \u00fcber &#8222;Temperatur-, Feuchtigkeit-, Druck-, Licht- und Beschleunigung- Logger WIFI MSR145W2D&#8220;\" rel=\"nofollow\" data-success_message=\"\">Weiterlesen<\/a>\t<span id=\"woocommerce_loop_add_to_cart_link_describedby_14124\" class=\"screen-reader-text\">\n\t\t\t<\/span>\n<\/li>\n<li class=\"product type-product post-8741 status-publish instock product_cat-beschleunigung product_cat-datenlogger product_cat-druck product_cat-feuchte product_cat-temperatur product_cat-universal-datenlogger has-post-thumbnail taxable shipping-taxable product-type-simple\">\n\t<a href=\"https:\/\/sysmatec.ch\/de\/Produkt\/temperatur-feuchtigkeit-druck-beschleunigung-strom-spannung-logger-msr160\/\" class=\"woocommerce-LoopProduct-link woocommerce-loop-product__link\"><img loading=\"lazy\" decoding=\"async\" width=\"183\" height=\"248\" src=\"https:\/\/sysmatec.ch\/wp-content\/uploads\/2019\/07\/Enregistreur_MSR160.jpg\" class=\"attachment-woocommerce_thumbnail size-woocommerce_thumbnail\" alt=\"Temperatur-, Feuchtigkeit-, Druck-, Beschleunigung-, Strom- und Spannung- Logger MSR160\" \/><h2 class=\"woocommerce-loop-product__title\">Temperatur-, Feuchtigkeit-, Druck-, Beschleunigung-, Strom- und Spannung- Logger MSR160<\/h2>\n<\/a><a href=\"https:\/\/sysmatec.ch\/de\/Produkt\/temperatur-feuchtigkeit-druck-beschleunigung-strom-spannung-logger-msr160\/\" aria-describedby=\"woocommerce_loop_add_to_cart_link_describedby_8741\" data-quantity=\"1\" class=\"button product_type_simple\" data-product_id=\"8741\" data-product_sku=\"\" aria-label=\"Lese mehr \u00fcber &#8222;Temperatur-, Feuchtigkeit-, Druck-, Beschleunigung-, Strom- und Spannung- Logger MSR160&#8220;\" rel=\"nofollow\" data-success_message=\"\">Weiterlesen<\/a>\t<span id=\"woocommerce_loop_add_to_cart_link_describedby_8741\" class=\"screen-reader-text\">\n\t\t\t<\/span>\n<\/li>\n<li class=\"product type-product post-3517 status-publish instock product_cat-datenlogger product_cat-druck product_cat-feuchte product_cat-temperatur has-post-thumbnail taxable shipping-taxable product-type-simple\">\n\t<a href=\"https:\/\/sysmatec.ch\/de\/Produkt\/logger-fuer-temperatur-luftfeuchtigkeit-druck-msr385wd\/\" class=\"woocommerce-LoopProduct-link woocommerce-loop-product__link\"><img loading=\"lazy\" decoding=\"async\" width=\"181\" height=\"216\" src=\"https:\/\/sysmatec.ch\/wp-content\/uploads\/2019\/02\/Enregistreur_MSR385WD.jpg\" class=\"attachment-woocommerce_thumbnail size-woocommerce_thumbnail\" alt=\"Logger f\u00fcr Temperatur, Luftfeuchtigkeit und Druck MSR385WD\" \/><h2 class=\"woocommerce-loop-product__title\">Logger f\u00fcr Temperatur, Luftfeuchtigkeit und Druck MSR385WD<\/h2>\n<\/a><a href=\"https:\/\/sysmatec.ch\/de\/Produkt\/logger-fuer-temperatur-luftfeuchtigkeit-druck-msr385wd\/\" aria-describedby=\"woocommerce_loop_add_to_cart_link_describedby_3517\" data-quantity=\"1\" class=\"button product_type_simple\" data-product_id=\"3517\" data-product_sku=\"\" aria-label=\"Lese mehr \u00fcber &#8222;Logger f\u00fcr Temperatur, Luftfeuchtigkeit und Druck MSR385WD&#8220;\" rel=\"nofollow\" data-success_message=\"\">Weiterlesen<\/a>\t<span id=\"woocommerce_loop_add_to_cart_link_describedby_3517\" class=\"screen-reader-text\">\n\t\t\t<\/span>\n<\/li>\n<li class=\"product type-product post-6368 status-publish last instock product_cat-beschleunigung product_cat-datenlogger product_cat-druck product_cat-feuchte product_cat-licht product_cat-temperatur product_cat-universal-datenlogger has-post-thumbnail taxable shipping-taxable product-type-simple\">\n\t<a href=\"https:\/\/sysmatec.ch\/de\/Produkt\/licht-datalogger-msr165\/\" class=\"woocommerce-LoopProduct-link woocommerce-loop-product__link\"><img loading=\"lazy\" decoding=\"async\" width=\"175\" height=\"147\" src=\"https:\/\/sysmatec.ch\/wp-content\/uploads\/2019\/05\/Enregistreur_MSR165A.jpg\" class=\"attachment-woocommerce_thumbnail size-woocommerce_thumbnail\" alt=\"Beschleunigung und Schock Datalogger MSR165\" \/><h2 class=\"woocommerce-loop-product__title\">Beschleunigung und Schock Datalogger MSR165<\/h2>\n<\/a><a href=\"https:\/\/sysmatec.ch\/de\/Produkt\/licht-datalogger-msr165\/\" aria-describedby=\"woocommerce_loop_add_to_cart_link_describedby_6368\" data-quantity=\"1\" class=\"button product_type_simple\" data-product_id=\"6368\" data-product_sku=\"\" aria-label=\"Lese mehr \u00fcber &#8222;Beschleunigung und Schock Datalogger MSR165&#8220;\" rel=\"nofollow\" data-success_message=\"\">Weiterlesen<\/a>\t<span id=\"woocommerce_loop_add_to_cart_link_describedby_6368\" class=\"screen-reader-text\">\n\t\t\t<\/span>\n<\/li>\n<\/ul>\n<\/div><\/p>\n\n\n\n<p class=\"wp-block-paragraph\"><\/p>\n","protected":false},"excerpt":{"rendered":"<p>Ils enregistrent la pression. Certains d&#8217;entre eux peuvent enregistrer d&#8217;autres param\u00e8tres (temp\u00e9rature, humidi\u00e9, lumi\u00e8re, acc\u00e9l\u00e9ration\u2026)<\/p>\n","protected":false},"author":3,"featured_media":0,"parent":0,"menu_order":0,"comment_status":"closed","ping_status":"closed","template":"","meta":{"_crdt_document":"","footnotes":""},"class_list":["post-1670","page","type-page","status-publish","hentry"],"yoast_head":"<!-- This site is optimized with the Yoast SEO plugin v27.4 - https:\/\/yoast.com\/product\/yoast-seo-wordpress\/ -->\n<title>Druckdatenlogger - Sysmatec<\/title>\n<meta name=\"robots\" content=\"index, follow, max-snippet:-1, max-image-preview:large, max-video-preview:-1\" \/>\n<link rel=\"canonical\" href=\"https:\/\/sysmatec.ch\/de\/druckdatenlogger\/\" \/>\n<meta property=\"og:locale\" content=\"de_DE\" \/>\n<meta property=\"og:type\" content=\"article\" \/>\n<meta property=\"og:title\" content=\"Druckdatenlogger - Sysmatec\" \/>\n<meta property=\"og:description\" content=\"Ils enregistrent la pression. Certains d&#8217;entre eux peuvent enregistrer d&#8217;autres param\u00e8tres (temp\u00e9rature, humidi\u00e9, lumi\u00e8re, acc\u00e9l\u00e9ration\u2026)\" \/>\n<meta property=\"og:url\" content=\"https:\/\/sysmatec.ch\/de\/druckdatenlogger\/\" \/>\n<meta property=\"og:site_name\" content=\"Sysmatec\" \/>\n<meta property=\"article:modified_time\" content=\"2019-01-26T20:33:47+00:00\" \/>\n<meta name=\"twitter:card\" content=\"summary_large_image\" \/>\n<script type=\"application\/ld+json\" class=\"yoast-schema-graph\">{\"@context\":\"https:\\\/\\\/schema.org\",\"@graph\":[{\"@type\":\"WebPage\",\"@id\":\"https:\\\/\\\/sysmatec.ch\\\/de\\\/druckdatenlogger\\\/\",\"url\":\"https:\\\/\\\/sysmatec.ch\\\/de\\\/druckdatenlogger\\\/\",\"name\":\"Druckdatenlogger - Sysmatec\",\"isPartOf\":{\"@id\":\"https:\\\/\\\/sysmatec.ch\\\/de\\\/#website\"},\"datePublished\":\"2019-01-26T20:33:41+00:00\",\"dateModified\":\"2019-01-26T20:33:47+00:00\",\"breadcrumb\":{\"@id\":\"https:\\\/\\\/sysmatec.ch\\\/de\\\/druckdatenlogger\\\/#breadcrumb\"},\"inLanguage\":\"de\",\"potentialAction\":[{\"@type\":\"ReadAction\",\"target\":[\"https:\\\/\\\/sysmatec.ch\\\/de\\\/druckdatenlogger\\\/\"]}]},{\"@type\":\"BreadcrumbList\",\"@id\":\"https:\\\/\\\/sysmatec.ch\\\/de\\\/druckdatenlogger\\\/#breadcrumb\",\"itemListElement\":[{\"@type\":\"ListItem\",\"position\":1,\"name\":\"Accueil\",\"item\":\"https:\\\/\\\/sysmatec.ch\\\/de\\\/\"},{\"@type\":\"ListItem\",\"position\":2,\"name\":\"Druckdatenlogger\"}]},{\"@type\":\"WebSite\",\"@id\":\"https:\\\/\\\/sysmatec.ch\\\/de\\\/#website\",\"url\":\"https:\\\/\\\/sysmatec.ch\\\/de\\\/\",\"name\":\"Sysmatec\",\"description\":\"Equipement de laboratoire et logiciels\",\"publisher\":{\"@id\":\"https:\\\/\\\/sysmatec.ch\\\/de\\\/#organization\"},\"potentialAction\":[{\"@type\":\"SearchAction\",\"target\":{\"@type\":\"EntryPoint\",\"urlTemplate\":\"https:\\\/\\\/sysmatec.ch\\\/de\\\/?s={search_term_string}\"},\"query-input\":{\"@type\":\"PropertyValueSpecification\",\"valueRequired\":true,\"valueName\":\"search_term_string\"}}],\"inLanguage\":\"de\"},{\"@type\":\"Organization\",\"@id\":\"https:\\\/\\\/sysmatec.ch\\\/de\\\/#organization\",\"name\":\"Sysmatec\",\"url\":\"https:\\\/\\\/sysmatec.ch\\\/de\\\/\",\"logo\":{\"@type\":\"ImageObject\",\"inLanguage\":\"de\",\"@id\":\"https:\\\/\\\/sysmatec.ch\\\/de\\\/#\\\/schema\\\/logo\\\/image\\\/\",\"url\":\"https:\\\/\\\/sysmatec.ch\\\/wp-content\\\/uploads\\\/2018\\\/11\\\/LogoSysmatec.jpg\",\"contentUrl\":\"https:\\\/\\\/sysmatec.ch\\\/wp-content\\\/uploads\\\/2018\\\/11\\\/LogoSysmatec.jpg\",\"width\":301,\"height\":297,\"caption\":\"Sysmatec\"},\"image\":{\"@id\":\"https:\\\/\\\/sysmatec.ch\\\/de\\\/#\\\/schema\\\/logo\\\/image\\\/\"}}]}<\/script>\n<!-- \/ Yoast SEO plugin. -->","yoast_head_json":{"title":"Druckdatenlogger - Sysmatec","robots":{"index":"index","follow":"follow","max-snippet":"max-snippet:-1","max-image-preview":"max-image-preview:large","max-video-preview":"max-video-preview:-1"},"canonical":"https:\/\/sysmatec.ch\/de\/druckdatenlogger\/","og_locale":"de_DE","og_type":"article","og_title":"Druckdatenlogger - Sysmatec","og_description":"Ils enregistrent la pression. Certains d&#8217;entre eux peuvent enregistrer d&#8217;autres param\u00e8tres (temp\u00e9rature, humidi\u00e9, lumi\u00e8re, acc\u00e9l\u00e9ration\u2026)","og_url":"https:\/\/sysmatec.ch\/de\/druckdatenlogger\/","og_site_name":"Sysmatec","article_modified_time":"2019-01-26T20:33:47+00:00","twitter_card":"summary_large_image","schema":{"@context":"https:\/\/schema.org","@graph":[{"@type":"WebPage","@id":"https:\/\/sysmatec.ch\/de\/druckdatenlogger\/","url":"https:\/\/sysmatec.ch\/de\/druckdatenlogger\/","name":"Druckdatenlogger - Sysmatec","isPartOf":{"@id":"https:\/\/sysmatec.ch\/de\/#website"},"datePublished":"2019-01-26T20:33:41+00:00","dateModified":"2019-01-26T20:33:47+00:00","breadcrumb":{"@id":"https:\/\/sysmatec.ch\/de\/druckdatenlogger\/#breadcrumb"},"inLanguage":"de","potentialAction":[{"@type":"ReadAction","target":["https:\/\/sysmatec.ch\/de\/druckdatenlogger\/"]}]},{"@type":"BreadcrumbList","@id":"https:\/\/sysmatec.ch\/de\/druckdatenlogger\/#breadcrumb","itemListElement":[{"@type":"ListItem","position":1,"name":"Accueil","item":"https:\/\/sysmatec.ch\/de\/"},{"@type":"ListItem","position":2,"name":"Druckdatenlogger"}]},{"@type":"WebSite","@id":"https:\/\/sysmatec.ch\/de\/#website","url":"https:\/\/sysmatec.ch\/de\/","name":"Sysmatec","description":"Equipement de laboratoire et logiciels","publisher":{"@id":"https:\/\/sysmatec.ch\/de\/#organization"},"potentialAction":[{"@type":"SearchAction","target":{"@type":"EntryPoint","urlTemplate":"https:\/\/sysmatec.ch\/de\/?s={search_term_string}"},"query-input":{"@type":"PropertyValueSpecification","valueRequired":true,"valueName":"search_term_string"}}],"inLanguage":"de"},{"@type":"Organization","@id":"https:\/\/sysmatec.ch\/de\/#organization","name":"Sysmatec","url":"https:\/\/sysmatec.ch\/de\/","logo":{"@type":"ImageObject","inLanguage":"de","@id":"https:\/\/sysmatec.ch\/de\/#\/schema\/logo\/image\/","url":"https:\/\/sysmatec.ch\/wp-content\/uploads\/2018\/11\/LogoSysmatec.jpg","contentUrl":"https:\/\/sysmatec.ch\/wp-content\/uploads\/2018\/11\/LogoSysmatec.jpg","width":301,"height":297,"caption":"Sysmatec"},"image":{"@id":"https:\/\/sysmatec.ch\/de\/#\/schema\/logo\/image\/"}}]}},"_links":{"self":[{"href":"https:\/\/sysmatec.ch\/de\/wp-json\/wp\/v2\/pages\/1670","targetHints":{"allow":["GET"]}}],"collection":[{"href":"https:\/\/sysmatec.ch\/de\/wp-json\/wp\/v2\/pages"}],"about":[{"href":"https:\/\/sysmatec.ch\/de\/wp-json\/wp\/v2\/types\/page"}],"author":[{"embeddable":true,"href":"https:\/\/sysmatec.ch\/de\/wp-json\/wp\/v2\/users\/3"}],"replies":[{"embeddable":true,"href":"https:\/\/sysmatec.ch\/de\/wp-json\/wp\/v2\/comments?post=1670"}],"version-history":[{"count":1,"href":"https:\/\/sysmatec.ch\/de\/wp-json\/wp\/v2\/pages\/1670\/revisions"}],"predecessor-version":[{"id":1671,"href":"https:\/\/sysmatec.ch\/de\/wp-json\/wp\/v2\/pages\/1670\/revisions\/1671"}],"wp:attachment":[{"href":"https:\/\/sysmatec.ch\/de\/wp-json\/wp\/v2\/media?parent=1670"}],"curies":[{"name":"wp","href":"https:\/\/api.w.org\/{rel}","templated":true}]}}