{"id":1658,"date":"2019-01-26T21:15:29","date_gmt":"2019-01-26T20:15:29","guid":{"rendered":"https:\/\/sysmatec.ch\/?page_id=1658"},"modified":"2022-06-08T21:44:03","modified_gmt":"2022-06-08T19:44:03","slug":"luftkeimsammler","status":"publish","type":"page","link":"https:\/\/sysmatec.ch\/de\/luftkeimsammler\/","title":{"rendered":"Luftkeimsammler"},"content":{"rendered":"\n<p class=\"wp-block-paragraph\">Mit dem Luftkeimsammler k\u00f6nnen Sie Luftproben zur Analyse entnehmen. F\u00fcr mikrobiologische Analysen wird Luft durch ein Ger\u00e4t gesaugt, das mit kalibrierten \u00d6ffnungen durchbohrt ist. Die Partikel werden mit einer bestimmten Geschwindigkeit mitgerissen und treffen auf Schalen, die ein Kulturmedium enthalten. Diese Schalen werden inkubiert und die Z\u00e4hlung der Kolonien erm\u00f6glicht es, daraus den Grad der Kontamination der Umwelt abzuleiten.<\/p>\n\n\n\n<p class=\"wp-block-paragraph\"><div class=\"woocommerce columns-4 \"><ul class=\"products columns-4\">\n<li class=\"product type-product post-2346 status-publish first instock product_cat-luftkeimsammler has-post-thumbnail taxable shipping-taxable product-type-simple\">\n\t<a href=\"https:\/\/sysmatec.ch\/de\/Produkt\/mb1-luftkeimsammler\/\" class=\"woocommerce-LoopProduct-link woocommerce-loop-product__link\"><img loading=\"lazy\" decoding=\"async\" width=\"150\" height=\"139\" src=\"https:\/\/sysmatec.ch\/wp-content\/uploads\/2019\/01\/Bioareosol_CantiumMB1.jpg\" class=\"attachment-woocommerce_thumbnail size-woocommerce_thumbnail\" alt=\"MB1 Luftkeimsammler\" \/><h2 class=\"woocommerce-loop-product__title\">MB1 Luftkeimsammler<\/h2>\n<\/a><a href=\"https:\/\/sysmatec.ch\/de\/Produkt\/mb1-luftkeimsammler\/\" aria-describedby=\"woocommerce_loop_add_to_cart_link_describedby_2346\" data-quantity=\"1\" class=\"button product_type_simple\" data-product_id=\"2346\" data-product_sku=\"\" aria-label=\"Lese mehr \u00fcber &#8222;MB1 Luftkeimsammler&#8220;\" rel=\"nofollow\" data-success_message=\"\">Weiterlesen<\/a>\t<span id=\"woocommerce_loop_add_to_cart_link_describedby_2346\" class=\"screen-reader-text\">\n\t\t\t<\/span>\n<\/li>\n<li class=\"product type-product post-2343 status-publish instock product_cat-luftkeimsammler has-post-thumbnail taxable shipping-taxable product-type-simple\">\n\t<a href=\"https:\/\/sysmatec.ch\/de\/Produkt\/mb2-luftkeimsammler\/\" class=\"woocommerce-LoopProduct-link woocommerce-loop-product__link\"><img loading=\"lazy\" decoding=\"async\" width=\"154\" height=\"185\" src=\"https:\/\/sysmatec.ch\/wp-content\/uploads\/2019\/01\/Bioareosol_CantiumMB2.gif\" class=\"attachment-woocommerce_thumbnail size-woocommerce_thumbnail\" alt=\"MB2 Luftkeimsammler\" \/><h2 class=\"woocommerce-loop-product__title\">MB2 Luftkeimsammler<\/h2>\n<\/a><a href=\"https:\/\/sysmatec.ch\/de\/Produkt\/mb2-luftkeimsammler\/\" aria-describedby=\"woocommerce_loop_add_to_cart_link_describedby_2343\" data-quantity=\"1\" class=\"button product_type_simple\" data-product_id=\"2343\" data-product_sku=\"\" aria-label=\"Lese mehr \u00fcber &#8222;MB2 Luftkeimsammler&#8220;\" rel=\"nofollow\" data-success_message=\"\">Weiterlesen<\/a>\t<span id=\"woocommerce_loop_add_to_cart_link_describedby_2343\" class=\"screen-reader-text\">\n\t\t\t<\/span>\n<\/li>\n<li class=\"product type-product post-2340 status-publish instock product_cat-luftkeimsammler has-post-thumbnail taxable shipping-taxable product-type-simple\">\n\t<a href=\"https:\/\/sysmatec.ch\/de\/Produkt\/mb2-srh-air-luftkeimsammler\/\" class=\"woocommerce-LoopProduct-link woocommerce-loop-product__link\"><img loading=\"lazy\" decoding=\"async\" width=\"155\" height=\"147\" src=\"https:\/\/sysmatec.ch\/wp-content\/uploads\/2019\/01\/Bioareosol_CantiumMB2SRH.jpg\" class=\"attachment-woocommerce_thumbnail size-woocommerce_thumbnail\" alt=\"MB2-SRH Air Luftkeimsammler\" \/><h2 class=\"woocommerce-loop-product__title\">MB2-SRH Air Luftkeimsammler<\/h2>\n<\/a><a href=\"https:\/\/sysmatec.ch\/de\/Produkt\/mb2-srh-air-luftkeimsammler\/\" aria-describedby=\"woocommerce_loop_add_to_cart_link_describedby_2340\" data-quantity=\"1\" class=\"button product_type_simple\" data-product_id=\"2340\" data-product_sku=\"\" aria-label=\"Lese mehr \u00fcber &#8222;MB2-SRH Air Luftkeimsammler&#8220;\" rel=\"nofollow\" data-success_message=\"\">Weiterlesen<\/a>\t<span id=\"woocommerce_loop_add_to_cart_link_describedby_2340\" class=\"screen-reader-text\">\n\t\t\t<\/span>\n<\/li>\n<li class=\"product type-product post-2335 status-publish last instock product_cat-luftkeimsammler has-post-thumbnail taxable shipping-taxable product-type-simple\">\n\t<a href=\"https:\/\/sysmatec.ch\/de\/Produkt\/microbio-mb2-hiflow-luftkeimsammler\/\" class=\"woocommerce-LoopProduct-link woocommerce-loop-product__link\"><img loading=\"lazy\" decoding=\"async\" width=\"132\" height=\"254\" src=\"https:\/\/sysmatec.ch\/wp-content\/uploads\/2019\/01\/Bioareosol_CantiumMB2HiFlow.jpg\" class=\"attachment-woocommerce_thumbnail size-woocommerce_thumbnail\" alt=\"MicroBio MB2-HiFlow Luftkeimsammler\" \/><h2 class=\"woocommerce-loop-product__title\">MicroBio MB2-HiFlow Luftkeimsammler<\/h2>\n<\/a><a href=\"https:\/\/sysmatec.ch\/de\/Produkt\/microbio-mb2-hiflow-luftkeimsammler\/\" aria-describedby=\"woocommerce_loop_add_to_cart_link_describedby_2335\" data-quantity=\"1\" class=\"button product_type_simple\" data-product_id=\"2335\" data-product_sku=\"\" aria-label=\"Lese mehr \u00fcber &#8222;MicroBio MB2-HiFlow Luftkeimsammler&#8220;\" rel=\"nofollow\" data-success_message=\"\">Weiterlesen<\/a>\t<span id=\"woocommerce_loop_add_to_cart_link_describedby_2335\" class=\"screen-reader-text\">\n\t\t\t<\/span>\n<\/li>\n<li class=\"product type-product post-2332 status-publish first instock product_cat-luftkeimsammler has-post-thumbnail taxable shipping-taxable product-type-simple\">\n\t<a href=\"https:\/\/sysmatec.ch\/de\/Produkt\/microbio-validierungskit\/\" class=\"woocommerce-LoopProduct-link woocommerce-loop-product__link\"><img loading=\"lazy\" decoding=\"async\" width=\"188\" height=\"139\" src=\"https:\/\/sysmatec.ch\/wp-content\/uploads\/2019\/01\/Bioareosol_CantiumCalibration.jpg\" class=\"attachment-woocommerce_thumbnail size-woocommerce_thumbnail\" alt=\"Microbio Validierungskit\" \/><h2 class=\"woocommerce-loop-product__title\">Microbio Validierungskit<\/h2>\n<\/a><a href=\"https:\/\/sysmatec.ch\/de\/Produkt\/microbio-validierungskit\/\" aria-describedby=\"woocommerce_loop_add_to_cart_link_describedby_2332\" data-quantity=\"1\" class=\"button product_type_simple\" data-product_id=\"2332\" data-product_sku=\"\" aria-label=\"Lese mehr \u00fcber &#8222;Microbio Validierungskit&#8220;\" rel=\"nofollow\" data-success_message=\"\">Weiterlesen<\/a>\t<span id=\"woocommerce_loop_add_to_cart_link_describedby_2332\" class=\"screen-reader-text\">\n\t\t\t<\/span>\n<\/li>\n<\/ul>\n<\/div><\/p>\n","protected":false},"excerpt":{"rendered":"<p>Mit dem Luftkeimsammler k\u00f6nnen Sie Luftproben zur Analyse entnehmen. F\u00fcr mikrobiologische Analysen wird Luft durch ein Ger\u00e4t gesaugt, das mit kalibrierten \u00d6ffnungen durchbohrt ist. Die Partikel werden mit einer bestimmten Geschwindigkeit mitgerissen und treffen auf Schalen, die ein Kulturmedium enthalten. Diese Schalen werden inkubiert und die Z\u00e4hlung der Kolonien erm\u00f6glicht es, daraus den Grad der [&hellip;]<\/p>\n","protected":false},"author":3,"featured_media":0,"parent":0,"menu_order":0,"comment_status":"closed","ping_status":"closed","template":"","meta":{"_crdt_document":"","footnotes":""},"class_list":["post-1658","page","type-page","status-publish","hentry"],"yoast_head":"<!-- This site is optimized with the Yoast SEO plugin v27.5 - https:\/\/yoast.com\/product\/yoast-seo-wordpress\/ -->\n<title>Luftkeimsammler - Sysmatec<\/title>\n<meta name=\"description\" content=\"Der Luftkeimsammler erm\u00f6glicht die Entnahme von Luftproben im Hinblick auf deren Analyse, beispielsweise auf die mikrobiologische oder Partikelbelastung.\" \/>\n<meta name=\"robots\" content=\"index, follow, max-snippet:-1, max-image-preview:large, max-video-preview:-1\" \/>\n<link rel=\"canonical\" href=\"https:\/\/sysmatec.ch\/de\/luftkeimsammler\/\" \/>\n<meta property=\"og:locale\" content=\"de_DE\" \/>\n<meta property=\"og:type\" content=\"article\" \/>\n<meta property=\"og:title\" content=\"Luftkeimsammler - Sysmatec\" \/>\n<meta property=\"og:description\" content=\"Der Luftkeimsammler erm\u00f6glicht die Entnahme von Luftproben im Hinblick auf deren Analyse, beispielsweise auf die mikrobiologische oder Partikelbelastung.\" \/>\n<meta property=\"og:url\" content=\"https:\/\/sysmatec.ch\/de\/luftkeimsammler\/\" \/>\n<meta property=\"og:site_name\" content=\"Sysmatec\" \/>\n<meta property=\"article:modified_time\" content=\"2022-06-08T19:44:03+00:00\" \/>\n<meta name=\"twitter:card\" content=\"summary_large_image\" \/>\n<meta name=\"twitter:label1\" content=\"Gesch\u00e4tzte Lesezeit\" \/>\n\t<meta name=\"twitter:data1\" content=\"1\u00a0Minute\" \/>\n<script type=\"application\/ld+json\" class=\"yoast-schema-graph\">{\"@context\":\"https:\\\/\\\/schema.org\",\"@graph\":[{\"@type\":\"WebPage\",\"@id\":\"https:\\\/\\\/sysmatec.ch\\\/de\\\/luftkeimsammler\\\/\",\"url\":\"https:\\\/\\\/sysmatec.ch\\\/de\\\/luftkeimsammler\\\/\",\"name\":\"Luftkeimsammler - Sysmatec\",\"isPartOf\":{\"@id\":\"https:\\\/\\\/sysmatec.ch\\\/de\\\/#website\"},\"datePublished\":\"2019-01-26T20:15:29+00:00\",\"dateModified\":\"2022-06-08T19:44:03+00:00\",\"description\":\"Der Luftkeimsammler erm\u00f6glicht die Entnahme von Luftproben im Hinblick auf deren Analyse, beispielsweise auf die mikrobiologische oder Partikelbelastung.\",\"breadcrumb\":{\"@id\":\"https:\\\/\\\/sysmatec.ch\\\/de\\\/luftkeimsammler\\\/#breadcrumb\"},\"inLanguage\":\"de\",\"potentialAction\":[{\"@type\":\"ReadAction\",\"target\":[\"https:\\\/\\\/sysmatec.ch\\\/de\\\/luftkeimsammler\\\/\"]}]},{\"@type\":\"BreadcrumbList\",\"@id\":\"https:\\\/\\\/sysmatec.ch\\\/de\\\/luftkeimsammler\\\/#breadcrumb\",\"itemListElement\":[{\"@type\":\"ListItem\",\"position\":1,\"name\":\"Accueil\",\"item\":\"https:\\\/\\\/sysmatec.ch\\\/de\\\/\"},{\"@type\":\"ListItem\",\"position\":2,\"name\":\"Luftkeimsammler\"}]},{\"@type\":\"WebSite\",\"@id\":\"https:\\\/\\\/sysmatec.ch\\\/de\\\/#website\",\"url\":\"https:\\\/\\\/sysmatec.ch\\\/de\\\/\",\"name\":\"Sysmatec\",\"description\":\"Equipement de laboratoire et logiciels\",\"publisher\":{\"@id\":\"https:\\\/\\\/sysmatec.ch\\\/de\\\/#organization\"},\"potentialAction\":[{\"@type\":\"SearchAction\",\"target\":{\"@type\":\"EntryPoint\",\"urlTemplate\":\"https:\\\/\\\/sysmatec.ch\\\/de\\\/?s={search_term_string}\"},\"query-input\":{\"@type\":\"PropertyValueSpecification\",\"valueRequired\":true,\"valueName\":\"search_term_string\"}}],\"inLanguage\":\"de\"},{\"@type\":\"Organization\",\"@id\":\"https:\\\/\\\/sysmatec.ch\\\/de\\\/#organization\",\"name\":\"Sysmatec\",\"url\":\"https:\\\/\\\/sysmatec.ch\\\/de\\\/\",\"logo\":{\"@type\":\"ImageObject\",\"inLanguage\":\"de\",\"@id\":\"https:\\\/\\\/sysmatec.ch\\\/de\\\/#\\\/schema\\\/logo\\\/image\\\/\",\"url\":\"https:\\\/\\\/sysmatec.ch\\\/wp-content\\\/uploads\\\/2018\\\/11\\\/LogoSysmatec.jpg\",\"contentUrl\":\"https:\\\/\\\/sysmatec.ch\\\/wp-content\\\/uploads\\\/2018\\\/11\\\/LogoSysmatec.jpg\",\"width\":301,\"height\":297,\"caption\":\"Sysmatec\"},\"image\":{\"@id\":\"https:\\\/\\\/sysmatec.ch\\\/de\\\/#\\\/schema\\\/logo\\\/image\\\/\"}}]}<\/script>\n<!-- \/ Yoast SEO plugin. -->","yoast_head_json":{"title":"Luftkeimsammler - Sysmatec","description":"Der Luftkeimsammler erm\u00f6glicht die Entnahme von Luftproben im Hinblick auf deren Analyse, beispielsweise auf die mikrobiologische oder Partikelbelastung.","robots":{"index":"index","follow":"follow","max-snippet":"max-snippet:-1","max-image-preview":"max-image-preview:large","max-video-preview":"max-video-preview:-1"},"canonical":"https:\/\/sysmatec.ch\/de\/luftkeimsammler\/","og_locale":"de_DE","og_type":"article","og_title":"Luftkeimsammler - Sysmatec","og_description":"Der Luftkeimsammler erm\u00f6glicht die Entnahme von Luftproben im Hinblick auf deren Analyse, beispielsweise auf die mikrobiologische oder Partikelbelastung.","og_url":"https:\/\/sysmatec.ch\/de\/luftkeimsammler\/","og_site_name":"Sysmatec","article_modified_time":"2022-06-08T19:44:03+00:00","twitter_card":"summary_large_image","twitter_misc":{"Gesch\u00e4tzte Lesezeit":"1\u00a0Minute"},"schema":{"@context":"https:\/\/schema.org","@graph":[{"@type":"WebPage","@id":"https:\/\/sysmatec.ch\/de\/luftkeimsammler\/","url":"https:\/\/sysmatec.ch\/de\/luftkeimsammler\/","name":"Luftkeimsammler - Sysmatec","isPartOf":{"@id":"https:\/\/sysmatec.ch\/de\/#website"},"datePublished":"2019-01-26T20:15:29+00:00","dateModified":"2022-06-08T19:44:03+00:00","description":"Der Luftkeimsammler erm\u00f6glicht die Entnahme von Luftproben im Hinblick auf deren Analyse, beispielsweise auf die mikrobiologische oder Partikelbelastung.","breadcrumb":{"@id":"https:\/\/sysmatec.ch\/de\/luftkeimsammler\/#breadcrumb"},"inLanguage":"de","potentialAction":[{"@type":"ReadAction","target":["https:\/\/sysmatec.ch\/de\/luftkeimsammler\/"]}]},{"@type":"BreadcrumbList","@id":"https:\/\/sysmatec.ch\/de\/luftkeimsammler\/#breadcrumb","itemListElement":[{"@type":"ListItem","position":1,"name":"Accueil","item":"https:\/\/sysmatec.ch\/de\/"},{"@type":"ListItem","position":2,"name":"Luftkeimsammler"}]},{"@type":"WebSite","@id":"https:\/\/sysmatec.ch\/de\/#website","url":"https:\/\/sysmatec.ch\/de\/","name":"Sysmatec","description":"Equipement de laboratoire et logiciels","publisher":{"@id":"https:\/\/sysmatec.ch\/de\/#organization"},"potentialAction":[{"@type":"SearchAction","target":{"@type":"EntryPoint","urlTemplate":"https:\/\/sysmatec.ch\/de\/?s={search_term_string}"},"query-input":{"@type":"PropertyValueSpecification","valueRequired":true,"valueName":"search_term_string"}}],"inLanguage":"de"},{"@type":"Organization","@id":"https:\/\/sysmatec.ch\/de\/#organization","name":"Sysmatec","url":"https:\/\/sysmatec.ch\/de\/","logo":{"@type":"ImageObject","inLanguage":"de","@id":"https:\/\/sysmatec.ch\/de\/#\/schema\/logo\/image\/","url":"https:\/\/sysmatec.ch\/wp-content\/uploads\/2018\/11\/LogoSysmatec.jpg","contentUrl":"https:\/\/sysmatec.ch\/wp-content\/uploads\/2018\/11\/LogoSysmatec.jpg","width":301,"height":297,"caption":"Sysmatec"},"image":{"@id":"https:\/\/sysmatec.ch\/de\/#\/schema\/logo\/image\/"}}]}},"_links":{"self":[{"href":"https:\/\/sysmatec.ch\/de\/wp-json\/wp\/v2\/pages\/1658","targetHints":{"allow":["GET"]}}],"collection":[{"href":"https:\/\/sysmatec.ch\/de\/wp-json\/wp\/v2\/pages"}],"about":[{"href":"https:\/\/sysmatec.ch\/de\/wp-json\/wp\/v2\/types\/page"}],"author":[{"embeddable":true,"href":"https:\/\/sysmatec.ch\/de\/wp-json\/wp\/v2\/users\/3"}],"replies":[{"embeddable":true,"href":"https:\/\/sysmatec.ch\/de\/wp-json\/wp\/v2\/comments?post=1658"}],"version-history":[{"count":2,"href":"https:\/\/sysmatec.ch\/de\/wp-json\/wp\/v2\/pages\/1658\/revisions"}],"predecessor-version":[{"id":21066,"href":"https:\/\/sysmatec.ch\/de\/wp-json\/wp\/v2\/pages\/1658\/revisions\/21066"}],"wp:attachment":[{"href":"https:\/\/sysmatec.ch\/de\/wp-json\/wp\/v2\/media?parent=1658"}],"curies":[{"name":"wp","href":"https:\/\/api.w.org\/{rel}","templated":true}]}}