{"id":1654,"date":"2019-01-26T21:11:24","date_gmt":"2019-01-26T20:11:24","guid":{"rendered":"https:\/\/sysmatec.ch\/?page_id=1654"},"modified":"2024-01-11T21:11:24","modified_gmt":"2024-01-11T20:11:24","slug":"reinstwasser","status":"publish","type":"page","link":"https:\/\/sysmatec.ch\/de\/reinstwasser\/","title":{"rendered":"Reines Wasser und Reinstwasser"},"content":{"rendered":"\n<p class=\"wp-block-paragraph\">Die folgenden Ger\u00e4te erm\u00f6glichen es, reines und hochreines Wasser, das den in der chemischen und pharmazeutischen Industrie geltenden Standards entspricht, direkt aus Leitungswasser oder demineralisiert zu erhalten. Dies sind Laborger\u00e4te. F\u00fcr gr\u00f6\u00dfere Installationen kontaktieren Sie uns bitte.<\/p>\n\n\n\n<p class=\"wp-block-paragraph\"><div class=\"woocommerce columns-4 \"><ul class=\"products columns-4\">\n<li class=\"product type-product post-8216 status-publish first instock product_cat-gebraucht product_cat-reinstwasser has-post-thumbnail taxable shipping-taxable product-type-simple\">\n\t<a href=\"https:\/\/sysmatec.ch\/de\/Produkt\/bioengineering-sterilisierbarer-tank\/\" class=\"woocommerce-LoopProduct-link woocommerce-loop-product__link\"><img loading=\"lazy\" decoding=\"async\" width=\"200\" height=\"238\" src=\"https:\/\/sysmatec.ch\/wp-content\/uploads\/2019\/06\/EauUltrapure_ChemiaLewatit-1.jpg\" class=\"attachment-woocommerce_thumbnail size-woocommerce_thumbnail\" alt=\"Bioengineering sterilisierbarer Tank\" \/><h2 class=\"woocommerce-loop-product__title\">Bioengineering sterilisierbarer Tank<\/h2>\n<\/a><a href=\"https:\/\/sysmatec.ch\/de\/Produkt\/bioengineering-sterilisierbarer-tank\/\" aria-describedby=\"woocommerce_loop_add_to_cart_link_describedby_8216\" data-quantity=\"1\" class=\"button product_type_simple\" data-product_id=\"8216\" data-product_sku=\"\" aria-label=\"Lese mehr \u00fcber &#8222;Bioengineering sterilisierbarer Tank&#8220;\" rel=\"nofollow\" data-success_message=\"\">Weiterlesen<\/a>\t<span id=\"woocommerce_loop_add_to_cart_link_describedby_8216\" class=\"screen-reader-text\">\n\t\t\t<\/span>\n<\/li>\n<li class=\"product type-product post-28934 status-publish instock product_cat-reinstwasser has-post-thumbnail taxable shipping-taxable product-type-simple\">\n\t<a href=\"https:\/\/sysmatec.ch\/de\/Produkt\/ionenaustauschersaeule-r2\/\" class=\"woocommerce-LoopProduct-link woocommerce-loop-product__link\"><img loading=\"lazy\" decoding=\"async\" width=\"324\" height=\"324\" src=\"https:\/\/sysmatec.ch\/wp-content\/uploads\/2024\/01\/R2-2022-600x600-1-324x324.jpg\" class=\"attachment-woocommerce_thumbnail size-woocommerce_thumbnail\" alt=\"Ionenaustauschers\u00e4ule R2\" srcset=\"https:\/\/sysmatec.ch\/wp-content\/uploads\/2024\/01\/R2-2022-600x600-1-324x324.jpg 324w, https:\/\/sysmatec.ch\/wp-content\/uploads\/2024\/01\/R2-2022-600x600-1-100x100.jpg 100w, https:\/\/sysmatec.ch\/wp-content\/uploads\/2024\/01\/R2-2022-600x600-1-416x416.jpg 416w, https:\/\/sysmatec.ch\/wp-content\/uploads\/2024\/01\/R2-2022-600x600-1-300x300.jpg 300w, https:\/\/sysmatec.ch\/wp-content\/uploads\/2024\/01\/R2-2022-600x600-1-150x150.jpg 150w, https:\/\/sysmatec.ch\/wp-content\/uploads\/2024\/01\/R2-2022-600x600-1.jpg 600w\" sizes=\"auto, (max-width: 324px) 100vw, 324px\" \/><h2 class=\"woocommerce-loop-product__title\">Ionenaustauschers\u00e4ule R2<\/h2>\n<\/a><a href=\"https:\/\/sysmatec.ch\/de\/Produkt\/ionenaustauschersaeule-r2\/\" aria-describedby=\"woocommerce_loop_add_to_cart_link_describedby_28934\" data-quantity=\"1\" class=\"button product_type_simple\" data-product_id=\"28934\" data-product_sku=\"\" aria-label=\"Lese mehr \u00fcber &#8222;Ionenaustauschers\u00e4ule R2&#8220;\" rel=\"nofollow\" data-success_message=\"\">Weiterlesen<\/a>\t<span id=\"woocommerce_loop_add_to_cart_link_describedby_28934\" class=\"screen-reader-text\">\n\t\t\t<\/span>\n<\/li>\n<li class=\"product type-product post-28920 status-publish instock product_cat-reinstwasser has-post-thumbnail taxable shipping-taxable product-type-simple\">\n\t<a href=\"https:\/\/sysmatec.ch\/de\/Produkt\/ionenaustauschsaeule-rmax\/\" class=\"woocommerce-LoopProduct-link woocommerce-loop-product__link\"><img loading=\"lazy\" decoding=\"async\" width=\"324\" height=\"324\" src=\"https:\/\/sysmatec.ch\/wp-content\/uploads\/2024\/01\/EauPure_MaxyRMAX-324x324.jpg\" class=\"attachment-woocommerce_thumbnail size-woocommerce_thumbnail\" alt=\"Ionenaustauschs\u00e4ule Rmax\" srcset=\"https:\/\/sysmatec.ch\/wp-content\/uploads\/2024\/01\/EauPure_MaxyRMAX-324x324.jpg 324w, https:\/\/sysmatec.ch\/wp-content\/uploads\/2024\/01\/EauPure_MaxyRMAX-100x100.jpg 100w, https:\/\/sysmatec.ch\/wp-content\/uploads\/2024\/01\/EauPure_MaxyRMAX-416x416.jpg 416w, https:\/\/sysmatec.ch\/wp-content\/uploads\/2024\/01\/EauPure_MaxyRMAX-300x300.jpg 300w, https:\/\/sysmatec.ch\/wp-content\/uploads\/2024\/01\/EauPure_MaxyRMAX-150x150.jpg 150w, https:\/\/sysmatec.ch\/wp-content\/uploads\/2024\/01\/EauPure_MaxyRMAX.jpg 600w\" sizes=\"auto, (max-width: 324px) 100vw, 324px\" \/><h2 class=\"woocommerce-loop-product__title\">Ionenaustauschs\u00e4ule Rmax<\/h2>\n<\/a><a href=\"https:\/\/sysmatec.ch\/de\/Produkt\/ionenaustauschsaeule-rmax\/\" aria-describedby=\"woocommerce_loop_add_to_cart_link_describedby_28920\" data-quantity=\"1\" class=\"button product_type_simple\" data-product_id=\"28920\" data-product_sku=\"\" aria-label=\"Lese mehr \u00fcber &#8222;Ionenaustauschs\u00e4ule Rmax&#8220;\" rel=\"nofollow\" data-success_message=\"\">Weiterlesen<\/a>\t<span id=\"woocommerce_loop_add_to_cart_link_describedby_28920\" class=\"screen-reader-text\">\n\t\t\t<\/span>\n<\/li>\n<li class=\"product type-product post-30627 status-publish last instock product_cat-reinstwasser has-post-thumbnail taxable shipping-taxable product-type-simple\">\n\t<a href=\"https:\/\/sysmatec.ch\/de\/Produkt\/reinstwasser-labaqua\/\" class=\"woocommerce-LoopProduct-link woocommerce-loop-product__link\"><img loading=\"lazy\" decoding=\"async\" width=\"324\" height=\"324\" src=\"https:\/\/sysmatec.ch\/wp-content\/uploads\/2025\/06\/EauUltraPure_LabquaBiosan1-324x324.jpg\" class=\"attachment-woocommerce_thumbnail size-woocommerce_thumbnail\" alt=\"Reinstwasser Labaqua\" srcset=\"https:\/\/sysmatec.ch\/wp-content\/uploads\/2025\/06\/EauUltraPure_LabquaBiosan1-324x324.jpg 324w, https:\/\/sysmatec.ch\/wp-content\/uploads\/2025\/06\/EauUltraPure_LabquaBiosan1-150x150.jpg 150w, https:\/\/sysmatec.ch\/wp-content\/uploads\/2025\/06\/EauUltraPure_LabquaBiosan1-100x100.jpg 100w\" sizes=\"auto, (max-width: 324px) 100vw, 324px\" \/><h2 class=\"woocommerce-loop-product__title\">Reinstwasser Labaqua<\/h2>\n<\/a><a href=\"https:\/\/sysmatec.ch\/de\/Produkt\/reinstwasser-labaqua\/\" aria-describedby=\"woocommerce_loop_add_to_cart_link_describedby_30627\" data-quantity=\"1\" class=\"button product_type_simple\" data-product_id=\"30627\" data-product_sku=\"\" aria-label=\"Lese mehr \u00fcber &#8222;Reinstwasser Labaqua&#8220;\" rel=\"nofollow\" data-success_message=\"\">Weiterlesen<\/a>\t<span id=\"woocommerce_loop_add_to_cart_link_describedby_30627\" class=\"screen-reader-text\">\n\t\t\t<\/span>\n<\/li>\n<li class=\"product type-product post-2154 status-publish first instock product_cat-reinstwasser has-post-thumbnail taxable shipping-taxable product-type-simple\">\n\t<a href=\"https:\/\/sysmatec.ch\/de\/Produkt\/reinstwasser-mit-millipore-direct-q3\/\" class=\"woocommerce-LoopProduct-link woocommerce-loop-product__link\"><img loading=\"lazy\" decoding=\"async\" width=\"150\" height=\"200\" src=\"https:\/\/sysmatec.ch\/wp-content\/uploads\/2019\/01\/EauUltrapure_MilliporeDirectQ3.jpg\" class=\"attachment-woocommerce_thumbnail size-woocommerce_thumbnail\" alt=\"Reinstwasser mit Millipore Direct-Q3\" \/><h2 class=\"woocommerce-loop-product__title\">Reinstwasser mit Millipore Direct-Q3<\/h2>\n<\/a><a href=\"https:\/\/sysmatec.ch\/de\/Produkt\/reinstwasser-mit-millipore-direct-q3\/\" aria-describedby=\"woocommerce_loop_add_to_cart_link_describedby_2154\" data-quantity=\"1\" class=\"button product_type_simple\" data-product_id=\"2154\" data-product_sku=\"\" aria-label=\"Lese mehr \u00fcber &#8222;Reinstwasser mit Millipore Direct-Q3&#8220;\" rel=\"nofollow\" data-success_message=\"\">Weiterlesen<\/a>\t<span id=\"woocommerce_loop_add_to_cart_link_describedby_2154\" class=\"screen-reader-text\">\n\t\t\t<\/span>\n<\/li>\n<li class=\"product type-product post-2150 status-publish instock product_cat-reinstwasser has-post-thumbnail taxable shipping-taxable product-type-simple\">\n\t<a href=\"https:\/\/sysmatec.ch\/de\/Produkt\/simplicity-reinstwassersysteme\/\" class=\"woocommerce-LoopProduct-link woocommerce-loop-product__link\"><img loading=\"lazy\" decoding=\"async\" width=\"150\" height=\"200\" src=\"https:\/\/sysmatec.ch\/wp-content\/uploads\/2019\/01\/EauUltrapure_MilliporeSimplicity.jpg\" class=\"attachment-woocommerce_thumbnail size-woocommerce_thumbnail\" alt=\"Simplicity\u00ae Reinstwassersysteme\" \/><h2 class=\"woocommerce-loop-product__title\">Simplicity\u00ae Reinstwassersysteme<\/h2>\n<\/a><a href=\"https:\/\/sysmatec.ch\/de\/Produkt\/simplicity-reinstwassersysteme\/\" aria-describedby=\"woocommerce_loop_add_to_cart_link_describedby_2150\" data-quantity=\"1\" class=\"button product_type_simple\" data-product_id=\"2150\" data-product_sku=\"\" aria-label=\"Lese mehr \u00fcber &#8222;Simplicity\u00ae Reinstwassersysteme&#8220;\" rel=\"nofollow\" data-success_message=\"\">Weiterlesen<\/a>\t<span id=\"woocommerce_loop_add_to_cart_link_describedby_2150\" class=\"screen-reader-text\">\n\t\t\t<\/span>\n<\/li>\n<li class=\"product type-product post-2148 status-publish instock product_cat-reinstwasser has-post-thumbnail taxable shipping-taxable product-type-simple\">\n\t<a href=\"https:\/\/sysmatec.ch\/de\/Produkt\/entionisertes-wasser-system-wpl-ro\/\" class=\"woocommerce-LoopProduct-link woocommerce-loop-product__link\"><img loading=\"lazy\" decoding=\"async\" width=\"193\" height=\"225\" src=\"https:\/\/sysmatec.ch\/wp-content\/uploads\/2019\/01\/EauUltrapure_MRCLabWPL-RO-15.jpg\" class=\"attachment-woocommerce_thumbnail size-woocommerce_thumbnail\" alt=\"Entionisertes-Wasser-System WPL-RO\" \/><h2 class=\"woocommerce-loop-product__title\">Entionisertes-Wasser-System WPL-RO<\/h2>\n<\/a><a href=\"https:\/\/sysmatec.ch\/de\/Produkt\/entionisertes-wasser-system-wpl-ro\/\" aria-describedby=\"woocommerce_loop_add_to_cart_link_describedby_2148\" data-quantity=\"1\" class=\"button product_type_simple\" data-product_id=\"2148\" data-product_sku=\"\" aria-label=\"Lese mehr \u00fcber &#8222;Entionisertes-Wasser-System WPL-RO&#8220;\" rel=\"nofollow\" data-success_message=\"\">Weiterlesen<\/a>\t<span id=\"woocommerce_loop_add_to_cart_link_describedby_2148\" class=\"screen-reader-text\">\n\t\t\t<\/span>\n<\/li>\n<\/ul>\n<\/div><\/p>\n","protected":false},"excerpt":{"rendered":"<p>Die folgenden Ger\u00e4te erm\u00f6glichen es, reines und hochreines Wasser, das den in der chemischen und pharmazeutischen Industrie geltenden Standards entspricht, direkt aus Leitungswasser oder demineralisiert zu erhalten. Dies sind Laborger\u00e4te. F\u00fcr gr\u00f6\u00dfere Installationen kontaktieren Sie uns bitte.<\/p>\n","protected":false},"author":3,"featured_media":0,"parent":0,"menu_order":0,"comment_status":"closed","ping_status":"closed","template":"","meta":{"_crdt_document":"","footnotes":""},"class_list":["post-1654","page","type-page","status-publish","hentry"],"yoast_head":"<!-- This site is optimized with the Yoast SEO plugin v27.3 - https:\/\/yoast.com\/product\/yoast-seo-wordpress\/ -->\n<title>Reines Wasser und Reinstwasser - Sysmatec<\/title>\n<meta name=\"description\" content=\"Diese Ger\u00e4te erm\u00f6glichen die Gewinnung von Reinstwasser direkt aus Leitungswasser oder demineralisiertem Wasser.\" \/>\n<meta name=\"robots\" content=\"index, follow, max-snippet:-1, max-image-preview:large, max-video-preview:-1\" \/>\n<link rel=\"canonical\" href=\"https:\/\/sysmatec.ch\/de\/reinstwasser\/\" \/>\n<meta property=\"og:locale\" content=\"de_DE\" \/>\n<meta property=\"og:type\" content=\"article\" \/>\n<meta property=\"og:title\" content=\"Reines Wasser und Reinstwasser - Sysmatec\" \/>\n<meta property=\"og:description\" content=\"Diese Ger\u00e4te erm\u00f6glichen die Gewinnung von Reinstwasser direkt aus Leitungswasser oder demineralisiertem Wasser.\" \/>\n<meta property=\"og:url\" content=\"https:\/\/sysmatec.ch\/de\/reinstwasser\/\" \/>\n<meta property=\"og:site_name\" content=\"Sysmatec\" \/>\n<meta property=\"article:modified_time\" content=\"2024-01-11T20:11:24+00:00\" \/>\n<meta name=\"twitter:card\" content=\"summary_large_image\" \/>\n<meta name=\"twitter:label1\" content=\"Gesch\u00e4tzte Lesezeit\" \/>\n\t<meta name=\"twitter:data1\" content=\"1\u00a0Minute\" \/>\n<script type=\"application\/ld+json\" class=\"yoast-schema-graph\">{\"@context\":\"https:\\\/\\\/schema.org\",\"@graph\":[{\"@type\":\"WebPage\",\"@id\":\"https:\\\/\\\/sysmatec.ch\\\/de\\\/reinstwasser\\\/\",\"url\":\"https:\\\/\\\/sysmatec.ch\\\/de\\\/reinstwasser\\\/\",\"name\":\"Reines Wasser und Reinstwasser - Sysmatec\",\"isPartOf\":{\"@id\":\"https:\\\/\\\/sysmatec.ch\\\/de\\\/#website\"},\"datePublished\":\"2019-01-26T20:11:24+00:00\",\"dateModified\":\"2024-01-11T20:11:24+00:00\",\"description\":\"Diese Ger\u00e4te erm\u00f6glichen die Gewinnung von Reinstwasser direkt aus Leitungswasser oder demineralisiertem Wasser.\",\"breadcrumb\":{\"@id\":\"https:\\\/\\\/sysmatec.ch\\\/de\\\/reinstwasser\\\/#breadcrumb\"},\"inLanguage\":\"de\",\"potentialAction\":[{\"@type\":\"ReadAction\",\"target\":[\"https:\\\/\\\/sysmatec.ch\\\/de\\\/reinstwasser\\\/\"]}]},{\"@type\":\"BreadcrumbList\",\"@id\":\"https:\\\/\\\/sysmatec.ch\\\/de\\\/reinstwasser\\\/#breadcrumb\",\"itemListElement\":[{\"@type\":\"ListItem\",\"position\":1,\"name\":\"Accueil\",\"item\":\"https:\\\/\\\/sysmatec.ch\\\/de\\\/\"},{\"@type\":\"ListItem\",\"position\":2,\"name\":\"Reines Wasser und Reinstwasser\"}]},{\"@type\":\"WebSite\",\"@id\":\"https:\\\/\\\/sysmatec.ch\\\/de\\\/#website\",\"url\":\"https:\\\/\\\/sysmatec.ch\\\/de\\\/\",\"name\":\"Sysmatec\",\"description\":\"Equipement de laboratoire et logiciels\",\"publisher\":{\"@id\":\"https:\\\/\\\/sysmatec.ch\\\/de\\\/#organization\"},\"potentialAction\":[{\"@type\":\"SearchAction\",\"target\":{\"@type\":\"EntryPoint\",\"urlTemplate\":\"https:\\\/\\\/sysmatec.ch\\\/de\\\/?s={search_term_string}\"},\"query-input\":{\"@type\":\"PropertyValueSpecification\",\"valueRequired\":true,\"valueName\":\"search_term_string\"}}],\"inLanguage\":\"de\"},{\"@type\":\"Organization\",\"@id\":\"https:\\\/\\\/sysmatec.ch\\\/de\\\/#organization\",\"name\":\"Sysmatec\",\"url\":\"https:\\\/\\\/sysmatec.ch\\\/de\\\/\",\"logo\":{\"@type\":\"ImageObject\",\"inLanguage\":\"de\",\"@id\":\"https:\\\/\\\/sysmatec.ch\\\/de\\\/#\\\/schema\\\/logo\\\/image\\\/\",\"url\":\"https:\\\/\\\/sysmatec.ch\\\/wp-content\\\/uploads\\\/2018\\\/11\\\/LogoSysmatec.jpg\",\"contentUrl\":\"https:\\\/\\\/sysmatec.ch\\\/wp-content\\\/uploads\\\/2018\\\/11\\\/LogoSysmatec.jpg\",\"width\":301,\"height\":297,\"caption\":\"Sysmatec\"},\"image\":{\"@id\":\"https:\\\/\\\/sysmatec.ch\\\/de\\\/#\\\/schema\\\/logo\\\/image\\\/\"}}]}<\/script>\n<!-- \/ Yoast SEO plugin. -->","yoast_head_json":{"title":"Reines Wasser und Reinstwasser - Sysmatec","description":"Diese Ger\u00e4te erm\u00f6glichen die Gewinnung von Reinstwasser direkt aus Leitungswasser oder demineralisiertem Wasser.","robots":{"index":"index","follow":"follow","max-snippet":"max-snippet:-1","max-image-preview":"max-image-preview:large","max-video-preview":"max-video-preview:-1"},"canonical":"https:\/\/sysmatec.ch\/de\/reinstwasser\/","og_locale":"de_DE","og_type":"article","og_title":"Reines Wasser und Reinstwasser - Sysmatec","og_description":"Diese Ger\u00e4te erm\u00f6glichen die Gewinnung von Reinstwasser direkt aus Leitungswasser oder demineralisiertem Wasser.","og_url":"https:\/\/sysmatec.ch\/de\/reinstwasser\/","og_site_name":"Sysmatec","article_modified_time":"2024-01-11T20:11:24+00:00","twitter_card":"summary_large_image","twitter_misc":{"Gesch\u00e4tzte Lesezeit":"1\u00a0Minute"},"schema":{"@context":"https:\/\/schema.org","@graph":[{"@type":"WebPage","@id":"https:\/\/sysmatec.ch\/de\/reinstwasser\/","url":"https:\/\/sysmatec.ch\/de\/reinstwasser\/","name":"Reines Wasser und Reinstwasser - Sysmatec","isPartOf":{"@id":"https:\/\/sysmatec.ch\/de\/#website"},"datePublished":"2019-01-26T20:11:24+00:00","dateModified":"2024-01-11T20:11:24+00:00","description":"Diese Ger\u00e4te erm\u00f6glichen die Gewinnung von Reinstwasser direkt aus Leitungswasser oder demineralisiertem Wasser.","breadcrumb":{"@id":"https:\/\/sysmatec.ch\/de\/reinstwasser\/#breadcrumb"},"inLanguage":"de","potentialAction":[{"@type":"ReadAction","target":["https:\/\/sysmatec.ch\/de\/reinstwasser\/"]}]},{"@type":"BreadcrumbList","@id":"https:\/\/sysmatec.ch\/de\/reinstwasser\/#breadcrumb","itemListElement":[{"@type":"ListItem","position":1,"name":"Accueil","item":"https:\/\/sysmatec.ch\/de\/"},{"@type":"ListItem","position":2,"name":"Reines Wasser und Reinstwasser"}]},{"@type":"WebSite","@id":"https:\/\/sysmatec.ch\/de\/#website","url":"https:\/\/sysmatec.ch\/de\/","name":"Sysmatec","description":"Equipement de laboratoire et logiciels","publisher":{"@id":"https:\/\/sysmatec.ch\/de\/#organization"},"potentialAction":[{"@type":"SearchAction","target":{"@type":"EntryPoint","urlTemplate":"https:\/\/sysmatec.ch\/de\/?s={search_term_string}"},"query-input":{"@type":"PropertyValueSpecification","valueRequired":true,"valueName":"search_term_string"}}],"inLanguage":"de"},{"@type":"Organization","@id":"https:\/\/sysmatec.ch\/de\/#organization","name":"Sysmatec","url":"https:\/\/sysmatec.ch\/de\/","logo":{"@type":"ImageObject","inLanguage":"de","@id":"https:\/\/sysmatec.ch\/de\/#\/schema\/logo\/image\/","url":"https:\/\/sysmatec.ch\/wp-content\/uploads\/2018\/11\/LogoSysmatec.jpg","contentUrl":"https:\/\/sysmatec.ch\/wp-content\/uploads\/2018\/11\/LogoSysmatec.jpg","width":301,"height":297,"caption":"Sysmatec"},"image":{"@id":"https:\/\/sysmatec.ch\/de\/#\/schema\/logo\/image\/"}}]}},"_links":{"self":[{"href":"https:\/\/sysmatec.ch\/de\/wp-json\/wp\/v2\/pages\/1654","targetHints":{"allow":["GET"]}}],"collection":[{"href":"https:\/\/sysmatec.ch\/de\/wp-json\/wp\/v2\/pages"}],"about":[{"href":"https:\/\/sysmatec.ch\/de\/wp-json\/wp\/v2\/types\/page"}],"author":[{"embeddable":true,"href":"https:\/\/sysmatec.ch\/de\/wp-json\/wp\/v2\/users\/3"}],"replies":[{"embeddable":true,"href":"https:\/\/sysmatec.ch\/de\/wp-json\/wp\/v2\/comments?post=1654"}],"version-history":[{"count":4,"href":"https:\/\/sysmatec.ch\/de\/wp-json\/wp\/v2\/pages\/1654\/revisions"}],"predecessor-version":[{"id":28903,"href":"https:\/\/sysmatec.ch\/de\/wp-json\/wp\/v2\/pages\/1654\/revisions\/28903"}],"wp:attachment":[{"href":"https:\/\/sysmatec.ch\/de\/wp-json\/wp\/v2\/media?parent=1654"}],"curies":[{"name":"wp","href":"https:\/\/api.w.org\/{rel}","templated":true}]}}