{"id":1639,"date":"2019-01-26T20:52:08","date_gmt":"2019-01-26T19:52:08","guid":{"rendered":"https:\/\/sysmatec.ch\/?page_id=1639"},"modified":"2022-06-08T09:37:13","modified_gmt":"2022-06-08T07:37:13","slug":"kultur-von-anaeroben-und-mikroaeroben-mikroorganismen","status":"publish","type":"page","link":"https:\/\/sysmatec.ch\/de\/kultur-von-anaeroben-und-mikroaeroben-mikroorganismen\/","title":{"rendered":"Kulturen von anaeroben und mikroaeroben Mikroorganismen"},"content":{"rendered":"\n<p class=\"wp-block-paragraph\">Diese T\u00f6pfe erm\u00f6glichen die Kultur anaerober und mikroaerophiler Mikroorganismen. Eine Abnahme der O2-Konzentration kann schnell durch Ansaugen der enthaltenen Luft mit einer Pumpe erreicht werden. Sie haben auch Ventile zum Hinzuf\u00fcgen eines vordefinierten Gasgemisches.<\/p>\n\n\n\n<p class=\"wp-block-paragraph\"><div class=\"woocommerce columns-4 \"><ul class=\"products columns-4\">\n<li class=\"product type-product post-2205 status-publish first instock product_cat-anaerobe has-post-thumbnail taxable shipping-taxable product-type-simple\">\n\t<a href=\"https:\/\/sysmatec.ch\/de\/Produkt\/anaerobengefaesse\/\" class=\"woocommerce-LoopProduct-link woocommerce-loop-product__link\"><img loading=\"lazy\" decoding=\"async\" width=\"179\" height=\"194\" src=\"https:\/\/sysmatec.ch\/wp-content\/uploads\/2019\/01\/Jarre_Schuett1.jpg\" class=\"attachment-woocommerce_thumbnail size-woocommerce_thumbnail\" alt=\"Anaerobengef\u00e4\u00dfe\" \/><h2 class=\"woocommerce-loop-product__title\">Anaerobengef\u00e4\u00dfe<\/h2>\n<\/a><a href=\"https:\/\/sysmatec.ch\/de\/Produkt\/anaerobengefaesse\/\" aria-describedby=\"woocommerce_loop_add_to_cart_link_describedby_2205\" data-quantity=\"1\" class=\"button product_type_simple\" data-product_id=\"2205\" data-product_sku=\"\" aria-label=\"Lese mehr \u00fcber &#8222;Anaerobengef\u00e4\u00dfe&#8220;\" rel=\"nofollow\" data-success_message=\"\">Weiterlesen<\/a>\t<span id=\"woocommerce_loop_add_to_cart_link_describedby_2205\" class=\"screen-reader-text\">\n\t\t\t<\/span>\n<\/li>\n<li class=\"product type-product post-30015 status-publish instock product_cat-anaerobe has-post-thumbnail taxable shipping-taxable product-type-simple\">\n\t<a href=\"https:\/\/sysmatec.ch\/de\/Produkt\/anaerobes-gefaess-laj-a10\/\" class=\"woocommerce-LoopProduct-link woocommerce-loop-product__link\"><img loading=\"lazy\" decoding=\"async\" width=\"324\" height=\"324\" src=\"https:\/\/sysmatec.ch\/wp-content\/uploads\/2024\/09\/JarreAnaerobie_LAJA10Labtron-324x324.jpg\" class=\"attachment-woocommerce_thumbnail size-woocommerce_thumbnail\" alt=\"Anaerobes Gef\u00e4\u00df LAJ-A10\" srcset=\"https:\/\/sysmatec.ch\/wp-content\/uploads\/2024\/09\/JarreAnaerobie_LAJA10Labtron-324x324.jpg 324w, https:\/\/sysmatec.ch\/wp-content\/uploads\/2024\/09\/JarreAnaerobie_LAJA10Labtron-150x150.jpg 150w, https:\/\/sysmatec.ch\/wp-content\/uploads\/2024\/09\/JarreAnaerobie_LAJA10Labtron-100x100.jpg 100w\" sizes=\"auto, (max-width: 324px) 100vw, 324px\" \/><h2 class=\"woocommerce-loop-product__title\">Anaerobes Gef\u00e4\u00df LAJ-A10<\/h2>\n<\/a><a href=\"https:\/\/sysmatec.ch\/de\/Produkt\/anaerobes-gefaess-laj-a10\/\" aria-describedby=\"woocommerce_loop_add_to_cart_link_describedby_30015\" data-quantity=\"1\" class=\"button product_type_simple\" data-product_id=\"30015\" data-product_sku=\"\" aria-label=\"Lese mehr \u00fcber &#8222;Anaerobes Gef\u00e4\u00df LAJ-A10&#8220;\" rel=\"nofollow\" data-success_message=\"\">Weiterlesen<\/a>\t<span id=\"woocommerce_loop_add_to_cart_link_describedby_30015\" class=\"screen-reader-text\">\n\t\t\t<\/span>\n<\/li>\n<li class=\"product type-product post-7819 status-publish instock product_cat-anaerobe has-post-thumbnail taxable shipping-taxable product-type-simple\">\n\t<a href=\"https:\/\/sysmatec.ch\/de\/Produkt\/anaerobe-arbeitsstation-aw200sg\/\" class=\"woocommerce-LoopProduct-link woocommerce-loop-product__link\"><img loading=\"lazy\" decoding=\"async\" width=\"300\" height=\"300\" src=\"https:\/\/sysmatec.ch\/wp-content\/uploads\/2019\/06\/ChambreAnaerobie_MunroAW200SG.png\" class=\"attachment-woocommerce_thumbnail size-woocommerce_thumbnail\" alt=\"Anaerobe Arbeitsstation AW200SG\" srcset=\"https:\/\/sysmatec.ch\/wp-content\/uploads\/2019\/06\/ChambreAnaerobie_MunroAW200SG.png 300w, https:\/\/sysmatec.ch\/wp-content\/uploads\/2019\/06\/ChambreAnaerobie_MunroAW200SG-100x100.png 100w, https:\/\/sysmatec.ch\/wp-content\/uploads\/2019\/06\/ChambreAnaerobie_MunroAW200SG-150x150.png 150w\" sizes=\"auto, (max-width: 300px) 100vw, 300px\" \/><h2 class=\"woocommerce-loop-product__title\">Anaerobe Arbeitsstation AW200SG<\/h2>\n<\/a><a href=\"https:\/\/sysmatec.ch\/de\/Produkt\/anaerobe-arbeitsstation-aw200sg\/\" aria-describedby=\"woocommerce_loop_add_to_cart_link_describedby_7819\" data-quantity=\"1\" class=\"button product_type_simple\" data-product_id=\"7819\" data-product_sku=\"\" aria-label=\"Lese mehr \u00fcber &#8222;Anaerobe Arbeitsstation AW200SG&#8220;\" rel=\"nofollow\" data-success_message=\"\">Weiterlesen<\/a>\t<span id=\"woocommerce_loop_add_to_cart_link_describedby_7819\" class=\"screen-reader-text\">\n\t\t\t<\/span>\n<\/li>\n<li class=\"product type-product post-28023 status-publish last instock product_cat-anaerobe has-post-thumbnail taxable shipping-taxable product-type-simple\">\n\t<a href=\"https:\/\/sysmatec.ch\/de\/Produkt\/anaerobe-arbeitsstation-aw500sg\/\" class=\"woocommerce-LoopProduct-link woocommerce-loop-product__link\"><img loading=\"lazy\" decoding=\"async\" width=\"324\" height=\"324\" src=\"https:\/\/sysmatec.ch\/wp-content\/uploads\/2022\/08\/ChambreAnaerobie_MunroAW500SG-324x324.png\" class=\"attachment-woocommerce_thumbnail size-woocommerce_thumbnail\" alt=\"Anaerobe Arbeitsstation AW500SG\" srcset=\"https:\/\/sysmatec.ch\/wp-content\/uploads\/2022\/08\/ChambreAnaerobie_MunroAW500SG-324x324.png 324w, https:\/\/sysmatec.ch\/wp-content\/uploads\/2022\/08\/ChambreAnaerobie_MunroAW500SG-100x100.png 100w, https:\/\/sysmatec.ch\/wp-content\/uploads\/2022\/08\/ChambreAnaerobie_MunroAW500SG-150x150.png 150w\" sizes=\"auto, (max-width: 324px) 100vw, 324px\" \/><h2 class=\"woocommerce-loop-product__title\">Anaerobe Arbeitsstation AW500SG<\/h2>\n<\/a><a href=\"https:\/\/sysmatec.ch\/de\/Produkt\/anaerobe-arbeitsstation-aw500sg\/\" aria-describedby=\"woocommerce_loop_add_to_cart_link_describedby_28023\" data-quantity=\"1\" class=\"button product_type_simple\" data-product_id=\"28023\" data-product_sku=\"\" aria-label=\"Lese mehr \u00fcber &#8222;Anaerobe Arbeitsstation AW500SG&#8220;\" rel=\"nofollow\" data-success_message=\"\">Weiterlesen<\/a>\t<span id=\"woocommerce_loop_add_to_cart_link_describedby_28023\" class=\"screen-reader-text\">\n\t\t\t<\/span>\n<\/li>\n<\/ul>\n<\/div><\/p>\n","protected":false},"excerpt":{"rendered":"<p>Diese T\u00f6pfe erm\u00f6glichen die Kultur anaerober und mikroaerophiler Mikroorganismen. Eine Abnahme der O2-Konzentration kann schnell durch Ansaugen der enthaltenen Luft mit einer Pumpe erreicht werden. Sie haben auch Ventile zum Hinzuf\u00fcgen eines vordefinierten Gasgemisches.<\/p>\n","protected":false},"author":3,"featured_media":0,"parent":0,"menu_order":0,"comment_status":"closed","ping_status":"closed","template":"","meta":{"_crdt_document":"","footnotes":""},"class_list":["post-1639","page","type-page","status-publish","hentry"],"yoast_head":"<!-- This site is optimized with the Yoast SEO plugin v27.4 - https:\/\/yoast.com\/product\/yoast-seo-wordpress\/ -->\n<title>Kulturen von anaeroben und mikroaeroben Mikroorganismen - Sysmatec Diese T\u00f6pfe erm\u00f6glichen die Kultur anaerober und mikroaerophiler Mikroorganismen. Eine Abnahme der O2-Konzentration kann schnell durch Ansaugen der enthaltenen Luft mit einer Pumpe erreicht werden. Sie haben auch Ventile zum Hinzuf\u00fcgen eines vordefinierten Gasgemisches.<\/title>\n<meta name=\"description\" content=\"Gef\u00e4\u00dfe f\u00fcr die Kultivierung von anaeroben und mikroaerophilen Mikroorganismen. Anschlussm\u00f6glichkeit einer Vakuumpumpe.\" \/>\n<meta name=\"robots\" content=\"index, follow, max-snippet:-1, max-image-preview:large, max-video-preview:-1\" \/>\n<link rel=\"canonical\" href=\"https:\/\/sysmatec.ch\/de\/kultur-von-anaeroben-und-mikroaeroben-mikroorganismen\/\" \/>\n<meta property=\"og:locale\" content=\"de_DE\" \/>\n<meta property=\"og:type\" content=\"article\" \/>\n<meta property=\"og:title\" content=\"Kulturen von anaeroben und mikroaeroben Mikroorganismen - Sysmatec Diese T\u00f6pfe erm\u00f6glichen die Kultur anaerober und mikroaerophiler Mikroorganismen. Eine Abnahme der O2-Konzentration kann schnell durch Ansaugen der enthaltenen Luft mit einer Pumpe erreicht werden. Sie haben auch Ventile zum Hinzuf\u00fcgen eines vordefinierten Gasgemisches.\" \/>\n<meta property=\"og:description\" content=\"Gef\u00e4\u00dfe f\u00fcr die Kultivierung von anaeroben und mikroaerophilen Mikroorganismen. Anschlussm\u00f6glichkeit einer Vakuumpumpe.\" \/>\n<meta property=\"og:url\" content=\"https:\/\/sysmatec.ch\/de\/kultur-von-anaeroben-und-mikroaeroben-mikroorganismen\/\" \/>\n<meta property=\"og:site_name\" content=\"Sysmatec\" \/>\n<meta property=\"article:modified_time\" content=\"2022-06-08T07:37:13+00:00\" \/>\n<meta name=\"twitter:card\" content=\"summary_large_image\" \/>\n<meta name=\"twitter:label1\" content=\"Gesch\u00e4tzte Lesezeit\" \/>\n\t<meta name=\"twitter:data1\" content=\"1\u00a0Minute\" \/>\n<script type=\"application\/ld+json\" class=\"yoast-schema-graph\">{\"@context\":\"https:\\\/\\\/schema.org\",\"@graph\":[{\"@type\":\"WebPage\",\"@id\":\"https:\\\/\\\/sysmatec.ch\\\/de\\\/kultur-von-anaeroben-und-mikroaeroben-mikroorganismen\\\/\",\"url\":\"https:\\\/\\\/sysmatec.ch\\\/de\\\/kultur-von-anaeroben-und-mikroaeroben-mikroorganismen\\\/\",\"name\":\"Kulturen von anaeroben und mikroaeroben Mikroorganismen - Sysmatec Diese T\u00f6pfe erm\u00f6glichen die Kultur anaerober und mikroaerophiler Mikroorganismen. Eine Abnahme der O2-Konzentration kann schnell durch Ansaugen der enthaltenen Luft mit einer Pumpe erreicht werden. Sie haben auch Ventile zum Hinzuf\u00fcgen eines vordefinierten Gasgemisches.\",\"isPartOf\":{\"@id\":\"https:\\\/\\\/sysmatec.ch\\\/de\\\/#website\"},\"datePublished\":\"2019-01-26T19:52:08+00:00\",\"dateModified\":\"2022-06-08T07:37:13+00:00\",\"description\":\"Gef\u00e4\u00dfe f\u00fcr die Kultivierung von anaeroben und mikroaerophilen Mikroorganismen. Anschlussm\u00f6glichkeit einer Vakuumpumpe.\",\"breadcrumb\":{\"@id\":\"https:\\\/\\\/sysmatec.ch\\\/de\\\/kultur-von-anaeroben-und-mikroaeroben-mikroorganismen\\\/#breadcrumb\"},\"inLanguage\":\"de\",\"potentialAction\":[{\"@type\":\"ReadAction\",\"target\":[\"https:\\\/\\\/sysmatec.ch\\\/de\\\/kultur-von-anaeroben-und-mikroaeroben-mikroorganismen\\\/\"]}]},{\"@type\":\"BreadcrumbList\",\"@id\":\"https:\\\/\\\/sysmatec.ch\\\/de\\\/kultur-von-anaeroben-und-mikroaeroben-mikroorganismen\\\/#breadcrumb\",\"itemListElement\":[{\"@type\":\"ListItem\",\"position\":1,\"name\":\"Accueil\",\"item\":\"https:\\\/\\\/sysmatec.ch\\\/de\\\/\"},{\"@type\":\"ListItem\",\"position\":2,\"name\":\"Kulturen von anaeroben und mikroaeroben Mikroorganismen\"}]},{\"@type\":\"WebSite\",\"@id\":\"https:\\\/\\\/sysmatec.ch\\\/de\\\/#website\",\"url\":\"https:\\\/\\\/sysmatec.ch\\\/de\\\/\",\"name\":\"Sysmatec\",\"description\":\"Equipement de laboratoire et logiciels\",\"publisher\":{\"@id\":\"https:\\\/\\\/sysmatec.ch\\\/de\\\/#organization\"},\"potentialAction\":[{\"@type\":\"SearchAction\",\"target\":{\"@type\":\"EntryPoint\",\"urlTemplate\":\"https:\\\/\\\/sysmatec.ch\\\/de\\\/?s={search_term_string}\"},\"query-input\":{\"@type\":\"PropertyValueSpecification\",\"valueRequired\":true,\"valueName\":\"search_term_string\"}}],\"inLanguage\":\"de\"},{\"@type\":\"Organization\",\"@id\":\"https:\\\/\\\/sysmatec.ch\\\/de\\\/#organization\",\"name\":\"Sysmatec\",\"url\":\"https:\\\/\\\/sysmatec.ch\\\/de\\\/\",\"logo\":{\"@type\":\"ImageObject\",\"inLanguage\":\"de\",\"@id\":\"https:\\\/\\\/sysmatec.ch\\\/de\\\/#\\\/schema\\\/logo\\\/image\\\/\",\"url\":\"https:\\\/\\\/sysmatec.ch\\\/wp-content\\\/uploads\\\/2018\\\/11\\\/LogoSysmatec.jpg\",\"contentUrl\":\"https:\\\/\\\/sysmatec.ch\\\/wp-content\\\/uploads\\\/2018\\\/11\\\/LogoSysmatec.jpg\",\"width\":301,\"height\":297,\"caption\":\"Sysmatec\"},\"image\":{\"@id\":\"https:\\\/\\\/sysmatec.ch\\\/de\\\/#\\\/schema\\\/logo\\\/image\\\/\"}}]}<\/script>\n<!-- \/ Yoast SEO plugin. -->","yoast_head_json":{"title":"Kulturen von anaeroben und mikroaeroben Mikroorganismen - Sysmatec Diese T\u00f6pfe erm\u00f6glichen die Kultur anaerober und mikroaerophiler Mikroorganismen. Eine Abnahme der O2-Konzentration kann schnell durch Ansaugen der enthaltenen Luft mit einer Pumpe erreicht werden. Sie haben auch Ventile zum Hinzuf\u00fcgen eines vordefinierten Gasgemisches.","description":"Gef\u00e4\u00dfe f\u00fcr die Kultivierung von anaeroben und mikroaerophilen Mikroorganismen. Anschlussm\u00f6glichkeit einer Vakuumpumpe.","robots":{"index":"index","follow":"follow","max-snippet":"max-snippet:-1","max-image-preview":"max-image-preview:large","max-video-preview":"max-video-preview:-1"},"canonical":"https:\/\/sysmatec.ch\/de\/kultur-von-anaeroben-und-mikroaeroben-mikroorganismen\/","og_locale":"de_DE","og_type":"article","og_title":"Kulturen von anaeroben und mikroaeroben Mikroorganismen - Sysmatec Diese T\u00f6pfe erm\u00f6glichen die Kultur anaerober und mikroaerophiler Mikroorganismen. Eine Abnahme der O2-Konzentration kann schnell durch Ansaugen der enthaltenen Luft mit einer Pumpe erreicht werden. Sie haben auch Ventile zum Hinzuf\u00fcgen eines vordefinierten Gasgemisches.","og_description":"Gef\u00e4\u00dfe f\u00fcr die Kultivierung von anaeroben und mikroaerophilen Mikroorganismen. Anschlussm\u00f6glichkeit einer Vakuumpumpe.","og_url":"https:\/\/sysmatec.ch\/de\/kultur-von-anaeroben-und-mikroaeroben-mikroorganismen\/","og_site_name":"Sysmatec","article_modified_time":"2022-06-08T07:37:13+00:00","twitter_card":"summary_large_image","twitter_misc":{"Gesch\u00e4tzte Lesezeit":"1\u00a0Minute"},"schema":{"@context":"https:\/\/schema.org","@graph":[{"@type":"WebPage","@id":"https:\/\/sysmatec.ch\/de\/kultur-von-anaeroben-und-mikroaeroben-mikroorganismen\/","url":"https:\/\/sysmatec.ch\/de\/kultur-von-anaeroben-und-mikroaeroben-mikroorganismen\/","name":"Kulturen von anaeroben und mikroaeroben Mikroorganismen - Sysmatec Diese T\u00f6pfe erm\u00f6glichen die Kultur anaerober und mikroaerophiler Mikroorganismen. Eine Abnahme der O2-Konzentration kann schnell durch Ansaugen der enthaltenen Luft mit einer Pumpe erreicht werden. Sie haben auch Ventile zum Hinzuf\u00fcgen eines vordefinierten Gasgemisches.","isPartOf":{"@id":"https:\/\/sysmatec.ch\/de\/#website"},"datePublished":"2019-01-26T19:52:08+00:00","dateModified":"2022-06-08T07:37:13+00:00","description":"Gef\u00e4\u00dfe f\u00fcr die Kultivierung von anaeroben und mikroaerophilen Mikroorganismen. Anschlussm\u00f6glichkeit einer Vakuumpumpe.","breadcrumb":{"@id":"https:\/\/sysmatec.ch\/de\/kultur-von-anaeroben-und-mikroaeroben-mikroorganismen\/#breadcrumb"},"inLanguage":"de","potentialAction":[{"@type":"ReadAction","target":["https:\/\/sysmatec.ch\/de\/kultur-von-anaeroben-und-mikroaeroben-mikroorganismen\/"]}]},{"@type":"BreadcrumbList","@id":"https:\/\/sysmatec.ch\/de\/kultur-von-anaeroben-und-mikroaeroben-mikroorganismen\/#breadcrumb","itemListElement":[{"@type":"ListItem","position":1,"name":"Accueil","item":"https:\/\/sysmatec.ch\/de\/"},{"@type":"ListItem","position":2,"name":"Kulturen von anaeroben und mikroaeroben Mikroorganismen"}]},{"@type":"WebSite","@id":"https:\/\/sysmatec.ch\/de\/#website","url":"https:\/\/sysmatec.ch\/de\/","name":"Sysmatec","description":"Equipement de laboratoire et logiciels","publisher":{"@id":"https:\/\/sysmatec.ch\/de\/#organization"},"potentialAction":[{"@type":"SearchAction","target":{"@type":"EntryPoint","urlTemplate":"https:\/\/sysmatec.ch\/de\/?s={search_term_string}"},"query-input":{"@type":"PropertyValueSpecification","valueRequired":true,"valueName":"search_term_string"}}],"inLanguage":"de"},{"@type":"Organization","@id":"https:\/\/sysmatec.ch\/de\/#organization","name":"Sysmatec","url":"https:\/\/sysmatec.ch\/de\/","logo":{"@type":"ImageObject","inLanguage":"de","@id":"https:\/\/sysmatec.ch\/de\/#\/schema\/logo\/image\/","url":"https:\/\/sysmatec.ch\/wp-content\/uploads\/2018\/11\/LogoSysmatec.jpg","contentUrl":"https:\/\/sysmatec.ch\/wp-content\/uploads\/2018\/11\/LogoSysmatec.jpg","width":301,"height":297,"caption":"Sysmatec"},"image":{"@id":"https:\/\/sysmatec.ch\/de\/#\/schema\/logo\/image\/"}}]}},"_links":{"self":[{"href":"https:\/\/sysmatec.ch\/de\/wp-json\/wp\/v2\/pages\/1639","targetHints":{"allow":["GET"]}}],"collection":[{"href":"https:\/\/sysmatec.ch\/de\/wp-json\/wp\/v2\/pages"}],"about":[{"href":"https:\/\/sysmatec.ch\/de\/wp-json\/wp\/v2\/types\/page"}],"author":[{"embeddable":true,"href":"https:\/\/sysmatec.ch\/de\/wp-json\/wp\/v2\/users\/3"}],"replies":[{"embeddable":true,"href":"https:\/\/sysmatec.ch\/de\/wp-json\/wp\/v2\/comments?post=1639"}],"version-history":[{"count":2,"href":"https:\/\/sysmatec.ch\/de\/wp-json\/wp\/v2\/pages\/1639\/revisions"}],"predecessor-version":[{"id":21035,"href":"https:\/\/sysmatec.ch\/de\/wp-json\/wp\/v2\/pages\/1639\/revisions\/21035"}],"wp:attachment":[{"href":"https:\/\/sysmatec.ch\/de\/wp-json\/wp\/v2\/media?parent=1639"}],"curies":[{"name":"wp","href":"https:\/\/api.w.org\/{rel}","templated":true}]}}