{"id":1621,"date":"2019-01-26T20:31:07","date_gmt":"2019-01-26T19:31:07","guid":{"rendered":"https:\/\/sysmatec.ch\/?page_id=1621"},"modified":"2022-05-25T09:34:41","modified_gmt":"2022-05-25T07:34:41","slug":"koloniezahler","status":"publish","type":"page","link":"https:\/\/sysmatec.ch\/de\/koloniezahler\/","title":{"rendered":"Koloniez\u00e4hler"},"content":{"rendered":"\n<p class=\"wp-block-paragraph\">Der Kolonienz\u00e4hler erleichtert das Z\u00e4hlen der Kolonien auf der Petrischale. Die manuellen Versionen verf\u00fcgen \u00fcber Beleuchtung, eine Lupe und ein Z\u00e4hlsystem. Die automatischen Versionen (die wir auf Anfrage auch anbieten k\u00f6nnen) haben unterschiedliche Lichter, eine Videokamera, die digitale Aufnahmen erm\u00f6glicht. Die Software f\u00fchrt eine automatische Z\u00e4hlung durch. Fotos werden archiviert und k\u00f6nnen jederzeit wiederaufbereitet werden.<\/p>\n\n\n\n<p class=\"wp-block-paragraph\"><div class=\"woocommerce columns-4 \"><ul class=\"products columns-4\">\n<li class=\"product type-product post-28313 status-publish first instock product_cat-koloniezahler has-post-thumbnail taxable shipping-taxable product-type-simple\">\n\t<a href=\"https:\/\/sysmatec.ch\/de\/Produkt\/cell-counter-sol-count\/\" class=\"woocommerce-LoopProduct-link woocommerce-loop-product__link\"><img loading=\"lazy\" decoding=\"async\" width=\"324\" height=\"324\" src=\"https:\/\/sysmatec.ch\/wp-content\/uploads\/2023\/02\/Cell-Counter-Photo-1-324x324.jpg\" class=\"attachment-woocommerce_thumbnail size-woocommerce_thumbnail\" alt=\"Cell counter SOL COUNT\" srcset=\"https:\/\/sysmatec.ch\/wp-content\/uploads\/2023\/02\/Cell-Counter-Photo-1-324x324.jpg 324w, https:\/\/sysmatec.ch\/wp-content\/uploads\/2023\/02\/Cell-Counter-Photo-1-100x100.jpg 100w, https:\/\/sysmatec.ch\/wp-content\/uploads\/2023\/02\/Cell-Counter-Photo-1-150x150.jpg 150w\" sizes=\"auto, (max-width: 324px) 100vw, 324px\" \/><h2 class=\"woocommerce-loop-product__title\">Cell counter SOL COUNT<\/h2>\n<\/a><a href=\"https:\/\/sysmatec.ch\/de\/Produkt\/cell-counter-sol-count\/\" aria-describedby=\"woocommerce_loop_add_to_cart_link_describedby_28313\" data-quantity=\"1\" class=\"button product_type_simple\" data-product_id=\"28313\" data-product_sku=\"\" aria-label=\"Lese mehr \u00fcber &#8222;Cell counter SOL COUNT&#8220;\" rel=\"nofollow\" data-success_message=\"\">Weiterlesen<\/a>\t<span id=\"woocommerce_loop_add_to_cart_link_describedby_28313\" class=\"screen-reader-text\">\n\t\t\t<\/span>\n<\/li>\n<li class=\"product type-product post-28254 status-publish instock product_cat-koloniezahler has-post-thumbnail taxable shipping-taxable product-type-simple\">\n\t<a href=\"https:\/\/sysmatec.ch\/de\/Produkt\/koloniezaehler-lz-acc-a112\/\" class=\"woocommerce-LoopProduct-link woocommerce-loop-product__link\"><img loading=\"lazy\" decoding=\"async\" width=\"324\" height=\"324\" src=\"https:\/\/sysmatec.ch\/wp-content\/uploads\/2023\/02\/CompteurColonie_LabozonLZ-ACC-A112-324x324.jpg\" class=\"attachment-woocommerce_thumbnail size-woocommerce_thumbnail\" alt=\"Koloniez\u00e4hler LZ-ACC-A112\" srcset=\"https:\/\/sysmatec.ch\/wp-content\/uploads\/2023\/02\/CompteurColonie_LabozonLZ-ACC-A112-324x324.jpg 324w, https:\/\/sysmatec.ch\/wp-content\/uploads\/2023\/02\/CompteurColonie_LabozonLZ-ACC-A112-100x100.jpg 100w, https:\/\/sysmatec.ch\/wp-content\/uploads\/2023\/02\/CompteurColonie_LabozonLZ-ACC-A112-150x150.jpg 150w\" sizes=\"auto, (max-width: 324px) 100vw, 324px\" \/><h2 class=\"woocommerce-loop-product__title\">Koloniez\u00e4hler LZ-ACC-A112<\/h2>\n<\/a><a href=\"https:\/\/sysmatec.ch\/de\/Produkt\/koloniezaehler-lz-acc-a112\/\" aria-describedby=\"woocommerce_loop_add_to_cart_link_describedby_28254\" data-quantity=\"1\" class=\"button product_type_simple\" data-product_id=\"28254\" data-product_sku=\"\" aria-label=\"Lese mehr \u00fcber &#8222;Koloniez\u00e4hler LZ-ACC-A112&#8220;\" rel=\"nofollow\" data-success_message=\"\">Weiterlesen<\/a>\t<span id=\"woocommerce_loop_add_to_cart_link_describedby_28254\" class=\"screen-reader-text\">\n\t\t\t<\/span>\n<\/li>\n<li class=\"product type-product post-2214 status-publish instock product_cat-koloniezahler has-post-thumbnail taxable shipping-taxable product-type-simple\">\n\t<a href=\"https:\/\/sysmatec.ch\/de\/Produkt\/manueller-koloniezaehler-schuett-count\/\" class=\"woocommerce-LoopProduct-link woocommerce-loop-product__link\"><img loading=\"lazy\" decoding=\"async\" width=\"194\" height=\"324\" src=\"https:\/\/sysmatec.ch\/wp-content\/uploads\/2019\/01\/CompteurDeColonies_SchuettCount-194x324.jpg\" class=\"attachment-woocommerce_thumbnail size-woocommerce_thumbnail\" alt=\"Manueller Koloniez\u00e4hler Schuett count\" \/><h2 class=\"woocommerce-loop-product__title\">Manueller Koloniez\u00e4hler Schuett count<\/h2>\n<\/a><a href=\"https:\/\/sysmatec.ch\/de\/Produkt\/manueller-koloniezaehler-schuett-count\/\" aria-describedby=\"woocommerce_loop_add_to_cart_link_describedby_2214\" data-quantity=\"1\" class=\"button product_type_simple\" data-product_id=\"2214\" data-product_sku=\"\" aria-label=\"Lese mehr \u00fcber &#8222;Manueller Koloniez\u00e4hler Schuett count&#8220;\" rel=\"nofollow\" data-success_message=\"\">Weiterlesen<\/a>\t<span id=\"woocommerce_loop_add_to_cart_link_describedby_2214\" class=\"screen-reader-text\">\n\t\t\t<\/span>\n<\/li>\n<\/ul>\n<\/div><\/p>\n","protected":false},"excerpt":{"rendered":"<p>Der Kolonienz\u00e4hler erleichtert das Z\u00e4hlen der Kolonien auf der Petrischale. Die manuellen Versionen verf\u00fcgen \u00fcber Beleuchtung, eine Lupe und ein Z\u00e4hlsystem. Die automatischen Versionen (die wir auf Anfrage auch anbieten k\u00f6nnen) haben unterschiedliche Lichter, eine Videokamera, die digitale Aufnahmen erm\u00f6glicht. Die Software f\u00fchrt eine automatische Z\u00e4hlung durch. Fotos werden archiviert und k\u00f6nnen jederzeit wiederaufbereitet werden.<\/p>\n","protected":false},"author":3,"featured_media":0,"parent":0,"menu_order":0,"comment_status":"closed","ping_status":"closed","template":"","meta":{"_crdt_document":"","footnotes":""},"class_list":["post-1621","page","type-page","status-publish","hentry"],"yoast_head":"<!-- This site is optimized with the Yoast SEO plugin v27.3 - https:\/\/yoast.com\/product\/yoast-seo-wordpress\/ -->\n<title>Koloniez\u00e4hler - Sysmatec<\/title>\n<meta name=\"description\" content=\"Der Kolonienz\u00e4hler erm\u00f6glicht das Z\u00e4hlen von Kolonien auf den Petrischalen. Es gibt manuelle und automatische Versionen.\" \/>\n<meta name=\"robots\" content=\"index, follow, max-snippet:-1, max-image-preview:large, max-video-preview:-1\" \/>\n<link rel=\"canonical\" href=\"https:\/\/sysmatec.ch\/de\/koloniezahler\/\" \/>\n<meta property=\"og:locale\" content=\"de_DE\" \/>\n<meta property=\"og:type\" content=\"article\" \/>\n<meta property=\"og:title\" content=\"Koloniez\u00e4hler - Sysmatec\" \/>\n<meta property=\"og:description\" content=\"Der Kolonienz\u00e4hler erm\u00f6glicht das Z\u00e4hlen von Kolonien auf den Petrischalen. Es gibt manuelle und automatische Versionen.\" \/>\n<meta property=\"og:url\" content=\"https:\/\/sysmatec.ch\/de\/koloniezahler\/\" \/>\n<meta property=\"og:site_name\" content=\"Sysmatec\" \/>\n<meta property=\"article:modified_time\" content=\"2022-05-25T07:34:41+00:00\" \/>\n<meta name=\"twitter:card\" content=\"summary_large_image\" \/>\n<meta name=\"twitter:label1\" content=\"Gesch\u00e4tzte Lesezeit\" \/>\n\t<meta name=\"twitter:data1\" content=\"1\u00a0Minute\" \/>\n<script type=\"application\/ld+json\" class=\"yoast-schema-graph\">{\"@context\":\"https:\\\/\\\/schema.org\",\"@graph\":[{\"@type\":\"WebPage\",\"@id\":\"https:\\\/\\\/sysmatec.ch\\\/de\\\/koloniezahler\\\/\",\"url\":\"https:\\\/\\\/sysmatec.ch\\\/de\\\/koloniezahler\\\/\",\"name\":\"Koloniez\u00e4hler - Sysmatec\",\"isPartOf\":{\"@id\":\"https:\\\/\\\/sysmatec.ch\\\/de\\\/#website\"},\"datePublished\":\"2019-01-26T19:31:07+00:00\",\"dateModified\":\"2022-05-25T07:34:41+00:00\",\"description\":\"Der Kolonienz\u00e4hler erm\u00f6glicht das Z\u00e4hlen von Kolonien auf den Petrischalen. Es gibt manuelle und automatische Versionen.\",\"breadcrumb\":{\"@id\":\"https:\\\/\\\/sysmatec.ch\\\/de\\\/koloniezahler\\\/#breadcrumb\"},\"inLanguage\":\"de\",\"potentialAction\":[{\"@type\":\"ReadAction\",\"target\":[\"https:\\\/\\\/sysmatec.ch\\\/de\\\/koloniezahler\\\/\"]}]},{\"@type\":\"BreadcrumbList\",\"@id\":\"https:\\\/\\\/sysmatec.ch\\\/de\\\/koloniezahler\\\/#breadcrumb\",\"itemListElement\":[{\"@type\":\"ListItem\",\"position\":1,\"name\":\"Accueil\",\"item\":\"https:\\\/\\\/sysmatec.ch\\\/de\\\/\"},{\"@type\":\"ListItem\",\"position\":2,\"name\":\"Koloniez\u00e4hler\"}]},{\"@type\":\"WebSite\",\"@id\":\"https:\\\/\\\/sysmatec.ch\\\/de\\\/#website\",\"url\":\"https:\\\/\\\/sysmatec.ch\\\/de\\\/\",\"name\":\"Sysmatec\",\"description\":\"Equipement de laboratoire et logiciels\",\"publisher\":{\"@id\":\"https:\\\/\\\/sysmatec.ch\\\/de\\\/#organization\"},\"potentialAction\":[{\"@type\":\"SearchAction\",\"target\":{\"@type\":\"EntryPoint\",\"urlTemplate\":\"https:\\\/\\\/sysmatec.ch\\\/de\\\/?s={search_term_string}\"},\"query-input\":{\"@type\":\"PropertyValueSpecification\",\"valueRequired\":true,\"valueName\":\"search_term_string\"}}],\"inLanguage\":\"de\"},{\"@type\":\"Organization\",\"@id\":\"https:\\\/\\\/sysmatec.ch\\\/de\\\/#organization\",\"name\":\"Sysmatec\",\"url\":\"https:\\\/\\\/sysmatec.ch\\\/de\\\/\",\"logo\":{\"@type\":\"ImageObject\",\"inLanguage\":\"de\",\"@id\":\"https:\\\/\\\/sysmatec.ch\\\/de\\\/#\\\/schema\\\/logo\\\/image\\\/\",\"url\":\"https:\\\/\\\/sysmatec.ch\\\/wp-content\\\/uploads\\\/2018\\\/11\\\/LogoSysmatec.jpg\",\"contentUrl\":\"https:\\\/\\\/sysmatec.ch\\\/wp-content\\\/uploads\\\/2018\\\/11\\\/LogoSysmatec.jpg\",\"width\":301,\"height\":297,\"caption\":\"Sysmatec\"},\"image\":{\"@id\":\"https:\\\/\\\/sysmatec.ch\\\/de\\\/#\\\/schema\\\/logo\\\/image\\\/\"}}]}<\/script>\n<!-- \/ Yoast SEO plugin. -->","yoast_head_json":{"title":"Koloniez\u00e4hler - Sysmatec","description":"Der Kolonienz\u00e4hler erm\u00f6glicht das Z\u00e4hlen von Kolonien auf den Petrischalen. Es gibt manuelle und automatische Versionen.","robots":{"index":"index","follow":"follow","max-snippet":"max-snippet:-1","max-image-preview":"max-image-preview:large","max-video-preview":"max-video-preview:-1"},"canonical":"https:\/\/sysmatec.ch\/de\/koloniezahler\/","og_locale":"de_DE","og_type":"article","og_title":"Koloniez\u00e4hler - Sysmatec","og_description":"Der Kolonienz\u00e4hler erm\u00f6glicht das Z\u00e4hlen von Kolonien auf den Petrischalen. Es gibt manuelle und automatische Versionen.","og_url":"https:\/\/sysmatec.ch\/de\/koloniezahler\/","og_site_name":"Sysmatec","article_modified_time":"2022-05-25T07:34:41+00:00","twitter_card":"summary_large_image","twitter_misc":{"Gesch\u00e4tzte Lesezeit":"1\u00a0Minute"},"schema":{"@context":"https:\/\/schema.org","@graph":[{"@type":"WebPage","@id":"https:\/\/sysmatec.ch\/de\/koloniezahler\/","url":"https:\/\/sysmatec.ch\/de\/koloniezahler\/","name":"Koloniez\u00e4hler - Sysmatec","isPartOf":{"@id":"https:\/\/sysmatec.ch\/de\/#website"},"datePublished":"2019-01-26T19:31:07+00:00","dateModified":"2022-05-25T07:34:41+00:00","description":"Der Kolonienz\u00e4hler erm\u00f6glicht das Z\u00e4hlen von Kolonien auf den Petrischalen. Es gibt manuelle und automatische Versionen.","breadcrumb":{"@id":"https:\/\/sysmatec.ch\/de\/koloniezahler\/#breadcrumb"},"inLanguage":"de","potentialAction":[{"@type":"ReadAction","target":["https:\/\/sysmatec.ch\/de\/koloniezahler\/"]}]},{"@type":"BreadcrumbList","@id":"https:\/\/sysmatec.ch\/de\/koloniezahler\/#breadcrumb","itemListElement":[{"@type":"ListItem","position":1,"name":"Accueil","item":"https:\/\/sysmatec.ch\/de\/"},{"@type":"ListItem","position":2,"name":"Koloniez\u00e4hler"}]},{"@type":"WebSite","@id":"https:\/\/sysmatec.ch\/de\/#website","url":"https:\/\/sysmatec.ch\/de\/","name":"Sysmatec","description":"Equipement de laboratoire et logiciels","publisher":{"@id":"https:\/\/sysmatec.ch\/de\/#organization"},"potentialAction":[{"@type":"SearchAction","target":{"@type":"EntryPoint","urlTemplate":"https:\/\/sysmatec.ch\/de\/?s={search_term_string}"},"query-input":{"@type":"PropertyValueSpecification","valueRequired":true,"valueName":"search_term_string"}}],"inLanguage":"de"},{"@type":"Organization","@id":"https:\/\/sysmatec.ch\/de\/#organization","name":"Sysmatec","url":"https:\/\/sysmatec.ch\/de\/","logo":{"@type":"ImageObject","inLanguage":"de","@id":"https:\/\/sysmatec.ch\/de\/#\/schema\/logo\/image\/","url":"https:\/\/sysmatec.ch\/wp-content\/uploads\/2018\/11\/LogoSysmatec.jpg","contentUrl":"https:\/\/sysmatec.ch\/wp-content\/uploads\/2018\/11\/LogoSysmatec.jpg","width":301,"height":297,"caption":"Sysmatec"},"image":{"@id":"https:\/\/sysmatec.ch\/de\/#\/schema\/logo\/image\/"}}]}},"_links":{"self":[{"href":"https:\/\/sysmatec.ch\/de\/wp-json\/wp\/v2\/pages\/1621","targetHints":{"allow":["GET"]}}],"collection":[{"href":"https:\/\/sysmatec.ch\/de\/wp-json\/wp\/v2\/pages"}],"about":[{"href":"https:\/\/sysmatec.ch\/de\/wp-json\/wp\/v2\/types\/page"}],"author":[{"embeddable":true,"href":"https:\/\/sysmatec.ch\/de\/wp-json\/wp\/v2\/users\/3"}],"replies":[{"embeddable":true,"href":"https:\/\/sysmatec.ch\/de\/wp-json\/wp\/v2\/comments?post=1621"}],"version-history":[{"count":2,"href":"https:\/\/sysmatec.ch\/de\/wp-json\/wp\/v2\/pages\/1621\/revisions"}],"predecessor-version":[{"id":21030,"href":"https:\/\/sysmatec.ch\/de\/wp-json\/wp\/v2\/pages\/1621\/revisions\/21030"}],"wp:attachment":[{"href":"https:\/\/sysmatec.ch\/de\/wp-json\/wp\/v2\/media?parent=1621"}],"curies":[{"name":"wp","href":"https:\/\/api.w.org\/{rel}","templated":true}]}}