{"id":1617,"date":"2019-01-26T20:27:11","date_gmt":"2019-01-26T19:27:11","guid":{"rendered":"https:\/\/sysmatec.ch\/?page_id=1617"},"modified":"2022-05-25T09:20:47","modified_gmt":"2022-05-25T07:20:47","slug":"fraktionssammler","status":"publish","type":"page","link":"https:\/\/sysmatec.ch\/de\/fraktionssammler\/","title":{"rendered":"Fraktionssammler"},"content":{"rendered":"\n<p class=\"wp-block-paragraph\">Der Fraktionssammler oder Probenehmer erm\u00f6glicht das Sammeln von Proben. Es kann beispielsweise Proben, die die Chromatographies\u00e4ule verlassen, in verschiedenen R\u00f6hrchen oder Beh\u00e4ltern verteilen. Diese Ger\u00e4te sind im Allgemeinen so programmierbar, dass sie je nach geliefertem Volumen oder einer bestimmten verstrichenen Zeit von einem Rohr zum anderen gelangen. Mit unterschiedlichem Zubeh\u00f6r k\u00f6nnen Sie Sampling-Sequenzen programmieren oder Samples kalt halten.<\/p>\n\n\n\n<p class=\"wp-block-paragraph\"><div class=\"woocommerce columns-4 \"><ul class=\"products columns-4\">\n<li class=\"product type-product post-2217 status-publish first instock product_cat-fraktionssammler has-post-thumbnail taxable shipping-taxable product-type-simple\">\n\t<a href=\"https:\/\/sysmatec.ch\/de\/Produkt\/fraktionssammler-omnicoll\/\" class=\"woocommerce-LoopProduct-link woocommerce-loop-product__link\"><img loading=\"lazy\" decoding=\"async\" width=\"140\" height=\"178\" src=\"https:\/\/sysmatec.ch\/wp-content\/uploads\/2019\/01\/CollecteurDeFraction_Lambda.jpg\" class=\"attachment-woocommerce_thumbnail size-woocommerce_thumbnail\" alt=\"Fraktionssammler OMNICOLL\" \/><h2 class=\"woocommerce-loop-product__title\">Fraktionssammler OMNICOLL<\/h2>\n<\/a><a href=\"https:\/\/sysmatec.ch\/de\/Produkt\/fraktionssammler-omnicoll\/\" aria-describedby=\"woocommerce_loop_add_to_cart_link_describedby_2217\" data-quantity=\"1\" class=\"button product_type_simple\" data-product_id=\"2217\" data-product_sku=\"\" aria-label=\"Lese mehr \u00fcber &#8222;Fraktionssammler OMNICOLL&#8220;\" rel=\"nofollow\" data-success_message=\"\">Weiterlesen<\/a>\t<span id=\"woocommerce_loop_add_to_cart_link_describedby_2217\" class=\"screen-reader-text\">\n\t\t\t<\/span>\n<\/li>\n<\/ul>\n<\/div><\/p>\n","protected":false},"excerpt":{"rendered":"<p>Der Fraktionssammler oder Probenehmer erm\u00f6glicht das Sammeln von Proben. Es kann beispielsweise Proben, die die Chromatographies\u00e4ule verlassen, in verschiedenen R\u00f6hrchen oder Beh\u00e4ltern verteilen. Diese Ger\u00e4te sind im Allgemeinen so programmierbar, dass sie je nach geliefertem Volumen oder einer bestimmten verstrichenen Zeit von einem Rohr zum anderen gelangen. Mit unterschiedlichem Zubeh\u00f6r k\u00f6nnen Sie Sampling-Sequenzen programmieren oder [&hellip;]<\/p>\n","protected":false},"author":3,"featured_media":0,"parent":0,"menu_order":0,"comment_status":"closed","ping_status":"closed","template":"","meta":{"_crdt_document":"","footnotes":""},"class_list":["post-1617","page","type-page","status-publish","hentry"],"yoast_head":"<!-- This site is optimized with the Yoast SEO plugin v27.4 - https:\/\/yoast.com\/product\/yoast-seo-wordpress\/ -->\n<title>Fraktionssammler - Sysmatec<\/title>\n<meta name=\"description\" content=\"Der Fraktionssammler oder Probenehmer erm\u00f6glicht das Sammeln von Proben. Sie werden in verschiedenen R\u00f6hrchen oder Beh\u00e4ltern verteilt.\" \/>\n<meta name=\"robots\" content=\"index, follow, max-snippet:-1, max-image-preview:large, max-video-preview:-1\" \/>\n<link rel=\"canonical\" href=\"https:\/\/sysmatec.ch\/de\/fraktionssammler\/\" \/>\n<meta property=\"og:locale\" content=\"de_DE\" \/>\n<meta property=\"og:type\" content=\"article\" \/>\n<meta property=\"og:title\" content=\"Fraktionssammler - Sysmatec\" \/>\n<meta property=\"og:description\" content=\"Der Fraktionssammler oder Probenehmer erm\u00f6glicht das Sammeln von Proben. Sie werden in verschiedenen R\u00f6hrchen oder Beh\u00e4ltern verteilt.\" \/>\n<meta property=\"og:url\" content=\"https:\/\/sysmatec.ch\/de\/fraktionssammler\/\" \/>\n<meta property=\"og:site_name\" content=\"Sysmatec\" \/>\n<meta property=\"article:modified_time\" content=\"2022-05-25T07:20:47+00:00\" \/>\n<meta name=\"twitter:card\" content=\"summary_large_image\" \/>\n<meta name=\"twitter:label1\" content=\"Gesch\u00e4tzte Lesezeit\" \/>\n\t<meta name=\"twitter:data1\" content=\"1\u00a0Minute\" \/>\n<script type=\"application\/ld+json\" class=\"yoast-schema-graph\">{\"@context\":\"https:\\\/\\\/schema.org\",\"@graph\":[{\"@type\":\"WebPage\",\"@id\":\"https:\\\/\\\/sysmatec.ch\\\/de\\\/fraktionssammler\\\/\",\"url\":\"https:\\\/\\\/sysmatec.ch\\\/de\\\/fraktionssammler\\\/\",\"name\":\"Fraktionssammler - Sysmatec\",\"isPartOf\":{\"@id\":\"https:\\\/\\\/sysmatec.ch\\\/de\\\/#website\"},\"datePublished\":\"2019-01-26T19:27:11+00:00\",\"dateModified\":\"2022-05-25T07:20:47+00:00\",\"description\":\"Der Fraktionssammler oder Probenehmer erm\u00f6glicht das Sammeln von Proben. Sie werden in verschiedenen R\u00f6hrchen oder Beh\u00e4ltern verteilt.\",\"breadcrumb\":{\"@id\":\"https:\\\/\\\/sysmatec.ch\\\/de\\\/fraktionssammler\\\/#breadcrumb\"},\"inLanguage\":\"de\",\"potentialAction\":[{\"@type\":\"ReadAction\",\"target\":[\"https:\\\/\\\/sysmatec.ch\\\/de\\\/fraktionssammler\\\/\"]}]},{\"@type\":\"BreadcrumbList\",\"@id\":\"https:\\\/\\\/sysmatec.ch\\\/de\\\/fraktionssammler\\\/#breadcrumb\",\"itemListElement\":[{\"@type\":\"ListItem\",\"position\":1,\"name\":\"Accueil\",\"item\":\"https:\\\/\\\/sysmatec.ch\\\/de\\\/\"},{\"@type\":\"ListItem\",\"position\":2,\"name\":\"Fraktionssammler\"}]},{\"@type\":\"WebSite\",\"@id\":\"https:\\\/\\\/sysmatec.ch\\\/de\\\/#website\",\"url\":\"https:\\\/\\\/sysmatec.ch\\\/de\\\/\",\"name\":\"Sysmatec\",\"description\":\"Equipement de laboratoire et logiciels\",\"publisher\":{\"@id\":\"https:\\\/\\\/sysmatec.ch\\\/de\\\/#organization\"},\"potentialAction\":[{\"@type\":\"SearchAction\",\"target\":{\"@type\":\"EntryPoint\",\"urlTemplate\":\"https:\\\/\\\/sysmatec.ch\\\/de\\\/?s={search_term_string}\"},\"query-input\":{\"@type\":\"PropertyValueSpecification\",\"valueRequired\":true,\"valueName\":\"search_term_string\"}}],\"inLanguage\":\"de\"},{\"@type\":\"Organization\",\"@id\":\"https:\\\/\\\/sysmatec.ch\\\/de\\\/#organization\",\"name\":\"Sysmatec\",\"url\":\"https:\\\/\\\/sysmatec.ch\\\/de\\\/\",\"logo\":{\"@type\":\"ImageObject\",\"inLanguage\":\"de\",\"@id\":\"https:\\\/\\\/sysmatec.ch\\\/de\\\/#\\\/schema\\\/logo\\\/image\\\/\",\"url\":\"https:\\\/\\\/sysmatec.ch\\\/wp-content\\\/uploads\\\/2018\\\/11\\\/LogoSysmatec.jpg\",\"contentUrl\":\"https:\\\/\\\/sysmatec.ch\\\/wp-content\\\/uploads\\\/2018\\\/11\\\/LogoSysmatec.jpg\",\"width\":301,\"height\":297,\"caption\":\"Sysmatec\"},\"image\":{\"@id\":\"https:\\\/\\\/sysmatec.ch\\\/de\\\/#\\\/schema\\\/logo\\\/image\\\/\"}}]}<\/script>\n<!-- \/ Yoast SEO plugin. -->","yoast_head_json":{"title":"Fraktionssammler - Sysmatec","description":"Der Fraktionssammler oder Probenehmer erm\u00f6glicht das Sammeln von Proben. Sie werden in verschiedenen R\u00f6hrchen oder Beh\u00e4ltern verteilt.","robots":{"index":"index","follow":"follow","max-snippet":"max-snippet:-1","max-image-preview":"max-image-preview:large","max-video-preview":"max-video-preview:-1"},"canonical":"https:\/\/sysmatec.ch\/de\/fraktionssammler\/","og_locale":"de_DE","og_type":"article","og_title":"Fraktionssammler - Sysmatec","og_description":"Der Fraktionssammler oder Probenehmer erm\u00f6glicht das Sammeln von Proben. Sie werden in verschiedenen R\u00f6hrchen oder Beh\u00e4ltern verteilt.","og_url":"https:\/\/sysmatec.ch\/de\/fraktionssammler\/","og_site_name":"Sysmatec","article_modified_time":"2022-05-25T07:20:47+00:00","twitter_card":"summary_large_image","twitter_misc":{"Gesch\u00e4tzte Lesezeit":"1\u00a0Minute"},"schema":{"@context":"https:\/\/schema.org","@graph":[{"@type":"WebPage","@id":"https:\/\/sysmatec.ch\/de\/fraktionssammler\/","url":"https:\/\/sysmatec.ch\/de\/fraktionssammler\/","name":"Fraktionssammler - Sysmatec","isPartOf":{"@id":"https:\/\/sysmatec.ch\/de\/#website"},"datePublished":"2019-01-26T19:27:11+00:00","dateModified":"2022-05-25T07:20:47+00:00","description":"Der Fraktionssammler oder Probenehmer erm\u00f6glicht das Sammeln von Proben. Sie werden in verschiedenen R\u00f6hrchen oder Beh\u00e4ltern verteilt.","breadcrumb":{"@id":"https:\/\/sysmatec.ch\/de\/fraktionssammler\/#breadcrumb"},"inLanguage":"de","potentialAction":[{"@type":"ReadAction","target":["https:\/\/sysmatec.ch\/de\/fraktionssammler\/"]}]},{"@type":"BreadcrumbList","@id":"https:\/\/sysmatec.ch\/de\/fraktionssammler\/#breadcrumb","itemListElement":[{"@type":"ListItem","position":1,"name":"Accueil","item":"https:\/\/sysmatec.ch\/de\/"},{"@type":"ListItem","position":2,"name":"Fraktionssammler"}]},{"@type":"WebSite","@id":"https:\/\/sysmatec.ch\/de\/#website","url":"https:\/\/sysmatec.ch\/de\/","name":"Sysmatec","description":"Equipement de laboratoire et logiciels","publisher":{"@id":"https:\/\/sysmatec.ch\/de\/#organization"},"potentialAction":[{"@type":"SearchAction","target":{"@type":"EntryPoint","urlTemplate":"https:\/\/sysmatec.ch\/de\/?s={search_term_string}"},"query-input":{"@type":"PropertyValueSpecification","valueRequired":true,"valueName":"search_term_string"}}],"inLanguage":"de"},{"@type":"Organization","@id":"https:\/\/sysmatec.ch\/de\/#organization","name":"Sysmatec","url":"https:\/\/sysmatec.ch\/de\/","logo":{"@type":"ImageObject","inLanguage":"de","@id":"https:\/\/sysmatec.ch\/de\/#\/schema\/logo\/image\/","url":"https:\/\/sysmatec.ch\/wp-content\/uploads\/2018\/11\/LogoSysmatec.jpg","contentUrl":"https:\/\/sysmatec.ch\/wp-content\/uploads\/2018\/11\/LogoSysmatec.jpg","width":301,"height":297,"caption":"Sysmatec"},"image":{"@id":"https:\/\/sysmatec.ch\/de\/#\/schema\/logo\/image\/"}}]}},"_links":{"self":[{"href":"https:\/\/sysmatec.ch\/de\/wp-json\/wp\/v2\/pages\/1617","targetHints":{"allow":["GET"]}}],"collection":[{"href":"https:\/\/sysmatec.ch\/de\/wp-json\/wp\/v2\/pages"}],"about":[{"href":"https:\/\/sysmatec.ch\/de\/wp-json\/wp\/v2\/types\/page"}],"author":[{"embeddable":true,"href":"https:\/\/sysmatec.ch\/de\/wp-json\/wp\/v2\/users\/3"}],"replies":[{"embeddable":true,"href":"https:\/\/sysmatec.ch\/de\/wp-json\/wp\/v2\/comments?post=1617"}],"version-history":[{"count":2,"href":"https:\/\/sysmatec.ch\/de\/wp-json\/wp\/v2\/pages\/1617\/revisions"}],"predecessor-version":[{"id":21017,"href":"https:\/\/sysmatec.ch\/de\/wp-json\/wp\/v2\/pages\/1617\/revisions\/21017"}],"wp:attachment":[{"href":"https:\/\/sysmatec.ch\/de\/wp-json\/wp\/v2\/media?parent=1617"}],"curies":[{"name":"wp","href":"https:\/\/api.w.org\/{rel}","templated":true}]}}