{"id":1601,"date":"2019-01-26T19:14:26","date_gmt":"2019-01-26T18:14:26","guid":{"rendered":"https:\/\/sysmatec.ch\/?page_id=1601"},"modified":"2022-05-24T21:34:49","modified_gmt":"2022-05-24T19:34:49","slug":"gewebemuhle","status":"publish","type":"page","link":"https:\/\/sysmatec.ch\/de\/gewebemuhle\/","title":{"rendered":"Gewebem\u00fchle"},"content":{"rendered":"\n<p class=\"wp-block-paragraph\">Zellbrecher oder Gewebem\u00fchle durch Drehung eines Propellers mit sehr hoher Geschwindigkeit. Es erm\u00f6glicht das Mahlen von Bakterien, Algen oder Tier- und Pflanzenzellen oder das Homogenisieren von Suspensionen.<\/p>\n\n\n\n<p class=\"wp-block-paragraph\"><div class=\"woocommerce columns-4 \"><ul class=\"products columns-4\">\n<li class=\"product type-product post-2535 status-publish first instock product_cat-motor-de product_cat-muehle has-post-thumbnail taxable shipping-taxable product-type-simple\">\n\t<a href=\"https:\/\/sysmatec.ch\/de\/Produkt\/motor-angetriebene-gewebemuehle-g10-g20\/\" class=\"woocommerce-LoopProduct-link woocommerce-loop-product__link\"><img loading=\"lazy\" decoding=\"async\" width=\"197\" height=\"82\" src=\"https:\/\/sysmatec.ch\/wp-content\/uploads\/2019\/01\/BroyeurCellules_CoyotebioG10.jpg\" class=\"attachment-woocommerce_thumbnail size-woocommerce_thumbnail\" alt=\"Motor angetriebene Gewebem\u00fchle G10\/G20\" \/><h2 class=\"woocommerce-loop-product__title\">Motor angetriebene Gewebem\u00fchle G10\/G20<\/h2>\n<\/a><a href=\"https:\/\/sysmatec.ch\/de\/Produkt\/motor-angetriebene-gewebemuehle-g10-g20\/\" aria-describedby=\"woocommerce_loop_add_to_cart_link_describedby_2535\" data-quantity=\"1\" class=\"button product_type_simple\" data-product_id=\"2535\" data-product_sku=\"000011\" aria-label=\"Lese mehr \u00fcber &#8222;Motor angetriebene Gewebem\u00fchle G10\/G20&#8220;\" rel=\"nofollow\" data-success_message=\"\">Weiterlesen<\/a>\t<span id=\"woocommerce_loop_add_to_cart_link_describedby_2535\" class=\"screen-reader-text\">\n\t\t\t<\/span>\n<\/li>\n<li class=\"product type-product post-2531 status-publish instock product_cat-motor-de product_cat-muehle has-post-thumbnail taxable shipping-taxable product-type-simple\">\n\t<a href=\"https:\/\/sysmatec.ch\/de\/Produkt\/motor-angetriebene-gewebemuehle-g50\/\" class=\"woocommerce-LoopProduct-link woocommerce-loop-product__link\"><img loading=\"lazy\" decoding=\"async\" width=\"148\" height=\"225\" src=\"https:\/\/sysmatec.ch\/wp-content\/uploads\/2019\/01\/BroyeurCellules_CoyotebioG50.jpg\" class=\"attachment-woocommerce_thumbnail size-woocommerce_thumbnail\" alt=\"Motor angetriebene Gewebem\u00fchle G50\" \/><h2 class=\"woocommerce-loop-product__title\">Motor angetriebene Gewebem\u00fchle G50<\/h2>\n<\/a><a href=\"https:\/\/sysmatec.ch\/de\/Produkt\/motor-angetriebene-gewebemuehle-g50\/\" aria-describedby=\"woocommerce_loop_add_to_cart_link_describedby_2531\" data-quantity=\"1\" class=\"button product_type_simple\" data-product_id=\"2531\" data-product_sku=\"000012\" aria-label=\"Lese mehr \u00fcber &#8222;Motor angetriebene Gewebem\u00fchle G50&#8220;\" rel=\"nofollow\" data-success_message=\"\">Weiterlesen<\/a>\t<span id=\"woocommerce_loop_add_to_cart_link_describedby_2531\" class=\"screen-reader-text\">\n\t\t\t<\/span>\n<\/li>\n<li class=\"product type-product post-32013 status-publish instock product_cat-motor-de product_cat-muehle has-post-thumbnail taxable shipping-taxable product-type-simple\">\n\t<a href=\"https:\/\/sysmatec.ch\/de\/Produkt\/gewebezerkleinerer-und-homogenisator-t10-battery-complete\/\" class=\"woocommerce-LoopProduct-link woocommerce-loop-product__link\"><img loading=\"lazy\" decoding=\"async\" width=\"324\" height=\"324\" src=\"https:\/\/sysmatec.ch\/wp-content\/uploads\/2026\/03\/Broyeur_IKAT10-324x324.jpg\" class=\"attachment-woocommerce_thumbnail size-woocommerce_thumbnail\" alt=\"Gewebezerkleinerer und Homogenisator T10 Battery Complete\" srcset=\"https:\/\/sysmatec.ch\/wp-content\/uploads\/2026\/03\/Broyeur_IKAT10-324x324.jpg 324w, https:\/\/sysmatec.ch\/wp-content\/uploads\/2026\/03\/Broyeur_IKAT10-150x150.jpg 150w, https:\/\/sysmatec.ch\/wp-content\/uploads\/2026\/03\/Broyeur_IKAT10-100x100.jpg 100w\" sizes=\"auto, (max-width: 324px) 100vw, 324px\" \/><h2 class=\"woocommerce-loop-product__title\">Gewebezerkleinerer und Homogenisator T10 Battery Complete<\/h2>\n<\/a><a href=\"https:\/\/sysmatec.ch\/de\/Produkt\/gewebezerkleinerer-und-homogenisator-t10-battery-complete\/\" aria-describedby=\"woocommerce_loop_add_to_cart_link_describedby_32013\" data-quantity=\"1\" class=\"button product_type_simple\" data-product_id=\"32013\" data-product_sku=\"000013-14\" aria-label=\"Lese mehr \u00fcber &#8222;Gewebezerkleinerer und Homogenisator T10 Battery Complete&#8220;\" rel=\"nofollow\" data-success_message=\"\">Weiterlesen<\/a>\t<span id=\"woocommerce_loop_add_to_cart_link_describedby_32013\" class=\"screen-reader-text\">\n\t\t\t<\/span>\n<\/li>\n<li class=\"product type-product post-32019 status-publish last instock product_cat-motor-de product_cat-muehle has-post-thumbnail taxable shipping-taxable product-type-simple\">\n\t<a href=\"https:\/\/sysmatec.ch\/de\/Produkt\/handhomogenisator-zur-probendispersion-d-160\/\" class=\"woocommerce-LoopProduct-link woocommerce-loop-product__link\"><img loading=\"lazy\" decoding=\"async\" width=\"324\" height=\"324\" src=\"https:\/\/sysmatec.ch\/wp-content\/uploads\/2026\/03\/Broyeur_D160AELab-324x324.jpg\" class=\"attachment-woocommerce_thumbnail size-woocommerce_thumbnail\" alt=\"Handhomogenisator zur Probendispersion D-160\" srcset=\"https:\/\/sysmatec.ch\/wp-content\/uploads\/2026\/03\/Broyeur_D160AELab-324x324.jpg 324w, https:\/\/sysmatec.ch\/wp-content\/uploads\/2026\/03\/Broyeur_D160AELab-150x150.jpg 150w, https:\/\/sysmatec.ch\/wp-content\/uploads\/2026\/03\/Broyeur_D160AELab-100x100.jpg 100w\" sizes=\"auto, (max-width: 324px) 100vw, 324px\" \/><h2 class=\"woocommerce-loop-product__title\">Handhomogenisator zur Probendispersion D-160<\/h2>\n<\/a><a href=\"https:\/\/sysmatec.ch\/de\/Produkt\/handhomogenisator-zur-probendispersion-d-160\/\" aria-describedby=\"woocommerce_loop_add_to_cart_link_describedby_32019\" data-quantity=\"1\" class=\"button product_type_simple\" data-product_id=\"32019\" data-product_sku=\"000013-15\" aria-label=\"Lese mehr \u00fcber &#8222;Handhomogenisator zur Probendispersion D-160&#8220;\" rel=\"nofollow\" data-success_message=\"\">Weiterlesen<\/a>\t<span id=\"woocommerce_loop_add_to_cart_link_describedby_32019\" class=\"screen-reader-text\">\n\t\t\t<\/span>\n<\/li>\n<li class=\"product type-product post-2529 status-publish first instock product_cat-motor-de product_cat-muehle has-post-thumbnail taxable shipping-taxable product-type-simple\">\n\t<a href=\"https:\/\/sysmatec.ch\/de\/Produkt\/motor-angetriebene-gewebemuehle-d500\/\" class=\"woocommerce-LoopProduct-link woocommerce-loop-product__link\"><img loading=\"lazy\" decoding=\"async\" width=\"190\" height=\"302\" src=\"https:\/\/sysmatec.ch\/wp-content\/uploads\/2019\/01\/BroyeurCellules_AELabD500I.jpg\" class=\"attachment-woocommerce_thumbnail size-woocommerce_thumbnail\" alt=\"Motor angetriebene Gewebem\u00fchle D500\" srcset=\"https:\/\/sysmatec.ch\/wp-content\/uploads\/2019\/01\/BroyeurCellules_AELabD500I.jpg 190w, https:\/\/sysmatec.ch\/wp-content\/uploads\/2019\/01\/BroyeurCellules_AELabD500I-189x300.jpg 189w\" sizes=\"auto, (max-width: 190px) 100vw, 190px\" \/><h2 class=\"woocommerce-loop-product__title\">Motor angetriebene Gewebem\u00fchle D500<\/h2>\n<\/a><a href=\"https:\/\/sysmatec.ch\/de\/Produkt\/motor-angetriebene-gewebemuehle-d500\/\" aria-describedby=\"woocommerce_loop_add_to_cart_link_describedby_2529\" data-quantity=\"1\" class=\"button product_type_simple\" data-product_id=\"2529\" data-product_sku=\"000013\" aria-label=\"Lese mehr \u00fcber &#8222;Motor angetriebene Gewebem\u00fchle D500&#8220;\" rel=\"nofollow\" data-success_message=\"\">Weiterlesen<\/a>\t<span id=\"woocommerce_loop_add_to_cart_link_describedby_2529\" class=\"screen-reader-text\">\n\t\t\t<\/span>\n<\/li>\n<\/ul>\n<\/div><\/p>\n","protected":false},"excerpt":{"rendered":"<p>Zellbrecher oder Gewebem\u00fchle durch Drehung eines Propellers mit sehr hoher Geschwindigkeit. Es erm\u00f6glicht das Mahlen von Bakterien, Algen oder Tier- und Pflanzenzellen oder das Homogenisieren von Suspensionen.<\/p>\n","protected":false},"author":3,"featured_media":0,"parent":0,"menu_order":0,"comment_status":"closed","ping_status":"closed","template":"","meta":{"_crdt_document":"","footnotes":""},"class_list":["post-1601","page","type-page","status-publish","hentry"],"yoast_head":"<!-- This site is optimized with the Yoast SEO plugin v27.3 - https:\/\/yoast.com\/product\/yoast-seo-wordpress\/ -->\n<title>Gewebem\u00fchle - Sysmatec<\/title>\n<meta name=\"description\" content=\"Gewebem\u00fchle erm\u00f6glicht das Mahlen von Bakterien, Algen oder Tier- und Pflanzenzellen oder das Homogenisieren von Suspensionen.\" \/>\n<meta name=\"robots\" content=\"index, follow, max-snippet:-1, max-image-preview:large, max-video-preview:-1\" \/>\n<link rel=\"canonical\" href=\"https:\/\/sysmatec.ch\/de\/gewebemuhle\/\" \/>\n<meta property=\"og:locale\" content=\"de_DE\" \/>\n<meta property=\"og:type\" content=\"article\" \/>\n<meta property=\"og:title\" content=\"Gewebem\u00fchle - Sysmatec\" \/>\n<meta property=\"og:description\" content=\"Gewebem\u00fchle erm\u00f6glicht das Mahlen von Bakterien, Algen oder Tier- und Pflanzenzellen oder das Homogenisieren von Suspensionen.\" \/>\n<meta property=\"og:url\" content=\"https:\/\/sysmatec.ch\/de\/gewebemuhle\/\" \/>\n<meta property=\"og:site_name\" content=\"Sysmatec\" \/>\n<meta property=\"article:modified_time\" content=\"2022-05-24T19:34:49+00:00\" \/>\n<meta name=\"twitter:card\" content=\"summary_large_image\" \/>\n<meta name=\"twitter:label1\" content=\"Gesch\u00e4tzte Lesezeit\" \/>\n\t<meta name=\"twitter:data1\" content=\"1\u00a0Minute\" \/>\n<script type=\"application\/ld+json\" class=\"yoast-schema-graph\">{\"@context\":\"https:\\\/\\\/schema.org\",\"@graph\":[{\"@type\":\"WebPage\",\"@id\":\"https:\\\/\\\/sysmatec.ch\\\/de\\\/gewebemuhle\\\/\",\"url\":\"https:\\\/\\\/sysmatec.ch\\\/de\\\/gewebemuhle\\\/\",\"name\":\"Gewebem\u00fchle - Sysmatec\",\"isPartOf\":{\"@id\":\"https:\\\/\\\/sysmatec.ch\\\/de\\\/#website\"},\"datePublished\":\"2019-01-26T18:14:26+00:00\",\"dateModified\":\"2022-05-24T19:34:49+00:00\",\"description\":\"Gewebem\u00fchle erm\u00f6glicht das Mahlen von Bakterien, Algen oder Tier- und Pflanzenzellen oder das Homogenisieren von Suspensionen.\",\"breadcrumb\":{\"@id\":\"https:\\\/\\\/sysmatec.ch\\\/de\\\/gewebemuhle\\\/#breadcrumb\"},\"inLanguage\":\"de\",\"potentialAction\":[{\"@type\":\"ReadAction\",\"target\":[\"https:\\\/\\\/sysmatec.ch\\\/de\\\/gewebemuhle\\\/\"]}]},{\"@type\":\"BreadcrumbList\",\"@id\":\"https:\\\/\\\/sysmatec.ch\\\/de\\\/gewebemuhle\\\/#breadcrumb\",\"itemListElement\":[{\"@type\":\"ListItem\",\"position\":1,\"name\":\"Accueil\",\"item\":\"https:\\\/\\\/sysmatec.ch\\\/de\\\/\"},{\"@type\":\"ListItem\",\"position\":2,\"name\":\"Gewebem\u00fchle\"}]},{\"@type\":\"WebSite\",\"@id\":\"https:\\\/\\\/sysmatec.ch\\\/de\\\/#website\",\"url\":\"https:\\\/\\\/sysmatec.ch\\\/de\\\/\",\"name\":\"Sysmatec\",\"description\":\"Equipement de laboratoire et logiciels\",\"publisher\":{\"@id\":\"https:\\\/\\\/sysmatec.ch\\\/de\\\/#organization\"},\"potentialAction\":[{\"@type\":\"SearchAction\",\"target\":{\"@type\":\"EntryPoint\",\"urlTemplate\":\"https:\\\/\\\/sysmatec.ch\\\/de\\\/?s={search_term_string}\"},\"query-input\":{\"@type\":\"PropertyValueSpecification\",\"valueRequired\":true,\"valueName\":\"search_term_string\"}}],\"inLanguage\":\"de\"},{\"@type\":\"Organization\",\"@id\":\"https:\\\/\\\/sysmatec.ch\\\/de\\\/#organization\",\"name\":\"Sysmatec\",\"url\":\"https:\\\/\\\/sysmatec.ch\\\/de\\\/\",\"logo\":{\"@type\":\"ImageObject\",\"inLanguage\":\"de\",\"@id\":\"https:\\\/\\\/sysmatec.ch\\\/de\\\/#\\\/schema\\\/logo\\\/image\\\/\",\"url\":\"https:\\\/\\\/sysmatec.ch\\\/wp-content\\\/uploads\\\/2018\\\/11\\\/LogoSysmatec.jpg\",\"contentUrl\":\"https:\\\/\\\/sysmatec.ch\\\/wp-content\\\/uploads\\\/2018\\\/11\\\/LogoSysmatec.jpg\",\"width\":301,\"height\":297,\"caption\":\"Sysmatec\"},\"image\":{\"@id\":\"https:\\\/\\\/sysmatec.ch\\\/de\\\/#\\\/schema\\\/logo\\\/image\\\/\"}}]}<\/script>\n<!-- \/ Yoast SEO plugin. -->","yoast_head_json":{"title":"Gewebem\u00fchle - Sysmatec","description":"Gewebem\u00fchle erm\u00f6glicht das Mahlen von Bakterien, Algen oder Tier- und Pflanzenzellen oder das Homogenisieren von Suspensionen.","robots":{"index":"index","follow":"follow","max-snippet":"max-snippet:-1","max-image-preview":"max-image-preview:large","max-video-preview":"max-video-preview:-1"},"canonical":"https:\/\/sysmatec.ch\/de\/gewebemuhle\/","og_locale":"de_DE","og_type":"article","og_title":"Gewebem\u00fchle - Sysmatec","og_description":"Gewebem\u00fchle erm\u00f6glicht das Mahlen von Bakterien, Algen oder Tier- und Pflanzenzellen oder das Homogenisieren von Suspensionen.","og_url":"https:\/\/sysmatec.ch\/de\/gewebemuhle\/","og_site_name":"Sysmatec","article_modified_time":"2022-05-24T19:34:49+00:00","twitter_card":"summary_large_image","twitter_misc":{"Gesch\u00e4tzte Lesezeit":"1\u00a0Minute"},"schema":{"@context":"https:\/\/schema.org","@graph":[{"@type":"WebPage","@id":"https:\/\/sysmatec.ch\/de\/gewebemuhle\/","url":"https:\/\/sysmatec.ch\/de\/gewebemuhle\/","name":"Gewebem\u00fchle - Sysmatec","isPartOf":{"@id":"https:\/\/sysmatec.ch\/de\/#website"},"datePublished":"2019-01-26T18:14:26+00:00","dateModified":"2022-05-24T19:34:49+00:00","description":"Gewebem\u00fchle erm\u00f6glicht das Mahlen von Bakterien, Algen oder Tier- und Pflanzenzellen oder das Homogenisieren von Suspensionen.","breadcrumb":{"@id":"https:\/\/sysmatec.ch\/de\/gewebemuhle\/#breadcrumb"},"inLanguage":"de","potentialAction":[{"@type":"ReadAction","target":["https:\/\/sysmatec.ch\/de\/gewebemuhle\/"]}]},{"@type":"BreadcrumbList","@id":"https:\/\/sysmatec.ch\/de\/gewebemuhle\/#breadcrumb","itemListElement":[{"@type":"ListItem","position":1,"name":"Accueil","item":"https:\/\/sysmatec.ch\/de\/"},{"@type":"ListItem","position":2,"name":"Gewebem\u00fchle"}]},{"@type":"WebSite","@id":"https:\/\/sysmatec.ch\/de\/#website","url":"https:\/\/sysmatec.ch\/de\/","name":"Sysmatec","description":"Equipement de laboratoire et logiciels","publisher":{"@id":"https:\/\/sysmatec.ch\/de\/#organization"},"potentialAction":[{"@type":"SearchAction","target":{"@type":"EntryPoint","urlTemplate":"https:\/\/sysmatec.ch\/de\/?s={search_term_string}"},"query-input":{"@type":"PropertyValueSpecification","valueRequired":true,"valueName":"search_term_string"}}],"inLanguage":"de"},{"@type":"Organization","@id":"https:\/\/sysmatec.ch\/de\/#organization","name":"Sysmatec","url":"https:\/\/sysmatec.ch\/de\/","logo":{"@type":"ImageObject","inLanguage":"de","@id":"https:\/\/sysmatec.ch\/de\/#\/schema\/logo\/image\/","url":"https:\/\/sysmatec.ch\/wp-content\/uploads\/2018\/11\/LogoSysmatec.jpg","contentUrl":"https:\/\/sysmatec.ch\/wp-content\/uploads\/2018\/11\/LogoSysmatec.jpg","width":301,"height":297,"caption":"Sysmatec"},"image":{"@id":"https:\/\/sysmatec.ch\/de\/#\/schema\/logo\/image\/"}}]}},"_links":{"self":[{"href":"https:\/\/sysmatec.ch\/de\/wp-json\/wp\/v2\/pages\/1601","targetHints":{"allow":["GET"]}}],"collection":[{"href":"https:\/\/sysmatec.ch\/de\/wp-json\/wp\/v2\/pages"}],"about":[{"href":"https:\/\/sysmatec.ch\/de\/wp-json\/wp\/v2\/types\/page"}],"author":[{"embeddable":true,"href":"https:\/\/sysmatec.ch\/de\/wp-json\/wp\/v2\/users\/3"}],"replies":[{"embeddable":true,"href":"https:\/\/sysmatec.ch\/de\/wp-json\/wp\/v2\/comments?post=1601"}],"version-history":[{"count":6,"href":"https:\/\/sysmatec.ch\/de\/wp-json\/wp\/v2\/pages\/1601\/revisions"}],"predecessor-version":[{"id":21006,"href":"https:\/\/sysmatec.ch\/de\/wp-json\/wp\/v2\/pages\/1601\/revisions\/21006"}],"wp:attachment":[{"href":"https:\/\/sysmatec.ch\/de\/wp-json\/wp\/v2\/media?parent=1601"}],"curies":[{"name":"wp","href":"https:\/\/api.w.org\/{rel}","templated":true}]}}