{"id":1597,"date":"2019-01-26T18:46:23","date_gmt":"2019-01-26T17:46:23","guid":{"rendered":"https:\/\/sysmatec.ch\/?page_id=1597"},"modified":"2022-05-24T08:48:39","modified_gmt":"2022-05-24T06:48:39","slug":"handschuhebox","status":"publish","type":"page","link":"https:\/\/sysmatec.ch\/de\/handschuhebox\/","title":{"rendered":"Handschuhebox"},"content":{"rendered":"\n<p class=\"wp-block-paragraph\">Hierbei handelt es sich um Schutzgeh\u00e4use mit eingebauten Handschuhen, die die Handhabung in einer engen Atmosph\u00e4re erm\u00f6glichen. Einige dieser Handschuhboxen verf\u00fcgen \u00fcber eine Luftschleuse, die den Transport verschiedener Gegenst\u00e4nde oder Produkte erm\u00f6glicht.<\/p>\n\n\n\n<p class=\"wp-block-paragraph\"><div class=\"woocommerce columns-4 \"><ul class=\"products columns-4\">\n<li class=\"product type-product post-2225 status-publish first instock product_cat-handschuhebox has-post-thumbnail taxable shipping-taxable product-type-simple\">\n\t<a href=\"https:\/\/sysmatec.ch\/de\/Produkt\/handschuhbox-v1982-v1984\/\" class=\"woocommerce-LoopProduct-link woocommerce-loop-product__link\"><img loading=\"lazy\" decoding=\"async\" width=\"162\" height=\"122\" src=\"https:\/\/sysmatec.ch\/wp-content\/uploads\/2019\/01\/Boite-a-gants_BolaV1984.jpg\" class=\"attachment-woocommerce_thumbnail size-woocommerce_thumbnail\" alt=\"Handschuhbox V1982 \/ V1984\" \/><h2 class=\"woocommerce-loop-product__title\">Handschuhbox V1982 \/ V1984<\/h2>\n<\/a><a href=\"https:\/\/sysmatec.ch\/de\/Produkt\/handschuhbox-v1982-v1984\/\" aria-describedby=\"woocommerce_loop_add_to_cart_link_describedby_2225\" data-quantity=\"1\" class=\"button product_type_simple\" data-product_id=\"2225\" data-product_sku=\"\" aria-label=\"Lese mehr \u00fcber &#8222;Handschuhbox V1982 \/ V1984&#8220;\" rel=\"nofollow\" data-success_message=\"\">Weiterlesen<\/a>\t<span id=\"woocommerce_loop_add_to_cart_link_describedby_2225\" class=\"screen-reader-text\">\n\t\t\t<\/span>\n<\/li>\n<li class=\"product type-product post-2223 status-publish instock product_cat-handschuhebox has-post-thumbnail taxable shipping-taxable product-type-simple\">\n\t<a href=\"https:\/\/sysmatec.ch\/de\/Produkt\/handschuhbox-vitrum-mit-schleuse-v1986-08\/\" class=\"woocommerce-LoopProduct-link woocommerce-loop-product__link\"><img loading=\"lazy\" decoding=\"async\" width=\"191\" height=\"144\" src=\"https:\/\/sysmatec.ch\/wp-content\/uploads\/2019\/01\/Boite-a-gants_BolaV1986-08.jpg\" class=\"attachment-woocommerce_thumbnail size-woocommerce_thumbnail\" alt=\"Handschuhbox Vitrum mit Schleuse V1986-08\" \/><h2 class=\"woocommerce-loop-product__title\">Handschuhbox Vitrum mit Schleuse V1986-08<\/h2>\n<\/a><a href=\"https:\/\/sysmatec.ch\/de\/Produkt\/handschuhbox-vitrum-mit-schleuse-v1986-08\/\" aria-describedby=\"woocommerce_loop_add_to_cart_link_describedby_2223\" data-quantity=\"1\" class=\"button product_type_simple\" data-product_id=\"2223\" data-product_sku=\"\" aria-label=\"Lese mehr \u00fcber &#8222;Handschuhbox Vitrum mit Schleuse V1986-08&#8220;\" rel=\"nofollow\" data-success_message=\"\">Weiterlesen<\/a>\t<span id=\"woocommerce_loop_add_to_cart_link_describedby_2223\" class=\"screen-reader-text\">\n\t\t\t<\/span>\n<\/li>\n<li class=\"product type-product post-29597 status-publish instock product_cat-handschuhebox has-post-thumbnail taxable shipping-taxable product-type-simple\">\n\t<a href=\"https:\/\/sysmatec.ch\/de\/Produkt\/handschuhbox-el202-basic\/\" class=\"woocommerce-LoopProduct-link woocommerce-loop-product__link\"><img loading=\"lazy\" decoding=\"async\" width=\"324\" height=\"324\" src=\"https:\/\/sysmatec.ch\/wp-content\/uploads\/2024\/05\/BoiteaGants_EL202Iteco-324x324.jpg\" class=\"attachment-woocommerce_thumbnail size-woocommerce_thumbnail\" alt=\"Handschuhbox EL202 Basic\" srcset=\"https:\/\/sysmatec.ch\/wp-content\/uploads\/2024\/05\/BoiteaGants_EL202Iteco-324x324.jpg 324w, https:\/\/sysmatec.ch\/wp-content\/uploads\/2024\/05\/BoiteaGants_EL202Iteco-100x100.jpg 100w, https:\/\/sysmatec.ch\/wp-content\/uploads\/2024\/05\/BoiteaGants_EL202Iteco-150x150.jpg 150w\" sizes=\"auto, (max-width: 324px) 100vw, 324px\" \/><h2 class=\"woocommerce-loop-product__title\">Handschuhbox EL202 Basic<\/h2>\n<\/a><a href=\"https:\/\/sysmatec.ch\/de\/Produkt\/handschuhbox-el202-basic\/\" aria-describedby=\"woocommerce_loop_add_to_cart_link_describedby_29597\" data-quantity=\"1\" class=\"button product_type_simple\" data-product_id=\"29597\" data-product_sku=\"\" aria-label=\"Lese mehr \u00fcber &#8222;Handschuhbox EL202 Basic&#8220;\" rel=\"nofollow\" data-success_message=\"\">Weiterlesen<\/a>\t<span id=\"woocommerce_loop_add_to_cart_link_describedby_29597\" class=\"screen-reader-text\">\n\t\t\t<\/span>\n<\/li>\n<li class=\"product type-product post-28532 status-publish last instock product_cat-handschuhebox has-post-thumbnail taxable shipping-taxable product-type-simple\">\n\t<a href=\"https:\/\/sysmatec.ch\/de\/Produkt\/handschuhbox-fuer-vakuum-typ-06593\/\" class=\"woocommerce-LoopProduct-link woocommerce-loop-product__link\"><img loading=\"lazy\" decoding=\"async\" width=\"324\" height=\"324\" src=\"https:\/\/sysmatec.ch\/wp-content\/uploads\/2023\/04\/Boite-a-gants_Munro06593-324x324.jpg\" class=\"attachment-woocommerce_thumbnail size-woocommerce_thumbnail\" alt=\"Handschuhbox f\u00fcr Vakuum Typ 06593\" srcset=\"https:\/\/sysmatec.ch\/wp-content\/uploads\/2023\/04\/Boite-a-gants_Munro06593-324x324.jpg 324w, https:\/\/sysmatec.ch\/wp-content\/uploads\/2023\/04\/Boite-a-gants_Munro06593-100x100.jpg 100w, https:\/\/sysmatec.ch\/wp-content\/uploads\/2023\/04\/Boite-a-gants_Munro06593-150x150.jpg 150w\" sizes=\"auto, (max-width: 324px) 100vw, 324px\" \/><h2 class=\"woocommerce-loop-product__title\">Handschuhbox f\u00fcr Vakuum Typ 06593<\/h2>\n<\/a><a href=\"https:\/\/sysmatec.ch\/de\/Produkt\/handschuhbox-fuer-vakuum-typ-06593\/\" aria-describedby=\"woocommerce_loop_add_to_cart_link_describedby_28532\" data-quantity=\"1\" class=\"button product_type_simple\" data-product_id=\"28532\" data-product_sku=\"\" aria-label=\"Lese mehr \u00fcber &#8222;Handschuhbox f\u00fcr Vakuum Typ 06593&#8220;\" rel=\"nofollow\" data-success_message=\"\">Weiterlesen<\/a>\t<span id=\"woocommerce_loop_add_to_cart_link_describedby_28532\" class=\"screen-reader-text\">\n\t\t\t<\/span>\n<\/li>\n<li class=\"product type-product post-28526 status-publish first instock product_cat-handschuhebox has-post-thumbnail taxable shipping-taxable product-type-simple\">\n\t<a href=\"https:\/\/sysmatec.ch\/de\/Produkt\/handschuhbox-fuer-vakuum-typ-06904\/\" class=\"woocommerce-LoopProduct-link woocommerce-loop-product__link\"><img loading=\"lazy\" decoding=\"async\" width=\"324\" height=\"324\" src=\"https:\/\/sysmatec.ch\/wp-content\/uploads\/2023\/04\/Boite-a-gants_Munro06904-324x324.jpg\" class=\"attachment-woocommerce_thumbnail size-woocommerce_thumbnail\" alt=\"Handschuhbox f\u00fcr Vakuum Typ 06904\" srcset=\"https:\/\/sysmatec.ch\/wp-content\/uploads\/2023\/04\/Boite-a-gants_Munro06904-324x324.jpg 324w, https:\/\/sysmatec.ch\/wp-content\/uploads\/2023\/04\/Boite-a-gants_Munro06904-100x100.jpg 100w, https:\/\/sysmatec.ch\/wp-content\/uploads\/2023\/04\/Boite-a-gants_Munro06904-150x150.jpg 150w\" sizes=\"auto, (max-width: 324px) 100vw, 324px\" \/><h2 class=\"woocommerce-loop-product__title\">Handschuhbox f\u00fcr Vakuum Typ 06904<\/h2>\n<\/a><a href=\"https:\/\/sysmatec.ch\/de\/Produkt\/handschuhbox-fuer-vakuum-typ-06904\/\" aria-describedby=\"woocommerce_loop_add_to_cart_link_describedby_28526\" data-quantity=\"1\" class=\"button product_type_simple\" data-product_id=\"28526\" data-product_sku=\"\" aria-label=\"Lese mehr \u00fcber &#8222;Handschuhbox f\u00fcr Vakuum Typ 06904&#8220;\" rel=\"nofollow\" data-success_message=\"\">Weiterlesen<\/a>\t<span id=\"woocommerce_loop_add_to_cart_link_describedby_28526\" class=\"screen-reader-text\">\n\t\t\t<\/span>\n<\/li>\n<li class=\"product type-product post-2221 status-publish instock product_cat-handschuhebox has-post-thumbnail taxable shipping-taxable product-type-simple\">\n\t<a href=\"https:\/\/sysmatec.ch\/de\/Produkt\/handschuhbox-trio-mit-schleuse-pmma-pe-v1750-08\/\" class=\"woocommerce-LoopProduct-link woocommerce-loop-product__link\"><img loading=\"lazy\" decoding=\"async\" width=\"186\" height=\"140\" src=\"https:\/\/sysmatec.ch\/wp-content\/uploads\/2019\/01\/Boite-a-gants_BolaV1750.jpg\" class=\"attachment-woocommerce_thumbnail size-woocommerce_thumbnail\" alt=\"Handschuhbox Trio mit Schleuse, PMMA\/PE, V1750-08\" \/><h2 class=\"woocommerce-loop-product__title\">Handschuhbox Trio mit Schleuse, PMMA\/PE, V1750-08<\/h2>\n<\/a><a href=\"https:\/\/sysmatec.ch\/de\/Produkt\/handschuhbox-trio-mit-schleuse-pmma-pe-v1750-08\/\" aria-describedby=\"woocommerce_loop_add_to_cart_link_describedby_2221\" data-quantity=\"1\" class=\"button product_type_simple\" data-product_id=\"2221\" data-product_sku=\"\" aria-label=\"Lese mehr \u00fcber &#8222;Handschuhbox Trio mit Schleuse, PMMA\/PE, V1750-08&#8220;\" rel=\"nofollow\" data-success_message=\"\">Weiterlesen<\/a>\t<span id=\"woocommerce_loop_add_to_cart_link_describedby_2221\" class=\"screen-reader-text\">\n\t\t\t<\/span>\n<\/li>\n<li class=\"product type-product post-29455 status-publish instock product_cat-handschuhebox has-post-thumbnail taxable shipping-taxable product-type-simple\">\n\t<a href=\"https:\/\/sysmatec.ch\/de\/Produkt\/handschuhebox-captair-pyramid\/\" class=\"woocommerce-LoopProduct-link woocommerce-loop-product__link\"><img loading=\"lazy\" decoding=\"async\" width=\"324\" height=\"324\" src=\"https:\/\/sysmatec.ch\/wp-content\/uploads\/2024\/05\/BoiteAGants_CaptairPyramid-324x324.jpg\" class=\"attachment-woocommerce_thumbnail size-woocommerce_thumbnail\" alt=\"Handschuhebox Captair Pyramid\" srcset=\"https:\/\/sysmatec.ch\/wp-content\/uploads\/2024\/05\/BoiteAGants_CaptairPyramid-324x324.jpg 324w, https:\/\/sysmatec.ch\/wp-content\/uploads\/2024\/05\/BoiteAGants_CaptairPyramid-100x100.jpg 100w, https:\/\/sysmatec.ch\/wp-content\/uploads\/2024\/05\/BoiteAGants_CaptairPyramid-150x150.jpg 150w\" sizes=\"auto, (max-width: 324px) 100vw, 324px\" \/><h2 class=\"woocommerce-loop-product__title\">Handschuhebox Captair Pyramid<\/h2>\n<\/a><a href=\"https:\/\/sysmatec.ch\/de\/Produkt\/handschuhebox-captair-pyramid\/\" aria-describedby=\"woocommerce_loop_add_to_cart_link_describedby_29455\" data-quantity=\"1\" class=\"button product_type_simple\" data-product_id=\"29455\" data-product_sku=\"\" aria-label=\"Lese mehr \u00fcber &#8222;Handschuhebox Captair Pyramid&#8220;\" rel=\"nofollow\" data-success_message=\"\">Weiterlesen<\/a>\t<span id=\"woocommerce_loop_add_to_cart_link_describedby_29455\" class=\"screen-reader-text\">\n\t\t\t<\/span>\n<\/li>\n<\/ul>\n<\/div><\/p>\n","protected":false},"excerpt":{"rendered":"<p>Hierbei handelt es sich um Schutzgeh\u00e4use mit eingebauten Handschuhen, die die Handhabung in einer engen Atmosph\u00e4re erm\u00f6glichen. Einige dieser Handschuhboxen verf\u00fcgen \u00fcber eine Luftschleuse, die den Transport verschiedener Gegenst\u00e4nde oder Produkte erm\u00f6glicht.<\/p>\n","protected":false},"author":3,"featured_media":0,"parent":0,"menu_order":0,"comment_status":"closed","ping_status":"closed","template":"","meta":{"_crdt_document":"","footnotes":""},"class_list":["post-1597","page","type-page","status-publish","hentry"],"yoast_head":"<!-- This site is optimized with the Yoast SEO plugin v27.3 - https:\/\/yoast.com\/product\/yoast-seo-wordpress\/ -->\n<title>Handschuhebox - Sysmatec<\/title>\n<meta name=\"description\" content=\"Handschuhebox sind Schutzgeh\u00e4use mit eingebauten Handschuhen, die die Handhabung in einer engen Atmosph\u00e4re erm\u00f6glichen.\" \/>\n<meta name=\"robots\" content=\"index, follow, max-snippet:-1, max-image-preview:large, max-video-preview:-1\" \/>\n<link rel=\"canonical\" href=\"https:\/\/sysmatec.ch\/de\/handschuhebox\/\" \/>\n<meta property=\"og:locale\" content=\"de_DE\" \/>\n<meta property=\"og:type\" content=\"article\" \/>\n<meta property=\"og:title\" content=\"Handschuhebox - Sysmatec\" \/>\n<meta property=\"og:description\" content=\"Handschuhebox sind Schutzgeh\u00e4use mit eingebauten Handschuhen, die die Handhabung in einer engen Atmosph\u00e4re erm\u00f6glichen.\" \/>\n<meta property=\"og:url\" content=\"https:\/\/sysmatec.ch\/de\/handschuhebox\/\" \/>\n<meta property=\"og:site_name\" content=\"Sysmatec\" \/>\n<meta property=\"article:modified_time\" content=\"2022-05-24T06:48:39+00:00\" \/>\n<meta name=\"twitter:card\" content=\"summary_large_image\" \/>\n<meta name=\"twitter:label1\" content=\"Gesch\u00e4tzte Lesezeit\" \/>\n\t<meta name=\"twitter:data1\" content=\"1\u00a0Minute\" \/>\n<script type=\"application\/ld+json\" class=\"yoast-schema-graph\">{\"@context\":\"https:\\\/\\\/schema.org\",\"@graph\":[{\"@type\":\"WebPage\",\"@id\":\"https:\\\/\\\/sysmatec.ch\\\/de\\\/handschuhebox\\\/\",\"url\":\"https:\\\/\\\/sysmatec.ch\\\/de\\\/handschuhebox\\\/\",\"name\":\"Handschuhebox - Sysmatec\",\"isPartOf\":{\"@id\":\"https:\\\/\\\/sysmatec.ch\\\/de\\\/#website\"},\"datePublished\":\"2019-01-26T17:46:23+00:00\",\"dateModified\":\"2022-05-24T06:48:39+00:00\",\"description\":\"Handschuhebox sind Schutzgeh\u00e4use mit eingebauten Handschuhen, die die Handhabung in einer engen Atmosph\u00e4re erm\u00f6glichen.\",\"breadcrumb\":{\"@id\":\"https:\\\/\\\/sysmatec.ch\\\/de\\\/handschuhebox\\\/#breadcrumb\"},\"inLanguage\":\"de\",\"potentialAction\":[{\"@type\":\"ReadAction\",\"target\":[\"https:\\\/\\\/sysmatec.ch\\\/de\\\/handschuhebox\\\/\"]}]},{\"@type\":\"BreadcrumbList\",\"@id\":\"https:\\\/\\\/sysmatec.ch\\\/de\\\/handschuhebox\\\/#breadcrumb\",\"itemListElement\":[{\"@type\":\"ListItem\",\"position\":1,\"name\":\"Accueil\",\"item\":\"https:\\\/\\\/sysmatec.ch\\\/de\\\/\"},{\"@type\":\"ListItem\",\"position\":2,\"name\":\"Handschuhebox\"}]},{\"@type\":\"WebSite\",\"@id\":\"https:\\\/\\\/sysmatec.ch\\\/de\\\/#website\",\"url\":\"https:\\\/\\\/sysmatec.ch\\\/de\\\/\",\"name\":\"Sysmatec\",\"description\":\"Equipement de laboratoire et logiciels\",\"publisher\":{\"@id\":\"https:\\\/\\\/sysmatec.ch\\\/de\\\/#organization\"},\"potentialAction\":[{\"@type\":\"SearchAction\",\"target\":{\"@type\":\"EntryPoint\",\"urlTemplate\":\"https:\\\/\\\/sysmatec.ch\\\/de\\\/?s={search_term_string}\"},\"query-input\":{\"@type\":\"PropertyValueSpecification\",\"valueRequired\":true,\"valueName\":\"search_term_string\"}}],\"inLanguage\":\"de\"},{\"@type\":\"Organization\",\"@id\":\"https:\\\/\\\/sysmatec.ch\\\/de\\\/#organization\",\"name\":\"Sysmatec\",\"url\":\"https:\\\/\\\/sysmatec.ch\\\/de\\\/\",\"logo\":{\"@type\":\"ImageObject\",\"inLanguage\":\"de\",\"@id\":\"https:\\\/\\\/sysmatec.ch\\\/de\\\/#\\\/schema\\\/logo\\\/image\\\/\",\"url\":\"https:\\\/\\\/sysmatec.ch\\\/wp-content\\\/uploads\\\/2018\\\/11\\\/LogoSysmatec.jpg\",\"contentUrl\":\"https:\\\/\\\/sysmatec.ch\\\/wp-content\\\/uploads\\\/2018\\\/11\\\/LogoSysmatec.jpg\",\"width\":301,\"height\":297,\"caption\":\"Sysmatec\"},\"image\":{\"@id\":\"https:\\\/\\\/sysmatec.ch\\\/de\\\/#\\\/schema\\\/logo\\\/image\\\/\"}}]}<\/script>\n<!-- \/ Yoast SEO plugin. -->","yoast_head_json":{"title":"Handschuhebox - Sysmatec","description":"Handschuhebox sind Schutzgeh\u00e4use mit eingebauten Handschuhen, die die Handhabung in einer engen Atmosph\u00e4re erm\u00f6glichen.","robots":{"index":"index","follow":"follow","max-snippet":"max-snippet:-1","max-image-preview":"max-image-preview:large","max-video-preview":"max-video-preview:-1"},"canonical":"https:\/\/sysmatec.ch\/de\/handschuhebox\/","og_locale":"de_DE","og_type":"article","og_title":"Handschuhebox - Sysmatec","og_description":"Handschuhebox sind Schutzgeh\u00e4use mit eingebauten Handschuhen, die die Handhabung in einer engen Atmosph\u00e4re erm\u00f6glichen.","og_url":"https:\/\/sysmatec.ch\/de\/handschuhebox\/","og_site_name":"Sysmatec","article_modified_time":"2022-05-24T06:48:39+00:00","twitter_card":"summary_large_image","twitter_misc":{"Gesch\u00e4tzte Lesezeit":"1\u00a0Minute"},"schema":{"@context":"https:\/\/schema.org","@graph":[{"@type":"WebPage","@id":"https:\/\/sysmatec.ch\/de\/handschuhebox\/","url":"https:\/\/sysmatec.ch\/de\/handschuhebox\/","name":"Handschuhebox - Sysmatec","isPartOf":{"@id":"https:\/\/sysmatec.ch\/de\/#website"},"datePublished":"2019-01-26T17:46:23+00:00","dateModified":"2022-05-24T06:48:39+00:00","description":"Handschuhebox sind Schutzgeh\u00e4use mit eingebauten Handschuhen, die die Handhabung in einer engen Atmosph\u00e4re erm\u00f6glichen.","breadcrumb":{"@id":"https:\/\/sysmatec.ch\/de\/handschuhebox\/#breadcrumb"},"inLanguage":"de","potentialAction":[{"@type":"ReadAction","target":["https:\/\/sysmatec.ch\/de\/handschuhebox\/"]}]},{"@type":"BreadcrumbList","@id":"https:\/\/sysmatec.ch\/de\/handschuhebox\/#breadcrumb","itemListElement":[{"@type":"ListItem","position":1,"name":"Accueil","item":"https:\/\/sysmatec.ch\/de\/"},{"@type":"ListItem","position":2,"name":"Handschuhebox"}]},{"@type":"WebSite","@id":"https:\/\/sysmatec.ch\/de\/#website","url":"https:\/\/sysmatec.ch\/de\/","name":"Sysmatec","description":"Equipement de laboratoire et logiciels","publisher":{"@id":"https:\/\/sysmatec.ch\/de\/#organization"},"potentialAction":[{"@type":"SearchAction","target":{"@type":"EntryPoint","urlTemplate":"https:\/\/sysmatec.ch\/de\/?s={search_term_string}"},"query-input":{"@type":"PropertyValueSpecification","valueRequired":true,"valueName":"search_term_string"}}],"inLanguage":"de"},{"@type":"Organization","@id":"https:\/\/sysmatec.ch\/de\/#organization","name":"Sysmatec","url":"https:\/\/sysmatec.ch\/de\/","logo":{"@type":"ImageObject","inLanguage":"de","@id":"https:\/\/sysmatec.ch\/de\/#\/schema\/logo\/image\/","url":"https:\/\/sysmatec.ch\/wp-content\/uploads\/2018\/11\/LogoSysmatec.jpg","contentUrl":"https:\/\/sysmatec.ch\/wp-content\/uploads\/2018\/11\/LogoSysmatec.jpg","width":301,"height":297,"caption":"Sysmatec"},"image":{"@id":"https:\/\/sysmatec.ch\/de\/#\/schema\/logo\/image\/"}}]}},"_links":{"self":[{"href":"https:\/\/sysmatec.ch\/de\/wp-json\/wp\/v2\/pages\/1597","targetHints":{"allow":["GET"]}}],"collection":[{"href":"https:\/\/sysmatec.ch\/de\/wp-json\/wp\/v2\/pages"}],"about":[{"href":"https:\/\/sysmatec.ch\/de\/wp-json\/wp\/v2\/types\/page"}],"author":[{"embeddable":true,"href":"https:\/\/sysmatec.ch\/de\/wp-json\/wp\/v2\/users\/3"}],"replies":[{"embeddable":true,"href":"https:\/\/sysmatec.ch\/de\/wp-json\/wp\/v2\/comments?post=1597"}],"version-history":[{"count":2,"href":"https:\/\/sysmatec.ch\/de\/wp-json\/wp\/v2\/pages\/1597\/revisions"}],"predecessor-version":[{"id":20989,"href":"https:\/\/sysmatec.ch\/de\/wp-json\/wp\/v2\/pages\/1597\/revisions\/20989"}],"wp:attachment":[{"href":"https:\/\/sysmatec.ch\/de\/wp-json\/wp\/v2\/media?parent=1597"}],"curies":[{"name":"wp","href":"https:\/\/api.w.org\/{rel}","templated":true}]}}