{"id":1592,"date":"2019-01-26T18:38:19","date_gmt":"2019-01-26T17:38:19","guid":{"rendered":"https:\/\/sysmatec.ch\/?page_id=1592"},"modified":"2022-05-24T08:43:31","modified_gmt":"2022-05-24T06:43:31","slug":"thermostatischer-block","status":"publish","type":"page","link":"https:\/\/sysmatec.ch\/de\/thermostatischer-block\/","title":{"rendered":"Thermostatische Bl\u00f6cke"},"content":{"rendered":"\n<p class=\"wp-block-paragraph\">Thermostatbl\u00f6cke erm\u00f6glichen das Erhitzen und f\u00fcr einige auch K\u00fchlrohre oder Glasbeh\u00e4lter. Sie sind im Bereich der PCR (Polymerase Chain Reaction) weit verbreitet. Sie k\u00f6nnen allgemeiner f\u00fcr Probenvorbereitungen und Reaktionen verwendet werden, die erhitzt werden m\u00fcssen. Die gr\u00f6\u00dferen werden auch f\u00fcr chemische Hochtemperaturreaktionen oder zur Durchf\u00fchrung von Verdampfungen verwendet.<\/p>\n\n\n\n<p class=\"wp-block-paragraph\"><div class=\"woocommerce columns-4 \"><ul class=\"products columns-4\">\n<li class=\"product type-product post-8288 status-publish first instock product_cat-thermostatblock has-post-thumbnail taxable shipping-taxable purchasable product-type-variable\">\n\t<a href=\"https:\/\/sysmatec.ch\/de\/Produkt\/kuehlbehaelter-ack-30x\/\" class=\"woocommerce-LoopProduct-link woocommerce-loop-product__link\"><img loading=\"lazy\" decoding=\"async\" width=\"183\" height=\"211\" src=\"https:\/\/sysmatec.ch\/wp-content\/uploads\/2019\/07\/Bloc_AELabACK302.jpg\" class=\"attachment-woocommerce_thumbnail size-woocommerce_thumbnail\" alt=\"K\u00fchlbeh\u00e4lter ACK-30x\" \/><h2 class=\"woocommerce-loop-product__title\">K\u00fchlbeh\u00e4lter ACK-30x<\/h2>\n\t<span class=\"price\"><span class=\"woocommerce-Price-amount amount\" aria-hidden=\"true\"><bdi><span class=\"woocommerce-Price-currencySymbol\">&#67;&#72;&#70;<\/span>&nbsp;37.00<\/bdi><\/span> <span aria-hidden=\"true\"> \u2013 <\/span> <span class=\"woocommerce-Price-amount amount\" aria-hidden=\"true\"><bdi><span class=\"woocommerce-Price-currencySymbol\">&#67;&#72;&#70;<\/span>&nbsp;651.00<\/bdi><\/span><span class=\"screen-reader-text\">Preisspanne: &#67;&#72;&#70;&nbsp;37.00 bis &#67;&#72;&#70;&nbsp;651.00<\/span><\/span>\n<\/a><a href=\"https:\/\/sysmatec.ch\/de\/Produkt\/kuehlbehaelter-ack-30x\/\" aria-describedby=\"woocommerce_loop_add_to_cart_link_describedby_8288\" data-quantity=\"1\" class=\"button product_type_variable add_to_cart_button\" data-product_id=\"8288\" data-product_sku=\"\" aria-label=\"W\u00e4hle Optionen f\u00fcr \u201eK\u00fchlbeh\u00e4lter ACK-30x\u201c\" rel=\"nofollow\">Ausf\u00fchrung w\u00e4hlen<\/a>\t<span id=\"woocommerce_loop_add_to_cart_link_describedby_8288\" class=\"screen-reader-text\">\n\t\tDieses Produkt weist mehrere Varianten auf. Die Optionen k\u00f6nnen auf der Produktseite gew\u00e4hlt werden\t<\/span>\n<\/li>\n<li class=\"product type-product post-8295 status-publish instock product_cat-thermostatblock has-post-thumbnail taxable shipping-taxable product-type-simple\">\n\t<a href=\"https:\/\/sysmatec.ch\/de\/Produkt\/heiz-kuehl-bad-h2o3\/\" class=\"woocommerce-LoopProduct-link woocommerce-loop-product__link\"><img loading=\"lazy\" decoding=\"async\" width=\"197\" height=\"154\" src=\"https:\/\/sysmatec.ch\/wp-content\/uploads\/2019\/07\/Bloc_CoyotebioH2O3.jpg\" class=\"attachment-woocommerce_thumbnail size-woocommerce_thumbnail\" alt=\"Heiz- K\u00fchl- Bad H2O3\" \/><h2 class=\"woocommerce-loop-product__title\">Heiz- K\u00fchl- Bad H2O3<\/h2>\n<\/a><a href=\"https:\/\/sysmatec.ch\/de\/Produkt\/heiz-kuehl-bad-h2o3\/\" aria-describedby=\"woocommerce_loop_add_to_cart_link_describedby_8295\" data-quantity=\"1\" class=\"button product_type_simple\" data-product_id=\"8295\" data-product_sku=\"\" aria-label=\"Lese mehr \u00fcber &#8222;Heiz- K\u00fchl- Bad H2O3&#8220;\" rel=\"nofollow\" data-success_message=\"\">Weiterlesen<\/a>\t<span id=\"woocommerce_loop_add_to_cart_link_describedby_8295\" class=\"screen-reader-text\">\n\t\t\t<\/span>\n<\/li>\n<li class=\"product type-product post-29711 status-publish instock product_cat-thermostatblock has-post-thumbnail taxable shipping-taxable product-type-simple\">\n\t<a href=\"https:\/\/sysmatec.ch\/de\/Produkt\/ein-heiz-und-ein-kuehlthermostat-ch3-150\/\" class=\"woocommerce-LoopProduct-link woocommerce-loop-product__link\"><img loading=\"lazy\" decoding=\"async\" width=\"324\" height=\"324\" src=\"https:\/\/sysmatec.ch\/wp-content\/uploads\/2024\/06\/BlocThermo_CH3_150Biosan1-324x324.jpg\" class=\"attachment-woocommerce_thumbnail size-woocommerce_thumbnail\" alt=\"Ein Heiz- und ein K\u00fchlthermostat CH3-150\" srcset=\"https:\/\/sysmatec.ch\/wp-content\/uploads\/2024\/06\/BlocThermo_CH3_150Biosan1-324x324.jpg 324w, https:\/\/sysmatec.ch\/wp-content\/uploads\/2024\/06\/BlocThermo_CH3_150Biosan1-100x100.jpg 100w, https:\/\/sysmatec.ch\/wp-content\/uploads\/2024\/06\/BlocThermo_CH3_150Biosan1-150x150.jpg 150w\" sizes=\"auto, (max-width: 324px) 100vw, 324px\" \/><h2 class=\"woocommerce-loop-product__title\">Ein Heiz- und ein K\u00fchlthermostat CH3-150<\/h2>\n<\/a><a href=\"https:\/\/sysmatec.ch\/de\/Produkt\/ein-heiz-und-ein-kuehlthermostat-ch3-150\/\" aria-describedby=\"woocommerce_loop_add_to_cart_link_describedby_29711\" data-quantity=\"1\" class=\"button product_type_simple\" data-product_id=\"29711\" data-product_sku=\"\" aria-label=\"Lese mehr \u00fcber &#8222;Ein Heiz- und ein K\u00fchlthermostat CH3-150&#8220;\" rel=\"nofollow\" data-success_message=\"\">Weiterlesen<\/a>\t<span id=\"woocommerce_loop_add_to_cart_link_describedby_29711\" class=\"screen-reader-text\">\n\t\t\t<\/span>\n<\/li>\n<li class=\"product type-product post-29704 status-publish last instock product_cat-thermostatblock has-post-thumbnail taxable shipping-taxable product-type-simple\">\n\t<a href=\"https:\/\/sysmatec.ch\/de\/Produkt\/heiz-kuehl-trockenblock-ch100\/\" class=\"woocommerce-LoopProduct-link woocommerce-loop-product__link\"><img loading=\"lazy\" decoding=\"async\" width=\"324\" height=\"324\" src=\"https:\/\/sysmatec.ch\/wp-content\/uploads\/2024\/06\/BlocThermo_CH100Biosan1-324x324.jpg\" class=\"attachment-woocommerce_thumbnail size-woocommerce_thumbnail\" alt=\"Heiz-\/K\u00fchl-Trockenblock CH100\" srcset=\"https:\/\/sysmatec.ch\/wp-content\/uploads\/2024\/06\/BlocThermo_CH100Biosan1-324x324.jpg 324w, https:\/\/sysmatec.ch\/wp-content\/uploads\/2024\/06\/BlocThermo_CH100Biosan1-100x100.jpg 100w, https:\/\/sysmatec.ch\/wp-content\/uploads\/2024\/06\/BlocThermo_CH100Biosan1-150x150.jpg 150w\" sizes=\"auto, (max-width: 324px) 100vw, 324px\" \/><h2 class=\"woocommerce-loop-product__title\">Heiz-\/K\u00fchl-Trockenblock CH100<\/h2>\n<\/a><a href=\"https:\/\/sysmatec.ch\/de\/Produkt\/heiz-kuehl-trockenblock-ch100\/\" aria-describedby=\"woocommerce_loop_add_to_cart_link_describedby_29704\" data-quantity=\"1\" class=\"button product_type_simple\" data-product_id=\"29704\" data-product_sku=\"\" aria-label=\"Lese mehr \u00fcber &#8222;Heiz-\/K\u00fchl-Trockenblock CH100&#8220;\" rel=\"nofollow\" data-success_message=\"\">Weiterlesen<\/a>\t<span id=\"woocommerce_loop_add_to_cart_link_describedby_29704\" class=\"screen-reader-text\">\n\t\t\t<\/span>\n<\/li>\n<li class=\"product type-product post-14285 status-publish first instock product_cat-thermostatblock has-post-thumbnail taxable shipping-taxable product-type-simple\">\n\t<a href=\"https:\/\/sysmatec.ch\/de\/Produkt\/thermoschuettler-tsi\/\" class=\"woocommerce-LoopProduct-link woocommerce-loop-product__link\"><img loading=\"lazy\" decoding=\"async\" width=\"187\" height=\"191\" src=\"https:\/\/sysmatec.ch\/wp-content\/uploads\/2019\/12\/Bloc_AELabTSI.jpg\" class=\"attachment-woocommerce_thumbnail size-woocommerce_thumbnail\" alt=\"Thermosch\u00fcttler TSI\" \/><h2 class=\"woocommerce-loop-product__title\">Thermosch\u00fcttler TSI<\/h2>\n<\/a><a href=\"https:\/\/sysmatec.ch\/de\/Produkt\/thermoschuettler-tsi\/\" aria-describedby=\"woocommerce_loop_add_to_cart_link_describedby_14285\" data-quantity=\"1\" class=\"button product_type_simple\" data-product_id=\"14285\" data-product_sku=\"\" aria-label=\"Lese mehr \u00fcber &#8222;Thermosch\u00fcttler TSI&#8220;\" rel=\"nofollow\" data-success_message=\"\">Weiterlesen<\/a>\t<span id=\"woocommerce_loop_add_to_cart_link_describedby_14285\" class=\"screen-reader-text\">\n\t\t\t<\/span>\n<\/li>\n<li class=\"product type-product post-8271 status-publish instock product_cat-thermostatblock has-post-thumbnail taxable shipping-taxable product-type-simple\">\n\t<a href=\"https:\/\/sysmatec.ch\/de\/Produkt\/ruehr-und-heiz-block-matrix-orbital-delta-fp\/\" class=\"woocommerce-LoopProduct-link woocommerce-loop-product__link\"><img loading=\"lazy\" decoding=\"async\" width=\"324\" height=\"324\" src=\"https:\/\/sysmatec.ch\/wp-content\/uploads\/2019\/07\/BlocThermostate_IKAMatrixFP-324x324.jpg\" class=\"attachment-woocommerce_thumbnail size-woocommerce_thumbnail\" alt=\"R\u00fchr- und Heiz-block MATRIX Orbital Delta FP\" srcset=\"https:\/\/sysmatec.ch\/wp-content\/uploads\/2019\/07\/BlocThermostate_IKAMatrixFP-324x324.jpg 324w, https:\/\/sysmatec.ch\/wp-content\/uploads\/2019\/07\/BlocThermostate_IKAMatrixFP-150x150.jpg 150w, https:\/\/sysmatec.ch\/wp-content\/uploads\/2019\/07\/BlocThermostate_IKAMatrixFP-100x100.jpg 100w\" sizes=\"auto, (max-width: 324px) 100vw, 324px\" \/><h2 class=\"woocommerce-loop-product__title\">R\u00fchr- und Heiz-block MATRIX Orbital Delta FP<\/h2>\n<\/a><a href=\"https:\/\/sysmatec.ch\/de\/Produkt\/ruehr-und-heiz-block-matrix-orbital-delta-fp\/\" aria-describedby=\"woocommerce_loop_add_to_cart_link_describedby_8271\" data-quantity=\"1\" class=\"button product_type_simple\" data-product_id=\"8271\" data-product_sku=\"\" aria-label=\"Lese mehr \u00fcber &#8222;R\u00fchr- und Heiz-block MATRIX Orbital Delta FP&#8220;\" rel=\"nofollow\" data-success_message=\"\">Weiterlesen<\/a>\t<span id=\"woocommerce_loop_add_to_cart_link_describedby_8271\" class=\"screen-reader-text\">\n\t\t\t<\/span>\n<\/li>\n<li class=\"product type-product post-8275 status-publish instock product_cat-thermostatblock has-post-thumbnail taxable shipping-taxable purchasable product-type-variable\">\n\t<a href=\"https:\/\/sysmatec.ch\/de\/Produkt\/heizblock-abh-101d-102d-103d-104d\/\" class=\"woocommerce-LoopProduct-link woocommerce-loop-product__link\"><img loading=\"lazy\" decoding=\"async\" width=\"182\" height=\"147\" src=\"https:\/\/sysmatec.ch\/wp-content\/uploads\/2019\/07\/Bloc_AELabABH104D.jpg\" class=\"attachment-woocommerce_thumbnail size-woocommerce_thumbnail\" alt=\"Heizblock ABH-101D\/102D\/103D\/104D\" \/><h2 class=\"woocommerce-loop-product__title\">Heizblock ABH-101D\/102D\/103D\/104D<\/h2>\n\t<span class=\"price\"><span class=\"woocommerce-Price-amount amount\" aria-hidden=\"true\"><bdi><span class=\"woocommerce-Price-currencySymbol\">&#67;&#72;&#70;<\/span>&nbsp;21.00<\/bdi><\/span> <span aria-hidden=\"true\"> \u2013 <\/span> <span class=\"woocommerce-Price-amount amount\" aria-hidden=\"true\"><bdi><span class=\"woocommerce-Price-currencySymbol\">&#67;&#72;&#70;<\/span>&nbsp;630.00<\/bdi><\/span><span class=\"screen-reader-text\">Preisspanne: &#67;&#72;&#70;&nbsp;21.00 bis &#67;&#72;&#70;&nbsp;630.00<\/span><\/span>\n<\/a><a href=\"https:\/\/sysmatec.ch\/de\/Produkt\/heizblock-abh-101d-102d-103d-104d\/\" aria-describedby=\"woocommerce_loop_add_to_cart_link_describedby_8275\" data-quantity=\"1\" class=\"button product_type_variable add_to_cart_button\" data-product_id=\"8275\" data-product_sku=\"\" aria-label=\"W\u00e4hle Optionen f\u00fcr \u201eHeizblock ABH-101D\/102D\/103D\/104D\u201c\" rel=\"nofollow\">Ausf\u00fchrung w\u00e4hlen<\/a>\t<span id=\"woocommerce_loop_add_to_cart_link_describedby_8275\" class=\"screen-reader-text\">\n\t\tDieses Produkt weist mehrere Varianten auf. Die Optionen k\u00f6nnen auf der Produktseite gew\u00e4hlt werden\t<\/span>\n<\/li>\n<li class=\"product type-product post-8284 status-publish last instock product_cat-thermostatblock has-post-thumbnail taxable shipping-taxable purchasable product-type-simple\">\n\t<a href=\"https:\/\/sysmatec.ch\/de\/Produkt\/pcr-cycler-typ-006\/\" class=\"woocommerce-LoopProduct-link woocommerce-loop-product__link\"><img loading=\"lazy\" decoding=\"async\" width=\"182\" height=\"184\" src=\"https:\/\/sysmatec.ch\/wp-content\/uploads\/2019\/07\/Bloc_AELabCycler004.jpg\" class=\"attachment-woocommerce_thumbnail size-woocommerce_thumbnail\" alt=\"PCR-Cycler Typ 006\" srcset=\"https:\/\/sysmatec.ch\/wp-content\/uploads\/2019\/07\/Bloc_AELabCycler004.jpg 182w, https:\/\/sysmatec.ch\/wp-content\/uploads\/2019\/07\/Bloc_AELabCycler004-100x100.jpg 100w\" sizes=\"auto, (max-width: 182px) 100vw, 182px\" \/><h2 class=\"woocommerce-loop-product__title\">PCR-Cycler Typ 006<\/h2>\n\t<span class=\"price\"><span class=\"woocommerce-Price-amount amount\"><bdi><span class=\"woocommerce-Price-currencySymbol\">&#67;&#72;&#70;<\/span>&nbsp;2 929.00<\/bdi><\/span><\/span>\n<\/a><a href=\"\/de\/wp-json\/wp\/v2\/pages\/1592?add-to-cart=8284\" aria-describedby=\"woocommerce_loop_add_to_cart_link_describedby_8284\" data-quantity=\"1\" class=\"button product_type_simple add_to_cart_button ajax_add_to_cart\" data-product_id=\"8284\" data-product_sku=\"\" aria-label=\"In den Warenkorb legen: \u201ePCR-Cycler Typ 006\u201c\" rel=\"nofollow\" data-success_message=\"\u201ePCR-Cycler Typ 006\u201c wurde deinem Warenkorb hinzugef\u00fcgt\">In den Warenkorb<\/a>\t<span id=\"woocommerce_loop_add_to_cart_link_describedby_8284\" class=\"screen-reader-text\">\n\t\t\t<\/span>\n<\/li>\n<li class=\"product type-product post-8323 status-publish first instock product_cat-thermostatblock has-post-thumbnail taxable shipping-taxable purchasable product-type-simple\">\n\t<a href=\"https:\/\/sysmatec.ch\/de\/Produkt\/kompakter-pcr-cycler-theater4x4\/\" class=\"woocommerce-LoopProduct-link woocommerce-loop-product__link\"><img loading=\"lazy\" decoding=\"async\" width=\"184\" height=\"174\" src=\"https:\/\/sysmatec.ch\/wp-content\/uploads\/2019\/07\/Bloc_CoyotebioTheater4x4.jpg\" class=\"attachment-woocommerce_thumbnail size-woocommerce_thumbnail\" alt=\"Kompakter PCR Cycler Theater4X4\" \/><h2 class=\"woocommerce-loop-product__title\">Kompakter PCR Cycler Theater4X4<\/h2>\n\t<span class=\"price\"><span class=\"woocommerce-Price-amount amount\"><bdi><span class=\"woocommerce-Price-currencySymbol\">&#67;&#72;&#70;<\/span>&nbsp;1 911.00<\/bdi><\/span><\/span>\n<\/a><a href=\"\/de\/wp-json\/wp\/v2\/pages\/1592?add-to-cart=8323\" aria-describedby=\"woocommerce_loop_add_to_cart_link_describedby_8323\" data-quantity=\"1\" class=\"button product_type_simple add_to_cart_button ajax_add_to_cart\" data-product_id=\"8323\" data-product_sku=\"\" aria-label=\"In den Warenkorb legen: \u201eKompakter PCR Cycler Theater4X4\u201c\" rel=\"nofollow\" data-success_message=\"\u201eKompakter PCR Cycler Theater4X4\u201c wurde deinem Warenkorb hinzugef\u00fcgt\">In den Warenkorb<\/a>\t<span id=\"woocommerce_loop_add_to_cart_link_describedby_8323\" class=\"screen-reader-text\">\n\t\t\t<\/span>\n<\/li>\n<li class=\"product type-product post-14299 status-publish instock product_cat-thermostatblock has-post-thumbnail taxable shipping-taxable product-type-simple\">\n\t<a href=\"https:\/\/sysmatec.ch\/de\/Produkt\/probenkonzentrator-md200-1-md200-2-md200-1a\/\" class=\"woocommerce-LoopProduct-link woocommerce-loop-product__link\"><img loading=\"lazy\" decoding=\"async\" width=\"241\" height=\"324\" src=\"https:\/\/sysmatec.ch\/wp-content\/uploads\/2019\/12\/Bloc_AELabMD200-241x324.jpg\" class=\"attachment-woocommerce_thumbnail size-woocommerce_thumbnail\" alt=\"Probenkonzentrator MD200-1 \/ MD200-2 \/ MD200-1A\" \/><h2 class=\"woocommerce-loop-product__title\">Probenkonzentrator MD200-1 \/ MD200-2 \/ MD200-1A<\/h2>\n<\/a><a href=\"https:\/\/sysmatec.ch\/de\/Produkt\/probenkonzentrator-md200-1-md200-2-md200-1a\/\" aria-describedby=\"woocommerce_loop_add_to_cart_link_describedby_14299\" data-quantity=\"1\" class=\"button product_type_simple\" data-product_id=\"14299\" data-product_sku=\"\" aria-label=\"Lese mehr \u00fcber &#8222;Probenkonzentrator MD200-1 \/ MD200-2 \/ MD200-1A&#8220;\" rel=\"nofollow\" data-success_message=\"\">Weiterlesen<\/a>\t<span id=\"woocommerce_loop_add_to_cart_link_describedby_14299\" class=\"screen-reader-text\">\n\t\t\t<\/span>\n<\/li>\n<li class=\"product type-product post-8314 status-publish instock product_cat-thermostatblock has-post-thumbnail taxable shipping-taxable product-type-simple\">\n\t<a href=\"https:\/\/sysmatec.ch\/de\/Produkt\/gehaeuseheizhauben-serie-gh\/\" class=\"woocommerce-LoopProduct-link woocommerce-loop-product__link\"><img loading=\"lazy\" decoding=\"async\" width=\"179\" height=\"239\" src=\"https:\/\/sysmatec.ch\/wp-content\/uploads\/2019\/07\/Bloc_SCElectroHeaterSGjpg.jpg\" class=\"attachment-woocommerce_thumbnail size-woocommerce_thumbnail\" alt=\"Geh\u00e4useheizhauben Serie GH\" \/><h2 class=\"woocommerce-loop-product__title\">Geh\u00e4useheizhauben Serie GH<\/h2>\n<\/a><a href=\"https:\/\/sysmatec.ch\/de\/Produkt\/gehaeuseheizhauben-serie-gh\/\" aria-describedby=\"woocommerce_loop_add_to_cart_link_describedby_8314\" data-quantity=\"1\" class=\"button product_type_simple\" data-product_id=\"8314\" data-product_sku=\"\" aria-label=\"Lese mehr \u00fcber &#8222;Geh\u00e4useheizhauben Serie GH&#8220;\" rel=\"nofollow\" data-success_message=\"\">Weiterlesen<\/a>\t<span id=\"woocommerce_loop_add_to_cart_link_describedby_8314\" class=\"screen-reader-text\">\n\t\t\t<\/span>\n<\/li>\n<li class=\"product type-product post-8317 status-publish last instock product_cat-thermostatblock has-post-thumbnail taxable shipping-taxable product-type-simple\">\n\t<a href=\"https:\/\/sysmatec.ch\/de\/Produkt\/standardheizhauben-serie-sh\/\" class=\"woocommerce-LoopProduct-link woocommerce-loop-product__link\"><img loading=\"lazy\" decoding=\"async\" width=\"181\" height=\"136\" src=\"https:\/\/sysmatec.ch\/wp-content\/uploads\/2019\/07\/Bloc_SCElectroHeaterSHjpg.jpg\" class=\"attachment-woocommerce_thumbnail size-woocommerce_thumbnail\" alt=\"Standardheizhauben Serie SH\" \/><h2 class=\"woocommerce-loop-product__title\">Standardheizhauben Serie SH<\/h2>\n<\/a><a href=\"https:\/\/sysmatec.ch\/de\/Produkt\/standardheizhauben-serie-sh\/\" aria-describedby=\"woocommerce_loop_add_to_cart_link_describedby_8317\" data-quantity=\"1\" class=\"button product_type_simple\" data-product_id=\"8317\" data-product_sku=\"\" aria-label=\"Lese mehr \u00fcber &#8222;Standardheizhauben Serie SH&#8220;\" rel=\"nofollow\" data-success_message=\"\">Weiterlesen<\/a>\t<span id=\"woocommerce_loop_add_to_cart_link_describedby_8317\" class=\"screen-reader-text\">\n\t\t\t<\/span>\n<\/li>\n<\/ul>\n<\/div><\/p>\n","protected":false},"excerpt":{"rendered":"<p>Thermostatbl\u00f6cke erm\u00f6glichen das Erhitzen und f\u00fcr einige auch K\u00fchlrohre oder Glasbeh\u00e4lter. Sie sind im Bereich der PCR (Polymerase Chain Reaction) weit verbreitet. Sie k\u00f6nnen allgemeiner f\u00fcr Probenvorbereitungen und Reaktionen verwendet werden, die erhitzt werden m\u00fcssen. Die gr\u00f6\u00dferen werden auch f\u00fcr chemische Hochtemperaturreaktionen oder zur Durchf\u00fchrung von Verdampfungen verwendet.<\/p>\n","protected":false},"author":3,"featured_media":0,"parent":0,"menu_order":0,"comment_status":"closed","ping_status":"closed","template":"","meta":{"_crdt_document":"","footnotes":""},"class_list":["post-1592","page","type-page","status-publish","hentry"],"yoast_head":"<!-- This site is optimized with the Yoast SEO plugin v27.3 - https:\/\/yoast.com\/product\/yoast-seo-wordpress\/ -->\n<title>Thermostatische Bl\u00f6cke - Sysmatec<\/title>\n<meta name=\"description\" content=\"Thermostatbl\u00f6cke erm\u00f6glichen das Erhitzen und f\u00fcr einige auch K\u00fchlrohre oder Glasbeh\u00e4lter. Sie sind im Bereich der PCR weit verbreitet.\" \/>\n<meta name=\"robots\" content=\"index, follow, max-snippet:-1, max-image-preview:large, max-video-preview:-1\" \/>\n<link rel=\"canonical\" href=\"https:\/\/sysmatec.ch\/de\/thermostatischer-block\/\" \/>\n<meta property=\"og:locale\" content=\"de_DE\" \/>\n<meta property=\"og:type\" content=\"article\" \/>\n<meta property=\"og:title\" content=\"Thermostatische Bl\u00f6cke - Sysmatec\" \/>\n<meta property=\"og:description\" content=\"Thermostatbl\u00f6cke erm\u00f6glichen das Erhitzen und f\u00fcr einige auch K\u00fchlrohre oder Glasbeh\u00e4lter. Sie sind im Bereich der PCR weit verbreitet.\" \/>\n<meta property=\"og:url\" content=\"https:\/\/sysmatec.ch\/de\/thermostatischer-block\/\" \/>\n<meta property=\"og:site_name\" content=\"Sysmatec\" \/>\n<meta property=\"article:modified_time\" content=\"2022-05-24T06:43:31+00:00\" \/>\n<meta name=\"twitter:card\" content=\"summary_large_image\" \/>\n<meta name=\"twitter:label1\" content=\"Gesch\u00e4tzte Lesezeit\" \/>\n\t<meta name=\"twitter:data1\" content=\"1\u00a0Minute\" \/>\n<script type=\"application\/ld+json\" class=\"yoast-schema-graph\">{\"@context\":\"https:\\\/\\\/schema.org\",\"@graph\":[{\"@type\":\"WebPage\",\"@id\":\"https:\\\/\\\/sysmatec.ch\\\/de\\\/thermostatischer-block\\\/\",\"url\":\"https:\\\/\\\/sysmatec.ch\\\/de\\\/thermostatischer-block\\\/\",\"name\":\"Thermostatische Bl\u00f6cke - Sysmatec\",\"isPartOf\":{\"@id\":\"https:\\\/\\\/sysmatec.ch\\\/de\\\/#website\"},\"datePublished\":\"2019-01-26T17:38:19+00:00\",\"dateModified\":\"2022-05-24T06:43:31+00:00\",\"description\":\"Thermostatbl\u00f6cke erm\u00f6glichen das Erhitzen und f\u00fcr einige auch K\u00fchlrohre oder Glasbeh\u00e4lter. Sie sind im Bereich der PCR weit verbreitet.\",\"breadcrumb\":{\"@id\":\"https:\\\/\\\/sysmatec.ch\\\/de\\\/thermostatischer-block\\\/#breadcrumb\"},\"inLanguage\":\"de\",\"potentialAction\":[{\"@type\":\"ReadAction\",\"target\":[\"https:\\\/\\\/sysmatec.ch\\\/de\\\/thermostatischer-block\\\/\"]}]},{\"@type\":\"BreadcrumbList\",\"@id\":\"https:\\\/\\\/sysmatec.ch\\\/de\\\/thermostatischer-block\\\/#breadcrumb\",\"itemListElement\":[{\"@type\":\"ListItem\",\"position\":1,\"name\":\"Accueil\",\"item\":\"https:\\\/\\\/sysmatec.ch\\\/de\\\/\"},{\"@type\":\"ListItem\",\"position\":2,\"name\":\"Thermostatische Bl\u00f6cke\"}]},{\"@type\":\"WebSite\",\"@id\":\"https:\\\/\\\/sysmatec.ch\\\/de\\\/#website\",\"url\":\"https:\\\/\\\/sysmatec.ch\\\/de\\\/\",\"name\":\"Sysmatec\",\"description\":\"Equipement de laboratoire et logiciels\",\"publisher\":{\"@id\":\"https:\\\/\\\/sysmatec.ch\\\/de\\\/#organization\"},\"potentialAction\":[{\"@type\":\"SearchAction\",\"target\":{\"@type\":\"EntryPoint\",\"urlTemplate\":\"https:\\\/\\\/sysmatec.ch\\\/de\\\/?s={search_term_string}\"},\"query-input\":{\"@type\":\"PropertyValueSpecification\",\"valueRequired\":true,\"valueName\":\"search_term_string\"}}],\"inLanguage\":\"de\"},{\"@type\":\"Organization\",\"@id\":\"https:\\\/\\\/sysmatec.ch\\\/de\\\/#organization\",\"name\":\"Sysmatec\",\"url\":\"https:\\\/\\\/sysmatec.ch\\\/de\\\/\",\"logo\":{\"@type\":\"ImageObject\",\"inLanguage\":\"de\",\"@id\":\"https:\\\/\\\/sysmatec.ch\\\/de\\\/#\\\/schema\\\/logo\\\/image\\\/\",\"url\":\"https:\\\/\\\/sysmatec.ch\\\/wp-content\\\/uploads\\\/2018\\\/11\\\/LogoSysmatec.jpg\",\"contentUrl\":\"https:\\\/\\\/sysmatec.ch\\\/wp-content\\\/uploads\\\/2018\\\/11\\\/LogoSysmatec.jpg\",\"width\":301,\"height\":297,\"caption\":\"Sysmatec\"},\"image\":{\"@id\":\"https:\\\/\\\/sysmatec.ch\\\/de\\\/#\\\/schema\\\/logo\\\/image\\\/\"}}]}<\/script>\n<!-- \/ Yoast SEO plugin. -->","yoast_head_json":{"title":"Thermostatische Bl\u00f6cke - Sysmatec","description":"Thermostatbl\u00f6cke erm\u00f6glichen das Erhitzen und f\u00fcr einige auch K\u00fchlrohre oder Glasbeh\u00e4lter. Sie sind im Bereich der PCR weit verbreitet.","robots":{"index":"index","follow":"follow","max-snippet":"max-snippet:-1","max-image-preview":"max-image-preview:large","max-video-preview":"max-video-preview:-1"},"canonical":"https:\/\/sysmatec.ch\/de\/thermostatischer-block\/","og_locale":"de_DE","og_type":"article","og_title":"Thermostatische Bl\u00f6cke - Sysmatec","og_description":"Thermostatbl\u00f6cke erm\u00f6glichen das Erhitzen und f\u00fcr einige auch K\u00fchlrohre oder Glasbeh\u00e4lter. Sie sind im Bereich der PCR weit verbreitet.","og_url":"https:\/\/sysmatec.ch\/de\/thermostatischer-block\/","og_site_name":"Sysmatec","article_modified_time":"2022-05-24T06:43:31+00:00","twitter_card":"summary_large_image","twitter_misc":{"Gesch\u00e4tzte Lesezeit":"1\u00a0Minute"},"schema":{"@context":"https:\/\/schema.org","@graph":[{"@type":"WebPage","@id":"https:\/\/sysmatec.ch\/de\/thermostatischer-block\/","url":"https:\/\/sysmatec.ch\/de\/thermostatischer-block\/","name":"Thermostatische Bl\u00f6cke - Sysmatec","isPartOf":{"@id":"https:\/\/sysmatec.ch\/de\/#website"},"datePublished":"2019-01-26T17:38:19+00:00","dateModified":"2022-05-24T06:43:31+00:00","description":"Thermostatbl\u00f6cke erm\u00f6glichen das Erhitzen und f\u00fcr einige auch K\u00fchlrohre oder Glasbeh\u00e4lter. Sie sind im Bereich der PCR weit verbreitet.","breadcrumb":{"@id":"https:\/\/sysmatec.ch\/de\/thermostatischer-block\/#breadcrumb"},"inLanguage":"de","potentialAction":[{"@type":"ReadAction","target":["https:\/\/sysmatec.ch\/de\/thermostatischer-block\/"]}]},{"@type":"BreadcrumbList","@id":"https:\/\/sysmatec.ch\/de\/thermostatischer-block\/#breadcrumb","itemListElement":[{"@type":"ListItem","position":1,"name":"Accueil","item":"https:\/\/sysmatec.ch\/de\/"},{"@type":"ListItem","position":2,"name":"Thermostatische Bl\u00f6cke"}]},{"@type":"WebSite","@id":"https:\/\/sysmatec.ch\/de\/#website","url":"https:\/\/sysmatec.ch\/de\/","name":"Sysmatec","description":"Equipement de laboratoire et logiciels","publisher":{"@id":"https:\/\/sysmatec.ch\/de\/#organization"},"potentialAction":[{"@type":"SearchAction","target":{"@type":"EntryPoint","urlTemplate":"https:\/\/sysmatec.ch\/de\/?s={search_term_string}"},"query-input":{"@type":"PropertyValueSpecification","valueRequired":true,"valueName":"search_term_string"}}],"inLanguage":"de"},{"@type":"Organization","@id":"https:\/\/sysmatec.ch\/de\/#organization","name":"Sysmatec","url":"https:\/\/sysmatec.ch\/de\/","logo":{"@type":"ImageObject","inLanguage":"de","@id":"https:\/\/sysmatec.ch\/de\/#\/schema\/logo\/image\/","url":"https:\/\/sysmatec.ch\/wp-content\/uploads\/2018\/11\/LogoSysmatec.jpg","contentUrl":"https:\/\/sysmatec.ch\/wp-content\/uploads\/2018\/11\/LogoSysmatec.jpg","width":301,"height":297,"caption":"Sysmatec"},"image":{"@id":"https:\/\/sysmatec.ch\/de\/#\/schema\/logo\/image\/"}}]}},"_links":{"self":[{"href":"https:\/\/sysmatec.ch\/de\/wp-json\/wp\/v2\/pages\/1592","targetHints":{"allow":["GET"]}}],"collection":[{"href":"https:\/\/sysmatec.ch\/de\/wp-json\/wp\/v2\/pages"}],"about":[{"href":"https:\/\/sysmatec.ch\/de\/wp-json\/wp\/v2\/types\/page"}],"author":[{"embeddable":true,"href":"https:\/\/sysmatec.ch\/de\/wp-json\/wp\/v2\/users\/3"}],"replies":[{"embeddable":true,"href":"https:\/\/sysmatec.ch\/de\/wp-json\/wp\/v2\/comments?post=1592"}],"version-history":[{"count":5,"href":"https:\/\/sysmatec.ch\/de\/wp-json\/wp\/v2\/pages\/1592\/revisions"}],"predecessor-version":[{"id":20981,"href":"https:\/\/sysmatec.ch\/de\/wp-json\/wp\/v2\/pages\/1592\/revisions\/20981"}],"wp:attachment":[{"href":"https:\/\/sysmatec.ch\/de\/wp-json\/wp\/v2\/media?parent=1592"}],"curies":[{"name":"wp","href":"https:\/\/api.w.org\/{rel}","templated":true}]}}