{"id":1588,"date":"2019-01-26T18:31:53","date_gmt":"2019-01-26T17:31:53","guid":{"rendered":"https:\/\/sysmatec.ch\/?page_id=1588"},"modified":"2022-05-24T08:40:19","modified_gmt":"2022-05-24T06:40:19","slug":"bioreaktor","status":"publish","type":"page","link":"https:\/\/sysmatec.ch\/de\/bioreaktor\/","title":{"rendered":"Bioreaktor"},"content":{"rendered":"\n<p class=\"wp-block-paragraph\">Bioreaktoren erm\u00f6glichen die Kultur von Mikroorganismen wie Bakterien, Hefen, tierischen und pflanzlichen Zellen unter kontrollierten physikalisch-chemischen Bedingungen. Die vorgestellten Ger\u00e4te sind Laborger\u00e4te, die die Kultur in geringen Mediummengen erm\u00f6glichen und gleichzeitig eine bessere Kontrolle der Parameter erm\u00f6glichen. Einige k\u00f6nnen f\u00fcr kontinuierliche oder Fed-Batch-Kulturen verwendet werden. Diese Bioreaktoren sind einfach zu bedienen. Sie k\u00f6nnen parallel verwendet werden, um mehrere Parameter gleichzeitig zu untersuchen und so die Entwicklung von Produktionsprozessen zu optimieren.<\/p>\n\n\n\n<p class=\"wp-block-paragraph\"><div class=\"woocommerce columns-4 \"><ul class=\"products columns-4\">\n<li class=\"product type-product post-29804 status-publish first instock product_cat-bioreaktor has-post-thumbnail taxable shipping-taxable product-type-simple\">\n\t<a href=\"https:\/\/sysmatec.ch\/de\/Produkt\/bioreaktor-fuer-zellkultur-bioaxflow\/\" class=\"woocommerce-LoopProduct-link woocommerce-loop-product__link\"><img loading=\"lazy\" decoding=\"async\" width=\"324\" height=\"324\" src=\"https:\/\/sysmatec.ch\/wp-content\/uploads\/2024\/07\/Bioreacteur_BioAxFlow1-324x324.jpg\" class=\"attachment-woocommerce_thumbnail size-woocommerce_thumbnail\" alt=\"Bioreaktor f\u00fcr Zellkultur BioAxFlow\" srcset=\"https:\/\/sysmatec.ch\/wp-content\/uploads\/2024\/07\/Bioreacteur_BioAxFlow1-324x324.jpg 324w, https:\/\/sysmatec.ch\/wp-content\/uploads\/2024\/07\/Bioreacteur_BioAxFlow1-150x150.jpg 150w, https:\/\/sysmatec.ch\/wp-content\/uploads\/2024\/07\/Bioreacteur_BioAxFlow1-100x100.jpg 100w\" sizes=\"auto, (max-width: 324px) 100vw, 324px\" \/><h2 class=\"woocommerce-loop-product__title\">Bioreaktor f\u00fcr Zellkultur BioAxFlow<\/h2>\n<\/a><a href=\"https:\/\/sysmatec.ch\/de\/Produkt\/bioreaktor-fuer-zellkultur-bioaxflow\/\" aria-describedby=\"woocommerce_loop_add_to_cart_link_describedby_29804\" data-quantity=\"1\" class=\"button product_type_simple\" data-product_id=\"29804\" data-product_sku=\"\" aria-label=\"Lese mehr \u00fcber &#8222;Bioreaktor f\u00fcr Zellkultur BioAxFlow&#8220;\" rel=\"nofollow\" data-success_message=\"\">Weiterlesen<\/a>\t<span id=\"woocommerce_loop_add_to_cart_link_describedby_29804\" class=\"screen-reader-text\">\n\t\t\t<\/span>\n<\/li>\n<li class=\"product type-product post-2130 status-publish instock product_cat-bioreaktor has-post-thumbnail taxable shipping-taxable product-type-simple\">\n\t<a href=\"https:\/\/sysmatec.ch\/de\/Produkt\/bioreaktor-minifor-fuer-zellkultur\/\" class=\"woocommerce-LoopProduct-link woocommerce-loop-product__link\"><img loading=\"lazy\" decoding=\"async\" width=\"135\" height=\"180\" src=\"https:\/\/sysmatec.ch\/wp-content\/uploads\/2019\/01\/Bioreacteur_Lambda.jpg\" class=\"attachment-woocommerce_thumbnail size-woocommerce_thumbnail\" alt=\"Bioreaktor MINIFOR f\u00fcr Zellkultur\" \/><h2 class=\"woocommerce-loop-product__title\">Bioreaktor MINIFOR f\u00fcr Zellkultur<\/h2>\n<\/a><a href=\"https:\/\/sysmatec.ch\/de\/Produkt\/bioreaktor-minifor-fuer-zellkultur\/\" aria-describedby=\"woocommerce_loop_add_to_cart_link_describedby_2130\" data-quantity=\"1\" class=\"button product_type_simple\" data-product_id=\"2130\" data-product_sku=\"\" aria-label=\"Lese mehr \u00fcber &#8222;Bioreaktor MINIFOR f\u00fcr Zellkultur&#8220;\" rel=\"nofollow\" data-success_message=\"\">Weiterlesen<\/a>\t<span id=\"woocommerce_loop_add_to_cart_link_describedby_2130\" class=\"screen-reader-text\">\n\t\t\t<\/span>\n<\/li>\n<li class=\"product type-product post-30753 status-publish instock product_cat-bioreaktor has-post-thumbnail taxable shipping-taxable product-type-simple\">\n\t<a href=\"https:\/\/sysmatec.ch\/de\/Produkt\/mikrobieller-wachstumskurvenanalysator-mgc\/\" class=\"woocommerce-LoopProduct-link woocommerce-loop-product__link\"><img loading=\"lazy\" decoding=\"async\" width=\"324\" height=\"324\" src=\"https:\/\/sysmatec.ch\/wp-content\/uploads\/2025\/08\/CourbeCroissance_MGC500RedCrown1-324x324.jpg\" class=\"attachment-woocommerce_thumbnail size-woocommerce_thumbnail\" alt=\"Mikrobieller Wachstumskurvenanalysator MGC\" srcset=\"https:\/\/sysmatec.ch\/wp-content\/uploads\/2025\/08\/CourbeCroissance_MGC500RedCrown1-324x324.jpg 324w, https:\/\/sysmatec.ch\/wp-content\/uploads\/2025\/08\/CourbeCroissance_MGC500RedCrown1-150x150.jpg 150w, https:\/\/sysmatec.ch\/wp-content\/uploads\/2025\/08\/CourbeCroissance_MGC500RedCrown1-100x100.jpg 100w\" sizes=\"auto, (max-width: 324px) 100vw, 324px\" \/><h2 class=\"woocommerce-loop-product__title\">Mikrobieller Wachstumskurvenanalysator MGC<\/h2>\n<\/a><a href=\"https:\/\/sysmatec.ch\/de\/Produkt\/mikrobieller-wachstumskurvenanalysator-mgc\/\" aria-describedby=\"woocommerce_loop_add_to_cart_link_describedby_30753\" data-quantity=\"1\" class=\"button product_type_simple\" data-product_id=\"30753\" data-product_sku=\"\" aria-label=\"Lese mehr \u00fcber &#8222;Mikrobieller Wachstumskurvenanalysator MGC&#8220;\" rel=\"nofollow\" data-success_message=\"\">Weiterlesen<\/a>\t<span id=\"woocommerce_loop_add_to_cart_link_describedby_30753\" class=\"screen-reader-text\">\n\t\t\t<\/span>\n<\/li>\n<li class=\"product type-product post-29718 status-publish last instock product_cat-bioreaktor has-post-thumbnail taxable shipping-taxable product-type-simple\">\n\t<a href=\"https:\/\/sysmatec.ch\/de\/Produkt\/mehrkanal-bioreaktor-rts-8-plus\/\" class=\"woocommerce-LoopProduct-link woocommerce-loop-product__link\"><img loading=\"lazy\" decoding=\"async\" width=\"324\" height=\"324\" src=\"https:\/\/sysmatec.ch\/wp-content\/uploads\/2024\/06\/Bioreacteur_RTS8PlusBiosan-324x324.jpg\" class=\"attachment-woocommerce_thumbnail size-woocommerce_thumbnail\" alt=\"Mehrkanal-Bioreaktor RTS-8 Plus\" srcset=\"https:\/\/sysmatec.ch\/wp-content\/uploads\/2024\/06\/Bioreacteur_RTS8PlusBiosan-324x324.jpg 324w, https:\/\/sysmatec.ch\/wp-content\/uploads\/2024\/06\/Bioreacteur_RTS8PlusBiosan-100x100.jpg 100w, https:\/\/sysmatec.ch\/wp-content\/uploads\/2024\/06\/Bioreacteur_RTS8PlusBiosan-150x150.jpg 150w\" sizes=\"auto, (max-width: 324px) 100vw, 324px\" \/><h2 class=\"woocommerce-loop-product__title\">Mehrkanal-Bioreaktor RTS-8 Plus<\/h2>\n<\/a><a href=\"https:\/\/sysmatec.ch\/de\/Produkt\/mehrkanal-bioreaktor-rts-8-plus\/\" aria-describedby=\"woocommerce_loop_add_to_cart_link_describedby_29718\" data-quantity=\"1\" class=\"button product_type_simple\" data-product_id=\"29718\" data-product_sku=\"\" aria-label=\"Lese mehr \u00fcber &#8222;Mehrkanal-Bioreaktor RTS-8 Plus&#8220;\" rel=\"nofollow\" data-success_message=\"\">Weiterlesen<\/a>\t<span id=\"woocommerce_loop_add_to_cart_link_describedby_29718\" class=\"screen-reader-text\">\n\t\t\t<\/span>\n<\/li>\n<li class=\"product type-product post-28819 status-publish first instock product_cat-bioreaktor product_cat-gebraucht has-post-thumbnail taxable shipping-taxable product-type-simple\">\n\t<a href=\"https:\/\/sysmatec.ch\/de\/Produkt\/bioreaktor-celbic-25-50\/\" class=\"woocommerce-LoopProduct-link woocommerce-loop-product__link\"><img loading=\"lazy\" decoding=\"async\" width=\"324\" height=\"324\" src=\"https:\/\/sysmatec.ch\/wp-content\/uploads\/2023\/09\/Bioreactor_CelBic-324x324.jpg\" class=\"attachment-woocommerce_thumbnail size-woocommerce_thumbnail\" alt=\"Bioreaktor CELBIC 25\/50\" srcset=\"https:\/\/sysmatec.ch\/wp-content\/uploads\/2023\/09\/Bioreactor_CelBic-324x324.jpg 324w, https:\/\/sysmatec.ch\/wp-content\/uploads\/2023\/09\/Bioreactor_CelBic-100x100.jpg 100w, https:\/\/sysmatec.ch\/wp-content\/uploads\/2023\/09\/Bioreactor_CelBic-150x150.jpg 150w\" sizes=\"auto, (max-width: 324px) 100vw, 324px\" \/><h2 class=\"woocommerce-loop-product__title\">Bioreaktor CELBIC 25\/50<\/h2>\n<\/a><a href=\"https:\/\/sysmatec.ch\/de\/Produkt\/bioreaktor-celbic-25-50\/\" aria-describedby=\"woocommerce_loop_add_to_cart_link_describedby_28819\" data-quantity=\"1\" class=\"button product_type_simple\" data-product_id=\"28819\" data-product_sku=\"\" aria-label=\"Lese mehr \u00fcber &#8222;Bioreaktor CELBIC 25\/50&#8220;\" rel=\"nofollow\" data-success_message=\"\">Weiterlesen<\/a>\t<span id=\"woocommerce_loop_add_to_cart_link_describedby_28819\" class=\"screen-reader-text\">\n\t\t\t<\/span>\n<\/li>\n<li class=\"product type-product post-2127 status-publish instock product_cat-bioreaktor has-post-thumbnail taxable shipping-taxable product-type-simple\">\n\t<a href=\"https:\/\/sysmatec.ch\/de\/Produkt\/mini-bioreaktor-rts-1-und-rts-1c\/\" class=\"woocommerce-LoopProduct-link woocommerce-loop-product__link\"><img loading=\"lazy\" decoding=\"async\" width=\"186\" height=\"148\" src=\"https:\/\/sysmatec.ch\/wp-content\/uploads\/2019\/01\/Bioreactor_BiosanRTS1.jpg\" class=\"attachment-woocommerce_thumbnail size-woocommerce_thumbnail\" alt=\"Mini-Bioreaktor RTS-1 und RTS-1C\" \/><h2 class=\"woocommerce-loop-product__title\">Mini-Bioreaktor RTS-1 und RTS-1C<\/h2>\n<\/a><a href=\"https:\/\/sysmatec.ch\/de\/Produkt\/mini-bioreaktor-rts-1-und-rts-1c\/\" aria-describedby=\"woocommerce_loop_add_to_cart_link_describedby_2127\" data-quantity=\"1\" class=\"button product_type_simple\" data-product_id=\"2127\" data-product_sku=\"\" aria-label=\"Lese mehr \u00fcber &#8222;Mini-Bioreaktor RTS-1 und RTS-1C&#8220;\" rel=\"nofollow\" data-success_message=\"\">Weiterlesen<\/a>\t<span id=\"woocommerce_loop_add_to_cart_link_describedby_2127\" class=\"screen-reader-text\">\n\t\t\t<\/span>\n<\/li>\n<\/ul>\n<\/div><\/p>\n","protected":false},"excerpt":{"rendered":"<p>Bioreaktoren erm\u00f6glichen die Kultur von Mikroorganismen wie Bakterien, Hefen, tierischen und pflanzlichen Zellen unter kontrollierten physikalisch-chemischen Bedingungen. Die vorgestellten Ger\u00e4te sind Laborger\u00e4te, die die Kultur in geringen Mediummengen erm\u00f6glichen und gleichzeitig eine bessere Kontrolle der Parameter erm\u00f6glichen. Einige k\u00f6nnen f\u00fcr kontinuierliche oder Fed-Batch-Kulturen verwendet werden. Diese Bioreaktoren sind einfach zu bedienen. Sie k\u00f6nnen parallel verwendet [&hellip;]<\/p>\n","protected":false},"author":3,"featured_media":0,"parent":0,"menu_order":0,"comment_status":"closed","ping_status":"closed","template":"","meta":{"_crdt_document":"","footnotes":""},"class_list":["post-1588","page","type-page","status-publish","hentry"],"yoast_head":"<!-- This site is optimized with the Yoast SEO plugin v27.3 - https:\/\/yoast.com\/product\/yoast-seo-wordpress\/ -->\n<title>Bioreaktor - Sysmatec<\/title>\n<meta name=\"description\" content=\"Bioreaktoren erm\u00f6glichen die Kultur von Mikroorganismen wie Bakterien, Hefen, tierischen oder pflanzlichen Zellen unter kontrollierten Bedingungen.\" \/>\n<meta name=\"robots\" content=\"index, follow, max-snippet:-1, max-image-preview:large, max-video-preview:-1\" \/>\n<link rel=\"canonical\" href=\"https:\/\/sysmatec.ch\/de\/bioreaktor\/\" \/>\n<meta property=\"og:locale\" content=\"de_DE\" \/>\n<meta property=\"og:type\" content=\"article\" \/>\n<meta property=\"og:title\" content=\"Bioreaktor - Sysmatec\" \/>\n<meta property=\"og:description\" content=\"Bioreaktoren erm\u00f6glichen die Kultur von Mikroorganismen wie Bakterien, Hefen, tierischen oder pflanzlichen Zellen unter kontrollierten Bedingungen.\" \/>\n<meta property=\"og:url\" content=\"https:\/\/sysmatec.ch\/de\/bioreaktor\/\" \/>\n<meta property=\"og:site_name\" content=\"Sysmatec\" \/>\n<meta property=\"article:modified_time\" content=\"2022-05-24T06:40:19+00:00\" \/>\n<meta name=\"twitter:card\" content=\"summary_large_image\" \/>\n<meta name=\"twitter:label1\" content=\"Gesch\u00e4tzte Lesezeit\" \/>\n\t<meta name=\"twitter:data1\" content=\"1\u00a0Minute\" \/>\n<script type=\"application\/ld+json\" class=\"yoast-schema-graph\">{\"@context\":\"https:\\\/\\\/schema.org\",\"@graph\":[{\"@type\":\"WebPage\",\"@id\":\"https:\\\/\\\/sysmatec.ch\\\/de\\\/bioreaktor\\\/\",\"url\":\"https:\\\/\\\/sysmatec.ch\\\/de\\\/bioreaktor\\\/\",\"name\":\"Bioreaktor - Sysmatec\",\"isPartOf\":{\"@id\":\"https:\\\/\\\/sysmatec.ch\\\/de\\\/#website\"},\"datePublished\":\"2019-01-26T17:31:53+00:00\",\"dateModified\":\"2022-05-24T06:40:19+00:00\",\"description\":\"Bioreaktoren erm\u00f6glichen die Kultur von Mikroorganismen wie Bakterien, Hefen, tierischen oder pflanzlichen Zellen unter kontrollierten Bedingungen.\",\"breadcrumb\":{\"@id\":\"https:\\\/\\\/sysmatec.ch\\\/de\\\/bioreaktor\\\/#breadcrumb\"},\"inLanguage\":\"de\",\"potentialAction\":[{\"@type\":\"ReadAction\",\"target\":[\"https:\\\/\\\/sysmatec.ch\\\/de\\\/bioreaktor\\\/\"]}]},{\"@type\":\"BreadcrumbList\",\"@id\":\"https:\\\/\\\/sysmatec.ch\\\/de\\\/bioreaktor\\\/#breadcrumb\",\"itemListElement\":[{\"@type\":\"ListItem\",\"position\":1,\"name\":\"Accueil\",\"item\":\"https:\\\/\\\/sysmatec.ch\\\/de\\\/\"},{\"@type\":\"ListItem\",\"position\":2,\"name\":\"Bioreaktor\"}]},{\"@type\":\"WebSite\",\"@id\":\"https:\\\/\\\/sysmatec.ch\\\/de\\\/#website\",\"url\":\"https:\\\/\\\/sysmatec.ch\\\/de\\\/\",\"name\":\"Sysmatec\",\"description\":\"Equipement de laboratoire et logiciels\",\"publisher\":{\"@id\":\"https:\\\/\\\/sysmatec.ch\\\/de\\\/#organization\"},\"potentialAction\":[{\"@type\":\"SearchAction\",\"target\":{\"@type\":\"EntryPoint\",\"urlTemplate\":\"https:\\\/\\\/sysmatec.ch\\\/de\\\/?s={search_term_string}\"},\"query-input\":{\"@type\":\"PropertyValueSpecification\",\"valueRequired\":true,\"valueName\":\"search_term_string\"}}],\"inLanguage\":\"de\"},{\"@type\":\"Organization\",\"@id\":\"https:\\\/\\\/sysmatec.ch\\\/de\\\/#organization\",\"name\":\"Sysmatec\",\"url\":\"https:\\\/\\\/sysmatec.ch\\\/de\\\/\",\"logo\":{\"@type\":\"ImageObject\",\"inLanguage\":\"de\",\"@id\":\"https:\\\/\\\/sysmatec.ch\\\/de\\\/#\\\/schema\\\/logo\\\/image\\\/\",\"url\":\"https:\\\/\\\/sysmatec.ch\\\/wp-content\\\/uploads\\\/2018\\\/11\\\/LogoSysmatec.jpg\",\"contentUrl\":\"https:\\\/\\\/sysmatec.ch\\\/wp-content\\\/uploads\\\/2018\\\/11\\\/LogoSysmatec.jpg\",\"width\":301,\"height\":297,\"caption\":\"Sysmatec\"},\"image\":{\"@id\":\"https:\\\/\\\/sysmatec.ch\\\/de\\\/#\\\/schema\\\/logo\\\/image\\\/\"}}]}<\/script>\n<!-- \/ Yoast SEO plugin. -->","yoast_head_json":{"title":"Bioreaktor - Sysmatec","description":"Bioreaktoren erm\u00f6glichen die Kultur von Mikroorganismen wie Bakterien, Hefen, tierischen oder pflanzlichen Zellen unter kontrollierten Bedingungen.","robots":{"index":"index","follow":"follow","max-snippet":"max-snippet:-1","max-image-preview":"max-image-preview:large","max-video-preview":"max-video-preview:-1"},"canonical":"https:\/\/sysmatec.ch\/de\/bioreaktor\/","og_locale":"de_DE","og_type":"article","og_title":"Bioreaktor - Sysmatec","og_description":"Bioreaktoren erm\u00f6glichen die Kultur von Mikroorganismen wie Bakterien, Hefen, tierischen oder pflanzlichen Zellen unter kontrollierten Bedingungen.","og_url":"https:\/\/sysmatec.ch\/de\/bioreaktor\/","og_site_name":"Sysmatec","article_modified_time":"2022-05-24T06:40:19+00:00","twitter_card":"summary_large_image","twitter_misc":{"Gesch\u00e4tzte Lesezeit":"1\u00a0Minute"},"schema":{"@context":"https:\/\/schema.org","@graph":[{"@type":"WebPage","@id":"https:\/\/sysmatec.ch\/de\/bioreaktor\/","url":"https:\/\/sysmatec.ch\/de\/bioreaktor\/","name":"Bioreaktor - Sysmatec","isPartOf":{"@id":"https:\/\/sysmatec.ch\/de\/#website"},"datePublished":"2019-01-26T17:31:53+00:00","dateModified":"2022-05-24T06:40:19+00:00","description":"Bioreaktoren erm\u00f6glichen die Kultur von Mikroorganismen wie Bakterien, Hefen, tierischen oder pflanzlichen Zellen unter kontrollierten Bedingungen.","breadcrumb":{"@id":"https:\/\/sysmatec.ch\/de\/bioreaktor\/#breadcrumb"},"inLanguage":"de","potentialAction":[{"@type":"ReadAction","target":["https:\/\/sysmatec.ch\/de\/bioreaktor\/"]}]},{"@type":"BreadcrumbList","@id":"https:\/\/sysmatec.ch\/de\/bioreaktor\/#breadcrumb","itemListElement":[{"@type":"ListItem","position":1,"name":"Accueil","item":"https:\/\/sysmatec.ch\/de\/"},{"@type":"ListItem","position":2,"name":"Bioreaktor"}]},{"@type":"WebSite","@id":"https:\/\/sysmatec.ch\/de\/#website","url":"https:\/\/sysmatec.ch\/de\/","name":"Sysmatec","description":"Equipement de laboratoire et logiciels","publisher":{"@id":"https:\/\/sysmatec.ch\/de\/#organization"},"potentialAction":[{"@type":"SearchAction","target":{"@type":"EntryPoint","urlTemplate":"https:\/\/sysmatec.ch\/de\/?s={search_term_string}"},"query-input":{"@type":"PropertyValueSpecification","valueRequired":true,"valueName":"search_term_string"}}],"inLanguage":"de"},{"@type":"Organization","@id":"https:\/\/sysmatec.ch\/de\/#organization","name":"Sysmatec","url":"https:\/\/sysmatec.ch\/de\/","logo":{"@type":"ImageObject","inLanguage":"de","@id":"https:\/\/sysmatec.ch\/de\/#\/schema\/logo\/image\/","url":"https:\/\/sysmatec.ch\/wp-content\/uploads\/2018\/11\/LogoSysmatec.jpg","contentUrl":"https:\/\/sysmatec.ch\/wp-content\/uploads\/2018\/11\/LogoSysmatec.jpg","width":301,"height":297,"caption":"Sysmatec"},"image":{"@id":"https:\/\/sysmatec.ch\/de\/#\/schema\/logo\/image\/"}}]}},"_links":{"self":[{"href":"https:\/\/sysmatec.ch\/de\/wp-json\/wp\/v2\/pages\/1588","targetHints":{"allow":["GET"]}}],"collection":[{"href":"https:\/\/sysmatec.ch\/de\/wp-json\/wp\/v2\/pages"}],"about":[{"href":"https:\/\/sysmatec.ch\/de\/wp-json\/wp\/v2\/types\/page"}],"author":[{"embeddable":true,"href":"https:\/\/sysmatec.ch\/de\/wp-json\/wp\/v2\/users\/3"}],"replies":[{"embeddable":true,"href":"https:\/\/sysmatec.ch\/de\/wp-json\/wp\/v2\/comments?post=1588"}],"version-history":[{"count":3,"href":"https:\/\/sysmatec.ch\/de\/wp-json\/wp\/v2\/pages\/1588\/revisions"}],"predecessor-version":[{"id":20972,"href":"https:\/\/sysmatec.ch\/de\/wp-json\/wp\/v2\/pages\/1588\/revisions\/20972"}],"wp:attachment":[{"href":"https:\/\/sysmatec.ch\/de\/wp-json\/wp\/v2\/media?parent=1588"}],"curies":[{"name":"wp","href":"https:\/\/api.w.org\/{rel}","templated":true}]}}