{"id":1584,"date":"2019-01-26T18:27:56","date_gmt":"2019-01-26T17:27:56","guid":{"rendered":"https:\/\/sysmatec.ch\/?page_id=1584"},"modified":"2022-05-23T21:24:07","modified_gmt":"2022-05-23T19:24:07","slug":"bunsenbrenner","status":"publish","type":"page","link":"https:\/\/sysmatec.ch\/de\/bunsenbrenner\/","title":{"rendered":"Bunsenbrenner"},"content":{"rendered":"\n<p class=\"wp-block-paragraph\">Dieses Ger\u00e4t erzeugt eine Flamme von bis zu 800-1200 \u00b0 C. Es ist ein sehr n\u00fctzliches Werkzeug in der Mikrobiologie, insbesondere zum Sterilisieren von \u00d6sen. Es erfordert eine Gasquelle. Es gibt jetzt auch elektrische Systeme, die die gleiche Funktion erf\u00fcllen.<\/p>\n\n\n\n<p class=\"wp-block-paragraph\"><div class=\"woocommerce columns-4 \"><ul class=\"products columns-4\">\n<li class=\"product type-product post-2348 status-publish first instock product_cat-bunsenbrenner has-post-thumbnail taxable shipping-taxable product-type-simple\">\n\t<a href=\"https:\/\/sysmatec.ch\/de\/Produkt\/sicherheits-bunsenbrenner-schuett-phoenix-ii\/\" class=\"woocommerce-LoopProduct-link woocommerce-loop-product__link\"><img loading=\"lazy\" decoding=\"async\" width=\"186\" height=\"324\" src=\"https:\/\/sysmatec.ch\/wp-content\/uploads\/2019\/01\/BecBunsen_SchuettBurner-186x324.jpg\" class=\"attachment-woocommerce_thumbnail size-woocommerce_thumbnail\" alt=\"Sicherheits-Bunsenbrenner schuett phoenix II\" \/><h2 class=\"woocommerce-loop-product__title\">Sicherheits-Bunsenbrenner schuett phoenix II<\/h2>\n<\/a><a href=\"https:\/\/sysmatec.ch\/de\/Produkt\/sicherheits-bunsenbrenner-schuett-phoenix-ii\/\" aria-describedby=\"woocommerce_loop_add_to_cart_link_describedby_2348\" data-quantity=\"1\" class=\"button product_type_simple\" data-product_id=\"2348\" data-product_sku=\"\" aria-label=\"Lese mehr \u00fcber &#8222;Sicherheits-Bunsenbrenner schuett phoenix II&#8220;\" rel=\"nofollow\" data-success_message=\"\">Weiterlesen<\/a>\t<span id=\"woocommerce_loop_add_to_cart_link_describedby_2348\" class=\"screen-reader-text\">\n\t\t\t<\/span>\n<\/li>\n<li class=\"product type-product post-14335 status-publish instock product_cat-bunsenbrenner has-post-thumbnail taxable shipping-taxable product-type-simple\">\n\t<a href=\"https:\/\/sysmatec.ch\/de\/Produkt\/bacti-cinerator-sterilisator-bcs-2\/\" class=\"woocommerce-LoopProduct-link woocommerce-loop-product__link\"><img loading=\"lazy\" decoding=\"async\" width=\"215\" height=\"274\" src=\"https:\/\/sysmatec.ch\/wp-content\/uploads\/2019\/12\/Bacticinerator_BCSAELab.jpg\" class=\"attachment-woocommerce_thumbnail size-woocommerce_thumbnail\" alt=\"Bacti-Cinerator Sterilisator BCS\" \/><h2 class=\"woocommerce-loop-product__title\">Bacti-Cinerator Sterilisator BCS<\/h2>\n<\/a><a href=\"https:\/\/sysmatec.ch\/de\/Produkt\/bacti-cinerator-sterilisator-bcs-2\/\" aria-describedby=\"woocommerce_loop_add_to_cart_link_describedby_14335\" data-quantity=\"1\" class=\"button product_type_simple\" data-product_id=\"14335\" data-product_sku=\"\" aria-label=\"Lese mehr \u00fcber &#8222;Bacti-Cinerator Sterilisator BCS&#8220;\" rel=\"nofollow\" data-success_message=\"\">Weiterlesen<\/a>\t<span id=\"woocommerce_loop_add_to_cart_link_describedby_14335\" class=\"screen-reader-text\">\n\t\t\t<\/span>\n<\/li>\n<\/ul>\n<\/div><\/p>\n","protected":false},"excerpt":{"rendered":"<p>Dieses Ger\u00e4t erzeugt eine Flamme von bis zu 800-1200 \u00b0 C. Es ist ein sehr n\u00fctzliches Werkzeug in der Mikrobiologie, insbesondere zum Sterilisieren von \u00d6sen. Es erfordert eine Gasquelle. Es gibt jetzt auch elektrische Systeme, die die gleiche Funktion erf\u00fcllen.<\/p>\n","protected":false},"author":3,"featured_media":0,"parent":0,"menu_order":0,"comment_status":"closed","ping_status":"closed","template":"","meta":{"_crdt_document":"","footnotes":""},"class_list":["post-1584","page","type-page","status-publish","hentry"],"yoast_head":"<!-- This site is optimized with the Yoast SEO plugin v27.3 - https:\/\/yoast.com\/product\/yoast-seo-wordpress\/ -->\n<title>Bunsenbrenner - Sysmatec<\/title>\n<meta name=\"description\" content=\"Es wird insbesondere in der Mikrobiologie verwendet, um \u00d6sen durch Hitze zu sterilisieren. Es gibt auch elektrische Systeme.\" \/>\n<meta name=\"robots\" content=\"index, follow, max-snippet:-1, max-image-preview:large, max-video-preview:-1\" \/>\n<link rel=\"canonical\" href=\"https:\/\/sysmatec.ch\/de\/bunsenbrenner\/\" \/>\n<meta property=\"og:locale\" content=\"de_DE\" \/>\n<meta property=\"og:type\" content=\"article\" \/>\n<meta property=\"og:title\" content=\"Bunsenbrenner - Sysmatec\" \/>\n<meta property=\"og:description\" content=\"Es wird insbesondere in der Mikrobiologie verwendet, um \u00d6sen durch Hitze zu sterilisieren. Es gibt auch elektrische Systeme.\" \/>\n<meta property=\"og:url\" content=\"https:\/\/sysmatec.ch\/de\/bunsenbrenner\/\" \/>\n<meta property=\"og:site_name\" content=\"Sysmatec\" \/>\n<meta property=\"article:modified_time\" content=\"2022-05-23T19:24:07+00:00\" \/>\n<meta name=\"twitter:card\" content=\"summary_large_image\" \/>\n<meta name=\"twitter:label1\" content=\"Gesch\u00e4tzte Lesezeit\" \/>\n\t<meta name=\"twitter:data1\" content=\"1\u00a0Minute\" \/>\n<script type=\"application\/ld+json\" class=\"yoast-schema-graph\">{\"@context\":\"https:\\\/\\\/schema.org\",\"@graph\":[{\"@type\":\"WebPage\",\"@id\":\"https:\\\/\\\/sysmatec.ch\\\/de\\\/bunsenbrenner\\\/\",\"url\":\"https:\\\/\\\/sysmatec.ch\\\/de\\\/bunsenbrenner\\\/\",\"name\":\"Bunsenbrenner - Sysmatec\",\"isPartOf\":{\"@id\":\"https:\\\/\\\/sysmatec.ch\\\/de\\\/#website\"},\"datePublished\":\"2019-01-26T17:27:56+00:00\",\"dateModified\":\"2022-05-23T19:24:07+00:00\",\"description\":\"Es wird insbesondere in der Mikrobiologie verwendet, um \u00d6sen durch Hitze zu sterilisieren. Es gibt auch elektrische Systeme.\",\"breadcrumb\":{\"@id\":\"https:\\\/\\\/sysmatec.ch\\\/de\\\/bunsenbrenner\\\/#breadcrumb\"},\"inLanguage\":\"de\",\"potentialAction\":[{\"@type\":\"ReadAction\",\"target\":[\"https:\\\/\\\/sysmatec.ch\\\/de\\\/bunsenbrenner\\\/\"]}]},{\"@type\":\"BreadcrumbList\",\"@id\":\"https:\\\/\\\/sysmatec.ch\\\/de\\\/bunsenbrenner\\\/#breadcrumb\",\"itemListElement\":[{\"@type\":\"ListItem\",\"position\":1,\"name\":\"Accueil\",\"item\":\"https:\\\/\\\/sysmatec.ch\\\/de\\\/\"},{\"@type\":\"ListItem\",\"position\":2,\"name\":\"Bunsenbrenner\"}]},{\"@type\":\"WebSite\",\"@id\":\"https:\\\/\\\/sysmatec.ch\\\/de\\\/#website\",\"url\":\"https:\\\/\\\/sysmatec.ch\\\/de\\\/\",\"name\":\"Sysmatec\",\"description\":\"Equipement de laboratoire et logiciels\",\"publisher\":{\"@id\":\"https:\\\/\\\/sysmatec.ch\\\/de\\\/#organization\"},\"potentialAction\":[{\"@type\":\"SearchAction\",\"target\":{\"@type\":\"EntryPoint\",\"urlTemplate\":\"https:\\\/\\\/sysmatec.ch\\\/de\\\/?s={search_term_string}\"},\"query-input\":{\"@type\":\"PropertyValueSpecification\",\"valueRequired\":true,\"valueName\":\"search_term_string\"}}],\"inLanguage\":\"de\"},{\"@type\":\"Organization\",\"@id\":\"https:\\\/\\\/sysmatec.ch\\\/de\\\/#organization\",\"name\":\"Sysmatec\",\"url\":\"https:\\\/\\\/sysmatec.ch\\\/de\\\/\",\"logo\":{\"@type\":\"ImageObject\",\"inLanguage\":\"de\",\"@id\":\"https:\\\/\\\/sysmatec.ch\\\/de\\\/#\\\/schema\\\/logo\\\/image\\\/\",\"url\":\"https:\\\/\\\/sysmatec.ch\\\/wp-content\\\/uploads\\\/2018\\\/11\\\/LogoSysmatec.jpg\",\"contentUrl\":\"https:\\\/\\\/sysmatec.ch\\\/wp-content\\\/uploads\\\/2018\\\/11\\\/LogoSysmatec.jpg\",\"width\":301,\"height\":297,\"caption\":\"Sysmatec\"},\"image\":{\"@id\":\"https:\\\/\\\/sysmatec.ch\\\/de\\\/#\\\/schema\\\/logo\\\/image\\\/\"}}]}<\/script>\n<!-- \/ Yoast SEO plugin. -->","yoast_head_json":{"title":"Bunsenbrenner - Sysmatec","description":"Es wird insbesondere in der Mikrobiologie verwendet, um \u00d6sen durch Hitze zu sterilisieren. Es gibt auch elektrische Systeme.","robots":{"index":"index","follow":"follow","max-snippet":"max-snippet:-1","max-image-preview":"max-image-preview:large","max-video-preview":"max-video-preview:-1"},"canonical":"https:\/\/sysmatec.ch\/de\/bunsenbrenner\/","og_locale":"de_DE","og_type":"article","og_title":"Bunsenbrenner - Sysmatec","og_description":"Es wird insbesondere in der Mikrobiologie verwendet, um \u00d6sen durch Hitze zu sterilisieren. Es gibt auch elektrische Systeme.","og_url":"https:\/\/sysmatec.ch\/de\/bunsenbrenner\/","og_site_name":"Sysmatec","article_modified_time":"2022-05-23T19:24:07+00:00","twitter_card":"summary_large_image","twitter_misc":{"Gesch\u00e4tzte Lesezeit":"1\u00a0Minute"},"schema":{"@context":"https:\/\/schema.org","@graph":[{"@type":"WebPage","@id":"https:\/\/sysmatec.ch\/de\/bunsenbrenner\/","url":"https:\/\/sysmatec.ch\/de\/bunsenbrenner\/","name":"Bunsenbrenner - Sysmatec","isPartOf":{"@id":"https:\/\/sysmatec.ch\/de\/#website"},"datePublished":"2019-01-26T17:27:56+00:00","dateModified":"2022-05-23T19:24:07+00:00","description":"Es wird insbesondere in der Mikrobiologie verwendet, um \u00d6sen durch Hitze zu sterilisieren. Es gibt auch elektrische Systeme.","breadcrumb":{"@id":"https:\/\/sysmatec.ch\/de\/bunsenbrenner\/#breadcrumb"},"inLanguage":"de","potentialAction":[{"@type":"ReadAction","target":["https:\/\/sysmatec.ch\/de\/bunsenbrenner\/"]}]},{"@type":"BreadcrumbList","@id":"https:\/\/sysmatec.ch\/de\/bunsenbrenner\/#breadcrumb","itemListElement":[{"@type":"ListItem","position":1,"name":"Accueil","item":"https:\/\/sysmatec.ch\/de\/"},{"@type":"ListItem","position":2,"name":"Bunsenbrenner"}]},{"@type":"WebSite","@id":"https:\/\/sysmatec.ch\/de\/#website","url":"https:\/\/sysmatec.ch\/de\/","name":"Sysmatec","description":"Equipement de laboratoire et logiciels","publisher":{"@id":"https:\/\/sysmatec.ch\/de\/#organization"},"potentialAction":[{"@type":"SearchAction","target":{"@type":"EntryPoint","urlTemplate":"https:\/\/sysmatec.ch\/de\/?s={search_term_string}"},"query-input":{"@type":"PropertyValueSpecification","valueRequired":true,"valueName":"search_term_string"}}],"inLanguage":"de"},{"@type":"Organization","@id":"https:\/\/sysmatec.ch\/de\/#organization","name":"Sysmatec","url":"https:\/\/sysmatec.ch\/de\/","logo":{"@type":"ImageObject","inLanguage":"de","@id":"https:\/\/sysmatec.ch\/de\/#\/schema\/logo\/image\/","url":"https:\/\/sysmatec.ch\/wp-content\/uploads\/2018\/11\/LogoSysmatec.jpg","contentUrl":"https:\/\/sysmatec.ch\/wp-content\/uploads\/2018\/11\/LogoSysmatec.jpg","width":301,"height":297,"caption":"Sysmatec"},"image":{"@id":"https:\/\/sysmatec.ch\/de\/#\/schema\/logo\/image\/"}}]}},"_links":{"self":[{"href":"https:\/\/sysmatec.ch\/de\/wp-json\/wp\/v2\/pages\/1584","targetHints":{"allow":["GET"]}}],"collection":[{"href":"https:\/\/sysmatec.ch\/de\/wp-json\/wp\/v2\/pages"}],"about":[{"href":"https:\/\/sysmatec.ch\/de\/wp-json\/wp\/v2\/types\/page"}],"author":[{"embeddable":true,"href":"https:\/\/sysmatec.ch\/de\/wp-json\/wp\/v2\/users\/3"}],"replies":[{"embeddable":true,"href":"https:\/\/sysmatec.ch\/de\/wp-json\/wp\/v2\/comments?post=1584"}],"version-history":[{"count":5,"href":"https:\/\/sysmatec.ch\/de\/wp-json\/wp\/v2\/pages\/1584\/revisions"}],"predecessor-version":[{"id":20961,"href":"https:\/\/sysmatec.ch\/de\/wp-json\/wp\/v2\/pages\/1584\/revisions\/20961"}],"wp:attachment":[{"href":"https:\/\/sysmatec.ch\/de\/wp-json\/wp\/v2\/media?parent=1584"}],"curies":[{"name":"wp","href":"https:\/\/api.w.org\/{rel}","templated":true}]}}