{"id":1580,"date":"2019-01-26T18:23:03","date_gmt":"2019-01-26T17:23:03","guid":{"rendered":"https:\/\/sysmatec.ch\/?page_id=1580"},"modified":"2022-05-22T21:32:35","modified_gmt":"2022-05-22T19:32:35","slug":"ultraschallbader","status":"publish","type":"page","link":"https:\/\/sysmatec.ch\/de\/ultraschallbader\/","title":{"rendered":"Ultraschallb\u00e4der"},"content":{"rendered":"\n<p class=\"wp-block-paragraph\">Das Ultraschallbad oder der Ultraschallger\u00e4t ist eine Vorrichtung zum Reinigen von Teilen oder Aufl\u00f6sen von Produkten durch die mechanische Wirkung von Ultraschallwellen. Die Frequenz des Ultraschalls und die Temperatur (einige dieser B\u00e4der haben eine Erw\u00e4rmung) sind zwei Faktoren, die die Effizienz des Prozesses beeinflussen.<\/p>\n\n\n\n<p class=\"wp-block-paragraph\"><div class=\"woocommerce columns-4 \"><ul class=\"products columns-4\">\n<li class=\"product type-product post-2396 status-publish first instock product_cat-ultraschallbad has-post-thumbnail taxable shipping-taxable product-type-simple\">\n\t<a href=\"https:\/\/sysmatec.ch\/de\/Produkt\/niederfrequenz-ultraschallreiniger\/\" class=\"woocommerce-LoopProduct-link woocommerce-loop-product__link\"><img loading=\"lazy\" decoding=\"async\" width=\"184\" height=\"169\" src=\"https:\/\/sysmatec.ch\/wp-content\/uploads\/2019\/01\/BainUltrasons_AELabLF100.jpg\" class=\"attachment-woocommerce_thumbnail size-woocommerce_thumbnail\" alt=\"Niederfrequenz-Ultraschallreiniger\" \/><h2 class=\"woocommerce-loop-product__title\">Niederfrequenz-Ultraschallreiniger<\/h2>\n<\/a><a href=\"https:\/\/sysmatec.ch\/de\/Produkt\/niederfrequenz-ultraschallreiniger\/\" aria-describedby=\"woocommerce_loop_add_to_cart_link_describedby_2396\" data-quantity=\"1\" class=\"button product_type_simple\" data-product_id=\"2396\" data-product_sku=\"\" aria-label=\"Lese mehr \u00fcber &#8222;Niederfrequenz-Ultraschallreiniger&#8220;\" rel=\"nofollow\" data-success_message=\"\">Weiterlesen<\/a>\t<span id=\"woocommerce_loop_add_to_cart_link_describedby_2396\" class=\"screen-reader-text\">\n\t\t\t<\/span>\n<\/li>\n<li class=\"product type-product post-2387 status-publish instock product_cat-ultraschallbad has-post-thumbnail taxable shipping-taxable product-type-simple\">\n\t<a href=\"https:\/\/sysmatec.ch\/de\/Produkt\/double-frequency-desk-top-ultraschallreiniger-mit-heizung\/\" class=\"woocommerce-LoopProduct-link woocommerce-loop-product__link\"><img loading=\"lazy\" decoding=\"async\" width=\"191\" height=\"175\" src=\"https:\/\/sysmatec.ch\/wp-content\/uploads\/2019\/01\/BainUltrasons_AELabCleaner.jpg\" class=\"attachment-woocommerce_thumbnail size-woocommerce_thumbnail\" alt=\"Double Frequency Desk-top Ultraschallreiniger mit Heizung\" \/><h2 class=\"woocommerce-loop-product__title\">Double Frequency Desk-top Ultraschallreiniger mit Heizung<\/h2>\n<\/a><a href=\"https:\/\/sysmatec.ch\/de\/Produkt\/double-frequency-desk-top-ultraschallreiniger-mit-heizung\/\" aria-describedby=\"woocommerce_loop_add_to_cart_link_describedby_2387\" data-quantity=\"1\" class=\"button product_type_simple\" data-product_id=\"2387\" data-product_sku=\"\" aria-label=\"Lese mehr \u00fcber &#8222;Double Frequency Desk-top Ultraschallreiniger mit Heizung&#8220;\" rel=\"nofollow\" data-success_message=\"\">Weiterlesen<\/a>\t<span id=\"woocommerce_loop_add_to_cart_link_describedby_2387\" class=\"screen-reader-text\">\n\t\t\t<\/span>\n<\/li>\n<li class=\"product type-product post-2392 status-publish instock product_cat-ultraschallbad has-post-thumbnail taxable shipping-taxable product-type-simple\">\n\t<a href=\"https:\/\/sysmatec.ch\/de\/Produkt\/niederfrequenz-ultraschallbank-mit-heizung\/\" class=\"woocommerce-LoopProduct-link woocommerce-loop-product__link\"><img loading=\"lazy\" decoding=\"async\" width=\"184\" height=\"169\" src=\"https:\/\/sysmatec.ch\/wp-content\/uploads\/2019\/01\/BainUltrasons_AELabLF100.jpg\" class=\"attachment-woocommerce_thumbnail size-woocommerce_thumbnail\" alt=\"Niederfrequenz-Ultraschallbank mit Heizung\" \/><h2 class=\"woocommerce-loop-product__title\">Niederfrequenz-Ultraschallbank mit Heizung<\/h2>\n<\/a><a href=\"https:\/\/sysmatec.ch\/de\/Produkt\/niederfrequenz-ultraschallbank-mit-heizung\/\" aria-describedby=\"woocommerce_loop_add_to_cart_link_describedby_2392\" data-quantity=\"1\" class=\"button product_type_simple\" data-product_id=\"2392\" data-product_sku=\"\" aria-label=\"Lese mehr \u00fcber &#8222;Niederfrequenz-Ultraschallbank mit Heizung&#8220;\" rel=\"nofollow\" data-success_message=\"\">Weiterlesen<\/a>\t<span id=\"woocommerce_loop_add_to_cart_link_describedby_2392\" class=\"screen-reader-text\">\n\t\t\t<\/span>\n<\/li>\n<li class=\"product type-product post-2398 status-publish last instock product_cat-ultraschallbad has-post-thumbnail taxable shipping-taxable product-type-simple\">\n\t<a href=\"https:\/\/sysmatec.ch\/de\/Produkt\/ultraschall-hochfrequenz-ultraschallreiniger\/\" class=\"woocommerce-LoopProduct-link woocommerce-loop-product__link\"><img loading=\"lazy\" decoding=\"async\" width=\"167\" height=\"147\" src=\"https:\/\/sysmatec.ch\/wp-content\/uploads\/2019\/01\/BainUltrasons_AELabHF100.jpg\" class=\"attachment-woocommerce_thumbnail size-woocommerce_thumbnail\" alt=\"Ultraschall-Hochfrequenz-Ultraschallreiniger\" \/><h2 class=\"woocommerce-loop-product__title\">Ultraschall-Hochfrequenz-Ultraschallreiniger<\/h2>\n<\/a><a href=\"https:\/\/sysmatec.ch\/de\/Produkt\/ultraschall-hochfrequenz-ultraschallreiniger\/\" aria-describedby=\"woocommerce_loop_add_to_cart_link_describedby_2398\" data-quantity=\"1\" class=\"button product_type_simple\" data-product_id=\"2398\" data-product_sku=\"\" aria-label=\"Lese mehr \u00fcber &#8222;Ultraschall-Hochfrequenz-Ultraschallreiniger&#8220;\" rel=\"nofollow\" data-success_message=\"\">Weiterlesen<\/a>\t<span id=\"woocommerce_loop_add_to_cart_link_describedby_2398\" class=\"screen-reader-text\">\n\t\t\t<\/span>\n<\/li>\n<li class=\"product type-product post-30742 status-publish first instock product_cat-ultraschallbad has-post-thumbnail taxable shipping-taxable product-type-simple\">\n\t<a href=\"https:\/\/sysmatec.ch\/de\/Produkt\/labor-ultraschallreiniger-sn-d\/\" class=\"woocommerce-LoopProduct-link woocommerce-loop-product__link\"><img loading=\"lazy\" decoding=\"async\" width=\"324\" height=\"324\" src=\"https:\/\/sysmatec.ch\/wp-content\/uploads\/2025\/08\/BainUltrasons_SNDRedcrown1-324x324.jpg\" class=\"attachment-woocommerce_thumbnail size-woocommerce_thumbnail\" alt=\"Labor-Ultraschallreiniger SN-D\" srcset=\"https:\/\/sysmatec.ch\/wp-content\/uploads\/2025\/08\/BainUltrasons_SNDRedcrown1-324x324.jpg 324w, https:\/\/sysmatec.ch\/wp-content\/uploads\/2025\/08\/BainUltrasons_SNDRedcrown1-150x150.jpg 150w, https:\/\/sysmatec.ch\/wp-content\/uploads\/2025\/08\/BainUltrasons_SNDRedcrown1-100x100.jpg 100w\" sizes=\"auto, (max-width: 324px) 100vw, 324px\" \/><h2 class=\"woocommerce-loop-product__title\">Labor-Ultraschallreiniger SN-D<\/h2>\n<\/a><a href=\"https:\/\/sysmatec.ch\/de\/Produkt\/labor-ultraschallreiniger-sn-d\/\" aria-describedby=\"woocommerce_loop_add_to_cart_link_describedby_30742\" data-quantity=\"1\" class=\"button product_type_simple\" data-product_id=\"30742\" data-product_sku=\"\" aria-label=\"Lese mehr \u00fcber &#8222;Labor-Ultraschallreiniger SN-D&#8220;\" rel=\"nofollow\" data-success_message=\"\">Weiterlesen<\/a>\t<span id=\"woocommerce_loop_add_to_cart_link_describedby_30742\" class=\"screen-reader-text\">\n\t\t\t<\/span>\n<\/li>\n<li class=\"product type-product post-2404 status-publish instock product_cat-ultraschallbad has-post-thumbnail taxable shipping-taxable product-type-simple\">\n\t<a href=\"https:\/\/sysmatec.ch\/de\/Produkt\/ultraschallreiniger-starsonic-06\/\" class=\"woocommerce-LoopProduct-link woocommerce-loop-product__link\"><img loading=\"lazy\" decoding=\"async\" width=\"140\" height=\"130\" src=\"https:\/\/sysmatec.ch\/wp-content\/uploads\/2019\/01\/BainUltrasons_LiarreStarsonic06.jpg\" class=\"attachment-woocommerce_thumbnail size-woocommerce_thumbnail\" alt=\"Ultraschallreiniger Starsonic 06\" \/><h2 class=\"woocommerce-loop-product__title\">Ultraschallreiniger Starsonic 06<\/h2>\n<\/a><a href=\"https:\/\/sysmatec.ch\/de\/Produkt\/ultraschallreiniger-starsonic-06\/\" aria-describedby=\"woocommerce_loop_add_to_cart_link_describedby_2404\" data-quantity=\"1\" class=\"button product_type_simple\" data-product_id=\"2404\" data-product_sku=\"\" aria-label=\"Lese mehr \u00fcber &#8222;Ultraschallreiniger Starsonic 06&#8220;\" rel=\"nofollow\" data-success_message=\"\">Weiterlesen<\/a>\t<span id=\"woocommerce_loop_add_to_cart_link_describedby_2404\" class=\"screen-reader-text\">\n\t\t\t<\/span>\n<\/li>\n<li class=\"product type-product post-30733 status-publish instock product_cat-ultraschallbad has-post-thumbnail taxable shipping-taxable product-type-simple\">\n\t<a href=\"https:\/\/sysmatec.ch\/de\/Produkt\/ultraschallreiniger-typ-jp\/\" class=\"woocommerce-LoopProduct-link woocommerce-loop-product__link\"><img loading=\"lazy\" decoding=\"async\" width=\"324\" height=\"324\" src=\"https:\/\/sysmatec.ch\/wp-content\/uploads\/2025\/08\/BainUltrasons_JPRedcrown1-324x324.png\" class=\"attachment-woocommerce_thumbnail size-woocommerce_thumbnail\" alt=\"Ultraschallreiniger Typ JP\" srcset=\"https:\/\/sysmatec.ch\/wp-content\/uploads\/2025\/08\/BainUltrasons_JPRedcrown1-324x324.png 324w, https:\/\/sysmatec.ch\/wp-content\/uploads\/2025\/08\/BainUltrasons_JPRedcrown1-150x150.png 150w, https:\/\/sysmatec.ch\/wp-content\/uploads\/2025\/08\/BainUltrasons_JPRedcrown1-100x100.png 100w\" sizes=\"auto, (max-width: 324px) 100vw, 324px\" \/><h2 class=\"woocommerce-loop-product__title\">Ultraschallreiniger Typ JP<\/h2>\n<\/a><a href=\"https:\/\/sysmatec.ch\/de\/Produkt\/ultraschallreiniger-typ-jp\/\" aria-describedby=\"woocommerce_loop_add_to_cart_link_describedby_30733\" data-quantity=\"1\" class=\"button product_type_simple\" data-product_id=\"30733\" data-product_sku=\"\" aria-label=\"Lese mehr \u00fcber &#8222;Ultraschallreiniger Typ JP&#8220;\" rel=\"nofollow\" data-success_message=\"\">Weiterlesen<\/a>\t<span id=\"woocommerce_loop_add_to_cart_link_describedby_30733\" class=\"screen-reader-text\">\n\t\t\t<\/span>\n<\/li>\n<li class=\"product type-product post-2400 status-publish last instock product_cat-ultraschallbad has-post-thumbnail taxable shipping-taxable product-type-simple\">\n\t<a href=\"https:\/\/sysmatec.ch\/de\/Produkt\/ultraschallreiniger-starsonic-60\/\" class=\"woocommerce-LoopProduct-link woocommerce-loop-product__link\"><img loading=\"lazy\" decoding=\"async\" width=\"142\" height=\"117\" src=\"https:\/\/sysmatec.ch\/wp-content\/uploads\/2019\/01\/BainUltrasons_LiarreStarsonic60.jpg\" class=\"attachment-woocommerce_thumbnail size-woocommerce_thumbnail\" alt=\"Ultraschallreiniger Starsonic 60\" \/><h2 class=\"woocommerce-loop-product__title\">Ultraschallreiniger Starsonic 60<\/h2>\n<\/a><a href=\"https:\/\/sysmatec.ch\/de\/Produkt\/ultraschallreiniger-starsonic-60\/\" aria-describedby=\"woocommerce_loop_add_to_cart_link_describedby_2400\" data-quantity=\"1\" class=\"button product_type_simple\" data-product_id=\"2400\" data-product_sku=\"\" aria-label=\"Lese mehr \u00fcber &#8222;Ultraschallreiniger Starsonic 60&#8220;\" rel=\"nofollow\" data-success_message=\"\">Weiterlesen<\/a>\t<span id=\"woocommerce_loop_add_to_cart_link_describedby_2400\" class=\"screen-reader-text\">\n\t\t\t<\/span>\n<\/li>\n<\/ul>\n<\/div><\/p>\n","protected":false},"excerpt":{"rendered":"<p>Das Ultraschallbad oder der Ultraschallger\u00e4t ist eine Vorrichtung zum Reinigen von Teilen oder Aufl\u00f6sen von Produkten durch die mechanische Wirkung von Ultraschallwellen. Die Frequenz des Ultraschalls und die Temperatur (einige dieser B\u00e4der haben eine Erw\u00e4rmung) sind zwei Faktoren, die die Effizienz des Prozesses beeinflussen.<\/p>\n","protected":false},"author":3,"featured_media":0,"parent":0,"menu_order":0,"comment_status":"closed","ping_status":"closed","template":"","meta":{"_crdt_document":"","footnotes":""},"class_list":["post-1580","page","type-page","status-publish","hentry"],"yoast_head":"<!-- This site is optimized with the Yoast SEO plugin v27.4 - https:\/\/yoast.com\/product\/yoast-seo-wordpress\/ -->\n<title>Ultraschallb\u00e4der - Sysmatec<\/title>\n<meta name=\"description\" content=\"Das Ultraschallbad und Ultraschallger\u00e4t sind Vorrichtungen zum Reinigen von Teilen und Aufl\u00f6sen von Produkten durch die mechanische Wirkung von Ultraschallwellen.\" \/>\n<meta name=\"robots\" content=\"index, follow, max-snippet:-1, max-image-preview:large, max-video-preview:-1\" \/>\n<link rel=\"canonical\" href=\"https:\/\/sysmatec.ch\/de\/ultraschallbader\/\" \/>\n<meta property=\"og:locale\" content=\"de_DE\" \/>\n<meta property=\"og:type\" content=\"article\" \/>\n<meta property=\"og:title\" content=\"Ultraschallb\u00e4der - Sysmatec\" \/>\n<meta property=\"og:description\" content=\"Das Ultraschallbad und Ultraschallger\u00e4t sind Vorrichtungen zum Reinigen von Teilen und Aufl\u00f6sen von Produkten durch die mechanische Wirkung von Ultraschallwellen.\" \/>\n<meta property=\"og:url\" content=\"https:\/\/sysmatec.ch\/de\/ultraschallbader\/\" \/>\n<meta property=\"og:site_name\" content=\"Sysmatec\" \/>\n<meta property=\"article:modified_time\" content=\"2022-05-22T19:32:35+00:00\" \/>\n<meta name=\"twitter:card\" content=\"summary_large_image\" \/>\n<meta name=\"twitter:label1\" content=\"Gesch\u00e4tzte Lesezeit\" \/>\n\t<meta name=\"twitter:data1\" content=\"1\u00a0Minute\" \/>\n<script type=\"application\/ld+json\" class=\"yoast-schema-graph\">{\"@context\":\"https:\\\/\\\/schema.org\",\"@graph\":[{\"@type\":\"WebPage\",\"@id\":\"https:\\\/\\\/sysmatec.ch\\\/de\\\/ultraschallbader\\\/\",\"url\":\"https:\\\/\\\/sysmatec.ch\\\/de\\\/ultraschallbader\\\/\",\"name\":\"Ultraschallb\u00e4der - Sysmatec\",\"isPartOf\":{\"@id\":\"https:\\\/\\\/sysmatec.ch\\\/de\\\/#website\"},\"datePublished\":\"2019-01-26T17:23:03+00:00\",\"dateModified\":\"2022-05-22T19:32:35+00:00\",\"description\":\"Das Ultraschallbad und Ultraschallger\u00e4t sind Vorrichtungen zum Reinigen von Teilen und Aufl\u00f6sen von Produkten durch die mechanische Wirkung von Ultraschallwellen.\",\"breadcrumb\":{\"@id\":\"https:\\\/\\\/sysmatec.ch\\\/de\\\/ultraschallbader\\\/#breadcrumb\"},\"inLanguage\":\"de\",\"potentialAction\":[{\"@type\":\"ReadAction\",\"target\":[\"https:\\\/\\\/sysmatec.ch\\\/de\\\/ultraschallbader\\\/\"]}]},{\"@type\":\"BreadcrumbList\",\"@id\":\"https:\\\/\\\/sysmatec.ch\\\/de\\\/ultraschallbader\\\/#breadcrumb\",\"itemListElement\":[{\"@type\":\"ListItem\",\"position\":1,\"name\":\"Accueil\",\"item\":\"https:\\\/\\\/sysmatec.ch\\\/de\\\/\"},{\"@type\":\"ListItem\",\"position\":2,\"name\":\"Ultraschallb\u00e4der\"}]},{\"@type\":\"WebSite\",\"@id\":\"https:\\\/\\\/sysmatec.ch\\\/de\\\/#website\",\"url\":\"https:\\\/\\\/sysmatec.ch\\\/de\\\/\",\"name\":\"Sysmatec\",\"description\":\"Equipement de laboratoire et logiciels\",\"publisher\":{\"@id\":\"https:\\\/\\\/sysmatec.ch\\\/de\\\/#organization\"},\"potentialAction\":[{\"@type\":\"SearchAction\",\"target\":{\"@type\":\"EntryPoint\",\"urlTemplate\":\"https:\\\/\\\/sysmatec.ch\\\/de\\\/?s={search_term_string}\"},\"query-input\":{\"@type\":\"PropertyValueSpecification\",\"valueRequired\":true,\"valueName\":\"search_term_string\"}}],\"inLanguage\":\"de\"},{\"@type\":\"Organization\",\"@id\":\"https:\\\/\\\/sysmatec.ch\\\/de\\\/#organization\",\"name\":\"Sysmatec\",\"url\":\"https:\\\/\\\/sysmatec.ch\\\/de\\\/\",\"logo\":{\"@type\":\"ImageObject\",\"inLanguage\":\"de\",\"@id\":\"https:\\\/\\\/sysmatec.ch\\\/de\\\/#\\\/schema\\\/logo\\\/image\\\/\",\"url\":\"https:\\\/\\\/sysmatec.ch\\\/wp-content\\\/uploads\\\/2018\\\/11\\\/LogoSysmatec.jpg\",\"contentUrl\":\"https:\\\/\\\/sysmatec.ch\\\/wp-content\\\/uploads\\\/2018\\\/11\\\/LogoSysmatec.jpg\",\"width\":301,\"height\":297,\"caption\":\"Sysmatec\"},\"image\":{\"@id\":\"https:\\\/\\\/sysmatec.ch\\\/de\\\/#\\\/schema\\\/logo\\\/image\\\/\"}}]}<\/script>\n<!-- \/ Yoast SEO plugin. -->","yoast_head_json":{"title":"Ultraschallb\u00e4der - Sysmatec","description":"Das Ultraschallbad und Ultraschallger\u00e4t sind Vorrichtungen zum Reinigen von Teilen und Aufl\u00f6sen von Produkten durch die mechanische Wirkung von Ultraschallwellen.","robots":{"index":"index","follow":"follow","max-snippet":"max-snippet:-1","max-image-preview":"max-image-preview:large","max-video-preview":"max-video-preview:-1"},"canonical":"https:\/\/sysmatec.ch\/de\/ultraschallbader\/","og_locale":"de_DE","og_type":"article","og_title":"Ultraschallb\u00e4der - Sysmatec","og_description":"Das Ultraschallbad und Ultraschallger\u00e4t sind Vorrichtungen zum Reinigen von Teilen und Aufl\u00f6sen von Produkten durch die mechanische Wirkung von Ultraschallwellen.","og_url":"https:\/\/sysmatec.ch\/de\/ultraschallbader\/","og_site_name":"Sysmatec","article_modified_time":"2022-05-22T19:32:35+00:00","twitter_card":"summary_large_image","twitter_misc":{"Gesch\u00e4tzte Lesezeit":"1\u00a0Minute"},"schema":{"@context":"https:\/\/schema.org","@graph":[{"@type":"WebPage","@id":"https:\/\/sysmatec.ch\/de\/ultraschallbader\/","url":"https:\/\/sysmatec.ch\/de\/ultraschallbader\/","name":"Ultraschallb\u00e4der - Sysmatec","isPartOf":{"@id":"https:\/\/sysmatec.ch\/de\/#website"},"datePublished":"2019-01-26T17:23:03+00:00","dateModified":"2022-05-22T19:32:35+00:00","description":"Das Ultraschallbad und Ultraschallger\u00e4t sind Vorrichtungen zum Reinigen von Teilen und Aufl\u00f6sen von Produkten durch die mechanische Wirkung von Ultraschallwellen.","breadcrumb":{"@id":"https:\/\/sysmatec.ch\/de\/ultraschallbader\/#breadcrumb"},"inLanguage":"de","potentialAction":[{"@type":"ReadAction","target":["https:\/\/sysmatec.ch\/de\/ultraschallbader\/"]}]},{"@type":"BreadcrumbList","@id":"https:\/\/sysmatec.ch\/de\/ultraschallbader\/#breadcrumb","itemListElement":[{"@type":"ListItem","position":1,"name":"Accueil","item":"https:\/\/sysmatec.ch\/de\/"},{"@type":"ListItem","position":2,"name":"Ultraschallb\u00e4der"}]},{"@type":"WebSite","@id":"https:\/\/sysmatec.ch\/de\/#website","url":"https:\/\/sysmatec.ch\/de\/","name":"Sysmatec","description":"Equipement de laboratoire et logiciels","publisher":{"@id":"https:\/\/sysmatec.ch\/de\/#organization"},"potentialAction":[{"@type":"SearchAction","target":{"@type":"EntryPoint","urlTemplate":"https:\/\/sysmatec.ch\/de\/?s={search_term_string}"},"query-input":{"@type":"PropertyValueSpecification","valueRequired":true,"valueName":"search_term_string"}}],"inLanguage":"de"},{"@type":"Organization","@id":"https:\/\/sysmatec.ch\/de\/#organization","name":"Sysmatec","url":"https:\/\/sysmatec.ch\/de\/","logo":{"@type":"ImageObject","inLanguage":"de","@id":"https:\/\/sysmatec.ch\/de\/#\/schema\/logo\/image\/","url":"https:\/\/sysmatec.ch\/wp-content\/uploads\/2018\/11\/LogoSysmatec.jpg","contentUrl":"https:\/\/sysmatec.ch\/wp-content\/uploads\/2018\/11\/LogoSysmatec.jpg","width":301,"height":297,"caption":"Sysmatec"},"image":{"@id":"https:\/\/sysmatec.ch\/de\/#\/schema\/logo\/image\/"}}]}},"_links":{"self":[{"href":"https:\/\/sysmatec.ch\/de\/wp-json\/wp\/v2\/pages\/1580","targetHints":{"allow":["GET"]}}],"collection":[{"href":"https:\/\/sysmatec.ch\/de\/wp-json\/wp\/v2\/pages"}],"about":[{"href":"https:\/\/sysmatec.ch\/de\/wp-json\/wp\/v2\/types\/page"}],"author":[{"embeddable":true,"href":"https:\/\/sysmatec.ch\/de\/wp-json\/wp\/v2\/users\/3"}],"replies":[{"embeddable":true,"href":"https:\/\/sysmatec.ch\/de\/wp-json\/wp\/v2\/comments?post=1580"}],"version-history":[{"count":5,"href":"https:\/\/sysmatec.ch\/de\/wp-json\/wp\/v2\/pages\/1580\/revisions"}],"predecessor-version":[{"id":27720,"href":"https:\/\/sysmatec.ch\/de\/wp-json\/wp\/v2\/pages\/1580\/revisions\/27720"}],"wp:attachment":[{"href":"https:\/\/sysmatec.ch\/de\/wp-json\/wp\/v2\/media?parent=1580"}],"curies":[{"name":"wp","href":"https:\/\/api.w.org\/{rel}","templated":true}]}}