{"id":1575,"date":"2019-01-26T18:18:24","date_gmt":"2019-01-26T17:18:24","guid":{"rendered":"https:\/\/sysmatec.ch\/?page_id=1575"},"modified":"2024-06-27T11:14:32","modified_gmt":"2024-06-27T09:14:32","slug":"wasserbad","status":"publish","type":"page","link":"https:\/\/sysmatec.ch\/de\/wasserbad\/","title":{"rendered":"Wasserbad und Thermostat"},"content":{"rendered":"\n<h2 class=\"wp-block-heading\">Allgemeine Charakteristiken von Wasserb\u00e4der ECOTHERM<\/h2>\n\n\n\n<ul class=\"wp-block-list\">\n<li>kosteng\u00fcnstige Allzweckwasserb\u00e4der aus wei\u00dfem Polypropylen (PP)<\/li>\n\n\n\n<li>Wandst\u00e4rke 10 mm, elektronische Temperaturregelung<\/li>\n\n\n\n<li>Temperaturbereich 5 \u00b0 C \u00fcber der Umgebungstemperatur bei 100 \u00b0 C, Edelstahlheizung<\/li>\n\n\n\n<li>elektronische Steuerung, 7-Segment-LED-Anzeige, Anzeige des Istwerts, Sollwert. Sollwerteinstellung in Schritten von 0,1 \u00b0 C.<\/li>\n\n\n\n<li>Sicherheitsausr\u00fcstung: Temperaturschwelle und Sensorsteuerung<\/li>\n\n\n\n<li>Optional mit integriertem Kreislauf ausgestattet, um die Temperaturgleichm\u00e4\u00dfigkeit im Bad zu verbessern <\/li>\n<\/ul>\n\n\n\n<p class=\"wp-block-paragraph\"><div class=\"woocommerce columns-4 \"><ul class=\"products columns-4\">\n<li class=\"product type-product post-2379 status-publish first instock product_cat-wasserbad has-post-thumbnail taxable shipping-taxable product-type-simple\">\n\t<a href=\"https:\/\/sysmatec.ch\/de\/Produkt\/wasserbad-ecotherm-e10\/\" class=\"woocommerce-LoopProduct-link woocommerce-loop-product__link\"><img loading=\"lazy\" decoding=\"async\" width=\"163\" height=\"117\" src=\"https:\/\/sysmatec.ch\/wp-content\/uploads\/2019\/01\/Bain-marie_DinkelbEcoE10.jpg\" class=\"attachment-woocommerce_thumbnail size-woocommerce_thumbnail\" alt=\"Wasserbad Ecotherm E10\" \/><h2 class=\"woocommerce-loop-product__title\">Wasserbad Ecotherm E10<\/h2>\n<\/a><a href=\"https:\/\/sysmatec.ch\/de\/Produkt\/wasserbad-ecotherm-e10\/\" aria-describedby=\"woocommerce_loop_add_to_cart_link_describedby_2379\" data-quantity=\"1\" class=\"button product_type_simple\" data-product_id=\"2379\" data-product_sku=\"\" aria-label=\"Lese mehr \u00fcber &#8222;Wasserbad Ecotherm E10&#8220;\" rel=\"nofollow\" data-success_message=\"\">Weiterlesen<\/a>\t<span id=\"woocommerce_loop_add_to_cart_link_describedby_2379\" class=\"screen-reader-text\">\n\t\t\t<\/span>\n<\/li>\n<li class=\"product type-product post-2376 status-publish instock product_cat-wasserbad has-post-thumbnail taxable shipping-taxable product-type-simple\">\n\t<a href=\"https:\/\/sysmatec.ch\/de\/Produkt\/wasserbad-ecotherm-e10u\/\" class=\"woocommerce-LoopProduct-link woocommerce-loop-product__link\"><img loading=\"lazy\" decoding=\"async\" width=\"163\" height=\"117\" src=\"https:\/\/sysmatec.ch\/wp-content\/uploads\/2019\/01\/Bain-marie_DinkelbEcoE10.jpg\" class=\"attachment-woocommerce_thumbnail size-woocommerce_thumbnail\" alt=\"Wasserbad Ecotherm E10U\" \/><h2 class=\"woocommerce-loop-product__title\">Wasserbad Ecotherm E10U<\/h2>\n<\/a><a href=\"https:\/\/sysmatec.ch\/de\/Produkt\/wasserbad-ecotherm-e10u\/\" aria-describedby=\"woocommerce_loop_add_to_cart_link_describedby_2376\" data-quantity=\"1\" class=\"button product_type_simple\" data-product_id=\"2376\" data-product_sku=\"\" aria-label=\"Lese mehr \u00fcber &#8222;Wasserbad Ecotherm E10U&#8220;\" rel=\"nofollow\" data-success_message=\"\">Weiterlesen<\/a>\t<span id=\"woocommerce_loop_add_to_cart_link_describedby_2376\" class=\"screen-reader-text\">\n\t\t\t<\/span>\n<\/li>\n<li class=\"product type-product post-2373 status-publish instock product_cat-wasserbad has-post-thumbnail taxable shipping-taxable product-type-simple\">\n\t<a href=\"https:\/\/sysmatec.ch\/de\/Produkt\/wasserbad-ecotherm-e11\/\" class=\"woocommerce-LoopProduct-link woocommerce-loop-product__link\"><img loading=\"lazy\" decoding=\"async\" width=\"165\" height=\"112\" src=\"https:\/\/sysmatec.ch\/wp-content\/uploads\/2019\/01\/Bain-marie_DinkelbEcoE11.jpg\" class=\"attachment-woocommerce_thumbnail size-woocommerce_thumbnail\" alt=\"Wasserbad Ecotherm E11\" \/><h2 class=\"woocommerce-loop-product__title\">Wasserbad Ecotherm E11<\/h2>\n<\/a><a href=\"https:\/\/sysmatec.ch\/de\/Produkt\/wasserbad-ecotherm-e11\/\" aria-describedby=\"woocommerce_loop_add_to_cart_link_describedby_2373\" data-quantity=\"1\" class=\"button product_type_simple\" data-product_id=\"2373\" data-product_sku=\"\" aria-label=\"Lese mehr \u00fcber &#8222;Wasserbad Ecotherm E11&#8220;\" rel=\"nofollow\" data-success_message=\"\">Weiterlesen<\/a>\t<span id=\"woocommerce_loop_add_to_cart_link_describedby_2373\" class=\"screen-reader-text\">\n\t\t\t<\/span>\n<\/li>\n<li class=\"product type-product post-2370 status-publish last instock product_cat-wasserbad has-post-thumbnail taxable shipping-taxable product-type-simple\">\n\t<a href=\"https:\/\/sysmatec.ch\/de\/Produkt\/wasserbad-ecotherm-e11u\/\" class=\"woocommerce-LoopProduct-link woocommerce-loop-product__link\"><img loading=\"lazy\" decoding=\"async\" width=\"165\" height=\"112\" src=\"https:\/\/sysmatec.ch\/wp-content\/uploads\/2019\/01\/Bain-marie_DinkelbEcoE11.jpg\" class=\"attachment-woocommerce_thumbnail size-woocommerce_thumbnail\" alt=\"Wasserbad Ecotherm E11U\" \/><h2 class=\"woocommerce-loop-product__title\">Wasserbad Ecotherm E11U<\/h2>\n<\/a><a href=\"https:\/\/sysmatec.ch\/de\/Produkt\/wasserbad-ecotherm-e11u\/\" aria-describedby=\"woocommerce_loop_add_to_cart_link_describedby_2370\" data-quantity=\"1\" class=\"button product_type_simple\" data-product_id=\"2370\" data-product_sku=\"\" aria-label=\"Lese mehr \u00fcber &#8222;Wasserbad Ecotherm E11U&#8220;\" rel=\"nofollow\" data-success_message=\"\">Weiterlesen<\/a>\t<span id=\"woocommerce_loop_add_to_cart_link_describedby_2370\" class=\"screen-reader-text\">\n\t\t\t<\/span>\n<\/li>\n<li class=\"product type-product post-2368 status-publish first instock product_cat-wasserbad has-post-thumbnail taxable shipping-taxable product-type-simple\">\n\t<a href=\"https:\/\/sysmatec.ch\/de\/Produkt\/wasserbad-ecotherm-e19\/\" class=\"woocommerce-LoopProduct-link woocommerce-loop-product__link\"><img loading=\"lazy\" decoding=\"async\" width=\"184\" height=\"119\" src=\"https:\/\/sysmatec.ch\/wp-content\/uploads\/2019\/01\/Bain-marie_DinkelbEcoE19.jpg\" class=\"attachment-woocommerce_thumbnail size-woocommerce_thumbnail\" alt=\"Wasserbad Ecotherm E19\" \/><h2 class=\"woocommerce-loop-product__title\">Wasserbad Ecotherm E19<\/h2>\n<\/a><a href=\"https:\/\/sysmatec.ch\/de\/Produkt\/wasserbad-ecotherm-e19\/\" aria-describedby=\"woocommerce_loop_add_to_cart_link_describedby_2368\" data-quantity=\"1\" class=\"button product_type_simple\" data-product_id=\"2368\" data-product_sku=\"\" aria-label=\"Lese mehr \u00fcber &#8222;Wasserbad Ecotherm E19&#8220;\" rel=\"nofollow\" data-success_message=\"\">Weiterlesen<\/a>\t<span id=\"woocommerce_loop_add_to_cart_link_describedby_2368\" class=\"screen-reader-text\">\n\t\t\t<\/span>\n<\/li>\n<li class=\"product type-product post-2364 status-publish instock product_cat-wasserbad has-post-thumbnail taxable shipping-taxable product-type-simple\">\n\t<a href=\"https:\/\/sysmatec.ch\/de\/Produkt\/wasserbad-ecotherm-e19u\/\" class=\"woocommerce-LoopProduct-link woocommerce-loop-product__link\"><img loading=\"lazy\" decoding=\"async\" width=\"184\" height=\"119\" src=\"https:\/\/sysmatec.ch\/wp-content\/uploads\/2019\/01\/Bain-marie_DinkelbEcoE19.jpg\" class=\"attachment-woocommerce_thumbnail size-woocommerce_thumbnail\" alt=\"Wasserbad Ecotherm E19U\" \/><h2 class=\"woocommerce-loop-product__title\">Wasserbad Ecotherm E19U<\/h2>\n<\/a><a href=\"https:\/\/sysmatec.ch\/de\/Produkt\/wasserbad-ecotherm-e19u\/\" aria-describedby=\"woocommerce_loop_add_to_cart_link_describedby_2364\" data-quantity=\"1\" class=\"button product_type_simple\" data-product_id=\"2364\" data-product_sku=\"\" aria-label=\"Lese mehr \u00fcber &#8222;Wasserbad Ecotherm E19U&#8220;\" rel=\"nofollow\" data-success_message=\"\">Weiterlesen<\/a>\t<span id=\"woocommerce_loop_add_to_cart_link_describedby_2364\" class=\"screen-reader-text\">\n\t\t\t<\/span>\n<\/li>\n<li class=\"product type-product post-2362 status-publish instock product_cat-wasserbad has-post-thumbnail taxable shipping-taxable product-type-simple\">\n\t<a href=\"https:\/\/sysmatec.ch\/de\/Produkt\/wasserbad-ecotherm-e30\/\" class=\"woocommerce-LoopProduct-link woocommerce-loop-product__link\"><img loading=\"lazy\" decoding=\"async\" width=\"184\" height=\"109\" src=\"https:\/\/sysmatec.ch\/wp-content\/uploads\/2019\/01\/Bain-Marie_DinkelbEcoE30.jpg\" class=\"attachment-woocommerce_thumbnail size-woocommerce_thumbnail\" alt=\"Wasserbad Ecotherm E30\" \/><h2 class=\"woocommerce-loop-product__title\">Wasserbad Ecotherm E30<\/h2>\n<\/a><a href=\"https:\/\/sysmatec.ch\/de\/Produkt\/wasserbad-ecotherm-e30\/\" aria-describedby=\"woocommerce_loop_add_to_cart_link_describedby_2362\" data-quantity=\"1\" class=\"button product_type_simple\" data-product_id=\"2362\" data-product_sku=\"\" aria-label=\"Lese mehr \u00fcber &#8222;Wasserbad Ecotherm E30&#8220;\" rel=\"nofollow\" data-success_message=\"\">Weiterlesen<\/a>\t<span id=\"woocommerce_loop_add_to_cart_link_describedby_2362\" class=\"screen-reader-text\">\n\t\t\t<\/span>\n<\/li>\n<li class=\"product type-product post-2359 status-publish last instock product_cat-wasserbad has-post-thumbnail taxable shipping-taxable product-type-simple\">\n\t<a href=\"https:\/\/sysmatec.ch\/de\/Produkt\/wasserbad-ecotherm-e30u\/\" class=\"woocommerce-LoopProduct-link woocommerce-loop-product__link\"><img loading=\"lazy\" decoding=\"async\" width=\"184\" height=\"109\" src=\"https:\/\/sysmatec.ch\/wp-content\/uploads\/2019\/01\/Bain-Marie_DinkelbEcoE30.jpg\" class=\"attachment-woocommerce_thumbnail size-woocommerce_thumbnail\" alt=\"Wasserbad Ecotherm E30U\" \/><h2 class=\"woocommerce-loop-product__title\">Wasserbad Ecotherm E30U<\/h2>\n<\/a><a href=\"https:\/\/sysmatec.ch\/de\/Produkt\/wasserbad-ecotherm-e30u\/\" aria-describedby=\"woocommerce_loop_add_to_cart_link_describedby_2359\" data-quantity=\"1\" class=\"button product_type_simple\" data-product_id=\"2359\" data-product_sku=\"\" aria-label=\"Lese mehr \u00fcber &#8222;Wasserbad Ecotherm E30U&#8220;\" rel=\"nofollow\" data-success_message=\"\">Weiterlesen<\/a>\t<span id=\"woocommerce_loop_add_to_cart_link_describedby_2359\" class=\"screen-reader-text\">\n\t\t\t<\/span>\n<\/li>\n<li class=\"product type-product post-2382 status-publish first instock product_cat-wasserbad has-post-thumbnail taxable shipping-taxable product-type-simple\">\n\t<a href=\"https:\/\/sysmatec.ch\/de\/Produkt\/wasserbad-ecotherm-e5u\/\" class=\"woocommerce-LoopProduct-link woocommerce-loop-product__link\"><img loading=\"lazy\" decoding=\"async\" width=\"175\" height=\"130\" src=\"https:\/\/sysmatec.ch\/wp-content\/uploads\/2019\/01\/Bain-marie_DinkelbEcoE5.jpg\" class=\"attachment-woocommerce_thumbnail size-woocommerce_thumbnail\" alt=\"Wasserbad Ecotherm E5U\" \/><h2 class=\"woocommerce-loop-product__title\">Wasserbad Ecotherm E5U<\/h2>\n<\/a><a href=\"https:\/\/sysmatec.ch\/de\/Produkt\/wasserbad-ecotherm-e5u\/\" aria-describedby=\"woocommerce_loop_add_to_cart_link_describedby_2382\" data-quantity=\"1\" class=\"button product_type_simple\" data-product_id=\"2382\" data-product_sku=\"\" aria-label=\"Lese mehr \u00fcber &#8222;Wasserbad Ecotherm E5U&#8220;\" rel=\"nofollow\" data-success_message=\"\">Weiterlesen<\/a>\t<span id=\"woocommerce_loop_add_to_cart_link_describedby_2382\" class=\"screen-reader-text\">\n\t\t\t<\/span>\n<\/li>\n<li class=\"product type-product post-2384 status-publish instock product_cat-wasserbad has-post-thumbnail taxable shipping-taxable product-type-simple\">\n\t<a href=\"https:\/\/sysmatec.ch\/de\/Produkt\/wasserbad-ecotherm-e5\/\" class=\"woocommerce-LoopProduct-link woocommerce-loop-product__link\"><img loading=\"lazy\" decoding=\"async\" width=\"175\" height=\"130\" src=\"https:\/\/sysmatec.ch\/wp-content\/uploads\/2019\/01\/Bain-marie_DinkelbEcoE5.jpg\" class=\"attachment-woocommerce_thumbnail size-woocommerce_thumbnail\" alt=\"Wasserbad Ecotherm E5\" \/><h2 class=\"woocommerce-loop-product__title\">Wasserbad Ecotherm E5<\/h2>\n<\/a><a href=\"https:\/\/sysmatec.ch\/de\/Produkt\/wasserbad-ecotherm-e5\/\" aria-describedby=\"woocommerce_loop_add_to_cart_link_describedby_2384\" data-quantity=\"1\" class=\"button product_type_simple\" data-product_id=\"2384\" data-product_sku=\"\" aria-label=\"Lese mehr \u00fcber &#8222;Wasserbad Ecotherm E5&#8220;\" rel=\"nofollow\" data-success_message=\"\">Weiterlesen<\/a>\t<span id=\"woocommerce_loop_add_to_cart_link_describedby_2384\" class=\"screen-reader-text\">\n\t\t\t<\/span>\n<\/li>\n<li class=\"product type-product post-29738 status-publish instock product_cat-wasserbad has-post-thumbnail taxable shipping-taxable product-type-simple\">\n\t<a href=\"https:\/\/sysmatec.ch\/de\/Produkt\/thermostat-cbc-5-basic\/\" class=\"woocommerce-LoopProduct-link woocommerce-loop-product__link\"><img loading=\"lazy\" decoding=\"async\" width=\"324\" height=\"324\" src=\"https:\/\/sysmatec.ch\/wp-content\/uploads\/2024\/06\/Thermostat_CBC-5-basicIKA-324x324.jpg\" class=\"attachment-woocommerce_thumbnail size-woocommerce_thumbnail\" alt=\"Thermostat CBC 5 basic\" srcset=\"https:\/\/sysmatec.ch\/wp-content\/uploads\/2024\/06\/Thermostat_CBC-5-basicIKA-324x324.jpg 324w, https:\/\/sysmatec.ch\/wp-content\/uploads\/2024\/06\/Thermostat_CBC-5-basicIKA-100x100.jpg 100w, https:\/\/sysmatec.ch\/wp-content\/uploads\/2024\/06\/Thermostat_CBC-5-basicIKA-150x150.jpg 150w\" sizes=\"auto, (max-width: 324px) 100vw, 324px\" \/><h2 class=\"woocommerce-loop-product__title\">Thermostat CBC 5 basic<\/h2>\n<\/a><a href=\"https:\/\/sysmatec.ch\/de\/Produkt\/thermostat-cbc-5-basic\/\" aria-describedby=\"woocommerce_loop_add_to_cart_link_describedby_29738\" data-quantity=\"1\" class=\"button product_type_simple\" data-product_id=\"29738\" data-product_sku=\"\" aria-label=\"Lese mehr \u00fcber &#8222;Thermostat CBC 5 basic&#8220;\" rel=\"nofollow\" data-success_message=\"\">Weiterlesen<\/a>\t<span id=\"woocommerce_loop_add_to_cart_link_describedby_29738\" class=\"screen-reader-text\">\n\t\t\t<\/span>\n<\/li>\n<li class=\"product type-product post-30725 status-publish last instock product_cat-wasserbad has-post-thumbnail taxable shipping-taxable product-type-simple\">\n\t<a href=\"https:\/\/sysmatec.ch\/de\/Produkt\/thermostat-hrsc012-mit-co2\/\" class=\"woocommerce-LoopProduct-link woocommerce-loop-product__link\"><img loading=\"lazy\" decoding=\"async\" width=\"241\" height=\"291\" src=\"https:\/\/sysmatec.ch\/wp-content\/uploads\/2025\/08\/Thermostat_HRSC012SMC.jpg\" class=\"attachment-woocommerce_thumbnail size-woocommerce_thumbnail\" alt=\"Thermostat HRSC012 mit CO2\" \/><h2 class=\"woocommerce-loop-product__title\">Thermostat HRSC012 mit CO2<\/h2>\n<\/a><a href=\"https:\/\/sysmatec.ch\/de\/Produkt\/thermostat-hrsc012-mit-co2\/\" aria-describedby=\"woocommerce_loop_add_to_cart_link_describedby_30725\" data-quantity=\"1\" class=\"button product_type_simple\" data-product_id=\"30725\" data-product_sku=\"\" aria-label=\"Lese mehr \u00fcber &#8222;Thermostat HRSC012 mit CO2&#8220;\" rel=\"nofollow\" data-success_message=\"\">Weiterlesen<\/a>\t<span id=\"woocommerce_loop_add_to_cart_link_describedby_30725\" class=\"screen-reader-text\">\n\t\t\t<\/span>\n<\/li>\n<li class=\"product type-product post-2357 status-publish first instock product_cat-wasserbad has-post-thumbnail taxable shipping-taxable product-type-simple\">\n\t<a href=\"https:\/\/sysmatec.ch\/de\/Produkt\/wasserbad-ika-icc-basic-eco-8-c\/\" class=\"woocommerce-LoopProduct-link woocommerce-loop-product__link\"><img loading=\"lazy\" decoding=\"async\" width=\"185\" height=\"181\" src=\"https:\/\/sysmatec.ch\/wp-content\/uploads\/2019\/01\/Bain-marie_IKAICCBasicEco8.jpg\" class=\"attachment-woocommerce_thumbnail size-woocommerce_thumbnail\" alt=\"Wasserbad Ika ICC basic eco 8 c\" \/><h2 class=\"woocommerce-loop-product__title\">Wasserbad Ika ICC basic eco 8 c<\/h2>\n<\/a><a href=\"https:\/\/sysmatec.ch\/de\/Produkt\/wasserbad-ika-icc-basic-eco-8-c\/\" aria-describedby=\"woocommerce_loop_add_to_cart_link_describedby_2357\" data-quantity=\"1\" class=\"button product_type_simple\" data-product_id=\"2357\" data-product_sku=\"\" aria-label=\"Lese mehr \u00fcber &#8222;Wasserbad Ika ICC basic eco 8 c&#8220;\" rel=\"nofollow\" data-success_message=\"\">Weiterlesen<\/a>\t<span id=\"woocommerce_loop_add_to_cart_link_describedby_2357\" class=\"screen-reader-text\">\n\t\t\t<\/span>\n<\/li>\n<li class=\"product type-product post-2352 status-publish instock product_cat-wasserbad has-post-thumbnail taxable shipping-taxable product-type-simple\">\n\t<a href=\"https:\/\/sysmatec.ch\/de\/Produkt\/reihenwasserbad-rwb\/\" class=\"woocommerce-LoopProduct-link woocommerce-loop-product__link\"><img loading=\"lazy\" decoding=\"async\" width=\"189\" height=\"127\" src=\"https:\/\/sysmatec.ch\/wp-content\/uploads\/2019\/01\/Bain-marie_AerneRWB.jpg\" class=\"attachment-woocommerce_thumbnail size-woocommerce_thumbnail\" alt=\"Reihenwasserbad RWB\" \/><h2 class=\"woocommerce-loop-product__title\">Reihenwasserbad RWB<\/h2>\n<\/a><a href=\"https:\/\/sysmatec.ch\/de\/Produkt\/reihenwasserbad-rwb\/\" aria-describedby=\"woocommerce_loop_add_to_cart_link_describedby_2352\" data-quantity=\"1\" class=\"button product_type_simple\" data-product_id=\"2352\" data-product_sku=\"\" aria-label=\"Lese mehr \u00fcber &#8222;Reihenwasserbad RWB&#8220;\" rel=\"nofollow\" data-success_message=\"\">Weiterlesen<\/a>\t<span id=\"woocommerce_loop_add_to_cart_link_describedby_2352\" class=\"screen-reader-text\">\n\t\t\t<\/span>\n<\/li>\n<li class=\"product type-product post-2354 status-publish instock product_cat-wasserbad has-post-thumbnail taxable shipping-taxable product-type-simple\">\n\t<a href=\"https:\/\/sysmatec.ch\/de\/Produkt\/wasserbad-uwt\/\" class=\"woocommerce-LoopProduct-link woocommerce-loop-product__link\"><img loading=\"lazy\" decoding=\"async\" width=\"190\" height=\"168\" src=\"https:\/\/sysmatec.ch\/wp-content\/uploads\/2019\/01\/Bain-marie_AerneUWT2.jpg\" class=\"attachment-woocommerce_thumbnail size-woocommerce_thumbnail\" alt=\"Wasserbad UWT\" \/><h2 class=\"woocommerce-loop-product__title\">Wasserbad UWT<\/h2>\n<\/a><a href=\"https:\/\/sysmatec.ch\/de\/Produkt\/wasserbad-uwt\/\" aria-describedby=\"woocommerce_loop_add_to_cart_link_describedby_2354\" data-quantity=\"1\" class=\"button product_type_simple\" data-product_id=\"2354\" data-product_sku=\"\" aria-label=\"Lese mehr \u00fcber &#8222;Wasserbad UWT&#8220;\" rel=\"nofollow\" data-success_message=\"\">Weiterlesen<\/a>\t<span id=\"woocommerce_loop_add_to_cart_link_describedby_2354\" class=\"screen-reader-text\">\n\t\t\t<\/span>\n<\/li>\n<\/ul>\n<\/div><\/p>\n","protected":false},"excerpt":{"rendered":"<p>Allgemeine Charakteristiken von Wasserb\u00e4der ECOTHERM<\/p>\n","protected":false},"author":3,"featured_media":0,"parent":0,"menu_order":0,"comment_status":"closed","ping_status":"closed","template":"","meta":{"_crdt_document":"","footnotes":""},"class_list":["post-1575","page","type-page","status-publish","hentry"],"yoast_head":"<!-- This site is optimized with the Yoast SEO plugin v27.3 - https:\/\/yoast.com\/product\/yoast-seo-wordpress\/ -->\n<title>Wasserbad und Thermostat - Sysmatec<\/title>\n<meta name=\"description\" content=\"Wasserbad mit oder ohne Pumpe, die die Zirkulation der thermostatischen Fl\u00fcssigkeit in einem externen Kreislauf erm\u00f6glicht.\" \/>\n<meta name=\"robots\" content=\"index, follow, max-snippet:-1, max-image-preview:large, max-video-preview:-1\" \/>\n<link rel=\"canonical\" href=\"https:\/\/sysmatec.ch\/de\/wasserbad\/\" \/>\n<meta property=\"og:locale\" content=\"de_DE\" \/>\n<meta property=\"og:type\" content=\"article\" \/>\n<meta property=\"og:title\" content=\"Wasserbad und Thermostat - Sysmatec\" \/>\n<meta property=\"og:description\" content=\"Wasserbad mit oder ohne Pumpe, die die Zirkulation der thermostatischen Fl\u00fcssigkeit in einem externen Kreislauf erm\u00f6glicht.\" \/>\n<meta property=\"og:url\" content=\"https:\/\/sysmatec.ch\/de\/wasserbad\/\" \/>\n<meta property=\"og:site_name\" content=\"Sysmatec\" \/>\n<meta property=\"article:modified_time\" content=\"2024-06-27T09:14:32+00:00\" \/>\n<meta name=\"twitter:card\" content=\"summary_large_image\" \/>\n<meta name=\"twitter:label1\" content=\"Gesch\u00e4tzte Lesezeit\" \/>\n\t<meta name=\"twitter:data1\" content=\"1\u00a0Minute\" \/>\n<script type=\"application\/ld+json\" class=\"yoast-schema-graph\">{\"@context\":\"https:\\\/\\\/schema.org\",\"@graph\":[{\"@type\":\"WebPage\",\"@id\":\"https:\\\/\\\/sysmatec.ch\\\/de\\\/wasserbad\\\/\",\"url\":\"https:\\\/\\\/sysmatec.ch\\\/de\\\/wasserbad\\\/\",\"name\":\"Wasserbad und Thermostat - Sysmatec\",\"isPartOf\":{\"@id\":\"https:\\\/\\\/sysmatec.ch\\\/de\\\/#website\"},\"datePublished\":\"2019-01-26T17:18:24+00:00\",\"dateModified\":\"2024-06-27T09:14:32+00:00\",\"description\":\"Wasserbad mit oder ohne Pumpe, die die Zirkulation der thermostatischen Fl\u00fcssigkeit in einem externen Kreislauf erm\u00f6glicht.\",\"breadcrumb\":{\"@id\":\"https:\\\/\\\/sysmatec.ch\\\/de\\\/wasserbad\\\/#breadcrumb\"},\"inLanguage\":\"de\",\"potentialAction\":[{\"@type\":\"ReadAction\",\"target\":[\"https:\\\/\\\/sysmatec.ch\\\/de\\\/wasserbad\\\/\"]}]},{\"@type\":\"BreadcrumbList\",\"@id\":\"https:\\\/\\\/sysmatec.ch\\\/de\\\/wasserbad\\\/#breadcrumb\",\"itemListElement\":[{\"@type\":\"ListItem\",\"position\":1,\"name\":\"Accueil\",\"item\":\"https:\\\/\\\/sysmatec.ch\\\/de\\\/\"},{\"@type\":\"ListItem\",\"position\":2,\"name\":\"Wasserbad und Thermostat\"}]},{\"@type\":\"WebSite\",\"@id\":\"https:\\\/\\\/sysmatec.ch\\\/de\\\/#website\",\"url\":\"https:\\\/\\\/sysmatec.ch\\\/de\\\/\",\"name\":\"Sysmatec\",\"description\":\"Equipement de laboratoire et logiciels\",\"publisher\":{\"@id\":\"https:\\\/\\\/sysmatec.ch\\\/de\\\/#organization\"},\"potentialAction\":[{\"@type\":\"SearchAction\",\"target\":{\"@type\":\"EntryPoint\",\"urlTemplate\":\"https:\\\/\\\/sysmatec.ch\\\/de\\\/?s={search_term_string}\"},\"query-input\":{\"@type\":\"PropertyValueSpecification\",\"valueRequired\":true,\"valueName\":\"search_term_string\"}}],\"inLanguage\":\"de\"},{\"@type\":\"Organization\",\"@id\":\"https:\\\/\\\/sysmatec.ch\\\/de\\\/#organization\",\"name\":\"Sysmatec\",\"url\":\"https:\\\/\\\/sysmatec.ch\\\/de\\\/\",\"logo\":{\"@type\":\"ImageObject\",\"inLanguage\":\"de\",\"@id\":\"https:\\\/\\\/sysmatec.ch\\\/de\\\/#\\\/schema\\\/logo\\\/image\\\/\",\"url\":\"https:\\\/\\\/sysmatec.ch\\\/wp-content\\\/uploads\\\/2018\\\/11\\\/LogoSysmatec.jpg\",\"contentUrl\":\"https:\\\/\\\/sysmatec.ch\\\/wp-content\\\/uploads\\\/2018\\\/11\\\/LogoSysmatec.jpg\",\"width\":301,\"height\":297,\"caption\":\"Sysmatec\"},\"image\":{\"@id\":\"https:\\\/\\\/sysmatec.ch\\\/de\\\/#\\\/schema\\\/logo\\\/image\\\/\"}}]}<\/script>\n<!-- \/ Yoast SEO plugin. -->","yoast_head_json":{"title":"Wasserbad und Thermostat - Sysmatec","description":"Wasserbad mit oder ohne Pumpe, die die Zirkulation der thermostatischen Fl\u00fcssigkeit in einem externen Kreislauf erm\u00f6glicht.","robots":{"index":"index","follow":"follow","max-snippet":"max-snippet:-1","max-image-preview":"max-image-preview:large","max-video-preview":"max-video-preview:-1"},"canonical":"https:\/\/sysmatec.ch\/de\/wasserbad\/","og_locale":"de_DE","og_type":"article","og_title":"Wasserbad und Thermostat - Sysmatec","og_description":"Wasserbad mit oder ohne Pumpe, die die Zirkulation der thermostatischen Fl\u00fcssigkeit in einem externen Kreislauf erm\u00f6glicht.","og_url":"https:\/\/sysmatec.ch\/de\/wasserbad\/","og_site_name":"Sysmatec","article_modified_time":"2024-06-27T09:14:32+00:00","twitter_card":"summary_large_image","twitter_misc":{"Gesch\u00e4tzte Lesezeit":"1\u00a0Minute"},"schema":{"@context":"https:\/\/schema.org","@graph":[{"@type":"WebPage","@id":"https:\/\/sysmatec.ch\/de\/wasserbad\/","url":"https:\/\/sysmatec.ch\/de\/wasserbad\/","name":"Wasserbad und Thermostat - Sysmatec","isPartOf":{"@id":"https:\/\/sysmatec.ch\/de\/#website"},"datePublished":"2019-01-26T17:18:24+00:00","dateModified":"2024-06-27T09:14:32+00:00","description":"Wasserbad mit oder ohne Pumpe, die die Zirkulation der thermostatischen Fl\u00fcssigkeit in einem externen Kreislauf erm\u00f6glicht.","breadcrumb":{"@id":"https:\/\/sysmatec.ch\/de\/wasserbad\/#breadcrumb"},"inLanguage":"de","potentialAction":[{"@type":"ReadAction","target":["https:\/\/sysmatec.ch\/de\/wasserbad\/"]}]},{"@type":"BreadcrumbList","@id":"https:\/\/sysmatec.ch\/de\/wasserbad\/#breadcrumb","itemListElement":[{"@type":"ListItem","position":1,"name":"Accueil","item":"https:\/\/sysmatec.ch\/de\/"},{"@type":"ListItem","position":2,"name":"Wasserbad und Thermostat"}]},{"@type":"WebSite","@id":"https:\/\/sysmatec.ch\/de\/#website","url":"https:\/\/sysmatec.ch\/de\/","name":"Sysmatec","description":"Equipement de laboratoire et logiciels","publisher":{"@id":"https:\/\/sysmatec.ch\/de\/#organization"},"potentialAction":[{"@type":"SearchAction","target":{"@type":"EntryPoint","urlTemplate":"https:\/\/sysmatec.ch\/de\/?s={search_term_string}"},"query-input":{"@type":"PropertyValueSpecification","valueRequired":true,"valueName":"search_term_string"}}],"inLanguage":"de"},{"@type":"Organization","@id":"https:\/\/sysmatec.ch\/de\/#organization","name":"Sysmatec","url":"https:\/\/sysmatec.ch\/de\/","logo":{"@type":"ImageObject","inLanguage":"de","@id":"https:\/\/sysmatec.ch\/de\/#\/schema\/logo\/image\/","url":"https:\/\/sysmatec.ch\/wp-content\/uploads\/2018\/11\/LogoSysmatec.jpg","contentUrl":"https:\/\/sysmatec.ch\/wp-content\/uploads\/2018\/11\/LogoSysmatec.jpg","width":301,"height":297,"caption":"Sysmatec"},"image":{"@id":"https:\/\/sysmatec.ch\/de\/#\/schema\/logo\/image\/"}}]}},"_links":{"self":[{"href":"https:\/\/sysmatec.ch\/de\/wp-json\/wp\/v2\/pages\/1575","targetHints":{"allow":["GET"]}}],"collection":[{"href":"https:\/\/sysmatec.ch\/de\/wp-json\/wp\/v2\/pages"}],"about":[{"href":"https:\/\/sysmatec.ch\/de\/wp-json\/wp\/v2\/types\/page"}],"author":[{"embeddable":true,"href":"https:\/\/sysmatec.ch\/de\/wp-json\/wp\/v2\/users\/3"}],"replies":[{"embeddable":true,"href":"https:\/\/sysmatec.ch\/de\/wp-json\/wp\/v2\/comments?post=1575"}],"version-history":[{"count":5,"href":"https:\/\/sysmatec.ch\/de\/wp-json\/wp\/v2\/pages\/1575\/revisions"}],"predecessor-version":[{"id":29732,"href":"https:\/\/sysmatec.ch\/de\/wp-json\/wp\/v2\/pages\/1575\/revisions\/29732"}],"wp:attachment":[{"href":"https:\/\/sysmatec.ch\/de\/wp-json\/wp\/v2\/media?parent=1575"}],"curies":[{"name":"wp","href":"https:\/\/api.w.org\/{rel}","templated":true}]}}