{"id":1571,"date":"2019-01-26T18:13:42","date_gmt":"2019-01-26T17:13:42","guid":{"rendered":"https:\/\/sysmatec.ch\/?page_id=1571"},"modified":"2022-05-22T20:36:40","modified_gmt":"2022-05-22T18:36:40","slug":"automation-software","status":"publish","type":"page","link":"https:\/\/sysmatec.ch\/de\/automation-software\/","title":{"rendered":"Automation mit Lea"},"content":{"rendered":"\n<p class=\"wp-block-paragraph\">Flexible Software f\u00fcr Datenerfassung und Automatisierung <\/p>\n\n\n\n<p class=\"wp-block-paragraph\">SIAM ist ein umfassendes Datenerfassungs- und Automatisierungs-System mit grossem Anwendungsbereich (EXAO).<\/p>\n\n\n\n<p class=\"wp-block-paragraph\">Besonderes Merkmal von SIAM: \u00e4usserst flexibel bez\u00fcglich der zu steuernden Ger\u00e4tetypen. <\/p>\n\n\n\n<p class=\"wp-block-paragraph\">Dank seiner intuitiven Oberfl\u00e4che und Benutzerf\u00fchrung ist diese Software einfach zu bedienen (<a href=\"https:\/\/sysmatec.ch\/de\/erzeugung-einer-visualisierungsoberflaeche-mit-der-software-siam-fuer-die-fermenter-automatisierung\/\">Beispiel<\/a>).<\/p>\n\n\n\n<p class=\"wp-block-paragraph\">Programmierungskenntnisse sind nicht n\u00f6tig.<\/p>\n\n\n\n<p class=\"wp-block-paragraph\">SIAM ist einfach an die spezifischen Prozessbed\u00fcrfnisse und an neue Anwendungen anzupassen.<\/p>\n\n\n\n<p class=\"wp-block-paragraph\">SIAM bietet die M\u00f6glichkeit, auch komplexe Kontrollstrategien durchzuf\u00fchren.<\/p>\n\n\n\n<p class=\"wp-block-paragraph\">Zeitliche Erfassung der Messwerte und graphische Darstellung auf dem Bildschirm: Trendkurven f\u00fcr s\u00e4mtliche Parameter des Prozesses. Parameter-\u00c4nderungen werden sofort sichtbar.<\/p>\n\n\n\n<p class=\"wp-block-paragraph\">Archivierung der Messdaten in Tabellen &#8211; im Format Textdatei. Dieses Dateiformat ist kompatibel mit der meisten Software-Programmen (Tabellen-Kalkulationsprogramme, Textverarbeitung). \u00dcber den Import der Daten sind statistische Auswertungen und Berichte einfach und schnell zu erstellen. Die Daten k\u00f6nnen auch direkt durch DDE \u00fcbertragen werden.<\/p>\n\n\n\n<p class=\"wp-block-paragraph\">Mit SIAM k\u00f6nnen mehrere Prozesse gleichzeitig und unabh\u00e4ngig voneinander gesteuert und kontrolliert werden (z.B. mehrere Reaktoren oder Fermenter, mehrere Messger\u00e4te, Regler, etc.).<\/p>\n\n\n\n<p class=\"wp-block-paragraph\">Alle Sollwerte und Alarme k\u00f6nnen im Programm jederzeit online ge\u00e4ndert werden.<\/p>\n\n\n\n<p class=\"wp-block-paragraph\">Vergleich von Sollwerteinstellungen mit Istwert-Verl\u00e4ufen f\u00fcr schnelles Erkennen von Abweichungen eines Prozesses vom Idealverlauf.<\/p>\n\n\n\n<p class=\"wp-block-paragraph\">Darstellung von Anlagen in Fliessbildern.<\/p>\n\n\n\n<p class=\"wp-block-paragraph\">SIAM findet bereits breiten Einsatz in der Industrie:- Steuerung und Kontrolle von Fermentationsprozessen in der Biotechnologie- Steuerung und Kontrolle von Destillationsprozessen in der Feinchemie (Temperatur, L\u00f6sungsmittel- R\u00fcckf\u00fchrung, Pumpensteuerung)- Steuerung und Kontrolle von Klimakammern in der Forschung (Feuchte, Temperatur, Belichtung, CO2) &#8211; Windkanal im Engineering (Windgeschwindigkeits-Profil, Temperatur)- Nahrungsmittelindustrie: z.B. Einsatz in mehreren K\u00e4sereien (Fermentationssteuerung, Temperatur, R\u00fchrung, Messung der Koagulation, Presse, Druckerfassung)- Weitere Anwendungen in Produktion, Pilothalle, Labor, oder als Werkzeug in der Ausbildung<\/p>\n\n\n<div class=\"wp-block-image\">\n<figure class=\"aligncenter size-large\"><img loading=\"lazy\" decoding=\"async\" width=\"425\" height=\"238\" src=\"https:\/\/sysmatec.ch\/wp-content\/uploads\/2019\/07\/Siam21.jpg\" alt=\"\" class=\"wp-image-9295\" srcset=\"https:\/\/sysmatec.ch\/wp-content\/uploads\/2019\/07\/Siam21.jpg 425w, https:\/\/sysmatec.ch\/wp-content\/uploads\/2019\/07\/Siam21-416x233.jpg 416w, https:\/\/sysmatec.ch\/wp-content\/uploads\/2019\/07\/Siam21-300x168.jpg 300w\" sizes=\"auto, (max-width: 425px) 100vw, 425px\" \/><\/figure>\n<\/div>\n\n\n<h2 class=\"wp-block-heading\">Hardware<\/h2>\n\n\n\n<ul class=\"wp-block-list\"><li>Tecon 239 (<a href=\"https:\/\/sysmatec.ch\/de\/Produkt\/datenerfassung-und-automatisierung-interface-box-t239\/\">Konverter Box<\/a> mit analogen\/digitalen Eing\u00e4ngen und Ausg\u00e4ngen) <\/li><li><a href=\"https:\/\/sysmatec.ch\/de\/fermenter\/\">Fermenter<\/a> Minifor, Sartorius, MBR <\/li><li>Optionen: <a href=\"https:\/\/sysmatec.ch\/de\/Produkt\/chemap-fermenter\/\">Chemap fermenters<\/a> wie FZ2000, FZ3000, Biodata, CBC10, CBC20, Hardware von Delphin <\/li><li><a href=\"https:\/\/sysmatec.ch\/de\/peristaltische-pumpe\/\">Peristaltische Pumpen<\/a> (Preciflow, Multiflow, Hiflow, Maxiflow) <\/li><li>Flow controller <a href=\"https:\/\/sysmatec.ch\/de\/Produkt\/gas-durchfluss-regler-massflow\/\">Massflow<\/a> <\/li><li><a href=\"https:\/\/sysmatec.ch\/de\/Produkt\/pulverpumpe-doser\/\">Pulverpumpe<\/a> <\/li><li><a href=\"https:\/\/sysmatec.ch\/de\/Produkt\/temperatur-regler-tecon-ur-5-tk\/\">Regler UR5<\/a> <\/li><li><a href=\"https:\/\/sysmatec.ch\/de\/messung-von-gewicht-laborwaage\/\">Waage<\/a> (Mettler, Explorer, KERN&#8230;) <\/li><li><a href=\"https:\/\/sysmatec.ch\/de\/Produkt\/temperatur-regler-tecon-t231\/\">Regler<\/a> Tecon 231 <\/li><li><a href=\"https:\/\/sysmatec.ch\/de\/Produkt\/e-a-modul-nudam\/\">NuDam<\/a> Modul, <a href=\"https:\/\/sysmatec.ch\/de\/Produkt\/e-a-expert-module-serie-9000\/\">Expert <\/a>Modul<\/li><li><a href=\"https:\/\/sysmatec.ch\/de\/gas-analyse\/\">Gasanalyser<\/a> (Bluesens, Lambda, with on line OUR, CPR, RQ calculation <\/li><li>Fraktionssammler <a href=\"https:\/\/sysmatec.ch\/de\/fraktionssammler\/\">Omnicoll <\/a><\/li><li>andere Hardware bei Anfrage<\/li><\/ul>\n\n\n<div class=\"wp-block-image\">\n<figure class=\"aligncenter size-large\"><img loading=\"lazy\" decoding=\"async\" width=\"413\" height=\"248\" src=\"https:\/\/sysmatec.ch\/wp-content\/uploads\/2019\/07\/Siam11.jpg\" alt=\"\" class=\"wp-image-9298\" srcset=\"https:\/\/sysmatec.ch\/wp-content\/uploads\/2019\/07\/Siam11.jpg 413w, https:\/\/sysmatec.ch\/wp-content\/uploads\/2019\/07\/Siam11-300x180.jpg 300w\" sizes=\"auto, (max-width: 413px) 100vw, 413px\" \/><\/figure>\n<\/div>\n\n<div class=\"wp-block-image\">\n<figure class=\"aligncenter size-large\"><img loading=\"lazy\" decoding=\"async\" width=\"100\" height=\"401\" src=\"https:\/\/sysmatec.ch\/wp-content\/uploads\/2019\/07\/Siam31.jpg\" alt=\"\" class=\"wp-image-9301\" srcset=\"https:\/\/sysmatec.ch\/wp-content\/uploads\/2019\/07\/Siam31.jpg 100w, https:\/\/sysmatec.ch\/wp-content\/uploads\/2019\/07\/Siam31-75x300.jpg 75w\" sizes=\"auto, (max-width: 100px) 100vw, 100px\" \/><\/figure>\n<\/div>","protected":false},"excerpt":{"rendered":"<p>Flexible Software f\u00fcr Datenerfassung und Automatisierung SIAM ist ein umfassendes Datenerfassungs- und Automatisierungs-System mit grossem Anwendungsbereich (EXAO). Besonderes Merkmal von SIAM: \u00e4usserst flexibel bez\u00fcglich der zu steuernden Ger\u00e4tetypen. Dank seiner intuitiven Oberfl\u00e4che und Benutzerf\u00fchrung ist diese Software einfach zu bedienen (Beispiel). Programmierungskenntnisse sind nicht n\u00f6tig. SIAM ist einfach an die spezifischen Prozessbed\u00fcrfnisse und an neue [&hellip;]<\/p>\n","protected":false},"author":3,"featured_media":0,"parent":0,"menu_order":0,"comment_status":"closed","ping_status":"closed","template":"","meta":{"_crdt_document":"","footnotes":""},"class_list":["post-1571","page","type-page","status-publish","hentry"],"yoast_head":"<!-- This site is optimized with the Yoast SEO plugin v27.3 - https:\/\/yoast.com\/product\/yoast-seo-wordpress\/ -->\n<title>Automation mit Lea - Sysmatec<\/title>\n<meta name=\"description\" content=\"Flexible Software f\u00fcr Datenerfassung und Automatisierung. Die Software ist ein umfassendes Datenerfassungs- und Automatisierungs-System mit grossem Anwendungsbereich (EXAO)\" \/>\n<meta name=\"robots\" content=\"index, follow, max-snippet:-1, max-image-preview:large, max-video-preview:-1\" \/>\n<link rel=\"canonical\" href=\"https:\/\/sysmatec.ch\/de\/automation-software\/\" \/>\n<meta property=\"og:locale\" content=\"de_DE\" \/>\n<meta property=\"og:type\" content=\"article\" \/>\n<meta property=\"og:title\" content=\"Automation mit Lea - Sysmatec\" \/>\n<meta property=\"og:description\" content=\"Flexible Software f\u00fcr Datenerfassung und Automatisierung. Die Software ist ein umfassendes Datenerfassungs- und Automatisierungs-System mit grossem Anwendungsbereich (EXAO)\" \/>\n<meta property=\"og:url\" content=\"https:\/\/sysmatec.ch\/de\/automation-software\/\" \/>\n<meta property=\"og:site_name\" content=\"Sysmatec\" \/>\n<meta property=\"article:modified_time\" content=\"2022-05-22T18:36:40+00:00\" \/>\n<meta property=\"og:image\" content=\"https:\/\/sysmatec.ch\/wp-content\/uploads\/2019\/07\/Siam21.jpg\" \/>\n<meta name=\"twitter:card\" content=\"summary_large_image\" \/>\n<meta name=\"twitter:label1\" content=\"Gesch\u00e4tzte Lesezeit\" \/>\n\t<meta name=\"twitter:data1\" content=\"3\u00a0Minuten\" \/>\n<script type=\"application\/ld+json\" class=\"yoast-schema-graph\">{\"@context\":\"https:\\\/\\\/schema.org\",\"@graph\":[{\"@type\":\"WebPage\",\"@id\":\"https:\\\/\\\/sysmatec.ch\\\/de\\\/automation-software\\\/\",\"url\":\"https:\\\/\\\/sysmatec.ch\\\/de\\\/automation-software\\\/\",\"name\":\"Automation mit Lea - Sysmatec\",\"isPartOf\":{\"@id\":\"https:\\\/\\\/sysmatec.ch\\\/de\\\/#website\"},\"primaryImageOfPage\":{\"@id\":\"https:\\\/\\\/sysmatec.ch\\\/de\\\/automation-software\\\/#primaryimage\"},\"image\":{\"@id\":\"https:\\\/\\\/sysmatec.ch\\\/de\\\/automation-software\\\/#primaryimage\"},\"thumbnailUrl\":\"https:\\\/\\\/sysmatec.ch\\\/wp-content\\\/uploads\\\/2019\\\/07\\\/Siam21.jpg\",\"datePublished\":\"2019-01-26T17:13:42+00:00\",\"dateModified\":\"2022-05-22T18:36:40+00:00\",\"description\":\"Flexible Software f\u00fcr Datenerfassung und Automatisierung. Die Software ist ein umfassendes Datenerfassungs- und Automatisierungs-System mit grossem Anwendungsbereich (EXAO)\",\"breadcrumb\":{\"@id\":\"https:\\\/\\\/sysmatec.ch\\\/de\\\/automation-software\\\/#breadcrumb\"},\"inLanguage\":\"de\",\"potentialAction\":[{\"@type\":\"ReadAction\",\"target\":[\"https:\\\/\\\/sysmatec.ch\\\/de\\\/automation-software\\\/\"]}]},{\"@type\":\"ImageObject\",\"inLanguage\":\"de\",\"@id\":\"https:\\\/\\\/sysmatec.ch\\\/de\\\/automation-software\\\/#primaryimage\",\"url\":\"https:\\\/\\\/sysmatec.ch\\\/wp-content\\\/uploads\\\/2019\\\/07\\\/Siam21.jpg\",\"contentUrl\":\"https:\\\/\\\/sysmatec.ch\\\/wp-content\\\/uploads\\\/2019\\\/07\\\/Siam21.jpg\"},{\"@type\":\"BreadcrumbList\",\"@id\":\"https:\\\/\\\/sysmatec.ch\\\/de\\\/automation-software\\\/#breadcrumb\",\"itemListElement\":[{\"@type\":\"ListItem\",\"position\":1,\"name\":\"Accueil\",\"item\":\"https:\\\/\\\/sysmatec.ch\\\/de\\\/\"},{\"@type\":\"ListItem\",\"position\":2,\"name\":\"Automation mit Lea\"}]},{\"@type\":\"WebSite\",\"@id\":\"https:\\\/\\\/sysmatec.ch\\\/de\\\/#website\",\"url\":\"https:\\\/\\\/sysmatec.ch\\\/de\\\/\",\"name\":\"Sysmatec\",\"description\":\"Equipement de laboratoire et logiciels\",\"publisher\":{\"@id\":\"https:\\\/\\\/sysmatec.ch\\\/de\\\/#organization\"},\"potentialAction\":[{\"@type\":\"SearchAction\",\"target\":{\"@type\":\"EntryPoint\",\"urlTemplate\":\"https:\\\/\\\/sysmatec.ch\\\/de\\\/?s={search_term_string}\"},\"query-input\":{\"@type\":\"PropertyValueSpecification\",\"valueRequired\":true,\"valueName\":\"search_term_string\"}}],\"inLanguage\":\"de\"},{\"@type\":\"Organization\",\"@id\":\"https:\\\/\\\/sysmatec.ch\\\/de\\\/#organization\",\"name\":\"Sysmatec\",\"url\":\"https:\\\/\\\/sysmatec.ch\\\/de\\\/\",\"logo\":{\"@type\":\"ImageObject\",\"inLanguage\":\"de\",\"@id\":\"https:\\\/\\\/sysmatec.ch\\\/de\\\/#\\\/schema\\\/logo\\\/image\\\/\",\"url\":\"https:\\\/\\\/sysmatec.ch\\\/wp-content\\\/uploads\\\/2018\\\/11\\\/LogoSysmatec.jpg\",\"contentUrl\":\"https:\\\/\\\/sysmatec.ch\\\/wp-content\\\/uploads\\\/2018\\\/11\\\/LogoSysmatec.jpg\",\"width\":301,\"height\":297,\"caption\":\"Sysmatec\"},\"image\":{\"@id\":\"https:\\\/\\\/sysmatec.ch\\\/de\\\/#\\\/schema\\\/logo\\\/image\\\/\"}}]}<\/script>\n<!-- \/ Yoast SEO plugin. -->","yoast_head_json":{"title":"Automation mit Lea - Sysmatec","description":"Flexible Software f\u00fcr Datenerfassung und Automatisierung. Die Software ist ein umfassendes Datenerfassungs- und Automatisierungs-System mit grossem Anwendungsbereich (EXAO)","robots":{"index":"index","follow":"follow","max-snippet":"max-snippet:-1","max-image-preview":"max-image-preview:large","max-video-preview":"max-video-preview:-1"},"canonical":"https:\/\/sysmatec.ch\/de\/automation-software\/","og_locale":"de_DE","og_type":"article","og_title":"Automation mit Lea - Sysmatec","og_description":"Flexible Software f\u00fcr Datenerfassung und Automatisierung. Die Software ist ein umfassendes Datenerfassungs- und Automatisierungs-System mit grossem Anwendungsbereich (EXAO)","og_url":"https:\/\/sysmatec.ch\/de\/automation-software\/","og_site_name":"Sysmatec","article_modified_time":"2022-05-22T18:36:40+00:00","og_image":[{"url":"https:\/\/sysmatec.ch\/wp-content\/uploads\/2019\/07\/Siam21.jpg","type":"","width":"","height":""}],"twitter_card":"summary_large_image","twitter_misc":{"Gesch\u00e4tzte Lesezeit":"3\u00a0Minuten"},"schema":{"@context":"https:\/\/schema.org","@graph":[{"@type":"WebPage","@id":"https:\/\/sysmatec.ch\/de\/automation-software\/","url":"https:\/\/sysmatec.ch\/de\/automation-software\/","name":"Automation mit Lea - Sysmatec","isPartOf":{"@id":"https:\/\/sysmatec.ch\/de\/#website"},"primaryImageOfPage":{"@id":"https:\/\/sysmatec.ch\/de\/automation-software\/#primaryimage"},"image":{"@id":"https:\/\/sysmatec.ch\/de\/automation-software\/#primaryimage"},"thumbnailUrl":"https:\/\/sysmatec.ch\/wp-content\/uploads\/2019\/07\/Siam21.jpg","datePublished":"2019-01-26T17:13:42+00:00","dateModified":"2022-05-22T18:36:40+00:00","description":"Flexible Software f\u00fcr Datenerfassung und Automatisierung. Die Software ist ein umfassendes Datenerfassungs- und Automatisierungs-System mit grossem Anwendungsbereich (EXAO)","breadcrumb":{"@id":"https:\/\/sysmatec.ch\/de\/automation-software\/#breadcrumb"},"inLanguage":"de","potentialAction":[{"@type":"ReadAction","target":["https:\/\/sysmatec.ch\/de\/automation-software\/"]}]},{"@type":"ImageObject","inLanguage":"de","@id":"https:\/\/sysmatec.ch\/de\/automation-software\/#primaryimage","url":"https:\/\/sysmatec.ch\/wp-content\/uploads\/2019\/07\/Siam21.jpg","contentUrl":"https:\/\/sysmatec.ch\/wp-content\/uploads\/2019\/07\/Siam21.jpg"},{"@type":"BreadcrumbList","@id":"https:\/\/sysmatec.ch\/de\/automation-software\/#breadcrumb","itemListElement":[{"@type":"ListItem","position":1,"name":"Accueil","item":"https:\/\/sysmatec.ch\/de\/"},{"@type":"ListItem","position":2,"name":"Automation mit Lea"}]},{"@type":"WebSite","@id":"https:\/\/sysmatec.ch\/de\/#website","url":"https:\/\/sysmatec.ch\/de\/","name":"Sysmatec","description":"Equipement de laboratoire et logiciels","publisher":{"@id":"https:\/\/sysmatec.ch\/de\/#organization"},"potentialAction":[{"@type":"SearchAction","target":{"@type":"EntryPoint","urlTemplate":"https:\/\/sysmatec.ch\/de\/?s={search_term_string}"},"query-input":{"@type":"PropertyValueSpecification","valueRequired":true,"valueName":"search_term_string"}}],"inLanguage":"de"},{"@type":"Organization","@id":"https:\/\/sysmatec.ch\/de\/#organization","name":"Sysmatec","url":"https:\/\/sysmatec.ch\/de\/","logo":{"@type":"ImageObject","inLanguage":"de","@id":"https:\/\/sysmatec.ch\/de\/#\/schema\/logo\/image\/","url":"https:\/\/sysmatec.ch\/wp-content\/uploads\/2018\/11\/LogoSysmatec.jpg","contentUrl":"https:\/\/sysmatec.ch\/wp-content\/uploads\/2018\/11\/LogoSysmatec.jpg","width":301,"height":297,"caption":"Sysmatec"},"image":{"@id":"https:\/\/sysmatec.ch\/de\/#\/schema\/logo\/image\/"}}]}},"_links":{"self":[{"href":"https:\/\/sysmatec.ch\/de\/wp-json\/wp\/v2\/pages\/1571","targetHints":{"allow":["GET"]}}],"collection":[{"href":"https:\/\/sysmatec.ch\/de\/wp-json\/wp\/v2\/pages"}],"about":[{"href":"https:\/\/sysmatec.ch\/de\/wp-json\/wp\/v2\/types\/page"}],"author":[{"embeddable":true,"href":"https:\/\/sysmatec.ch\/de\/wp-json\/wp\/v2\/users\/3"}],"replies":[{"embeddable":true,"href":"https:\/\/sysmatec.ch\/de\/wp-json\/wp\/v2\/comments?post=1571"}],"version-history":[{"count":5,"href":"https:\/\/sysmatec.ch\/de\/wp-json\/wp\/v2\/pages\/1571\/revisions"}],"predecessor-version":[{"id":27713,"href":"https:\/\/sysmatec.ch\/de\/wp-json\/wp\/v2\/pages\/1571\/revisions\/27713"}],"wp:attachment":[{"href":"https:\/\/sysmatec.ch\/de\/wp-json\/wp\/v2\/media?parent=1571"}],"curies":[{"name":"wp","href":"https:\/\/api.w.org\/{rel}","templated":true}]}}